{"id":8022,"date":"2025-11-21T16:45:57","date_gmt":"2025-11-21T16:45:57","guid":{"rendered":"https:\/\/chemgramx.com\/?post_type=product&#038;p=8022"},"modified":"2025-12-09T10:31:40","modified_gmt":"2025-12-09T10:31:40","slug":"nep-n-etilhexedron-online-vasarlas","status":"publish","type":"product","link":"https:\/\/chemgramx.com\/hu\/product\/nep-n-ethylhexedron-online-kaufen\/","title":{"rendered":"NEP N-etilhexedron v\u00e1s\u00e1rl\u00e1s \u2013 Magas tisztas\u00e1g\u00fa"},"content":{"rendered":"<p>\u00dcdv\u00f6z\u00f6lj\u00fck a Chemgramxn\u00e9l, a megb\u00edzhat\u00f3 forr\u00e1s\u00e1n\u00e1l a kiv\u00e1l\u00f3 min\u0151s\u00e9g\u0171 kutat\u00e1si vegyszerekhez. Ha \u00d6n <b>N-etilhexedron<\/b> akkor j\u00f3 helyen j\u00e1r. Lehet\u0151s\u00e9get k\u00edn\u00e1lunk \u00d6nnek, hogy, <b>NEP (N-etilhexedron) elad\u00f3<\/b> amelyet kifejezetten ig\u00e9nyes laborat\u00f3riumi k\u00f6rnyezetre fejlesztettek ki.<\/p>\n<p>Ezen t\u00falmen\u0151en a k\u00f6vetkez\u0151 tulajdons\u00e1gokkal rendelkez\u0151 anyagok biztos\u00edt\u00e1s\u00e1ra \u00f6sszpontos\u00edtunk <b>magas tisztas\u00e1g\u00fa elad\u00f3<\/b>, hogy biztos\u00edtsuk k\u00eds\u00e9rleti eredm\u00e9nyeinek megb\u00edzhat\u00f3s\u00e1g\u00e1t. Ezenk\u00edv\u00fcl garant\u00e1ljuk, hogy minden term\u00e9k, amelyet t\u0151l\u00fcnk v\u00e1s\u00e1rol, <b>Kutat\u00e1si oszt\u00e1ly elad\u00f3<\/b> ami ide\u00e1lisv\u00e1 teszi tudom\u00e1nyos kutat\u00e1sokhoz. Fedezze fel k\u00edn\u00e1latunkat \u00e9s <b>rendeljen NEP-et online<\/b>, hogy el\u0151rehaladjon kutat\u00e1si projektjeivel. Itt megteheti a k\u00f6vetkez\u0151ket <b><a href=\"https:\/\/chemgramx.com\/product\/nep-n-ethylhexedron-online-kaufen\/\">NEP (N-etilhexedron) online v\u00e1s\u00e1rl\u00e1sa<\/a><\/b>.<\/p>\n<h2>Mi az a NEP (N-etil-hexedrone)?<\/h2>\n<p>Az N-etilhexedron, gyakran NEP r\u00f6vid\u00edt\u00e9ssel, a katinonok oszt\u00e1ly\u00e1ba tartoz\u00f3 szintetikus anyag. K\u00e9miailag szorosan kapcsol\u00f3dik a hexedronhoz, de egy etilcsoporttal k\u00fcl\u00f6nb\u00f6zik a nitrog\u00e9natomn\u00e1l. Ez a m\u00f3dos\u00edt\u00e1s az NEP-nek olyan specifikus tulajdons\u00e1gokat k\u00f6lcs\u00f6n\u00f6z, amelyek \u00e9rdekes kutat\u00e1si t\u00e1rgy\u00e1v\u00e1 teszik.<\/p>\n<p>Ennek k\u00f6vetkezt\u00e9ben vil\u00e1gszerte haszn\u00e1lj\u00e1k akad\u00e9miai \u00e9s mag\u00e1nlaborat\u00f3riumokban analitikai \u00e9s spektroszk\u00f3pos vizsg\u00e1latokhoz. K\u00fcl\u00f6n\u00f6sen nagy tudom\u00e1nyos \u00e9rdekl\u0151d\u00e9s \u00f6vezi annak vizsg\u00e1lat\u00e1t, hogy milyen k\u00f6lcs\u00f6nhat\u00e1sokba l\u00e9p k\u00fcl\u00f6nb\u00f6z\u0151 biol\u00f3giai rendszerekkel \u00e9s k\u00e9miai reagenszekkel. Ez\u00e9rt <b>hiteles NEP<\/b> a pontos kutat\u00e1sokhoz elengedhetetlen.<\/p>\n<h2>Az N-etilhexedron tulajdons\u00e1gai \u00e9s alkalmaz\u00e1sai<\/h2>\n<p>A NEP krist\u00e1lyos szerkezet\u00e9vel t\u0171nik ki, \u00e9s \u00e1ltal\u00e1ban feh\u00e9r vagy enyh\u00e9n kr\u00e9mes sz\u00edn\u0171 por form\u00e1j\u00e1ban kaphat\u00f3. Megfelel\u0151 t\u00e1rol\u00e1si k\u00f6r\u00fclm\u00e9nyek k\u00f6z\u00f6tt stabil, ez\u00e9rt megb\u00edzhat\u00f3 reagens hossz\u00fa t\u00e1v\u00fa vizsg\u00e1latokhoz. Laborat\u00f3riumi k\u00f6r\u00fclm\u00e9nyek k\u00f6z\u00f6tt az N-etilhexedron els\u0151sorban k\u00e9miai elemz\u00e9sekhez \u00e9s referencia-standardk\u00e9nt haszn\u00e1latos.<\/p>\n<p>Ezenk\u00edv\u00fcl a kutat\u00f3k azt is felhaszn\u00e1lj\u00e1k, hogy meg\u00e9rts\u00e9k a katinon-sz\u00e1rmaz\u00e9kok farmakol\u00f3giai profilj\u00e1t. Ezen tanulm\u00e1nyokb\u00f3l nyert ismeretek jelent\u0151sen hozz\u00e1j\u00e1rulnak a szintetikus stimul\u00e1nsokr\u00f3l sz\u00f3l\u00f3 tud\u00e1s b\u0151v\u00edt\u00e9s\u00e9hez. Ez\u00e9rt <b>Laborat\u00f3riumi min\u0151s\u00e9g\u0171 term\u00e9kek elad\u00f3<\/b> A NEP d\u00f6nt\u0151 jelent\u0151s\u00e9g\u0171 a reproduk\u00e1lhat\u00f3 eredm\u00e9nyek szempontj\u00e1b\u00f3l.<\/p>\n<h3>K\u00e9miai szerkezet \u00e9s tisztas\u00e1g<\/h3>\n<p>A NEP k\u00e9miai k\u00e9plete C13H19NO. A pontos molekulaszerkezet d\u00f6nt\u0151 fontoss\u00e1g\u00fa az anyag azonos\u00edt\u00e1s\u00e1hoz \u00e9s jellemz\u00e9s\u00e9hez. A Chemgramxn\u00e1l nagy hangs\u00falyt fektet\u00fcnk term\u00e9keink tisztas\u00e1g\u00e1ra. \u00cdgy \u00d6n a k\u00f6vetkez\u0151ket kapja <b>Legmagasabb min\u0151s\u00e9g\u0171 NEP<\/b>, amely szigor\u00fa min\u0151s\u00e9g-ellen\u0151rz\u00e9sen ment kereszt\u00fcl.<\/p>\n<p>A magas tisztas\u00e1gi fokozat, jellemz\u0151en 98% felett, elengedhetetlen a k\u00eds\u00e9rleti fel\u00e9p\u00edtm\u00e9nyekben a szennyez\u0151d\u00e9sek okozta interferenci\u00e1k elker\u00fcl\u00e9s\u00e9hez. Ezenk\u00edv\u00fcl ez garant\u00e1lja, hogy kutat\u00e1si eredm\u00e9nyei pontosak \u00e9s megb\u00edzhat\u00f3ak legyenek. V\u00e9g\u00fcl is a garant\u00e1lt tisztas\u00e1g a k\u00edn\u00e1latunk v\u00e9djegye.<\/p>\n<table border=\"1\">\n<thead>\n<tr>\n<th>Tulajdons\u00e1g<\/th>\n<th>\u00c9rt\u00e9k\/le\u00edr\u00e1s<\/th>\n<\/tr>\n<\/thead>\n<tbody>\n<tr>\n<td>K\u00e9miai k\u00e9plet<\/td>\n<td>C13H19NO<\/td>\n<\/tr>\n<tr>\n<td>mol\u00e1ris t\u00f6meg<\/td>\n<td>205,30 g\/mol<\/td>\n<\/tr>\n<tr>\n<td>\u00e1llapot<\/td>\n<td>Krist\u00e1lyos por<\/td>\n<\/tr>\n<tr>\n<td>Tisztas\u00e1g (HPLC)<\/td>\n<td>\u226598,5%<\/td>\n<\/tr>\n<tr>\n<td>Sz\u00ednes<\/td>\n<td>Feh\u00e9r vagy enyh\u00e9n kr\u00e9mes sz\u00edn\u0171<\/td>\n<\/tr>\n<tr>\n<td>Oldhat\u00f3s\u00e1g<\/td>\n<td>J\u00f3 oldhat\u00f3s\u00e1g szerves old\u00f3szerekben<\/td>\n<\/tr>\n<\/tbody>\n<\/table>\n<h3>Kutat\u00e1si potenci\u00e1l \u00e9s laborat\u00f3riumi alkalmaz\u00e1sok<\/h3>\n<p>A NEP kutat\u00e1si potenci\u00e1lja sokr\u00e9t\u0171, \u00e9s olyan ter\u00fcleteket \u00e9rint, mint a neurobiol\u00f3gia, a farmakol\u00f3gia \u00e9s a toxikol\u00f3gia. \u00c9rt\u00e9kes eszk\u00f6zk\u00e9nt szolg\u00e1l a k\u00f6zponti idegrendszerben a neurotranszmitterek mechanizmusainak vizsg\u00e1lat\u00e1hoz. K\u00f6vetkez\u00e9sk\u00e9ppen inform\u00e1ci\u00f3t adhat hasonl\u00f3 vegy\u00fcletek hat\u00e1s\u00e1r\u00f3l.<\/p>\n<p>Ezen t\u00falmen\u0151en a NEP-et gyakran haszn\u00e1lj\u00e1k a t\u00f6rv\u00e9nysz\u00e9ki k\u00e9mia ter\u00fclet\u00e9n a kimutat\u00e1si m\u00f3dszerek fejleszt\u00e9s\u00e9re \u00e9s valid\u00e1l\u00e1s\u00e1ra. Ez k\u00fcl\u00f6n\u00f6sen fontos, tekintettel a piacon folyamatosan megjelen\u0151 \u00faj szintetikus anyagokra. A <b>a legjobb NEP el\u00e9rhet\u0151<\/b> t\u00e1mogatjuk fontos elemz\u0151 munk\u00e1j\u00e1t.<\/p>\n<h2>Mi\u00e9rt \u00e9rdemes a NEP-et (N-etilhexedron) a Chemgramx-t\u00f3l v\u00e1s\u00e1rolni?<\/h2>\n<p>A Chemgramx a kutat\u00e1si vegyszerek vezet\u0151 sz\u00e1ll\u00edt\u00f3jak\u00e9nt v\u00e1lt ismertt\u00e9, mivel mindig a legmagasabb min\u0151s\u00e9get \u00e9s megb\u00edzhat\u00f3s\u00e1got garant\u00e1ljuk. Ha <b>N-etilhexedron online megrendel\u00e9se<\/b> akkor mi vagyunk az \u00d6n ide\u00e1lis partnere. Meg\u00e9rtj\u00fck a tudom\u00e1nyos k\u00f6z\u00f6ss\u00e9g ig\u00e9nyeit, \u00e9s mindent megtesz\u00fcnk azok teljes\u00edt\u00e9se \u00e9rdek\u00e9ben.<\/p>\n<p>Ezenk\u00edv\u00fcl a kutat\u00e1si vegyszerek beszerz\u00e9se bizalmi k\u00e9rd\u00e9s. Mi nem csak term\u00e9keket k\u00edn\u00e1lunk <b>legmagasabb tisztas\u00e1g\u00fa elad\u00f3<\/b>, hanem \u00e1tl\u00e1that\u00f3 \u00e9s biztons\u00e1gos beszerz\u00e9si folyamatot is. Ez\u00e9rt egyre t\u00f6bb kutat\u00f3 d\u00f6nt \u00fagy, hogy, <b><a href=\"https:\/\/chemgramx.com\/product\/nep-n-ethylhexedron-online-kaufen\/\">NEP v\u00e1s\u00e1rl\u00e1s a Chemgramx-n\u00e1l<\/a><\/b>.<\/p>\n<h3>Min\u0151s\u00e9gi \u00edg\u00e9ret\u00fcnk<\/h3>\n<p>A min\u0151s\u00e9g ir\u00e1nti elk\u00f6telezetts\u00e9g\u00fcnk a nyersanyagok gondos kiv\u00e1laszt\u00e1s\u00e1val kezd\u0151dik, \u00e9s az eg\u00e9sz gy\u00e1rt\u00e1si folyamatra kiterjed. Minden NEP-t\u00e9tel \u00e1tfog\u00f3 tesztel\u00e9sen esik \u00e1t, hogy meger\u0151s\u00edts\u00e9k annak tisztas\u00e1g\u00e1t, identit\u00e1s\u00e1t \u00e9s konzisztenci\u00e1j\u00e1t. Ez mag\u00e1ban foglalja a fejlett analitikai technik\u00e1kat, mint p\u00e9ld\u00e1ul a HPLC \u00e9s az NMR spektroszk\u00f3pia.<\/p>\n<p>Tov\u00e1bb\u00e1 b\u00fcszk\u00e9k vagyunk arra, hogy csak <b>Kiv\u00e1l\u00f3 min\u0151s\u00e9g\u0171 NEP<\/b> amelyek megfelelnek szigor\u00fa szabv\u00e1nyainknak. C\u00e9lunk, hogy olyan kutat\u00e1si vegyszereket sz\u00e1ll\u00edtsunk \u00d6nnek, amelyekre kritikus k\u00eds\u00e9rletei sor\u00e1n is t\u00e1maszkodhat. Emellett a k\u00f6vetkez\u0151ket is k\u00edn\u00e1ljuk <b><a href=\"https:\/\/chemgramx.com\/product\/bk-ebdp-online-bestellung\/\">egy\u00e9b kutat\u00e1si vegyszerek<\/a><\/b> hasonl\u00f3 min\u0151s\u00e9g\u0171 term\u00e9keket.<\/p>\n<h3>Biztons\u00e1gos feldolgoz\u00e1s \u00e9s adatintegrit\u00e1s<\/h3>\n<p>Az \u00d6n biztons\u00e1ga \u00e9s adatainak v\u00e9delme sz\u00e1munkra kiemelten fontos. Biztos\u00edtjuk a <b>biztos v\u00e1s\u00e1rl\u00e1s<\/b> a legmodernebb titkos\u00edt\u00e1si technol\u00f3gi\u00e1k alkalmaz\u00e1s\u00e1val minden tranzakci\u00f3 eset\u00e9ben. Ennek k\u00f6sz\u00f6nhet\u0151en \u00d6n bizalommal <b>most online v\u00e1s\u00e1rolni<\/b>.<\/p>\n<p>Ezenk\u00edv\u00fcl minden megrendel\u00e9st a legnagyobb diszkr\u00e9ci\u00f3val \u00e9s gondoss\u00e1ggal kezel\u00fcnk. Term\u00e9keinket a legnagyobb k\u00f6r\u00fcltekint\u00e9ssel kezelj\u00fck, hogy azok integrit\u00e1s\u00e1t biztos\u00edtsuk. Csapatunk arra t\u00f6rekszik, hogy ig\u00e9nyeit hat\u00e9konyan \u00e9s professzion\u00e1lisan kiel\u00e9g\u00edtse.<\/p>\n<h2>Alkalmaz\u00e1sbiztons\u00e1g \u00e9s kezel\u00e9s a laborat\u00f3riumban<\/h2>\n<p>A kutat\u00e1si vegyszerek biztons\u00e1gos kezel\u00e9se rendk\u00edv\u00fcl fontos a szem\u00e9lyzet \u00e9s a k\u00f6rnyezet kock\u00e1zatainak minimaliz\u00e1l\u00e1sa \u00e9rdek\u00e9ben. A NEP-et, mint minden potenci\u00e1lisan hat\u00e9kony anyagot, csak k\u00e9pzett szem\u00e9lyzet kezelheti ellen\u0151rz\u00f6tt laborat\u00f3riumi k\u00f6rnyezetben. Ehhez elengedhetetlen a szem\u00e9lyi v\u00e9d\u0151felszerel\u00e9s (PSA) haszn\u00e1lata.<\/p>\n<p>Ez\u00e9rt javasoljuk a laborat\u00f3riumi ir\u00e1nyelvek \u00e9s biztons\u00e1gi adatlapok (SDB) szigor\u00fa betart\u00e1s\u00e1t. Megfelel\u0151 szell\u0151z\u00e9s, valamint keszty\u0171, v\u00e9d\u0151szem\u00fcveg \u00e9s laborat\u00f3riumi k\u00f6peny visel\u00e9se k\u00f6telez\u0151. Ez jelent\u0151sen hozz\u00e1j\u00e1rul a munkahelyi biztons\u00e1ghoz.<\/p>\n<h3>NEP kezel\u00e9se: aj\u00e1nl\u00e1sok<\/h3>\n<ul>\n<li>A NEP-et kiz\u00e1r\u00f3lag kutat\u00e1si c\u00e9lokra haszn\u00e1lja.<\/li>\n<li>Dolgozzon elsz\u00edv\u00f3 alatt, hogy minim\u00e1lisra cs\u00f6kkents\u00e9k a g\u0151z\u00f6knek vagy poroknak val\u00f3 kitetts\u00e9get.<\/li>\n<li>Ker\u00fclje a k\u00f6zvetlen b\u0151r- \u00e9s szemkontaktust. \u00c9rintkez\u00e9s eset\u00e9n azonnal b\u0151 v\u00edzzel \u00f6bl\u00edtse le.<\/li>\n<li>Tartson k\u00e9zn\u00e9l v\u00e9szhelyzeti felszerel\u00e9st, p\u00e9ld\u00e1ul szem\u00f6bl\u00edt\u0151ket \u00e9s t\u0171zolt\u00f3 k\u00e9sz\u00fcl\u00e9keket.<\/li>\n<li>A marad\u00e9kokat a helyi vegyi hullad\u00e9kokra vonatkoz\u00f3 el\u0151\u00edr\u00e1soknak megfelel\u0151en \u00e1rtalmatlan\u00edtsa.<\/li>\n<\/ul>\n<p>Tov\u00e1bb\u00e1 tan\u00e1csos minden k\u00eds\u00e9rlet el\u0151tt kock\u00e1zat\u00e9rt\u00e9kel\u00e9st v\u00e9gezni. \u00cdgy a potenci\u00e1lis vesz\u00e9lyek id\u0151ben felismerhet\u0151k \u00e9s megfelel\u0151 v\u00e9delmi int\u00e9zked\u00e9sek hozhat\u00f3k. A felel\u0151ss\u00e9gteljes b\u00e1n\u00e1sm\u00f3d minden sikeres kutat\u00e1s alapja.<\/p>\n<h3>T\u00e1rol\u00e1s \u00e9s stabilit\u00e1s<\/h3>\n<p>A NEP integrit\u00e1s\u00e1nak \u00e9s tisztas\u00e1g\u00e1nak meg\u0151rz\u00e9se \u00e9rdek\u00e9ben a helyes t\u00e1rol\u00e1s d\u00f6nt\u0151 fontoss\u00e1g\u00fa. Szorosan lez\u00e1rt tart\u00e1lyban, h\u0171v\u00f6s, sz\u00e1raz helyen, k\u00f6zvetlen napf\u00e9nyt\u0151l v\u00e9dve kell t\u00e1rolni. Ez megakad\u00e1lyozza az anyag id\u0151vel t\u00f6rt\u00e9n\u0151 leboml\u00e1s\u00e1t.<\/p>\n<p>Ezenk\u00edv\u00fcl felt\u00e9tlen\u00fcl sz\u00fcks\u00e9ges, hogy a term\u00e9ket jogosulatlan szem\u00e9lyek \u00e9s gyermekek sz\u00e1m\u00e1ra el\u00e9rhetetlen helyen t\u00e1rolj\u00e1k. Ezen t\u00e1rol\u00e1si felt\u00e9telek betart\u00e1sa biztos\u00edtja a term\u00e9k hossz\u00fa t\u00e1v\u00fa stabilit\u00e1s\u00e1t. K\u00fcl\u00f6n\u00f6sen fontos a nedvess\u00e9g elker\u00fcl\u00e9se.<\/p>\n<h2>Jogi szempontok \u00e9s felel\u0151ss\u00e9g<\/h2>\n<p>Az N-etilhexedron megv\u00e1s\u00e1rl\u00e1sa \u00e9s haszn\u00e1lata nemzeti \u00e9s nemzetk\u00f6zi t\u00f6rv\u00e9nyek \u00e9s el\u0151\u00edr\u00e1sok hat\u00e1lya al\u00e1 tartozik. A v\u00e1s\u00e1rl\u00f3 felel\u0151ss\u00e9ge, hogy t\u00e1j\u00e9koz\u00f3djon a joghat\u00f3s\u00e1g\u00e1ban \u00e9rv\u00e9nyes el\u0151\u00edr\u00e1sokr\u00f3l \u00e9s azokat betartsa. A Chemgramx kiz\u00e1r\u00f3lag kutat\u00e1si \u00e9s elemz\u00e9si c\u00e9lokra k\u00edn\u00e1lja a NEP-et.<\/p>\n<p>Ez\u00e9rt m\u00e1s c\u00e9lokra t\u00f6rt\u00e9n\u0151 felhaszn\u00e1l\u00e1s szigor\u00faan tilos, \u00e9s azt a v\u00e1s\u00e1rl\u00f3 saj\u00e1t felel\u0151ss\u00e9g\u00e9re teszi. Kifejezetten hangs\u00falyozzuk, hogy term\u00e9keink nem emberi fogyaszt\u00e1sra vagy ter\u00e1pi\u00e1s c\u00e9lokra k\u00e9sz\u00fcltek. A felel\u0151ss\u00e9gteljes haszn\u00e1latuk k\u00f6z\u00f6s \u00e9rdek\u00fcnk.<\/p>\n<h3>Szab\u00e1lyoz\u00e1s \u00e9s megfelel\u00e9s<\/h3>\n<p>Elk\u00f6telezettek vagyunk a kutat\u00e1si vegyszerek \u00e9rt\u00e9kes\u00edt\u00e9s\u00e9re vonatkoz\u00f3 \u00f6sszes vonatkoz\u00f3 t\u00f6rv\u00e9ny \u00e9s szab\u00e1lyoz\u00e1s betart\u00e1sa ir\u00e1nt. Folyamataink \u00fagy vannak kialak\u00edtva, hogy biztos\u00edts\u00e1k a szab\u00e1lyoknak val\u00f3 megfelel\u00e9st. V\u00e9g\u00fcl is t\u00e1mogatjuk a felel\u0151ss\u00e9gteljes kutat\u00f3i k\u00f6z\u00f6ss\u00e9get.<\/p>\n<p>Tov\u00e1bb\u00e1 elv\u00e1rjuk \u00fcgyfeleinkt\u0151l, hogy \u0151k is betarts\u00e1k az \u00f6sszes helyi \u00e9s nemzetk\u00f6zi t\u00f6rv\u00e9nyt. Fontos sz\u00e1munkra a jogi k\u00f6vetelm\u00e9nyekr\u0151l val\u00f3 ny\u00edlt p\u00e1rbesz\u00e9d. Ez\u00e9rt mindig arra t\u00f6reksz\u00fcnk, hogy minden sz\u00fcks\u00e9ges inform\u00e1ci\u00f3t rendelkez\u00e9sre bocs\u00e1ssunk.<\/p>\n<h2>K\u00f6vetkeztet\u00e9s: N-etilhexedron beszerz\u00e9se kutat\u00e1si c\u00e9lokra<\/h2>\n<p>\u00d6sszefoglalva elmondhat\u00f3, hogy a NEP (N-etilhexedron) sz\u00e1mos tudom\u00e1nyos diszcipl\u00edn\u00e1ban \u00e9rt\u00e9kes kutat\u00e1si vegyi anyag. A legmagasabb tisztas\u00e1g\u00fa \u00e9s min\u0151s\u00e9g\u0171 anyagok beszerz\u00e9se elengedhetetlen a projektek siker\u00e9hez. A Chemgramx megb\u00edzhat\u00f3 k\u00edn\u00e1lat\u00e1val ezeket az ig\u00e9nyeket kiel\u00e9g\u00edtheti.<\/p>\n<p>Megh\u00edvjuk \u00d6nt, hogy fedezze fel a <b>a legjobb NEP el\u00e9rhet\u0151<\/b> analitikai \u00e9s k\u00eds\u00e9rleti munk\u00e1ihoz. Szerezze be a sz\u00fcks\u00e9ges reagenseket, \u00e9s folytassa kutat\u00e1sait. <b>Most online v\u00e1s\u00e1roljon<\/b> \u00e9s profit\u00e1ljon szak\u00e9rtelm\u00fcnkb\u0151l!<\/p>","protected":false},"excerpt":{"rendered":"<p><b>NEP (N-etilhexedron)<\/b> egy kiv\u00e1l\u00f3 min\u0151s\u00e9g\u0171 kutat\u00e1si vegyi anyag a katinon oszt\u00e1lyb\u00f3l, ide\u00e1lis ig\u00e9nyes laborat\u00f3riumi alkalmaz\u00e1sokhoz. Kiv\u00e1l\u00f3 tisztas\u00e1ga \u00e9s stabilit\u00e1sa garant\u00e1lja a pontos \u00e9s megb\u00edzhat\u00f3 kutat\u00e1si eredm\u00e9nyeket. V\u00e1s\u00e1roljon <b>NEP megv\u00e1s\u00e1rl\u00e1sa<\/b> tanulm\u00e1nyaihoz <b>a Chemgramx-n\u00e1l<\/b> \u00e9s profit\u00e1ljon min\u0151s\u00e9gi \u00edg\u00e9ret\u00fcnkb\u0151l. Term\u00e9k\u00fcnk kiz\u00e1r\u00f3lag kutat\u00e1si c\u00e9lokra sz\u00e1nt.<\/p>","protected":false},"featured_media":8077,"comment_status":"open","ping_status":"closed","template":"","meta":{"_joinchat":[]},"product_brand":[],"product_cat":[48],"product_tag":[2775,2772,2777,1905,2776,2779,1908,2773,2774,2778],"class_list":{"0":"post-8022","1":"product","2":"type-product","3":"status-publish","4":"has-post-thumbnail","6":"product_cat-stimulants","7":"product_tag-n-ethylhexedron-chemikalien","8":"product_tag-n-ethylhexedron-kaufen","9":"product_tag-nep-drogen","10":"product_tag-nep-kaufen","11":"product_tag-nep-kaufen-deutschland","12":"product_tag-nep-kaufen-shop","13":"product_tag-nep-kristalle","14":"product_tag-nep-online-kaufen","15":"product_tag-nep-preis","16":"product_tag-nep-prodej","18":"first","19":"instock","20":"shipping-taxable","21":"purchasable","22":"product-type-variable"},"yoast_head":"<!-- This site is optimized with the Yoast SEO plugin v27.5 - https:\/\/yoast.com\/product\/yoast-seo-wordpress\/ -->\n<title>NEP N-Ethylhexedron kaufen \u2013 Hohe Reinheit<\/title>\n<meta name=\"description\" content=\"Entdecken Sie hochwertiges NEP (N-Ethylhexedron) f\u00fcr Ihre Forschung. Kaufen Sie NEP mit hoher Reinheit online f\u00fcr Laborzwecke bei Chemgramx. Sicher &amp; seri\u00f6s.\" \/>\n<meta name=\"robots\" content=\"index, follow, max-snippet:-1, max-image-preview:large, max-video-preview:-1\" \/>\n<link rel=\"canonical\" href=\"https:\/\/chemgramx.com\/hu\/termek-1\/nep-n-etilhexedron-online-vasarlas\/\" \/>\n<meta property=\"og:locale\" content=\"hu_HU\" \/>\n<meta property=\"og:type\" content=\"article\" \/>\n<meta property=\"og:title\" content=\"NEP N-Ethylhexedron kaufen \u2013 Hohe Reinheit\" \/>\n<meta property=\"og:description\" content=\"Entdecken Sie hochwertiges NEP (N-Ethylhexedron) f\u00fcr Ihre Forschung. Kaufen Sie NEP mit hoher Reinheit online f\u00fcr Laborzwecke bei Chemgramx. Sicher &amp; seri\u00f6s.\" \/>\n<meta property=\"og:url\" content=\"https:\/\/chemgramx.com\/hu\/termek-1\/nep-n-etilhexedron-online-vasarlas\/\" \/>\n<meta property=\"og:site_name\" content=\"Chemgramx\" \/>\n<meta property=\"article:modified_time\" content=\"2025-12-09T10:31:40+00:00\" \/>\n<meta property=\"og:image\" content=\"https:\/\/chemgramx.com\/wp-content\/uploads\/2025\/11\/NEP-N-Ethylhexedron.jpg\" \/>\n\t<meta property=\"og:image:width\" content=\"474\" \/>\n\t<meta property=\"og:image:height\" content=\"355\" \/>\n\t<meta property=\"og:image:type\" content=\"image\/jpeg\" \/>\n<meta name=\"twitter:card\" content=\"summary_large_image\" \/>\n<meta name=\"twitter:label1\" content=\"Becs\u00fclt olvas\u00e1si id\u0151\" \/>\n\t<meta name=\"twitter:data1\" content=\"2 perc\" \/>\n<script type=\"application\/ld+json\" class=\"yoast-schema-graph\">{\"@context\":\"https:\\\/\\\/schema.org\",\"@graph\":[{\"@type\":\"WebPage\",\"@id\":\"https:\\\/\\\/chemgramx.com\\\/product\\\/nep-n-ethylhexedron-online-kaufen\\\/\",\"url\":\"https:\\\/\\\/chemgramx.com\\\/product\\\/nep-n-ethylhexedron-online-kaufen\\\/\",\"name\":\"NEP N-Ethylhexedron kaufen \u2013 Hohe Reinheit\",\"isPartOf\":{\"@id\":\"https:\\\/\\\/chemgramx.com\\\/#website\"},\"primaryImageOfPage\":{\"@id\":\"https:\\\/\\\/chemgramx.com\\\/product\\\/nep-n-ethylhexedron-online-kaufen\\\/#primaryimage\"},\"image\":{\"@id\":\"https:\\\/\\\/chemgramx.com\\\/product\\\/nep-n-ethylhexedron-online-kaufen\\\/#primaryimage\"},\"thumbnailUrl\":\"https:\\\/\\\/chemgramx.com\\\/wp-content\\\/uploads\\\/2025\\\/11\\\/NEP-N-Ethylhexedron.jpg\",\"datePublished\":\"2025-11-21T16:45:57+00:00\",\"dateModified\":\"2025-12-09T10:31:40+00:00\",\"description\":\"Entdecken Sie hochwertiges NEP (N-Ethylhexedron) f\u00fcr Ihre Forschung. Kaufen Sie NEP mit hoher Reinheit online f\u00fcr Laborzwecke bei Chemgramx. Sicher & seri\u00f6s.\",\"breadcrumb\":{\"@id\":\"https:\\\/\\\/chemgramx.com\\\/product\\\/nep-n-ethylhexedron-online-kaufen\\\/#breadcrumb\"},\"inLanguage\":\"hu\",\"potentialAction\":[{\"@type\":\"ReadAction\",\"target\":[\"https:\\\/\\\/chemgramx.com\\\/product\\\/nep-n-ethylhexedron-online-kaufen\\\/\"]}]},{\"@type\":\"ImageObject\",\"inLanguage\":\"hu\",\"@id\":\"https:\\\/\\\/chemgramx.com\\\/product\\\/nep-n-ethylhexedron-online-kaufen\\\/#primaryimage\",\"url\":\"https:\\\/\\\/chemgramx.com\\\/wp-content\\\/uploads\\\/2025\\\/11\\\/NEP-N-Ethylhexedron.jpg\",\"contentUrl\":\"https:\\\/\\\/chemgramx.com\\\/wp-content\\\/uploads\\\/2025\\\/11\\\/NEP-N-Ethylhexedron.jpg\",\"width\":474,\"height\":355},{\"@type\":\"BreadcrumbList\",\"@id\":\"https:\\\/\\\/chemgramx.com\\\/product\\\/nep-n-ethylhexedron-online-kaufen\\\/#breadcrumb\",\"itemListElement\":[{\"@type\":\"ListItem\",\"position\":1,\"name\":\"Home\",\"item\":\"https:\\\/\\\/chemgramx.com\\\/\"},{\"@type\":\"ListItem\",\"position\":2,\"name\":\"Shop\",\"item\":\"https:\\\/\\\/chemgramx.com\\\/shop\\\/\"},{\"@type\":\"ListItem\",\"position\":3,\"name\":\"NEP N-Ethylhexedron kaufen \u2013 Hohe Reinheit\"}]},{\"@type\":\"WebSite\",\"@id\":\"https:\\\/\\\/chemgramx.com\\\/#website\",\"url\":\"https:\\\/\\\/chemgramx.com\\\/\",\"name\":\"Chemgramx\",\"description\":\"\",\"publisher\":{\"@id\":\"https:\\\/\\\/chemgramx.com\\\/#organization\"},\"potentialAction\":[{\"@type\":\"SearchAction\",\"target\":{\"@type\":\"EntryPoint\",\"urlTemplate\":\"https:\\\/\\\/chemgramx.com\\\/?s={search_term_string}\"},\"query-input\":{\"@type\":\"PropertyValueSpecification\",\"valueRequired\":true,\"valueName\":\"search_term_string\"}}],\"inLanguage\":\"hu\"},{\"@type\":\"Organization\",\"@id\":\"https:\\\/\\\/chemgramx.com\\\/#organization\",\"name\":\"Chemgramx\",\"url\":\"https:\\\/\\\/chemgramx.com\\\/\",\"logo\":{\"@type\":\"ImageObject\",\"inLanguage\":\"hu\",\"@id\":\"https:\\\/\\\/chemgramx.com\\\/#\\\/schema\\\/logo\\\/image\\\/\",\"url\":\"https:\\\/\\\/chemgramx.com\\\/wp-content\\\/uploads\\\/2024\\\/10\\\/final-logo.png\",\"contentUrl\":\"https:\\\/\\\/chemgramx.com\\\/wp-content\\\/uploads\\\/2024\\\/10\\\/final-logo.png\",\"width\":250,\"height\":48,\"caption\":\"Chemgramx\"},\"image\":{\"@id\":\"https:\\\/\\\/chemgramx.com\\\/#\\\/schema\\\/logo\\\/image\\\/\"}}]}<\/script>\n<!-- \/ Yoast SEO plugin. -->","yoast_head_json":{"title":"NEP N-etilhexedron v\u00e1s\u00e1rl\u00e1s \u2013 Magas tisztas\u00e1g\u00fa","description":"Fedezze fel a kiv\u00e1l\u00f3 min\u0151s\u00e9g\u0171 NEP-et (N-etilhexedron) kutat\u00e1saihoz. V\u00e1s\u00e1roljon online nagy tisztas\u00e1g\u00fa NEP-et laborat\u00f3riumi c\u00e9lokra a Chemgramx-n\u00e1l. Biztons\u00e1gos \u00e9s megb\u00edzhat\u00f3.","robots":{"index":"index","follow":"follow","max-snippet":"max-snippet:-1","max-image-preview":"max-image-preview:large","max-video-preview":"max-video-preview:-1"},"canonical":"https:\/\/chemgramx.com\/hu\/termek-1\/nep-n-etilhexedron-online-vasarlas\/","og_locale":"hu_HU","og_type":"article","og_title":"NEP N-Ethylhexedron kaufen \u2013 Hohe Reinheit","og_description":"Entdecken Sie hochwertiges NEP (N-Ethylhexedron) f\u00fcr Ihre Forschung. Kaufen Sie NEP mit hoher Reinheit online f\u00fcr Laborzwecke bei Chemgramx. Sicher & seri\u00f6s.","og_url":"https:\/\/chemgramx.com\/hu\/termek-1\/nep-n-etilhexedron-online-vasarlas\/","og_site_name":"Chemgramx","article_modified_time":"2025-12-09T10:31:40+00:00","og_image":[{"width":474,"height":355,"url":"https:\/\/chemgramx.com\/wp-content\/uploads\/2025\/11\/NEP-N-Ethylhexedron.jpg","type":"image\/jpeg"}],"twitter_card":"summary_large_image","twitter_misc":{"Becs\u00fclt olvas\u00e1si id\u0151":"2 perc"},"schema":{"@context":"https:\/\/schema.org","@graph":[{"@type":"WebPage","@id":"https:\/\/chemgramx.com\/product\/nep-n-ethylhexedron-online-kaufen\/","url":"https:\/\/chemgramx.com\/product\/nep-n-ethylhexedron-online-kaufen\/","name":"NEP N-etilhexedron v\u00e1s\u00e1rl\u00e1s \u2013 Magas tisztas\u00e1g\u00fa","isPartOf":{"@id":"https:\/\/chemgramx.com\/#website"},"primaryImageOfPage":{"@id":"https:\/\/chemgramx.com\/product\/nep-n-ethylhexedron-online-kaufen\/#primaryimage"},"image":{"@id":"https:\/\/chemgramx.com\/product\/nep-n-ethylhexedron-online-kaufen\/#primaryimage"},"thumbnailUrl":"https:\/\/chemgramx.com\/wp-content\/uploads\/2025\/11\/NEP-N-Ethylhexedron.jpg","datePublished":"2025-11-21T16:45:57+00:00","dateModified":"2025-12-09T10:31:40+00:00","description":"Fedezze fel a kiv\u00e1l\u00f3 min\u0151s\u00e9g\u0171 NEP-et (N-etilhexedron) kutat\u00e1saihoz. V\u00e1s\u00e1roljon online nagy tisztas\u00e1g\u00fa NEP-et laborat\u00f3riumi c\u00e9lokra a Chemgramx-n\u00e1l. Biztons\u00e1gos \u00e9s megb\u00edzhat\u00f3.","breadcrumb":{"@id":"https:\/\/chemgramx.com\/product\/nep-n-ethylhexedron-online-kaufen\/#breadcrumb"},"inLanguage":"hu","potentialAction":[{"@type":"ReadAction","target":["https:\/\/chemgramx.com\/product\/nep-n-ethylhexedron-online-kaufen\/"]}]},{"@type":"ImageObject","inLanguage":"hu","@id":"https:\/\/chemgramx.com\/product\/nep-n-ethylhexedron-online-kaufen\/#primaryimage","url":"https:\/\/chemgramx.com\/wp-content\/uploads\/2025\/11\/NEP-N-Ethylhexedron.jpg","contentUrl":"https:\/\/chemgramx.com\/wp-content\/uploads\/2025\/11\/NEP-N-Ethylhexedron.jpg","width":474,"height":355},{"@type":"BreadcrumbList","@id":"https:\/\/chemgramx.com\/product\/nep-n-ethylhexedron-online-kaufen\/#breadcrumb","itemListElement":[{"@type":"ListItem","position":1,"name":"Home","item":"https:\/\/chemgramx.com\/"},{"@type":"ListItem","position":2,"name":"Shop","item":"https:\/\/chemgramx.com\/shop\/"},{"@type":"ListItem","position":3,"name":"NEP N-Ethylhexedron kaufen \u2013 Hohe Reinheit"}]},{"@type":"WebSite","@id":"https:\/\/chemgramx.com\/#website","url":"https:\/\/chemgramx.com\/","name":"Chemgramx","description":"","publisher":{"@id":"https:\/\/chemgramx.com\/#organization"},"potentialAction":[{"@type":"SearchAction","target":{"@type":"EntryPoint","urlTemplate":"https:\/\/chemgramx.com\/?s={search_term_string}"},"query-input":{"@type":"PropertyValueSpecification","valueRequired":true,"valueName":"search_term_string"}}],"inLanguage":"hu"},{"@type":"Organization","@id":"https:\/\/chemgramx.com\/#organization","name":"Chemgramx","url":"https:\/\/chemgramx.com\/","logo":{"@type":"ImageObject","inLanguage":"hu","@id":"https:\/\/chemgramx.com\/#\/schema\/logo\/image\/","url":"https:\/\/chemgramx.com\/wp-content\/uploads\/2024\/10\/final-logo.png","contentUrl":"https:\/\/chemgramx.com\/wp-content\/uploads\/2024\/10\/final-logo.png","width":250,"height":48,"caption":"Chemgramx"},"image":{"@id":"https:\/\/chemgramx.com\/#\/schema\/logo\/image\/"}}]}},"_links":{"self":[{"href":"https:\/\/chemgramx.com\/hu\/wp-json\/wp\/v2\/product\/8022","targetHints":{"allow":["GET"]}}],"collection":[{"href":"https:\/\/chemgramx.com\/hu\/wp-json\/wp\/v2\/product"}],"about":[{"href":"https:\/\/chemgramx.com\/hu\/wp-json\/wp\/v2\/types\/product"}],"replies":[{"embeddable":true,"href":"https:\/\/chemgramx.com\/hu\/wp-json\/wp\/v2\/comments?post=8022"}],"wp:featuredmedia":[{"embeddable":true,"href":"https:\/\/chemgramx.com\/hu\/wp-json\/wp\/v2\/media\/8077"}],"wp:attachment":[{"href":"https:\/\/chemgramx.com\/hu\/wp-json\/wp\/v2\/media?parent=8022"}],"wp:term":[{"taxonomy":"product_brand","embeddable":true,"href":"https:\/\/chemgramx.com\/hu\/wp-json\/wp\/v2\/product_brand?post=8022"},{"taxonomy":"product_cat","embeddable":true,"href":"https:\/\/chemgramx.com\/hu\/wp-json\/wp\/v2\/product_cat?post=8022"},{"taxonomy":"product_tag","embeddable":true,"href":"https:\/\/chemgramx.com\/hu\/wp-json\/wp\/v2\/product_tag?post=8022"}],"curies":[{"name":"wp","href":"https:\/\/api.w.org\/{rel}","templated":true}]}}