{"id":8023,"date":"2025-11-21T16:45:57","date_gmt":"2025-11-21T16:45:57","guid":{"rendered":"https:\/\/chemgramx.com\/?post_type=product&#038;p=8023"},"modified":"2025-12-09T10:34:21","modified_gmt":"2025-12-09T10:34:21","slug":"5-mapd-5-metilaminopropilbenzofuran-online-vasarlas","status":"publish","type":"product","link":"https:\/\/chemgramx.com\/hu\/product\/5-mapd-5-methylaminopropylbenzofuran-online-kaufen\/","title":{"rendered":"5-MAPD v\u00e1s\u00e1rl\u00e1s \u2013 Nagy tisztas\u00e1g\u00fa (elad\u00f3)"},"content":{"rendered":"<p>5-MAPD (5-metilaminopropilbenzofur\u00e1n) term\u00e9ket keres tudom\u00e1nyos munk\u00e1j\u00e1hoz? Itt megtal\u00e1lja <b>5-MAPD elad\u00f3<\/b>, amely fontos vegy\u00fclet kutat\u00e1si c\u00e9lokra. Els\u0151dleges fontoss\u00e1got tulajdon\u00edtunk a legmagasabb term\u00e9kmin\u0151s\u00e9gnek, \u00e9s kiv\u00e9teles tisztas\u00e1got garant\u00e1lunk, amely megfelel a szigor\u00fa laborat\u00f3riumi k\u00f6vetelm\u00e9nyeknek. 5-MAPD term\u00e9k\u00fcnk kiv\u00e1l\u00f3 anyag, \u00e9s <b>Kutat\u00e1si min\u0151s\u00e9g elad\u00f3<\/b> rendelkez\u00e9sre \u00e1ll.<\/p>\n<h2>Mi az 5-MAPB (5-metilaminopropil-benzofur\u00e1n)?<\/h2>\n<p>Az 5-MAPD, m\u00e1s n\u00e9ven 5-metil-aminopropil-benzofur\u00e1n, a benzofur\u00e1nok oszt\u00e1ly\u00e1ba tartozik. Ez a szintetikus vegy\u00fclet szerkezeti hasonl\u00f3s\u00e1gai miatt pszichoakt\u00edv anyagok kutat\u00e1s\u00e1ban kelt \u00e9rdekl\u0151d\u00e9st. Farmakol\u00f3giai tulajdons\u00e1gai \u00e9s lehets\u00e9ges alkalmaz\u00e1si ter\u00fcletei nagy jelent\u0151s\u00e9ggel b\u00edrnak.<\/p>\n<p>Ezen t\u00falmen\u0151en az 5-MAPD egyed\u00fcl\u00e1ll\u00f3 molekulaszerkezete sokf\u00e9le k\u00eds\u00e9rlet elv\u00e9gz\u00e9s\u00e9t teszi lehet\u0151v\u00e9 a neurok\u00e9mia \u00e9s a farmakol\u00f3gia ter\u00fclet\u00e9n. Ez\u00e9rt nagyon n\u00e9pszer\u0171 a k\u00f6zponti idegrendszer komplex mechanizmusait kutat\u00f3 tud\u00f3sok k\u00f6r\u00e9ben.<\/p>\n<h2>A 5-MAPD k\u00e9miai tulajdons\u00e1gai \u00e9s szerkezete<\/h2>\n<p>A 5-MAPD k\u00e9miai k\u00e9plete C<sub>12<\/sub>H<sub>15<\/sub>NO, egy benzofur\u00e1n-sz\u00e1rmaz\u00e9k, amelynek 5-poz\u00edci\u00f3j\u00e1ban metil-aminopropil-csoport tal\u00e1lhat\u00f3. Ez a konfigur\u00e1ci\u00f3 d\u00f6nt\u0151 fontoss\u00e1g\u00fa specifikus tulajdons\u00e1gai szempontj\u00e1b\u00f3l.<\/p>\n<p>Ezenk\u00edv\u00fcl molekulat\u00f6mege 189,25 g\/mol. Az anyag \u00e1ltal\u00e1ban feh\u00e9r por form\u00e1j\u00e1ban fordul el\u0151. A stabilit\u00e1s \u00e9s a reaktivit\u00e1s fontos t\u00e9nyez\u0151k a laborat\u00f3riumi kezel\u00e9s \u00e9s t\u00e1rol\u00e1s szempontj\u00e1b\u00f3l. Pontos elemz\u00e9sek elv\u00e9gz\u00e9se elengedhetetlen.<\/p>\n<p>Tov\u00e1bb\u00e1 kiz\u00e1r\u00f3lag a k\u00f6vetkez\u0151ket k\u00edn\u00e1ljuk <b>hiteles 5-MAPD<\/b> . A tisztas\u00e1got szigor\u00fa min\u0151s\u00e9g-ellen\u0151rz\u00e9s keret\u00e9ben vizsg\u00e1lj\u00e1k. A k\u00eds\u00e9rleti adatok \u00e9rtelmez\u00e9s\u00e9hez elengedhetetlen a strukt\u00fara pontos meg\u00e9rt\u00e9se.<\/p>\n<h2>Alkalmaz\u00e1si ter\u00fcletek \u00e9s kutat\u00e1si potenci\u00e1l<\/h2>\n<p>A 5-MAPD f\u0151 alkalmaz\u00e1si ter\u00fclete a preklinikai kutat\u00e1s. A tud\u00f3sok azt haszn\u00e1lj\u00e1k, hogy megvizsg\u00e1lj\u00e1k a neurotranszmitterekkel, p\u00e9ld\u00e1ul a szerotoninnal \u00e9s a dopaminnal val\u00f3 k\u00f6lcs\u00f6nhat\u00e1sokat, hogy betekint\u00e9st nyerjenek a neurol\u00f3giai folyamatokba \u00e9s a lehets\u00e9ges ter\u00e1pi\u00e1s megk\u00f6zel\u00edt\u00e9sekbe.<\/p>\n<p>Ezenk\u00edv\u00fcl a 5-MAPD-t gy\u00f3gyszerfejleszt\u00e9sben is haszn\u00e1lj\u00e1k, referenciak\u00e9nt vagy \u00faj molekul\u00e1k szint\u00e9zis\u00e9nek kiindul\u00f3pontjak\u00e9nt. Ez\u00e9rt a <b>kiv\u00e1l\u00f3 min\u0151s\u00e9g\u0171 5-MAPD<\/b> erre a c\u00e9lra elengedhetetlen.<\/p>\n<p>Ugyanilyen fontos szerepet j\u00e1tszik a toxikol\u00f3gi\u00e1ban \u00e9s a t\u00f6rv\u00e9nysz\u00e9ki orvostudom\u00e1nyban a detekt\u00e1l\u00e1si m\u00f3dszerek fejleszt\u00e9s\u00e9ben. Ez\u00e1ltal hozz\u00e1j\u00e1rul az analitikai szabv\u00e1nyok jav\u00edt\u00e1s\u00e1hoz. \u00d6n <b>5-MAPD online megrendel\u00e9s<\/b>, hogy el\u0151rehaladjon a projektjeivel.<\/p>\n<p>Ezenk\u00edv\u00fcl a vegy\u00fclet \u00e9rdekes lehet azoknak a k\u00e9mikusoknak is, akik szint\u00e9zis\u00fatvonalakat kutatnak \u00e9s \u00faj reakci\u00f3kat vizsg\u00e1lnak. \u00cdgy a 5-MAPD egy sokoldal\u00fa kutat\u00e1si vegyi anyag. Fedezzen fel tov\u00e1bbi speci\u00e1lis vegy\u00fcleteket kutat\u00e1s\u00e1hoz, p\u00e9ld\u00e1ul <a href=\"https:\/\/chemgramx.com\/product\/kaufen-sie-black-tar-heroin-online\/\">egy\u00e9b fejlett kutat\u00e1si anyagok<\/a>.<\/p>\n<h2>Biztons\u00e1gi inform\u00e1ci\u00f3k \u00e9s kezel\u00e9s<\/h2>\n<p>A 5-MAPD kezel\u00e9se mindig a legnagyobb gondoss\u00e1got \u00e9s a szigor\u00fa laborat\u00f3riumi ir\u00e1nyelvek betart\u00e1s\u00e1t ig\u00e9nyli. Kiz\u00e1r\u00f3lag k\u00e9pzett szem\u00e9lyzet haszn\u00e1lhatja ellen\u0151rz\u00f6tt k\u00f6rnyezetben. A szem\u00e9lyes v\u00e9d\u0151felszerel\u00e9s (v\u00e9d\u0151szem\u00fcveg, keszty\u0171, laborat\u00f3riumi k\u00f6peny) elengedhetetlen. A munkater\u00fcletet mindig j\u00f3l szell\u0151ztetni kell.<\/p>\n<p>Tov\u00e1bb\u00e1 fontos elker\u00fclni a b\u0151rrel, szemmel \u00e9s ny\u00e1lkah\u00e1rty\u00e1kkal val\u00f3 \u00e9rintkez\u00e9st. V\u00e9letlen \u00e9rintkez\u00e9s eset\u00e9n azonnal alaposan \u00f6bl\u00edtse le, \u00e9s sz\u00fcks\u00e9g eset\u00e9n forduljon orvoshoz. A biztons\u00e1gos t\u00e1rol\u00e1s szint\u00e9n d\u00f6nt\u0151 fontoss\u00e1g\u00fa.<\/p>\n<p>Ez\u00e9rt a 5-MAPD-t h\u0171v\u00f6s, sz\u00e1raz \u00e9s j\u00f3l szell\u0151z\u0151 helyen, k\u00f6zvetlen napf\u00e9nyt\u0151l t\u00e1vol kell t\u00e1rolni. Mindig illet\u00e9ktelenek sz\u00e1m\u00e1ra el\u00e9rhetetlen helyen kell t\u00e1rolni. Ezek az \u00f3vint\u00e9zked\u00e9sek minimaliz\u00e1lj\u00e1k a kock\u00e1zatokat \u00e9s biztos\u00edtj\u00e1k a biztons\u00e1gos munkak\u00f6rnyezetet. C\u00e9lunk egy <b>biztons\u00e1gos v\u00e1s\u00e1rl\u00e1s<\/b> \u00fcgyfeleink sz\u00e1m\u00e1ra.<\/p>\n<h2>Min\u0151s\u00e9g \u00e9s tisztas\u00e1g a Chemgramx-n\u00e1l<\/h2>\n<p>A Chemgramx-n\u00e1l meg\u00e9rtj\u00fck, hogy a kutat\u00e1sban a legmagasabb tisztas\u00e1gra van sz\u00fcks\u00e9g. Minden 5-MAPD t\u00e9tel szigor\u00fa min\u0151s\u00e9g-ellen\u0151rz\u00e9sen esik \u00e1t. A legmodernebb analitikai m\u00f3dszerek, mint a HPLC, GC-MS \u00e9s NMR seg\u00edts\u00e9g\u00e9vel biztos\u00edtjuk, hogy \u00d6n a <b>A legjobb 5-MAPD kaphat\u00f3<\/b> kapott.<\/p>\n<p>Tov\u00e1bb\u00e1 garant\u00e1ljuk a legal\u00e1bb 98% tisztas\u00e1got. Ez d\u00f6nt\u0151 fontoss\u00e1g\u00fa a k\u00eds\u00e9rletei reproduk\u00e1lhat\u00f3s\u00e1ga szempontj\u00e1b\u00f3l, mivel a szennyez\u0151d\u00e9sek torz\u00edthatj\u00e1k az eredm\u00e9nyeket. K\u00f6vetkez\u00e9sk\u00e9ppen a min\u0151s\u00e9g ir\u00e1nti elk\u00f6telezetts\u00e9g\u00fcnk a legf\u0151bb priorit\u00e1sunk.<\/p>\n<p>Ugyancsak k\u00edn\u00e1lunk <b>Laborat\u00f3riumi min\u0151s\u00e9g\u0171 term\u00e9kek elad\u00f3<\/b> , amely megfelel a legmagasabb ipari szabv\u00e1nyoknak. A feldolgoz\u00e1s prec\u00edz k\u00f6r\u00fclm\u00e9nyek k\u00f6z\u00f6tt t\u00f6rt\u00e9nik, hogy elker\u00fclhet\u0151 legyen a szennyez\u0151d\u00e9s. \u00dcgyfeleink \u00edgy \u00e1tl\u00e1that\u00f3 min\u0151s\u00e9gbiztos\u00edt\u00e1sb\u00f3l \u00e9s megb\u00edzhat\u00f3 term\u00e9kekb\u0151l profit\u00e1lhatnak a ig\u00e9nyes tanulm\u00e1nyokhoz.<\/p>\n<h2>Mi\u00e9rt \u00e9rdemes a 5-MAPD-t a Chemgramx-t\u00f3l v\u00e1s\u00e1rolni?<\/h2>\n<p>A Chemgramx az \u00d6n megb\u00edzhat\u00f3 partnere a kiv\u00e1l\u00f3 min\u0151s\u00e9g\u0171 kutat\u00e1si vegyszerek ter\u00e9n. Elk\u00f6telezetts\u00e9g\u00fcnk a term\u00e9kmin\u0151s\u00e9g, a tudom\u00e1nyos integrit\u00e1s \u00e9s az \u00fcgyf\u00e9lel\u00e9gedetts\u00e9g ir\u00e1nt k\u00fcl\u00f6nb\u00f6ztet meg minket. Ha 5-MAPD-re van sz\u00fcks\u00e9ge, mi vagyunk az \u00d6n megb\u00edzhat\u00f3 forr\u00e1sa.<\/p>\n<ul>\n<li><b>Ellen\u0151rz\u00f6tt tisztas\u00e1g:<\/b> Minden term\u00e9k szigor\u00fa min\u0151s\u00e9g-ellen\u0151rz\u00e9sen esik \u00e1t.<\/li>\n<li><b>\u00c1tfog\u00f3 dokument\u00e1ci\u00f3:<\/b> Az elemz\u00e9si tan\u00fas\u00edtv\u00e1nyok k\u00e9r\u00e9sre rendelkez\u00e9sre \u00e1llnak.<\/li>\n<li><b>Kutat\u00e1sra \u00f6sszpontos\u00edtva:<\/b> Meg\u00e9rtj\u00fck a tudom\u00e1ny speci\u00e1lis ig\u00e9nyeit.<\/li>\n<\/ul>\n<p>Ez\u00e9rt b\u00f6lcs dolog, <a href=\"https:\/\/chemgramx.com\/product\/5-mapd-5-methylaminopropylbenzofuran-online-kaufen\/\">5-MAPD megv\u00e1s\u00e1rl\u00e1sa a Chemgramx-n\u00e1l<\/a>. Haszn\u00e1lja ki szak\u00e9rtelm\u00fcnket \u00e9s kiv\u00e1l\u00f3 szolg\u00e1ltat\u00e1sainkat. Mindig arra t\u00f6reksz\u00fcnk, hogy a lehet\u0151 legjobb \u00e9lm\u00e9nyt ny\u00fajtsuk \u00d6nnek. \u00d6n <b>most online v\u00e1s\u00e1rolni<\/b>.<\/p>\n<h2>K\u00f6vetkeztet\u00e9s: V\u00e1lassza a kiv\u00e1l\u00f3 min\u0151s\u00e9g\u0171 5-MAPD-t!<\/h2>\n<p>\u00d6sszefoglalva, a 5-MAPD egy \u00e9rt\u00e9kes kutat\u00e1si vegyi anyag, amelynek sokr\u00e9t\u0171 lehet\u0151s\u00e9gei vannak. A neurok\u00e9miai kutat\u00e1sokt\u00f3l a gy\u00f3gyszerfejleszt\u00e9sig \u2013 jelent\u0151s\u00e9ge vitathatatlan. Ez\u00e9rt elengedhetetlen egy megb\u00edzhat\u00f3 besz\u00e1ll\u00edt\u00f3 kiv\u00e1laszt\u00e1sa.<\/p>\n<p>A Chemgramx megold\u00e1st k\u00edn\u00e1l \u00d6nnek: a legmagasabb tisztas\u00e1got \u00e9s min\u0151s\u00e9get, amely megfelel a kutat\u00e1si szabv\u00e1nyoknak. B\u00edzzon szak\u00e9rtelm\u00fcnkben \u00e9s \u00e1tfog\u00f3 k\u00edn\u00e1latunkban. V\u00e1s\u00e1roljon <b>5-MAPD online<\/b> n\u00e1lunk a sikeres kutat\u00e1s\u00e9rt. Vegyen r\u00e9szt <a href=\"https:\/\/chemgramx.com\/product\/5-mapd-5-methylaminopropylbenzofuran-online-kaufen\/\">5-MAPD a Chemgramx-n\u00e1l<\/a> az \u00fatt\u00f6r\u0151 tanulm\u00e1nyai\u00e9rt.<\/p>","protected":false},"excerpt":{"rendered":"<p>Fedezze fel a kiv\u00e1l\u00f3 min\u0151s\u00e9g\u0171 <b>5-MAPD (5-metil-aminopropil-benzofur\u00e1n)<\/b> kiv\u00e1l\u00f3 kutat\u00e1si min\u0151s\u00e9gben. Ez a szintetikus benzofur\u00e1n-vegy\u00fclet ide\u00e1lis preklinikai vizsg\u00e1latokhoz \u00e9s neurok\u00e9miai k\u00f6lcs\u00f6nhat\u00e1sok tanulm\u00e1nyoz\u00e1s\u00e1hoz. Haszn\u00e1lja ki szigor\u00fa min\u0151s\u00e9g-ellen\u0151rz\u00e9s\u00fcnk el\u0151nyeit, \u00e9s v\u00e1s\u00e1roljon <b>5-MAPD a Chemgramx-n\u00e1l<\/b> megb\u00edzhat\u00f3 eredm\u00e9nyek\u00e9rt.<\/p>","protected":false},"featured_media":8078,"comment_status":"open","ping_status":"closed","template":"","meta":{"_joinchat":[]},"product_brand":[],"product_cat":[48],"product_tag":[2743,2745,2736,2744,2742,2737,2738,2740,2739,2741],"class_list":{"0":"post-8023","1":"product","2":"type-product","3":"status-publish","4":"has-post-thumbnail","6":"product_cat-stimulants","7":"product_tag-5-mapd-chemikalien","8":"product_tag-5-mapd-drogen","9":"product_tag-5-mapd-kaufen","10":"product_tag-5-mapd-kaufen-deutschland","11":"product_tag-5-mapd-kaufen-online","12":"product_tag-5-mapd-kristalle","13":"product_tag-5-mapd-online-kaufen","14":"product_tag-5-mapd-preis","15":"product_tag-5-mapd-prodej","16":"product_tag-5-methylaminopropylbenzofuran","18":"first","19":"instock","20":"shipping-taxable","21":"purchasable","22":"product-type-variable"},"yoast_head":"<!-- This site is optimized with the Yoast SEO plugin v27.5 - https:\/\/yoast.com\/product\/yoast-seo-wordpress\/ -->\n<title>5-MAPD kaufen \u2013 Hochrein (zum Verkauf)<\/title>\n<meta name=\"description\" content=\"Erwerben Sie hochwertiges 5-MAPD (5-Methylaminopropylbenzofuran) f\u00fcr Ihre Forschung. Profitieren Sie von Laborqualit\u00e4t und einem sicheren Erwerb bei Chemgramx.\" \/>\n<meta name=\"robots\" content=\"index, follow, max-snippet:-1, max-image-preview:large, max-video-preview:-1\" \/>\n<link rel=\"canonical\" href=\"https:\/\/chemgramx.com\/hu\/termek-1\/5-mapd-5-metilaminopropilbenzofuran-online-vasarlas\/\" \/>\n<meta property=\"og:locale\" content=\"hu_HU\" \/>\n<meta property=\"og:type\" content=\"article\" \/>\n<meta property=\"og:title\" content=\"5-MAPD kaufen \u2013 Hochrein (zum Verkauf)\" \/>\n<meta property=\"og:description\" content=\"Erwerben Sie hochwertiges 5-MAPD (5-Methylaminopropylbenzofuran) f\u00fcr Ihre Forschung. Profitieren Sie von Laborqualit\u00e4t und einem sicheren Erwerb bei Chemgramx.\" \/>\n<meta property=\"og:url\" content=\"https:\/\/chemgramx.com\/hu\/termek-1\/5-mapd-5-metilaminopropilbenzofuran-online-vasarlas\/\" \/>\n<meta property=\"og:site_name\" content=\"Chemgramx\" \/>\n<meta property=\"article:modified_time\" content=\"2025-12-09T10:34:21+00:00\" \/>\n<meta property=\"og:image\" content=\"https:\/\/chemgramx.com\/wp-content\/uploads\/2025\/11\/5-MAPD-kaufen.jpg\" \/>\n\t<meta property=\"og:image:width\" content=\"474\" \/>\n\t<meta property=\"og:image:height\" content=\"266\" \/>\n\t<meta property=\"og:image:type\" content=\"image\/jpeg\" \/>\n<meta name=\"twitter:card\" content=\"summary_large_image\" \/>\n<meta name=\"twitter:label1\" content=\"Becs\u00fclt olvas\u00e1si id\u0151\" \/>\n\t<meta name=\"twitter:data1\" content=\"3 perc\" \/>\n<script type=\"application\/ld+json\" class=\"yoast-schema-graph\">{\"@context\":\"https:\\\/\\\/schema.org\",\"@graph\":[{\"@type\":\"WebPage\",\"@id\":\"https:\\\/\\\/chemgramx.com\\\/product\\\/5-mapd-5-methylaminopropylbenzofuran-online-kaufen\\\/\",\"url\":\"https:\\\/\\\/chemgramx.com\\\/product\\\/5-mapd-5-methylaminopropylbenzofuran-online-kaufen\\\/\",\"name\":\"5-MAPD kaufen \u2013 Hochrein (zum Verkauf)\",\"isPartOf\":{\"@id\":\"https:\\\/\\\/chemgramx.com\\\/#website\"},\"primaryImageOfPage\":{\"@id\":\"https:\\\/\\\/chemgramx.com\\\/product\\\/5-mapd-5-methylaminopropylbenzofuran-online-kaufen\\\/#primaryimage\"},\"image\":{\"@id\":\"https:\\\/\\\/chemgramx.com\\\/product\\\/5-mapd-5-methylaminopropylbenzofuran-online-kaufen\\\/#primaryimage\"},\"thumbnailUrl\":\"https:\\\/\\\/chemgramx.com\\\/wp-content\\\/uploads\\\/2025\\\/11\\\/5-MAPD-kaufen.jpg\",\"datePublished\":\"2025-11-21T16:45:57+00:00\",\"dateModified\":\"2025-12-09T10:34:21+00:00\",\"description\":\"Erwerben Sie hochwertiges 5-MAPD (5-Methylaminopropylbenzofuran) f\u00fcr Ihre Forschung. Profitieren Sie von Laborqualit\u00e4t und einem sicheren Erwerb bei Chemgramx.\",\"breadcrumb\":{\"@id\":\"https:\\\/\\\/chemgramx.com\\\/product\\\/5-mapd-5-methylaminopropylbenzofuran-online-kaufen\\\/#breadcrumb\"},\"inLanguage\":\"hu\",\"potentialAction\":[{\"@type\":\"ReadAction\",\"target\":[\"https:\\\/\\\/chemgramx.com\\\/product\\\/5-mapd-5-methylaminopropylbenzofuran-online-kaufen\\\/\"]}]},{\"@type\":\"ImageObject\",\"inLanguage\":\"hu\",\"@id\":\"https:\\\/\\\/chemgramx.com\\\/product\\\/5-mapd-5-methylaminopropylbenzofuran-online-kaufen\\\/#primaryimage\",\"url\":\"https:\\\/\\\/chemgramx.com\\\/wp-content\\\/uploads\\\/2025\\\/11\\\/5-MAPD-kaufen.jpg\",\"contentUrl\":\"https:\\\/\\\/chemgramx.com\\\/wp-content\\\/uploads\\\/2025\\\/11\\\/5-MAPD-kaufen.jpg\",\"width\":474,\"height\":266},{\"@type\":\"BreadcrumbList\",\"@id\":\"https:\\\/\\\/chemgramx.com\\\/product\\\/5-mapd-5-methylaminopropylbenzofuran-online-kaufen\\\/#breadcrumb\",\"itemListElement\":[{\"@type\":\"ListItem\",\"position\":1,\"name\":\"Home\",\"item\":\"https:\\\/\\\/chemgramx.com\\\/\"},{\"@type\":\"ListItem\",\"position\":2,\"name\":\"Shop\",\"item\":\"https:\\\/\\\/chemgramx.com\\\/shop\\\/\"},{\"@type\":\"ListItem\",\"position\":3,\"name\":\"5-MAPD kaufen \u2013 Hochrein (zum Verkauf)\"}]},{\"@type\":\"WebSite\",\"@id\":\"https:\\\/\\\/chemgramx.com\\\/#website\",\"url\":\"https:\\\/\\\/chemgramx.com\\\/\",\"name\":\"Chemgramx\",\"description\":\"\",\"publisher\":{\"@id\":\"https:\\\/\\\/chemgramx.com\\\/#organization\"},\"potentialAction\":[{\"@type\":\"SearchAction\",\"target\":{\"@type\":\"EntryPoint\",\"urlTemplate\":\"https:\\\/\\\/chemgramx.com\\\/?s={search_term_string}\"},\"query-input\":{\"@type\":\"PropertyValueSpecification\",\"valueRequired\":true,\"valueName\":\"search_term_string\"}}],\"inLanguage\":\"hu\"},{\"@type\":\"Organization\",\"@id\":\"https:\\\/\\\/chemgramx.com\\\/#organization\",\"name\":\"Chemgramx\",\"url\":\"https:\\\/\\\/chemgramx.com\\\/\",\"logo\":{\"@type\":\"ImageObject\",\"inLanguage\":\"hu\",\"@id\":\"https:\\\/\\\/chemgramx.com\\\/#\\\/schema\\\/logo\\\/image\\\/\",\"url\":\"https:\\\/\\\/chemgramx.com\\\/wp-content\\\/uploads\\\/2024\\\/10\\\/final-logo.png\",\"contentUrl\":\"https:\\\/\\\/chemgramx.com\\\/wp-content\\\/uploads\\\/2024\\\/10\\\/final-logo.png\",\"width\":250,\"height\":48,\"caption\":\"Chemgramx\"},\"image\":{\"@id\":\"https:\\\/\\\/chemgramx.com\\\/#\\\/schema\\\/logo\\\/image\\\/\"}}]}<\/script>\n<!-- \/ Yoast SEO plugin. -->","yoast_head_json":{"title":"5-MAPD v\u00e1s\u00e1rl\u00e1s \u2013 Nagy tisztas\u00e1g\u00fa (elad\u00f3)","description":"Szerezzen be kiv\u00e1l\u00f3 min\u0151s\u00e9g\u0171 5-MAPD-t (5-metilaminopropilbenzofur\u00e1nt) kutat\u00e1saihoz. Haszn\u00e1lja ki a laborat\u00f3riumi min\u0151s\u00e9get \u00e9s a biztons\u00e1gos v\u00e1s\u00e1rl\u00e1st a Chemgramx-n\u00e1l.","robots":{"index":"index","follow":"follow","max-snippet":"max-snippet:-1","max-image-preview":"max-image-preview:large","max-video-preview":"max-video-preview:-1"},"canonical":"https:\/\/chemgramx.com\/hu\/termek-1\/5-mapd-5-metilaminopropilbenzofuran-online-vasarlas\/","og_locale":"hu_HU","og_type":"article","og_title":"5-MAPD kaufen \u2013 Hochrein (zum Verkauf)","og_description":"Erwerben Sie hochwertiges 5-MAPD (5-Methylaminopropylbenzofuran) f\u00fcr Ihre Forschung. Profitieren Sie von Laborqualit\u00e4t und einem sicheren Erwerb bei Chemgramx.","og_url":"https:\/\/chemgramx.com\/hu\/termek-1\/5-mapd-5-metilaminopropilbenzofuran-online-vasarlas\/","og_site_name":"Chemgramx","article_modified_time":"2025-12-09T10:34:21+00:00","og_image":[{"width":474,"height":266,"url":"https:\/\/chemgramx.com\/wp-content\/uploads\/2025\/11\/5-MAPD-kaufen.jpg","type":"image\/jpeg"}],"twitter_card":"summary_large_image","twitter_misc":{"Becs\u00fclt olvas\u00e1si id\u0151":"3 perc"},"schema":{"@context":"https:\/\/schema.org","@graph":[{"@type":"WebPage","@id":"https:\/\/chemgramx.com\/product\/5-mapd-5-methylaminopropylbenzofuran-online-kaufen\/","url":"https:\/\/chemgramx.com\/product\/5-mapd-5-methylaminopropylbenzofuran-online-kaufen\/","name":"5-MAPD v\u00e1s\u00e1rl\u00e1s \u2013 Nagy tisztas\u00e1g\u00fa (elad\u00f3)","isPartOf":{"@id":"https:\/\/chemgramx.com\/#website"},"primaryImageOfPage":{"@id":"https:\/\/chemgramx.com\/product\/5-mapd-5-methylaminopropylbenzofuran-online-kaufen\/#primaryimage"},"image":{"@id":"https:\/\/chemgramx.com\/product\/5-mapd-5-methylaminopropylbenzofuran-online-kaufen\/#primaryimage"},"thumbnailUrl":"https:\/\/chemgramx.com\/wp-content\/uploads\/2025\/11\/5-MAPD-kaufen.jpg","datePublished":"2025-11-21T16:45:57+00:00","dateModified":"2025-12-09T10:34:21+00:00","description":"Szerezzen be kiv\u00e1l\u00f3 min\u0151s\u00e9g\u0171 5-MAPD-t (5-metilaminopropilbenzofur\u00e1nt) kutat\u00e1saihoz. Haszn\u00e1lja ki a laborat\u00f3riumi min\u0151s\u00e9get \u00e9s a biztons\u00e1gos v\u00e1s\u00e1rl\u00e1st a Chemgramx-n\u00e1l.","breadcrumb":{"@id":"https:\/\/chemgramx.com\/product\/5-mapd-5-methylaminopropylbenzofuran-online-kaufen\/#breadcrumb"},"inLanguage":"hu","potentialAction":[{"@type":"ReadAction","target":["https:\/\/chemgramx.com\/product\/5-mapd-5-methylaminopropylbenzofuran-online-kaufen\/"]}]},{"@type":"ImageObject","inLanguage":"hu","@id":"https:\/\/chemgramx.com\/product\/5-mapd-5-methylaminopropylbenzofuran-online-kaufen\/#primaryimage","url":"https:\/\/chemgramx.com\/wp-content\/uploads\/2025\/11\/5-MAPD-kaufen.jpg","contentUrl":"https:\/\/chemgramx.com\/wp-content\/uploads\/2025\/11\/5-MAPD-kaufen.jpg","width":474,"height":266},{"@type":"BreadcrumbList","@id":"https:\/\/chemgramx.com\/product\/5-mapd-5-methylaminopropylbenzofuran-online-kaufen\/#breadcrumb","itemListElement":[{"@type":"ListItem","position":1,"name":"Home","item":"https:\/\/chemgramx.com\/"},{"@type":"ListItem","position":2,"name":"Shop","item":"https:\/\/chemgramx.com\/shop\/"},{"@type":"ListItem","position":3,"name":"5-MAPD kaufen \u2013 Hochrein (zum Verkauf)"}]},{"@type":"WebSite","@id":"https:\/\/chemgramx.com\/#website","url":"https:\/\/chemgramx.com\/","name":"Chemgramx","description":"","publisher":{"@id":"https:\/\/chemgramx.com\/#organization"},"potentialAction":[{"@type":"SearchAction","target":{"@type":"EntryPoint","urlTemplate":"https:\/\/chemgramx.com\/?s={search_term_string}"},"query-input":{"@type":"PropertyValueSpecification","valueRequired":true,"valueName":"search_term_string"}}],"inLanguage":"hu"},{"@type":"Organization","@id":"https:\/\/chemgramx.com\/#organization","name":"Chemgramx","url":"https:\/\/chemgramx.com\/","logo":{"@type":"ImageObject","inLanguage":"hu","@id":"https:\/\/chemgramx.com\/#\/schema\/logo\/image\/","url":"https:\/\/chemgramx.com\/wp-content\/uploads\/2024\/10\/final-logo.png","contentUrl":"https:\/\/chemgramx.com\/wp-content\/uploads\/2024\/10\/final-logo.png","width":250,"height":48,"caption":"Chemgramx"},"image":{"@id":"https:\/\/chemgramx.com\/#\/schema\/logo\/image\/"}}]}},"_links":{"self":[{"href":"https:\/\/chemgramx.com\/hu\/wp-json\/wp\/v2\/product\/8023","targetHints":{"allow":["GET"]}}],"collection":[{"href":"https:\/\/chemgramx.com\/hu\/wp-json\/wp\/v2\/product"}],"about":[{"href":"https:\/\/chemgramx.com\/hu\/wp-json\/wp\/v2\/types\/product"}],"replies":[{"embeddable":true,"href":"https:\/\/chemgramx.com\/hu\/wp-json\/wp\/v2\/comments?post=8023"}],"wp:featuredmedia":[{"embeddable":true,"href":"https:\/\/chemgramx.com\/hu\/wp-json\/wp\/v2\/media\/8078"}],"wp:attachment":[{"href":"https:\/\/chemgramx.com\/hu\/wp-json\/wp\/v2\/media?parent=8023"}],"wp:term":[{"taxonomy":"product_brand","embeddable":true,"href":"https:\/\/chemgramx.com\/hu\/wp-json\/wp\/v2\/product_brand?post=8023"},{"taxonomy":"product_cat","embeddable":true,"href":"https:\/\/chemgramx.com\/hu\/wp-json\/wp\/v2\/product_cat?post=8023"},{"taxonomy":"product_tag","embeddable":true,"href":"https:\/\/chemgramx.com\/hu\/wp-json\/wp\/v2\/product_tag?post=8023"}],"curies":[{"name":"wp","href":"https:\/\/api.w.org\/{rel}","templated":true}]}}