{"id":8024,"date":"2025-11-21T16:45:57","date_gmt":"2025-11-21T16:45:57","guid":{"rendered":"https:\/\/chemgramx.com\/?post_type=product&#038;p=8024"},"modified":"2025-12-09T10:34:28","modified_gmt":"2025-12-09T10:34:28","slug":"4-vasarolni-fluorococaine-online","status":"publish","type":"product","link":"https:\/\/chemgramx.com\/hu\/product\/4-fluorococaine-online-kaufen\/","title":{"rendered":"4-fluorokokain v\u00e1s\u00e1rl\u00e1s \u2013 Magas tisztas\u00e1g\u00fa"},"content":{"rendered":"<p>\u00dcdv\u00f6z\u00f6lj\u00fck a Chemgramxn\u00e9l, a kiv\u00e1l\u00f3 min\u0151s\u00e9g\u0171 kutat\u00e1si vegyszerek vezet\u0151 forr\u00e1s\u00e1n\u00e1l. Ha \u00d6n <b>4-fluorokokain elad\u00f3<\/b> keres, akkor j\u00f3 helyen j\u00e1r. Ez a term\u00e9k h\u00edres a k\u00f6vetkez\u0151 tulajdons\u00e1gair\u00f3l <b>magas tisztas\u00e1g\u00fa elad\u00f3<\/b> \u00e9s kiz\u00e1r\u00f3lag kutat\u00e1si \u00e9s laborat\u00f3riumi c\u00e9lokra k\u00edn\u00e1ljuk. Ezenk\u00edv\u00fcl garant\u00e1ljuk, hogy ez <b>Kutat\u00e1si min\u0151s\u00e9g elad\u00f3<\/b> amely megfelel a legmagasabb tudom\u00e1nyos k\u00f6vetelm\u00e9nyeknek.<\/p>\n<p>Ezen fel\u00fcl lehet\u0151s\u00e9get k\u00edn\u00e1lunk \u00d6nnek, hogy, <a href=\"https:\/\/chemgramx.com\/product\/4-fluorococaine-online-kaufen\/\"><b>4-fluorokokain online megrendel\u00e9se<\/b><\/a>, hogy kutat\u00e1si projektjeit optim\u00e1lisan t\u00e1mogathassuk. Tiszt\u00e1ban vagyunk azzal, hogy a pontoss\u00e1g \u00e9s a megb\u00edzhat\u00f3s\u00e1g kritikus szerepet j\u00e1tszik a tudom\u00e1nyos munk\u00e1ban. Ez\u00e9rt minden \u00e1ltalunk k\u00edn\u00e1lt term\u00e9k, bele\u00e9rtve a <b>hiteles 4-fluorokokain<\/b>, gondosan ellen\u0151rz\u00f6tt \u00e9s tisztas\u00e1g\u00e1t tesztelt.<\/p>\n<h2>A 4-fluorokokain jelent\u0151s\u00e9ge a kutat\u00e1sban<\/h2>\n<p>A 4-fluorokokain egy szintetikus k\u00e9miai vegy\u00fclet, amely szerkezetileg rokon a kokainnal, de a benzolgy\u0171r\u0171n egy fluorcsoporttal rendelkezik. Ez a m\u00f3dos\u00edt\u00e1s jelent\u0151s hat\u00e1ssal lehet farmakol\u00f3giai tulajdons\u00e1gaira. Ennek k\u00f6vetkezt\u00e9ben \u00e9rt\u00e9kes eszk\u00f6z a tud\u00f3sok sz\u00e1m\u00e1ra, akik a dopamin-visszav\u00e9tel g\u00e1tl\u00f3k (DRI) szerkezet-hat\u00e1s \u00f6sszef\u00fcgg\u00e9seit szeretn\u00e9k vizsg\u00e1lni.<\/p>\n<p>A 4-fluorokokain k\u00fcl\u00f6n\u00f6sen gyakran haszn\u00e1latos analitikai standardk\u00e9nt vagy referenciaanyagk\u00e9nt a t\u00f6rv\u00e9nysz\u00e9ki toxikol\u00f3gi\u00e1ban \u00e9s a farmakol\u00f3giai kutat\u00e1sban. Ez lehet\u0151v\u00e9 teszi a pontos \u00f6sszehasonl\u00edt\u00e1sokat \u00e9s \u00faj detekt\u00e1l\u00e1si m\u00f3dszerek kidolgoz\u00e1s\u00e1t. Ezenk\u00edv\u00fcl nagy \u00e9rdekl\u0151d\u00e9s \u00f6vezi annak vizsg\u00e1lat\u00e1t, hogy milyen k\u00f6lcs\u00f6nhat\u00e1sba l\u00e9p a neurotranszmitter-rendszerekkel, hogy jobban meg\u00e9rts\u00fck a lehets\u00e9ges ter\u00e1pi\u00e1s alkalmaz\u00e1sokat vagy kock\u00e1zati profilokat.<\/p>\n<p>Biztos\u00edtjuk, hogy 4-fluorokokainunk a <b>legmagasabb tisztas\u00e1g\u00fa elad\u00f3<\/b> ami elengedhetetlen a pontos \u00e9s reproduk\u00e1lhat\u00f3 kutat\u00e1si eredm\u00e9nyekhez. Ez\u00e9rt ide\u00e1lis v\u00e1laszt\u00e1s ig\u00e9nyes laborat\u00f3riumi alkalmaz\u00e1sokhoz.<\/p>\n<h3>K\u00e9miai tulajdons\u00e1gok \u00e9s specifik\u00e1ci\u00f3k<\/h3>\n<p>A k\u00e9miai tulajdons\u00e1gok pontos ismerete alapvet\u0151 fontoss\u00e1g\u00fa minden kutat\u00e1si alkalmaz\u00e1shoz. 4-fluorokokainunk r\u00e9szletes specifik\u00e1ci\u00f3kkal ker\u00fcl forgalomba, amelyek igazolj\u00e1k annak identit\u00e1s\u00e1t \u00e9s tisztas\u00e1g\u00e1t. Ezenk\u00edv\u00fcl molekul\u00e1ris szerkezet\u00e9t a legmodernebb analitikai technik\u00e1k, p\u00e9ld\u00e1ul NMR \u00e9s t\u00f6megspektrometria seg\u00edts\u00e9g\u00e9vel ellen\u0151rizz\u00fck.<\/p>\n<p>Ugyanilyen fontos a t\u00e9telek min\u0151s\u00e9g\u00e9nek \u00e1lland\u00f3s\u00e1g\u00e1nak biztos\u00edt\u00e1sa. Nagy hangs\u00falyt fektet\u00fcnk a szigor\u00fa min\u0151s\u00e9g-ellen\u0151rz\u00e9sre, hogy minden t\u00e9tel megfeleljen magas sz\u00ednvonal\u00fa k\u00f6vetelm\u00e9nyeinknek. \u00cdgy \u00d6n mindig olyan term\u00e9ket kap, amely a legig\u00e9nyesebb k\u00eds\u00e9rleti fel\u00e9p\u00edt\u00e9sekhez is alkalmas.<\/p>\n<p>C\u00e9lunk, hogy \u00d6nnek a <b>A legjobb 4-fluorokokain kaphat\u00f3<\/b> amely meghaladja az \u00d6n min\u0151s\u00e9gi \u00e9s megb\u00edzhat\u00f3s\u00e1gi elv\u00e1r\u00e1sait. Tiszt\u00e1ban vagyunk azzal, hogy a tudom\u00e1nyban nem lehet kompromisszumot k\u00f6tni a term\u00e9kmin\u0151s\u00e9g ter\u00e9n. Ez\u00e9rt teljes gy\u00e1rt\u00e1si folyamatunkat a legmagasabb pontoss\u00e1gra tervezt\u00fck.<\/p>\n<h2>Alkalmaz\u00e1sok \u00e9s kutat\u00e1si ter\u00fcletek<\/h2>\n<p>A 4-fluorokokain sokoldal\u00fas\u00e1ga miatt sz\u00e1mos tudom\u00e1nyos diszcipl\u00edn\u00e1ban keresett eszk\u00f6z. Els\u0151sorban a neurotranszmitter-rendszerek \u00e9s azok modul\u00e1torainak vizsg\u00e1lat\u00e1ban alkalmazz\u00e1k. A tud\u00f3sok ezzel a szerrel r\u00e9szletesen kutathatj\u00e1k a dopamin-visszav\u00e9tel mechanizmusait \u00e9s a fluoroz\u00e1soknak ezekre a folyamatokra gyakorolt hat\u00e1s\u00e1t.<\/p>\n<p>Egy m\u00e1sik fontos alkalmaz\u00e1si ter\u00fclet az analitikai m\u00f3dszerek fejleszt\u00e9se \u00e9s valid\u00e1l\u00e1sa. P\u00e9ld\u00e1ul referenciastandardk\u00e9nt szolg\u00e1l a g\u00e1zkromatogr\u00e1fia-t\u00f6megspektrometria (GC-MS) \u00e9s a nagy teljes\u00edtm\u00e9ny\u0171 folyad\u00e9kkromatogr\u00e1fia (HPLC) ter\u00fclet\u00e9n hasonl\u00f3 vegy\u00fcletek kvalitat\u00edv \u00e9s kvantitat\u00edv elemz\u00e9s\u00e9hez. Ezenk\u00edv\u00fcl elengedhetetlen a m\u0171szerek kalibr\u00e1l\u00e1s\u00e1hoz \u00e9s a min\u0151s\u00e9gbiztos\u00edt\u00e1shoz a t\u00f6rv\u00e9nysz\u00e9ki laborat\u00f3riumokban.<\/p>\n<p>Tov\u00e1bb\u00e1 a 4-fluorokokain felhaszn\u00e1lhat\u00f3 preklinikai vizsg\u00e1latokban potenci\u00e1lis ter\u00e1pi\u00e1s hat\u00f3anyagok \u00e9rt\u00e9kel\u00e9s\u00e9re vagy toxikol\u00f3giai vizsg\u00e1latokra. Ugyanakkor mindig szem el\u0151tt kell tartani a kutat\u00e1s jelleg\u00e9t, \u00e9s szigor\u00faan be kell tartani az etikai ir\u00e1nyelveket. A mi <a href=\"https:\/\/chemgramx.com\/product\/kaufen-sie-afghanisches-heroin\/\">Kutat\u00e1si vegyi anyagok<\/a> kiz\u00e1r\u00f3lag ilyen t\u00edpus\u00fa kutat\u00e1sokra sz\u00e1nj\u00e1k, nem emberi fogyaszt\u00e1sra.<\/p>\n<h3>Mi\u00e9rt <b>Kiv\u00e1l\u00f3 min\u0151s\u00e9g\u0171 4-fluorokokain<\/b> Mi\u00e9rt v\u00e1lassza a Chemgramx-ot?<\/h3>\n<p>A Chemgramx-n\u00e1l elk\u00f6telezt\u00fck magunkat, hogy kiz\u00e1r\u00f3lag <b>Kiv\u00e1l\u00f3 min\u0151s\u00e9g\u0171 4-fluorokokain<\/b> Minden term\u00e9k szigor\u00fa tisztas\u00e1gi ellen\u0151rz\u00e9sen esik \u00e1t. Ezenk\u00edv\u00fcl r\u00e9szletes elemz\u00e9si tan\u00fas\u00edtv\u00e1nyt is kap, amely igazolja term\u00e9keink specifik\u00e1ci\u00f3it \u00e9s tisztas\u00e1g\u00e1t. Hisz\u00fcnk a teljes \u00e1tl\u00e1that\u00f3s\u00e1gban, \u00edgy \u00d6n teljes bizonyoss\u00e1ggal rendelkezik a megv\u00e1s\u00e1rolt anyaggal kapcsolatban.<\/p>\n<table>\n<thead>\n<tr>\n<th>jellemz\u0151<\/th>\n<th>el\u0151ny<\/th>\n<\/tr>\n<\/thead>\n<tbody>\n<tr>\n<td><b>Nagy tisztas\u00e1g<\/b><\/td>\n<td>Pontos \u00e9s reproduk\u00e1lhat\u00f3 eredm\u00e9nyek kutat\u00e1s\u00e1hoz<\/td>\n<\/tr>\n<tr>\n<td><b>A kutat\u00e1s min\u0151s\u00e9ge<\/b><\/td>\n<td>Megfelel a legmagasabb laborat\u00f3riumi szabv\u00e1nyoknak \u00e9s k\u00eds\u00e9rleti k\u00f6vetelm\u00e9nyeknek<\/td>\n<\/tr>\n<tr>\n<td><b>Biztons\u00e1gos v\u00e1s\u00e1rl\u00e1s<\/b><\/td>\n<td>Adatainak bizalmas kezel\u00e9se \u00e9s v\u00e9delme<\/td>\n<\/tr>\n<\/tbody>\n<\/table>\n<p>A 4-fluorokokainunk <b>Laborat\u00f3riumi min\u0151s\u00e9g\u0171 term\u00e9kek elad\u00f3<\/b>, kifejezetten tudom\u00e1nyos alkalmaz\u00e1sokhoz tervezve. Ez azt jelenti, hogy megfelel a legmagasabb tisztas\u00e1gi \u00e9s konzisztencia-szabv\u00e1nyoknak, amelyek a ig\u00e9nyes kutat\u00e1si k\u00f6rnyezetben sz\u00fcks\u00e9gesek. Ezenk\u00edv\u00fcl biztos\u00edtja k\u00eds\u00e9rleteinek reproduk\u00e1lhat\u00f3s\u00e1g\u00e1t \u00e9s v\u00e9delmet ny\u00fajt a nem k\u00edv\u00e1nt szennyez\u0151d\u00e9sekkel szemben, amelyek torz\u00edthatj\u00e1k az eredm\u00e9nyeket.<\/p>\n<p>A kutat\u00e1si vegyszerek beszerz\u00e9se bizalmat ig\u00e9nyel. Ez\u00e9rt nagy hangs\u00falyt fektet\u00fcnk a <a href=\"https:\/\/chemgramx.com\/product\/4-fluorococaine-online-kaufen\/\"><b>biztons\u00e1gos v\u00e1s\u00e1rl\u00e1s<\/b><\/a> \u00e9s megrendel\u00e9s\u00e9nek diszkr\u00e9t feldolgoz\u00e1s\u00e1t. Ugyan\u00edgy, anyag\u00e1t is a legnagyobb gondoss\u00e1ggal kezelj\u00fck, hogy integrit\u00e1sa a felhaszn\u00e1l\u00e1si helyig megmaradjon. \u00d6n <b>Rendeljen 4-fluorococaine online<\/b> azzal a bizonyoss\u00e1ggal, hogy tranzakci\u00f3ja v\u00e9dett.<\/p>\n<h2>Elk\u00f6telezetts\u00e9g\u00fcnk a min\u0151s\u00e9g \u00e9s az \u00fcgyf\u00e9lel\u00e9gedetts\u00e9g ir\u00e1nt<\/h2>\n<p>A Chemgramxn\u00e1l term\u00e9keink min\u0151s\u00e9ge \u00e9s \u00fcgyfeleink el\u00e9gedetts\u00e9ge az els\u0151 helyen \u00e1ll. Ez\u00e9rt folyamatosan beruh\u00e1zunk a legmodernebb laborat\u00f3riumi berendez\u00e9sekbe \u00e9s k\u00e9pzett szem\u00e9lyzetbe, hogy minden vegy\u00fclet tisztas\u00e1g\u00e1t \u00e9s eredetis\u00e9g\u00e9t biztos\u00edtsuk. Ezenk\u00edv\u00fcl folyamatainkat rendszeres bels\u0151 \u00e9s k\u00fcls\u0151 auditoknak vetj\u00fck al\u00e1, hogy a legmagasabb sz\u00ednvonalat garant\u00e1ljuk.<\/p>\n<p>Tudjuk, hogy a megb\u00edzhat\u00f3 kutat\u00e1si anyagokhoz val\u00f3 hozz\u00e1f\u00e9r\u00e9s d\u00f6nt\u0151 fontoss\u00e1g\u00fa a tudom\u00e1ny fejl\u0151d\u00e9se szempontj\u00e1b\u00f3l. Ez\u00e9rt k\u00edn\u00e1lunk \u00d6nnek lehet\u0151s\u00e9get arra, hogy, <b>hiteles 4-fluorokokain<\/b> teljes bizalommal v\u00e1s\u00e1rolhat. Tapasztalt vegy\u00e9szekb\u0151l \u00e9s logisztikai szak\u00e9rt\u0151kb\u0151l \u00e1ll\u00f3 csapatunk szorosan egy\u00fcttm\u0171k\u00f6dik, hogy pontosan megfeleljen az \u00d6n ig\u00e9nyeinek.<\/p>\n<h3>Felel\u0151ss\u00e9gteljes haszn\u00e1lat \u00e9s biztons\u00e1gi utas\u00edt\u00e1sok<\/h3>\n<p>A 4-fluorokokainhoz hasonl\u00f3 kutat\u00e1si vegyi anyagok kezel\u00e9se mindig nagyfok\u00fa felel\u0151ss\u00e9gv\u00e1llal\u00e1st \u00e9s szigor\u00fa biztons\u00e1gi int\u00e9zked\u00e9sek betart\u00e1s\u00e1t ig\u00e9nyli. K\u00fcl\u00f6n\u00f6sen aj\u00e1nljuk megfelel\u0151 egy\u00e9ni v\u00e9d\u0151eszk\u00f6z\u00f6k (PPE) haszn\u00e1lat\u00e1t, mint p\u00e9ld\u00e1ul keszty\u0171, v\u00e9d\u0151szem\u00fcveg \u00e9s laborat\u00f3riumi k\u00f6peny. Ezenk\u00edv\u00fcl a munk\u00e1t j\u00f3l szell\u0151z\u0151 helyis\u00e9gben vagy elsz\u00edv\u00f3 alatt kell v\u00e9gezni, hogy minim\u00e1lisra cs\u00f6kkents\u00e9k az expoz\u00edci\u00f3t.<\/p>\n<p>Hangs\u00falyozzuk, hogy term\u00e9keink kiz\u00e1r\u00f3lag kutat\u00e1si c\u00e9lokra szolg\u00e1lnak, \u00e9s nem emberi fogyaszt\u00e1sra vagy ter\u00e1pi\u00e1s alkalmaz\u00e1sra. Ennek megfelel\u0151en anyagaink vissza\u00e9l\u00e9se szigor\u00faan tilos, \u00e9s nem v\u00e1llalunk felel\u0151ss\u00e9get a nem megfelel\u0151 haszn\u00e1lat\u00e9rt. Mindig t\u00e1j\u00e9koz\u00f3djon a r\u00e9gi\u00f3j\u00e1ban \u00e9rv\u00e9nyes t\u00f6rv\u00e9nyekr\u0151l \u00e9s el\u0151\u00edr\u00e1sokr\u00f3l.<\/p>\n<h2>\u00cdgy teheted meg <b>Rendeljen 4-fluorococaine online<\/b> a Chemgramx-n\u00e1l<\/h2>\n<p>A folyamat, hogy <b>4-fluorokokain online megrendel\u00e9se<\/b>, A Chemgramx weboldal\u00e1t sz\u00e1nd\u00e9kosan egyszer\u0171en \u00e9s felhaszn\u00e1l\u00f3bar\u00e1t m\u00f3don alak\u00edtottuk ki. El\u0151sz\u00f6r b\u00f6ng\u00e9sszen \u00e1t sz\u00e9les term\u00e9kv\u00e1laszt\u00e9kunkat, \u00e9s tegye a k\u00edv\u00e1nt term\u00e9keket a kos\u00e1rba. Ezut\u00e1n k\u00f6vesse az utas\u00edt\u00e1sokat a v\u00e1s\u00e1rl\u00e1s biztons\u00e1gos lebonyol\u00edt\u00e1s\u00e1hoz.<\/p>\n<p>Biztons\u00e1gos \u00e9s diszkr\u00e9t m\u00f3dszert k\u00edn\u00e1lunk kutat\u00e1si vegyszerek ir\u00e1nti ig\u00e9ny\u00e9nek kiel\u00e9g\u00edt\u00e9s\u00e9re. Biztos lehet benne, hogy adatait v\u00e9dj\u00fck, \u00e9s <b>Biztons\u00e1gos v\u00e1s\u00e1rl\u00e1s<\/b> a legnagyobb titoktart\u00e1ssal kezelj\u00fck. V\u00e9g\u00fcl is a Chemgramx-szel egy megb\u00edzhat\u00f3 partner \u00e1ll az \u00d6n oldal\u00e1n, aki elk\u00f6telezett az els\u0151 oszt\u00e1ly\u00fa kutat\u00e1si anyagok biztos\u00edt\u00e1sa ir\u00e1nt.<\/p>\n<p>Fedezze fel m\u00e9g ma k\u00edn\u00e1latunkat, \u00e9s gy\u0151z\u0151dj\u00f6n meg saj\u00e1t szem\u00e9vel term\u00e9keink min\u0151s\u00e9g\u00e9r\u0151l. <b>Most online v\u00e1s\u00e1roljon<\/b> \u00e9s emelje kutat\u00e1sait a k\u00f6vetkez\u0151 szintre. V\u00e1s\u00e1rolja meg <b>hiteles 4-fluorokokain<\/b> megb\u00edzhat\u00f3 besz\u00e1ll\u00edt\u00f3t\u00f3l \u2013 <b>v\u00e1s\u00e1roljon a Chemgramx-n\u00e1l<\/b>.<\/p>\n<p>\u00d6sszefoglalva elmondhat\u00f3, hogy a mi <b>4-fluorokokain elad\u00f3<\/b> ide\u00e1lis v\u00e1laszt\u00e1s tud\u00f3sok \u00e9s kutat\u00f3k sz\u00e1m\u00e1ra, akik a legmagasabb szint\u0171 tisztas\u00e1got, min\u0151s\u00e9get \u00e9s megb\u00edzhat\u00f3s\u00e1got ig\u00e9nylik. Ugyancsak elk\u00f6telezz\u00fck magunkat, hogy \u00d6nnek a <b>A legjobb 4-fluorokokain kaphat\u00f3<\/b> kiv\u00e1l\u00f3 szolg\u00e1ltat\u00e1ssal \u00e9s szigor\u00fa min\u0151s\u00e9g-ellen\u0151rz\u00e9ssel t\u00e1mogatva.<\/p>\n<p>Megh\u00edvjuk \u00d6nt, hogy kutat\u00e1s\u00e1t a mi <b>kiv\u00e1l\u00f3 min\u0151s\u00e9g\u0171 kutat\u00e1si vegyi anyagok<\/b> el\u0151mozd\u00edtani. Ez\u00e9rt ne habozzon, <b>most online v\u00e1s\u00e1rolni<\/b> \u00e9s szak\u00e9rtelm\u00fcnkb\u0151l profit\u00e1lni. C\u00e9lunk az \u00d6n sikere, \u00e9s b\u00fcszk\u00e9k vagyunk arra, hogy tudom\u00e1nyos p\u00e1lyafut\u00e1s\u00e1ban k\u00eds\u00e9rhetj\u00fck \u00d6nt.<\/p>","protected":false},"excerpt":{"rendered":"<p>Fedezze fel a <b>4-Fluorokokain<\/b> a  oldalon. <b>legmagasabb tisztas\u00e1g\u00fa elad\u00f3<\/b> a Chemgramx-n\u00e1l. Ez a term\u00e9k a <b>Kutat\u00e1si min\u0151s\u00e9g elad\u00f3<\/b> ide\u00e1lis ig\u00e9nyes analitikai \u00e9s farmakol\u00f3giai vizsg\u00e1latokhoz. <b>Rendeljen 4-fluorokokaint online<\/b> \u00e9s biztons\u00e1gos <b>hiteles laborat\u00f3riumi min\u0151s\u00e9g<\/b> tudom\u00e1nyos projektjeihez. V\u00e1s\u00e1roljon a Chemgramx-n\u00e1l a kiv\u00e1l\u00f3 eredm\u00e9nyek\u00e9rt.<\/p>","protected":false},"featured_media":8079,"comment_status":"open","ping_status":"closed","template":"","meta":{"_joinchat":[]},"product_brand":[],"product_cat":[48],"product_tag":[1511,1527,1524,1534,1520,1533,1517,1518,1513,1510,1529,1531,1514,1525,1528,1512,1519,1530,1535,1532,1515,1516,1526,1521,1523,1522],"class_list":{"0":"post-8024","1":"product","2":"type-product","3":"status-publish","4":"has-post-thumbnail","6":"product_cat-stimulants","7":"product_tag-4-fluorococain-bestellen","8":"product_tag-4-fluorococaine-bestellen","9":"product_tag-4-fluorococaine-bulk-bestellung","10":"product_tag-4-fluorococaine-chemikalie","11":"product_tag-4-fluorococaine-experimente","12":"product_tag-4-fluorococaine-forschung","13":"product_tag-4-fluorococaine-forschung-chemikalie","14":"product_tag-4-fluorococaine-fur-neurowissenschaftliche-studien","15":"product_tag-4-fluorococaine-groshandel","16":"product_tag-4-fluorococaine-kaufen","17":"product_tag-4-fluorococaine-labor","18":"product_tag-4-fluorococaine-legal","19":"product_tag-4-fluorococaine-lieferant","20":"product_tag-4-fluorococaine-marktanalyse","21":"product_tag-4-fluorococaine-online","22":"product_tag-4-fluorococaine-online-bestellen","23":"product_tag-4-fluorococaine-pharmazeutische-forschung","24":"product_tag-4-fluorococaine-sicher","25":"product_tag-4-fluorococaine-versand","26":"product_tag-4fluorococaine-gunstig","27":"product_tag-forschung-chemikalien-4-fluorococaine","28":"product_tag-hochwertige-4-fluorococaine-kaufen","29":"product_tag-innovative-4-fluorococaine-forschung","30":"product_tag-laborqualitat-4-fluorococaine","31":"product_tag-legaler-4-fluorococaine-anbieter","32":"product_tag-sicherer-4-fluorococaine-versand","34":"first","35":"instock","36":"shipping-taxable","37":"purchasable","38":"product-type-variable"},"yoast_head":"<!-- This site is optimized with the Yoast SEO plugin v27.5 - https:\/\/yoast.com\/product\/yoast-seo-wordpress\/ -->\n<title>4-Fluorococaine kaufen \u2013 Hohe Reinheit<\/title>\n<meta name=\"description\" content=\"Entdecken Sie hochwertiges 4-Fluorococaine f\u00fcr Forschungszwecke. Sichern Sie sich authentische Laborqualit\u00e4t und bestellen Sie jetzt online bei Chemgramx.\" \/>\n<meta name=\"robots\" content=\"index, follow, max-snippet:-1, max-image-preview:large, max-video-preview:-1\" \/>\n<link rel=\"canonical\" href=\"https:\/\/chemgramx.com\/hu\/termek-1\/4-vasarolni-fluorococaine-online\/\" \/>\n<meta property=\"og:locale\" content=\"hu_HU\" \/>\n<meta property=\"og:type\" content=\"article\" \/>\n<meta property=\"og:title\" content=\"4-Fluorococaine kaufen \u2013 Hohe Reinheit\" \/>\n<meta property=\"og:description\" content=\"Entdecken Sie hochwertiges 4-Fluorococaine f\u00fcr Forschungszwecke. Sichern Sie sich authentische Laborqualit\u00e4t und bestellen Sie jetzt online bei Chemgramx.\" \/>\n<meta property=\"og:url\" content=\"https:\/\/chemgramx.com\/hu\/termek-1\/4-vasarolni-fluorococaine-online\/\" \/>\n<meta property=\"og:site_name\" content=\"Chemgramx\" \/>\n<meta property=\"article:modified_time\" content=\"2025-12-09T10:34:28+00:00\" \/>\n<meta property=\"og:image\" content=\"https:\/\/chemgramx.com\/wp-content\/uploads\/2025\/11\/4-Fluorococaine-kaufen.jpg\" \/>\n\t<meta property=\"og:image:width\" content=\"750\" \/>\n\t<meta property=\"og:image:height\" content=\"500\" \/>\n\t<meta property=\"og:image:type\" content=\"image\/jpeg\" \/>\n<meta name=\"twitter:card\" content=\"summary_large_image\" \/>\n<meta name=\"twitter:label1\" content=\"Becs\u00fclt olvas\u00e1si id\u0151\" \/>\n\t<meta name=\"twitter:data1\" content=\"2 perc\" \/>\n<script type=\"application\/ld+json\" class=\"yoast-schema-graph\">{\"@context\":\"https:\\\/\\\/schema.org\",\"@graph\":[{\"@type\":\"WebPage\",\"@id\":\"https:\\\/\\\/chemgramx.com\\\/product\\\/4-fluorococaine-online-kaufen\\\/\",\"url\":\"https:\\\/\\\/chemgramx.com\\\/product\\\/4-fluorococaine-online-kaufen\\\/\",\"name\":\"4-Fluorococaine kaufen \u2013 Hohe Reinheit\",\"isPartOf\":{\"@id\":\"https:\\\/\\\/chemgramx.com\\\/#website\"},\"primaryImageOfPage\":{\"@id\":\"https:\\\/\\\/chemgramx.com\\\/product\\\/4-fluorococaine-online-kaufen\\\/#primaryimage\"},\"image\":{\"@id\":\"https:\\\/\\\/chemgramx.com\\\/product\\\/4-fluorococaine-online-kaufen\\\/#primaryimage\"},\"thumbnailUrl\":\"https:\\\/\\\/chemgramx.com\\\/wp-content\\\/uploads\\\/2025\\\/11\\\/4-Fluorococaine-kaufen.jpg\",\"datePublished\":\"2025-11-21T16:45:57+00:00\",\"dateModified\":\"2025-12-09T10:34:28+00:00\",\"description\":\"Entdecken Sie hochwertiges 4-Fluorococaine f\u00fcr Forschungszwecke. Sichern Sie sich authentische Laborqualit\u00e4t und bestellen Sie jetzt online bei Chemgramx.\",\"breadcrumb\":{\"@id\":\"https:\\\/\\\/chemgramx.com\\\/product\\\/4-fluorococaine-online-kaufen\\\/#breadcrumb\"},\"inLanguage\":\"hu\",\"potentialAction\":[{\"@type\":\"ReadAction\",\"target\":[\"https:\\\/\\\/chemgramx.com\\\/product\\\/4-fluorococaine-online-kaufen\\\/\"]}]},{\"@type\":\"ImageObject\",\"inLanguage\":\"hu\",\"@id\":\"https:\\\/\\\/chemgramx.com\\\/product\\\/4-fluorococaine-online-kaufen\\\/#primaryimage\",\"url\":\"https:\\\/\\\/chemgramx.com\\\/wp-content\\\/uploads\\\/2025\\\/11\\\/4-Fluorococaine-kaufen.jpg\",\"contentUrl\":\"https:\\\/\\\/chemgramx.com\\\/wp-content\\\/uploads\\\/2025\\\/11\\\/4-Fluorococaine-kaufen.jpg\",\"width\":750,\"height\":500},{\"@type\":\"BreadcrumbList\",\"@id\":\"https:\\\/\\\/chemgramx.com\\\/product\\\/4-fluorococaine-online-kaufen\\\/#breadcrumb\",\"itemListElement\":[{\"@type\":\"ListItem\",\"position\":1,\"name\":\"Home\",\"item\":\"https:\\\/\\\/chemgramx.com\\\/\"},{\"@type\":\"ListItem\",\"position\":2,\"name\":\"Shop\",\"item\":\"https:\\\/\\\/chemgramx.com\\\/shop\\\/\"},{\"@type\":\"ListItem\",\"position\":3,\"name\":\"4-Fluorococaine kaufen \u2013 Hohe Reinheit\"}]},{\"@type\":\"WebSite\",\"@id\":\"https:\\\/\\\/chemgramx.com\\\/#website\",\"url\":\"https:\\\/\\\/chemgramx.com\\\/\",\"name\":\"Chemgramx\",\"description\":\"\",\"publisher\":{\"@id\":\"https:\\\/\\\/chemgramx.com\\\/#organization\"},\"potentialAction\":[{\"@type\":\"SearchAction\",\"target\":{\"@type\":\"EntryPoint\",\"urlTemplate\":\"https:\\\/\\\/chemgramx.com\\\/?s={search_term_string}\"},\"query-input\":{\"@type\":\"PropertyValueSpecification\",\"valueRequired\":true,\"valueName\":\"search_term_string\"}}],\"inLanguage\":\"hu\"},{\"@type\":\"Organization\",\"@id\":\"https:\\\/\\\/chemgramx.com\\\/#organization\",\"name\":\"Chemgramx\",\"url\":\"https:\\\/\\\/chemgramx.com\\\/\",\"logo\":{\"@type\":\"ImageObject\",\"inLanguage\":\"hu\",\"@id\":\"https:\\\/\\\/chemgramx.com\\\/#\\\/schema\\\/logo\\\/image\\\/\",\"url\":\"https:\\\/\\\/chemgramx.com\\\/wp-content\\\/uploads\\\/2024\\\/10\\\/final-logo.png\",\"contentUrl\":\"https:\\\/\\\/chemgramx.com\\\/wp-content\\\/uploads\\\/2024\\\/10\\\/final-logo.png\",\"width\":250,\"height\":48,\"caption\":\"Chemgramx\"},\"image\":{\"@id\":\"https:\\\/\\\/chemgramx.com\\\/#\\\/schema\\\/logo\\\/image\\\/\"}}]}<\/script>\n<!-- \/ Yoast SEO plugin. -->","yoast_head_json":{"title":"4-fluorokokain v\u00e1s\u00e1rl\u00e1s \u2013 Magas tisztas\u00e1g\u00fa","description":"Fedezze fel a kiv\u00e1l\u00f3 min\u0151s\u00e9g\u0171 4-fluorokokaint kutat\u00e1si c\u00e9lokra. Biztos\u00edtsa mag\u00e1nak az eredeti laborat\u00f3riumi min\u0151s\u00e9get, \u00e9s rendeljen most online a Chemgramx weboldal\u00e1n.","robots":{"index":"index","follow":"follow","max-snippet":"max-snippet:-1","max-image-preview":"max-image-preview:large","max-video-preview":"max-video-preview:-1"},"canonical":"https:\/\/chemgramx.com\/hu\/termek-1\/4-vasarolni-fluorococaine-online\/","og_locale":"hu_HU","og_type":"article","og_title":"4-Fluorococaine kaufen \u2013 Hohe Reinheit","og_description":"Entdecken Sie hochwertiges 4-Fluorococaine f\u00fcr Forschungszwecke. Sichern Sie sich authentische Laborqualit\u00e4t und bestellen Sie jetzt online bei Chemgramx.","og_url":"https:\/\/chemgramx.com\/hu\/termek-1\/4-vasarolni-fluorococaine-online\/","og_site_name":"Chemgramx","article_modified_time":"2025-12-09T10:34:28+00:00","og_image":[{"width":750,"height":500,"url":"https:\/\/chemgramx.com\/wp-content\/uploads\/2025\/11\/4-Fluorococaine-kaufen.jpg","type":"image\/jpeg"}],"twitter_card":"summary_large_image","twitter_misc":{"Becs\u00fclt olvas\u00e1si id\u0151":"2 perc"},"schema":{"@context":"https:\/\/schema.org","@graph":[{"@type":"WebPage","@id":"https:\/\/chemgramx.com\/product\/4-fluorococaine-online-kaufen\/","url":"https:\/\/chemgramx.com\/product\/4-fluorococaine-online-kaufen\/","name":"4-fluorokokain v\u00e1s\u00e1rl\u00e1s \u2013 Magas tisztas\u00e1g\u00fa","isPartOf":{"@id":"https:\/\/chemgramx.com\/#website"},"primaryImageOfPage":{"@id":"https:\/\/chemgramx.com\/product\/4-fluorococaine-online-kaufen\/#primaryimage"},"image":{"@id":"https:\/\/chemgramx.com\/product\/4-fluorococaine-online-kaufen\/#primaryimage"},"thumbnailUrl":"https:\/\/chemgramx.com\/wp-content\/uploads\/2025\/11\/4-Fluorococaine-kaufen.jpg","datePublished":"2025-11-21T16:45:57+00:00","dateModified":"2025-12-09T10:34:28+00:00","description":"Fedezze fel a kiv\u00e1l\u00f3 min\u0151s\u00e9g\u0171 4-fluorokokaint kutat\u00e1si c\u00e9lokra. Biztos\u00edtsa mag\u00e1nak az eredeti laborat\u00f3riumi min\u0151s\u00e9get, \u00e9s rendeljen most online a Chemgramx weboldal\u00e1n.","breadcrumb":{"@id":"https:\/\/chemgramx.com\/product\/4-fluorococaine-online-kaufen\/#breadcrumb"},"inLanguage":"hu","potentialAction":[{"@type":"ReadAction","target":["https:\/\/chemgramx.com\/product\/4-fluorococaine-online-kaufen\/"]}]},{"@type":"ImageObject","inLanguage":"hu","@id":"https:\/\/chemgramx.com\/product\/4-fluorococaine-online-kaufen\/#primaryimage","url":"https:\/\/chemgramx.com\/wp-content\/uploads\/2025\/11\/4-Fluorococaine-kaufen.jpg","contentUrl":"https:\/\/chemgramx.com\/wp-content\/uploads\/2025\/11\/4-Fluorococaine-kaufen.jpg","width":750,"height":500},{"@type":"BreadcrumbList","@id":"https:\/\/chemgramx.com\/product\/4-fluorococaine-online-kaufen\/#breadcrumb","itemListElement":[{"@type":"ListItem","position":1,"name":"Home","item":"https:\/\/chemgramx.com\/"},{"@type":"ListItem","position":2,"name":"Shop","item":"https:\/\/chemgramx.com\/shop\/"},{"@type":"ListItem","position":3,"name":"4-Fluorococaine kaufen \u2013 Hohe Reinheit"}]},{"@type":"WebSite","@id":"https:\/\/chemgramx.com\/#website","url":"https:\/\/chemgramx.com\/","name":"Chemgramx","description":"","publisher":{"@id":"https:\/\/chemgramx.com\/#organization"},"potentialAction":[{"@type":"SearchAction","target":{"@type":"EntryPoint","urlTemplate":"https:\/\/chemgramx.com\/?s={search_term_string}"},"query-input":{"@type":"PropertyValueSpecification","valueRequired":true,"valueName":"search_term_string"}}],"inLanguage":"hu"},{"@type":"Organization","@id":"https:\/\/chemgramx.com\/#organization","name":"Chemgramx","url":"https:\/\/chemgramx.com\/","logo":{"@type":"ImageObject","inLanguage":"hu","@id":"https:\/\/chemgramx.com\/#\/schema\/logo\/image\/","url":"https:\/\/chemgramx.com\/wp-content\/uploads\/2024\/10\/final-logo.png","contentUrl":"https:\/\/chemgramx.com\/wp-content\/uploads\/2024\/10\/final-logo.png","width":250,"height":48,"caption":"Chemgramx"},"image":{"@id":"https:\/\/chemgramx.com\/#\/schema\/logo\/image\/"}}]}},"_links":{"self":[{"href":"https:\/\/chemgramx.com\/hu\/wp-json\/wp\/v2\/product\/8024","targetHints":{"allow":["GET"]}}],"collection":[{"href":"https:\/\/chemgramx.com\/hu\/wp-json\/wp\/v2\/product"}],"about":[{"href":"https:\/\/chemgramx.com\/hu\/wp-json\/wp\/v2\/types\/product"}],"replies":[{"embeddable":true,"href":"https:\/\/chemgramx.com\/hu\/wp-json\/wp\/v2\/comments?post=8024"}],"wp:featuredmedia":[{"embeddable":true,"href":"https:\/\/chemgramx.com\/hu\/wp-json\/wp\/v2\/media\/8079"}],"wp:attachment":[{"href":"https:\/\/chemgramx.com\/hu\/wp-json\/wp\/v2\/media?parent=8024"}],"wp:term":[{"taxonomy":"product_brand","embeddable":true,"href":"https:\/\/chemgramx.com\/hu\/wp-json\/wp\/v2\/product_brand?post=8024"},{"taxonomy":"product_cat","embeddable":true,"href":"https:\/\/chemgramx.com\/hu\/wp-json\/wp\/v2\/product_cat?post=8024"},{"taxonomy":"product_tag","embeddable":true,"href":"https:\/\/chemgramx.com\/hu\/wp-json\/wp\/v2\/product_tag?post=8024"}],"curies":[{"name":"wp","href":"https:\/\/api.w.org\/{rel}","templated":true}]}}