{"id":8034,"date":"2025-11-21T16:46:32","date_gmt":"2025-11-21T16:46:32","guid":{"rendered":"https:\/\/chemgramx.com\/?post_type=product&#038;p=8034"},"modified":"2025-12-09T10:26:28","modified_gmt":"2025-12-09T10:26:28","slug":"4-mph-4-metilfenidat-online-vasarlas","status":"publish","type":"product","link":"https:\/\/chemgramx.com\/hu\/product\/4-mph-4-methylphenidat-online-kaufen\/","title":{"rendered":"4-MPH v\u00e1s\u00e1rl\u00e1s \u2013 Kutat\u00e1si vegyi anyag (kiv\u00e1l\u00f3 min\u0151s\u00e9g\u0171)"},"content":{"rendered":"<p>\u00dcdv\u00f6z\u00f6lj\u00fck a Chemgramxn\u00e9l, a kiv\u00e1l\u00f3 min\u0151s\u00e9g\u0171 kutat\u00e1si vegyszerek vezet\u0151 forr\u00e1s\u00e1n\u00e1l. Ha \u00d6n <b>4-MPH elad\u00f3<\/b> szeretn\u00e9nek v\u00e1s\u00e1rolni, n\u00e1lunk kiv\u00e1l\u00f3 tisztas\u00e1g\u00fa \u00e9s min\u0151s\u00e9g\u0171 term\u00e9keket tal\u00e1lnak. B\u00fcszk\u00e9k vagyunk arra, hogy csak a legszigor\u00fabb laborat\u00f3riumi szabv\u00e1nyoknak megfelel\u0151 vegyszereket k\u00edn\u00e1lunk. Ez\u00e9rt 4-metilfenid\u00e1tunk kifejezetten tudom\u00e1nyos \u00e9s kutat\u00e1si c\u00e9lokra lett kifejlesztve. A magas tisztas\u00e1g garant\u00e1lja a megb\u00edzhat\u00f3 eredm\u00e9nyeket tanulm\u00e1nyaikhoz.<\/p>\n<p><b>4-metilfenid\u00e1t<\/b>, gyakran <b>4-MPH<\/b> r\u00f6vid\u00edtve, egy olyan vegy\u00fclet, amely egyre nagyobb \u00e9rdekl\u0151d\u00e9st v\u00e1lt ki a kutat\u00f3i k\u00f6z\u00f6ss\u00e9gben. A fenid\u00e1tok oszt\u00e1ly\u00e1ba tartozik, \u00e9s a k\u00f6zponti idegrendszerre gyakorolt potenci\u00e1lis hat\u00e1sa miatt vizsg\u00e1lj\u00e1k. Ezenk\u00edv\u00fcl a <b>kiv\u00e1l\u00f3 min\u0151s\u00e9g\u0171 4-MPH<\/b> Prec\u00edz k\u00eds\u00e9rletek \u00e9s megalapozott ismeretek. Fedezze fel term\u00e9keinket, \u00e9s gy\u0151z\u0151dj\u00f6n meg saj\u00e1t maga a min\u0151s\u00e9gr\u0151l, amelyet k\u00edn\u00e1lunk \u00d6nnek.<\/p>\n<h2>Alkalmaz\u00e1si ter\u00fcletek \u00e9s kutat\u00e1si potenci\u00e1l<\/h2>\n<p><b>4-MPH<\/b> Els\u0151sorban laborat\u00f3riumi vizsg\u00e1latokhoz \u00e9s k\u00e9miai elemz\u00e9sekhez haszn\u00e1lj\u00e1k. Kutat\u00f3k vil\u00e1gszerte alkalmazz\u00e1k annak \u00e9rdek\u00e9ben, hogy jobban meg\u00e9rts\u00e9k farmakol\u00f3giai tulajdons\u00e1gait \u00e9s lehets\u00e9ges alkalmaz\u00e1si ter\u00fcleteit. P\u00e9ld\u00e1ul gyakran haszn\u00e1lj\u00e1k in vitro vagy in vivo kontroll\u00e1lt k\u00f6rnyezetben annak \u00e9rdek\u00e9ben, hogy megvizsg\u00e1lj\u00e1k a neurotranszmitterekkel val\u00f3 k\u00f6lcs\u00f6nhat\u00e1sait. Ez\u00e9rt a anyag pontos \u00f6sszet\u00e9tele d\u00f6nt\u0151 fontoss\u00e1g\u00fa a vizsg\u00e1lati eredm\u00e9nyek \u00e9rv\u00e9nyess\u00e9g\u00e9hez.<\/p>\n<p>Ezenk\u00edv\u00fcl a molekula sz\u00e9les k\u00f6r\u0171 kutat\u00e1si lehet\u0151s\u00e9geket k\u00edn\u00e1l. Haszn\u00e1lhat\u00f3 stimul\u00e1nsok, azok mechanizmusainak \u00e9s potenci\u00e1lis ter\u00e1pi\u00e1s hat\u00e1sainak vizsg\u00e1lat\u00e1ra. K\u00edn\u00e1latunk <b>4-MPH kutat\u00e1si oszt\u00e1ly elad\u00f3<\/b> amely megfelel ezeknek a szigor\u00fa k\u00f6vetelm\u00e9nyeknek. Ez\u00e9rt sok tud\u00f3s b\u00edzik prec\u00edz \u00e9s megb\u00edzhat\u00f3 anyagainkban fontos projektjeik sor\u00e1n.<\/p>\n<p>A sokoldal\u00fas\u00e1g <b>4-MPH<\/b> \u00e9rt\u00e9kes eszk\u00f6zz\u00e9 teszi k\u00fcl\u00f6nb\u00f6z\u0151 idegtudom\u00e1nyi \u00e9s farmakol\u00f3giai diszcipl\u00edn\u00e1kban. M\u00e9lyebb betekint\u00e9st enged az agy m\u0171k\u00f6d\u00e9s\u00e9be \u00e9s \u00faj kezel\u00e9si m\u00f3dszerek kidolgoz\u00e1s\u00e1ba. Ezenk\u00edv\u00fcl gyakran \u00f6sszehasonl\u00edtj\u00e1k m\u00e1s vegy\u00fcletekkel, hogy spektr\u00e1lis k\u00fcl\u00f6nbs\u00e9geket \u00e9s potenci\u00e1lis szinergi\u00e1kat azonos\u00edtsanak. \u00cdgy \u00d6n <b>A legjobb 4-MPH el\u00e9rhet\u0151<\/b> kutat\u00e1si projektjeihez a Chemgramx-n\u00e1l.<\/p>\n<h2>Min\u0151s\u00e9g \u00e9s tisztas\u00e1g a Chemgramx-n\u00e1l<\/h2>\n<p>A Chemgramxn\u00e1l nagy hangs\u00falyt fektet\u00fcnk term\u00e9keink min\u0151s\u00e9g\u00e9re. A mi <b>4-metilfenid\u00e1t<\/b> a legszigor\u00fabb laborat\u00f3riumi felt\u00e9telek mellett gy\u00e1rtj\u00e1k \u00e9s tesztelik. Ez\u00e9rt biztos lehet benne, hogy egy olyan term\u00e9ket v\u00e1s\u00e1rol, amely <b>legmagasabb tisztas\u00e1g\u00fa elad\u00f3<\/b> minden t\u00e9tel gondosan ellen\u0151rz\u00e9sre ker\u00fcl, hogy kiz\u00e1rhat\u00f3 legyen a szennyez\u0151d\u00e9s \u00e9s meger\u0151s\u00edthet\u0151 legyen a megadott koncentr\u00e1ci\u00f3. Ez\u00e9rt tartanak minket megb\u00edzhat\u00f3 besz\u00e1ll\u00edt\u00f3nak.<\/p>\n<p>Tiszt\u00e1ban vagyunk azzal, hogy a tudom\u00e1nyos kutat\u00e1sban a k\u00f6vetkezetess\u00e9g \u00e9s a megb\u00edzhat\u00f3s\u00e1g rendk\u00edv\u00fcl fontos. Ez\u00e9rt kiz\u00e1r\u00f3lag <b>Laborat\u00f3riumi min\u0151s\u00e9g\u0171 4-MPH elad\u00f3<\/b> a legmagasabb ipari szabv\u00e1nyoknak megfelel\u0151. Ha \u00d6n <b>hiteles 4-MPH<\/b> keres, akkor a Chemgramx a megfelel\u0151 v\u00e1laszt\u00e1s. A kiv\u00e1l\u00f3s\u00e1g ir\u00e1nti elk\u00f6telezetts\u00e9g\u00fcnk minden term\u00e9k\u00fcnkben t\u00fckr\u00f6z\u0151dik, \u00edgy biztos\u00edtva a kutat\u00e1sok \u00e1lland\u00f3 min\u0151s\u00e9g\u00e9t.<\/p>\n<p>Kutat\u00e1s\u00e1nak optim\u00e1lis t\u00e1mogat\u00e1sa \u00e9rdek\u00e9ben elengedhetetlen a legtiszt\u00e1bb anyagokhoz val\u00f3 hozz\u00e1f\u00e9r\u00e9s. Ez\u00e9rt <b>Kiv\u00e1l\u00f3 min\u0151s\u00e9g\u0171 4-MPH<\/b> k\u00edn\u00e1latunk egyik sarokk\u00f6ve. Ezen t\u00falmen\u0151en sz\u00e9les k\u00f6r\u0171 kutat\u00e1si vegyszerekkel is tal\u00e1lkozhat n\u00e1lunk. Ha p\u00e9ld\u00e1ul kapcsol\u00f3d\u00f3 vegy\u00fcletek \u00e9rdeklik, tekintse meg k\u00edn\u00e1latunkat a <a href=\"https:\/\/chemgramx.com\/product\/6-apb-online-bestellung\/\">6-APB online megrendel\u00e9se<\/a> felfedezni. Ez jelent\u0151sen b\u0151v\u00edti az \u00f6sszehasonl\u00edt\u00f3 tanulm\u00e1nyok lehet\u0151s\u00e9geit.<\/p>\n<p>C\u00e9lunk, hogy a kutat\u00f3k sz\u00e1m\u00e1ra a kiv\u00e1l\u00f3 min\u0151s\u00e9g\u0171 vegyi anyagok beszerz\u00e9s\u00e9t a lehet\u0151 legegyszer\u0171bb\u00e9 \u00e9s legbiztons\u00e1gosabb\u00e1 tegy\u00fck. Ha \u00d6n <b>4-MPH online megrendel\u00e9s<\/b> szeretn\u00e9nek, egyszer\u0171 \u00e9s <b>biztons\u00e1gos v\u00e1s\u00e1rl\u00e1s<\/b>. Mindig arra t\u00f6reksz\u00fcnk, hogy meghaladjuk \u00fcgyfeleink elv\u00e1r\u00e1sait \u00e9s kiv\u00e1l\u00f3 szolg\u00e1ltat\u00e1st ny\u00fajtsunk. V\u00e1s\u00e1roljon teh\u00e1t a Chemgramx-n\u00e1l, \u00e9s profit\u00e1ljon szak\u00e9rtelm\u00fcnkb\u0151l.<\/p>\n<h2>Biztons\u00e1gi inform\u00e1ci\u00f3k \u00e9s kezel\u00e9s<\/h2>\n<p>A kutat\u00e1si vegyszerek kezel\u00e9se, mint p\u00e9ld\u00e1ul <b>4-MPH<\/b> rendk\u00edv\u00fcli \u00f3vatoss\u00e1got \u00e9s speci\u00e1lis biztons\u00e1gi el\u0151\u00edr\u00e1sok betart\u00e1s\u00e1t ig\u00e9nyli. A term\u00e9ket kiz\u00e1r\u00f3lag ellen\u0151rz\u00f6tt laborat\u00f3riumi k\u00f6rnyezetben, k\u00e9pzett szem\u00e9lyzet kezelheti. Ezenk\u00edv\u00fcl mindig megfelel\u0151 egy\u00e9ni v\u00e9d\u0151felszerel\u00e9st (PSA) kell viselni, p\u00e9ld\u00e1ul keszty\u0171t, v\u00e9d\u0151szem\u00fcveget \u00e9s laborat\u00f3riumi k\u00f6penyt. Ez minim\u00e1lisra cs\u00f6kkenti az expoz\u00edci\u00f3 kock\u00e1zat\u00e1t \u00e9s v\u00e9di az eg\u00e9szs\u00e9g\u00e9t.<\/p>\n<p>A t\u00e1rol\u00e1s <b>4-metilfenid\u00e1t<\/b> megfelel\u0151 k\u00f6r\u00fclm\u00e9nyek k\u00f6z\u00f6tt kell t\u00f6rt\u00e9nnie. H\u0171v\u00f6s, sz\u00e1raz \u00e9s j\u00f3l szell\u0151z\u0151 helyen t\u00e1rolja, k\u00f6zvetlen napf\u00e9nyt\u0151l \u00e9s nedvess\u00e9gt\u0151l t\u00e1vol. Ezenk\u00edv\u00fcl a term\u00e9k integrit\u00e1s\u00e1nak meg\u0151rz\u00e9se \u00e9rdek\u00e9ben elengedhetetlen a biztons\u00e1gos t\u00e1rol\u00e1s z\u00e1rt tart\u00e1lyban. Gondoskodjon arr\u00f3l, hogy a term\u00e9k ne ker\u00fclj\u00f6n illet\u00e9ktelenek \u00e9s gyermekek kez\u00e9be, mivel kiz\u00e1r\u00f3lag kutat\u00e1si c\u00e9lokra sz\u00e1nj\u00e1k.<\/p>\n<p>Haszn\u00e1lat el\u0151tt fontos megismerni a term\u00e9k saj\u00e1toss\u00e1gait \u00e9s a lehets\u00e9ges vesz\u00e9lyeket. <b>4-MPH<\/b> megismertetni. Mindig olvassa el a term\u00e9k biztons\u00e1gi adatlapj\u00e1t (SDB) a r\u00e9szletes inform\u00e1ci\u00f3k\u00e9rt. V\u00e9letlen \u00e9rintkez\u00e9s vagy lenyel\u00e9s eset\u00e9n azonnal forduljon orvoshoz. A felel\u0151ss\u00e9gteljes kezel\u00e9s a kulcs a laborat\u00f3riumi biztons\u00e1g garant\u00e1l\u00e1s\u00e1hoz. Tov\u00e1bbi inform\u00e1ci\u00f3k a <b>4-metilfenid\u00e1t online megrendel\u00e9se<\/b> tal\u00e1lhat\u00f3k term\u00e9k\u00fcnk r\u00e9szletes le\u00edr\u00e1s\u00e1n.<\/p>\n<h2>Gyakran ism\u00e9telt k\u00e9rd\u00e9sek (GYIK)<\/h2>\n<h3>Mi az a 4-MPH \u00e9s mire haszn\u00e1lj\u00e1k?<\/h3>\n<p><b>4-MPH<\/b>, vagy <b>4-metilfenid\u00e1t<\/b>, egy kutat\u00e1si vegyi anyag a fenid\u00e1tok csoportj\u00e1b\u00f3l. F\u0151k\u00e9nt tudom\u00e1nyos kutat\u00e1sokban haszn\u00e1lj\u00e1k, hogy farmakol\u00f3giai tulajdons\u00e1gait \u00e9s hat\u00e1s\u00e1t vizsg\u00e1lj\u00e1k. Ez\u00e9rt nem emberi fogyaszt\u00e1sra sz\u00e1nt anyag.<\/p>\n<h3>Hogyan biztos\u00edtj\u00e1k a 4-MPH tisztas\u00e1g\u00e1t?<\/h3>\n<p>Term\u00e9keink tisztas\u00e1ga <b>4-MPH<\/b> szigor\u00fa min\u0151s\u00e9g-ellen\u0151rz\u00e9sek \u00e9s speci\u00e1lis laborat\u00f3riumokban v\u00e9gzett elemz\u00e9sek biztos\u00edtj\u00e1k. Minden t\u00e9tel r\u00e9szletes teszteken esik \u00e1t, hogy megfeleljen a legmagasabb szabv\u00e1nyoknak. Ennek eredm\u00e9nyek\u00e9nt csak <b>magas tisztas\u00e1g\u00fa elad\u00f3<\/b> to.<\/p>\n<h3>Lehets\u00e9ges-e diszkr\u00e9ten megv\u00e1s\u00e1rolni a 4-MPH-t?<\/h3>\n<p>Els\u0151dleges fontoss\u00e1got tulajdon\u00edtunk a diszkr\u00e9ci\u00f3nak \u00e9s a <b>biztons\u00e1gos v\u00e1s\u00e1rl\u00e1s<\/b> \u00fcgyfeleink. Folyamataink \u00fagy vannak kialak\u00edtva, hogy megv\u00e9dj\u00e9k adatait \u00e9s z\u00f6kken\u0151mentes m\u0171k\u00f6d\u00e9st biztos\u00edtsanak. Ez\u00e9rt n\u00e1lunk <b>most online megv\u00e1s\u00e1rolhat\u00f3<\/b>.<\/p>\n<h3>Van alternat\u00edv\u00e1ja a 4-MPH-nak a term\u00e9kv\u00e1laszt\u00e9k\u00e1ban?<\/h3>\n<p>Igen, a Chemgramx sz\u00e9les v\u00e1laszt\u00e9kban k\u00edn\u00e1l kutat\u00e1si vegyszereket. K\u00edn\u00e1latunkat folyamatosan b\u0151v\u00edtj\u00fck. P\u00e9ld\u00e1ul m\u00e1s fenid\u00e1tokat vagy hasonl\u00f3 vegy\u00fcleteket is tal\u00e1lhat kutat\u00e1s\u00e1hoz. L\u00e1togasson el weboldalunkra, hogy tov\u00e1bbi lehet\u0151s\u00e9geket fedezzen fel, \u00e9s <a href=\"https:\/\/chemgramx.com\/product\/4-mph-4-methylphenidat-online-kaufen\/\">4-MPH online v\u00e1s\u00e1rl\u00e1s<\/a>.<\/p>\n<h3>Milyen inform\u00e1ci\u00f3k fontosak a 4-MPH biztons\u00e1gos kezel\u00e9s\u00e9hez?<\/h3>\n<p>A biztons\u00e1gos kezel\u00e9s \u00e9rdek\u00e9ben mindig viseljen egy\u00e9ni v\u00e9d\u0151felszerel\u00e9st, t\u00e1rolja a term\u00e9ket h\u0171v\u00f6s, sz\u00e1raz \u00e9s biztons\u00e1gos helyen, valamint olvassa el a biztons\u00e1gi adatlapot (SDB). A anyaggal csak k\u00e9pzett szakemberek dolgozhatnak. \u00cdgy biztos\u00edtjuk, hogy minden sz\u00fcks\u00e9ges inform\u00e1ci\u00f3t megkapjon.<\/p>","protected":false},"excerpt":{"rendered":"<p>Fedezze fel a <b>4-MPH (4-metilfenid\u00e1t)<\/b> a Chemgramx-t\u00f3l, egy laborat\u00f3riumi min\u0151s\u00e9g\u0171, nagy tisztas\u00e1g\u00fa kutat\u00e1si vegyszer. Ide\u00e1lis r\u00e9szletes tudom\u00e1nyos tanulm\u00e1nyokhoz \u00e9s elemz\u00e9sekhez. N\u00e1lunk megv\u00e1s\u00e1rolhatja <b>4-MPH v\u00e1s\u00e1rl\u00e1s<\/b> \u00e9s profit\u00e1ljon elk\u00f6telezetts\u00e9g\u00fcnkb\u0151l a kiv\u00e1l\u00f3 min\u0151s\u00e9g ir\u00e1nt. Egy <b>biztons\u00e1gos v\u00e1s\u00e1rl\u00e1s<\/b> a  c\u00edmr\u0151l <b>hiteles 4-MPH<\/b> a Chemgramx garant\u00e1lja.<\/p>","protected":false},"featured_media":8080,"comment_status":"open","ping_status":"closed","template":"","meta":{"_joinchat":[]},"product_brand":[],"product_cat":[48],"product_tag":[1654,1670,1667,1677,1663,1676,1660,1661,1656,1653,1672,1674,1657,1668,1671,1655,1662,1673,1678,1675,1658,1659,1669,1664,1666,1665],"class_list":{"0":"post-8034","1":"product","2":"type-product","3":"status-publish","4":"has-post-thumbnail","6":"product_cat-stimulants","7":"product_tag-4-methylphenidat-bestellen","8":"product_tag-4-mph-bestellen","9":"product_tag-4-mph-bulk-bestellung","10":"product_tag-4-mph-chemikalie","11":"product_tag-4-mph-experimente","12":"product_tag-4-mph-forschung","13":"product_tag-4-mph-forschung-chemikalie","14":"product_tag-4-mph-fur-neurowissenschaftliche-studien","15":"product_tag-4-mph-groshandel","16":"product_tag-4-mph-kaufen","17":"product_tag-4-mph-labor","18":"product_tag-4-mph-legal","19":"product_tag-4-mph-lieferant","20":"product_tag-4-mph-marktanalyse","21":"product_tag-4-mph-online","22":"product_tag-4-mph-online-bestellen","23":"product_tag-4-mph-pharmazeutische-forschung","24":"product_tag-4-mph-sicher","25":"product_tag-4-mph-versand","26":"product_tag-4mph-gunstig","27":"product_tag-forschung-chemikalien-4-mph","28":"product_tag-hochwertige-4-mph-kaufen","29":"product_tag-innovative-4-mph-forschung","30":"product_tag-laborqualitat-4-mph","31":"product_tag-legaler-4-mph-anbieter","32":"product_tag-sicherer-4-mph-versand","34":"first","35":"instock","36":"shipping-taxable","37":"purchasable","38":"product-type-variable"},"yoast_head":"<!-- This site is optimized with the Yoast SEO plugin v27.5 - https:\/\/yoast.com\/product\/yoast-seo-wordpress\/ -->\n<title>4-MPH kaufen \u2013 Forschungschemikalie (Hochwertig)<\/title>\n<meta name=\"description\" content=\"Entdecken Sie hochreines 4-MPH (4-Methylphenidat) in Laborqualit\u00e4t bei Chemgramx. Bestellen Sie diese Forschungschemikalie sicher online und profitieren Sie von Top-Qualit\u00e4t.\" \/>\n<meta name=\"robots\" content=\"index, follow, max-snippet:-1, max-image-preview:large, max-video-preview:-1\" \/>\n<link rel=\"canonical\" href=\"https:\/\/chemgramx.com\/hu\/termek-1\/4-mph-4-metilfenidat-online-vasarlas\/\" \/>\n<meta property=\"og:locale\" content=\"hu_HU\" \/>\n<meta property=\"og:type\" content=\"article\" \/>\n<meta property=\"og:title\" content=\"4-MPH kaufen \u2013 Forschungschemikalie (Hochwertig)\" \/>\n<meta property=\"og:description\" content=\"Entdecken Sie hochreines 4-MPH (4-Methylphenidat) in Laborqualit\u00e4t bei Chemgramx. Bestellen Sie diese Forschungschemikalie sicher online und profitieren Sie von Top-Qualit\u00e4t.\" \/>\n<meta property=\"og:url\" content=\"https:\/\/chemgramx.com\/hu\/termek-1\/4-mph-4-metilfenidat-online-vasarlas\/\" \/>\n<meta property=\"og:site_name\" content=\"Chemgramx\" \/>\n<meta property=\"article:modified_time\" content=\"2025-12-09T10:26:28+00:00\" \/>\n<meta property=\"og:image\" content=\"https:\/\/chemgramx.com\/wp-content\/uploads\/2025\/11\/4-Methylphenidat.png\" \/>\n\t<meta property=\"og:image:width\" content=\"1378\" \/>\n\t<meta property=\"og:image:height\" content=\"1196\" \/>\n\t<meta property=\"og:image:type\" content=\"image\/png\" \/>\n<meta name=\"twitter:card\" content=\"summary_large_image\" \/>\n<meta name=\"twitter:label1\" content=\"Becs\u00fclt olvas\u00e1si id\u0151\" \/>\n\t<meta name=\"twitter:data1\" content=\"3 perc\" \/>\n<script type=\"application\/ld+json\" class=\"yoast-schema-graph\">{\"@context\":\"https:\\\/\\\/schema.org\",\"@graph\":[{\"@type\":\"WebPage\",\"@id\":\"https:\\\/\\\/chemgramx.com\\\/product\\\/4-mph-4-methylphenidat-online-kaufen\\\/\",\"url\":\"https:\\\/\\\/chemgramx.com\\\/product\\\/4-mph-4-methylphenidat-online-kaufen\\\/\",\"name\":\"4-MPH kaufen \u2013 Forschungschemikalie (Hochwertig)\",\"isPartOf\":{\"@id\":\"https:\\\/\\\/chemgramx.com\\\/#website\"},\"primaryImageOfPage\":{\"@id\":\"https:\\\/\\\/chemgramx.com\\\/product\\\/4-mph-4-methylphenidat-online-kaufen\\\/#primaryimage\"},\"image\":{\"@id\":\"https:\\\/\\\/chemgramx.com\\\/product\\\/4-mph-4-methylphenidat-online-kaufen\\\/#primaryimage\"},\"thumbnailUrl\":\"https:\\\/\\\/chemgramx.com\\\/wp-content\\\/uploads\\\/2025\\\/11\\\/4-Methylphenidat.png\",\"datePublished\":\"2025-11-21T16:46:32+00:00\",\"dateModified\":\"2025-12-09T10:26:28+00:00\",\"description\":\"Entdecken Sie hochreines 4-MPH (4-Methylphenidat) in Laborqualit\u00e4t bei Chemgramx. Bestellen Sie diese Forschungschemikalie sicher online und profitieren Sie von Top-Qualit\u00e4t.\",\"breadcrumb\":{\"@id\":\"https:\\\/\\\/chemgramx.com\\\/product\\\/4-mph-4-methylphenidat-online-kaufen\\\/#breadcrumb\"},\"inLanguage\":\"hu\",\"potentialAction\":[{\"@type\":\"ReadAction\",\"target\":[\"https:\\\/\\\/chemgramx.com\\\/product\\\/4-mph-4-methylphenidat-online-kaufen\\\/\"]}]},{\"@type\":\"ImageObject\",\"inLanguage\":\"hu\",\"@id\":\"https:\\\/\\\/chemgramx.com\\\/product\\\/4-mph-4-methylphenidat-online-kaufen\\\/#primaryimage\",\"url\":\"https:\\\/\\\/chemgramx.com\\\/wp-content\\\/uploads\\\/2025\\\/11\\\/4-Methylphenidat.png\",\"contentUrl\":\"https:\\\/\\\/chemgramx.com\\\/wp-content\\\/uploads\\\/2025\\\/11\\\/4-Methylphenidat.png\",\"width\":1378,\"height\":1196},{\"@type\":\"BreadcrumbList\",\"@id\":\"https:\\\/\\\/chemgramx.com\\\/product\\\/4-mph-4-methylphenidat-online-kaufen\\\/#breadcrumb\",\"itemListElement\":[{\"@type\":\"ListItem\",\"position\":1,\"name\":\"Home\",\"item\":\"https:\\\/\\\/chemgramx.com\\\/\"},{\"@type\":\"ListItem\",\"position\":2,\"name\":\"Shop\",\"item\":\"https:\\\/\\\/chemgramx.com\\\/shop\\\/\"},{\"@type\":\"ListItem\",\"position\":3,\"name\":\"4-MPH kaufen \u2013 Forschungschemikalie (Hochwertig)\"}]},{\"@type\":\"WebSite\",\"@id\":\"https:\\\/\\\/chemgramx.com\\\/#website\",\"url\":\"https:\\\/\\\/chemgramx.com\\\/\",\"name\":\"Chemgramx\",\"description\":\"\",\"publisher\":{\"@id\":\"https:\\\/\\\/chemgramx.com\\\/#organization\"},\"potentialAction\":[{\"@type\":\"SearchAction\",\"target\":{\"@type\":\"EntryPoint\",\"urlTemplate\":\"https:\\\/\\\/chemgramx.com\\\/?s={search_term_string}\"},\"query-input\":{\"@type\":\"PropertyValueSpecification\",\"valueRequired\":true,\"valueName\":\"search_term_string\"}}],\"inLanguage\":\"hu\"},{\"@type\":\"Organization\",\"@id\":\"https:\\\/\\\/chemgramx.com\\\/#organization\",\"name\":\"Chemgramx\",\"url\":\"https:\\\/\\\/chemgramx.com\\\/\",\"logo\":{\"@type\":\"ImageObject\",\"inLanguage\":\"hu\",\"@id\":\"https:\\\/\\\/chemgramx.com\\\/#\\\/schema\\\/logo\\\/image\\\/\",\"url\":\"https:\\\/\\\/chemgramx.com\\\/wp-content\\\/uploads\\\/2024\\\/10\\\/final-logo.png\",\"contentUrl\":\"https:\\\/\\\/chemgramx.com\\\/wp-content\\\/uploads\\\/2024\\\/10\\\/final-logo.png\",\"width\":250,\"height\":48,\"caption\":\"Chemgramx\"},\"image\":{\"@id\":\"https:\\\/\\\/chemgramx.com\\\/#\\\/schema\\\/logo\\\/image\\\/\"}}]}<\/script>\n<!-- \/ Yoast SEO plugin. -->","yoast_head_json":{"title":"4-MPH v\u00e1s\u00e1rl\u00e1s \u2013 Kutat\u00e1si vegyi anyag (kiv\u00e1l\u00f3 min\u0151s\u00e9g\u0171)","description":"Fedezze fel a Chemgramx laborat\u00f3riumi min\u0151s\u00e9g\u0171, nagy tisztas\u00e1g\u00fa 4-MPH (4-metilfenid\u00e1t) term\u00e9keit. Rendelje meg biztons\u00e1gosan online ezt a kutat\u00e1si vegyszert, \u00e9s \u00e9lvezze a kiv\u00e1l\u00f3 min\u0151s\u00e9g el\u0151nyeit.","robots":{"index":"index","follow":"follow","max-snippet":"max-snippet:-1","max-image-preview":"max-image-preview:large","max-video-preview":"max-video-preview:-1"},"canonical":"https:\/\/chemgramx.com\/hu\/termek-1\/4-mph-4-metilfenidat-online-vasarlas\/","og_locale":"hu_HU","og_type":"article","og_title":"4-MPH kaufen \u2013 Forschungschemikalie (Hochwertig)","og_description":"Entdecken Sie hochreines 4-MPH (4-Methylphenidat) in Laborqualit\u00e4t bei Chemgramx. Bestellen Sie diese Forschungschemikalie sicher online und profitieren Sie von Top-Qualit\u00e4t.","og_url":"https:\/\/chemgramx.com\/hu\/termek-1\/4-mph-4-metilfenidat-online-vasarlas\/","og_site_name":"Chemgramx","article_modified_time":"2025-12-09T10:26:28+00:00","og_image":[{"width":1378,"height":1196,"url":"https:\/\/chemgramx.com\/wp-content\/uploads\/2025\/11\/4-Methylphenidat.png","type":"image\/png"}],"twitter_card":"summary_large_image","twitter_misc":{"Becs\u00fclt olvas\u00e1si id\u0151":"3 perc"},"schema":{"@context":"https:\/\/schema.org","@graph":[{"@type":"WebPage","@id":"https:\/\/chemgramx.com\/product\/4-mph-4-methylphenidat-online-kaufen\/","url":"https:\/\/chemgramx.com\/product\/4-mph-4-methylphenidat-online-kaufen\/","name":"4-MPH v\u00e1s\u00e1rl\u00e1s \u2013 Kutat\u00e1si vegyi anyag (kiv\u00e1l\u00f3 min\u0151s\u00e9g\u0171)","isPartOf":{"@id":"https:\/\/chemgramx.com\/#website"},"primaryImageOfPage":{"@id":"https:\/\/chemgramx.com\/product\/4-mph-4-methylphenidat-online-kaufen\/#primaryimage"},"image":{"@id":"https:\/\/chemgramx.com\/product\/4-mph-4-methylphenidat-online-kaufen\/#primaryimage"},"thumbnailUrl":"https:\/\/chemgramx.com\/wp-content\/uploads\/2025\/11\/4-Methylphenidat.png","datePublished":"2025-11-21T16:46:32+00:00","dateModified":"2025-12-09T10:26:28+00:00","description":"Fedezze fel a Chemgramx laborat\u00f3riumi min\u0151s\u00e9g\u0171, nagy tisztas\u00e1g\u00fa 4-MPH (4-metilfenid\u00e1t) term\u00e9keit. Rendelje meg biztons\u00e1gosan online ezt a kutat\u00e1si vegyszert, \u00e9s \u00e9lvezze a kiv\u00e1l\u00f3 min\u0151s\u00e9g el\u0151nyeit.","breadcrumb":{"@id":"https:\/\/chemgramx.com\/product\/4-mph-4-methylphenidat-online-kaufen\/#breadcrumb"},"inLanguage":"hu","potentialAction":[{"@type":"ReadAction","target":["https:\/\/chemgramx.com\/product\/4-mph-4-methylphenidat-online-kaufen\/"]}]},{"@type":"ImageObject","inLanguage":"hu","@id":"https:\/\/chemgramx.com\/product\/4-mph-4-methylphenidat-online-kaufen\/#primaryimage","url":"https:\/\/chemgramx.com\/wp-content\/uploads\/2025\/11\/4-Methylphenidat.png","contentUrl":"https:\/\/chemgramx.com\/wp-content\/uploads\/2025\/11\/4-Methylphenidat.png","width":1378,"height":1196},{"@type":"BreadcrumbList","@id":"https:\/\/chemgramx.com\/product\/4-mph-4-methylphenidat-online-kaufen\/#breadcrumb","itemListElement":[{"@type":"ListItem","position":1,"name":"Home","item":"https:\/\/chemgramx.com\/"},{"@type":"ListItem","position":2,"name":"Shop","item":"https:\/\/chemgramx.com\/shop\/"},{"@type":"ListItem","position":3,"name":"4-MPH kaufen \u2013 Forschungschemikalie (Hochwertig)"}]},{"@type":"WebSite","@id":"https:\/\/chemgramx.com\/#website","url":"https:\/\/chemgramx.com\/","name":"Chemgramx","description":"","publisher":{"@id":"https:\/\/chemgramx.com\/#organization"},"potentialAction":[{"@type":"SearchAction","target":{"@type":"EntryPoint","urlTemplate":"https:\/\/chemgramx.com\/?s={search_term_string}"},"query-input":{"@type":"PropertyValueSpecification","valueRequired":true,"valueName":"search_term_string"}}],"inLanguage":"hu"},{"@type":"Organization","@id":"https:\/\/chemgramx.com\/#organization","name":"Chemgramx","url":"https:\/\/chemgramx.com\/","logo":{"@type":"ImageObject","inLanguage":"hu","@id":"https:\/\/chemgramx.com\/#\/schema\/logo\/image\/","url":"https:\/\/chemgramx.com\/wp-content\/uploads\/2024\/10\/final-logo.png","contentUrl":"https:\/\/chemgramx.com\/wp-content\/uploads\/2024\/10\/final-logo.png","width":250,"height":48,"caption":"Chemgramx"},"image":{"@id":"https:\/\/chemgramx.com\/#\/schema\/logo\/image\/"}}]}},"_links":{"self":[{"href":"https:\/\/chemgramx.com\/hu\/wp-json\/wp\/v2\/product\/8034","targetHints":{"allow":["GET"]}}],"collection":[{"href":"https:\/\/chemgramx.com\/hu\/wp-json\/wp\/v2\/product"}],"about":[{"href":"https:\/\/chemgramx.com\/hu\/wp-json\/wp\/v2\/types\/product"}],"replies":[{"embeddable":true,"href":"https:\/\/chemgramx.com\/hu\/wp-json\/wp\/v2\/comments?post=8034"}],"wp:featuredmedia":[{"embeddable":true,"href":"https:\/\/chemgramx.com\/hu\/wp-json\/wp\/v2\/media\/8080"}],"wp:attachment":[{"href":"https:\/\/chemgramx.com\/hu\/wp-json\/wp\/v2\/media?parent=8034"}],"wp:term":[{"taxonomy":"product_brand","embeddable":true,"href":"https:\/\/chemgramx.com\/hu\/wp-json\/wp\/v2\/product_brand?post=8034"},{"taxonomy":"product_cat","embeddable":true,"href":"https:\/\/chemgramx.com\/hu\/wp-json\/wp\/v2\/product_cat?post=8034"},{"taxonomy":"product_tag","embeddable":true,"href":"https:\/\/chemgramx.com\/hu\/wp-json\/wp\/v2\/product_tag?post=8034"}],"curies":[{"name":"wp","href":"https:\/\/api.w.org\/{rel}","templated":true}]}}