{"id":8035,"date":"2025-11-21T16:46:32","date_gmt":"2025-11-21T16:46:32","guid":{"rendered":"https:\/\/chemgramx.com\/?post_type=product&#038;p=8035"},"modified":"2025-12-09T10:26:36","modified_gmt":"2025-12-09T10:26:36","slug":"4f-mph-4-fluorometilfenidat-online-vasarlas-2","status":"publish","type":"product","link":"https:\/\/chemgramx.com\/hu\/product\/4f-mph-4-fluoromethylphenidat-online-kaufen\/","title":{"rendered":"4F-MPH v\u00e1s\u00e1rl\u00e1s \u2013 Kutat\u00e1s \u00e9s pr\u00e9mium min\u0151s\u00e9g"},"content":{"rendered":"<p>\u00dcdv\u00f6z\u00f6lj\u00fck a Chemgramxn\u00e9l, a megb\u00edzhat\u00f3 forr\u00e1s\u00e1n\u00e1l a kiv\u00e1l\u00f3 min\u0151s\u00e9g\u0171 kutat\u00e1si vegyszerekhez. Keres <b>4F-MPH (4-fluorometilfenid\u00e1t) v\u00e1s\u00e1rl\u00e1s elad\u00e1sra<\/b>, akkor j\u00f3 helyen j\u00e1r. Ezt a fenid\u00e1t-sz\u00e1rmaz\u00e9kot a legmagasabb tudom\u00e1nyos k\u00f6vetelm\u00e9nyeknek megfelel\u0151 tisztas\u00e1gban k\u00edn\u00e1ljuk. C\u00e9lunk: a kutat\u00f3k sz\u00e1m\u00e1ra hozz\u00e1f\u00e9r\u00e9st biztos\u00edtani hiteles anyagokhoz a pontos k\u00eds\u00e9rletekhez. Ez\u00e9rt garant\u00e1ljuk, hogy minden term\u00e9k\u00fcnk <b>Kiv\u00e1l\u00f3 min\u0151s\u00e9g\u0171 4F-MPH<\/b> \u00e9s szigor\u00fa min\u0151s\u00e9g-ellen\u0151rz\u00e9snek van al\u00e1vetve.<\/p>\n<h2>Mi az a 4F-MPH? K\u00e9miai \u00e1ttekint\u00e9s<\/h2>\n<p><b>4F-MPH<\/b> egy szintetikus stimul\u00e1ns a fenid\u00e1t oszt\u00e1lyb\u00f3l, \u00e9s a metilfenid\u00e1t fluor-sz\u00e1rmaz\u00e9ka. Szerkezete, amelyben egy fluor-metilcsoport tal\u00e1lhat\u00f3 a fenilgy\u0171r\u0171n, jelent\u0151sen befoly\u00e1solja farmakol\u00f3giai tulajdons\u00e1gait. Ennek k\u00f6vetkezt\u00e9ben gyakran haszn\u00e1lj\u00e1k a metilfenid\u00e1t-anal\u00f3gok \u00e9s azok k\u00f6zponti idegrendszerre gyakorolt hat\u00e1s\u00e1nak vizsg\u00e1lat\u00e1ra. Els\u0151sorban dopamin- \u00e9s noradrenalin-visszav\u00e9tel-g\u00e1tl\u00f3k\u00e9nt m\u0171k\u00f6dik. Val\u00f3j\u00e1ban a 4F-MPH-val kapcsolatos kutat\u00e1sok d\u00f6nt\u0151 fontoss\u00e1g\u00faak a stimul\u00e1nsok hat\u00e1smechanizmus\u00e1nak jobb meg\u00e9rt\u00e9se szempontj\u00e1b\u00f3l. Itt t\u00f6bbet tudhat meg a 4F-MPH tulajdons\u00e1gair\u00f3l. <a href=\"https:\/\/chemgramx.com\/product\/4f-mph-4-fluoromethylphenidat-online-kaufen\/\">4F-MPH (4-fluorometilfenid\u00e1t)<\/a> tapasztalni.<\/p>\n<h3>K\u00e9miai szerkezet \u00e9s tulajdons\u00e1gok<\/h3>\n<ul>\n<li><b>K\u00e9miai k\u00e9plet:<\/b> C<sub>14<\/sub>H<sub>18<\/sub>FNO<sub>2<\/sub><\/li>\n<li><b>Molekulat\u00f6meg:<\/b> 251,3 g\/mol<\/li>\n<li><b>Szerkezet:<\/b> Fluormetil-szubsztitu\u00e1lt fenid\u00e1t-sz\u00e1rmaz\u00e9k<\/li>\n<li><b>Oszt\u00e1lyoz\u00e1s:<\/b> Stimul\u00e1ns, fenid\u00e1t-anal\u00f3g<\/li>\n<\/ul>\n<p>Ezek a tulajdons\u00e1gok teszik a 4F-MPH-t \u00e9rt\u00e9kes eszk\u00f6zz\u00e9 az alapkutat\u00e1sban. Ennek k\u00f6sz\u00f6nhet\u0151en a tud\u00f3sok pontosabban kutathatj\u00e1k a neurotranszmisszi\u00f3s mechanizmusokat. Csak a k\u00f6vetkez\u0151ket k\u00edn\u00e1ljuk <b>Hiteles 4F-MPH<\/b> amelynek identit\u00e1s\u00e1t \u00e9s tisztas\u00e1g\u00e1t \u00e1tfog\u00f3an elemezt\u00e9k.<\/p>\n<h2>4F-MPH szint\u00e9zise \u00e9s el\u0151\u00e1ll\u00edt\u00e1sa<\/h2>\n<p>A szint\u00e9zis <b>4F-MPH<\/b> egy komplex, prec\u00edz folyamat. Els\u0151 l\u00e9p\u00e9sk\u00e9nt fluorometilcsoportot vezetnek be a prekurzor molekul\u00e1kba, majd tiszt\u00edt\u00e1si \u00e9s krist\u00e1lyos\u00edt\u00e1si l\u00e9p\u00e9sek k\u00f6vetkeznek. Ugyanilyen fontos a legmagasabb sz\u00ednvonal\u00fa el\u0151\u00edr\u00e1sok betart\u00e1sa a gy\u00e1rt\u00e1s sor\u00e1n. A Chemgramx gy\u00e1rt\u00e1si folyamata szigor\u00faan ellen\u0151rz\u00f6tt k\u00f6r\u00fclm\u00e9nyek k\u00f6z\u00f6tt zajlik, hogy elker\u00fclhet\u0151 legyen a szennyez\u0151d\u00e9s. Ez biztos\u00edtja, hogy a kutat\u00f3k mindig <b>Magas tisztas\u00e1g\u00fa 4F-MPH elad\u00f3<\/b> amely \u00e9rz\u00e9keny vizsg\u00e1latokhoz is alkalmas. Ez\u00e9rt besz\u00e1ll\u00edt\u00f3ink mindig a leg\u00fajabb ipari szabv\u00e1nyok szerint dolgoznak.<\/p>\n<h2>A 4F-MPH alkalmaz\u00e1sa \u00e9s kutat\u00e1si lehet\u0151s\u00e9gei<\/h2>\n<p><b>4F-MPH<\/b> kiz\u00e1r\u00f3lag kutat\u00e1si c\u00e9lokra szolg\u00e1l, emberi fogyaszt\u00e1sra nem alkalmas. F\u0151k\u00e9nt laborat\u00f3riumokban haszn\u00e1lj\u00e1k farmakol\u00f3giai tulajdons\u00e1gok \u00e9s biol\u00f3giai rendszerekre gyakorolt hat\u00e1sok vizsg\u00e1lat\u00e1ra. K\u00fcl\u00f6n\u00f6sen referenciastandardk\u00e9nt szolg\u00e1l:<\/p>\n<ul>\n<li>Neurobiol\u00f3giai tanulm\u00e1nyok a dopamin \u00e9s noradrenalin visszav\u00e9tel\u00e9r\u0151l<\/li>\n<li>Kutat\u00e1s a stimul\u00e1nsok \u00e1ltal kiv\u00e1ltott viselked\u00e9sr\u0151l<\/li>\n<li>Forenzikus toxikol\u00f3giai analitikai m\u00f3dszerek fejleszt\u00e9se<\/li>\n<\/ul>\n<p>Ezen t\u00falmen\u0151en a prec\u00edz term\u00e9szet\u0171 <b>4F-MPH kutat\u00f3csoport elad\u00f3<\/b> reproduk\u00e1lhat\u00f3 eredm\u00e9nyek. Ez d\u00f6nt\u0151 fontoss\u00e1g\u00fa a tudom\u00e1nyos eredm\u00e9nyek valid\u00e1l\u00e1s\u00e1hoz. Ezenk\u00edv\u00fcl a legjobb anyagokkal t\u00e1mogatjuk a kutat\u00f3i k\u00f6z\u00f6ss\u00e9get.<\/p>\n<h2>Biztons\u00e1gi \u00e9s kezel\u00e9si utas\u00edt\u00e1sok<\/h2>\n<p>A kutat\u00e1si vegyszerek kezel\u00e9se, mint p\u00e9ld\u00e1ul <b>4F-MPH<\/b> rendk\u00edv\u00fcli \u00f3vatoss\u00e1got ig\u00e9nyel. Ez\u00e9rt elengedhetetlen a szem\u00e9lyi v\u00e9d\u0151felszerel\u00e9s (PSA) haszn\u00e1lata \u00e9s a j\u00f3l szell\u0151z\u0151 helyis\u00e9gekben val\u00f3 munkav\u00e9gz\u00e9s. Ezenk\u00edv\u00fcl <b>4F-MPH<\/b> h\u0171v\u00f6s, sz\u00e1raz \u00e9s s\u00f6t\u00e9t helyen, f\u00e9nyt\u0151l, nedvess\u00e9gt\u0151l \u00e9s h\u0151t\u0151l t\u00e1vol kell t\u00e1rolni. A hullad\u00e9kkezel\u00e9snek a helyi el\u0151\u00edr\u00e1soknak megfelel\u0151en kell t\u00f6rt\u00e9nnie. R\u00f6viden: a biztons\u00e1gos kezel\u00e9s elengedhetetlen a kutat\u00e1s \u00e9s a biztons\u00e1g szempontj\u00e1b\u00f3l. Haszn\u00e1lat el\u0151tt aj\u00e1nlott \u00e1tfog\u00f3 t\u00e1j\u00e9koz\u00f3d\u00e1s.<\/p>\n<h2>Min\u0151s\u00e9gi szabv\u00e1nyok \u00e9s tisztas\u00e1g a Chemgramxn\u00e1l<\/h2>\n<p>A Chemgramx kiemelt fontoss\u00e1got tulajdon\u00edt a term\u00e9kek min\u0151s\u00e9g\u00e9nek \u00e9s tisztas\u00e1g\u00e1nak. Minden egyes t\u00e9tel <b>4F-MPH<\/b> \u00e1tfog\u00f3 elemz\u00e9snek vetj\u00fck al\u00e1, hogy garant\u00e1ljuk a deklar\u00e1lt tisztas\u00e1gi fokot. HPLC \u00e9s GC-MS m\u00f3dszerekkel igazoljuk a k\u00e9miai identit\u00e1st \u00e9s a szennyez\u0151d\u00e9sek hi\u00e1ny\u00e1t. \u00cdgy \u00d6n csak <b>Laborat\u00f3riumi min\u0151s\u00e9g\u0171 4F-MPH elad\u00f3<\/b>, amely a legmagasabb k\u00f6vetelm\u00e9nyeknek is megfelel. Ez\u00e9rt sok kutat\u00f3 \u00fagy d\u00f6nt, hogy, <a href=\"https:\/\/chemgramx.com\/product\/4f-mph-4-fluoromethylphenidat-online-kaufen\/\">4F-MPH a Chemgramx-n\u00e1l<\/a> megv\u00e1s\u00e1rolhat\u00f3k. Elemz\u00e9si tan\u00fas\u00edtv\u00e1nyok (CoA) k\u00e9r\u00e9sre rendelkez\u00e9sre \u00e1llnak. Ez\u00e1ltal a kutat\u00f3k megkapj\u00e1k a <b>Legjobb 4F-MPH el\u00e9rhet\u0151<\/b>.<\/p>\n<h2>Mi\u00e9rt \u00e9rdemes a 4F-MPH-t a Chemgramx-t\u00f3l v\u00e1s\u00e1rolni?<\/h2>\n<p>A Chemgramx v\u00e1laszt\u00e1sa azt jelenti, hogy a tudom\u00e1nyos integrit\u00e1s \u00e9s az \u00fcgyf\u00e9lel\u00e9gedetts\u00e9g mellett d\u00f6nt\u00f6tt. Kiv\u00e1l\u00f3 term\u00e9kmin\u0151s\u00e9g ir\u00e1nti elk\u00f6telezetts\u00e9g\u00fcnk \u00e9s \u00e1tl\u00e1that\u00f3 folyamataink tesznek minket egyed\u00fcl\u00e1ll\u00f3v\u00e1. \u00cdme n\u00e9h\u00e1ny ok, ami\u00e9rt \u00e9rdemes n\u00e1lunk megrendelnie <b>4F-MPH online megrendel\u00e9s<\/b> kellene:<\/p>\n<ul>\n<li><b>Garant\u00e1lt tisztas\u00e1g:<\/b> Minden term\u00e9k szigor\u00fa tesztel\u00e9sen esik \u00e1t (min. 98%).<\/li>\n<li><b>Tudom\u00e1nyos t\u00e1mogat\u00e1s:<\/b> Szak\u00e9rt\u0151i csapatunk k\u00e9szs\u00e9ggel \u00e1ll rendelkez\u00e9s\u00e9re, ha k\u00e9rd\u00e9se van.<\/li>\n<li><b>Megb\u00edzhat\u00f3s\u00e1g:<\/b> \u00c1lland\u00f3 term\u00e9kmin\u0151s\u00e9g \u00e9s rendelkez\u00e9sre \u00e1ll\u00e1s.<\/li>\n<li><b>Biztons\u00e1gos v\u00e1s\u00e1rl\u00e1s:<\/b> A tranzakci\u00f3kat a legnagyobb gondoss\u00e1ggal kezelj\u00fck.<\/li>\n<\/ul>\n<p>Ez\u00e9rt megtiszteltet\u00e9s sz\u00e1munkra, hogy t\u00e1mogathatjuk a kutat\u00f3i k\u00f6z\u00f6ss\u00e9get. Szeretne <b>4F-MPH online megrendel\u00e9s<\/b>, egyszer\u0171 \u00e9s <b>biztons\u00e1gos v\u00e1s\u00e1rl\u00e1s<\/b>. Ezenk\u00edv\u00fcl minden megrendel\u00e9st diszkr\u00e9ten \u00e9s gondosan kezel\u00fcnk. \u00d6n <b>4F-MPH a Chemgramx-n\u00e1l<\/b> v\u00e1s\u00e1rolni, mivel vezet\u0151 szolg\u00e1ltat\u00f3k\u00e9nt a bizalomra \u00e9s a min\u0151s\u00e9gre alapozunk. <b>Rendeljen 4F-MPH-t online<\/b> \u00e9s tapasztalja meg a k\u00fcl\u00f6nbs\u00e9get.<\/p>\n<h2>Gyakran ism\u00e9telt k\u00e9rd\u00e9sek (GYIK) a 4F-MPH-r\u00f3l<\/h2>\n<h3>A 4F-MPH leg\u00e1lis?<\/h3>\n<p>A kutat\u00e1si vegyi anyagok, p\u00e9ld\u00e1ul <b>4F-MPH<\/b> orsz\u00e1gonk\u00e9nt jelent\u0151sen elt\u00e9r\u0151. A v\u00e1s\u00e1rl\u00f3 felel\u0151ss\u00e9ge, hogy megrendel\u00e9s el\u0151tt ellen\u0151rizze a helyi t\u00f6rv\u00e9nyeket. \u00c1tfog\u00f3 t\u00e1j\u00e9koz\u00f3d\u00e1st \u00e9s jogi tan\u00e1csad\u00e1st javaslunk. A Chemgramx minden t\u00f6rv\u00e9nyt betart, azonban a v\u00e9gs\u0151 felel\u0151ss\u00e9g a kutat\u00f3t terheli.<\/p>\n<h3>Milyen tisztas\u00e1g\u00fa a Chemgramx 4F-MPH term\u00e9ke?<\/h3>\n<p>Elk\u00f6telezz\u00fck magunkat, hogy, <b>4F-MPH<\/b> legal\u00e1bb 98% tisztas\u00e1ggal. Minden t\u00e9tel f\u00fcggetlen laborat\u00f3riumi vizsg\u00e1latokkal ker\u00fcl ellen\u0151rz\u00e9sre. \u00cdgy mindig a legmagasabb tisztas\u00e1g\u00fa term\u00e9ket kapja. Ezenk\u00edv\u00fcl k\u00e9r\u00e9sre analitikai tan\u00fas\u00edtv\u00e1nyokat (CoA) is biztos\u00edtunk.<\/p>\n<h3>Hogyan kell t\u00e1rolni a 4F-MPH-t?<\/h3>\n<p>Az optim\u00e1lis stabilit\u00e1s \u00e9rdek\u00e9ben elengedhetetlen a helyes t\u00e1rol\u00e1s. L\u00e9gmentesen, h\u0171v\u00f6s, sz\u00e1raz \u00e9s s\u00f6t\u00e9t helyen kell t\u00e1rolni, f\u00e9nyt\u0151l, nedvess\u00e9gt\u0151l \u00e9s h\u0151t\u0151l t\u00e1vol. Ez megakad\u00e1lyozza a molekula leboml\u00e1s\u00e1t \u00e9s meg\u0151rzi annak integrit\u00e1s\u00e1t. Ezenk\u00edv\u00fcl olyan helyen kell t\u00e1rolni, ahol illet\u00e9ktelenek nem f\u00e9rhetnek hozz\u00e1.<\/p>\n<h3>Vannak alternat\u00edv\u00e1k a 4F-MPH-ra?<\/h3>\n<p>Igen, k\u00fcl\u00f6nb\u00f6z\u0151 profil\u00fa kutat\u00e1si vegyszerek l\u00e9teznek. Keressen alternat\u00edv\u00e1kat a k\u00f6vetkez\u0151kre: <b>4F-MPH<\/b>, lehet <a href=\"https:\/\/chemgramx.com\/product\/6-mapb-online-kaufen\/\">6-MAPB<\/a> lehet egy lehet\u0151s\u00e9g, a kutat\u00e1s f\u00f3kusz\u00e1t\u00f3l f\u00fcgg\u0151en. Gondosan ellen\u0151rizze a tulajdons\u00e1gokat \u00e9s hat\u00e1sokat, hogy azok megfeleljenek az elv\u00e1r\u00e1soknak. Sz\u00e9les v\u00e1laszt\u00e9kot k\u00edn\u00e1lunk <b>Kutat\u00e1si oszt\u00e1ly elad\u00f3<\/b> to.<\/p>\n<h3>A Chemgramx tan\u00e1csad\u00e1st is ny\u00fajt?<\/h3>\n<p>Term\u00e9szetesen. Szak\u00e9rt\u0151i csapatunk sz\u00edvesen \u00e1ll rendelkez\u00e9s\u00e9re professzion\u00e1lis tan\u00e1csad\u00e1ssal. Ha k\u00e9rd\u00e9se van a term\u00e9kekkel, alkalmaz\u00e1ssal vagy biztons\u00e1gi protokollokkal kapcsolatban, vegye fel vel\u00fcnk a kapcsolatot. C\u00e9lunk, hogy t\u00e1mogassuk a kutat\u00f3i k\u00f6z\u00f6ss\u00e9get, \u00e9s \u00e1tadjuk a sikeres \u00e9s biztons\u00e1gos kutat\u00e1shoz sz\u00fcks\u00e9ges ismereteket. Ez\u00e9rt b\u00edzhat szak\u00e9rtelm\u00fcnkben.<\/p>\n<h2>K\u00f6vetkeztet\u00e9s \u00e9s k\u00f6vetkez\u0151 kutat\u00e1si megrendel\u00e9se<\/h2>\n<p>\u00d6sszefoglalva: a Chemgramx az ide\u00e1lis partner az al\u00e1bbi term\u00e9kek megv\u00e1s\u00e1rl\u00e1s\u00e1hoz <b>4F-MPH (4-fluorometilfenid\u00e1t)<\/b>. A legmagasabb tisztas\u00e1g\u00fa \u00e9s min\u0151s\u00e9g\u0171 term\u00e9keket k\u00edn\u00e1ljuk, amelyek elengedhetetlenek a ig\u00e9nyes tanulm\u00e1nyokhoz. Min\u0151s\u00e9gir\u00e1ny\u00edt\u00e1sunk \u00e9s az \u00fcgyf\u00e9l-el\u00e9gedetts\u00e9gre val\u00f3 \u00f6sszpontos\u00edt\u00e1sunk biztos\u00edtja kutat\u00e1sait. Keressen <b>Kiv\u00e1l\u00f3 min\u0151s\u00e9g\u0171 4F-MPH<\/b>? A Chemgramx a megfelel\u0151 v\u00e1laszt\u00e1s. Ez\u00e9rt b\u00e1tor\u00edtjuk \u00d6nt, hogy folytassa kutat\u00e1s\u00e1t bizalommal. Fedezze fel term\u00e9keinket \u00e9s <b>Rendeljen 4F-MPH-t online<\/b> m\u00e9g ma is. A Chemgramx-szel a megb\u00edzhat\u00f3s\u00e1got \u00e9s a professzion\u00e1lis szolg\u00e1ltat\u00e1st v\u00e1lasztja. Biztos\u00edtsa mag\u00e1nak <b>4F-MPH kutat\u00f3csoport elad\u00f3<\/b>.<\/p>","protected":false},"excerpt":{"rendered":"<p>Fedezze fel a <b>4F-MPH (4-fluorometilfenid\u00e1t)<\/b> A Chemgramx term\u00e9ke \u2013 egy nagy tisztas\u00e1g\u00fa, fenid\u00e1t oszt\u00e1lyba tartoz\u00f3 kutat\u00e1si vegyi anyag. Ide\u00e1lis olyan tudom\u00e1nyos tanulm\u00e1nyokhoz, amelyek pontos eredm\u00e9nyeket ig\u00e9nyelnek. Dopamin- \u00e9s noradrenalin-visszav\u00e9tel g\u00e1tl\u00f3k\u00e9nt \u00e9rt\u00e9kes eszk\u00f6z a neurobiol\u00f3gi\u00e1ban.<br \/><b>4F-MPH v\u00e1s\u00e1rl\u00e1s<\/b> Most jelentkezzen laborat\u00f3riumi projektjeihez! <b>a Chemgramx-n\u00e1l<\/b> \u00e9s profit\u00e1ljon garant\u00e1lt tisztas\u00e1gunkb\u00f3l \u00e9s min\u0151s\u00e9g\u00fcnkb\u0151l.<\/p>","protected":false},"featured_media":8087,"comment_status":"open","ping_status":"closed","template":"","meta":{"_joinchat":[]},"product_brand":[],"product_cat":[48],"product_tag":[2722,2724,2726,2717,2725,2723,2718,2719,2721,2720],"class_list":{"0":"post-8035","1":"product","2":"type-product","3":"status-publish","4":"has-post-thumbnail","6":"product_cat-stimulants","7":"product_tag-4-fluoromethylphenidat","8":"product_tag-4f-mph-chemikalien","9":"product_tag-4f-mph-drogen","10":"product_tag-4f-mph-kaufen","11":"product_tag-4f-mph-kaufen-deutschland","12":"product_tag-4f-mph-kaufen-online","13":"product_tag-4f-mph-kristalle","14":"product_tag-4f-mph-online-kaufen","15":"product_tag-4f-mph-preis","16":"product_tag-4f-mph-prodej","18":"first","19":"instock","20":"shipping-taxable","21":"purchasable","22":"product-type-variable"},"yoast_head":"<!-- This site is optimized with the Yoast SEO plugin v27.5 - https:\/\/yoast.com\/product\/yoast-seo-wordpress\/ -->\n<title>4F-MPH kaufen \u2013 Forschung &amp; Premium Qualit\u00e4t<\/title>\n<meta name=\"description\" content=\"Entdecken Sie hochwertiges 4F-MPH (4-Fluoromethylphenidat) in Laborqualit\u00e4t bei Chemgramx. Bestellen Sie jetzt reines 4F-MPH f\u00fcr Ihre wissenschaftlichen Projekte.\" \/>\n<meta name=\"robots\" content=\"index, follow, max-snippet:-1, max-image-preview:large, max-video-preview:-1\" \/>\n<link rel=\"canonical\" href=\"https:\/\/chemgramx.com\/hu\/termek-1\/4f-mph-4-fluorometilfenidat-online-vasarlas-2\/\" \/>\n<meta property=\"og:locale\" content=\"hu_HU\" \/>\n<meta property=\"og:type\" content=\"article\" \/>\n<meta property=\"og:title\" content=\"4F-MPH kaufen \u2013 Forschung &amp; Premium Qualit\u00e4t\" \/>\n<meta property=\"og:description\" content=\"Entdecken Sie hochwertiges 4F-MPH (4-Fluoromethylphenidat) in Laborqualit\u00e4t bei Chemgramx. Bestellen Sie jetzt reines 4F-MPH f\u00fcr Ihre wissenschaftlichen Projekte.\" \/>\n<meta property=\"og:url\" content=\"https:\/\/chemgramx.com\/hu\/termek-1\/4f-mph-4-fluorometilfenidat-online-vasarlas-2\/\" \/>\n<meta property=\"og:site_name\" content=\"Chemgramx\" \/>\n<meta property=\"article:modified_time\" content=\"2025-12-09T10:26:36+00:00\" \/>\n<meta property=\"og:image\" content=\"https:\/\/chemgramx.com\/wp-content\/uploads\/2025\/11\/4F-MPH-kaufen-2.jpg\" \/>\n\t<meta property=\"og:image:width\" content=\"474\" \/>\n\t<meta property=\"og:image:height\" content=\"464\" \/>\n\t<meta property=\"og:image:type\" content=\"image\/jpeg\" \/>\n<meta name=\"twitter:card\" content=\"summary_large_image\" \/>\n<meta name=\"twitter:label1\" content=\"Becs\u00fclt olvas\u00e1si id\u0151\" \/>\n\t<meta name=\"twitter:data1\" content=\"2 perc\" \/>\n<script type=\"application\/ld+json\" class=\"yoast-schema-graph\">{\"@context\":\"https:\\\/\\\/schema.org\",\"@graph\":[{\"@type\":\"WebPage\",\"@id\":\"https:\\\/\\\/chemgramx.com\\\/product\\\/4f-mph-4-fluoromethylphenidat-online-kaufen\\\/\",\"url\":\"https:\\\/\\\/chemgramx.com\\\/product\\\/4f-mph-4-fluoromethylphenidat-online-kaufen\\\/\",\"name\":\"4F-MPH kaufen \u2013 Forschung & Premium Qualit\u00e4t\",\"isPartOf\":{\"@id\":\"https:\\\/\\\/chemgramx.com\\\/#website\"},\"primaryImageOfPage\":{\"@id\":\"https:\\\/\\\/chemgramx.com\\\/product\\\/4f-mph-4-fluoromethylphenidat-online-kaufen\\\/#primaryimage\"},\"image\":{\"@id\":\"https:\\\/\\\/chemgramx.com\\\/product\\\/4f-mph-4-fluoromethylphenidat-online-kaufen\\\/#primaryimage\"},\"thumbnailUrl\":\"https:\\\/\\\/chemgramx.com\\\/wp-content\\\/uploads\\\/2025\\\/11\\\/4F-MPH-kaufen-2.jpg\",\"datePublished\":\"2025-11-21T16:46:32+00:00\",\"dateModified\":\"2025-12-09T10:26:36+00:00\",\"description\":\"Entdecken Sie hochwertiges 4F-MPH (4-Fluoromethylphenidat) in Laborqualit\u00e4t bei Chemgramx. Bestellen Sie jetzt reines 4F-MPH f\u00fcr Ihre wissenschaftlichen Projekte.\",\"breadcrumb\":{\"@id\":\"https:\\\/\\\/chemgramx.com\\\/product\\\/4f-mph-4-fluoromethylphenidat-online-kaufen\\\/#breadcrumb\"},\"inLanguage\":\"hu\",\"potentialAction\":[{\"@type\":\"ReadAction\",\"target\":[\"https:\\\/\\\/chemgramx.com\\\/product\\\/4f-mph-4-fluoromethylphenidat-online-kaufen\\\/\"]}]},{\"@type\":\"ImageObject\",\"inLanguage\":\"hu\",\"@id\":\"https:\\\/\\\/chemgramx.com\\\/product\\\/4f-mph-4-fluoromethylphenidat-online-kaufen\\\/#primaryimage\",\"url\":\"https:\\\/\\\/chemgramx.com\\\/wp-content\\\/uploads\\\/2025\\\/11\\\/4F-MPH-kaufen-2.jpg\",\"contentUrl\":\"https:\\\/\\\/chemgramx.com\\\/wp-content\\\/uploads\\\/2025\\\/11\\\/4F-MPH-kaufen-2.jpg\",\"width\":474,\"height\":464},{\"@type\":\"BreadcrumbList\",\"@id\":\"https:\\\/\\\/chemgramx.com\\\/product\\\/4f-mph-4-fluoromethylphenidat-online-kaufen\\\/#breadcrumb\",\"itemListElement\":[{\"@type\":\"ListItem\",\"position\":1,\"name\":\"Home\",\"item\":\"https:\\\/\\\/chemgramx.com\\\/\"},{\"@type\":\"ListItem\",\"position\":2,\"name\":\"Shop\",\"item\":\"https:\\\/\\\/chemgramx.com\\\/shop\\\/\"},{\"@type\":\"ListItem\",\"position\":3,\"name\":\"4F-MPH kaufen \u2013 Forschung &amp; Premium Qualit\u00e4t\"}]},{\"@type\":\"WebSite\",\"@id\":\"https:\\\/\\\/chemgramx.com\\\/#website\",\"url\":\"https:\\\/\\\/chemgramx.com\\\/\",\"name\":\"Chemgramx\",\"description\":\"\",\"publisher\":{\"@id\":\"https:\\\/\\\/chemgramx.com\\\/#organization\"},\"potentialAction\":[{\"@type\":\"SearchAction\",\"target\":{\"@type\":\"EntryPoint\",\"urlTemplate\":\"https:\\\/\\\/chemgramx.com\\\/?s={search_term_string}\"},\"query-input\":{\"@type\":\"PropertyValueSpecification\",\"valueRequired\":true,\"valueName\":\"search_term_string\"}}],\"inLanguage\":\"hu\"},{\"@type\":\"Organization\",\"@id\":\"https:\\\/\\\/chemgramx.com\\\/#organization\",\"name\":\"Chemgramx\",\"url\":\"https:\\\/\\\/chemgramx.com\\\/\",\"logo\":{\"@type\":\"ImageObject\",\"inLanguage\":\"hu\",\"@id\":\"https:\\\/\\\/chemgramx.com\\\/#\\\/schema\\\/logo\\\/image\\\/\",\"url\":\"https:\\\/\\\/chemgramx.com\\\/wp-content\\\/uploads\\\/2024\\\/10\\\/final-logo.png\",\"contentUrl\":\"https:\\\/\\\/chemgramx.com\\\/wp-content\\\/uploads\\\/2024\\\/10\\\/final-logo.png\",\"width\":250,\"height\":48,\"caption\":\"Chemgramx\"},\"image\":{\"@id\":\"https:\\\/\\\/chemgramx.com\\\/#\\\/schema\\\/logo\\\/image\\\/\"}}]}<\/script>\n<!-- \/ Yoast SEO plugin. -->","yoast_head_json":{"title":"4F-MPH v\u00e1s\u00e1rl\u00e1s \u2013 Kutat\u00e1s \u00e9s pr\u00e9mium min\u0151s\u00e9g","description":"Fedezze fel a Chemgramx laborat\u00f3riumi min\u0151s\u00e9g\u0171, kiv\u00e1l\u00f3 min\u0151s\u00e9g\u0171 4F-MPH (4-fluorometilfenid\u00e1t) term\u00e9keit. Rendeljen most tiszta 4F-MPH-t tudom\u00e1nyos projektjeihez.","robots":{"index":"index","follow":"follow","max-snippet":"max-snippet:-1","max-image-preview":"max-image-preview:large","max-video-preview":"max-video-preview:-1"},"canonical":"https:\/\/chemgramx.com\/hu\/termek-1\/4f-mph-4-fluorometilfenidat-online-vasarlas-2\/","og_locale":"hu_HU","og_type":"article","og_title":"4F-MPH kaufen \u2013 Forschung & Premium Qualit\u00e4t","og_description":"Entdecken Sie hochwertiges 4F-MPH (4-Fluoromethylphenidat) in Laborqualit\u00e4t bei Chemgramx. Bestellen Sie jetzt reines 4F-MPH f\u00fcr Ihre wissenschaftlichen Projekte.","og_url":"https:\/\/chemgramx.com\/hu\/termek-1\/4f-mph-4-fluorometilfenidat-online-vasarlas-2\/","og_site_name":"Chemgramx","article_modified_time":"2025-12-09T10:26:36+00:00","og_image":[{"width":474,"height":464,"url":"https:\/\/chemgramx.com\/wp-content\/uploads\/2025\/11\/4F-MPH-kaufen-2.jpg","type":"image\/jpeg"}],"twitter_card":"summary_large_image","twitter_misc":{"Becs\u00fclt olvas\u00e1si id\u0151":"2 perc"},"schema":{"@context":"https:\/\/schema.org","@graph":[{"@type":"WebPage","@id":"https:\/\/chemgramx.com\/product\/4f-mph-4-fluoromethylphenidat-online-kaufen\/","url":"https:\/\/chemgramx.com\/product\/4f-mph-4-fluoromethylphenidat-online-kaufen\/","name":"4F-MPH v\u00e1s\u00e1rl\u00e1s \u2013 Kutat\u00e1s \u00e9s pr\u00e9mium min\u0151s\u00e9g","isPartOf":{"@id":"https:\/\/chemgramx.com\/#website"},"primaryImageOfPage":{"@id":"https:\/\/chemgramx.com\/product\/4f-mph-4-fluoromethylphenidat-online-kaufen\/#primaryimage"},"image":{"@id":"https:\/\/chemgramx.com\/product\/4f-mph-4-fluoromethylphenidat-online-kaufen\/#primaryimage"},"thumbnailUrl":"https:\/\/chemgramx.com\/wp-content\/uploads\/2025\/11\/4F-MPH-kaufen-2.jpg","datePublished":"2025-11-21T16:46:32+00:00","dateModified":"2025-12-09T10:26:36+00:00","description":"Fedezze fel a Chemgramx laborat\u00f3riumi min\u0151s\u00e9g\u0171, kiv\u00e1l\u00f3 min\u0151s\u00e9g\u0171 4F-MPH (4-fluorometilfenid\u00e1t) term\u00e9keit. Rendeljen most tiszta 4F-MPH-t tudom\u00e1nyos projektjeihez.","breadcrumb":{"@id":"https:\/\/chemgramx.com\/product\/4f-mph-4-fluoromethylphenidat-online-kaufen\/#breadcrumb"},"inLanguage":"hu","potentialAction":[{"@type":"ReadAction","target":["https:\/\/chemgramx.com\/product\/4f-mph-4-fluoromethylphenidat-online-kaufen\/"]}]},{"@type":"ImageObject","inLanguage":"hu","@id":"https:\/\/chemgramx.com\/product\/4f-mph-4-fluoromethylphenidat-online-kaufen\/#primaryimage","url":"https:\/\/chemgramx.com\/wp-content\/uploads\/2025\/11\/4F-MPH-kaufen-2.jpg","contentUrl":"https:\/\/chemgramx.com\/wp-content\/uploads\/2025\/11\/4F-MPH-kaufen-2.jpg","width":474,"height":464},{"@type":"BreadcrumbList","@id":"https:\/\/chemgramx.com\/product\/4f-mph-4-fluoromethylphenidat-online-kaufen\/#breadcrumb","itemListElement":[{"@type":"ListItem","position":1,"name":"Home","item":"https:\/\/chemgramx.com\/"},{"@type":"ListItem","position":2,"name":"Shop","item":"https:\/\/chemgramx.com\/shop\/"},{"@type":"ListItem","position":3,"name":"4F-MPH kaufen \u2013 Forschung &amp; Premium Qualit\u00e4t"}]},{"@type":"WebSite","@id":"https:\/\/chemgramx.com\/#website","url":"https:\/\/chemgramx.com\/","name":"Chemgramx","description":"","publisher":{"@id":"https:\/\/chemgramx.com\/#organization"},"potentialAction":[{"@type":"SearchAction","target":{"@type":"EntryPoint","urlTemplate":"https:\/\/chemgramx.com\/?s={search_term_string}"},"query-input":{"@type":"PropertyValueSpecification","valueRequired":true,"valueName":"search_term_string"}}],"inLanguage":"hu"},{"@type":"Organization","@id":"https:\/\/chemgramx.com\/#organization","name":"Chemgramx","url":"https:\/\/chemgramx.com\/","logo":{"@type":"ImageObject","inLanguage":"hu","@id":"https:\/\/chemgramx.com\/#\/schema\/logo\/image\/","url":"https:\/\/chemgramx.com\/wp-content\/uploads\/2024\/10\/final-logo.png","contentUrl":"https:\/\/chemgramx.com\/wp-content\/uploads\/2024\/10\/final-logo.png","width":250,"height":48,"caption":"Chemgramx"},"image":{"@id":"https:\/\/chemgramx.com\/#\/schema\/logo\/image\/"}}]}},"_links":{"self":[{"href":"https:\/\/chemgramx.com\/hu\/wp-json\/wp\/v2\/product\/8035","targetHints":{"allow":["GET"]}}],"collection":[{"href":"https:\/\/chemgramx.com\/hu\/wp-json\/wp\/v2\/product"}],"about":[{"href":"https:\/\/chemgramx.com\/hu\/wp-json\/wp\/v2\/types\/product"}],"replies":[{"embeddable":true,"href":"https:\/\/chemgramx.com\/hu\/wp-json\/wp\/v2\/comments?post=8035"}],"wp:featuredmedia":[{"embeddable":true,"href":"https:\/\/chemgramx.com\/hu\/wp-json\/wp\/v2\/media\/8087"}],"wp:attachment":[{"href":"https:\/\/chemgramx.com\/hu\/wp-json\/wp\/v2\/media?parent=8035"}],"wp:term":[{"taxonomy":"product_brand","embeddable":true,"href":"https:\/\/chemgramx.com\/hu\/wp-json\/wp\/v2\/product_brand?post=8035"},{"taxonomy":"product_cat","embeddable":true,"href":"https:\/\/chemgramx.com\/hu\/wp-json\/wp\/v2\/product_cat?post=8035"},{"taxonomy":"product_tag","embeddable":true,"href":"https:\/\/chemgramx.com\/hu\/wp-json\/wp\/v2\/product_tag?post=8035"}],"curies":[{"name":"wp","href":"https:\/\/api.w.org\/{rel}","templated":true}]}}