{"id":8036,"date":"2025-11-21T16:46:33","date_gmt":"2025-11-21T16:46:33","guid":{"rendered":"https:\/\/chemgramx.com\/?post_type=product&#038;p=8036"},"modified":"2025-12-09T10:22:22","modified_gmt":"2025-12-09T10:22:22","slug":"vasarlas-4-me-tmp-online","status":"publish","type":"product","link":"https:\/\/chemgramx.com\/hu\/product\/4-me-tmp-online-kaufen\/","title":{"rendered":"4-Me-TMP v\u00e1s\u00e1rl\u00e1s \u2013 legmagasabb tisztas\u00e1g (elad\u00f3|kiv\u00e1l\u00f3 min\u0151s\u00e9g\u0171)"},"content":{"rendered":"<p>A Chemgramx az \u00d6n megb\u00edzhat\u00f3 partnere a kiv\u00e1l\u00f3 min\u0151s\u00e9g\u0171 kutat\u00e1si vegyszerek ter\u00e9n. Szeretne <b>4-Me-TMP elad\u00f3<\/b> v\u00e1s\u00e1rolni? N\u00e1lunk kiv\u00e9teles tisztas\u00e1g\u00fa 4-metil-metilfenid\u00e1tot (4-Me-TMP) tal\u00e1l, amelyet kifejezetten ig\u00e9nyes kutat\u00e1si c\u00e9lokra fejlesztettek ki. Gondoskodunk arr\u00f3l, hogy minden term\u00e9k, amelyet t\u0151l\u00fcnk v\u00e1s\u00e1rol, megfeleljen a legmagasabb laborat\u00f3riumi szabv\u00e1nyoknak, hogy optim\u00e1lisan t\u00e1mogassa tudom\u00e1nyos tanulm\u00e1nyait. Ez\u00e9rt a 4-Me-TMP ide\u00e1lis v\u00e1laszt\u00e1s projektjeihez.<\/p>\n<p>Meg\u00e9rtj\u00fck, hogy a kutat\u00e1sban pontos \u00e9s megb\u00edzhat\u00f3 anyagokra van sz\u00fcks\u00e9g. <b>Tov\u00e1bb\u00e1<\/b> k\u00edn\u00e1lunk <b>Kiv\u00e1l\u00f3 min\u0151s\u00e9g\u0171 4-Me-TMP<\/b>, amelyet szigor\u00fa teszteknek vetettek al\u00e1, hogy garant\u00e1lj\u00e1k az \u00e1lland\u00f3 min\u0151s\u00e9get \u00e9s legal\u00e1bb 98% tisztas\u00e1got. Ez biztos\u00edtja a reproduk\u00e1lhat\u00f3 \u00e9s megb\u00edzhat\u00f3 eredm\u00e9nyeket k\u00eds\u00e9rleteiben. <b>Ez\u00e9rt<\/b> megb\u00edzhat term\u00e9keink integrit\u00e1s\u00e1ban.<\/p>\n<h2>Was ist 4-Me-TMP?<\/h2>\n<p>A 4-metilmetilfenid\u00e1t, r\u00f6viden 4-Me-TMP, egy szintetikus k\u00e9miai vegy\u00fclet, amely szerkezetileg szorosan kapcsol\u00f3dik a metilfenid\u00e1thoz, de egy tov\u00e1bbi metilcsoporttal rendelkezik egy meghat\u00e1rozott poz\u00edci\u00f3ban. Ez a kis szerkezeti m\u00f3dos\u00edt\u00e1s m\u00e9lyrehat\u00f3 hat\u00e1ssal lehet a farmakol\u00f3giai tulajdons\u00e1gokra \u00e9s a biol\u00f3giai rendszerekkel val\u00f3 k\u00f6lcs\u00f6nhat\u00e1sra. <b>Egy\u00e9bk\u00e9nt<\/b> ez egy fenid\u00e1t oszt\u00e1lyba tartoz\u00f3 \u00e9szter.<\/p>\n<p>A piperidin-sz\u00e1rmaz\u00e9kok oszt\u00e1ly\u00e1ba tartozik, \u00e9s els\u0151sorban kutat\u00e1si vegyi anyagk\u00e9nt vizsg\u00e1lj\u00e1k. <b>Ezen k\u00edv\u00fcl<\/b> A molekulat\u00f6meg \u00e9s a pontos k\u00e9miai szerkezet elengedhetetlen a pontos jellemz\u00e9shez. A tud\u00f3sok a 4-Me-TMP-t haszn\u00e1lj\u00e1k a stimul\u00e1nsok hat\u00e1smechanizmusainak jobb meg\u00e9rt\u00e9s\u00e9hez \u00e9s \u00faj ismeretek megszerz\u00e9s\u00e9hez a neurofarmakol\u00f3gia ter\u00fclet\u00e9n. <b>\u00cdgy<\/b> \u00e9rt\u00e9kes hozz\u00e1j\u00e1rul\u00e1st ny\u00fajt az alapkutat\u00e1shoz.<\/p>\n<h3>K\u00e9miai tulajdons\u00e1gok \u00e9s szerkezet<\/h3>\n<ul>\n<li><b>CAS-sz\u00e1m:<\/b> Pontos azonos\u00edt\u00e1s kutat\u00e1si c\u00e9lokra.<\/li>\n<li><b>Molekul\u00e1ris k\u00e9plet:<\/b> C15H21NO2 \u2013 elengedhetetlen a szt\u00f6chiometrikus sz\u00e1m\u00edt\u00e1sokhoz.<\/li>\n<li><b>Molekulat\u00f6meg:<\/b> 247,33 g\/mol \u2013 fontos a d\u00f3zis \u00e9s a koncentr\u00e1ci\u00f3 meghat\u00e1roz\u00e1s\u00e1hoz.<\/li>\n<li><b>Szerkezet:<\/b> Piperidin-sz\u00e1rmaz\u00e9k, szorosan kapcsol\u00f3dik a metilfenid\u00e1thoz.<\/li>\n<\/ul>\n<p><b>M\u00e1sr\u00e9szt<\/b> A fizikai tulajdons\u00e1gok, mint p\u00e9ld\u00e1ul az olvad\u00e1spont \u00e9s az oldhat\u00f3s\u00e1g, nagy jelent\u0151s\u00e9ggel b\u00edrnak a laborat\u00f3riumi gyakorlatban. Ezek a param\u00e9terek befoly\u00e1solj\u00e1k a kezel\u00e9st, a t\u00e1rol\u00e1st \u00e9s az oldatok el\u0151k\u00e9sz\u00edt\u00e9s\u00e9t k\u00eds\u00e9rleti alkalmaz\u00e1sokhoz. <b>K\u00f6vetkez\u00e9sk\u00e9ppen<\/b> a min\u0151s\u00e9gnek \u00e1lland\u00f3nak kell lennie.<\/p>\n<h2>A 4-Me-TMP tisztas\u00e1ga \u00e9s min\u0151s\u00e9ge a Chemgramx-n\u00e1l<\/h2>\n<p>A Chemgramxn\u00e1l nagy hangs\u00falyt fektet\u00fcnk kutat\u00e1si vegyszereink min\u0151s\u00e9g\u00e9re. K\u00edn\u00e1latunkban megtal\u00e1lhat\u00f3 <b>Kiv\u00e1l\u00f3 min\u0151s\u00e9g\u0171 4-Me-TMP<\/b>, amelyet fejlett szint\u00e9zis- \u00e9s tiszt\u00edt\u00e1si elj\u00e1r\u00e1sokkal \u00e1ll\u00edtanak el\u0151. Minden t\u00e9telt a legmodernebb analitikai technik\u00e1kkal, p\u00e9ld\u00e1ul HPLC \u00e9s NMR seg\u00edts\u00e9g\u00e9vel tesztelnek, hogy legal\u00e1bb 98% tisztas\u00e1got biztos\u00edtsanak. <b>Ez\u00e9rt<\/b> b\u00edzhat term\u00e9keink konzisztenci\u00e1j\u00e1ban \u00e9s megb\u00edzhat\u00f3s\u00e1g\u00e1ban.<\/p>\n<p>A min\u0151s\u00e9g ir\u00e1nti elk\u00f6telezetts\u00e9g\u00fcnk t\u00falmutat a puszta elemz\u00e9sen. Gondoskodunk arr\u00f3l, hogy minden term\u00e9k\u00fcnk szigor\u00faan ellen\u0151rz\u00f6tt k\u00f6r\u00fclm\u00e9nyek k\u00f6z\u00f6tt ker\u00fclj\u00f6n feldolgoz\u00e1sra, hogy minimaliz\u00e1ljuk a szennyez\u0151d\u00e9seket \u00e9s meg\u0151rizz\u00fck az anyag integrit\u00e1s\u00e1t. <b>Ezen k\u00edv\u00fcl<\/b> a mi\u00e9nk <b>Kutat\u00e1si min\u0151s\u00e9g elad\u00f3<\/b> A 4-Me-TMP kiz\u00e1r\u00f3lag tudom\u00e1nyos \u00e9s t\u00f6rv\u00e9nysz\u00e9ki c\u00e9lokra haszn\u00e1lhat\u00f3. Rendelje meg a <b>Hiteles 4-Me-TMP<\/b> m\u00e9g ma, \u00e9s gy\u0151z\u0151dj\u00f6n meg r\u00f3la saj\u00e1t maga.<\/p>\n<p>A Chemgramx szigor\u00fa min\u0151s\u00e9gi szabv\u00e1nyair\u00f3l ismert. Tiszt\u00e1ban vagyunk azzal, hogy a tudom\u00e1nyos kutat\u00e1sban nincs helye kompromisszumoknak az anyagok tisztas\u00e1g\u00e1t illet\u0151en. <b>Ez\u00e9rt<\/b> folyamatosan beruh\u00e1zunk laborat\u00f3riumi felszerel\u00e9seinkbe \u00e9s szakembereinkbe, hogy mindig a legjobbat ny\u00fajthassuk \u00d6nnek. <b>A legjobb 4-Me-TMP a piacon<\/b> Fedezze fel t\u00f6bbi term\u00e9k\u00fcnket is, p\u00e9ld\u00e1ul <a href=\"https:\/\/chemgramx.com\/product\/lsd-lysergsaeurediethylamid-online-kaufen\/\">Lizergsav-dietilamid (LSD) online v\u00e1s\u00e1rl\u00e1s<\/a>, amelyek szint\u00e9n megfelelnek magas sz\u00ednvonal\u00fa k\u00f6vetelm\u00e9nyeinknek.<\/p>\n<h2>Alkalmaz\u00e1si ter\u00fcletek \u00e9s kutat\u00e1si lehet\u0151s\u00e9gek<\/h2>\n<p><b>4-Me-TMP online rendel\u00e9se<\/b> nagy \u00e9rdekl\u0151d\u00e9st kelt a neurotranszmitterek mechanizmusaival \u00e9s a neuroplaszticit\u00e1ssal foglalkoz\u00f3 kutat\u00f3k k\u00f6r\u00e9ben. Preklinikai vizsg\u00e1latokban alkalmazz\u00e1k a dopamin \u00e9s a noradrenalin visszav\u00e9tel\u00e9nek vizsg\u00e1lat\u00e1ra, valamint azok viselked\u00e9si modellekre gyakorolt hat\u00e1s\u00e1nak elemz\u00e9s\u00e9re. <b>Tov\u00e1bb\u00e1<\/b> alkalmazhat\u00f3 stimul\u00e1nsok hossz\u00fa t\u00e1v\u00fa hat\u00e1sainak \u00e9s metabolizmus\u00e1nak vizsg\u00e1lat\u00e1ra.<\/p>\n<p>Egy m\u00e1sik fontos alkalmaz\u00e1si ter\u00fclet az \u00faj vegy\u00fcletek farmakol\u00f3giai jellemz\u00e9se. A 4-Me-TMP \u00e9s ismert anyagok hat\u00e1s\u00e1nak \u00f6sszehasonl\u00edt\u00e1s\u00e1val a tud\u00f3sok \u00e9rt\u00e9kes betekint\u00e9st nyerhetnek a szerkezet-hat\u00e1s \u00f6sszef\u00fcgg\u00e9sekbe. <b>V\u00e9g\u00fcl<\/b> ez hozz\u00e1j\u00e1rul a biztons\u00e1gosabb \u00e9s hat\u00e9konyabb ter\u00e1pi\u00e1s megk\u00f6zel\u00edt\u00e9sek kidolgoz\u00e1s\u00e1hoz.<\/p>\n<p>A kutat\u00f3 laborat\u00f3riumok a 4-Me-TMP-t haszn\u00e1lj\u00e1k a potenci\u00e1lis neurotoxikus hat\u00e1sok vagy a g\u00e9nkifejez\u0151d\u00e9s v\u00e1ltoz\u00e1sainak \u00e9rt\u00e9kel\u00e9s\u00e9re. <b>Egy\u00e9bk\u00e9nt<\/b> A kapcsolat pontos jellege lehet\u0151v\u00e9 teszi a r\u00e9szletes vizsg\u00e1latokat sejt- \u00e9s molekula szinten. Tudjon meg t\u00f6bbet aj\u00e1nlatainkr\u00f3l az al\u00e1bbi linkre kattintva <a href=\"https:\/\/chemgramx.com\/product\/4-me-tmp-online-kaufen\/\">4-Me-TMP online v\u00e1s\u00e1rl\u00e1sa<\/a> k\u00f6zvetlen\u00fcl t\u0151l\u00fcnk v\u00e1s\u00e1rolhatja meg.<\/p>\n<h2>A 4-Me-TMP biztons\u00e1ga \u00e9s kezel\u00e9se<\/h2>\n<p>A 4-Me-TMP-hez hasonl\u00f3 kutat\u00e1si vegyi anyagok kezel\u00e9se mindig rendk\u00edv\u00fcli \u00f3vatoss\u00e1got \u00e9s szigor\u00fa biztons\u00e1gi el\u0151\u00edr\u00e1sok betart\u00e1s\u00e1t ig\u00e9nyli. A kutat\u00f3knak mindig megfelel\u0151 egy\u00e9ni v\u00e9d\u0151felszerel\u00e9st (PSA) kell viselni\u00fck, bele\u00e9rtve keszty\u0171t, v\u00e9d\u0151szem\u00fcveget \u00e9s laborat\u00f3riumi k\u00f6penyt. <b>Ezen k\u00edv\u00fcl<\/b> A g\u0151z\u00f6knek vagy poroknak val\u00f3 kitetts\u00e9g minimaliz\u00e1l\u00e1sa \u00e9rdek\u00e9ben s\u00fcrg\u0151sen aj\u00e1nlott a munka elsz\u00edv\u00f3 alatt t\u00f6rt\u00e9n\u0151 elv\u00e9gz\u00e9se. <b>Ennek megfelel\u0151en<\/b> a biztons\u00e1gi adatlapok (SDB) ismerete elengedhetetlen.<\/p>\n<p>A 4-Me-TMP t\u00e1rol\u00e1s\u00e1t h\u0171v\u00f6s, sz\u00e1raz \u00e9s j\u00f3l szell\u0151z\u0151 helyen kell v\u00e9gezni, k\u00f6zvetlen napf\u00e9nyt\u0151l \u00e9s h\u0151forr\u00e1sokt\u00f3l t\u00e1vol. Fontos, hogy az anyagot szorosan lez\u00e1rt tart\u00e1lyban t\u00e1rolja, hogy meg\u0151rizze stabilit\u00e1s\u00e1t \u00e9s tisztas\u00e1g\u00e1t. <b>Ezen k\u00edv\u00fcl<\/b> a hozz\u00e1f\u00e9r\u00e9s csak az arra jogosult szem\u00e9lyzet sz\u00e1m\u00e1ra enged\u00e9lyezett. Az anyaggal val\u00f3 mindenf\u00e9le b\u00e1n\u00e1sm\u00f3dnak <b>biztons\u00e1gosan feldolgozott<\/b> \u00e9s a legnagyobb pontoss\u00e1ggal v\u00e9grehajtva.<\/p>\n<p>V\u00e9letlen \u00e9rintkez\u00e9s eset\u00e9n azonnal tegyenek s\u00fcrg\u0151ss\u00e9gi int\u00e9zked\u00e9seket, p\u00e9ld\u00e1ul alaposan \u00f6bl\u00edts\u00e9k le az \u00e9rintett ter\u00fcletet v\u00edzzel, \u00e9s sz\u00fcks\u00e9g eset\u00e9n forduljanak orvoshoz. <b>R\u00f6viden<\/b>, A felel\u0151ss\u00e9gteljes kezel\u00e9s a biztons\u00e1gos kutat\u00e1s kulcsa. <b>K\u00f6vetkez\u00e9sk\u00e9ppen<\/b> A Chemgramx-n\u00e1l nem csak term\u00e9keket kaphat <b>Laborat\u00f3riumi min\u0151s\u00e9g\u0171 term\u00e9kek elad\u00f3<\/b>, hanem a biztons\u00e1gos kezel\u00e9sr\u0151l is \u00e1tfog\u00f3 inform\u00e1ci\u00f3kat.<\/p>\n<h2>Mi\u00e9rt \u00e9rdemes a Chemgramx-t\u00f3l v\u00e1s\u00e1rolni?<\/h2>\n<p>Ha \u00fagy d\u00f6nt, hogy, <b>4-Me-TMP v\u00e1s\u00e1rl\u00e1s<\/b>, akkor a Chemgramx-szel olyan partnert v\u00e1laszt, amely elk\u00f6telezett a tudom\u00e1ny \u00e9s az \u00d6n kutat\u00e1si c\u00e9ljai ir\u00e1nt. B\u00fcszk\u00e9k vagyunk arra, hogy sz\u00e9les v\u00e1laszt\u00e9kban k\u00edn\u00e1lunk nagy tisztas\u00e1g\u00fa kutat\u00e1si vegyszereket, amelyek megfelelnek a legmagasabb ipari szabv\u00e1nyoknak. <b>Tov\u00e1bb\u00e1<\/b> R\u00e9szletes term\u00e9kinform\u00e1ci\u00f3kat \u00e9s elemz\u00e9si adatokat k\u00edn\u00e1lunk, hogy seg\u00edts\u00fcnk \u00d6nnek a d\u00f6nt\u00e9shozatalban.<\/p>\n<p>A min\u0151s\u00e9g \u00e9s az \u00fcgyf\u00e9lel\u00e9gedetts\u00e9g ir\u00e1nti elk\u00f6telezetts\u00e9g\u00fcnk p\u00e1ratlan. Minden <b>Biztons\u00e1gos v\u00e1s\u00e1rl\u00e1s<\/b> A Chemgramx-n\u00e1l ez azt jelenti, hogy olyan term\u00e9ket kap, amelyet a legnagyobb gondoss\u00e1ggal \u00e9s pontoss\u00e1ggal kezeltek, a szint\u00e9zist\u0151l a sz\u00e1ll\u00edt\u00e1sig. Tudjuk, hogy kutat\u00e1sa fontos, \u00e9s szeretn\u00e9nk hozz\u00e1j\u00e1rulni annak siker\u00e9hez. <b>Ezen k\u00edv\u00fcl<\/b> Haszn\u00e1lja ki szak\u00e9rtelm\u00fcnket!.<\/p>\n<p>Megh\u00edvjuk \u00d6nt, hogy fedezze fel term\u00e9keinket \u00e9s <b>Most online v\u00e1s\u00e1roljon<\/b> Szerezze be 4-Me-TMP-j\u00e9t. Tapasztalja meg, milyen k\u00fcl\u00f6nbs\u00e9get jelent egy megb\u00edzhat\u00f3 sz\u00e1ll\u00edt\u00f3. <b>V\u00e9g\u00fcl<\/b> tudom\u00e1nyos projektjeinek optim\u00e1lis t\u00e1mogat\u00e1s\u00e1ra t\u00f6reksz\u00fcnk. A k\u00f6vetkez\u0151ket k\u00edn\u00e1ljuk <b>optim\u00e1lis 4-Me-TMP rendelkez\u00e9sre \u00e1ll<\/b> speci\u00e1lis ig\u00e9nyeinek megfelel\u0151en. V\u00e1s\u00e1roljon a Chemgramx-n\u00e1l, \u00e9s biztos\u00edtsa mag\u00e1nak a forradalmi kutat\u00e1sok alapj\u00e1t.<\/p>","protected":false},"excerpt":{"rendered":"<p>Fedezze fel a nagy tisztas\u00e1g\u00fa <b>4-Me-TMP megv\u00e1s\u00e1rl\u00e1sa<\/b> a Chemgramx-n\u00e1l, egy szintetikus kutat\u00e1si vegyi anyag a fenid\u00e1t oszt\u00e1lyb\u00f3l, legal\u00e1bb 98% tisztas\u00e1ggal. Ide\u00e1lis preklinikai vizsg\u00e1latokhoz neurotranszmitterek \u00e9s idegp\u00e1ly\u00e1k vizsg\u00e1lat\u00e1hoz. Term\u00e9keinket <b>biztons\u00e1gosan feldolgozott<\/b> \u00e9s kiz\u00e1r\u00f3lag tudom\u00e1nyos c\u00e9lokra sz\u00e1nj\u00e1k. V\u00e1s\u00e1roljon <b>Kiv\u00e1l\u00f3 min\u0151s\u00e9g\u0171 4-Me-TMP<\/b> ig\u00e9nyes kutat\u00e1s\u00e1hoz. Rendelje meg m\u00e9g ma!<\/p>","protected":false},"featured_media":8088,"comment_status":"open","ping_status":"closed","template":"","meta":{"_joinchat":[]},"product_brand":[],"product_cat":[48],"product_tag":[356,377,369,1571,1568,378,1576,1564,366,1561,382,1562,381,364,367,370,1574,365,375,1569,1572,1558,1563,368,380,372,1573,371,379,373,1577,376,374,357,1557,1575,358,1220,249,359,1559,251,1560,1570,1565,1567,363,361,362,1566,250,248,360],"class_list":{"0":"post-8036","1":"product","2":"type-product","3":"status-publish","4":"has-post-thumbnail","6":"product_cat-stimulants","7":"product_tag-4-me-tmp","8":"product_tag-4-me-tmp-analyse","9":"product_tag-4-me-tmp-anwendung","10":"product_tag-4-me-tmp-bestellen","11":"product_tag-4-me-tmp-bulk-bestellung","12":"product_tag-4-me-tmp-chemie","13":"product_tag-4-me-tmp-chemikalie","14":"product_tag-4-me-tmp-experimente","15":"product_tag-4-me-tmp-forschung","16":"product_tag-4-me-tmp-forschung-chemikalie","17":"product_tag-4-me-tmp-forschungslabor","18":"product_tag-4-me-tmp-fur-neurowissenschaftliche-studien","19":"product_tag-4-me-tmp-groshandel","20":"product_tag-4-me-tmp-kaufen","21":"product_tag-4-me-tmp-labor","22":"product_tag-4-me-tmp-lagerung","23":"product_tag-4-me-tmp-legal","24":"product_tag-4-me-tmp-lieferant","25":"product_tag-4-me-tmp-markt","26":"product_tag-4-me-tmp-marktanalyse","27":"product_tag-4-me-tmp-online","28":"product_tag-4-me-tmp-online-bestellen","29":"product_tag-4-me-tmp-pharmazeutische-forschung","30":"product_tag-4-me-tmp-preis","31":"product_tag-4-me-tmp-referenzmaterial","32":"product_tag-4-me-tmp-risiken","33":"product_tag-4-me-tmp-sicher","34":"product_tag-4-me-tmp-sicherheit","35":"product_tag-4-me-tmp-substanz","36":"product_tag-4-me-tmp-verfugbarkeit","37":"product_tag-4-me-tmp-versand","38":"product_tag-4-me-tmp-vertrieb","39":"product_tag-4-me-tmp-vorschriften","40":"product_tag-4-methyl-2","41":"product_tag-4-methylthio-2","42":"product_tag-4metmp-gunstig","43":"product_tag-5-dimethoxyamphetamine","44":"product_tag-5-dimethoxyphenethylamin-bestellen","45":"product_tag-amphetamin-derivate","46":"product_tag-chemische-formel-4-me-tmp","47":"product_tag-forschung-chemikalien-4-me-tmp","48":"product_tag-gesundheitliche-risiken","49":"product_tag-hochwertige-4-me-tmp-kaufen","50":"product_tag-innovative-4-me-tmp-forschung","51":"product_tag-laborqualitat-4-me-tmp","52":"product_tag-legaler-4-me-tmp-anbieter","53":"product_tag-methoxyamphetamine","54":"product_tag-rechtlicher-status-4-me-tmp","55":"product_tag-risiken-4-me-tmp","56":"product_tag-sicherer-4-me-tmp-versand","57":"product_tag-suchtgefahr","58":"product_tag-synthetische-stimulanzien","59":"product_tag-wirkungen-von-4-me-tmp","61":"first","62":"instock","63":"shipping-taxable","64":"purchasable","65":"product-type-variable"},"yoast_head":"<!-- This site is optimized with the Yoast SEO plugin v27.5 - https:\/\/yoast.com\/product\/yoast-seo-wordpress\/ -->\n<title>4-Me-TMP kaufen - h\u00f6chste Reinheit (zum Verkauf|hochwertig)<\/title>\n<meta name=\"description\" content=\"Entdecken Sie hochreines 4-Me-TMP f\u00fcr Ihre Forschung bei Chemgramx. Bestellen Sie authentisches und erstklassiges 4-Me-TMP mit \u00fcber 98% Reinheit jetzt online f\u00fcr Ihre Studien.\" \/>\n<meta name=\"robots\" content=\"index, follow, max-snippet:-1, max-image-preview:large, max-video-preview:-1\" \/>\n<link rel=\"canonical\" href=\"https:\/\/chemgramx.com\/hu\/termek-1\/vasarlas-4-me-tmp-online\/\" \/>\n<meta property=\"og:locale\" content=\"hu_HU\" \/>\n<meta property=\"og:type\" content=\"article\" \/>\n<meta property=\"og:title\" content=\"4-Me-TMP kaufen - h\u00f6chste Reinheit (zum Verkauf|hochwertig)\" \/>\n<meta property=\"og:description\" content=\"Entdecken Sie hochreines 4-Me-TMP f\u00fcr Ihre Forschung bei Chemgramx. Bestellen Sie authentisches und erstklassiges 4-Me-TMP mit \u00fcber 98% Reinheit jetzt online f\u00fcr Ihre Studien.\" \/>\n<meta property=\"og:url\" content=\"https:\/\/chemgramx.com\/hu\/termek-1\/vasarlas-4-me-tmp-online\/\" \/>\n<meta property=\"og:site_name\" content=\"Chemgramx\" \/>\n<meta property=\"article:modified_time\" content=\"2025-12-09T10:22:22+00:00\" \/>\n<meta property=\"og:image\" content=\"https:\/\/chemgramx.com\/wp-content\/uploads\/2025\/11\/4-Me-TMP.jpg\" \/>\n\t<meta property=\"og:image:width\" content=\"200\" \/>\n\t<meta property=\"og:image:height\" content=\"200\" \/>\n\t<meta property=\"og:image:type\" content=\"image\/jpeg\" \/>\n<meta name=\"twitter:card\" content=\"summary_large_image\" \/>\n<meta name=\"twitter:label1\" content=\"Becs\u00fclt olvas\u00e1si id\u0151\" \/>\n\t<meta name=\"twitter:data1\" content=\"3 perc\" \/>\n<script type=\"application\/ld+json\" class=\"yoast-schema-graph\">{\"@context\":\"https:\\\/\\\/schema.org\",\"@graph\":[{\"@type\":\"WebPage\",\"@id\":\"https:\\\/\\\/chemgramx.com\\\/product\\\/4-me-tmp-online-kaufen\\\/\",\"url\":\"https:\\\/\\\/chemgramx.com\\\/product\\\/4-me-tmp-online-kaufen\\\/\",\"name\":\"4-Me-TMP kaufen - h\u00f6chste Reinheit (zum Verkauf|hochwertig)\",\"isPartOf\":{\"@id\":\"https:\\\/\\\/chemgramx.com\\\/#website\"},\"primaryImageOfPage\":{\"@id\":\"https:\\\/\\\/chemgramx.com\\\/product\\\/4-me-tmp-online-kaufen\\\/#primaryimage\"},\"image\":{\"@id\":\"https:\\\/\\\/chemgramx.com\\\/product\\\/4-me-tmp-online-kaufen\\\/#primaryimage\"},\"thumbnailUrl\":\"https:\\\/\\\/chemgramx.com\\\/wp-content\\\/uploads\\\/2025\\\/11\\\/4-Me-TMP.jpg\",\"datePublished\":\"2025-11-21T16:46:33+00:00\",\"dateModified\":\"2025-12-09T10:22:22+00:00\",\"description\":\"Entdecken Sie hochreines 4-Me-TMP f\u00fcr Ihre Forschung bei Chemgramx. Bestellen Sie authentisches und erstklassiges 4-Me-TMP mit \u00fcber 98% Reinheit jetzt online f\u00fcr Ihre Studien.\",\"breadcrumb\":{\"@id\":\"https:\\\/\\\/chemgramx.com\\\/product\\\/4-me-tmp-online-kaufen\\\/#breadcrumb\"},\"inLanguage\":\"hu\",\"potentialAction\":[{\"@type\":\"ReadAction\",\"target\":[\"https:\\\/\\\/chemgramx.com\\\/product\\\/4-me-tmp-online-kaufen\\\/\"]}]},{\"@type\":\"ImageObject\",\"inLanguage\":\"hu\",\"@id\":\"https:\\\/\\\/chemgramx.com\\\/product\\\/4-me-tmp-online-kaufen\\\/#primaryimage\",\"url\":\"https:\\\/\\\/chemgramx.com\\\/wp-content\\\/uploads\\\/2025\\\/11\\\/4-Me-TMP.jpg\",\"contentUrl\":\"https:\\\/\\\/chemgramx.com\\\/wp-content\\\/uploads\\\/2025\\\/11\\\/4-Me-TMP.jpg\",\"width\":200,\"height\":200},{\"@type\":\"BreadcrumbList\",\"@id\":\"https:\\\/\\\/chemgramx.com\\\/product\\\/4-me-tmp-online-kaufen\\\/#breadcrumb\",\"itemListElement\":[{\"@type\":\"ListItem\",\"position\":1,\"name\":\"Home\",\"item\":\"https:\\\/\\\/chemgramx.com\\\/\"},{\"@type\":\"ListItem\",\"position\":2,\"name\":\"Shop\",\"item\":\"https:\\\/\\\/chemgramx.com\\\/shop\\\/\"},{\"@type\":\"ListItem\",\"position\":3,\"name\":\"4-Me-TMP kaufen &#8211; h\u00f6chste Reinheit (zum Verkauf|hochwertig)\"}]},{\"@type\":\"WebSite\",\"@id\":\"https:\\\/\\\/chemgramx.com\\\/#website\",\"url\":\"https:\\\/\\\/chemgramx.com\\\/\",\"name\":\"Chemgramx\",\"description\":\"\",\"publisher\":{\"@id\":\"https:\\\/\\\/chemgramx.com\\\/#organization\"},\"potentialAction\":[{\"@type\":\"SearchAction\",\"target\":{\"@type\":\"EntryPoint\",\"urlTemplate\":\"https:\\\/\\\/chemgramx.com\\\/?s={search_term_string}\"},\"query-input\":{\"@type\":\"PropertyValueSpecification\",\"valueRequired\":true,\"valueName\":\"search_term_string\"}}],\"inLanguage\":\"hu\"},{\"@type\":\"Organization\",\"@id\":\"https:\\\/\\\/chemgramx.com\\\/#organization\",\"name\":\"Chemgramx\",\"url\":\"https:\\\/\\\/chemgramx.com\\\/\",\"logo\":{\"@type\":\"ImageObject\",\"inLanguage\":\"hu\",\"@id\":\"https:\\\/\\\/chemgramx.com\\\/#\\\/schema\\\/logo\\\/image\\\/\",\"url\":\"https:\\\/\\\/chemgramx.com\\\/wp-content\\\/uploads\\\/2024\\\/10\\\/final-logo.png\",\"contentUrl\":\"https:\\\/\\\/chemgramx.com\\\/wp-content\\\/uploads\\\/2024\\\/10\\\/final-logo.png\",\"width\":250,\"height\":48,\"caption\":\"Chemgramx\"},\"image\":{\"@id\":\"https:\\\/\\\/chemgramx.com\\\/#\\\/schema\\\/logo\\\/image\\\/\"}}]}<\/script>\n<!-- \/ Yoast SEO plugin. -->","yoast_head_json":{"title":"4-Me-TMP v\u00e1s\u00e1rl\u00e1s \u2013 legmagasabb tisztas\u00e1g\u00fa (elad\u00f3|kiv\u00e1l\u00f3 min\u0151s\u00e9g\u0171)","description":"Fedezze fel a Chemgramx-n\u00e1l a kutat\u00e1s\u00e1hoz sz\u00fcks\u00e9ges, nagy tisztas\u00e1g\u00fa 4-Me-TMP-t. Rendeljen most online, tanulm\u00e1nyaihoz hiteles \u00e9s kiv\u00e1l\u00f3 min\u0151s\u00e9g\u0171, t\u00f6bb mint 98% tisztas\u00e1g\u00fa 4-Me-TMP-t.","robots":{"index":"index","follow":"follow","max-snippet":"max-snippet:-1","max-image-preview":"max-image-preview:large","max-video-preview":"max-video-preview:-1"},"canonical":"https:\/\/chemgramx.com\/hu\/termek-1\/vasarlas-4-me-tmp-online\/","og_locale":"hu_HU","og_type":"article","og_title":"4-Me-TMP kaufen - h\u00f6chste Reinheit (zum Verkauf|hochwertig)","og_description":"Entdecken Sie hochreines 4-Me-TMP f\u00fcr Ihre Forschung bei Chemgramx. Bestellen Sie authentisches und erstklassiges 4-Me-TMP mit \u00fcber 98% Reinheit jetzt online f\u00fcr Ihre Studien.","og_url":"https:\/\/chemgramx.com\/hu\/termek-1\/vasarlas-4-me-tmp-online\/","og_site_name":"Chemgramx","article_modified_time":"2025-12-09T10:22:22+00:00","og_image":[{"width":200,"height":200,"url":"https:\/\/chemgramx.com\/wp-content\/uploads\/2025\/11\/4-Me-TMP.jpg","type":"image\/jpeg"}],"twitter_card":"summary_large_image","twitter_misc":{"Becs\u00fclt olvas\u00e1si id\u0151":"3 perc"},"schema":{"@context":"https:\/\/schema.org","@graph":[{"@type":"WebPage","@id":"https:\/\/chemgramx.com\/product\/4-me-tmp-online-kaufen\/","url":"https:\/\/chemgramx.com\/product\/4-me-tmp-online-kaufen\/","name":"4-Me-TMP v\u00e1s\u00e1rl\u00e1s \u2013 legmagasabb tisztas\u00e1g\u00fa (elad\u00f3|kiv\u00e1l\u00f3 min\u0151s\u00e9g\u0171)","isPartOf":{"@id":"https:\/\/chemgramx.com\/#website"},"primaryImageOfPage":{"@id":"https:\/\/chemgramx.com\/product\/4-me-tmp-online-kaufen\/#primaryimage"},"image":{"@id":"https:\/\/chemgramx.com\/product\/4-me-tmp-online-kaufen\/#primaryimage"},"thumbnailUrl":"https:\/\/chemgramx.com\/wp-content\/uploads\/2025\/11\/4-Me-TMP.jpg","datePublished":"2025-11-21T16:46:33+00:00","dateModified":"2025-12-09T10:22:22+00:00","description":"Fedezze fel a Chemgramx-n\u00e1l a kutat\u00e1s\u00e1hoz sz\u00fcks\u00e9ges, nagy tisztas\u00e1g\u00fa 4-Me-TMP-t. Rendeljen most online, tanulm\u00e1nyaihoz hiteles \u00e9s kiv\u00e1l\u00f3 min\u0151s\u00e9g\u0171, t\u00f6bb mint 98% tisztas\u00e1g\u00fa 4-Me-TMP-t.","breadcrumb":{"@id":"https:\/\/chemgramx.com\/product\/4-me-tmp-online-kaufen\/#breadcrumb"},"inLanguage":"hu","potentialAction":[{"@type":"ReadAction","target":["https:\/\/chemgramx.com\/product\/4-me-tmp-online-kaufen\/"]}]},{"@type":"ImageObject","inLanguage":"hu","@id":"https:\/\/chemgramx.com\/product\/4-me-tmp-online-kaufen\/#primaryimage","url":"https:\/\/chemgramx.com\/wp-content\/uploads\/2025\/11\/4-Me-TMP.jpg","contentUrl":"https:\/\/chemgramx.com\/wp-content\/uploads\/2025\/11\/4-Me-TMP.jpg","width":200,"height":200},{"@type":"BreadcrumbList","@id":"https:\/\/chemgramx.com\/product\/4-me-tmp-online-kaufen\/#breadcrumb","itemListElement":[{"@type":"ListItem","position":1,"name":"Home","item":"https:\/\/chemgramx.com\/"},{"@type":"ListItem","position":2,"name":"Shop","item":"https:\/\/chemgramx.com\/shop\/"},{"@type":"ListItem","position":3,"name":"4-Me-TMP kaufen &#8211; h\u00f6chste Reinheit (zum Verkauf|hochwertig)"}]},{"@type":"WebSite","@id":"https:\/\/chemgramx.com\/#website","url":"https:\/\/chemgramx.com\/","name":"Chemgramx","description":"","publisher":{"@id":"https:\/\/chemgramx.com\/#organization"},"potentialAction":[{"@type":"SearchAction","target":{"@type":"EntryPoint","urlTemplate":"https:\/\/chemgramx.com\/?s={search_term_string}"},"query-input":{"@type":"PropertyValueSpecification","valueRequired":true,"valueName":"search_term_string"}}],"inLanguage":"hu"},{"@type":"Organization","@id":"https:\/\/chemgramx.com\/#organization","name":"Chemgramx","url":"https:\/\/chemgramx.com\/","logo":{"@type":"ImageObject","inLanguage":"hu","@id":"https:\/\/chemgramx.com\/#\/schema\/logo\/image\/","url":"https:\/\/chemgramx.com\/wp-content\/uploads\/2024\/10\/final-logo.png","contentUrl":"https:\/\/chemgramx.com\/wp-content\/uploads\/2024\/10\/final-logo.png","width":250,"height":48,"caption":"Chemgramx"},"image":{"@id":"https:\/\/chemgramx.com\/#\/schema\/logo\/image\/"}}]}},"_links":{"self":[{"href":"https:\/\/chemgramx.com\/hu\/wp-json\/wp\/v2\/product\/8036","targetHints":{"allow":["GET"]}}],"collection":[{"href":"https:\/\/chemgramx.com\/hu\/wp-json\/wp\/v2\/product"}],"about":[{"href":"https:\/\/chemgramx.com\/hu\/wp-json\/wp\/v2\/types\/product"}],"replies":[{"embeddable":true,"href":"https:\/\/chemgramx.com\/hu\/wp-json\/wp\/v2\/comments?post=8036"}],"wp:featuredmedia":[{"embeddable":true,"href":"https:\/\/chemgramx.com\/hu\/wp-json\/wp\/v2\/media\/8088"}],"wp:attachment":[{"href":"https:\/\/chemgramx.com\/hu\/wp-json\/wp\/v2\/media?parent=8036"}],"wp:term":[{"taxonomy":"product_brand","embeddable":true,"href":"https:\/\/chemgramx.com\/hu\/wp-json\/wp\/v2\/product_brand?post=8036"},{"taxonomy":"product_cat","embeddable":true,"href":"https:\/\/chemgramx.com\/hu\/wp-json\/wp\/v2\/product_cat?post=8036"},{"taxonomy":"product_tag","embeddable":true,"href":"https:\/\/chemgramx.com\/hu\/wp-json\/wp\/v2\/product_tag?post=8036"}],"curies":[{"name":"wp","href":"https:\/\/api.w.org\/{rel}","templated":true}]}}