{"id":8379,"date":"2025-11-21T18:17:57","date_gmt":"2025-11-21T18:17:57","guid":{"rendered":"https:\/\/chemgramx.com\/?post_type=product&#038;p=8379"},"modified":"2025-12-09T10:15:34","modified_gmt":"2025-12-09T10:15:34","slug":"4b-4-mar-online-vasarlas","status":"publish","type":"product","link":"https:\/\/chemgramx.com\/hu\/product\/4b-4-mar-online-kaufen\/","title":{"rendered":"4B-4-MAR v\u00e1s\u00e1rl\u00e1s \u2013 Kutat\u00e1s (elad\u00f3|kiv\u00e1l\u00f3 min\u0151s\u00e9g)"},"content":{"rendered":"<p>A k\u00e9miai kutat\u00e1s vil\u00e1ga folyamatosan v\u00e1ltozik, \u00e9s a kiv\u00e1l\u00f3 min\u0151s\u00e9g\u0171 reagensek minden sikeres k\u00eds\u00e9rlet alapj\u00e1t k\u00e9pezik. Ha \u00d6n <b>4B-4-MAR elad\u00f3<\/b> Ha olyan besz\u00e1ll\u00edt\u00f3t keres, aki el\u0151seg\u00edti tudom\u00e1nyos projektjeinek megval\u00f3s\u00edt\u00e1s\u00e1t, akkor a Chemgramx a megfelel\u0151 v\u00e1laszt\u00e1s. Kiv\u00e1l\u00f3 min\u0151s\u00e9g\u0171 k\u00e9miai anyagokat k\u00edn\u00e1lunk, amelyek a legszigor\u00fabb min\u0151s\u00e9gi el\u0151\u00edr\u00e1soknak is megfelelnek.<\/p>\n<p>A 4B-4-MAR rendk\u00edv\u00fcli tulajdons\u00e1gokkal rendelkezik <b>Tisztas\u00e1g<\/b> \u00e9s kifejezetten kutat\u00e1si c\u00e9lokra lett kifejlesztve. Ez\u00e9rt pontos \u00e9s reproduk\u00e1lhat\u00f3 eredm\u00e9nyekre sz\u00e1m\u00edthat. Meg\u00e9rtj\u00fck a modern kutat\u00f3laborat\u00f3riumok ig\u00e9nyeit, \u00e9s gondoskodunk arr\u00f3l, hogy term\u00e9keink ezeknek megfeleljenek.<\/p>\n<h2>Fedezze fel a 4B-4-MAR-t: betekint\u00e9s a kutat\u00e1sba<\/h2>\n<p>Elismert kutat\u00e1si vegyi anyagk\u00e9nt a 4B-4-MAR egy \u00e9szter, amely k\u00fcl\u00f6nb\u00f6z\u0151 tudom\u00e1nyos kontextusokban \u00e9rdekes. Szerkezete \u00e9s tulajdons\u00e1gai miatt fontos eszk\u00f6z a k\u00e9mikusok \u00e9s farmakol\u00f3gusok sz\u00e1m\u00e1ra, akik \u00faj ismereteket szeretn\u00e9nek szerezni. Val\u00f3j\u00e1ban a <b>Hiteles 4B-4-MAR<\/b> a pontos tanulm\u00e1nyokhoz elengedhetetlen.<\/p>\n<p>Az \u00fajszer\u0171 vegy\u00fcletek kutat\u00e1sa gyakran speci\u00e1lis molekul\u00e1khoz val\u00f3 hozz\u00e1f\u00e9r\u00e9st ig\u00e9nyel. Ez\u00e9rt nagy hangs\u00falyt fektet\u00fcnk arra, hogy \u00d6nnek <b>Kutat\u00e1si min\u0151s\u00e9g elad\u00f3<\/b> amely a legmagasabb k\u00f6vetelm\u00e9nyeknek is megfelel. Ezenk\u00edv\u00fcl a 4B-4-MAR term\u00e9k\u00fcnket gondosan szintetiz\u00e1ltuk \u00e9s tesztelt\u00fck, hogy biztos\u00edtsuk annak konzisztenci\u00e1j\u00e1t \u00e9s megb\u00edzhat\u00f3s\u00e1g\u00e1t.<\/p>\n<h2>Mi az a 4B-4-MAR \u00e9s milyen k\u00e9miai \u00f6sszet\u00e9tele van?<\/h2>\n<p>A 4B-4-MAR, vagy 4-brom-4-metilaminorex az aminorex sz\u00e1rmaz\u00e9ka. A helyettes\u00edtett aminorexek oszt\u00e1ly\u00e1ba tartozik, \u00e9s specifikus k\u00e9miai szerkezet\u00e9r\u0151l ismert, ami kutat\u00e1si t\u00e1rgy\u00e1v\u00e1 teszi. K\u00fcl\u00f6n\u00f6sen a fenilgy\u0171r\u0171ben tal\u00e1lhat\u00f3 br\u00f3m-szubsztit\u00faci\u00f3 v\u00e1ltoztatja meg farmakol\u00f3giai tulajdons\u00e1gait a nem szubsztitu\u00e1lt v\u00e1ltozathoz k\u00e9pest. Ez\u00e9rt ez egy leny\u0171g\u00f6z\u0151 molekula, amely r\u00e9szletes vizsg\u00e1latok t\u00e1rgy\u00e1t k\u00e9pezi.<\/p>\n<p>A 4B-4-MAR pontos molekul\u00e1ris k\u00e9plete \u00e9s szerkezete d\u00f6nt\u0151 fontoss\u00e1g\u00fa azoknak a tud\u00f3soknak, akik meg akarj\u00e1k \u00e9rteni annak potenci\u00e1lis k\u00f6lcs\u00f6nhat\u00e1sait \u00e9s mechanizmusait. Ezenk\u00edv\u00fcl minden egyes t\u00e9tel pontos jellemz\u00e9se is nagy jelent\u0151s\u00e9ggel b\u00edr a kutat\u00e1si eredm\u00e9nyek integrit\u00e1s\u00e1nak biztos\u00edt\u00e1sa \u00e9rdek\u00e9ben. Gondoskodunk arr\u00f3l, hogy minden term\u00e9k\u00fcnk, bele\u00e9rtve a <a href=\"https:\/\/chemgramx.com\/product\/4b-4-mar-online-kaufen\/\">4B-4-MAR online<\/a>, egy\u00e9rtelm\u0171en meghat\u00e1rozottak.<\/p>\n<h3>A szerkezeti jellemz\u0151k r\u00e9szletesen<\/h3>\n<ul>\n<li><b>K\u00e9miai n\u00e9v:<\/b> 4-brom-4-metilaminorex<\/li>\n<li><b>Oszt\u00e1lyoz\u00e1s:<\/b> Szubsztitu\u00e1lt aminorex<\/li>\n<li><b>Molekul\u00e1ris szerkezet:<\/b> Jellemz\u0151je egy fenilgy\u0171r\u0171, amelyben egy br\u00f3mcsoport \u00e9s egy aminorex-szerkezet tal\u00e1lhat\u00f3.<\/li>\n<li><b>Tisztas\u00e1g:<\/b> Magas tisztas\u00e1g, amely elengedhetetlen a megb\u00edzhat\u00f3 kutat\u00e1si eredm\u00e9nyekhez.<\/li>\n<\/ul>\n<p>M\u00e1sr\u00e9szt fontos megjegyezni, hogy a 4B-4-MAR kiz\u00e1r\u00f3lag kutat\u00e1si \u00e9s laborat\u00f3riumi c\u00e9lokra szolg\u00e1l. Nem alkalmas emberi fogyaszt\u00e1sra vagy ter\u00e1pi\u00e1s alkalmaz\u00e1sra. Ennek megfelel\u0151en a kutat\u00f3knak mindig be kell tartaniuk a vonatkoz\u00f3 biztons\u00e1gi ir\u00e1nyelveket \u00e9s etikai norm\u00e1kat.<\/p>\n<h2>Alkalmaz\u00e1si ter\u00fcletek \u00e9s kutat\u00e1si lehet\u0151s\u00e9gek<\/h2>\n<p>A 4B-4-MAR kutat\u00e1si potenci\u00e1lja sokr\u00e9t\u0171. A tud\u00f3sok gyakran haszn\u00e1lj\u00e1k ezt a vegy\u00fcletet a rokon anyagok hat\u00e1s\u00e1nak vizsg\u00e1lat\u00e1ra \u00e9s \u00faj ismeretek szerz\u00e9s\u00e9re a neurok\u00e9miai folyamatokr\u00f3l. Ezenk\u00edv\u00fcl szerepet j\u00e1tszhat \u00faj analitikai m\u00f3dszerek fejleszt\u00e9s\u00e9ben is.<\/p>\n<p>A neurobiol\u00f3gia \u00e9s farmakol\u00f3gia ter\u00fclet\u00e9n kutat\u00f3k sz\u00e1m\u00e1ra a 4B-4-MAR \u00e9rt\u00e9kes eszk\u00f6z. Seg\u00edts\u00e9g\u00e9vel vizsg\u00e1lhatj\u00e1k a k\u00fcl\u00f6nb\u00f6z\u0151 receptorokkal \u00e9s transzporterekkel val\u00f3 k\u00f6lcs\u00f6nhat\u00e1sait, ami a stimul\u00e1nsok \u00e9s azok mechanizmusainak jobb meg\u00e9rt\u00e9s\u00e9hez vezethet. Ugyanakkor kiv\u00e1l\u00f3 \u00f6sszehasonl\u00edt\u00f3 anyag kvalitat\u00edv tanulm\u00e1nyokhoz is.<\/p>\n<h3>Lehets\u00e9ges kutat\u00e1si ter\u00fcletek:<\/h3>\n<ul>\n<li>Monoamin transzporterek (DAT, NET, SERT) vizsg\u00e1lata<\/li>\n<li>Az aminorex-sz\u00e1rmaz\u00e9kok szerkezet-hat\u00e1s \u00f6sszef\u00fcgg\u00e9seinek elemz\u00e9se<\/li>\n<li>Forenzikus elemz\u00e9si m\u00f3dszerek fejleszt\u00e9se<\/li>\n<li>In vitro vizsg\u00e1latok a sejtekbe val\u00f3 felv\u00e9telr\u0151l \u00e9s az anyagcser\u00e9r\u0151l<\/li>\n<\/ul>\n<p>Ha egy\u00e9b hasonl\u00f3 kapcsolatok is \u00e9rdeklik, akkor tekintse meg aj\u00e1nlatunkat a k\u00f6vetkez\u0151 t\u00e9m\u00e1kban: <a href=\"https:\/\/chemgramx.com\/product\/4-aco-dmt-online-kaufen\/\">4-AcO-DMT online<\/a> felfedezni, amely szint\u00e9n el\u00e9rhet\u0151 a halad\u00f3 kutat\u00e1sok sz\u00e1m\u00e1ra. Ez\u00e1ltal jelent\u0151sen b\u0151v\u00edtheti kutat\u00e1si lehet\u0151s\u00e9geit.<\/p>\n<h2>Min\u0151s\u00e9g \u00e9s tisztas\u00e1g: \u00edg\u00e9ret\u00fcnk<\/h2>\n<p>A Chemgramxn\u00e9l a min\u0151s\u00e9g a legfontosabb sz\u00e1munkra. Minden 4B-4-MAR t\u00e9tel \u00e1tfog\u00f3 tesztel\u00e9sen esik \u00e1t, hogy biztos\u00edtsuk a <b>Magas tisztas\u00e1g\u00fa term\u00e9kek elad\u00f3<\/b> garant\u00e1lni. A legmodernebb elemz\u00e9si technik\u00e1kat, mint p\u00e9ld\u00e1ul a nagy teljes\u00edtm\u00e9ny\u0171 folyad\u00e9kkromatogr\u00e1fi\u00e1t (HPLC) \u00e9s a t\u00f6megspektrometri\u00e1t (MS) alkalmazzuk term\u00e9keink identit\u00e1s\u00e1nak \u00e9s tisztas\u00e1g\u00e1nak igazol\u00e1s\u00e1ra. Ennek eredm\u00e9nyek\u00e9nt mindig olyan term\u00e9ket kap, amely meghaladja az elv\u00e1r\u00e1sait.<\/p>\n<p>Tudjuk, hogy a tudom\u00e1nyos kutat\u00e1sban nem lehet kompromisszumot k\u00f6tni a min\u0151s\u00e9g ter\u00e9n. Ez\u00e9rt csak a k\u00f6vetkez\u0151ket k\u00edn\u00e1ljuk \u00d6nnek <b>Laborat\u00f3riumi min\u0151s\u00e9g\u0171 term\u00e9kek elad\u00f3<\/b> amely megfelel a legig\u00e9nyesebb kutat\u00e1si alkalmaz\u00e1soknak. Ez d\u00f6nt\u0151 t\u00e9nyez\u0151 a valid \u00e9s megism\u00e9telhet\u0151 kutat\u00e1si eredm\u00e9nyek el\u00e9r\u00e9s\u00e9hez. Ezenk\u00edv\u00fcl az \u00e1tl\u00e1that\u00f3s\u00e1g \u00e9s a pontoss\u00e1g ir\u00e1nti elk\u00f6telezetts\u00e9g\u00fcnk v\u00e1llalatfiloz\u00f3fi\u00e1nk sarokk\u00f6ve.<\/p>\n<h3>Min\u0151s\u00e9gi szabv\u00e1nyaink:<\/h3>\n<ul>\n<li><b>\u00c1tfog\u00f3 elemz\u00e9sek:<\/b> Minden term\u00e9k szigor\u00fa tisztas\u00e1gi teszteknek van al\u00e1vetve.<\/li>\n<li><b>T\u00e9tel-specifikus adatok:<\/b> K\u00e9r\u00e9sre r\u00e9szletes elemz\u00e9si tan\u00fas\u00edtv\u00e1nyokat bocs\u00e1tunk rendelkez\u00e9sre.<\/li>\n<li><b>\u00c1lland\u00f3 min\u0151s\u00e9g:<\/b> Garant\u00e1ljuk az \u00f6sszes t\u00e9telben a term\u00e9kek \u00e1lland\u00f3 min\u0151s\u00e9g\u00e9t.<\/li>\n<li><b>Kutat\u00e1si f\u00f3kusz:<\/b> Ide\u00e1lis \u00e9rz\u00e9keny tudom\u00e1nyos k\u00eds\u00e9rletekhez.<\/li>\n<\/ul>\n<p>Ezen t\u00falmen\u0151en min\u0151s\u00e9gi elv\u00e1r\u00e1saink azt jelentik, hogy \u00d6n biztos lehet abban, hogy, <b>A legjobb 4B-4-MAR el\u00e9rhet\u0151<\/b> projektjeihez. Ennek eredm\u00e9nyek\u00e9nt teljes m\u00e9rt\u00e9kben a kutat\u00e1s\u00e1ra koncentr\u00e1lhat, an\u00e9lk\u00fcl, hogy agg\u00f3dnia kellene a term\u00e9k min\u0151s\u00e9g\u00e9\u00e9rt.<\/p>\n<h2>A 4B-4-MAR biztons\u00e1gos beszerz\u00e9se \u00e9s kezel\u00e9se<\/h2>\n<p>A kutat\u00e1si vegyszerek biztons\u00e1gos beszerz\u00e9se \u00e9s helyes kezel\u00e9se rendk\u00edv\u00fcl fontos. A Chemgramxn\u00e9l megk\u00f6nny\u00edtj\u00fck a <b>Biztons\u00e1gos v\u00e1s\u00e1rl\u00e1s<\/b> \u00e1tl\u00e1that\u00f3 folyamatok \u00e9s a term\u00e9kinform\u00e1ci\u00f3k egy\u00e9rtelm\u0171 kommunik\u00e1ci\u00f3ja r\u00e9v\u00e9n. Fontosnak tartjuk az \u00f6sszes vonatkoz\u00f3 el\u0151\u00edr\u00e1s \u00e9s aj\u00e1nl\u00e1s betart\u00e1s\u00e1t a kutat\u00e1si vegyi anyagok kezel\u00e9se sor\u00e1n.<\/p>\n<p>K\u00e9rj\u00fck \u00fcgyfeleinket, hogy ismerkedjenek meg a biztons\u00e1gi adatlapokkal (SDB) \u00e9s haszn\u00e1ljanak megfelel\u0151 egy\u00e9ni v\u00e9d\u0151felszerel\u00e9st (PSA). Ide tartoznak a v\u00e9d\u0151keszty\u0171k, v\u00e9d\u0151szem\u00fcvegek \u00e9s laborat\u00f3riumi k\u00f6penyek. A j\u00f3l szell\u0151z\u0151 munkak\u00f6rnyezet szint\u00e9n elengedhetetlen az expoz\u00edci\u00f3 minimaliz\u00e1l\u00e1sa \u00e9rdek\u00e9ben. Fontos sz\u00e1munkra, hogy kutat\u00e1saik biztons\u00e1gosak legyenek.<\/p>\n<h3>Fontos biztons\u00e1gi utas\u00edt\u00e1sok:<\/h3>\n<ul>\n<li><b>Kiz\u00e1r\u00f3lag kutat\u00e1si c\u00e9lokra:<\/b> Nem emberi vagy \u00e1llati fogyaszt\u00e1sra alkalmas.<\/li>\n<li><b>Megfelel\u0151 egy\u00e9ni v\u00e9d\u0151felszerel\u00e9s:<\/b> Mindig viseljen v\u00e9d\u0151keszty\u0171t, v\u00e9d\u0151szem\u00fcveget \u00e9s laborat\u00f3riumi k\u00f6penyt.<\/li>\n<li><b>T\u00e1rol\u00e1s:<\/b> H\u0171v\u00f6s, sz\u00e1raz \u00e9s f\u00e9nyt\u0151l v\u00e9dett helyen t\u00e1roland\u00f3, illet\u00e9ktelenek sz\u00e1m\u00e1ra hozz\u00e1f\u00e9rhetetlen helyen.<\/li>\n<li><b>Elt\u00e1vol\u00edt\u00e1s:<\/b> A helyi vegyi hullad\u00e9kokra vonatkoz\u00f3 el\u0151\u00edr\u00e1soknak megfelel\u0151en.<\/li>\n<\/ul>\n<p>Term\u00e9keinket a legnagyobb gondoss\u00e1ggal kezelj\u00fck, hogy integrit\u00e1suk a kutat\u00f3int\u00e9zet\u00e9ig megmaradjon. <b>Kiv\u00e1l\u00f3 min\u0151s\u00e9g\u0171 4B-4-MAR<\/b> \u00e9rz\u00e9keny laborat\u00f3riumi vegyszerekre vonatkoz\u00f3 szabv\u00e1nyoknak megfelel\u0151en kezelj\u00fck, \u00edgy biztons\u00e1gosan \u00e1tveheti.<\/p>\n<h2>Mi\u00e9rt \u00e9rdemes a Chemgramx-ot v\u00e1lasztani kutat\u00e1si ig\u00e9nyeinek kiel\u00e9g\u00edt\u00e9s\u00e9re?<\/h2>\n<p>A megfelel\u0151 besz\u00e1ll\u00edt\u00f3 kiv\u00e1laszt\u00e1sa a kutat\u00e1si vegyszerekhez d\u00f6nt\u0151 fontoss\u00e1g\u00fa. A Chemgramx a megb\u00edzhat\u00f3s\u00e1got, a min\u0151s\u00e9get \u00e9s az \u00fcgyf\u00e9lk\u00f6zpont\u00fa megk\u00f6zel\u00edt\u00e9st k\u00e9pviseli. Arra t\u00f6reksz\u00fcnk, hogy ne csak kiv\u00e1l\u00f3 term\u00e9keket, hanem kiemelked\u0151 szolg\u00e1ltat\u00e1st is ny\u00fajtsunk \u00d6nnek. \u00cdgy ide\u00e1lis partner\u00fcnk lehet ig\u00e9nyes kutat\u00e1si projektekhez.<\/p>\n<p>Ha <b>4B-4-MAR online megrendel\u00e9s<\/b> , egyszer\u0171 \u00e9s biztons\u00e1gos folyamatot k\u00edn\u00e1lunk \u00d6nnek. Platformunk felhaszn\u00e1l\u00f3bar\u00e1t kialak\u00edt\u00e1s\u00fa, hogy megk\u00f6nny\u00edtse az \u00d6n sz\u00e1m\u00e1ra a sz\u00fcks\u00e9ges anyagokhoz val\u00f3 hozz\u00e1f\u00e9r\u00e9st. Ezenk\u00edv\u00fcl minden tranzakci\u00f3 sor\u00e1n nagy hangs\u00falyt fektet\u00fcnk a diszkr\u00e9ci\u00f3ra \u00e9s a professzionalizmusra. B\u00fcszk\u00e9k vagyunk arra, hogy tud\u00f3sokat t\u00e1mogatunk vil\u00e1gszerte.<\/p>\n<h3>A Chemgramx el\u0151nyei:<\/h3>\n<ul>\n<li><b>Kiv\u00e1l\u00f3 term\u00e9kmin\u0151s\u00e9g:<\/b> Garant\u00e1lt tisztas\u00e1g \u00e9s eredetis\u00e9g.<\/li>\n<li><b>\u00c1tfog\u00f3 term\u00e9kinform\u00e1ci\u00f3k:<\/b> Hozz\u00e1f\u00e9r\u00e9s a relev\u00e1ns adatlapokhoz \u00e9s elemz\u00e9si tan\u00fas\u00edtv\u00e1nyokhoz.<\/li>\n<li><b>Kutat\u00e1sra \u00f6sszpontos\u00edtva:<\/b> Kifejezetten tudom\u00e1nyos alkalmaz\u00e1sokhoz k\u00e9sz\u00fclt term\u00e9kek.<\/li>\n<li><b>Elk\u00f6telezett \u00fcgyf\u00e9lszolg\u00e1lat:<\/b> Seg\u00edts\u00e9g k\u00e9rd\u00e9sek \u00e9s probl\u00e9m\u00e1k eset\u00e9n.<\/li>\n<\/ul>\n<p>Megh\u00edvjuk \u00d6nt, hogy pr\u00f3b\u00e1lja ki a min\u0151s\u00e9get \u00e9s a szolg\u00e1ltat\u00e1st, amelyet <b>V\u00e1s\u00e1roljon a Chemgramx-n\u00e1l<\/b> meggy\u0151z\u0151dni saj\u00e1t szem\u00fckkel. Meggy\u0151z\u0151d\u00e9s\u00fcnk, hogy v\u00e1laszt\u00e9kunkkal \u00e9s sz\u00ednvonalunkkal el\u00e9gedettek lesznek. Ez\u00e9rt a k\u00e9miai kutat\u00f3i k\u00f6z\u00f6ss\u00e9gben megb\u00edzhat\u00f3 partnerk\u00e9nt poz\u00edcion\u00e1ljuk magunkat.<\/p>\n<h2>Rendelje meg m\u00e9g ma a 4B-4-MAR term\u00e9ket!<\/h2>\n<p>Most k\u00f6nnyebb, mint valaha el\u00e9rni kutat\u00e1si c\u00e9ljait. Ha <b>Kiv\u00e1l\u00f3 min\u0151s\u00e9g\u0171 4B-4-MAR<\/b> laborat\u00f3riumi munk\u00e1j\u00e1hoz sz\u00fcks\u00e9ges, n\u00e1lunk megtal\u00e1lja a megfelel\u0151 megold\u00e1st. C\u00e9lunk, hogy a legfontosabb kutat\u00e1si vegyszerekhez val\u00f3 hozz\u00e1f\u00e9r\u00e9st a lehet\u0151 legk\u00f6nnyebb\u00e9 tegy\u00fck. Ez\u00e9rt teljes term\u00e9kv\u00e1laszt\u00e9kunk az \u00d6n rendelkez\u00e9s\u00e9re \u00e1ll, hogy k\u00eds\u00e9rleteit optimaliz\u00e1lhassa.<\/p>\n<p>Ne habozzon tov\u00e1bb, \u00e9s szerezze be a sz\u00fcks\u00e9ges anyagokat forradalmi felfedez\u00e9seihez. A <b>Most online v\u00e1s\u00e1roljon<\/b> biztos lehet benne, hogy els\u0151 oszt\u00e1ly\u00fa anyagot kap tudom\u00e1nyos t\u00f6rekv\u00e9seihez. V\u00e9g\u00fcl, \u00f6r\u00f6mmel v\u00e1rjuk \u00d6nt a Chemgramx \u00e9rt\u00e9kes kutat\u00f3i \u00fcgyfeleink k\u00f6z\u00f6tt.<\/p>","protected":false},"excerpt":{"rendered":"<p>Fedezze fel a <b>4B-4-MAR V\u00e1s\u00e1rl\u00e1s<\/b> a Chemgramx-n\u00e1l \u2013 egy nagy tisztas\u00e1g\u00fa kutat\u00e1si vegyszer, amely elengedhetetlen a prec\u00edz laborat\u00f3riumi vizsg\u00e1latokhoz. Ez a sz\u00e1rmaz\u00e9k egyed\u00fcl\u00e1ll\u00f3 lehet\u0151s\u00e9geket k\u00edn\u00e1l a kutat\u00f3knak a neurok\u00e9mia \u00e9s az anyagcsere-\u00fatvonalak vizsg\u00e1lat\u00e1hoz. Kiz\u00e1r\u00f3lag tudom\u00e1nyos c\u00e9lokra sz\u00e1nj\u00e1k, \u00e9s a legmagasabb min\u0151s\u00e9gi k\u00f6vetelm\u00e9nyeknek felel meg. V\u00e1s\u00e1rolja meg most ezt a speci\u00e1lis reagenset ig\u00e9nyes k\u00eds\u00e9rleteihez.<\/p>","protected":false},"featured_media":8413,"comment_status":"open","ping_status":"closed","template":"","meta":{"_joinchat":[]},"product_brand":[],"product_cat":[48],"product_tag":[910,930,934,919,920,933,909,928,924,929,935,915,917,923,911,916,922,912,927,914,931,925,921,918,932,926,913],"class_list":{"0":"post-8379","1":"product","2":"type-product","3":"status-publish","4":"has-post-thumbnail","6":"product_cat-stimulants","7":"product_tag-4-benzyl-4-methylaminorex","8":"product_tag-4-benzyl-4-methylaminorex-effekte","9":"product_tag-4-benzyl-4-methylaminorex-fur-forschung","10":"product_tag-4-benzyl-4-methylaminorex-kaufen","11":"product_tag-4-benzyl-4-methylaminorex-lieferant","12":"product_tag-4-benzyl-4-methylaminorex-studien","13":"product_tag-4b-4-mar","14":"product_tag-4b-4-mar-analyse","15":"product_tag-4b-4-mar-anwendungen","16":"product_tag-4b-4-mar-chemie","17":"product_tag-4b-4-mar-eigenschaften","18":"product_tag-4b-4-mar-forschungschemikalie","19":"product_tag-4b-4-mar-groshandel","20":"product_tag-4b-4-mar-handhabung","21":"product_tag-4b-4-mar-kaufen","22":"product_tag-4b-4-mar-laboranwendung","23":"product_tag-4b-4-mar-lagerung","24":"product_tag-4b-4-mar-lieferant","25":"product_tag-4b-4-mar-markt","26":"product_tag-4b-4-mar-preis","27":"product_tag-4b-4-mar-reinheit","28":"product_tag-4b-4-mar-risiken","29":"product_tag-4b-4-mar-sicherheit","30":"product_tag-4b-4-mar-verfugbarkeit","31":"product_tag-4b-4-mar-vertrieb","32":"product_tag-4b-4-mar-vorschriften","33":"product_tag-4b-4-mar-zum-verkauf","35":"first","36":"instock","37":"shipping-taxable","38":"purchasable","39":"product-type-variable"},"yoast_head":"<!-- This site is optimized with the Yoast SEO plugin v27.5 - https:\/\/yoast.com\/product\/yoast-seo-wordpress\/ -->\n<title>4B-4-MAR kaufen - Forschung (zum Verkauf|hohe Qualit\u00e4t)<\/title>\n<meta name=\"description\" content=\"Entdecken Sie hochreines 4B-4-MAR f\u00fcr Ihre Forschung. Erwerben Sie diese Laborchemikalie von Top-Qualit\u00e4t und sichern Sie pr\u00e4zise Studienergebnisse. Jetzt online bestellen!\" \/>\n<meta name=\"robots\" content=\"index, follow, max-snippet:-1, max-image-preview:large, max-video-preview:-1\" \/>\n<link rel=\"canonical\" href=\"https:\/\/chemgramx.com\/hu\/termek-1\/4b-4-mar-online-vasarlas\/\" \/>\n<meta property=\"og:locale\" content=\"hu_HU\" \/>\n<meta property=\"og:type\" content=\"article\" \/>\n<meta property=\"og:title\" content=\"4B-4-MAR kaufen - Forschung (zum Verkauf|hohe Qualit\u00e4t)\" \/>\n<meta property=\"og:description\" content=\"Entdecken Sie hochreines 4B-4-MAR f\u00fcr Ihre Forschung. Erwerben Sie diese Laborchemikalie von Top-Qualit\u00e4t und sichern Sie pr\u00e4zise Studienergebnisse. Jetzt online bestellen!\" \/>\n<meta property=\"og:url\" content=\"https:\/\/chemgramx.com\/hu\/termek-1\/4b-4-mar-online-vasarlas\/\" \/>\n<meta property=\"og:site_name\" content=\"Chemgramx\" \/>\n<meta property=\"article:modified_time\" content=\"2025-12-09T10:15:34+00:00\" \/>\n<meta property=\"og:image\" content=\"https:\/\/chemgramx.com\/wp-content\/uploads\/2025\/11\/Buy-4B-4-MAR-online-1.webp\" \/>\n\t<meta property=\"og:image:width\" content=\"770\" \/>\n\t<meta property=\"og:image:height\" content=\"744\" \/>\n\t<meta property=\"og:image:type\" content=\"image\/webp\" \/>\n<meta name=\"twitter:card\" content=\"summary_large_image\" \/>\n<meta name=\"twitter:label1\" content=\"Becs\u00fclt olvas\u00e1si id\u0151\" \/>\n\t<meta name=\"twitter:data1\" content=\"2 perc\" \/>\n<script type=\"application\/ld+json\" class=\"yoast-schema-graph\">{\"@context\":\"https:\\\/\\\/schema.org\",\"@graph\":[{\"@type\":\"WebPage\",\"@id\":\"https:\\\/\\\/chemgramx.com\\\/product\\\/4b-4-mar-online-kaufen\\\/\",\"url\":\"https:\\\/\\\/chemgramx.com\\\/product\\\/4b-4-mar-online-kaufen\\\/\",\"name\":\"4B-4-MAR kaufen - Forschung (zum Verkauf|hohe Qualit\u00e4t)\",\"isPartOf\":{\"@id\":\"https:\\\/\\\/chemgramx.com\\\/#website\"},\"primaryImageOfPage\":{\"@id\":\"https:\\\/\\\/chemgramx.com\\\/product\\\/4b-4-mar-online-kaufen\\\/#primaryimage\"},\"image\":{\"@id\":\"https:\\\/\\\/chemgramx.com\\\/product\\\/4b-4-mar-online-kaufen\\\/#primaryimage\"},\"thumbnailUrl\":\"https:\\\/\\\/chemgramx.com\\\/wp-content\\\/uploads\\\/2025\\\/11\\\/Buy-4B-4-MAR-online-1.webp\",\"datePublished\":\"2025-11-21T18:17:57+00:00\",\"dateModified\":\"2025-12-09T10:15:34+00:00\",\"description\":\"Entdecken Sie hochreines 4B-4-MAR f\u00fcr Ihre Forschung. Erwerben Sie diese Laborchemikalie von Top-Qualit\u00e4t und sichern Sie pr\u00e4zise Studienergebnisse. Jetzt online bestellen!\",\"breadcrumb\":{\"@id\":\"https:\\\/\\\/chemgramx.com\\\/product\\\/4b-4-mar-online-kaufen\\\/#breadcrumb\"},\"inLanguage\":\"hu\",\"potentialAction\":[{\"@type\":\"ReadAction\",\"target\":[\"https:\\\/\\\/chemgramx.com\\\/product\\\/4b-4-mar-online-kaufen\\\/\"]}]},{\"@type\":\"ImageObject\",\"inLanguage\":\"hu\",\"@id\":\"https:\\\/\\\/chemgramx.com\\\/product\\\/4b-4-mar-online-kaufen\\\/#primaryimage\",\"url\":\"https:\\\/\\\/chemgramx.com\\\/wp-content\\\/uploads\\\/2025\\\/11\\\/Buy-4B-4-MAR-online-1.webp\",\"contentUrl\":\"https:\\\/\\\/chemgramx.com\\\/wp-content\\\/uploads\\\/2025\\\/11\\\/Buy-4B-4-MAR-online-1.webp\",\"width\":770,\"height\":744},{\"@type\":\"BreadcrumbList\",\"@id\":\"https:\\\/\\\/chemgramx.com\\\/product\\\/4b-4-mar-online-kaufen\\\/#breadcrumb\",\"itemListElement\":[{\"@type\":\"ListItem\",\"position\":1,\"name\":\"Home\",\"item\":\"https:\\\/\\\/chemgramx.com\\\/\"},{\"@type\":\"ListItem\",\"position\":2,\"name\":\"Shop\",\"item\":\"https:\\\/\\\/chemgramx.com\\\/shop\\\/\"},{\"@type\":\"ListItem\",\"position\":3,\"name\":\"4B-4-MAR kaufen &#8211; Forschung (zum Verkauf|hohe Qualit\u00e4t)\"}]},{\"@type\":\"WebSite\",\"@id\":\"https:\\\/\\\/chemgramx.com\\\/#website\",\"url\":\"https:\\\/\\\/chemgramx.com\\\/\",\"name\":\"Chemgramx\",\"description\":\"\",\"publisher\":{\"@id\":\"https:\\\/\\\/chemgramx.com\\\/#organization\"},\"potentialAction\":[{\"@type\":\"SearchAction\",\"target\":{\"@type\":\"EntryPoint\",\"urlTemplate\":\"https:\\\/\\\/chemgramx.com\\\/?s={search_term_string}\"},\"query-input\":{\"@type\":\"PropertyValueSpecification\",\"valueRequired\":true,\"valueName\":\"search_term_string\"}}],\"inLanguage\":\"hu\"},{\"@type\":\"Organization\",\"@id\":\"https:\\\/\\\/chemgramx.com\\\/#organization\",\"name\":\"Chemgramx\",\"url\":\"https:\\\/\\\/chemgramx.com\\\/\",\"logo\":{\"@type\":\"ImageObject\",\"inLanguage\":\"hu\",\"@id\":\"https:\\\/\\\/chemgramx.com\\\/#\\\/schema\\\/logo\\\/image\\\/\",\"url\":\"https:\\\/\\\/chemgramx.com\\\/wp-content\\\/uploads\\\/2024\\\/10\\\/final-logo.png\",\"contentUrl\":\"https:\\\/\\\/chemgramx.com\\\/wp-content\\\/uploads\\\/2024\\\/10\\\/final-logo.png\",\"width\":250,\"height\":48,\"caption\":\"Chemgramx\"},\"image\":{\"@id\":\"https:\\\/\\\/chemgramx.com\\\/#\\\/schema\\\/logo\\\/image\\\/\"}}]}<\/script>\n<!-- \/ Yoast SEO plugin. -->","yoast_head_json":{"title":"4B-4-MAR v\u00e1s\u00e1rl\u00e1s - Kutat\u00e1s (elad\u00f3|kiv\u00e1l\u00f3 min\u0151s\u00e9g)","description":"Fedezze fel a kutat\u00e1s\u00e1hoz a nagy tisztas\u00e1g\u00fa 4B-4-MAR-t. V\u00e1s\u00e1rolja meg ezt a kiv\u00e1l\u00f3 min\u0151s\u00e9g\u0171 laborat\u00f3riumi vegyszert, \u00e9s biztos\u00edtsa a pontos vizsg\u00e1lati eredm\u00e9nyeket. Rendeljen most online!","robots":{"index":"index","follow":"follow","max-snippet":"max-snippet:-1","max-image-preview":"max-image-preview:large","max-video-preview":"max-video-preview:-1"},"canonical":"https:\/\/chemgramx.com\/hu\/termek-1\/4b-4-mar-online-vasarlas\/","og_locale":"hu_HU","og_type":"article","og_title":"4B-4-MAR kaufen - Forschung (zum Verkauf|hohe Qualit\u00e4t)","og_description":"Entdecken Sie hochreines 4B-4-MAR f\u00fcr Ihre Forschung. Erwerben Sie diese Laborchemikalie von Top-Qualit\u00e4t und sichern Sie pr\u00e4zise Studienergebnisse. Jetzt online bestellen!","og_url":"https:\/\/chemgramx.com\/hu\/termek-1\/4b-4-mar-online-vasarlas\/","og_site_name":"Chemgramx","article_modified_time":"2025-12-09T10:15:34+00:00","og_image":[{"width":770,"height":744,"url":"https:\/\/chemgramx.com\/wp-content\/uploads\/2025\/11\/Buy-4B-4-MAR-online-1.webp","type":"image\/webp"}],"twitter_card":"summary_large_image","twitter_misc":{"Becs\u00fclt olvas\u00e1si id\u0151":"2 perc"},"schema":{"@context":"https:\/\/schema.org","@graph":[{"@type":"WebPage","@id":"https:\/\/chemgramx.com\/product\/4b-4-mar-online-kaufen\/","url":"https:\/\/chemgramx.com\/product\/4b-4-mar-online-kaufen\/","name":"4B-4-MAR v\u00e1s\u00e1rl\u00e1s - Kutat\u00e1s (elad\u00f3|kiv\u00e1l\u00f3 min\u0151s\u00e9g)","isPartOf":{"@id":"https:\/\/chemgramx.com\/#website"},"primaryImageOfPage":{"@id":"https:\/\/chemgramx.com\/product\/4b-4-mar-online-kaufen\/#primaryimage"},"image":{"@id":"https:\/\/chemgramx.com\/product\/4b-4-mar-online-kaufen\/#primaryimage"},"thumbnailUrl":"https:\/\/chemgramx.com\/wp-content\/uploads\/2025\/11\/Buy-4B-4-MAR-online-1.webp","datePublished":"2025-11-21T18:17:57+00:00","dateModified":"2025-12-09T10:15:34+00:00","description":"Fedezze fel a kutat\u00e1s\u00e1hoz a nagy tisztas\u00e1g\u00fa 4B-4-MAR-t. V\u00e1s\u00e1rolja meg ezt a kiv\u00e1l\u00f3 min\u0151s\u00e9g\u0171 laborat\u00f3riumi vegyszert, \u00e9s biztos\u00edtsa a pontos vizsg\u00e1lati eredm\u00e9nyeket. Rendeljen most online!","breadcrumb":{"@id":"https:\/\/chemgramx.com\/product\/4b-4-mar-online-kaufen\/#breadcrumb"},"inLanguage":"hu","potentialAction":[{"@type":"ReadAction","target":["https:\/\/chemgramx.com\/product\/4b-4-mar-online-kaufen\/"]}]},{"@type":"ImageObject","inLanguage":"hu","@id":"https:\/\/chemgramx.com\/product\/4b-4-mar-online-kaufen\/#primaryimage","url":"https:\/\/chemgramx.com\/wp-content\/uploads\/2025\/11\/Buy-4B-4-MAR-online-1.webp","contentUrl":"https:\/\/chemgramx.com\/wp-content\/uploads\/2025\/11\/Buy-4B-4-MAR-online-1.webp","width":770,"height":744},{"@type":"BreadcrumbList","@id":"https:\/\/chemgramx.com\/product\/4b-4-mar-online-kaufen\/#breadcrumb","itemListElement":[{"@type":"ListItem","position":1,"name":"Home","item":"https:\/\/chemgramx.com\/"},{"@type":"ListItem","position":2,"name":"Shop","item":"https:\/\/chemgramx.com\/shop\/"},{"@type":"ListItem","position":3,"name":"4B-4-MAR kaufen &#8211; Forschung (zum Verkauf|hohe Qualit\u00e4t)"}]},{"@type":"WebSite","@id":"https:\/\/chemgramx.com\/#website","url":"https:\/\/chemgramx.com\/","name":"Chemgramx","description":"","publisher":{"@id":"https:\/\/chemgramx.com\/#organization"},"potentialAction":[{"@type":"SearchAction","target":{"@type":"EntryPoint","urlTemplate":"https:\/\/chemgramx.com\/?s={search_term_string}"},"query-input":{"@type":"PropertyValueSpecification","valueRequired":true,"valueName":"search_term_string"}}],"inLanguage":"hu"},{"@type":"Organization","@id":"https:\/\/chemgramx.com\/#organization","name":"Chemgramx","url":"https:\/\/chemgramx.com\/","logo":{"@type":"ImageObject","inLanguage":"hu","@id":"https:\/\/chemgramx.com\/#\/schema\/logo\/image\/","url":"https:\/\/chemgramx.com\/wp-content\/uploads\/2024\/10\/final-logo.png","contentUrl":"https:\/\/chemgramx.com\/wp-content\/uploads\/2024\/10\/final-logo.png","width":250,"height":48,"caption":"Chemgramx"},"image":{"@id":"https:\/\/chemgramx.com\/#\/schema\/logo\/image\/"}}]}},"_links":{"self":[{"href":"https:\/\/chemgramx.com\/hu\/wp-json\/wp\/v2\/product\/8379","targetHints":{"allow":["GET"]}}],"collection":[{"href":"https:\/\/chemgramx.com\/hu\/wp-json\/wp\/v2\/product"}],"about":[{"href":"https:\/\/chemgramx.com\/hu\/wp-json\/wp\/v2\/types\/product"}],"replies":[{"embeddable":true,"href":"https:\/\/chemgramx.com\/hu\/wp-json\/wp\/v2\/comments?post=8379"}],"wp:featuredmedia":[{"embeddable":true,"href":"https:\/\/chemgramx.com\/hu\/wp-json\/wp\/v2\/media\/8413"}],"wp:attachment":[{"href":"https:\/\/chemgramx.com\/hu\/wp-json\/wp\/v2\/media?parent=8379"}],"wp:term":[{"taxonomy":"product_brand","embeddable":true,"href":"https:\/\/chemgramx.com\/hu\/wp-json\/wp\/v2\/product_brand?post=8379"},{"taxonomy":"product_cat","embeddable":true,"href":"https:\/\/chemgramx.com\/hu\/wp-json\/wp\/v2\/product_cat?post=8379"},{"taxonomy":"product_tag","embeddable":true,"href":"https:\/\/chemgramx.com\/hu\/wp-json\/wp\/v2\/product_tag?post=8379"}],"curies":[{"name":"wp","href":"https:\/\/api.w.org\/{rel}","templated":true}]}}