{"id":8386,"date":"2025-11-21T18:18:27","date_gmt":"2025-11-21T18:18:27","guid":{"rendered":"https:\/\/chemgramx.com\/?post_type=product&#038;p=8386"},"modified":"2025-12-09T10:12:08","modified_gmt":"2025-12-09T10:12:08","slug":"3-cpm-3-klorfen-metrazin-online-vasarlas","status":"publish","type":"product","link":"https:\/\/chemgramx.com\/hu\/product\/3-cpm-3-chlorophenmetrazine-online-kaufen\/","title":{"rendered":"3-CPM online v\u00e1s\u00e1rl\u00e1s \u2013 Nagy tisztas\u00e1g\u00fa | Chemgramx"},"content":{"rendered":"<p>\u00dcdv\u00f6z\u00f6lj\u00fck a Chemgramxn\u00e1l, a kiv\u00e1l\u00f3 min\u0151s\u00e9g\u0171 kutat\u00e1si vegyszerek vezet\u0151 forr\u00e1s\u00e1n\u00e1l. K\u00edn\u00e1lunk \u00d6nnek <b>3-CPM (3-kl\u00f3rfen-metrazin) elad\u00f3<\/b>, a modern tudom\u00e1nyos kutat\u00e1sban nagy \u00e9rdekl\u0151d\u00e9sre sz\u00e1mot tart\u00f3 k\u00e9miai vegy\u00fclet. Ezt a term\u00e9ket a k\u00f6vetkez\u0151k jellemzik <b>magas tisztas\u00e1g\u00fa elad\u00f3<\/b> \u00e9s <b>Kutat\u00e1s az elad\u00e1sra val\u00f3 alkalmass\u00e1gr\u00f3l<\/b> ki. Ide\u00e1lis a prec\u00edz laborat\u00f3riumi vizsg\u00e1latokhoz. Fedezze fel ennek az egyed\u00fcl\u00e1ll\u00f3 anyagnak az analitikai potenci\u00e1lj\u00e1t, amelyet gondosan feldolgoztak \u00e9s szigor\u00fa min\u0151s\u00e9gi szabv\u00e1nyok szerint teszteltek.<\/p>\n<h2>Bevezet\u00e9s a 3-CPM (3-kl\u00f3rfen-metrazinok) t\u00e9mak\u00f6r\u00e9be<\/h2>\n<p><b>3-CPM (3-kl\u00f3rfen-metrazin)<\/b> a fenmetrazin oszt\u00e1lyba tartoz\u00f3 szintetikus anyag. Speci\u00e1lis szerkezete \u00e9s lehets\u00e9ges alkalmaz\u00e1sai miatt az ut\u00f3bbi \u00e9vekben jelent\u0151s \u00e9rdekl\u0151d\u00e9st v\u00e1ltott ki a kutat\u00e1sban. Ez a vegy\u00fclet \u00faj lehet\u0151s\u00e9geket k\u00edn\u00e1l a tud\u00f3soknak a k\u00e9miai mechanizmusok vizsg\u00e1lat\u00e1ra. <b>Tov\u00e1bb\u00e1<\/b> az anyagok tisztas\u00e1ga \u00e9s eredetis\u00e9ge d\u00f6nt\u0151 fontoss\u00e1g\u00fa tudom\u00e1nyos kontextusban.<\/p>\n<p>Term\u00e9keinket szigor\u00fa min\u0151s\u00e9gellen\u0151rz\u00e9seknek vetj\u00fck al\u00e1, ami azt jelenti, hogy mindig <b>kiv\u00e1l\u00f3 min\u0151s\u00e9g\u0171 3-CPM (3-kl\u00f3rfen-metrazin)<\/b> az \u00d6n projektjeihez. <b>K\u00f6vetkez\u00e9sk\u00e9ppen<\/b> a kutat\u00f3k sz\u00e1m\u00edthatnak a k\u00f6vetkezetess\u00e9gre \u00e9s a megb\u00edzhat\u00f3s\u00e1gra. <b>Ezen k\u00edv\u00fcl<\/b> \u00e1tl\u00e1that\u00f3 dokument\u00e1ci\u00f3t k\u00edn\u00e1lunk minden egyes t\u00e9telr\u0151l. A Chemgramx seg\u00edts\u00e9g\u00e9vel <b>hiteles 3-CPM (3-kl\u00f3rfen-metrazin)<\/b> amely megfelel a legmagasabb k\u00f6vetelm\u00e9nyeknek.<\/p>\n<h2>A 3-CPM m\u00f6g\u00f6tt \u00e1ll\u00f3 tudom\u00e1ny: szerkezet \u00e9s tulajdons\u00e1gok<\/h2>\n<p>A k\u00e9miai szerkezete <b>3-CPM (3-kl\u00f3rfen-metrazin)<\/b> jellemz\u0151je egy fenilgy\u0171r\u0171rendszer, amely a 3. poz\u00edci\u00f3ban kl\u00f3r-szubsztit\u00faci\u00f3val rendelkez\u0151 morfolingy\u0171r\u0171h\u00f6z kapcsol\u00f3dik. Ez a konfigur\u00e1ci\u00f3 k\u00fcl\u00f6n\u00f6sen \u00e9rdekes a szerves k\u00e9miai \u00e9s farmakol\u00f3giai vizsg\u00e1latok szempontj\u00e1b\u00f3l. <b>Ez\u00e9rt<\/b> lehet\u0151v\u00e9 teszi a biol\u00f3giai rendszerek szerkezet-aktivit\u00e1s kapcsolatainak vizsg\u00e1lat\u00e1t.<\/p>\n<p><b>Ezen k\u00edv\u00fcl<\/b> A 3-CPM egyed\u00fcl\u00e1ll\u00f3 fizikai-k\u00e9miai tulajdons\u00e1gokkal rendelkezik, jellemz\u0151en finom krist\u00e1lyos por form\u00e1j\u00e1ban \u00e1ll rendelkez\u00e9sre. Molekul\u00e1ris \u00f6sszet\u00e9tele \u00e9s sztereok\u00e9mi\u00e1ja d\u00f6nt\u0151 szerepet j\u00e1tszik a k\u00f6lcs\u00f6nhat\u00e1sokban. <b>K\u00fcl\u00f6n\u00f6sen<\/b> e tulajdons\u00e1gok pontos ismerete elengedhetetlen a k\u00eds\u00e9rleti elrendez\u00e9sekhez. Ha <b>a legjobb 3-CPM (3-kl\u00f3rfenmetrazin) el\u00e9rhet\u0151<\/b> A Chemgramx a megfelel\u0151 v\u00e1laszt\u00e1s, mert mi csak a k\u00f6vetkez\u0151 term\u00e9keket k\u00edn\u00e1ljuk <b>Laborat\u00f3riumi min\u0151s\u00e9g\u0171 term\u00e9kek elad\u00f3k<\/b> aj\u00e1nlat.<\/p>\n<ul>\n<li><b>K\u00e9miai k\u00e9plet:<\/b> C11H14ClNO<\/li>\n<li><b>Mol\u00e1ris t\u00f6meg:<\/b> 211,69 g\/mol<\/li>\n<li><b>\u00d6sszes\u00edtett \u00e1llapot:<\/b> Szil\u00e1rd (krist\u00e1lyos por)<\/li>\n<li><b>Oldhat\u00f3s\u00e1g:<\/b> Az old\u00f3szert\u0151l f\u00fcgg\u0151en v\u00e1ltozik.<\/li>\n<\/ul>\n<h2>A 3-CPM alkalmaz\u00e1sai \u00e9s kutat\u00e1si lehet\u0151s\u00e9gei<\/h2>\n<p>A kutat\u00e1si potenci\u00e1l a <b>3-CPM (3-kl\u00f3rfen-metrazin)<\/b> sz\u00e9les k\u00f6rben diverzifik\u00e1lt. A preklinikai kutat\u00e1sokban gyakran haszn\u00e1lj\u00e1k a szubsztitu\u00e1lt fenetilaminok neuron\u00e1lis p\u00e1ly\u00e1kra gyakorolt hat\u00e1sainak vizsg\u00e1lat\u00e1ra. <b>Ezen k\u00edv\u00fcl<\/b> \u00e9rt\u00e9kes eszk\u00f6z a neurotranszmitterek, k\u00fcl\u00f6n\u00f6sen a dopamin \u00e9s a noradrenalin visszav\u00e9tel\u00e9nek vizsg\u00e1lat\u00e1hoz. Ez a kutat\u00e1s hozz\u00e1j\u00e1rul az \u00f6sszetett biol\u00f3giai folyamatok meg\u00e9rt\u00e9s\u00e9hez.<\/p>\n<p><b>Tov\u00e1bb\u00e1<\/b> A 3-CPM-et az analitikai k\u00e9mi\u00e1ban \u00faj kimutat\u00e1si m\u00f3dszerek kifejleszt\u00e9s\u00e9re haszn\u00e1lj\u00e1k. <b>Hasonl\u00f3k\u00e9ppen<\/b> referenciastandardk\u00e9nt szolg\u00e1l a toxikol\u00f3giai \u00e9s t\u00f6rv\u00e9nysz\u00e9ki laborat\u00f3riumokban. A pontoss\u00e1g \u00e9s megb\u00edzhat\u00f3s\u00e1g, amelyet <a href=\"https:\/\/chemgramx.com\/product\/3-cpm-3-chlorophenmetrazine-online-kaufen\/\">Rendeljen 3-CPM (3-kl\u00f3rfenmetrazin) online<\/a> a Chemgramx-t\u00f3l alapvet\u0151 fontoss\u00e1g\u00fa ezekhez a kritikus alkalmaz\u00e1sokhoz. A 3-CPM sokoldal\u00fas\u00e1ga n\u00e9lk\u00fcl\u00f6zhetetlen reagenss\u00e9 teszi.<\/p>\n<h3>Fontos kutat\u00e1si ter\u00fcletek:<\/h3>\n<ul>\n<li>Idegtudom\u00e1nyi vizsg\u00e1latok a dopamin- \u00e9s noradrenalin-rendszerekr\u0151l.<\/li>\n<li>Farmakol\u00f3giai vizsg\u00e1latok a szerkezet-hat\u00e1s \u00f6sszef\u00fcgg\u00e9sekr\u0151l.<\/li>\n<li>Az elemz\u00e9si m\u00f3dszerek fejleszt\u00e9se a kriminalisztik\u00e1ban.<\/li>\n<li>\u00d6sszehasonl\u00edt\u00f3 vizsg\u00e1latok <a href=\"https:\/\/chemgramx.com\/product\/mescalin-pulver-online-kaufen\/\">Meszkalin por online v\u00e1s\u00e1rl\u00e1sa<\/a> \u00e9s m\u00e1s fenetilamin-sz\u00e1rmaz\u00e9kok.<\/li>\n<\/ul>\n<h2>Min\u0151s\u00e9g \u00e9s tisztas\u00e1g: \u00edg\u00e9ret\u00fcnk<\/h2>\n<p>A Chemgramxn\u00e1l nagy hangs\u00falyt fektet\u00fcnk term\u00e9keink min\u0151s\u00e9g\u00e9re \u00e9s tisztas\u00e1g\u00e1ra. Minden egyes t\u00e9tel <b>3-CPM (3-kl\u00f3rfen-metrazin)<\/b> \u00e1tfog\u00f3 elemz\u00e9seknek vetik al\u00e1, bele\u00e9rtve a GC-MS-t \u00e9s a HPLC-t. <b>Ez biztos\u00edtja<\/b> t\u00f6bb mint 98% tisztas\u00e1g\u00fa. Az ilyen szigor\u00fa vizsg\u00e1latok biztos\u00edtj\u00e1k az \u00d6n kutat\u00e1si eredm\u00e9nyeinek integrit\u00e1s\u00e1t.<\/p>\n<p><b>Tov\u00e1bb\u00e1<\/b> r\u00e9szletes analitikai tan\u00fas\u00edtv\u00e1nyt (CoA) kap, amely meger\u0151s\u00edti az anyag tisztas\u00e1g\u00e1t \u00e9s azonoss\u00e1g\u00e1t. Ez az \u00e1tl\u00e1that\u00f3 megk\u00f6zel\u00edt\u00e9s hangs\u00falyozza a tudom\u00e1nyos kiv\u00e1l\u00f3s\u00e1g ir\u00e1nti elk\u00f6telezetts\u00e9g\u00fcnket. Ha \u00d6n <b>V\u00e1s\u00e1rl\u00e1s 3-CPM (3-kl\u00f3rfenmetrazin) online<\/b> sz\u00e1m\u00edthat a Chemgramx p\u00e1ratlan min\u0151s\u00e9g\u00e9re. C\u00e9lunk, hogy a legjobb eszk\u00f6z\u00f6ket biztos\u00edtsuk \u00d6nnek a felfedez\u00e9seihez.<\/p>\n<p><b>Ez\u00e9rt<\/b> csak logikus, hogy a kutat\u00e1si vegyszereket haszn\u00e1ljuk. <b>megv\u00e1s\u00e1rolhat\u00f3 a Chemgramxn\u00e1l<\/b>. Nem csak garant\u00e1ljuk <b>Kutat\u00e1s az elad\u00e1sra val\u00f3 alkalmass\u00e1gr\u00f3l<\/b>, hanem egy gondosan kidolgozott \u00e9s biztons\u00e1gosan ir\u00e1ny\u00edtott folyamat is. Ez a kiv\u00e1l\u00f3s\u00e1g ir\u00e1nti elk\u00f6telezetts\u00e9g tesz minket a kutat\u00f3int\u00e9zetek prefer\u00e1lt besz\u00e1ll\u00edt\u00f3j\u00e1v\u00e1.<\/p>\n<h2>Biztons\u00e1gi utas\u00edt\u00e1sok \u00e9s felel\u0151s kezel\u00e9s<\/h2>\n<p>A kutat\u00e1si vegyszerek kezel\u00e9se, mint p\u00e9ld\u00e1ul <b>3-CPM (3-kl\u00f3rfen-metrazin)<\/b> rendk\u00edv\u00fcli \u00f3vatoss\u00e1got \u00e9s a szigor\u00fa biztons\u00e1gi el\u0151\u00edr\u00e1sok betart\u00e1s\u00e1t ig\u00e9nyli. Ez a term\u00e9k kiz\u00e1r\u00f3lag kutat\u00e1si \u00e9s laborat\u00f3riumi felhaszn\u00e1l\u00e1sra szolg\u00e1l, emberi fogyaszt\u00e1sra nem haszn\u00e1lhat\u00f3. <b>K\u00f6vetkez\u00e9sk\u00e9ppen<\/b> elengedhetetlen a megfelel\u0151 egy\u00e9ni v\u00e9d\u0151felszerel\u00e9s (PPE) visel\u00e9se, bele\u00e9rtve a v\u00e9d\u0151szem\u00fcveget, a keszty\u0171t \u00e9s a laborat\u00f3riumi k\u00f6penyt.<\/p>\n<p><b>Ezen k\u00edv\u00fcl<\/b> minden munk\u00e1t j\u00f3l szell\u0151z\u0151 helyen vagy f\u00fcstelvezet\u0151 alatt kell v\u00e9gezni a g\u0151z\u00f6knek vagy poroknak val\u00f3 kitetts\u00e9g minimaliz\u00e1l\u00e1sa \u00e9rdek\u00e9ben. A t\u00e1rol\u00e1sra, kezel\u00e9sre \u00e9s \u00e1rtalmatlan\u00edt\u00e1sra vonatkoz\u00f3 r\u00e9szletes inform\u00e1ci\u00f3k\u00e9rt mindig olvassa el a biztons\u00e1gi adatlapot (SDS). A <b>biztons\u00e1gos v\u00e1s\u00e1rl\u00e1s<\/b> a Chemgramxn\u00e1l mag\u00e1ban foglalja az \u00f6sszes vonatkoz\u00f3 biztons\u00e1gi inform\u00e1ci\u00f3 rendelkez\u00e9sre bocs\u00e1t\u00e1s\u00e1t is.<\/p>\n<h2>Chemgramx: Az \u00d6n partnere a kutat\u00e1si vegyszerek ter\u00e9n<\/h2>\n<p>A Chemgramx a kutat\u00e1si vegyszerek megb\u00edzhat\u00f3 besz\u00e1ll\u00edt\u00f3jak\u00e9nt van jelen, amelyet a min\u0151s\u00e9g, a megb\u00edzhat\u00f3s\u00e1g \u00e9s a kiv\u00e1l\u00f3 \u00fcgyf\u00e9lszolg\u00e1lat jellemez. Meg\u00e9rtj\u00fck a tudom\u00e1nyos k\u00f6z\u00f6ss\u00e9g ig\u00e9nyeit. <b>Ez\u00e9rt<\/b> olyan term\u00e9kek sz\u00e9les v\u00e1laszt\u00e9k\u00e1t k\u00edn\u00e1ljuk, amelyek megfelelnek a modern kutat\u00e1s magas k\u00f6vetelm\u00e9nyeinek. Szak\u00e9rtelm\u00fcnk \u00e9s a tudom\u00e1nyos integrit\u00e1s ir\u00e1nti elk\u00f6telezetts\u00e9g\u00fcnk ide\u00e1lis partnerr\u00e9 tesz minket.<\/p>\n<p><b>Tov\u00e1bb\u00e1<\/b> nagy hangs\u00falyt fektet\u00fcnk a megrendel\u00e9sek diszkr\u00e9t \u00e9s gondos feldolgoz\u00e1s\u00e1ra. A term\u00e9kvizsg\u00e1latt\u00f3l a kisz\u00e1ll\u00edt\u00e1sig minden l\u00e9p\u00e9st a legnagyobb gondoss\u00e1ggal v\u00e9gz\u00fcnk, hogy meg\u0151rizz\u00fck anyagaink min\u0151s\u00e9g\u00e9t \u00e9s integrit\u00e1s\u00e1t. Ha \u00d6n <b>Most online rendelni<\/b> szeretn\u00e9 megosztani kutat\u00e1sait a <b>Kiv\u00e1l\u00f3 min\u0151s\u00e9g\u0171 3-CPM (3-kl\u00f3rfen-metrazin)<\/b> ezt nyugodtan megteheti. <b>megtal\u00e1lni a Chemgramx-n\u00e1l<\/b>. Mindig arra t\u00f6reksz\u00fcnk, hogy fel\u00fclm\u00faljuk az \u00d6n elv\u00e1r\u00e1sait.<\/p>\n<h3>Mi\u00e9rt v\u00e1lassza a Chemgramxot?<\/h3>\n<ul>\n<li>A legszigor\u00fabb min\u0151s\u00e9gi ellen\u0151rz\u00e9sek \u00e9s elemz\u00e9sek.<\/li>\n<li>\u00c1tl\u00e1that\u00f3 term\u00e9kdokument\u00e1ci\u00f3 (CoAs).<\/li>\n<li>Kutat\u00e1si vegyi anyagok sz\u00e9les v\u00e1laszt\u00e9ka.<\/li>\n<li>A tudom\u00e1nyos projektek \u00e1tfog\u00f3 t\u00e1mogat\u00e1sa.<\/li>\n<\/ul>\n<h2>K\u00f6vetkeztet\u00e9s \u00e9s el\u00e9rhet\u0151s\u00e9g<\/h2>\n<p>\u00d6sszefoglalva elmondhat\u00f3, hogy <b>3-CPM (3-kl\u00f3rfen-metrazin)<\/b> fontos \u00e9s sokoldal\u00fa kutat\u00e1si vegyszer. Egyedi tulajdons\u00e1gai r\u00e9v\u00e9n \u00e9rt\u00e9kes eszk\u00f6z a r\u00e9szletes vizsg\u00e1latokhoz. <b>K\u00f6vetkez\u00e9sk\u00e9ppen<\/b> rendk\u00edv\u00fcl fontos, hogy olyan forr\u00e1st v\u00e1lasszunk, amely garant\u00e1lni tudja a legnagyobb tisztas\u00e1got \u00e9s megb\u00edzhat\u00f3s\u00e1got.<\/p>\n<p>A Chemgramxn\u00e1l b\u00fcszk\u00e9k vagyunk arra, hogy ezt a kiv\u00e1l\u00f3 min\u0151s\u00e9g\u0171 reagenset a k\u00f6vetkez\u0151 kiszerel\u00e9sben k\u00edn\u00e1lhatjuk \u00d6nnek <b>Kutat\u00e1s az elad\u00e1sra val\u00f3 alkalmass\u00e1gr\u00f3l<\/b> felaj\u00e1nlani. Biztos\u00edtjuk, hogy minden megrendel\u00e9st gondosan feldolgozunk \u00e9s a legnagyobb diszkr\u00e9ci\u00f3val kezel\u00fcnk a biztons\u00e1g \u00e9s integrit\u00e1s \u00e9rdek\u00e9ben. Azoknak a tud\u00f3soknak, akik <a href=\"https:\/\/chemgramx.com\/product\/3-cpm-3-chlorophenmetrazine-online-kaufen\/\">3-CPM (3-kl\u00f3rfen-metrazin) elad\u00f3<\/a> A Chemgramx els\u0151 oszt\u00e1ly\u00fa megold\u00e1st k\u00edn\u00e1l. <b>Ez\u00e9rt<\/b> Ne habozzon, ellen\u0151rizze ig\u00e9nyeit m\u00e9g ma, \u00e9s \u00e9rje el vel\u00fcnk kutat\u00e1si c\u00e9ljait.<\/p>\n<p>Megteheti <b>V\u00e1s\u00e1roljon 3-CPM-et (3-kl\u00f3rfenmetrazin) online a Chemgramx-online \u00e1ruh\u00e1zban<\/b>. Mi vagyunk az \u00d6n megb\u00edzhat\u00f3 partnere minden kutat\u00e1si ig\u00e9nye eset\u00e9n, \u00e9s biztos\u00edtjuk, hogy tudom\u00e1nyos projektjei szil\u00e1rd alapokra \u00e9p\u00fcljenek.<\/p>","protected":false},"excerpt":{"rendered":"<p>Fedezze fel a <b>3-CPM (3-kl\u00f3rfen-metrazin)<\/b> a Chemgramxn\u00e1l, a fenmetrazin oszt\u00e1lyba tartoz\u00f3 szintetikus kutat\u00e1si vegyszer. Ez a nagy tisztas\u00e1g\u00fa, laborat\u00f3riumi min\u0151s\u00e9g\u0171 term\u00e9k ide\u00e1lis tudom\u00e1nyos vizsg\u00e1latokhoz. T\u00e1mogatja a neurotranszmitter \u00e9s farmakol\u00f3giai kutat\u00e1sokat. <b>3-CPM megv\u00e1s\u00e1rl\u00e1sa<\/b> Biztons\u00e1gosan \u00e9s magabiztosan <b>a Chemgramx-n\u00e1l<\/b>.<\/p>","protected":false},"featured_media":8416,"comment_status":"open","ping_status":"closed","template":"","meta":{"_joinchat":[]},"product_brand":[],"product_cat":[48],"product_tag":[994,1014,1018,1003,1004,1017,993,1012,1008,1013,1019,999,1001,1007,995,1000,1006,996,1011,1020,998,1015,1009,1005,1002,1016,1010,997],"class_list":{"0":"post-8386","1":"product","2":"type-product","3":"status-publish","4":"has-post-thumbnail","6":"product_cat-stimulants","7":"product_tag-3-chlorophenmetrazin","8":"product_tag-3-chlorophenmetrazin-effekte","9":"product_tag-3-chlorophenmetrazin-fur-forschung","10":"product_tag-3-chlorophenmetrazin-kaufen","11":"product_tag-3-chlorophenmetrazin-lieferant","12":"product_tag-3-chlorophenmetrazin-studien","13":"product_tag-3-cpm","14":"product_tag-3-cpm-analyse","15":"product_tag-3-cpm-anwendungen","16":"product_tag-3-cpm-chemie","17":"product_tag-3-cpm-eigenschaften","18":"product_tag-3-cpm-forschungschemikalie","19":"product_tag-3-cpm-groshandel","20":"product_tag-3-cpm-handhabung","21":"product_tag-3-cpm-kaufen","22":"product_tag-3-cpm-laboranwendung","23":"product_tag-3-cpm-lagerung","24":"product_tag-3-cpm-lieferant","25":"product_tag-3-cpm-markt","26":"product_tag-3-cpm-pharmakologie","27":"product_tag-3-cpm-preis","28":"product_tag-3-cpm-reinheit","29":"product_tag-3-cpm-risiken","30":"product_tag-3-cpm-sicherheit","31":"product_tag-3-cpm-verfugbarkeit","32":"product_tag-3-cpm-vertrieb","33":"product_tag-3-cpm-vorschriften","34":"product_tag-3-cpm-zum-verkauf","36":"first","37":"instock","38":"shipping-taxable","39":"purchasable","40":"product-type-variable"},"yoast_head":"<!-- This site is optimized with the Yoast SEO plugin v27.5 - https:\/\/yoast.com\/product\/yoast-seo-wordpress\/ -->\n<title>3-CPM online kaufen - Hochrein | Chemgramx<\/title>\n<meta name=\"description\" content=\"3-CPM Kaufen: Hochreines 3-Chlorophenmetrazine in Laborqualit\u00e4t f\u00fcr Ihre Forschung. Erzielen Sie pr\u00e4zise Ergebnisse mit zertifizierten Produkten von Chemgramx. Jetzt online bestellen.\" \/>\n<meta name=\"robots\" content=\"index, follow, max-snippet:-1, max-image-preview:large, max-video-preview:-1\" \/>\n<link rel=\"canonical\" href=\"https:\/\/chemgramx.com\/hu\/termek-1\/3-cpm-3-klorfen-metrazin-online-vasarlas\/\" \/>\n<meta property=\"og:locale\" content=\"hu_HU\" \/>\n<meta property=\"og:type\" content=\"article\" \/>\n<meta property=\"og:title\" content=\"3-CPM online kaufen - Hochrein | Chemgramx\" \/>\n<meta property=\"og:description\" content=\"3-CPM Kaufen: Hochreines 3-Chlorophenmetrazine in Laborqualit\u00e4t f\u00fcr Ihre Forschung. Erzielen Sie pr\u00e4zise Ergebnisse mit zertifizierten Produkten von Chemgramx. Jetzt online bestellen.\" \/>\n<meta property=\"og:url\" content=\"https:\/\/chemgramx.com\/hu\/termek-1\/3-cpm-3-klorfen-metrazin-online-vasarlas\/\" \/>\n<meta property=\"og:site_name\" content=\"Chemgramx\" \/>\n<meta property=\"article:modified_time\" content=\"2025-12-09T10:12:08+00:00\" \/>\n<meta property=\"og:image\" content=\"https:\/\/chemgramx.com\/wp-content\/uploads\/2025\/11\/Buy-3-CPM-online.webp\" \/>\n\t<meta property=\"og:image:width\" content=\"700\" \/>\n\t<meta property=\"og:image:height\" content=\"500\" \/>\n\t<meta property=\"og:image:type\" content=\"image\/webp\" \/>\n<meta name=\"twitter:card\" content=\"summary_large_image\" \/>\n<meta name=\"twitter:label1\" content=\"Becs\u00fclt olvas\u00e1si id\u0151\" \/>\n\t<meta name=\"twitter:data1\" content=\"4 perc\" \/>\n<script type=\"application\/ld+json\" class=\"yoast-schema-graph\">{\"@context\":\"https:\\\/\\\/schema.org\",\"@graph\":[{\"@type\":\"WebPage\",\"@id\":\"https:\\\/\\\/chemgramx.com\\\/product\\\/3-cpm-3-chlorophenmetrazine-online-kaufen\\\/\",\"url\":\"https:\\\/\\\/chemgramx.com\\\/product\\\/3-cpm-3-chlorophenmetrazine-online-kaufen\\\/\",\"name\":\"3-CPM online kaufen - Hochrein | Chemgramx\",\"isPartOf\":{\"@id\":\"https:\\\/\\\/chemgramx.com\\\/#website\"},\"primaryImageOfPage\":{\"@id\":\"https:\\\/\\\/chemgramx.com\\\/product\\\/3-cpm-3-chlorophenmetrazine-online-kaufen\\\/#primaryimage\"},\"image\":{\"@id\":\"https:\\\/\\\/chemgramx.com\\\/product\\\/3-cpm-3-chlorophenmetrazine-online-kaufen\\\/#primaryimage\"},\"thumbnailUrl\":\"https:\\\/\\\/chemgramx.com\\\/wp-content\\\/uploads\\\/2025\\\/11\\\/Buy-3-CPM-online.webp\",\"datePublished\":\"2025-11-21T18:18:27+00:00\",\"dateModified\":\"2025-12-09T10:12:08+00:00\",\"description\":\"3-CPM Kaufen: Hochreines 3-Chlorophenmetrazine in Laborqualit\u00e4t f\u00fcr Ihre Forschung. Erzielen Sie pr\u00e4zise Ergebnisse mit zertifizierten Produkten von Chemgramx. Jetzt online bestellen.\",\"breadcrumb\":{\"@id\":\"https:\\\/\\\/chemgramx.com\\\/product\\\/3-cpm-3-chlorophenmetrazine-online-kaufen\\\/#breadcrumb\"},\"inLanguage\":\"hu\",\"potentialAction\":[{\"@type\":\"ReadAction\",\"target\":[\"https:\\\/\\\/chemgramx.com\\\/product\\\/3-cpm-3-chlorophenmetrazine-online-kaufen\\\/\"]}]},{\"@type\":\"ImageObject\",\"inLanguage\":\"hu\",\"@id\":\"https:\\\/\\\/chemgramx.com\\\/product\\\/3-cpm-3-chlorophenmetrazine-online-kaufen\\\/#primaryimage\",\"url\":\"https:\\\/\\\/chemgramx.com\\\/wp-content\\\/uploads\\\/2025\\\/11\\\/Buy-3-CPM-online.webp\",\"contentUrl\":\"https:\\\/\\\/chemgramx.com\\\/wp-content\\\/uploads\\\/2025\\\/11\\\/Buy-3-CPM-online.webp\",\"width\":700,\"height\":500},{\"@type\":\"BreadcrumbList\",\"@id\":\"https:\\\/\\\/chemgramx.com\\\/product\\\/3-cpm-3-chlorophenmetrazine-online-kaufen\\\/#breadcrumb\",\"itemListElement\":[{\"@type\":\"ListItem\",\"position\":1,\"name\":\"Home\",\"item\":\"https:\\\/\\\/chemgramx.com\\\/\"},{\"@type\":\"ListItem\",\"position\":2,\"name\":\"Shop\",\"item\":\"https:\\\/\\\/chemgramx.com\\\/shop\\\/\"},{\"@type\":\"ListItem\",\"position\":3,\"name\":\"3-CPM online kaufen &#8211; Hochrein | Chemgramx\"}]},{\"@type\":\"WebSite\",\"@id\":\"https:\\\/\\\/chemgramx.com\\\/#website\",\"url\":\"https:\\\/\\\/chemgramx.com\\\/\",\"name\":\"Chemgramx\",\"description\":\"\",\"publisher\":{\"@id\":\"https:\\\/\\\/chemgramx.com\\\/#organization\"},\"potentialAction\":[{\"@type\":\"SearchAction\",\"target\":{\"@type\":\"EntryPoint\",\"urlTemplate\":\"https:\\\/\\\/chemgramx.com\\\/?s={search_term_string}\"},\"query-input\":{\"@type\":\"PropertyValueSpecification\",\"valueRequired\":true,\"valueName\":\"search_term_string\"}}],\"inLanguage\":\"hu\"},{\"@type\":\"Organization\",\"@id\":\"https:\\\/\\\/chemgramx.com\\\/#organization\",\"name\":\"Chemgramx\",\"url\":\"https:\\\/\\\/chemgramx.com\\\/\",\"logo\":{\"@type\":\"ImageObject\",\"inLanguage\":\"hu\",\"@id\":\"https:\\\/\\\/chemgramx.com\\\/#\\\/schema\\\/logo\\\/image\\\/\",\"url\":\"https:\\\/\\\/chemgramx.com\\\/wp-content\\\/uploads\\\/2024\\\/10\\\/final-logo.png\",\"contentUrl\":\"https:\\\/\\\/chemgramx.com\\\/wp-content\\\/uploads\\\/2024\\\/10\\\/final-logo.png\",\"width\":250,\"height\":48,\"caption\":\"Chemgramx\"},\"image\":{\"@id\":\"https:\\\/\\\/chemgramx.com\\\/#\\\/schema\\\/logo\\\/image\\\/\"}}]}<\/script>\n<!-- \/ Yoast SEO plugin. -->","yoast_head_json":{"title":"3-CPM online v\u00e1s\u00e1rl\u00e1s \u2013 Nagy tisztas\u00e1g\u00fa | Chemgramx","description":"V\u00e1s\u00e1roljon 3-CPM-et: Nagy tisztas\u00e1g\u00fa 3-kl\u00f3rfen-metrazinok laborat\u00f3riumi min\u0151s\u00e9gben az \u00d6n kutat\u00e1saihoz. \u00c9rjen el pontos eredm\u00e9nyeket a Chemgramx tan\u00fas\u00edtott term\u00e9keivel. Rendeljen most online.","robots":{"index":"index","follow":"follow","max-snippet":"max-snippet:-1","max-image-preview":"max-image-preview:large","max-video-preview":"max-video-preview:-1"},"canonical":"https:\/\/chemgramx.com\/hu\/termek-1\/3-cpm-3-klorfen-metrazin-online-vasarlas\/","og_locale":"hu_HU","og_type":"article","og_title":"3-CPM online kaufen - Hochrein | Chemgramx","og_description":"3-CPM Kaufen: Hochreines 3-Chlorophenmetrazine in Laborqualit\u00e4t f\u00fcr Ihre Forschung. Erzielen Sie pr\u00e4zise Ergebnisse mit zertifizierten Produkten von Chemgramx. Jetzt online bestellen.","og_url":"https:\/\/chemgramx.com\/hu\/termek-1\/3-cpm-3-klorfen-metrazin-online-vasarlas\/","og_site_name":"Chemgramx","article_modified_time":"2025-12-09T10:12:08+00:00","og_image":[{"width":700,"height":500,"url":"https:\/\/chemgramx.com\/wp-content\/uploads\/2025\/11\/Buy-3-CPM-online.webp","type":"image\/webp"}],"twitter_card":"summary_large_image","twitter_misc":{"Becs\u00fclt olvas\u00e1si id\u0151":"4 perc"},"schema":{"@context":"https:\/\/schema.org","@graph":[{"@type":"WebPage","@id":"https:\/\/chemgramx.com\/product\/3-cpm-3-chlorophenmetrazine-online-kaufen\/","url":"https:\/\/chemgramx.com\/product\/3-cpm-3-chlorophenmetrazine-online-kaufen\/","name":"3-CPM online v\u00e1s\u00e1rl\u00e1s \u2013 Nagy tisztas\u00e1g\u00fa | Chemgramx","isPartOf":{"@id":"https:\/\/chemgramx.com\/#website"},"primaryImageOfPage":{"@id":"https:\/\/chemgramx.com\/product\/3-cpm-3-chlorophenmetrazine-online-kaufen\/#primaryimage"},"image":{"@id":"https:\/\/chemgramx.com\/product\/3-cpm-3-chlorophenmetrazine-online-kaufen\/#primaryimage"},"thumbnailUrl":"https:\/\/chemgramx.com\/wp-content\/uploads\/2025\/11\/Buy-3-CPM-online.webp","datePublished":"2025-11-21T18:18:27+00:00","dateModified":"2025-12-09T10:12:08+00:00","description":"V\u00e1s\u00e1roljon 3-CPM-et: Nagy tisztas\u00e1g\u00fa 3-kl\u00f3rfen-metrazinok laborat\u00f3riumi min\u0151s\u00e9gben az \u00d6n kutat\u00e1saihoz. \u00c9rjen el pontos eredm\u00e9nyeket a Chemgramx tan\u00fas\u00edtott term\u00e9keivel. Rendeljen most online.","breadcrumb":{"@id":"https:\/\/chemgramx.com\/product\/3-cpm-3-chlorophenmetrazine-online-kaufen\/#breadcrumb"},"inLanguage":"hu","potentialAction":[{"@type":"ReadAction","target":["https:\/\/chemgramx.com\/product\/3-cpm-3-chlorophenmetrazine-online-kaufen\/"]}]},{"@type":"ImageObject","inLanguage":"hu","@id":"https:\/\/chemgramx.com\/product\/3-cpm-3-chlorophenmetrazine-online-kaufen\/#primaryimage","url":"https:\/\/chemgramx.com\/wp-content\/uploads\/2025\/11\/Buy-3-CPM-online.webp","contentUrl":"https:\/\/chemgramx.com\/wp-content\/uploads\/2025\/11\/Buy-3-CPM-online.webp","width":700,"height":500},{"@type":"BreadcrumbList","@id":"https:\/\/chemgramx.com\/product\/3-cpm-3-chlorophenmetrazine-online-kaufen\/#breadcrumb","itemListElement":[{"@type":"ListItem","position":1,"name":"Home","item":"https:\/\/chemgramx.com\/"},{"@type":"ListItem","position":2,"name":"Shop","item":"https:\/\/chemgramx.com\/shop\/"},{"@type":"ListItem","position":3,"name":"3-CPM online kaufen &#8211; Hochrein | Chemgramx"}]},{"@type":"WebSite","@id":"https:\/\/chemgramx.com\/#website","url":"https:\/\/chemgramx.com\/","name":"Chemgramx","description":"","publisher":{"@id":"https:\/\/chemgramx.com\/#organization"},"potentialAction":[{"@type":"SearchAction","target":{"@type":"EntryPoint","urlTemplate":"https:\/\/chemgramx.com\/?s={search_term_string}"},"query-input":{"@type":"PropertyValueSpecification","valueRequired":true,"valueName":"search_term_string"}}],"inLanguage":"hu"},{"@type":"Organization","@id":"https:\/\/chemgramx.com\/#organization","name":"Chemgramx","url":"https:\/\/chemgramx.com\/","logo":{"@type":"ImageObject","inLanguage":"hu","@id":"https:\/\/chemgramx.com\/#\/schema\/logo\/image\/","url":"https:\/\/chemgramx.com\/wp-content\/uploads\/2024\/10\/final-logo.png","contentUrl":"https:\/\/chemgramx.com\/wp-content\/uploads\/2024\/10\/final-logo.png","width":250,"height":48,"caption":"Chemgramx"},"image":{"@id":"https:\/\/chemgramx.com\/#\/schema\/logo\/image\/"}}]}},"_links":{"self":[{"href":"https:\/\/chemgramx.com\/hu\/wp-json\/wp\/v2\/product\/8386","targetHints":{"allow":["GET"]}}],"collection":[{"href":"https:\/\/chemgramx.com\/hu\/wp-json\/wp\/v2\/product"}],"about":[{"href":"https:\/\/chemgramx.com\/hu\/wp-json\/wp\/v2\/types\/product"}],"replies":[{"embeddable":true,"href":"https:\/\/chemgramx.com\/hu\/wp-json\/wp\/v2\/comments?post=8386"}],"wp:featuredmedia":[{"embeddable":true,"href":"https:\/\/chemgramx.com\/hu\/wp-json\/wp\/v2\/media\/8416"}],"wp:attachment":[{"href":"https:\/\/chemgramx.com\/hu\/wp-json\/wp\/v2\/media?parent=8386"}],"wp:term":[{"taxonomy":"product_brand","embeddable":true,"href":"https:\/\/chemgramx.com\/hu\/wp-json\/wp\/v2\/product_brand?post=8386"},{"taxonomy":"product_cat","embeddable":true,"href":"https:\/\/chemgramx.com\/hu\/wp-json\/wp\/v2\/product_cat?post=8386"},{"taxonomy":"product_tag","embeddable":true,"href":"https:\/\/chemgramx.com\/hu\/wp-json\/wp\/v2\/product_tag?post=8386"}],"curies":[{"name":"wp","href":"https:\/\/api.w.org\/{rel}","templated":true}]}}