{"id":8388,"date":"2025-11-21T18:18:28","date_gmt":"2025-11-21T18:18:28","guid":{"rendered":"https:\/\/chemgramx.com\/?post_type=product&#038;p=8388"},"modified":"2025-12-09T10:08:14","modified_gmt":"2025-12-09T10:08:14","slug":"2-fluoroamphetamine-2-fa-online-vasarlas","status":"publish","type":"product","link":"https:\/\/chemgramx.com\/hu\/product\/2-fluoroamphetamine-2-fa-online-kaufen\/","title":{"rendered":"2-FA v\u00e1s\u00e1rl\u00e1s \u2013 Magas tisztas\u00e1g\u00fa kutat\u00e1si min\u0151s\u00e9g"},"content":{"rendered":"<p>\u00dcdv\u00f6z\u00f6lj\u00fck a Chemgramxn\u00e9l, a kiv\u00e1l\u00f3 min\u0151s\u00e9g\u0171 kutat\u00e1si vegyszerek partner\u00e9n\u00e9l. Bemutatjuk \u00d6nnek <b>2-fluoramfetamin (2-FA) elad\u00f3<\/b>, amely kiv\u00e9teles tisztas\u00e1g\u00e1r\u00f3l \u00e9s konzisztenci\u00e1j\u00e1r\u00f3l ismert. Ez a term\u00e9k kifejezetten ig\u00e9nyes laborat\u00f3riumi k\u00f6rnyezetre lett kifejlesztve. B\u00edzzon teh\u00e1t min\u0151s\u00e9g\u00fcnkben a megb\u00edzhat\u00f3 eredm\u00e9nyek \u00e9rdek\u00e9ben.<\/p>\n<h2>Mi az a 2-fluoramfetamin (2-FA)?<\/h2>\n<p><b>2-fluoramfetamin (2-FA)<\/b> egy amfetamin-sz\u00e1rmaz\u00e9k, amely nagy \u00e9rdekl\u0151d\u00e9st kelt a kutat\u00e1sban. A fluoroamfetaminok oszt\u00e1ly\u00e1ba tartozik. A 2-FA k\u00fcl\u00f6n\u00f6sen neurok\u00e9miai tanulm\u00e1nyokban bet\u00f6lt\u00f6tt szerep\u00e9r\u0151l ismert. Ez\u00e9rt a komplex mechanizmusokat vizsg\u00e1l\u00f3 tud\u00f3sok sz\u00e1m\u00e1ra el\u0151ny\u00f6s v\u00e1laszt\u00e1s.<\/p>\n<h3>K\u00e9miai tulajdons\u00e1gok \u00e9s szerkezet<\/h3>\n<p>A 2-FA molekulak\u00e9plete C9H12FN, mol\u00e1ris t\u00f6mege 165,20 g\/mol. Szerkezetileg egy amfetamin alapv\u00e1zr\u00f3l van sz\u00f3, amelynek 2-es poz\u00edci\u00f3j\u00e1ban egy fluoratom tal\u00e1lhat\u00f3. Ez a konfigur\u00e1ci\u00f3 befoly\u00e1solja a farmakol\u00f3giai interakci\u00f3kat. Ezenk\u00edv\u00fcl lehet\u0151v\u00e9 teszi a pontos in vitro \u00e9s in vivo vizsg\u00e1latokat. A specifik\u00e1ci\u00f3k\u00e9rt l\u00e1togasson el a <a href=\"https:\/\/chemgramx.com\/product\/2-fluoroamphetamine-2-fa-online-kaufen\/\"><b>2-fluoramfetamin (2-FA)<\/b><\/a> Term\u00e9koldal.<\/p>\n<h3>Szint\u00e9zis \u00e9s tisztas\u00e1g<\/h3>\n<p>A szint\u00e9zis <b>2-fluoramfetamin (2-FA)<\/b> A Chemgramx-n\u00e1l szigor\u00faan ellen\u0151rz\u00f6tt k\u00f6r\u00fclm\u00e9nyek k\u00f6z\u00f6tt t\u00f6rt\u00e9nik. Ez garant\u00e1lja a maxim\u00e1lis tisztas\u00e1got \u00e9s minimaliz\u00e1lja a szennyez\u0151d\u00e9seket. Ennek eredm\u00e9nyek\u00e9nt <b>Magas tisztas\u00e1g\u00fa elad\u00f3<\/b>, ami elengedhetetlen a megb\u00edzhat\u00f3 kutat\u00e1si eredm\u00e9nyekhez. Ezenk\u00edv\u00fcl minden t\u00e9tel \u00e1tfog\u00f3 elemz\u00e9sen esik \u00e1t. Ez\u00e9rt mindig olyan term\u00e9ket kap, amely <b>Kutat\u00e1si min\u0151s\u00e9g elad\u00f3<\/b>.<\/p>\n<h2>Alkalmaz\u00e1si ter\u00fcletek a kutat\u00e1sban<\/h2>\n<p>A felhaszn\u00e1l\u00e1si lehet\u0151s\u00e9gek <b>2-FA<\/b> A kutat\u00e1sban sokf\u00e9lek\u00e9ppen haszn\u00e1lj\u00e1k. A kutat\u00f3k ezt a kapcsolatot haszn\u00e1lj\u00e1k, hogy m\u00e9lyebb betekint\u00e9st nyerjenek a k\u00e9miai \u00e9s biol\u00f3giai rendszerekbe. Ennek k\u00f6vetkezt\u00e9ben a 2-FA \u00e9rt\u00e9kes eszk\u00f6z a laborat\u00f3riumi k\u00f6rnyezetben. Lehet\u0151v\u00e9 teszi komplex interakci\u00f3k felt\u00e1r\u00e1s\u00e1t. V\u00e1s\u00e1roljon <b>A legjobb 2-fluoramfetamin (2-FA) kaphat\u00f3<\/b> projektjeihez.<\/p>\n<h3>Idegtudom\u00e1nyi tanulm\u00e1nyok<\/h3>\n<p>Az idegtudom\u00e1nyban <b>2-fluoramfetamin (2-FA)<\/b> egy keresett kutat\u00e1si t\u00e1rgy. Az amfetamin-anal\u00f3gok hat\u00e1s\u00e1t a dopamin \u00e9s a noradrenalin neurotranszmitter-rendszerekre vizsg\u00e1lj\u00e1k vele. Ez\u00e1ltal a tud\u00f3sok jobban meg\u00e9rthetik az idegsejtek k\u00f6z\u00f6tti kommunik\u00e1ci\u00f3t. Emellett hozz\u00e1j\u00e1rul a potenci\u00e1lis ter\u00e1pi\u00e1s alkalmaz\u00e1sok kutat\u00e1s\u00e1hoz is. A tanulm\u00e1nyok m\u00e1r \u00e9rdekes eredm\u00e9nyeket hoztak a <b>hiteles 2-fluoramfetamin (2-FA)<\/b> el\u00e9rt.<\/p>\n<h3>Farmakol\u00f3giai vizsg\u00e1latok<\/h3>\n<p>A farmakol\u00f3giai vizsg\u00e1latok szint\u00e9n profit\u00e1lnak ebb\u0151l <b>2-FA<\/b>. Gyakran szolg\u00e1l referenciak\u00e9nt receptor-k\u00f6t\u0151d\u00e9s, metabolizmus \u00e9s toxikol\u00f3gia ter\u00fclet\u00e9n v\u00e9gzett kutat\u00e1sokban. Az ilyen kutat\u00e1sok d\u00f6nt\u0151 jelent\u0151s\u00e9g\u0171ek a gy\u00f3gyszerfejleszt\u00e9s szempontj\u00e1b\u00f3l. Ez\u00e9rt a 2-FA pontos jellemz\u00e9se fontos szerepet j\u00e1tszik. Term\u00e9k\u00fcnk <b>Laborat\u00f3riumi min\u0151s\u00e9g\u0171 term\u00e9kek elad\u00f3<\/b>, ide\u00e1lis ig\u00e9nyes elemz\u00e9sekhez.<\/p>\n<h3>Toxikol\u00f3giai elemz\u00e9sek<\/h3>\n<p>A toxikol\u00f3gi\u00e1ban is megtal\u00e1lhat\u00f3 <b>2-fluoramfetamin (2-FA)<\/b> Alkalmaz\u00e1s. A d\u00f3zis-hat\u00e1s \u00f6sszef\u00fcgg\u00e9sek meghat\u00e1roz\u00e1s\u00e1ra \u00e9s a potenci\u00e1lis toxicit\u00e1si profilok \u00e9rt\u00e9kel\u00e9s\u00e9re haszn\u00e1lj\u00e1k. Ezek az adatok elengedhetetlenek a vegyi anyagok biztons\u00e1gi \u00e9rt\u00e9kel\u00e9s\u00e9hez. M\u00e1sr\u00e9szt seg\u00edtenek meg\u00e9rteni a biol\u00f3giai rendszerekre gyakorolt hat\u00e1sokat. Ez\u00e9rt \u00d6n <a href=\"https:\/\/chemgramx.com\/product\/2-fluoroamphetamine-2-fa-online-kaufen\/\"><b>2-FA tanulm\u00e1nyaihoz<\/b><\/a> biztons\u00e1gosan v\u00e1s\u00e1rolhatja meg a Chemgramx-n\u00e1l.<\/p>\n<h2>Min\u0151s\u00e9g \u00e9s biztons\u00e1g a Chemgramx-n\u00e1l<\/h2>\n<p>A Chemgramxn\u00e9l nagy hangs\u00falyt fektet\u00fcnk a min\u0151s\u00e9gre \u00e9s az integrit\u00e1sra. Minden l\u00e9p\u00e9st, a nyersanyagok beszerz\u00e9s\u00e9t\u0151l a v\u00e9gs\u0151 min\u0151s\u00e9g-ellen\u0151rz\u00e9sig, a legnagyobb gondoss\u00e1ggal hajtunk v\u00e9gre. \u00cdgy biztos\u00edtjuk, hogy csak a legjobbat kapja kutat\u00e1s\u00e1hoz. A kiv\u00e1l\u00f3s\u00e1g ir\u00e1nti elk\u00f6telezetts\u00e9g\u00fcnk a kutat\u00f3knak tett \u00edg\u00e9ret\u00fcnk.<\/p>\n<h3>Min\u0151s\u00e9gi szabv\u00e1nyaink<\/h3>\n<p>A pontos kutat\u00e1si eredm\u00e9nyek szil\u00e1rd alapot ig\u00e9nyelnek. Ez\u00e9rt minden term\u00e9k, bele\u00e9rtve a <b>2-fluoramfetamin (2-FA)<\/b>, szigor\u00fa min\u0151s\u00e9g-ellen\u0151rz\u00e9snek vetj\u00fck al\u00e1. Fejlett elemz\u00e9si technik\u00e1k seg\u00edts\u00e9g\u00e9vel ellen\u0151rizz\u00fck minden t\u00e9tel identit\u00e1s\u00e1t \u00e9s tisztas\u00e1g\u00e1t. Ez garant\u00e1lja a <b>Kiv\u00e1l\u00f3 min\u0151s\u00e9g\u0171 2-fluoramfetamin (2-FA)<\/b> \u00e9s k\u00eds\u00e9rleteinek reproduk\u00e1lhat\u00f3s\u00e1g\u00e1t. Ezenk\u00edv\u00fcl k\u00e9r\u00e9sre r\u00e9szletes elemz\u00e9si tan\u00fas\u00edtv\u00e1nyokat is k\u00edn\u00e1lunk.<\/p>\n<h3>Felel\u0151s kezel\u00e9s<\/h3>\n<p>Hangs\u00falyozzuk a kutat\u00e1si vegyszerekkel val\u00f3 felel\u0151ss\u00e9gteljes b\u00e1n\u00e1sm\u00f3dot. <b>2-FA<\/b> kiz\u00e1r\u00f3lag laborat\u00f3riumi \u00e9s kutat\u00e1si c\u00e9lokra szolg\u00e1l, \u00e9s nem alkalmas emberi fogyaszt\u00e1sra. Ez\u00e9rt k\u00e9rj\u00fck \u00fcgyfeleinket, hogy tarts\u00e1k be az \u00f6sszes vonatkoz\u00f3 biztons\u00e1gi ir\u00e1nyelvet. C\u00e9lunk, hogy a tudom\u00e1ny sz\u00e1m\u00e1ra biztos\u00edtsuk a sz\u00fcks\u00e9ges eszk\u00f6z\u00f6ket, mik\u00f6zben a biztons\u00e1g mindig els\u0151dleges fontoss\u00e1g\u00fa.<\/p>\n<h2>Mi\u00e9rt \u00e9rdemes a 2-FA-t a Chemgramx-t\u00f3l v\u00e1s\u00e1rolni?<\/h2>\n<p>A Chemgramx az \u00d6n partnere tudom\u00e1nyos projektekben. Kiv\u00e1l\u00f3 min\u0151s\u00e9g\u0171 term\u00e9keket \u00e9s els\u0151 oszt\u00e1ly\u00fa szolg\u00e1ltat\u00e1st k\u00edn\u00e1lunk. Ennek eredm\u00e9nyek\u00e9nt egyre t\u00f6bb kutat\u00f3 d\u00f6nt \u00fagy, hogy <b>2-fluoramfetamin (2-FA) online megrendel\u00e9se<\/b> vel\u00fcnk.<\/p>\n<h3>\u00c1tl\u00e1that\u00f3s\u00e1g \u00e9s dokument\u00e1ci\u00f3<\/h3>\n<p>B\u00fcszk\u00e9k vagyunk \u00e1tl\u00e1that\u00f3s\u00e1gunkra. Minden term\u00e9k\u00fcnk teljes dokument\u00e1ci\u00f3val ker\u00fcl kisz\u00e1ll\u00edt\u00e1sra, bele\u00e9rtve a biztons\u00e1gi adatlapokat (SDB) \u00e9s az analitikai tan\u00fas\u00edtv\u00e1nyokat. Ez lehet\u0151v\u00e9 teszi \u00d6nnek, hogy megalapozott d\u00f6nt\u00e9seket hozzon. Egy\u00e9bk\u00e9nt, a <b>2-FA<\/b> m\u00e1s kiv\u00e1l\u00f3 min\u0151s\u00e9g\u0171 anyagokat is k\u00edn\u00e1lunk, mint p\u00e9ld\u00e1ul <a href='https:\/\/chemgramx.com\/product\/5-meo-pyr-t-online-kaufen\/'><b>5-MeO-Pyr-T<\/b><\/a> projektjeihez.<\/p>\n<h3>\u00c1tfog\u00f3 t\u00e1mogat\u00e1s<\/h3>\n<p>Szak\u00e9rt\u0151i csapatunk k\u00e9szs\u00e9ggel \u00e1ll rendelkez\u00e9s\u00e9re, ha k\u00e9rd\u00e9se van. Ak\u00e1r technikai r\u00e9szletekr\u0151l, ak\u00e1r a v\u00e1laszt\u00e1shoz sz\u00fcks\u00e9ges seg\u00edts\u00e9gr\u0151l van sz\u00f3, mi mindig az \u00d6n rendelkez\u00e9s\u00e9re \u00e1llunk. Az \u00fcgyf\u00e9lel\u00e9gedetts\u00e9g ir\u00e1nti elk\u00f6telezetts\u00e9g\u00fcnk k\u00f6zponti eleme tev\u00e9kenys\u00e9g\u00fcnknek. Ez azt is jelenti, hogy mindig sz\u00e1m\u00edthat t\u00e1mogat\u00e1sunkra, ha <b>Kutat\u00e1si c\u00e9lok<\/b> k\u00f6vetni.<\/p>\n<h2>Megrendel\u00e9s \u00e9s titoktart\u00e1s<\/h2>\n<p>A folyamat, <b>2-fluoramfetamin (2-FA)<\/b> A Chemgramx-n\u00e1l t\u00f6rt\u00e9n\u0151 v\u00e1s\u00e1rl\u00e1s egyszer\u0171 \u00e9s biztons\u00e1gos. Gondoskodtunk arr\u00f3l, hogy adatait \u00e9s megrendel\u00e9seit diszkr\u00e9ten kezelj\u00fck. \u00cdgy bizalommal v\u00e1s\u00e1rolhat. Rendszer\u00fcnk z\u00f6kken\u0151mentes feldolgoz\u00e1st garant\u00e1l.<\/p>\n<h3>A rendel\u00e9si folyamat<\/h3>\n<p>K\u00f6r\u00fclbel\u00fcl <b>Nagy tisztas\u00e1g\u00fa 2-FA<\/b> (<a href='https:\/\/chemgramx.com\/product\/2-fluoroamphetamine-2-fa-online-kaufen\/'><b>Nagy tisztas\u00e1g\u00fa 2-FA<\/b><\/a>) megv\u00e1s\u00e1rl\u00e1s\u00e1hoz navig\u00e1ljon a term\u00e9k oldal\u00e1ra, \u00e9s adja hozz\u00e1 a k\u00edv\u00e1nt mennyis\u00e9get. Az intuit\u00edv rendel\u00e9si folyamat v\u00e9gigvezeti a sz\u00fcks\u00e9ges l\u00e9p\u00e9seken. \u00d6n <b>Most online v\u00e1s\u00e1roljon<\/b> \u00e9s profit\u00e1ljon z\u00f6kken\u0151mentes \u00fcgyint\u00e9z\u00e9s\u00fcnkb\u0151l.<\/p>\n<h3>Adatv\u00e9delem \u00e9s diszkr\u00e9ci\u00f3<\/h3>\n<p>Az \u00d6n mag\u00e1n\u00e9lete fontos sz\u00e1munkra. Minden szem\u00e9lyes \u00e9s megrendel\u00e9si adatot szigor\u00faan bizalmasan kezel\u00fcnk, \u00e9s a legmodernebb biztons\u00e1gi protokollokkal v\u00e9dj\u00fck. Ez azt jelenti, hogy adatait biztons\u00e1gosan kezelj\u00fck, \u00e9s nem adjuk tov\u00e1bb harmadik feleknek. \u00cdgy garant\u00e1ljuk a <b>biztos v\u00e1s\u00e1rl\u00e1s<\/b> a Chemgramx-n\u00e1l. Megb\u00edzhat\u00f3 k\u00f6rnyezetet teremt\u00fcnk tudom\u00e1nyos beszerz\u00e9seihez.<\/p>\n<h2>K\u00f6vetkeztet\u00e9s \u00e9s kil\u00e1t\u00e1sok<\/h2>\n<p>\u00d6sszefoglalva <b>2-fluoramfetamin (2-FA)<\/b> \u00e9rt\u00e9kes kieg\u00e9sz\u00edt\u0151 minden olyan kutat\u00f3laborat\u00f3rium sz\u00e1m\u00e1ra, amely nagyra \u00e9rt\u00e9keli a pontoss\u00e1got \u00e9s a megb\u00edzhat\u00f3s\u00e1got. A Chemgramx-n\u00e1l a legmagasabb min\u0151s\u00e9g\u0171 term\u00e9keket \u00e9s az \u00d6n ig\u00e9nyeire szabott szolg\u00e1ltat\u00e1st kap. R\u00f6viden: mi vagyunk az ide\u00e1lis partnere a kutat\u00e1si vegyszerek ter\u00e9n. T\u00e1mogatjuk \u00d6nt kutat\u00e1si \u00fatj\u00e1n, \u00e9s biztos\u00edtjuk az eszk\u00f6z\u00f6ket a forradalmi felfedez\u00e9sekhez.<\/p>","protected":false},"excerpt":{"rendered":"<p><b>2-fluoramfetamin (2-FA)<\/b>: Kiv\u00e1l\u00f3 min\u0151s\u00e9g\u0171, rendk\u00edv\u00fcl tiszta kutat\u00e1si vegyszer. Ide\u00e1lis neurol\u00f3giai \u00e9s farmakol\u00f3giai vizsg\u00e1latokhoz, pontos betekint\u00e9st ny\u00fajt a komplex mechanizmusokba. Rendeljen <b>2-FA v\u00e1s\u00e1rl\u00e1s<\/b> Most biztons\u00e1gosan online. V\u00e1s\u00e1roljon a Chemgramx-n\u00e1l garant\u00e1lt laborat\u00f3riumi min\u0151s\u00e9g\u00e9rt \u00e9s \u00e1tfog\u00f3 dokument\u00e1ci\u00f3\u00e9rt. Megb\u00edzhat\u00f3 partnere a tudom\u00e1nyos kiv\u00e1l\u00f3s\u00e1g\u00e9rt.<\/p>","protected":false},"featured_media":8424,"comment_status":"open","ping_status":"closed","template":"","meta":{"_joinchat":[]},"product_brand":[],"product_cat":[48],"product_tag":[1143,2588,2583,1162,2587,2586,2584,2582,2585,2015],"class_list":{"0":"post-8388","1":"product","2":"type-product","3":"status-publish","4":"has-post-thumbnail","6":"product_cat-stimulants","7":"product_tag-2-fa-kaufen","8":"product_tag-2-fa-kaufen-deutschland","9":"product_tag-2-fa-kristalle","10":"product_tag-2-fa-online","11":"product_tag-2-fa-preis","12":"product_tag-2-fa-prodej","13":"product_tag-2-fa-pulver","14":"product_tag-2-fluoroamphetamine-kaufen","15":"product_tag-2-fluoroamphetamine-online","16":"product_tag-synthetische-drogen","18":"first","19":"instock","20":"shipping-taxable","21":"purchasable","22":"product-type-variable"},"yoast_head":"<!-- This site is optimized with the Yoast SEO plugin v27.5 - https:\/\/yoast.com\/product\/yoast-seo-wordpress\/ -->\n<title>2-FA Kaufen - Hochreine Forschungsqualit\u00e4t<\/title>\n<meta name=\"description\" content=\"Entdecken Sie hochwertiges 2-Fluoroamphetamin (2-FA) f\u00fcr Ihre Forschung. Jetzt online bestellen und von Laborqualit\u00e4t profitieren. Sicherer Erwerb bei Chemgramx.\" \/>\n<meta name=\"robots\" content=\"index, follow, max-snippet:-1, max-image-preview:large, max-video-preview:-1\" \/>\n<link rel=\"canonical\" href=\"https:\/\/chemgramx.com\/hu\/termek-1\/2-fluoroamphetamine-2-fa-online-vasarlas\/\" \/>\n<meta property=\"og:locale\" content=\"hu_HU\" \/>\n<meta property=\"og:type\" content=\"article\" \/>\n<meta property=\"og:title\" content=\"2-FA Kaufen - Hochreine Forschungsqualit\u00e4t\" \/>\n<meta property=\"og:description\" content=\"Entdecken Sie hochwertiges 2-Fluoroamphetamin (2-FA) f\u00fcr Ihre Forschung. Jetzt online bestellen und von Laborqualit\u00e4t profitieren. Sicherer Erwerb bei Chemgramx.\" \/>\n<meta property=\"og:url\" content=\"https:\/\/chemgramx.com\/hu\/termek-1\/2-fluoroamphetamine-2-fa-online-vasarlas\/\" \/>\n<meta property=\"og:site_name\" content=\"Chemgramx\" \/>\n<meta property=\"article:modified_time\" content=\"2025-12-09T10:08:14+00:00\" \/>\n<meta property=\"og:image\" content=\"https:\/\/chemgramx.com\/wp-content\/uploads\/2025\/11\/2fa.png\" \/>\n\t<meta property=\"og:image:width\" content=\"600\" \/>\n\t<meta property=\"og:image:height\" content=\"400\" \/>\n\t<meta property=\"og:image:type\" content=\"image\/png\" \/>\n<meta name=\"twitter:card\" content=\"summary_large_image\" \/>\n<meta name=\"twitter:label1\" content=\"Becs\u00fclt olvas\u00e1si id\u0151\" \/>\n\t<meta name=\"twitter:data1\" content=\"4 perc\" \/>\n<script type=\"application\/ld+json\" class=\"yoast-schema-graph\">{\"@context\":\"https:\\\/\\\/schema.org\",\"@graph\":[{\"@type\":\"WebPage\",\"@id\":\"https:\\\/\\\/chemgramx.com\\\/product\\\/2-fluoroamphetamine-2-fa-online-kaufen\\\/\",\"url\":\"https:\\\/\\\/chemgramx.com\\\/product\\\/2-fluoroamphetamine-2-fa-online-kaufen\\\/\",\"name\":\"2-FA Kaufen - Hochreine Forschungsqualit\u00e4t\",\"isPartOf\":{\"@id\":\"https:\\\/\\\/chemgramx.com\\\/#website\"},\"primaryImageOfPage\":{\"@id\":\"https:\\\/\\\/chemgramx.com\\\/product\\\/2-fluoroamphetamine-2-fa-online-kaufen\\\/#primaryimage\"},\"image\":{\"@id\":\"https:\\\/\\\/chemgramx.com\\\/product\\\/2-fluoroamphetamine-2-fa-online-kaufen\\\/#primaryimage\"},\"thumbnailUrl\":\"https:\\\/\\\/chemgramx.com\\\/wp-content\\\/uploads\\\/2025\\\/11\\\/2fa.png\",\"datePublished\":\"2025-11-21T18:18:28+00:00\",\"dateModified\":\"2025-12-09T10:08:14+00:00\",\"description\":\"Entdecken Sie hochwertiges 2-Fluoroamphetamin (2-FA) f\u00fcr Ihre Forschung. Jetzt online bestellen und von Laborqualit\u00e4t profitieren. Sicherer Erwerb bei Chemgramx.\",\"breadcrumb\":{\"@id\":\"https:\\\/\\\/chemgramx.com\\\/product\\\/2-fluoroamphetamine-2-fa-online-kaufen\\\/#breadcrumb\"},\"inLanguage\":\"hu\",\"potentialAction\":[{\"@type\":\"ReadAction\",\"target\":[\"https:\\\/\\\/chemgramx.com\\\/product\\\/2-fluoroamphetamine-2-fa-online-kaufen\\\/\"]}]},{\"@type\":\"ImageObject\",\"inLanguage\":\"hu\",\"@id\":\"https:\\\/\\\/chemgramx.com\\\/product\\\/2-fluoroamphetamine-2-fa-online-kaufen\\\/#primaryimage\",\"url\":\"https:\\\/\\\/chemgramx.com\\\/wp-content\\\/uploads\\\/2025\\\/11\\\/2fa.png\",\"contentUrl\":\"https:\\\/\\\/chemgramx.com\\\/wp-content\\\/uploads\\\/2025\\\/11\\\/2fa.png\",\"width\":600,\"height\":400},{\"@type\":\"BreadcrumbList\",\"@id\":\"https:\\\/\\\/chemgramx.com\\\/product\\\/2-fluoroamphetamine-2-fa-online-kaufen\\\/#breadcrumb\",\"itemListElement\":[{\"@type\":\"ListItem\",\"position\":1,\"name\":\"Home\",\"item\":\"https:\\\/\\\/chemgramx.com\\\/\"},{\"@type\":\"ListItem\",\"position\":2,\"name\":\"Shop\",\"item\":\"https:\\\/\\\/chemgramx.com\\\/shop\\\/\"},{\"@type\":\"ListItem\",\"position\":3,\"name\":\"2-FA Kaufen &#8211; Hochreine Forschungsqualit\u00e4t\"}]},{\"@type\":\"WebSite\",\"@id\":\"https:\\\/\\\/chemgramx.com\\\/#website\",\"url\":\"https:\\\/\\\/chemgramx.com\\\/\",\"name\":\"Chemgramx\",\"description\":\"\",\"publisher\":{\"@id\":\"https:\\\/\\\/chemgramx.com\\\/#organization\"},\"potentialAction\":[{\"@type\":\"SearchAction\",\"target\":{\"@type\":\"EntryPoint\",\"urlTemplate\":\"https:\\\/\\\/chemgramx.com\\\/?s={search_term_string}\"},\"query-input\":{\"@type\":\"PropertyValueSpecification\",\"valueRequired\":true,\"valueName\":\"search_term_string\"}}],\"inLanguage\":\"hu\"},{\"@type\":\"Organization\",\"@id\":\"https:\\\/\\\/chemgramx.com\\\/#organization\",\"name\":\"Chemgramx\",\"url\":\"https:\\\/\\\/chemgramx.com\\\/\",\"logo\":{\"@type\":\"ImageObject\",\"inLanguage\":\"hu\",\"@id\":\"https:\\\/\\\/chemgramx.com\\\/#\\\/schema\\\/logo\\\/image\\\/\",\"url\":\"https:\\\/\\\/chemgramx.com\\\/wp-content\\\/uploads\\\/2024\\\/10\\\/final-logo.png\",\"contentUrl\":\"https:\\\/\\\/chemgramx.com\\\/wp-content\\\/uploads\\\/2024\\\/10\\\/final-logo.png\",\"width\":250,\"height\":48,\"caption\":\"Chemgramx\"},\"image\":{\"@id\":\"https:\\\/\\\/chemgramx.com\\\/#\\\/schema\\\/logo\\\/image\\\/\"}}]}<\/script>\n<!-- \/ Yoast SEO plugin. -->","yoast_head_json":{"title":"2-FA v\u00e1s\u00e1rl\u00e1s \u2013 Magas tisztas\u00e1g\u00fa kutat\u00e1si min\u0151s\u00e9g","description":"Fedezze fel a kiv\u00e1l\u00f3 min\u0151s\u00e9g\u0171 2-fluoramfetamint (2-FA) kutat\u00e1si c\u00e9lokra. Rendeljen most online, \u00e9s \u00e9lvezze a laborat\u00f3riumi min\u0151s\u00e9g el\u0151nyeit. Biztons\u00e1gos v\u00e1s\u00e1rl\u00e1s a Chemgramx-n\u00e1l.","robots":{"index":"index","follow":"follow","max-snippet":"max-snippet:-1","max-image-preview":"max-image-preview:large","max-video-preview":"max-video-preview:-1"},"canonical":"https:\/\/chemgramx.com\/hu\/termek-1\/2-fluoroamphetamine-2-fa-online-vasarlas\/","og_locale":"hu_HU","og_type":"article","og_title":"2-FA Kaufen - Hochreine Forschungsqualit\u00e4t","og_description":"Entdecken Sie hochwertiges 2-Fluoroamphetamin (2-FA) f\u00fcr Ihre Forschung. Jetzt online bestellen und von Laborqualit\u00e4t profitieren. Sicherer Erwerb bei Chemgramx.","og_url":"https:\/\/chemgramx.com\/hu\/termek-1\/2-fluoroamphetamine-2-fa-online-vasarlas\/","og_site_name":"Chemgramx","article_modified_time":"2025-12-09T10:08:14+00:00","og_image":[{"width":600,"height":400,"url":"https:\/\/chemgramx.com\/wp-content\/uploads\/2025\/11\/2fa.png","type":"image\/png"}],"twitter_card":"summary_large_image","twitter_misc":{"Becs\u00fclt olvas\u00e1si id\u0151":"4 perc"},"schema":{"@context":"https:\/\/schema.org","@graph":[{"@type":"WebPage","@id":"https:\/\/chemgramx.com\/product\/2-fluoroamphetamine-2-fa-online-kaufen\/","url":"https:\/\/chemgramx.com\/product\/2-fluoroamphetamine-2-fa-online-kaufen\/","name":"2-FA v\u00e1s\u00e1rl\u00e1s \u2013 Magas tisztas\u00e1g\u00fa kutat\u00e1si min\u0151s\u00e9g","isPartOf":{"@id":"https:\/\/chemgramx.com\/#website"},"primaryImageOfPage":{"@id":"https:\/\/chemgramx.com\/product\/2-fluoroamphetamine-2-fa-online-kaufen\/#primaryimage"},"image":{"@id":"https:\/\/chemgramx.com\/product\/2-fluoroamphetamine-2-fa-online-kaufen\/#primaryimage"},"thumbnailUrl":"https:\/\/chemgramx.com\/wp-content\/uploads\/2025\/11\/2fa.png","datePublished":"2025-11-21T18:18:28+00:00","dateModified":"2025-12-09T10:08:14+00:00","description":"Fedezze fel a kiv\u00e1l\u00f3 min\u0151s\u00e9g\u0171 2-fluoramfetamint (2-FA) kutat\u00e1si c\u00e9lokra. Rendeljen most online, \u00e9s \u00e9lvezze a laborat\u00f3riumi min\u0151s\u00e9g el\u0151nyeit. Biztons\u00e1gos v\u00e1s\u00e1rl\u00e1s a Chemgramx-n\u00e1l.","breadcrumb":{"@id":"https:\/\/chemgramx.com\/product\/2-fluoroamphetamine-2-fa-online-kaufen\/#breadcrumb"},"inLanguage":"hu","potentialAction":[{"@type":"ReadAction","target":["https:\/\/chemgramx.com\/product\/2-fluoroamphetamine-2-fa-online-kaufen\/"]}]},{"@type":"ImageObject","inLanguage":"hu","@id":"https:\/\/chemgramx.com\/product\/2-fluoroamphetamine-2-fa-online-kaufen\/#primaryimage","url":"https:\/\/chemgramx.com\/wp-content\/uploads\/2025\/11\/2fa.png","contentUrl":"https:\/\/chemgramx.com\/wp-content\/uploads\/2025\/11\/2fa.png","width":600,"height":400},{"@type":"BreadcrumbList","@id":"https:\/\/chemgramx.com\/product\/2-fluoroamphetamine-2-fa-online-kaufen\/#breadcrumb","itemListElement":[{"@type":"ListItem","position":1,"name":"Home","item":"https:\/\/chemgramx.com\/"},{"@type":"ListItem","position":2,"name":"Shop","item":"https:\/\/chemgramx.com\/shop\/"},{"@type":"ListItem","position":3,"name":"2-FA Kaufen &#8211; Hochreine Forschungsqualit\u00e4t"}]},{"@type":"WebSite","@id":"https:\/\/chemgramx.com\/#website","url":"https:\/\/chemgramx.com\/","name":"Chemgramx","description":"","publisher":{"@id":"https:\/\/chemgramx.com\/#organization"},"potentialAction":[{"@type":"SearchAction","target":{"@type":"EntryPoint","urlTemplate":"https:\/\/chemgramx.com\/?s={search_term_string}"},"query-input":{"@type":"PropertyValueSpecification","valueRequired":true,"valueName":"search_term_string"}}],"inLanguage":"hu"},{"@type":"Organization","@id":"https:\/\/chemgramx.com\/#organization","name":"Chemgramx","url":"https:\/\/chemgramx.com\/","logo":{"@type":"ImageObject","inLanguage":"hu","@id":"https:\/\/chemgramx.com\/#\/schema\/logo\/image\/","url":"https:\/\/chemgramx.com\/wp-content\/uploads\/2024\/10\/final-logo.png","contentUrl":"https:\/\/chemgramx.com\/wp-content\/uploads\/2024\/10\/final-logo.png","width":250,"height":48,"caption":"Chemgramx"},"image":{"@id":"https:\/\/chemgramx.com\/#\/schema\/logo\/image\/"}}]}},"_links":{"self":[{"href":"https:\/\/chemgramx.com\/hu\/wp-json\/wp\/v2\/product\/8388","targetHints":{"allow":["GET"]}}],"collection":[{"href":"https:\/\/chemgramx.com\/hu\/wp-json\/wp\/v2\/product"}],"about":[{"href":"https:\/\/chemgramx.com\/hu\/wp-json\/wp\/v2\/types\/product"}],"replies":[{"embeddable":true,"href":"https:\/\/chemgramx.com\/hu\/wp-json\/wp\/v2\/comments?post=8388"}],"wp:featuredmedia":[{"embeddable":true,"href":"https:\/\/chemgramx.com\/hu\/wp-json\/wp\/v2\/media\/8424"}],"wp:attachment":[{"href":"https:\/\/chemgramx.com\/hu\/wp-json\/wp\/v2\/media?parent=8388"}],"wp:term":[{"taxonomy":"product_brand","embeddable":true,"href":"https:\/\/chemgramx.com\/hu\/wp-json\/wp\/v2\/product_brand?post=8388"},{"taxonomy":"product_cat","embeddable":true,"href":"https:\/\/chemgramx.com\/hu\/wp-json\/wp\/v2\/product_cat?post=8388"},{"taxonomy":"product_tag","embeddable":true,"href":"https:\/\/chemgramx.com\/hu\/wp-json\/wp\/v2\/product_tag?post=8388"}],"curies":[{"name":"wp","href":"https:\/\/api.w.org\/{rel}","templated":true}]}}