{"id":8390,"date":"2025-11-21T18:18:29","date_gmt":"2025-11-21T18:18:29","guid":{"rendered":"https:\/\/chemgramx.com\/?post_type=product&#038;p=8390"},"modified":"2025-12-09T09:56:56","modified_gmt":"2025-12-09T09:56:56","slug":"23-mdpv-online-vasarlas","status":"publish","type":"product","link":"https:\/\/chemgramx.com\/hu\/product\/23-mdpv-online-kaufen\/","title":{"rendered":"V\u00e1s\u00e1roljon 23-MDPV-t online"},"content":{"rendered":"<p>Fedezze fel a <b>23-MDPV<\/b> legszebb form\u00e1j\u00e1ban, amelyet kifejezetten ig\u00e9nyes kutat\u00e1si feladatokhoz fejlesztettek ki. Ha <b>23-MDPV elad\u00f3<\/b> keres, a Chemgramx az els\u0151 sz\u00e1m\u00fa v\u00e1laszt\u00e1s, ha kiv\u00e1l\u00f3 min\u0151s\u00e9get \u00e9s megb\u00edzhat\u00f3s\u00e1got keres. Elk\u00f6telezettek vagyunk amellett, hogy olyan term\u00e9keket k\u00edn\u00e1ljunk, amelyek a legmagasabb sz\u00ednvonalnak megfelelnek, hogy tudom\u00e1nyos projektjei a lehet\u0151 legjobb eredm\u00e9nyeket hozz\u00e1k. Leny\u0171g\u00f6z\u0151 tisztas\u00e1ggal, <b>99%<\/b> 23-MDPV term\u00e9k\u00fcnk ide\u00e1lis sz\u00e1mos laborat\u00f3riumi alkalmaz\u00e1shoz, az analitikai k\u00e9mi\u00e1t\u00f3l az anyagok tudom\u00e1ny\u00e1ig. Tudjuk, hogy a kiindul\u00e1si anyagok min\u0151s\u00e9ge d\u00f6nt\u0151 fontoss\u00e1g\u00fa a kutat\u00e1sok siker\u00e9hez. Ez\u00e9rt szigor\u00fa min\u0151s\u00e9g-ellen\u0151rz\u00e9st alkalmazunk a gy\u00e1rt\u00e1s minden szakasz\u00e1ban.<\/p>\n<h2>Kiv\u00e1l\u00f3 min\u0151s\u00e9g\u0171 23-MDPV a kutat\u00e1s\u00e1hoz<\/h2>\n<p>A beszerz\u00e9s <b>Kiv\u00e1l\u00f3 min\u0151s\u00e9g\u0171 23-MDPV<\/b> a kutat\u00f3k sz\u00e1m\u00e1ra nagyobb jelent\u0151s\u00e9ggel b\u00edr. Term\u00e9k\u00fcnk kiemelked\u0151 tisztas\u00e1ggal rendelkezik, amelyet a legmodernebb analitikai technik\u00e1k is meger\u0151s\u00edtenek. Ez garant\u00e1lja, hogy konzisztens \u00e9s reproduk\u00e1lhat\u00f3 eredm\u00e9nyeket \u00e9rjen el. Emellett b\u00fcszk\u00e9k vagyunk arra, hogy, <b>Kutat\u00e1si min\u0151s\u00e9g\u0171 23-MDPV elad\u00f3<\/b> amely megfelel a modern tudom\u00e1nyos laborat\u00f3riumok szigor\u00fa k\u00f6vetelm\u00e9nyeinek. Tudjuk, hogy munk\u00e1ja pontoss\u00e1got ig\u00e9nyel, \u00e9s a 23-MDPV-nk pontosan ezt biztos\u00edtja. B\u00edzzon a Chemgramx-ban, ha olyan anyagokra van sz\u00fcks\u00e9ge, amelyek kutat\u00e1s\u00e1t \u00faj szintre emelik.<\/p>\n<h3>Mi\u00e9rt a Chemgramx a legjobb v\u00e1laszt\u00e1s a 23-MDPV-hez?<\/h3>\n<p>A Chemgramxn\u00e9l \u00fcgyfeleink el\u00e9gedetts\u00e9ge az els\u0151 helyen \u00e1ll. Lehet\u0151s\u00e9get k\u00edn\u00e1lunk \u00d6nnek, hogy, <b>A legjobb 23-MDPV kaphat\u00f3<\/b> an\u00e9lk\u00fcl, hogy kompromisszumot kellene k\u00f6tni a min\u0151s\u00e9g ter\u00e9n. Gondos gy\u00e1rt\u00e1si folyamatunk biztos\u00edtja, hogy minden 23-MDPV t\u00e9tel megfeleljen a specifik\u00e1ci\u00f3knak vagy azokat meghaladja. Ezenk\u00edv\u00fcl nagy hangs\u00falyt fektet\u00fcnk term\u00e9keink integrit\u00e1s\u00e1ra. A kutat\u00f3k nagyra \u00e9rt\u00e9kelik a megb\u00edzhat\u00f3s\u00e1got, amelyet k\u00edn\u00e1lunk, amikor <b>Laborat\u00f3riumi min\u0151s\u00e9g\u0171 23-MDPV elad\u00f3<\/b> sz\u00fcks\u00e9g\u00fck van. C\u00e9lunk, hogy z\u00f6kken\u0151mentes \u00e9lm\u00e9nyt ny\u00fajtsunk \u00d6nnek a kiv\u00e1laszt\u00e1st\u00f3l az alkalmaz\u00e1sig.<\/p>\n<h2>\u00c1tfog\u00f3 elemz\u00e9s \u00e9s tisztas\u00e1gi garancia<\/h2>\n<p>Tudjuk, hogy az analitikai jellemz\u00e9s d\u00f6nt\u0151 fontoss\u00e1g\u00fa. Ez\u00e9rt a k\u00f6vetkez\u0151ket sz\u00e1ll\u00edtjuk <b>Hiteles 23-MDPV<\/b>, amely \u00e1tfog\u00f3 tesztel\u00e9sen esett \u00e1t. Term\u00e9keink minden egyes t\u00e9tel\u00e9t fejlett analitikai m\u00f3dszerekkel, p\u00e9ld\u00e1ul HPLC \u00e9s GC-MS seg\u00edts\u00e9g\u00e9vel vizsg\u00e1ljuk, hogy meger\u0151s\u00edts\u00fck azok identit\u00e1s\u00e1t \u00e9s tisztas\u00e1g\u00e1t. \u00cdgy biztos lehet benne, hogy a legmagasabb min\u0151s\u00e9g\u0171 term\u00e9ket kapja. Ez k\u00fcl\u00f6n\u00f6sen fontos, ha <b>Magas tisztas\u00e1g\u00fa 23-MDPV elad\u00f3<\/b> kritikus k\u00eds\u00e9rletekhez sz\u00fcks\u00e9ges. \u00c1tl\u00e1that\u00f3s\u00e1g ir\u00e1nti elk\u00f6telezetts\u00e9g\u00fcnk azt jelenti, hogy k\u00e9r\u00e9sre r\u00e9szletes elemz\u00e9si tan\u00fas\u00edtv\u00e1nyokat bocs\u00e1tunk rendelkez\u00e9sre, amelyek biztos\u00edtj\u00e1k \u00d6nnek a tudom\u00e1nyos munk\u00e1j\u00e1hoz sz\u00fcks\u00e9ges bizonyoss\u00e1got.<\/p>\n<h3>Alkalmaz\u00e1si ter\u00fcletek \u00e9s tudom\u00e1nyos haszon<\/h3>\n<p>A 23-MDPV egy k\u00e9miai vegy\u00fclet, amelynek sz\u00e1mos kutat\u00e1si lehet\u0151s\u00e9ge van. Olyan ter\u00fcleteken alkalmazz\u00e1k, mint a neurok\u00e9miai kutat\u00e1s, a farmakol\u00f3gia \u00e9s a toxikol\u00f3gia. A kutat\u00f3k, akik <b>V\u00e1s\u00e1roljon 23-MDPV-t online<\/b> gyakran az\u00e9rt teszik ezt, hogy bizonyos idegp\u00e1ly\u00e1k mechanizmusait vizsg\u00e1lj\u00e1k, vagy \u00faj analitikai szabv\u00e1nyokat fejlesszenek ki. Term\u00e9keink magas tisztas\u00e1ga biztos\u00edtja, hogy a k\u00eds\u00e9rleti eredm\u00e9nyeket ne befoly\u00e1solj\u00e1k szennyez\u0151d\u00e9sek. Ha megb\u00edzhat\u00f3 forr\u00e1sra van sz\u00fcks\u00e9ge kutat\u00e1si vegyszerekhez, a Chemgramx a megfelel\u0151 v\u00e1laszt\u00e1s. T\u00e1mogatjuk a tudom\u00e1nyos k\u00f6z\u00f6ss\u00e9get azzal, hogy hozz\u00e1f\u00e9r\u00e9st biztos\u00edtunk olyan kiv\u00e1l\u00f3 min\u0151s\u00e9g\u0171 anyagokhoz, mint a 23-MDPV.<\/p>\n<h2>Biztons\u00e1gos beszerz\u00e9s \u00e9s felel\u0151ss\u00e9gteljes kezel\u00e9s<\/h2>\n<p>Nagy hangs\u00falyt fektet\u00fcnk a <b>Biztons\u00e1gos v\u00e1s\u00e1rl\u00e1s<\/b> Tapasztalat minden \u00fcgyfel\u00fcnk sz\u00e1m\u00e1ra. Ha \u00d6n <b>Rendeljen 23-MDPV-t online<\/b> A Chemgramx-n\u00e1l b\u00edzhat abban, hogy a folyamat professzion\u00e1lis \u00e9s diszkr\u00e9t lesz. Term\u00e9keinket a legnagyobb gondoss\u00e1ggal kezelj\u00fck, hogy azok integrit\u00e1sa megmaradjon az \u00e9rkez\u00e9sig. Ez\u00e9rt gondoskodunk arr\u00f3l, hogy az anyagok a legmagasabb sz\u00ednvonalnak megfeleljenek, amikor laborat\u00f3rium\u00e1ba \u00e9rkeznek. Tudjuk, hogy a kutat\u00e1sban milyen fontos a megb\u00edzhat\u00f3s\u00e1g, \u00e9s folyamatainkkal igyeksz\u00fcnk ezt biztos\u00edtani. Fedezze fel a Chemgramx term\u00e9kek haszn\u00e1lat\u00e1val j\u00e1r\u00f3 lehet\u0151s\u00e9geket.<\/p>\n<h3>Kutat\u00e1si vegyszerek \u00e1tfog\u00f3 portf\u00f3li\u00f3ja<\/h3>\n<p>A 23-MDPV mellett a Chemgramx sz\u00e1mos m\u00e1s kiv\u00e1l\u00f3 min\u0151s\u00e9g\u0171 kutat\u00e1si vegyszert is k\u00edn\u00e1l. Azok sz\u00e1m\u00e1ra, akik \u00e9rdekl\u0151dnek a kapcsol\u00f3d\u00f3 vegy\u00fcletek ir\u00e1nt, \u00e9rdekes lehet a katinonok \u00e9s m\u00e1s nootropikumok v\u00e1laszt\u00e9kunk. Fedezze fel p\u00e9ld\u00e1ul a k\u00f6vetkez\u0151 term\u00e9keinket: <a href=\"https:\/\/chemgramx.com\/product\/green-mandala-mix-kaufen\/\">innovat\u00edv kever\u00e9kek<\/a>, amelyeket speci\u00e1lis kutat\u00e1si c\u00e9lokra terveztek. Folyamatosan b\u0151v\u00edtj\u00fck portf\u00f3li\u00f3nkat, hogy megfelelj\u00fcnk a tudom\u00e1nyos k\u00f6z\u00f6ss\u00e9g fejl\u0151d\u0151 ig\u00e9nyeinek. Ez\u00e9rt a Chemgramx megh\u00edvja \u00d6nt, hogy fedezze fel sz\u00e9les v\u00e1laszt\u00e9kunkat, \u00e9s tal\u00e1lja meg a t\u00f6k\u00e9letes anyagokat k\u00f6vetkez\u0151 \u00e1tt\u00f6r\u0151 felfedez\u00e9seihez. Kutat\u00e1sai csak a legjobbat \u00e9rdemlik.<\/p>\n<h2>Innov\u00e1ci\u00f3 \u00e9s tudom\u00e1nyos fejl\u0151d\u00e9s<\/h2>\n<p>A Chemgramx c\u00e9lja, hogy el\u0151seg\u00edtse a tudom\u00e1nyos fejl\u0151d\u00e9st az\u00e1ltal, hogy hozz\u00e1f\u00e9r\u00e9st biztos\u00edt a nagy tisztas\u00e1g\u00fa kutat\u00e1si vegyszerekhez. Ha \u00d6n <b>V\u00e1s\u00e1rl\u00e1s 23-MDPV online<\/b>, fektessen be kutat\u00e1s\u00e1nak j\u00f6v\u0151j\u00e9be. C\u00e9lunk, hogy a tudom\u00e1nyos k\u00f6z\u00f6ss\u00e9g sz\u00e1m\u00e1ra biztos\u00edtsuk azokat az eszk\u00f6z\u00f6ket, amelyekre sz\u00fcks\u00e9g\u00fck van a tud\u00e1s hat\u00e1rainak t\u00e1g\u00edt\u00e1s\u00e1hoz. Emellett folyamatosan t\u00f6reksz\u00fcnk term\u00e9keink \u00e9s szolg\u00e1ltat\u00e1saink fejleszt\u00e9s\u00e9re. Ez\u00e9rt arra b\u00e1tor\u00edtjuk a kutat\u00f3kat, hogy k\u00e9rd\u00e9seikkel forduljanak hozz\u00e1nk, \u00e9s vegy\u00e9k ig\u00e9nybe szak\u00e9rtelm\u00fcnket. Az \u00d6n sikere a mi motiv\u00e1ci\u00f3nk. A Chemgramx-szal nem csak egy vegyszert kap, hanem egy partnert is tudom\u00e1nyos t\u00f6rekv\u00e9seihez.<\/p>\n<h3>Min\u0151s\u00e9g-ellen\u0151rz\u00e9s \u00e9s term\u00e9kle\u00edr\u00e1sok<\/h3>\n<p>Minden term\u00e9k, amely elhagyja a Chemgramx-ot, szigor\u00fa min\u0151s\u00e9g-ellen\u0151rz\u00e9sen esik \u00e1t. Gondoskodunk arr\u00f3l, hogy <b>23-MDPV elad\u00f3<\/b> a legmagasabb min\u0151s\u00e9g\u0171 \u00e9s megfelel a megadott specifik\u00e1ci\u00f3knak. A tisztas\u00e1got k\u00fcl\u00f6nb\u00f6z\u0151 analitikai technik\u00e1kkal rendszeresen ellen\u0151rizz\u00fck, hogy biztos\u00edtsuk az \u00e1lland\u00f3s\u00e1got. Ezenk\u00edv\u00fcl arra t\u00f6reksz\u00fcnk, hogy teljes \u00e1tl\u00e1that\u00f3s\u00e1got biztos\u00edtsunk term\u00e9keink tulajdons\u00e1gait illet\u0151en. Ha \u00d6n <b>Biztons\u00e1gos v\u00e1s\u00e1rl\u00e1s<\/b> laborat\u00f3riumi ig\u00e9nyeinek megfelel\u0151 term\u00e9keket keres, akkor n\u00e1lunk j\u00f3 helyen j\u00e1r. Nagyon komolyan vessz\u00fck a vegyi anyagok min\u0151s\u00e9g\u00e9nek biztos\u00edt\u00e1s\u00e1t, hogy \u00d6n a kutat\u00e1s\u00e1ra koncentr\u00e1lhasson.<\/p>\n<h2>A kutat\u00e1si vegyszerek ter\u00e9n az \u00d6n partnere<\/h2>\n<p>A Chemgramx t\u00f6bb, mint egy egyszer\u0171 besz\u00e1ll\u00edt\u00f3; mi partnerek vagyunk tudom\u00e1nyos c\u00e9ljainak el\u00e9r\u00e9s\u00e9ben. Ha \u00d6n <b>A legjobb 23-MDPV kaphat\u00f3<\/b> keresnek, mi nem csak egy term\u00e9ket k\u00edn\u00e1lunk, hanem a term\u00e9k min\u0151s\u00e9g\u00e9be vetett bizalmat is. Meg\u00e9rtj\u00fck a kutat\u00f3k el\u0151tt \u00e1ll\u00f3 kih\u00edv\u00e1sokat, \u00e9s arra t\u00f6reksz\u00fcnk, hogy ezeket els\u0151 oszt\u00e1ly\u00fa vegyi anyagok biztos\u00edt\u00e1s\u00e1val enyh\u00edts\u00fck. Ez\u00e9rt a Chemgramx megh\u00edvja \u00d6nt, hogy profit\u00e1ljon szak\u00e9rtelm\u00fcnkb\u0151l \u00e9s a kiv\u00e1l\u00f3s\u00e1g ir\u00e1nti elk\u00f6telezetts\u00e9g\u00fcnkb\u0151l. Tudja meg, mi\u00e9rt b\u00edznak benn\u00fcnk oly sok kutat\u00f3, amikor <b>Rendeljen 23-MDPV-t online<\/b>.<\/p>\n<h3>Tov\u00e1bbi kutat\u00e1si anyagok a Chemgramx oldalon<\/h3>\n<p>A tudom\u00e1ny ir\u00e1nti elk\u00f6telezetts\u00e9g\u00fcnk t\u00falmutat az egyes term\u00e9keken. A Chemgramx sz\u00e1mos, k\u00fcl\u00f6nb\u00f6z\u0151 kutat\u00e1si ter\u00fcleteken relev\u00e1ns vegyszert k\u00edn\u00e1l. Fedezze fel k\u00edn\u00e1latunkat! <a href=\"https:\/\/chemgramx.com\/product\/23-mdpv-online-kaufen\/\">speci\u00e1lis kapcsolatok<\/a>, amelyek el\u0151seg\u00edthetik kutat\u00e1si projektjeit. Folyamatosan dolgozunk k\u00edn\u00e1latunk b\u0151v\u00edt\u00e9s\u00e9n, hogy megfelelj\u00fcnk a tudom\u00e1nyos kutat\u00e1s v\u00e1ltoz\u00f3 ig\u00e9nyeinek. Ez\u00e9rt javasoljuk, hogy rendszeresen l\u00e1togassa meg weboldalunkat, hogy naprak\u00e9sz legyen leg\u00fajabb term\u00e9keinkr\u0151l \u00e9s aj\u00e1nlatainkr\u00f3l. C\u00e9lunk, hogy t\u00e1mogassuk tudom\u00e1nyos \u00e1tt\u00f6r\u00e9seit.<\/p>\n<h2>Elk\u00f6telezetts\u00e9g a tisztas\u00e1g \u00e9s a tudom\u00e1nyos integrit\u00e1s ir\u00e1nt<\/h2>\n<p>A Chemgramx-n\u00e1l tudjuk, hogy a tudom\u00e1nyos integrit\u00e1s a felhaszn\u00e1lt anyagok min\u0151s\u00e9g\u00e9n alapul. Ez\u00e9rt elk\u00f6telezt\u00fck magunkat, hogy \u00d6nnek <b>Hiteles 23-MDPV<\/b> szigor\u00fa tisztas\u00e1gi el\u0151\u00edr\u00e1soknak megfelel\u0151 term\u00e9keket k\u00edn\u00e1lunk. Ha \u00d6n <b>Magas tisztas\u00e1g\u00fa 23-MDPV elad\u00f3<\/b> sz\u00fcks\u00e9g\u00fck van, b\u00edzhatnak szigor\u00fa tesztel\u00e9si elj\u00e1r\u00e1sainkban. Minden l\u00e9p\u00e9st, a szint\u00e9zist\u0151l a t\u00f6lt\u00e9sig, gondosan figyelemmel k\u00eds\u00e9r\u00fcnk. \u00cdgy biztos lehet benne, hogy a kapott term\u00e9k a legig\u00e9nyesebb alkalmaz\u00e1sokhoz is alkalmas. B\u00edzzon a Chemgramx-ban, ha p\u00e1ratlan min\u0151s\u00e9get \u00e9s megb\u00edzhat\u00f3s\u00e1got keres a kutat\u00e1shoz.<\/p>\n<table>\n<caption>Chemgramx 23-MDPV Term\u00e9kadatok<\/caption>\n<tr>\n<th>jellemz\u0151<\/th>\n<th>A le\u00edr\u00e1s a<\/th>\n<\/tr>\n<tr>\n<td>Term\u00e9k neve<\/td>\n<td>23-MDPV<\/td>\n<\/tr>\n<tr>\n<td>Tisztas\u00e1g<\/td>\n<td><b>99%<\/b> minimum<\/td>\n<\/tr>\n<tr>\n<td>min\u0151s\u00e9gi szint<\/td>\n<td><b>Kutat\u00e1si min\u0151s\u00e9g<\/b>, <b>Laborat\u00f3riumi min\u0151s\u00e9g<\/b><\/td>\n<\/tr>\n<tr>\n<td>Alkalmaz\u00e1s<\/td>\n<td>Kutat\u00e1s \u00e9s fejleszt\u00e9s, analitikai szabv\u00e1nyok<\/td>\n<\/tr>\n<tr>\n<td>El\u00e9rhet\u0151s\u00e9g<\/td>\n<td><b>V\u00e1s\u00e1roljon 23-MDPV-t online<\/b><\/td>\n<\/tr>\n<\/table>\n<p>Mindig arra t\u00f6reksz\u00fcnk, hogy meghaladjuk \u00fcgyfeleink elv\u00e1r\u00e1sait. Ha \u00d6n <b>Rendeljen 23-MDPV-t online<\/b> Ha feladja, v\u00e1lasszon egy olyan szolg\u00e1ltat\u00f3t, amely elk\u00f6telezett a kiv\u00e1l\u00f3s\u00e1g ir\u00e1nt. Ez\u00e9rt a Chemgramx a megb\u00edzhat\u00f3 partnere minden kutat\u00e1si vegyi anyaggal kapcsolatos ig\u00e9ny\u00e9nek. Fedezze fel a min\u0151s\u00e9g \u00e1ltal ny\u00fajtott k\u00fcl\u00f6nbs\u00e9get, \u00e9s \u00e9lvezze az els\u0151 oszt\u00e1ly\u00fa szolg\u00e1ltat\u00e1st. \u00d6r\u00f6mmel t\u00e1mogatjuk \u00d6nt tudom\u00e1nyos t\u00f6rekv\u00e9seiben.<\/p>","protected":false},"excerpt":{"rendered":"<p>Nagy tisztas\u00e1g <b>23-MDPV<\/b> (<b>99%<\/b> Tisztas\u00e1g), el\u00e9rhet\u0151 <b>Kutat\u00e1si min\u0151s\u00e9g<\/b> \u00e9s <b>Laborat\u00f3riumi min\u0151s\u00e9g<\/b>. Ide\u00e1lis ig\u00e9nyes kutat\u00e1si alkalmaz\u00e1sokhoz. Tapasztalja meg <b>Kiv\u00e1l\u00f3 min\u0151s\u00e9g\u0171 23-MDPV<\/b> \u00e9s <b>Biztons\u00e1gos v\u00e1s\u00e1rl\u00e1s<\/b>. Rendeljen <b>23-MDPV online<\/b> a Chemgramx-n\u00e1l.<\/p>","protected":false},"featured_media":8426,"comment_status":"open","ping_status":"closed","template":"","meta":{"_joinchat":[]},"product_brand":[],"product_cat":[48],"product_tag":[2548,2552,2550,2556,2549,2555,2551,2553,2554,2015],"class_list":{"0":"post-8390","1":"product","2":"type-product","3":"status-publish","4":"has-post-thumbnail","6":"product_cat-stimulants","7":"product_tag-23-mdpv-kaufen","8":"product_tag-23-mdpv-kaufen-deutschland","9":"product_tag-23-mdpv-kristalle","10":"product_tag-23-mdpv-kristalle-kaufen","11":"product_tag-23-mdpv-online","12":"product_tag-23-mdpv-online-kaufen","13":"product_tag-23-mdpv-pulver","14":"product_tag-23-mdpv-research-chemical","15":"product_tag-23-mdpv-zum-verkauf","16":"product_tag-synthetische-drogen","18":"first","19":"instock","20":"shipping-taxable","21":"purchasable","22":"product-type-variable"},"yoast_head":"<!-- This site is optimized with the Yoast SEO plugin v27.5 - https:\/\/yoast.com\/product\/yoast-seo-wordpress\/ -->\n<title>23-MDPV Online Kaufen<\/title>\n<meta name=\"description\" content=\"Entdecken Sie 23-MDPV in Top-Qualit\u00e4t f\u00fcr Ihre Forschung. Sichere Beschaffung und h\u00f6chste Reinheit. Jetzt 23-MDPV online kaufen.\" \/>\n<meta name=\"robots\" content=\"index, follow, max-snippet:-1, max-image-preview:large, max-video-preview:-1\" \/>\n<link rel=\"canonical\" href=\"https:\/\/chemgramx.com\/hu\/termek-1\/23-mdpv-online-vasarlas\/\" \/>\n<meta property=\"og:locale\" content=\"hu_HU\" \/>\n<meta property=\"og:type\" content=\"article\" \/>\n<meta property=\"og:title\" content=\"23-MDPV Online Kaufen\" \/>\n<meta property=\"og:description\" content=\"Entdecken Sie 23-MDPV in Top-Qualit\u00e4t f\u00fcr Ihre Forschung. Sichere Beschaffung und h\u00f6chste Reinheit. Jetzt 23-MDPV online kaufen.\" \/>\n<meta property=\"og:url\" content=\"https:\/\/chemgramx.com\/hu\/termek-1\/23-mdpv-online-vasarlas\/\" \/>\n<meta property=\"og:site_name\" content=\"Chemgramx\" \/>\n<meta property=\"article:modified_time\" content=\"2025-12-09T09:56:56+00:00\" \/>\n<meta property=\"og:image\" content=\"https:\/\/chemgramx.com\/wp-content\/uploads\/2025\/11\/2-3md.png\" \/>\n\t<meta property=\"og:image:width\" content=\"600\" \/>\n\t<meta property=\"og:image:height\" content=\"400\" \/>\n\t<meta property=\"og:image:type\" content=\"image\/png\" \/>\n<meta name=\"twitter:card\" content=\"summary_large_image\" \/>\n<meta name=\"twitter:label1\" content=\"Becs\u00fclt olvas\u00e1si id\u0151\" \/>\n\t<meta name=\"twitter:data1\" content=\"4 perc\" \/>\n<script type=\"application\/ld+json\" class=\"yoast-schema-graph\">{\"@context\":\"https:\\\/\\\/schema.org\",\"@graph\":[{\"@type\":\"WebPage\",\"@id\":\"https:\\\/\\\/chemgramx.com\\\/product\\\/23-mdpv-online-kaufen\\\/\",\"url\":\"https:\\\/\\\/chemgramx.com\\\/product\\\/23-mdpv-online-kaufen\\\/\",\"name\":\"23-MDPV Online Kaufen\",\"isPartOf\":{\"@id\":\"https:\\\/\\\/chemgramx.com\\\/#website\"},\"primaryImageOfPage\":{\"@id\":\"https:\\\/\\\/chemgramx.com\\\/product\\\/23-mdpv-online-kaufen\\\/#primaryimage\"},\"image\":{\"@id\":\"https:\\\/\\\/chemgramx.com\\\/product\\\/23-mdpv-online-kaufen\\\/#primaryimage\"},\"thumbnailUrl\":\"https:\\\/\\\/chemgramx.com\\\/wp-content\\\/uploads\\\/2025\\\/11\\\/2-3md.png\",\"datePublished\":\"2025-11-21T18:18:29+00:00\",\"dateModified\":\"2025-12-09T09:56:56+00:00\",\"description\":\"Entdecken Sie 23-MDPV in Top-Qualit\u00e4t f\u00fcr Ihre Forschung. Sichere Beschaffung und h\u00f6chste Reinheit. Jetzt 23-MDPV online kaufen.\",\"breadcrumb\":{\"@id\":\"https:\\\/\\\/chemgramx.com\\\/product\\\/23-mdpv-online-kaufen\\\/#breadcrumb\"},\"inLanguage\":\"hu\",\"potentialAction\":[{\"@type\":\"ReadAction\",\"target\":[\"https:\\\/\\\/chemgramx.com\\\/product\\\/23-mdpv-online-kaufen\\\/\"]}]},{\"@type\":\"ImageObject\",\"inLanguage\":\"hu\",\"@id\":\"https:\\\/\\\/chemgramx.com\\\/product\\\/23-mdpv-online-kaufen\\\/#primaryimage\",\"url\":\"https:\\\/\\\/chemgramx.com\\\/wp-content\\\/uploads\\\/2025\\\/11\\\/2-3md.png\",\"contentUrl\":\"https:\\\/\\\/chemgramx.com\\\/wp-content\\\/uploads\\\/2025\\\/11\\\/2-3md.png\",\"width\":600,\"height\":400},{\"@type\":\"BreadcrumbList\",\"@id\":\"https:\\\/\\\/chemgramx.com\\\/product\\\/23-mdpv-online-kaufen\\\/#breadcrumb\",\"itemListElement\":[{\"@type\":\"ListItem\",\"position\":1,\"name\":\"Home\",\"item\":\"https:\\\/\\\/chemgramx.com\\\/\"},{\"@type\":\"ListItem\",\"position\":2,\"name\":\"Shop\",\"item\":\"https:\\\/\\\/chemgramx.com\\\/shop\\\/\"},{\"@type\":\"ListItem\",\"position\":3,\"name\":\"23-MDPV Online Kaufen\"}]},{\"@type\":\"WebSite\",\"@id\":\"https:\\\/\\\/chemgramx.com\\\/#website\",\"url\":\"https:\\\/\\\/chemgramx.com\\\/\",\"name\":\"Chemgramx\",\"description\":\"\",\"publisher\":{\"@id\":\"https:\\\/\\\/chemgramx.com\\\/#organization\"},\"potentialAction\":[{\"@type\":\"SearchAction\",\"target\":{\"@type\":\"EntryPoint\",\"urlTemplate\":\"https:\\\/\\\/chemgramx.com\\\/?s={search_term_string}\"},\"query-input\":{\"@type\":\"PropertyValueSpecification\",\"valueRequired\":true,\"valueName\":\"search_term_string\"}}],\"inLanguage\":\"hu\"},{\"@type\":\"Organization\",\"@id\":\"https:\\\/\\\/chemgramx.com\\\/#organization\",\"name\":\"Chemgramx\",\"url\":\"https:\\\/\\\/chemgramx.com\\\/\",\"logo\":{\"@type\":\"ImageObject\",\"inLanguage\":\"hu\",\"@id\":\"https:\\\/\\\/chemgramx.com\\\/#\\\/schema\\\/logo\\\/image\\\/\",\"url\":\"https:\\\/\\\/chemgramx.com\\\/wp-content\\\/uploads\\\/2024\\\/10\\\/final-logo.png\",\"contentUrl\":\"https:\\\/\\\/chemgramx.com\\\/wp-content\\\/uploads\\\/2024\\\/10\\\/final-logo.png\",\"width\":250,\"height\":48,\"caption\":\"Chemgramx\"},\"image\":{\"@id\":\"https:\\\/\\\/chemgramx.com\\\/#\\\/schema\\\/logo\\\/image\\\/\"}}]}<\/script>\n<!-- \/ Yoast SEO plugin. -->","yoast_head_json":{"title":"V\u00e1s\u00e1roljon 23-MDPV-t online","description":"Fedezze fel a kiv\u00e1l\u00f3 min\u0151s\u00e9g\u0171 23-MDPV-t kutat\u00e1si c\u00e9lokra. Biztons\u00e1gos beszerz\u00e9s \u00e9s a legmagasabb tisztas\u00e1g. V\u00e1s\u00e1roljon most 23-MDPV-t online.","robots":{"index":"index","follow":"follow","max-snippet":"max-snippet:-1","max-image-preview":"max-image-preview:large","max-video-preview":"max-video-preview:-1"},"canonical":"https:\/\/chemgramx.com\/hu\/termek-1\/23-mdpv-online-vasarlas\/","og_locale":"hu_HU","og_type":"article","og_title":"23-MDPV Online Kaufen","og_description":"Entdecken Sie 23-MDPV in Top-Qualit\u00e4t f\u00fcr Ihre Forschung. Sichere Beschaffung und h\u00f6chste Reinheit. Jetzt 23-MDPV online kaufen.","og_url":"https:\/\/chemgramx.com\/hu\/termek-1\/23-mdpv-online-vasarlas\/","og_site_name":"Chemgramx","article_modified_time":"2025-12-09T09:56:56+00:00","og_image":[{"width":600,"height":400,"url":"https:\/\/chemgramx.com\/wp-content\/uploads\/2025\/11\/2-3md.png","type":"image\/png"}],"twitter_card":"summary_large_image","twitter_misc":{"Becs\u00fclt olvas\u00e1si id\u0151":"4 perc"},"schema":{"@context":"https:\/\/schema.org","@graph":[{"@type":"WebPage","@id":"https:\/\/chemgramx.com\/product\/23-mdpv-online-kaufen\/","url":"https:\/\/chemgramx.com\/product\/23-mdpv-online-kaufen\/","name":"V\u00e1s\u00e1roljon 23-MDPV-t online","isPartOf":{"@id":"https:\/\/chemgramx.com\/#website"},"primaryImageOfPage":{"@id":"https:\/\/chemgramx.com\/product\/23-mdpv-online-kaufen\/#primaryimage"},"image":{"@id":"https:\/\/chemgramx.com\/product\/23-mdpv-online-kaufen\/#primaryimage"},"thumbnailUrl":"https:\/\/chemgramx.com\/wp-content\/uploads\/2025\/11\/2-3md.png","datePublished":"2025-11-21T18:18:29+00:00","dateModified":"2025-12-09T09:56:56+00:00","description":"Fedezze fel a kiv\u00e1l\u00f3 min\u0151s\u00e9g\u0171 23-MDPV-t kutat\u00e1si c\u00e9lokra. Biztons\u00e1gos beszerz\u00e9s \u00e9s a legmagasabb tisztas\u00e1g. V\u00e1s\u00e1roljon most 23-MDPV-t online.","breadcrumb":{"@id":"https:\/\/chemgramx.com\/product\/23-mdpv-online-kaufen\/#breadcrumb"},"inLanguage":"hu","potentialAction":[{"@type":"ReadAction","target":["https:\/\/chemgramx.com\/product\/23-mdpv-online-kaufen\/"]}]},{"@type":"ImageObject","inLanguage":"hu","@id":"https:\/\/chemgramx.com\/product\/23-mdpv-online-kaufen\/#primaryimage","url":"https:\/\/chemgramx.com\/wp-content\/uploads\/2025\/11\/2-3md.png","contentUrl":"https:\/\/chemgramx.com\/wp-content\/uploads\/2025\/11\/2-3md.png","width":600,"height":400},{"@type":"BreadcrumbList","@id":"https:\/\/chemgramx.com\/product\/23-mdpv-online-kaufen\/#breadcrumb","itemListElement":[{"@type":"ListItem","position":1,"name":"Home","item":"https:\/\/chemgramx.com\/"},{"@type":"ListItem","position":2,"name":"Shop","item":"https:\/\/chemgramx.com\/shop\/"},{"@type":"ListItem","position":3,"name":"23-MDPV Online Kaufen"}]},{"@type":"WebSite","@id":"https:\/\/chemgramx.com\/#website","url":"https:\/\/chemgramx.com\/","name":"Chemgramx","description":"","publisher":{"@id":"https:\/\/chemgramx.com\/#organization"},"potentialAction":[{"@type":"SearchAction","target":{"@type":"EntryPoint","urlTemplate":"https:\/\/chemgramx.com\/?s={search_term_string}"},"query-input":{"@type":"PropertyValueSpecification","valueRequired":true,"valueName":"search_term_string"}}],"inLanguage":"hu"},{"@type":"Organization","@id":"https:\/\/chemgramx.com\/#organization","name":"Chemgramx","url":"https:\/\/chemgramx.com\/","logo":{"@type":"ImageObject","inLanguage":"hu","@id":"https:\/\/chemgramx.com\/#\/schema\/logo\/image\/","url":"https:\/\/chemgramx.com\/wp-content\/uploads\/2024\/10\/final-logo.png","contentUrl":"https:\/\/chemgramx.com\/wp-content\/uploads\/2024\/10\/final-logo.png","width":250,"height":48,"caption":"Chemgramx"},"image":{"@id":"https:\/\/chemgramx.com\/#\/schema\/logo\/image\/"}}]}},"_links":{"self":[{"href":"https:\/\/chemgramx.com\/hu\/wp-json\/wp\/v2\/product\/8390","targetHints":{"allow":["GET"]}}],"collection":[{"href":"https:\/\/chemgramx.com\/hu\/wp-json\/wp\/v2\/product"}],"about":[{"href":"https:\/\/chemgramx.com\/hu\/wp-json\/wp\/v2\/types\/product"}],"replies":[{"embeddable":true,"href":"https:\/\/chemgramx.com\/hu\/wp-json\/wp\/v2\/comments?post=8390"}],"wp:featuredmedia":[{"embeddable":true,"href":"https:\/\/chemgramx.com\/hu\/wp-json\/wp\/v2\/media\/8426"}],"wp:attachment":[{"href":"https:\/\/chemgramx.com\/hu\/wp-json\/wp\/v2\/media?parent=8390"}],"wp:term":[{"taxonomy":"product_brand","embeddable":true,"href":"https:\/\/chemgramx.com\/hu\/wp-json\/wp\/v2\/product_brand?post=8390"},{"taxonomy":"product_cat","embeddable":true,"href":"https:\/\/chemgramx.com\/hu\/wp-json\/wp\/v2\/product_cat?post=8390"},{"taxonomy":"product_tag","embeddable":true,"href":"https:\/\/chemgramx.com\/hu\/wp-json\/wp\/v2\/product_tag?post=8390"}],"curies":[{"name":"wp","href":"https:\/\/api.w.org\/{rel}","templated":true}]}}