{"id":8393,"date":"2025-11-21T18:18:29","date_gmt":"2025-11-21T18:18:29","guid":{"rendered":"https:\/\/chemgramx.com\/?post_type=product&#038;p=8393"},"modified":"2025-12-09T10:06:02","modified_gmt":"2025-12-09T10:06:02","slug":"vasaroljon-4-mmc-mefedron-online","status":"publish","type":"product","link":"https:\/\/chemgramx.com\/hu\/product\/4-mmc-mephedrone-online-kaufen\/","title":{"rendered":"4 MMC v\u00e1s\u00e1rl\u00e1s \u2013 Magas tisztas\u00e1g\u00fa \u00e9s laborat\u00f3riumi min\u0151s\u00e9g\u0171"},"content":{"rendered":"<p>Ig\u00e9nyes kutat\u00f3k sz\u00e1m\u00e1ra, akik <b>hiteles mefedron<\/b> keres, a Chemgramx els\u0151 oszt\u00e1ly\u00fa megold\u00e1st k\u00edn\u00e1l. Ha <b>4 MMC elad\u00f3<\/b> legszebb form\u00e1j\u00e1ban, akkor n\u00e1lunk j\u00f3 helyen j\u00e1r. Ez a term\u00e9k kifejezetten tudom\u00e1nyos c\u00e9lokra lett kifejlesztve, \u00e9s garant\u00e1lja a legmagasabb sz\u00ednvonal\u00fa kutat\u00e1st. <b>Kutat\u00e1si min\u0151s\u00e9g elad\u00f3<\/b> megtal\u00e1lni m\u00e9g soha nem volt ilyen egyszer\u0171 \u00e9s megb\u00edzhat\u00f3.<\/p>\n<p>Tiszt\u00e1ban vagyunk a pontos eredm\u00e9nyek fontoss\u00e1g\u00e1val a tudom\u00e1nyos munk\u00e1ban. Ez\u00e9rt 4 MMC term\u00e9k\u00fcnk, m\u00e1s n\u00e9ven mefedron, kiv\u00e9teles tisztas\u00e1g\u00fa. Ide\u00e1lis v\u00e1laszt\u00e1s laborat\u00f3riumok \u00e9s kutat\u00f3int\u00e9zetek sz\u00e1m\u00e1ra, amelyeknek t\u00e1maszkodniuk kell k\u00eds\u00e9rleteik integrit\u00e1s\u00e1ra. \u00cdgy biztos lehet benne, hogy olyan term\u00e9ket kap, amely megfelel magas k\u00f6vetelm\u00e9nyeinek.<\/p>\n<h2>Mi az a 4-MMC (mefedron)?<\/h2>\n<p>A 4-metilmetkatinon, ismertebb nev\u00e9n mefedron vagy 4-MMC, a katinonok oszt\u00e1ly\u00e1ba tartoz\u00f3 szintetikus vegyi vegy\u00fclet. El\u0151sz\u00f6r 1929-ben \u00e1ll\u00edtott\u00e1k el\u0151, de csak a 21. sz\u00e1zadban kapott nagyobb figyelmet a kutat\u00f3k k\u00f6r\u00e9ben. A mefedron szerkezetileg szorosan kapcsol\u00f3dik m\u00e1s stimul\u00e1nsokhoz, \u00e9s metilezett ketonszerkezet\u00e9vel t\u0171nik ki.<\/p>\n<p>A kutat\u00e1sban a 4-MMC \u00e9rt\u00e9kes eszk\u00f6zk\u00e9nt szolg\u00e1l specifikus neurok\u00e9miai folyamatok vizsg\u00e1lat\u00e1hoz. Lehet\u0151v\u00e9 teszi a tud\u00f3sok sz\u00e1m\u00e1ra, hogy jobban meg\u00e9rts\u00e9k az agyban zajl\u00f3 komplex neurotranszmitter-interakci\u00f3kat. Ennek k\u00f6vetkezt\u00e9ben az idegtudom\u00e1nyok \u00e9s a farmakol\u00f3gia ter\u00fclet\u00e9n folyamatosan n\u00f6vekszik az \u00e9rdekl\u0151d\u00e9s e vegy\u00fclet ir\u00e1nt. Ez\u00e9rt n\u00e1lunk <b>4 MMC online megrendel\u00e9s<\/b>, amelyet kifejezetten erre a c\u00e9lra k\u00e9sz\u00edtettek el\u0151.<\/p>\n<h2>A 4-MMC k\u00e9miai \u00f6sszet\u00e9tele<\/h2>\n<p>A 4-MMC k\u00e9miai k\u00e9plete C<sub>11<\/sub>H<sub>15<\/sub>NEM. Feh\u00e9r, krist\u00e1lyos por, amely \u00e1ltal\u00e1ban hidroklorid s\u00f3 form\u00e1j\u00e1ban fordul el\u0151. Mol\u00e1ris t\u00f6mege k\u00f6r\u00fclbel\u00fcl 177,24 g\/mol. K\u00fcl\u00f6nlegess\u00e9ge a fenilgy\u0171r\u0171 4. poz\u00edci\u00f3j\u00e1ban tal\u00e1lhat\u00f3 metilcsoport \u00e9s a ketonfunkci\u00f3.<\/p>\n<p>Ez a speci\u00e1lis szerkezet adja a 4-MMC-nek azokat az egyed\u00fcl\u00e1ll\u00f3 farmakol\u00f3giai tulajdons\u00e1gait, amelyek \u00e9rdekes kutat\u00e1si t\u00e1rgy\u00e1v\u00e1 teszik. Els\u0151sorban a k\u00f6zponti idegrendszer monoamin transzporterjeivel l\u00e9p k\u00f6lcs\u00f6nhat\u00e1sba. K\u00fcl\u00f6n\u00f6sen a dopamin, a noradrenalin \u00e9s a szerotonin felszabadul\u00e1s\u00e1t befoly\u00e1solja, ami fontos kutat\u00e1si t\u00e1rgy\u00e1v\u00e1 teszi. A m\u00e9lyebb elemz\u00e9sekhez rendelkez\u00e9sre \u00e1ll a <b>kiv\u00e1l\u00f3 min\u0151s\u00e9g\u0171 4 MMC<\/b> ez\u00e9rt az els\u0151 v\u00e1laszt\u00e1s.<\/p>\n<h2>Alkalmaz\u00e1sok a kutat\u00e1sban<\/h2>\n<p>A 4-MMC sz\u00e9les k\u00f6rben alkalmazott preklinikai vizsg\u00e1latokban, k\u00fcl\u00f6n\u00f6sen a neurofarmakol\u00f3gi\u00e1ban \u00e9s a toxikol\u00f3gi\u00e1ban. A kutat\u00f3k stimul\u00e1nsok viselked\u00e9sre \u00e9s fiziol\u00f3gi\u00e1ra gyakorolt hat\u00e1s\u00e1nak szimul\u00e1l\u00e1s\u00e1ra haszn\u00e1lj\u00e1k. Hasonl\u00f3k\u00e9ppen, a neurotranszmitterek felszabadul\u00e1s\u00e1nak \u00e9s visszav\u00e9tel\u00e9nek mechanizmusait is r\u00e9szletesen vizsg\u00e1lj\u00e1k.<\/p>\n<p>Ezenk\u00edv\u00fcl a 4-MMC ide\u00e1lis in vitro k\u00eds\u00e9rletekhez, amelyek sor\u00e1n a sejtkult\u00far\u00e1kra vagy receptorokra gyakorolt hat\u00e1st elemzik. Seg\u00edt tov\u00e1bb\u00e1 a stimul\u00e1nsok hat\u00e1s\u00e1nak \u00e9rt\u00e9kel\u00e9s\u00e9hez sz\u00fcks\u00e9ges potenci\u00e1lis biomarkerek azonos\u00edt\u00e1s\u00e1ban is. Ennek k\u00f6vetkezt\u00e9ben sz\u00e1mos modern kutat\u00f3laborat\u00f3riumban elengedhetetlen reagensnek sz\u00e1m\u00edt. Ha ezt a <b>a legjobb 4 MMC el\u00e9rhet\u0151<\/b> k\u00eds\u00e9rleteihez haszn\u00e1lni szeretn\u00e9, akkor term\u00e9k\u00fcnk az optim\u00e1lis v\u00e1laszt\u00e1s.<\/p>\n<p>A 4-MMC sokoldal\u00fas\u00e1ga lehet\u0151v\u00e9 teszi k\u00fcl\u00f6nb\u00f6z\u0151 kutat\u00e1si k\u00e9rd\u00e9sek megv\u00e1laszol\u00e1s\u00e1t, az alapkutat\u00e1sokt\u00f3l az alkalmazott tanulm\u00e1nyokig. \u00cdgy jelent\u0151sen hozz\u00e1j\u00e1rul a komplex neurobiol\u00f3giai rendszerekr\u0151l sz\u00f3l\u00f3 ismereteink b\u0151v\u00edt\u00e9s\u00e9hez. V\u00e1s\u00e1roljon <b>Magas tisztas\u00e1g\u00fa term\u00e9kek elad\u00f3<\/b>, hogy \u00e9rv\u00e9nyes\u00edtse kutat\u00e1si eredm\u00e9nyeit.<\/p>\n<h2>Mi\u00e9rt v\u00e1lassza a Chemgramx-ot a 4-MMC-hez?<\/h2>\n<p>A Chemgramx-n\u00e1l nagy hangs\u00falyt fektet\u00fcnk a min\u0151s\u00e9gre \u00e9s a tisztas\u00e1gra. Minden 4-MMC-t\u00e9tel\u00fcnk szigor\u00fa laborat\u00f3riumi teszteknek vetj\u00fck al\u00e1, hogy biztos\u00edtsuk a 98% feletti tisztas\u00e1got. Ez garant\u00e1lja, hogy kutat\u00e1si eredm\u00e9nyeit ne torz\u00edts\u00e1k szennyez\u0151d\u00e9sek. Ez\u00e9rt c\u00e9lunk, hogy \u00d6nnek a <b>a legjobb 4 MMC el\u00e9rhet\u0151<\/b> k\u00edn\u00e1lni.<\/p>\n<p>Elk\u00f6telezettek vagyunk a \u00e1tl\u00e1that\u00f3s\u00e1g \u00e9s a tudom\u00e1nyos integrit\u00e1s ir\u00e1nt. Term\u00e9keinket ellen\u0151rz\u00f6tt k\u00f6r\u00fclm\u00e9nyek k\u00f6z\u00f6tt t\u00e1roljuk \u00e9s gondosan feldolgozzuk, hogy meg\u0151rizz\u00fck stabilit\u00e1sukat. \u00cdgy \u00d6n minden v\u00e1s\u00e1rl\u00e1sn\u00e1l biztos lehet a term\u00e9kek \u00e1lland\u00f3s\u00e1g\u00e1ban \u00e9s megb\u00edzhat\u00f3s\u00e1g\u00e1ban. Egy <b>Biztons\u00e1gos v\u00e1s\u00e1rl\u00e1s<\/b> sz\u00e1munkra az els\u0151 helyen \u00e1ll.<\/p>\n<p>Ezen t\u00falmen\u0151en t\u00e1mogatjuk a kutat\u00f3i k\u00f6z\u00f6ss\u00e9get azzal, hogy egyszer\u0171 hozz\u00e1f\u00e9r\u00e9st biztos\u00edtunk <b>Laborat\u00f3riumi min\u0151s\u00e9g\u0171 term\u00e9kek elad\u00f3<\/b> k\u00edn\u00e1lunk. B\u00edzzon a Chemgramx-ban, ha <b>hiteles 4 MMC<\/b> szakmai ig\u00e9nyeinek megfelel\u0151t. \u00d6n <a href=\"https:\/\/chemgramx.com\/product\/4-mmc-mephedrone-online-kaufen\/\">ez a nagy tisztas\u00e1g\u00fa 4 MMC<\/a> egyszer\u0171en \u00e9s megb\u00edzhat\u00f3an beszerezhet\u0151.<\/p>\n<p>Kiv\u00e1l\u00f3 szolg\u00e1ltat\u00e1saink \u00e9s term\u00e9kmin\u0151s\u00e9g\u00fcnk ir\u00e1nti elk\u00f6telezetts\u00e9g\u00fcnknek k\u00f6sz\u00f6nhet\u0151en vil\u00e1gszerte a tud\u00f3sok kedvelt partnere vagyunk. B\u00fcszk\u00e9k vagyunk arra, hogy tudom\u00e1nyos felfedez\u00e9seik elengedhetetlen r\u00e9sz\u00e9t k\u00e9pezz\u00fck. R\u00f6viden:, <b>v\u00e1s\u00e1rolja meg a Chemgramx-n\u00e1l<\/b> a biztos tudat, hogy kiv\u00e1l\u00f3 min\u0151s\u00e9g\u0171 anyagokkal dolgozunk.<\/p>\n<h2>Kezel\u00e9si \u00e9s t\u00e1rol\u00e1si ir\u00e1nyelvek<\/h2>\n<p>A 4-MMC felel\u0151ss\u00e9gteljes kezel\u00e9se elengedhetetlen a laborat\u00f3rium biztons\u00e1ga \u00e9s a term\u00e9k integrit\u00e1sa szempontj\u00e1b\u00f3l. Mindig megfelel\u0151 egy\u00e9ni v\u00e9d\u0151felszerel\u00e9st kell viselni, p\u00e9ld\u00e1ul keszty\u0171t, v\u00e9d\u0151szem\u00fcveget \u00e9s laborat\u00f3riumi k\u00f6penyt. Ezenk\u00edv\u00fcl elengedhetetlen a munkahely megfelel\u0151 szell\u0151z\u00e9se, hogy elker\u00fclhet\u0151 legyen a por bel\u00e9legz\u00e9se.<\/p>\n<p>Az optim\u00e1lis t\u00e1rol\u00e1s \u00e9rdek\u00e9ben aj\u00e1nlatos a 4-MMC-t szorosan lez\u00e1rt tart\u00e1lyban, h\u0171v\u00f6s, sz\u00e1raz \u00e9s f\u00e9nyt\u0151l v\u00e9dett helyen t\u00e1rolni. Ez maximaliz\u00e1lja a k\u00e9miai stabilit\u00e1st \u00e9s meg\u0151rzi a tisztas\u00e1got hosszabb ideig. Ker\u00fclje az extr\u00e9m h\u0151m\u00e9rs\u00e9kletet \u00e9s p\u00e1ratartalmat, hogy megakad\u00e1lyozza az anyag leboml\u00e1s\u00e1t.<\/p>\n<p>Az \u00f6sszes marad\u00e9kot \u00e9s csomagol\u00f3anyagot a k\u00e9miai hullad\u00e9kokra vonatkoz\u00f3 helyi \u00e9s orsz\u00e1gos el\u0151\u00edr\u00e1soknak megfelel\u0151en \u00e1rtalmatlan\u00edtsa. A gondos kezel\u00e9s nemcsak a biztons\u00e1got, hanem a laborat\u00f3riumi gyakorlatok k\u00f6rnyezetbar\u00e1t jelleg\u00e9t is garant\u00e1lja. \u00cdgy hozz\u00e1j\u00e1rul a felel\u0151ss\u00e9gteljes tudom\u00e1nyos munk\u00e1hoz.<\/p>\n<h2>M\u0171szaki specifik\u00e1ci\u00f3k<\/h2>\n<p>Az al\u00e1bbi t\u00e1bl\u00e1zat \u00f6sszefoglalja a 4-MMC legfontosabb m\u0171szaki adatait. Ezek az inform\u00e1ci\u00f3k d\u00f6nt\u0151 fontoss\u00e1g\u00faak k\u00eds\u00e9rleteinek tervez\u00e9s\u00e9hez \u00e9s v\u00e9grehajt\u00e1s\u00e1hoz, \u00e9s biztos\u00edtj\u00e1k a kompatibilit\u00e1st kutat\u00e1si protokolljaival.<\/p>\n<table>\n<thead>\n<tr>\n<th>Tulajdons\u00e1g<\/th>\n<th>\u00e9rt\u00e9k<\/th>\n<\/tr>\n<\/thead>\n<tbody>\n<tr>\n<td>K\u00e9miai megnevez\u00e9s<\/td>\n<td>4-metilmetkatinon (mefedron)<\/td>\n<\/tr>\n<tr>\n<td>CAS-sz\u00e1m<\/td>\n<td>1189805-46-6 (szabad b\u00e1zis-hidroklorid)<\/td>\n<\/tr>\n<tr>\n<td>K\u00e9miai k\u00e9plet<\/td>\n<td>C<sub>11<\/sub>H<sub>15<\/sub>NO<\/td>\n<\/tr>\n<tr>\n<td>mol\u00e1ris t\u00f6meg<\/td>\n<td>177,24 g\/mol<\/td>\n<\/tr>\n<tr>\n<td>Tisztas\u00e1g<\/td>\n<td>&gt;98%<\/td>\n<\/tr>\n<tr>\n<td>Megjelen\u00e9s<\/td>\n<td>Feh\u00e9r, krist\u00e1lyos por<\/td>\n<\/tr>\n<\/tbody>\n<\/table>\n<h2>Jogi \u00e9s etikai megfontol\u00e1sok<\/h2>\n<p>A 4-MMC haszn\u00e1lata szigor\u00faan tudom\u00e1nyos kutat\u00e1si c\u00e9lokra korl\u00e1toz\u00f3dik. Kifejezetten nem emberi fogyaszt\u00e1sra, ter\u00e1pi\u00e1s vagy diagnosztikai alkalmaz\u00e1sra sz\u00e1nj\u00e1k. Ez\u00e9rt minden v\u00e1s\u00e1rl\u00f3nak \u00e9s felhaszn\u00e1l\u00f3nak be kell tartania az adott orsz\u00e1g kutat\u00e1si vegyi anyagokra vonatkoz\u00f3 t\u00f6rv\u00e9nyeit \u00e9s el\u0151\u00edr\u00e1sait.<\/p>\n<p>A Chemgramx elutas\u00edt minden vissza\u00e9l\u00e9sszer\u0171 felhaszn\u00e1l\u00e1st. Elv\u00e1rjuk \u00fcgyfeleinkt\u0151l, hogy a 4-MMC-t felel\u0151ss\u00e9gteljesen \u00e9s kiz\u00e1r\u00f3lag enged\u00e9lyezett tudom\u00e1nyos projektek keret\u00e9ben haszn\u00e1lj\u00e1k. \u00cdgy k\u00f6z\u00f6sen hozz\u00e1j\u00e1rulunk a kutat\u00e1s biztons\u00e1g\u00e1hoz \u00e9s integrit\u00e1s\u00e1hoz. Ha tov\u00e1bbi <a href=\"https:\/\/chemgramx.com\/product\/2c-e-hcl-kaufen\/\">Kutat\u00e1si vegyszerek, mint p\u00e9ld\u00e1ul <b>2C-E-HCl<\/b><\/a> sz\u00fcks\u00e9g\u00fck van, azokat is megtal\u00e1lj\u00e1k a k\u00edn\u00e1latunkban.<\/p>\n<p>Ennek tiszt\u00e1z\u00e1sa \u00e9rdek\u00e9ben 4-MMC term\u00e9k\u00fcnk kiz\u00e1r\u00f3lag laborat\u00f3riumi reagensk\u00e9nt haszn\u00e1lhat\u00f3. K\u00e9rj\u00fck, gy\u0151z\u0151dj\u00f6n meg arr\u00f3l, hogy rendelkezik az ilyen anyagok kezel\u00e9s\u00e9hez sz\u00fcks\u00e9ges enged\u00e9lyekkel \u00e9s berendez\u00e9sekkel. Egy <b>Most online v\u00e1s\u00e1roljon<\/b> N\u00e1lunk ez a felt\u00e9telek elfogad\u00e1s\u00e1t jelenti.<\/p>\n<h2>K\u00f6vetkeztet\u00e9s<\/h2>\n<p>\u00d6sszefoglalva, a Chemgramx kifejezetten ig\u00e9nyes kutat\u00e1si alkalmaz\u00e1sokhoz kifejlesztett, nagy tisztas\u00e1g\u00fa 4-MMC-t (mefedront) k\u00edn\u00e1l. A min\u0151s\u00e9g, a tisztas\u00e1g \u00e9s a tudom\u00e1nyos integrit\u00e1s ir\u00e1nti elk\u00f6telezetts\u00e9g\u00fcnk ide\u00e1lis partnerr\u00e9 tesz minket az \u00d6n sz\u00e1m\u00e1ra.<\/p>\n<p>B\u00edzzon term\u00e9k\u00fcnkben, hogy k\u00eds\u00e9rletei sor\u00e1n pontos \u00e9s megb\u00edzhat\u00f3 eredm\u00e9nyeket \u00e9rjen el. Fedezze fel m\u00e9g ma az el\u0151ny\u00f6ket! <b>Kiv\u00e1l\u00f3 min\u0151s\u00e9g\u0171 4 MMC<\/b> tudom\u00e1nyos projektjeihez. C\u00e9lunk, hogy a legjobb anyagokat biztos\u00edtsuk felfedez\u00e9seihez.<\/p>\n<p><b>Rendeljen 4 MMC-t online<\/b> a Chemgramx-n\u00e1l, \u00e9s profit\u00e1ljon szak\u00e9rtelm\u00fcnkb\u0151l \u00e9s kutat\u00e1si elk\u00f6telezetts\u00e9g\u00fcnkb\u0151l. \u00d6r\u00f6mmel seg\u00edt\u00fcnk \u00d6nnek k\u00f6vetkez\u0151 tudom\u00e1nyos \u00e1tt\u00f6r\u00e9seiben.<\/p>","protected":false},"excerpt":{"rendered":"<p>Fedezze fel rendk\u00edv\u00fcl tiszta term\u00e9k\u00fcnket <b>4 MMC (mefedron)<\/b> a  oldalon. <b>Kutat\u00e1si min\u0151s\u00e9g elad\u00f3<\/b>, kifejezetten prec\u00edz tudom\u00e1nyos alkalmaz\u00e1sokhoz tervezve. V\u00e1s\u00e1rolja meg <b>hiteles 4 MMC<\/b> laborat\u00f3riumi projektjeihez. <b>Most online v\u00e1s\u00e1roljon<\/b> a Chemgramx-n\u00e1l, \u00e9s \u00e9lvezze a min\u0151s\u00e9g \u00e9s a tisztas\u00e1g ir\u00e1nti elk\u00f6telezetts\u00e9g\u00fcnk el\u0151nyeit.<\/p>","protected":false},"featured_media":8433,"comment_status":"open","ping_status":"closed","template":"","meta":{"_joinchat":[]},"product_brand":[],"product_cat":[48],"product_tag":[2496,2499,2500,2502,1627,2498,2497,2501,2503,2015],"class_list":{"0":"post-8393","1":"product","2":"type-product","3":"status-publish","4":"has-post-thumbnail","6":"product_cat-stimulants","7":"product_tag-4-mmc","8":"product_tag-4-mmc-kristalle","9":"product_tag-4-mmc-online-kaufen","10":"product_tag-4-mmc-pulver","11":"product_tag-4-mmc-kaufen","12":"product_tag-mephedrone-4-mmc","13":"product_tag-mephedrone-kaufen","14":"product_tag-mephedrone-online-kaufen","15":"product_tag-mephedrone-zum-verkauf","16":"product_tag-synthetische-drogen","18":"first","19":"instock","20":"shipping-taxable","21":"purchasable","22":"product-type-variable"},"yoast_head":"<!-- This site is optimized with the Yoast SEO plugin v27.5 - https:\/\/yoast.com\/product\/yoast-seo-wordpress\/ -->\n<title>4 MMC Kaufen \u2013 Hohe Reinheit &amp; Laborqualit\u00e4t<\/title>\n<meta name=\"description\" content=\"M\u00f6chten Sie hochwertiges 4 MMC (Mephedron) f\u00fcr Ihre Forschung online bestellen? Entdecken Sie reine Forschungsqualit\u00e4t bei Chemgramx. Jetzt 4 MMC Kaufen.\" \/>\n<meta name=\"robots\" content=\"index, follow, max-snippet:-1, max-image-preview:large, max-video-preview:-1\" \/>\n<link rel=\"canonical\" href=\"https:\/\/chemgramx.com\/hu\/termek-1\/vasaroljon-4-mmc-mefedron-online\/\" \/>\n<meta property=\"og:locale\" content=\"hu_HU\" \/>\n<meta property=\"og:type\" content=\"article\" \/>\n<meta property=\"og:title\" content=\"4 MMC Kaufen \u2013 Hohe Reinheit &amp; Laborqualit\u00e4t\" \/>\n<meta property=\"og:description\" content=\"M\u00f6chten Sie hochwertiges 4 MMC (Mephedron) f\u00fcr Ihre Forschung online bestellen? Entdecken Sie reine Forschungsqualit\u00e4t bei Chemgramx. Jetzt 4 MMC Kaufen.\" \/>\n<meta property=\"og:url\" content=\"https:\/\/chemgramx.com\/hu\/termek-1\/vasaroljon-4-mmc-mefedron-online\/\" \/>\n<meta property=\"og:site_name\" content=\"Chemgramx\" \/>\n<meta property=\"article:modified_time\" content=\"2025-12-09T10:06:02+00:00\" \/>\n<meta property=\"og:image\" content=\"https:\/\/chemgramx.com\/wp-content\/uploads\/2025\/11\/4mmc.png\" \/>\n\t<meta property=\"og:image:width\" content=\"600\" \/>\n\t<meta property=\"og:image:height\" content=\"400\" \/>\n\t<meta property=\"og:image:type\" content=\"image\/png\" \/>\n<meta name=\"twitter:card\" content=\"summary_large_image\" \/>\n<meta name=\"twitter:label1\" content=\"Becs\u00fclt olvas\u00e1si id\u0151\" \/>\n\t<meta name=\"twitter:data1\" content=\"4 perc\" \/>\n<script type=\"application\/ld+json\" class=\"yoast-schema-graph\">{\"@context\":\"https:\\\/\\\/schema.org\",\"@graph\":[{\"@type\":\"WebPage\",\"@id\":\"https:\\\/\\\/chemgramx.com\\\/product\\\/4-mmc-mephedrone-online-kaufen\\\/\",\"url\":\"https:\\\/\\\/chemgramx.com\\\/product\\\/4-mmc-mephedrone-online-kaufen\\\/\",\"name\":\"4 MMC Kaufen \u2013 Hohe Reinheit & Laborqualit\u00e4t\",\"isPartOf\":{\"@id\":\"https:\\\/\\\/chemgramx.com\\\/#website\"},\"primaryImageOfPage\":{\"@id\":\"https:\\\/\\\/chemgramx.com\\\/product\\\/4-mmc-mephedrone-online-kaufen\\\/#primaryimage\"},\"image\":{\"@id\":\"https:\\\/\\\/chemgramx.com\\\/product\\\/4-mmc-mephedrone-online-kaufen\\\/#primaryimage\"},\"thumbnailUrl\":\"https:\\\/\\\/chemgramx.com\\\/wp-content\\\/uploads\\\/2025\\\/11\\\/4mmc.png\",\"datePublished\":\"2025-11-21T18:18:29+00:00\",\"dateModified\":\"2025-12-09T10:06:02+00:00\",\"description\":\"M\u00f6chten Sie hochwertiges 4 MMC (Mephedron) f\u00fcr Ihre Forschung online bestellen? Entdecken Sie reine Forschungsqualit\u00e4t bei Chemgramx. Jetzt 4 MMC Kaufen.\",\"breadcrumb\":{\"@id\":\"https:\\\/\\\/chemgramx.com\\\/product\\\/4-mmc-mephedrone-online-kaufen\\\/#breadcrumb\"},\"inLanguage\":\"hu\",\"potentialAction\":[{\"@type\":\"ReadAction\",\"target\":[\"https:\\\/\\\/chemgramx.com\\\/product\\\/4-mmc-mephedrone-online-kaufen\\\/\"]}]},{\"@type\":\"ImageObject\",\"inLanguage\":\"hu\",\"@id\":\"https:\\\/\\\/chemgramx.com\\\/product\\\/4-mmc-mephedrone-online-kaufen\\\/#primaryimage\",\"url\":\"https:\\\/\\\/chemgramx.com\\\/wp-content\\\/uploads\\\/2025\\\/11\\\/4mmc.png\",\"contentUrl\":\"https:\\\/\\\/chemgramx.com\\\/wp-content\\\/uploads\\\/2025\\\/11\\\/4mmc.png\",\"width\":600,\"height\":400},{\"@type\":\"BreadcrumbList\",\"@id\":\"https:\\\/\\\/chemgramx.com\\\/product\\\/4-mmc-mephedrone-online-kaufen\\\/#breadcrumb\",\"itemListElement\":[{\"@type\":\"ListItem\",\"position\":1,\"name\":\"Home\",\"item\":\"https:\\\/\\\/chemgramx.com\\\/\"},{\"@type\":\"ListItem\",\"position\":2,\"name\":\"Shop\",\"item\":\"https:\\\/\\\/chemgramx.com\\\/shop\\\/\"},{\"@type\":\"ListItem\",\"position\":3,\"name\":\"4 MMC Kaufen \u2013 Hohe Reinheit &amp; Laborqualit\u00e4t\"}]},{\"@type\":\"WebSite\",\"@id\":\"https:\\\/\\\/chemgramx.com\\\/#website\",\"url\":\"https:\\\/\\\/chemgramx.com\\\/\",\"name\":\"Chemgramx\",\"description\":\"\",\"publisher\":{\"@id\":\"https:\\\/\\\/chemgramx.com\\\/#organization\"},\"potentialAction\":[{\"@type\":\"SearchAction\",\"target\":{\"@type\":\"EntryPoint\",\"urlTemplate\":\"https:\\\/\\\/chemgramx.com\\\/?s={search_term_string}\"},\"query-input\":{\"@type\":\"PropertyValueSpecification\",\"valueRequired\":true,\"valueName\":\"search_term_string\"}}],\"inLanguage\":\"hu\"},{\"@type\":\"Organization\",\"@id\":\"https:\\\/\\\/chemgramx.com\\\/#organization\",\"name\":\"Chemgramx\",\"url\":\"https:\\\/\\\/chemgramx.com\\\/\",\"logo\":{\"@type\":\"ImageObject\",\"inLanguage\":\"hu\",\"@id\":\"https:\\\/\\\/chemgramx.com\\\/#\\\/schema\\\/logo\\\/image\\\/\",\"url\":\"https:\\\/\\\/chemgramx.com\\\/wp-content\\\/uploads\\\/2024\\\/10\\\/final-logo.png\",\"contentUrl\":\"https:\\\/\\\/chemgramx.com\\\/wp-content\\\/uploads\\\/2024\\\/10\\\/final-logo.png\",\"width\":250,\"height\":48,\"caption\":\"Chemgramx\"},\"image\":{\"@id\":\"https:\\\/\\\/chemgramx.com\\\/#\\\/schema\\\/logo\\\/image\\\/\"}}]}<\/script>\n<!-- \/ Yoast SEO plugin. -->","yoast_head_json":{"title":"4 MMC v\u00e1s\u00e1rl\u00e1s \u2013 Magas tisztas\u00e1g\u00fa \u00e9s laborat\u00f3riumi min\u0151s\u00e9g\u0171","description":"Szeretne kiv\u00e1l\u00f3 min\u0151s\u00e9g\u0171 4 MMC-t (mefedron) rendelni online kutat\u00e1si c\u00e9lokra? Fedezze fel a Chemgramx tiszta kutat\u00e1si min\u0151s\u00e9g\u00e9t. V\u00e1s\u00e1roljon most 4 MMC-t.","robots":{"index":"index","follow":"follow","max-snippet":"max-snippet:-1","max-image-preview":"max-image-preview:large","max-video-preview":"max-video-preview:-1"},"canonical":"https:\/\/chemgramx.com\/hu\/termek-1\/vasaroljon-4-mmc-mefedron-online\/","og_locale":"hu_HU","og_type":"article","og_title":"4 MMC Kaufen \u2013 Hohe Reinheit & Laborqualit\u00e4t","og_description":"M\u00f6chten Sie hochwertiges 4 MMC (Mephedron) f\u00fcr Ihre Forschung online bestellen? Entdecken Sie reine Forschungsqualit\u00e4t bei Chemgramx. Jetzt 4 MMC Kaufen.","og_url":"https:\/\/chemgramx.com\/hu\/termek-1\/vasaroljon-4-mmc-mefedron-online\/","og_site_name":"Chemgramx","article_modified_time":"2025-12-09T10:06:02+00:00","og_image":[{"width":600,"height":400,"url":"https:\/\/chemgramx.com\/wp-content\/uploads\/2025\/11\/4mmc.png","type":"image\/png"}],"twitter_card":"summary_large_image","twitter_misc":{"Becs\u00fclt olvas\u00e1si id\u0151":"4 perc"},"schema":{"@context":"https:\/\/schema.org","@graph":[{"@type":"WebPage","@id":"https:\/\/chemgramx.com\/product\/4-mmc-mephedrone-online-kaufen\/","url":"https:\/\/chemgramx.com\/product\/4-mmc-mephedrone-online-kaufen\/","name":"4 MMC v\u00e1s\u00e1rl\u00e1s \u2013 Magas tisztas\u00e1g\u00fa \u00e9s laborat\u00f3riumi min\u0151s\u00e9g\u0171","isPartOf":{"@id":"https:\/\/chemgramx.com\/#website"},"primaryImageOfPage":{"@id":"https:\/\/chemgramx.com\/product\/4-mmc-mephedrone-online-kaufen\/#primaryimage"},"image":{"@id":"https:\/\/chemgramx.com\/product\/4-mmc-mephedrone-online-kaufen\/#primaryimage"},"thumbnailUrl":"https:\/\/chemgramx.com\/wp-content\/uploads\/2025\/11\/4mmc.png","datePublished":"2025-11-21T18:18:29+00:00","dateModified":"2025-12-09T10:06:02+00:00","description":"Szeretne kiv\u00e1l\u00f3 min\u0151s\u00e9g\u0171 4 MMC-t (mefedron) rendelni online kutat\u00e1si c\u00e9lokra? Fedezze fel a Chemgramx tiszta kutat\u00e1si min\u0151s\u00e9g\u00e9t. V\u00e1s\u00e1roljon most 4 MMC-t.","breadcrumb":{"@id":"https:\/\/chemgramx.com\/product\/4-mmc-mephedrone-online-kaufen\/#breadcrumb"},"inLanguage":"hu","potentialAction":[{"@type":"ReadAction","target":["https:\/\/chemgramx.com\/product\/4-mmc-mephedrone-online-kaufen\/"]}]},{"@type":"ImageObject","inLanguage":"hu","@id":"https:\/\/chemgramx.com\/product\/4-mmc-mephedrone-online-kaufen\/#primaryimage","url":"https:\/\/chemgramx.com\/wp-content\/uploads\/2025\/11\/4mmc.png","contentUrl":"https:\/\/chemgramx.com\/wp-content\/uploads\/2025\/11\/4mmc.png","width":600,"height":400},{"@type":"BreadcrumbList","@id":"https:\/\/chemgramx.com\/product\/4-mmc-mephedrone-online-kaufen\/#breadcrumb","itemListElement":[{"@type":"ListItem","position":1,"name":"Home","item":"https:\/\/chemgramx.com\/"},{"@type":"ListItem","position":2,"name":"Shop","item":"https:\/\/chemgramx.com\/shop\/"},{"@type":"ListItem","position":3,"name":"4 MMC Kaufen \u2013 Hohe Reinheit &amp; Laborqualit\u00e4t"}]},{"@type":"WebSite","@id":"https:\/\/chemgramx.com\/#website","url":"https:\/\/chemgramx.com\/","name":"Chemgramx","description":"","publisher":{"@id":"https:\/\/chemgramx.com\/#organization"},"potentialAction":[{"@type":"SearchAction","target":{"@type":"EntryPoint","urlTemplate":"https:\/\/chemgramx.com\/?s={search_term_string}"},"query-input":{"@type":"PropertyValueSpecification","valueRequired":true,"valueName":"search_term_string"}}],"inLanguage":"hu"},{"@type":"Organization","@id":"https:\/\/chemgramx.com\/#organization","name":"Chemgramx","url":"https:\/\/chemgramx.com\/","logo":{"@type":"ImageObject","inLanguage":"hu","@id":"https:\/\/chemgramx.com\/#\/schema\/logo\/image\/","url":"https:\/\/chemgramx.com\/wp-content\/uploads\/2024\/10\/final-logo.png","contentUrl":"https:\/\/chemgramx.com\/wp-content\/uploads\/2024\/10\/final-logo.png","width":250,"height":48,"caption":"Chemgramx"},"image":{"@id":"https:\/\/chemgramx.com\/#\/schema\/logo\/image\/"}}]}},"_links":{"self":[{"href":"https:\/\/chemgramx.com\/hu\/wp-json\/wp\/v2\/product\/8393","targetHints":{"allow":["GET"]}}],"collection":[{"href":"https:\/\/chemgramx.com\/hu\/wp-json\/wp\/v2\/product"}],"about":[{"href":"https:\/\/chemgramx.com\/hu\/wp-json\/wp\/v2\/types\/product"}],"replies":[{"embeddable":true,"href":"https:\/\/chemgramx.com\/hu\/wp-json\/wp\/v2\/comments?post=8393"}],"wp:featuredmedia":[{"embeddable":true,"href":"https:\/\/chemgramx.com\/hu\/wp-json\/wp\/v2\/media\/8433"}],"wp:attachment":[{"href":"https:\/\/chemgramx.com\/hu\/wp-json\/wp\/v2\/media?parent=8393"}],"wp:term":[{"taxonomy":"product_brand","embeddable":true,"href":"https:\/\/chemgramx.com\/hu\/wp-json\/wp\/v2\/product_brand?post=8393"},{"taxonomy":"product_cat","embeddable":true,"href":"https:\/\/chemgramx.com\/hu\/wp-json\/wp\/v2\/product_cat?post=8393"},{"taxonomy":"product_tag","embeddable":true,"href":"https:\/\/chemgramx.com\/hu\/wp-json\/wp\/v2\/product_tag?post=8393"}],"curies":[{"name":"wp","href":"https:\/\/api.w.org\/{rel}","templated":true}]}}