{"id":8399,"date":"2025-11-21T18:18:31","date_gmt":"2025-11-21T18:18:31","guid":{"rendered":"https:\/\/chemgramx.com\/?post_type=product&#038;p=8399"},"modified":"2025-12-09T09:55:20","modified_gmt":"2025-12-09T09:55:20","slug":"4-mpd-online-vasarlas","status":"publish","type":"product","link":"https:\/\/chemgramx.com\/hu\/product\/4-mpd-online-kaufen\/","title":{"rendered":"4-MPD v\u00e1s\u00e1rl\u00e1s \u2013 Nagy tisztas\u00e1g\u00fa, elad\u00f3"},"content":{"rendered":"<h2>Fedezze fel a Chemgramx 4-MPD-vel v\u00e9gzett \u00e9lvonalbeli kutat\u00e1sokat<\/h2>\n<p>A Chemgramx b\u00fcszk\u00e9n bemutatja <b>4-MPD<\/b>, ig\u00e9nyes kutat\u00e1si k\u00f6rnyezetekre \u00e9s tudom\u00e1nyos elemz\u00e9sekre kifejlesztett kapcsolat. Ha \u00d6n <b>4-MPD elad\u00f3<\/b> a legjobb helyre j\u00f6tt, mert a legnagyobb tisztas\u00e1g\u00fa \u00e9s k\u00f6vetkezetess\u00e9g\u0171 term\u00e9ket k\u00edn\u00e1ljuk \u00d6nnek. A kiv\u00e1l\u00f3s\u00e1g ir\u00e1nti elk\u00f6telezetts\u00e9g\u00fcnk biztos\u00edtja, hogy minden egyes gramm <b>4-MPD<\/b> megfelel a legszigor\u00fabb min\u0151s\u00e9gi el\u0151\u00edr\u00e1soknak. Fedezze fel a k\u00f6vetkez\u0151 term\u00e9kek haszn\u00e1lata \u00e1ltal k\u00edn\u00e1lt lehet\u0151s\u00e9geket <b>Kiv\u00e1l\u00f3 min\u0151s\u00e9g\u0171 4-MPD<\/b> a projektjeiben. A rendelkez\u00e9sre \u00e1ll\u00f3 <b>A legjobb el\u00e9rhet\u0151 4-MPD<\/b> ide\u00e1lis partnerr\u00e9 tesz minket a tudom\u00e1nyos felfedez\u00e9sekhez. Tiszt\u00e1ban vagyunk a pontos eredm\u00e9nyek fontoss\u00e1g\u00e1val, ez\u00e9rt kiemelten kezelj\u00fck vegyszereink min\u0151s\u00e9g\u00e9t.<\/p>\n<p>C\u00e9lunk, hogy a kutat\u00f3k \u00e9s a tud\u00f3sok sz\u00e1m\u00e1ra vil\u00e1gszerte hozz\u00e1f\u00e9r\u00e9st biztos\u00edtsunk az els\u0151 oszt\u00e1ly\u00fa k\u00e9miai reagensekhez. Ez\u00e9rt fontos, hogy <b>hiteles 4-MPD<\/b> a k\u00eds\u00e9rletek integrit\u00e1s\u00e1nak biztos\u00edt\u00e1sa \u00e9rdek\u00e9ben. A <b>4-MPD online rendel\u00e9se<\/b> platformunkon kereszt\u00fcl egyszer\u0171 \u00e9s hat\u00e9kony folyamat. Optimaliz\u00e1ltuk a felhaszn\u00e1l\u00f3i \u00e9lm\u00e9nyt, hogy gyorsan \u00e9s egyszer\u0171en hozz\u00e1jusson a sz\u00fcks\u00e9ges anyagokhoz. B\u00edzzon a Chemgramxra kutat\u00e1si ig\u00e9nyeinek kiel\u00e9g\u00edt\u00e9s\u00e9ben. A tudom\u00e1nyos ismeretek folyamatos fejl\u0151d\u00e9se a megb\u00edzhat\u00f3 \u00e9s nagy tisztas\u00e1g\u00fa anyagok el\u00e9rhet\u0151s\u00e9g\u00e9t\u0151l f\u00fcgg.<\/p>\n<h2>A tisztas\u00e1g \u00e9s a min\u0151s\u00e9g fontoss\u00e1ga a vegyi anyagokban<\/h2>\n<p>A kutat\u00e1s \u00e9s fejleszt\u00e9s vil\u00e1g\u00e1ban a k\u00e9miai vegy\u00fcletek tisztas\u00e1ga rendk\u00edv\u00fcl fontos. A legkisebb szennyez\u0151d\u00e9sek is torz\u00edthatj\u00e1k a k\u00eds\u00e9rletek eredm\u00e9nyeit, \u00e9s t\u00e9ves \u00e9rtelmez\u00e9sekhez vezethetnek. Ez\u00e9rt a Chemgramx elk\u00f6telezett az ir\u00e1nt, hogy olyan vegyi anyagokat biztos\u00edtson, amelyek <b>Magas tisztas\u00e1g\u00fa term\u00e9kek elad\u00f3<\/b> c\u00edmk\u00e9z\u00e9s. Min\u0151s\u00e9gellen\u0151rz\u00e9si folyamataink szigor\u00faak, \u00e9s t\u00f6bb l\u00e9pcs\u0151ben biztos\u00edtj\u00e1k, hogy minden egyes t\u00e9tel <b>4-MPD<\/b> megfelel a magas szint\u0171 elv\u00e1r\u00e1sainknak. Ha fontosak \u00d6nnek a pontos \u00e9s reproduk\u00e1lhat\u00f3 eredm\u00e9nyek, a megb\u00edzhat\u00f3 forr\u00e1s kiv\u00e1laszt\u00e1sa alapvet\u0151 fontoss\u00e1g\u00fa.<\/p>\n<p>A vegyi anyagok tudom\u00e1nyos c\u00e9l\u00fa kiv\u00e1laszt\u00e1sa gondoss\u00e1got \u00e9s ismereteket ig\u00e9nyel. Biztos\u00edtjuk, hogy <b>4-MPD<\/b> nemcsak tiszta, hanem megfelel az ig\u00e9nyes laborat\u00f3riumokban val\u00f3 haszn\u00e1latra vonatkoz\u00f3 el\u0151\u00edr\u00e1soknak is. Ez\u00e9rt t\u00f6reksz\u00fcnk arra, hogy az al\u00e1bbiakat k\u00edn\u00e1ljuk \u00d6nnek <b>Kutat\u00e1si fokozat elad\u00f3<\/b> olyan term\u00e9kek, amelyek t\u00e1mogatj\u00e1k kutat\u00e1si c\u00e9ljait. A <b>a legjobb el\u00e9rhet\u0151 4-MPD<\/b> itt, a Chemgramxn\u00e1l tal\u00e1lja meg, \u00e9s arra t\u00f6reksz\u00fcnk, hogy fel\u00fclm\u00faljuk az \u00d6n elv\u00e1r\u00e1sait. Tudom\u00e1nyos munk\u00e1j\u00e1nak integrit\u00e1sa az \u00d6n \u00e1ltal haszn\u00e1lt anyagok min\u0151s\u00e9g\u00e9vel kezd\u0151dik.<\/p>\n<h2>Mi\u00e9rt a Chemgramx az el\u0151nyben r\u00e9szes\u00edtett v\u00e1laszt\u00e1s a 4-MPD eset\u00e9ben?<\/h2>\n<p>A Chemgramxn\u00e1l meg\u00e9rtj\u00fck, hogy a kiv\u00e1l\u00f3 min\u0151s\u00e9g\u0171 vegyi anyagok milyen fontos szerepet j\u00e1tszanak a tudom\u00e1nyos k\u00f6z\u00f6ss\u00e9gben. Ez\u00e9rt elk\u00f6telezettek vagyunk amellett, hogy ne csak term\u00e9keket, hanem bizalmat \u00e9s megb\u00edzhat\u00f3s\u00e1got is ny\u00fajtsunk \u00d6nnek. Amikor \u00d6n <b>4-MPD<\/b> biztos lehet benne, hogy <b>hiteles 4-MPD<\/b> a legjobb min\u0151s\u00e9g\u0171. A k\u00e9miai szint\u00e9zis \u00e9s elemz\u00e9s ter\u00e9n szerzett szak\u00e9rtelm\u00fcnk lehet\u0151v\u00e9 teszi, hogy a legmagasabb k\u00f6vetelm\u00e9nyeknek megfelel\u0151 term\u00e9keket k\u00edn\u00e1ljunk. Ezen t\u00falmen\u0151en a lehet\u0151s\u00e9g, <b>4-MPD online rendel\u00e9se<\/b> vel\u00fcnk, ami bizony\u00edtja \u00fcgyf\u00e9lk\u00f6zpont\u00fa megk\u00f6zel\u00edt\u00e9s\u00fcnket. Azt szeretn\u00e9nk, ha v\u00e1s\u00e1rl\u00e1si \u00e9lm\u00e9nye a lehet\u0151 legg\u00f6rd\u00fcl\u00e9kenyebb \u00e9s leghat\u00e9konyabb lenne.<\/p>\n<p>A konkr\u00e9t kutat\u00e1si vegyi anyagok megtal\u00e1l\u00e1sa kih\u00edv\u00e1st jelenthet. A Chemgramx azonban megk\u00f6nny\u00edti ezt a folyamatot azzal, hogy sz\u00e9les term\u00e9kv\u00e1laszt\u00e9kot k\u00edn\u00e1l, t\u00f6bbek k\u00f6z\u00f6tt a k\u00f6vetkez\u0151ket <b>4-MPD<\/b>, el\u00e9rhet\u0151. B\u00fcszk\u00e9k vagyunk arra, hogy megb\u00edzhat\u00f3 forr\u00e1s vagyunk <b>Kiv\u00e1l\u00f3 min\u0151s\u00e9g\u0171 4-MPD<\/b> hogy elismerj\u00e9k. A lehet\u0151s\u00e9g, <b>V\u00e1s\u00e1rl\u00e1s 4-MPD elad\u00f3<\/b> Ha t\u0151l\u00fcnk v\u00e1s\u00e1rol, azt jelenti, hogy a min\u0151s\u00e9get \u00e9s a tudom\u00e1nyos feddhetetlens\u00e9get v\u00e1lasztja. Gondos kezel\u00e9s\u00fcnk \u00e9s feldolgoz\u00e1sunk biztos\u00edtja, hogy a term\u00e9kek a lehet\u0151 legjobb \u00e1llapotban \u00e9rkezzenek meg \u00d6nh\u00f6z. Olvasson t\u00f6bbet a min\u0151s\u00e9gi szabv\u00e1nyainkr\u00f3l a <a href=\"https:\/\/chemgramx.com\/product\/3-meo-pcp-3-methoxyphencyclidin-online-kaufen\/\">Vegyszerek r\u00e9szletes oldalai<\/a>.<\/p>\n<h2>A 4-MPD alkalmaz\u00e1sa \u00e9s tudom\u00e1nyos \u00e9rt\u00e9ke<\/h2>\n<p><b>4-MPD<\/b> egy olyan vegy\u00fclet, amely a kutat\u00e1s k\u00fcl\u00f6nb\u00f6z\u0151 ter\u00fcletein \u00e9rdekes. Egyedi k\u00e9miai szerkezete lehet\u0151v\u00e9 teszi \u00faj molekul\u00e1ris k\u00f6lcs\u00f6nhat\u00e1sok \u00e9s farmakol\u00f3giai profilok vizsg\u00e1lat\u00e1t. A tud\u00f3sok az ilyen vegy\u00fcleteket a k\u00e9mia \u00e9s a biol\u00f3gia alapvet\u0151 k\u00e9rd\u00e9seinek felt\u00e1r\u00e1s\u00e1ra haszn\u00e1lj\u00e1k. A rendelkez\u00e9sre \u00e1ll\u00f3 <b>4-MPD elad\u00f3<\/b> a Chemgramx-t\u00f3l lehet\u0151s\u00e9get ad a kutat\u00f3knak, hogy tanulm\u00e1nyaikban felhaszn\u00e1lj\u00e1k ezt a leny\u0171g\u00f6z\u0151 anyagot. Fontos sz\u00e1munkra, hogy \u00fcgyfeleink <b>a legjobb el\u00e9rhet\u0151 4-MPD<\/b> kutat\u00e1si eredm\u00e9nyeik maximaliz\u00e1l\u00e1sa \u00e9rdek\u00e9ben. A tudom\u00e1nyos k\u00f6z\u00f6ss\u00e9g sz\u00e1m\u00e1ra el\u0151ny\u00f6s az ilyen speci\u00e1lis vegyi anyagok biztos\u00edt\u00e1sa.<\/p>\n<p>A 4-MPD pontos szint\u00e9zise fejlett k\u00e9miai technik\u00e1kat \u00e9s szigor\u00fa min\u0151s\u00e9gellen\u0151rz\u00e9st ig\u00e9nyel. A Chemgramx folyamatosan beruh\u00e1z a technol\u00f3gi\u00e1ba \u00e9s a szak\u00e9rtelembe, hogy term\u00e9keink megfeleljenek a modern kutat\u00e1s k\u00f6vetelm\u00e9nyeinek. Ha \u00d6n <b>Kutat\u00e1si fokozat elad\u00f3<\/b> anyagok, a Chemgramx az \u00d6n els\u0151 sz\u00e1m\u00fa c\u00e9lpontja. A k\u00f6vetkez\u0151 lehet\u0151s\u00e9gekkel, <b>4-MPD online rendel\u00e9se<\/b>, T\u00e1mogatjuk a kutat\u00f3kat projektjeik el\u0151rehalad\u00e1s\u00e1ban an\u00e9lk\u00fcl, hogy kompromisszumot k\u00f6tn\u00e9nk a min\u0151s\u00e9g ter\u00e9n. A kiv\u00e1l\u00f3s\u00e1g ir\u00e1nti elk\u00f6telezetts\u00e9g\u00fcnk t\u00f6retlen.<\/p>\n<h2>A kutat\u00e1si vegyi anyagok biztons\u00e1gos \u00e9s megb\u00edzhat\u00f3 beszerz\u00e9se<\/h2>\n<p>A Chemgramxn\u00e1l \u00fcgyfeleink biztons\u00e1ga \u00e9s el\u00e9gedetts\u00e9ge a legf\u0151bb priorit\u00e1s. Meg\u00e9rtj\u00fck, hogy a kutat\u00e1si vegyi anyagok beszerz\u00e9se bizalmat ig\u00e9nyel. Ez\u00e9rt garant\u00e1ljuk a <b>Biztons\u00e1gos v\u00e1s\u00e1rl\u00e1s<\/b> folyamat, ha <b>4-MPD<\/b> vagy m\u00e1s term\u00e9keket t\u0151l\u00fcnk. Platformunkat \u00fagy tervezt\u00fck, hogy felhaszn\u00e1l\u00f3bar\u00e1t \u00e9s biztons\u00e1gos legyen, \u00edgy \u00d6n a kutat\u00e1s\u00e1ra koncentr\u00e1lhat, ahelyett, hogy a beszerz\u00e9si folyamat miatt agg\u00f3dna. A rendelkez\u00e9sre \u00e1ll\u00f3 <b>Magas tisztas\u00e1g\u00fa term\u00e9kek elad\u00f3<\/b> anyagok k\u00e9pezik k\u00edn\u00e1latunk k\u00f6zponti elem\u00e9t.<\/p>\n<p>Term\u00e9keink gondos kezel\u00e9se \u00e9s feldolgoz\u00e1sa kulcsfontoss\u00e1g\u00fa. Biztos\u00edtjuk, hogy minden megrendel\u00e9st a lehet\u0151 legnagyobb gondoss\u00e1ggal dolgozzunk fel a vegyi anyagok integrit\u00e1s\u00e1nak meg\u0151rz\u00e9se \u00e9rdek\u00e9ben. Amikor <b>hiteles 4-MPD<\/b> a Chemgramxn\u00e1l a legjobb helyen j\u00e1r. A vegyi anyagok kezel\u00e9s\u00e9ben szerzett szak\u00e9rtelm\u00fcnk garant\u00e1lja, hogy a legmagasabb k\u00f6vetelm\u00e9nyeknek megfelel\u0151 term\u00e9ket kap. A lehet\u0151s\u00e9g, <b>V\u00e1s\u00e1rl\u00e1s 4-MPD elad\u00f3<\/b> a Chemgramxn\u00e1l betartjuk \u00edg\u00e9ret\u00fcnket. Tudjon meg t\u00f6bbet term\u00e9kv\u00e1laszt\u00e9kunkr\u00f3l a <a href=\"https:\/\/chemgramx.com\/product\/4-mpd-online-kaufen\/\">4-MPD<\/a>.<\/p>\n<h2>M\u0171szaki el\u0151\u00edr\u00e1sok \u00e9s min\u0151s\u00e9gbiztos\u00edt\u00e1s<\/h2>\n<p>A Chemgramx t\u00f6rekszik arra, hogy term\u00e9keink min\u0151s\u00e9g\u00e9t teljes m\u00e9rt\u00e9kben \u00e1tl\u00e1that\u00f3v\u00e1 tegye. Minden egyes t\u00e9tel a <b>4-MPD<\/b> sz\u00e9lesk\u00f6r\u0171 vizsg\u00e1latoknak vetik al\u00e1, hogy meger\u0151s\u00edts\u00e9k azonoss\u00e1g\u00e1t \u00e9s tisztas\u00e1g\u00e1t. K\u00edn\u00e1latunkban <b>Laborat\u00f3riumi fokozat elad\u00f3<\/b> ig\u00e9nyes analitikai alkalmaz\u00e1sokhoz alkalmas anyagok. A m\u0171szaki specifik\u00e1ci\u00f3kat r\u00e9szletesen dokument\u00e1ltuk, hogy \u00d6n pontosan tudja, mit kap. A lehet\u0151s\u00e9g, <b>4-MPD online rendel\u00e9se<\/b> megb\u00edzhat\u00f3 min\u0151s\u00e9gellen\u0151rz\u00e9s\u00fcnk t\u00e1mogatja. B\u00edzzon a Chemgramxban az \u00d6n kutat\u00e1si ig\u00e9nyeinek kiel\u00e9g\u00edt\u00e9s\u00e9ben.<\/p>\n<p>Min\u0151s\u00e9gbiztos\u00edt\u00e1si folyamataink a gy\u00e1rt\u00e1s szerves r\u00e9sz\u00e9t k\u00e9pezik. A legkorszer\u0171bb analitikai m\u00f3dszereket alkalmazzuk a k\u00f6vetkez\u0151k \u00f6sszet\u00e9tel\u00e9nek \u00e9s tisztas\u00e1g\u00e1nak meghat\u00e1roz\u00e1s\u00e1ra <b>4-MPD<\/b> ellen\u0151rizni. Ez biztos\u00edtja, hogy <b>Kiv\u00e1l\u00f3 min\u0151s\u00e9g\u0171 4-MPD<\/b> amely megfelel az \u00d6n elv\u00e1r\u00e1sainak. Folyamatos ellen\u0151rz\u00e9s\u00fcnk \u00e9s folyamataink folyamatos jav\u00edt\u00e1sa elengedhetetlen a kiv\u00e1l\u00f3s\u00e1gunk h\u00edrnev\u00e9nek meg\u0151rz\u00e9s\u00e9hez. A <b>a legjobb el\u00e9rhet\u0151 4-MPD<\/b> n\u00e1lunk biztosra vehet\u0151. K\u00e9rj\u00fck, l\u00e1togasson el a k\u00f6vetkez\u0151 oldalunkra is <a href=\"https:\/\/chemgramx.com\/product\/3-meo-pcp-3-methoxyphencyclidin-online-kaufen\/\">egy\u00e9b kapcsol\u00f3d\u00f3 vegy\u00fcletek<\/a> tov\u00e1bbi lehet\u0151s\u00e9gek\u00e9rt.<\/p>\n<h2>Az \u00d6n partnere a tudom\u00e1nyos innov\u00e1ci\u00f3ban<\/h2>\n<p>A tudom\u00e1nyos fejl\u0151d\u00e9s a kiv\u00e1l\u00f3 kutat\u00e1si anyagok rendelkez\u00e9sre \u00e1ll\u00e1s\u00e1t\u00f3l f\u00fcgg. A Chemgramx meg\u00e9rti ezt az ig\u00e9nyt, \u00e9s k\u00fcldet\u00e9s\u00e9nek tekinti, hogy a kutat\u00f3kat vil\u00e1gszerte els\u0151 oszt\u00e1ly\u00fa vegyi anyagokkal l\u00e1ssa el. Ha \u00d6n <b>4-MPD elad\u00f3<\/b> b\u00edzhat benn\u00fcnk, hogy a legmagasabb sz\u00ednvonal\u00fa term\u00e9keket sz\u00e1ll\u00edtjuk. A lehet\u0151s\u00e9g, <b>V\u00e1s\u00e1rl\u00e1s 4-MPD elad\u00f3<\/b> online minden eddigin\u00e9l k\u00f6nnyebb\u00e9 teszi a hozz\u00e1f\u00e9r\u00e9st ezekhez a fontos kutat\u00e1si eszk\u00f6z\u00f6kh\u00f6z. B\u00fcszk\u00e9k vagyunk arra, hogy a tudom\u00e1nyos \u00f6kosziszt\u00e9ma szerves r\u00e9sz\u00e9t k\u00e9pezhetj\u00fck.<\/p>\n<p>Megh\u00edvjuk \u00d6nt, hogy fedezze fel a Chemgramx-szal val\u00f3 egy\u00fcttm\u0171k\u00f6d\u00e9s el\u0151nyeit. A min\u0151s\u00e9g, a tisztas\u00e1g \u00e9s a vev\u0151i el\u00e9gedetts\u00e9g ir\u00e1nti elk\u00f6telezetts\u00e9g\u00fcnk megingathatatlan. Ha \u00e9rdekli a <b>hiteles 4-MPD<\/b> a kutat\u00e1si eredm\u00e9nyek megb\u00edzhat\u00f3s\u00e1g\u00e1t v\u00e1lasztja. A <b>a legjobb el\u00e9rhet\u0151 4-MPD<\/b> amit n\u00e1lunk tal\u00e1l, \u00e9s igyeksz\u00fcnk fel\u00fclm\u00falni az \u00d6n elv\u00e1r\u00e1sait. Az \u00d6n sikere az, ami minket hajt, \u00e9s \u00f6r\u00f6mmel v\u00e1rjuk, hogy t\u00e1mogatni tudjuk \u00d6nt tudom\u00e1nyos t\u00f6rekv\u00e9seiben. Ragadja meg a lehet\u0151s\u00e9get, <b>4-MPD online rendel\u00e9se<\/b> \u00e9s tapasztalja meg a k\u00fcl\u00f6nbs\u00e9get.<\/p>\n<h2>A term\u00e9k el\u0151nyeinek \u00f6sszefoglal\u00e1sa<\/h2>\n<p>A Chemgramx k\u00edn\u00e1l <b>4-MPD<\/b> a legnagyobb tisztas\u00e1g\u00fa, ig\u00e9nyes kutat\u00e1si alkalmaz\u00e1sokhoz. Biztos\u00edtjuk, hogy <b>Kiv\u00e1l\u00f3 min\u0151s\u00e9g\u0171 4-MPD<\/b> amely szigor\u00fa min\u0151s\u00e9gellen\u0151rz\u00e9snek van al\u00e1vetve. Az egyszer\u0171 lehet\u0151s\u00e9g, <b>4-MPD online rendel\u00e9se<\/b> az \u00d6n el\u0151nyben r\u00e9szes\u00edtett besz\u00e1ll\u00edt\u00f3j\u00e1v\u00e1 tesz minket. Biztos lehet benne, hogy <b>hiteles 4-MPD<\/b> megb\u00edzhat\u00f3 szolg\u00e1ltat\u00f3t\u00f3l. Ezen t\u00falmen\u0151en, a rendelkez\u00e9sre \u00e1ll\u00f3 <b>Magas tisztas\u00e1g\u00fa term\u00e9kek elad\u00f3<\/b> szolg\u00e1ltat\u00e1saink egyik jellemz\u0151je. Mi vagyunk az \u00d6n megb\u00edzhat\u00f3 partnere a tudom\u00e1nyos kiv\u00e1l\u00f3s\u00e1g\u00e9rt, \u00e9s a k\u00f6vetkez\u0151 szolg\u00e1ltat\u00e1sokat k\u00edn\u00e1ljuk \u00d6nnek <b>a legjobb el\u00e9rhet\u0151 4-MPD<\/b> projektjeihez.<\/p>\n<p>A Chemgramx v\u00e1laszt\u00e1sa a min\u0151s\u00e9g \u00e9s a pontoss\u00e1g v\u00e1laszt\u00e1s\u00e1t jelenti. Elk\u00f6telezettek vagyunk a tudom\u00e1nyos k\u00f6z\u00f6ss\u00e9g ig\u00e9nyeinek kiel\u00e9g\u00edt\u00e9se ir\u00e1nt, az\u00e1ltal, hogy hozz\u00e1f\u00e9r\u00e9st biztos\u00edtunk a vil\u00e1gsz\u00ednvonal\u00fa kutat\u00e1si vegyszerekhez. Ha \u00d6n <b>4-MPD elad\u00f3<\/b> a legjobb helyre j\u00f6tt\u00e9l. Szak\u00e9rtelm\u00fcnk \u00e9s a min\u0151s\u00e9g ir\u00e1nti elk\u00f6telezetts\u00e9g\u00fcnk ide\u00e1lis v\u00e1laszt\u00e1ss\u00e1 tesz minket minden kutat\u00e1si ig\u00e9nye kiel\u00e9g\u00edt\u00e9s\u00e9re. A lehet\u0151s\u00e9g, <b>V\u00e1s\u00e1rl\u00e1s 4-MPD elad\u00f3<\/b> a biztons\u00e1gos platformunkon kereszt\u00fcl, al\u00e1t\u00e1masztja az \u00d6n el\u00e9gedetts\u00e9ge ir\u00e1nti elk\u00f6telezetts\u00e9g\u00fcnket. B\u00edzzon a Chemgramxra tudom\u00e1nyos felfedez\u00e9sei sor\u00e1n.<\/p>","protected":false},"excerpt":{"rendered":"<p>Nagy tisztas\u00e1g <b>4-MPD<\/b> ig\u00e9nyes kutat\u00e1si c\u00e9lokra. Fogadja a <b>Kutat\u00e1si fokozat elad\u00f3<\/b> Min\u0151s\u00e9g \u00e9s <b>hiteles 4-MPD<\/b> k\u00f6zvetlen\u00fcl a Chemgramx-t\u00f3l. Rendeljen most online tudom\u00e1nyos projektjeihez.<\/p>","protected":false},"featured_media":8444,"comment_status":"open","ping_status":"closed","template":"","meta":{"_joinchat":[]},"product_brand":[],"product_cat":[48],"product_tag":[2442,2448,2447,2443,2449,2446,2444,2445,2450,2182],"class_list":{"0":"post-8399","1":"product","2":"type-product","3":"status-publish","4":"has-post-thumbnail","6":"product_cat-stimulants","7":"product_tag-4-mpd","8":"product_tag-4-mpd-chemikalien","9":"product_tag-4-mpd-forschung","10":"product_tag-4-mpd-kaufen","11":"product_tag-4-mpd-kaufen-online","12":"product_tag-4-mpd-kristalle","13":"product_tag-4-mpd-online","14":"product_tag-4-mpd-pulver","15":"product_tag-forschung-4-mpd","16":"product_tag-synthetische-chemikalien","18":"first","19":"instock","20":"shipping-taxable","21":"purchasable","22":"product-type-variable"},"yoast_head":"<!-- This site is optimized with the Yoast SEO plugin v27.5 - https:\/\/yoast.com\/product\/yoast-seo-wordpress\/ -->\n<title>4-MPD Kaufen - Hochrein, For Sale<\/title>\n<meta name=\"description\" content=\"Erhalten Sie authentisches 4-MPD in Top-Qualit\u00e4t. Bestellen Sie Ihr 4-MPD online bei Chemgramx. Sichere und zuverl\u00e4ssige Beschaffung f\u00fcr Ihre Forschung.\" \/>\n<meta name=\"robots\" content=\"index, follow, max-snippet:-1, max-image-preview:large, max-video-preview:-1\" \/>\n<link rel=\"canonical\" href=\"https:\/\/chemgramx.com\/hu\/termek-1\/4-mpd-online-vasarlas\/\" \/>\n<meta property=\"og:locale\" content=\"hu_HU\" \/>\n<meta property=\"og:type\" content=\"article\" \/>\n<meta property=\"og:title\" content=\"4-MPD Kaufen - Hochrein, For Sale\" \/>\n<meta property=\"og:description\" content=\"Erhalten Sie authentisches 4-MPD in Top-Qualit\u00e4t. Bestellen Sie Ihr 4-MPD online bei Chemgramx. Sichere und zuverl\u00e4ssige Beschaffung f\u00fcr Ihre Forschung.\" \/>\n<meta property=\"og:url\" content=\"https:\/\/chemgramx.com\/hu\/termek-1\/4-mpd-online-vasarlas\/\" \/>\n<meta property=\"og:site_name\" content=\"Chemgramx\" \/>\n<meta property=\"article:modified_time\" content=\"2025-12-09T09:55:20+00:00\" \/>\n<meta property=\"og:image\" content=\"https:\/\/chemgramx.com\/wp-content\/uploads\/2025\/11\/4-mpd.png\" \/>\n\t<meta property=\"og:image:width\" content=\"600\" \/>\n\t<meta property=\"og:image:height\" content=\"400\" \/>\n\t<meta property=\"og:image:type\" content=\"image\/png\" \/>\n<meta name=\"twitter:card\" content=\"summary_large_image\" \/>\n<meta name=\"twitter:label1\" content=\"Becs\u00fclt olvas\u00e1si id\u0151\" \/>\n\t<meta name=\"twitter:data1\" content=\"4 perc\" \/>\n<script type=\"application\/ld+json\" class=\"yoast-schema-graph\">{\"@context\":\"https:\\\/\\\/schema.org\",\"@graph\":[{\"@type\":\"WebPage\",\"@id\":\"https:\\\/\\\/chemgramx.com\\\/product\\\/4-mpd-online-kaufen\\\/\",\"url\":\"https:\\\/\\\/chemgramx.com\\\/product\\\/4-mpd-online-kaufen\\\/\",\"name\":\"4-MPD Kaufen - Hochrein, For Sale\",\"isPartOf\":{\"@id\":\"https:\\\/\\\/chemgramx.com\\\/#website\"},\"primaryImageOfPage\":{\"@id\":\"https:\\\/\\\/chemgramx.com\\\/product\\\/4-mpd-online-kaufen\\\/#primaryimage\"},\"image\":{\"@id\":\"https:\\\/\\\/chemgramx.com\\\/product\\\/4-mpd-online-kaufen\\\/#primaryimage\"},\"thumbnailUrl\":\"https:\\\/\\\/chemgramx.com\\\/wp-content\\\/uploads\\\/2025\\\/11\\\/4-mpd.png\",\"datePublished\":\"2025-11-21T18:18:31+00:00\",\"dateModified\":\"2025-12-09T09:55:20+00:00\",\"description\":\"Erhalten Sie authentisches 4-MPD in Top-Qualit\u00e4t. Bestellen Sie Ihr 4-MPD online bei Chemgramx. Sichere und zuverl\u00e4ssige Beschaffung f\u00fcr Ihre Forschung.\",\"breadcrumb\":{\"@id\":\"https:\\\/\\\/chemgramx.com\\\/product\\\/4-mpd-online-kaufen\\\/#breadcrumb\"},\"inLanguage\":\"hu\",\"potentialAction\":[{\"@type\":\"ReadAction\",\"target\":[\"https:\\\/\\\/chemgramx.com\\\/product\\\/4-mpd-online-kaufen\\\/\"]}]},{\"@type\":\"ImageObject\",\"inLanguage\":\"hu\",\"@id\":\"https:\\\/\\\/chemgramx.com\\\/product\\\/4-mpd-online-kaufen\\\/#primaryimage\",\"url\":\"https:\\\/\\\/chemgramx.com\\\/wp-content\\\/uploads\\\/2025\\\/11\\\/4-mpd.png\",\"contentUrl\":\"https:\\\/\\\/chemgramx.com\\\/wp-content\\\/uploads\\\/2025\\\/11\\\/4-mpd.png\",\"width\":600,\"height\":400},{\"@type\":\"BreadcrumbList\",\"@id\":\"https:\\\/\\\/chemgramx.com\\\/product\\\/4-mpd-online-kaufen\\\/#breadcrumb\",\"itemListElement\":[{\"@type\":\"ListItem\",\"position\":1,\"name\":\"Home\",\"item\":\"https:\\\/\\\/chemgramx.com\\\/\"},{\"@type\":\"ListItem\",\"position\":2,\"name\":\"Shop\",\"item\":\"https:\\\/\\\/chemgramx.com\\\/shop\\\/\"},{\"@type\":\"ListItem\",\"position\":3,\"name\":\"4-MPD Kaufen &#8211; Hochrein, For Sale\"}]},{\"@type\":\"WebSite\",\"@id\":\"https:\\\/\\\/chemgramx.com\\\/#website\",\"url\":\"https:\\\/\\\/chemgramx.com\\\/\",\"name\":\"Chemgramx\",\"description\":\"\",\"publisher\":{\"@id\":\"https:\\\/\\\/chemgramx.com\\\/#organization\"},\"potentialAction\":[{\"@type\":\"SearchAction\",\"target\":{\"@type\":\"EntryPoint\",\"urlTemplate\":\"https:\\\/\\\/chemgramx.com\\\/?s={search_term_string}\"},\"query-input\":{\"@type\":\"PropertyValueSpecification\",\"valueRequired\":true,\"valueName\":\"search_term_string\"}}],\"inLanguage\":\"hu\"},{\"@type\":\"Organization\",\"@id\":\"https:\\\/\\\/chemgramx.com\\\/#organization\",\"name\":\"Chemgramx\",\"url\":\"https:\\\/\\\/chemgramx.com\\\/\",\"logo\":{\"@type\":\"ImageObject\",\"inLanguage\":\"hu\",\"@id\":\"https:\\\/\\\/chemgramx.com\\\/#\\\/schema\\\/logo\\\/image\\\/\",\"url\":\"https:\\\/\\\/chemgramx.com\\\/wp-content\\\/uploads\\\/2024\\\/10\\\/final-logo.png\",\"contentUrl\":\"https:\\\/\\\/chemgramx.com\\\/wp-content\\\/uploads\\\/2024\\\/10\\\/final-logo.png\",\"width\":250,\"height\":48,\"caption\":\"Chemgramx\"},\"image\":{\"@id\":\"https:\\\/\\\/chemgramx.com\\\/#\\\/schema\\\/logo\\\/image\\\/\"}}]}<\/script>\n<!-- \/ Yoast SEO plugin. -->","yoast_head_json":{"title":"4-MPD v\u00e1s\u00e1rl\u00e1s \u2013 nagy tisztas\u00e1g\u00fa, elad\u00f3","description":"Szerezze be az autentikus 4-MPD-t kiv\u00e1l\u00f3 min\u0151s\u00e9gben. Rendelje meg a 4-MPD-t online a Chemgramx-on, biztons\u00e1gos \u00e9s megb\u00edzhat\u00f3 forr\u00e1s a kutat\u00e1s\u00e1hoz.","robots":{"index":"index","follow":"follow","max-snippet":"max-snippet:-1","max-image-preview":"max-image-preview:large","max-video-preview":"max-video-preview:-1"},"canonical":"https:\/\/chemgramx.com\/hu\/termek-1\/4-mpd-online-vasarlas\/","og_locale":"hu_HU","og_type":"article","og_title":"4-MPD Kaufen - Hochrein, For Sale","og_description":"Erhalten Sie authentisches 4-MPD in Top-Qualit\u00e4t. Bestellen Sie Ihr 4-MPD online bei Chemgramx. Sichere und zuverl\u00e4ssige Beschaffung f\u00fcr Ihre Forschung.","og_url":"https:\/\/chemgramx.com\/hu\/termek-1\/4-mpd-online-vasarlas\/","og_site_name":"Chemgramx","article_modified_time":"2025-12-09T09:55:20+00:00","og_image":[{"width":600,"height":400,"url":"https:\/\/chemgramx.com\/wp-content\/uploads\/2025\/11\/4-mpd.png","type":"image\/png"}],"twitter_card":"summary_large_image","twitter_misc":{"Becs\u00fclt olvas\u00e1si id\u0151":"4 perc"},"schema":{"@context":"https:\/\/schema.org","@graph":[{"@type":"WebPage","@id":"https:\/\/chemgramx.com\/product\/4-mpd-online-kaufen\/","url":"https:\/\/chemgramx.com\/product\/4-mpd-online-kaufen\/","name":"4-MPD v\u00e1s\u00e1rl\u00e1s \u2013 nagy tisztas\u00e1g\u00fa, elad\u00f3","isPartOf":{"@id":"https:\/\/chemgramx.com\/#website"},"primaryImageOfPage":{"@id":"https:\/\/chemgramx.com\/product\/4-mpd-online-kaufen\/#primaryimage"},"image":{"@id":"https:\/\/chemgramx.com\/product\/4-mpd-online-kaufen\/#primaryimage"},"thumbnailUrl":"https:\/\/chemgramx.com\/wp-content\/uploads\/2025\/11\/4-mpd.png","datePublished":"2025-11-21T18:18:31+00:00","dateModified":"2025-12-09T09:55:20+00:00","description":"Szerezze be az autentikus 4-MPD-t kiv\u00e1l\u00f3 min\u0151s\u00e9gben. Rendelje meg a 4-MPD-t online a Chemgramx-on, biztons\u00e1gos \u00e9s megb\u00edzhat\u00f3 forr\u00e1s a kutat\u00e1s\u00e1hoz.","breadcrumb":{"@id":"https:\/\/chemgramx.com\/product\/4-mpd-online-kaufen\/#breadcrumb"},"inLanguage":"hu","potentialAction":[{"@type":"ReadAction","target":["https:\/\/chemgramx.com\/product\/4-mpd-online-kaufen\/"]}]},{"@type":"ImageObject","inLanguage":"hu","@id":"https:\/\/chemgramx.com\/product\/4-mpd-online-kaufen\/#primaryimage","url":"https:\/\/chemgramx.com\/wp-content\/uploads\/2025\/11\/4-mpd.png","contentUrl":"https:\/\/chemgramx.com\/wp-content\/uploads\/2025\/11\/4-mpd.png","width":600,"height":400},{"@type":"BreadcrumbList","@id":"https:\/\/chemgramx.com\/product\/4-mpd-online-kaufen\/#breadcrumb","itemListElement":[{"@type":"ListItem","position":1,"name":"Home","item":"https:\/\/chemgramx.com\/"},{"@type":"ListItem","position":2,"name":"Shop","item":"https:\/\/chemgramx.com\/shop\/"},{"@type":"ListItem","position":3,"name":"4-MPD Kaufen &#8211; Hochrein, For Sale"}]},{"@type":"WebSite","@id":"https:\/\/chemgramx.com\/#website","url":"https:\/\/chemgramx.com\/","name":"Chemgramx","description":"","publisher":{"@id":"https:\/\/chemgramx.com\/#organization"},"potentialAction":[{"@type":"SearchAction","target":{"@type":"EntryPoint","urlTemplate":"https:\/\/chemgramx.com\/?s={search_term_string}"},"query-input":{"@type":"PropertyValueSpecification","valueRequired":true,"valueName":"search_term_string"}}],"inLanguage":"hu"},{"@type":"Organization","@id":"https:\/\/chemgramx.com\/#organization","name":"Chemgramx","url":"https:\/\/chemgramx.com\/","logo":{"@type":"ImageObject","inLanguage":"hu","@id":"https:\/\/chemgramx.com\/#\/schema\/logo\/image\/","url":"https:\/\/chemgramx.com\/wp-content\/uploads\/2024\/10\/final-logo.png","contentUrl":"https:\/\/chemgramx.com\/wp-content\/uploads\/2024\/10\/final-logo.png","width":250,"height":48,"caption":"Chemgramx"},"image":{"@id":"https:\/\/chemgramx.com\/#\/schema\/logo\/image\/"}}]}},"_links":{"self":[{"href":"https:\/\/chemgramx.com\/hu\/wp-json\/wp\/v2\/product\/8399","targetHints":{"allow":["GET"]}}],"collection":[{"href":"https:\/\/chemgramx.com\/hu\/wp-json\/wp\/v2\/product"}],"about":[{"href":"https:\/\/chemgramx.com\/hu\/wp-json\/wp\/v2\/types\/product"}],"replies":[{"embeddable":true,"href":"https:\/\/chemgramx.com\/hu\/wp-json\/wp\/v2\/comments?post=8399"}],"wp:featuredmedia":[{"embeddable":true,"href":"https:\/\/chemgramx.com\/hu\/wp-json\/wp\/v2\/media\/8444"}],"wp:attachment":[{"href":"https:\/\/chemgramx.com\/hu\/wp-json\/wp\/v2\/media?parent=8399"}],"wp:term":[{"taxonomy":"product_brand","embeddable":true,"href":"https:\/\/chemgramx.com\/hu\/wp-json\/wp\/v2\/product_brand?post=8399"},{"taxonomy":"product_cat","embeddable":true,"href":"https:\/\/chemgramx.com\/hu\/wp-json\/wp\/v2\/product_cat?post=8399"},{"taxonomy":"product_tag","embeddable":true,"href":"https:\/\/chemgramx.com\/hu\/wp-json\/wp\/v2\/product_tag?post=8399"}],"curies":[{"name":"wp","href":"https:\/\/api.w.org\/{rel}","templated":true}]}}