{"id":8556,"date":"2025-11-21T19:11:26","date_gmt":"2025-11-21T19:11:26","guid":{"rendered":"https:\/\/chemgramx.com\/?post_type=product&#038;p=8556"},"modified":"2025-12-09T09:50:04","modified_gmt":"2025-12-09T09:50:04","slug":"online-benzolamot-vasarolni","status":"publish","type":"product","link":"https:\/\/chemgramx.com\/hu\/product\/benzolam-online-kaufen\/","title":{"rendered":"Benzolam v\u00e1s\u00e1rl\u00e1s \u2013 kiv\u00e1l\u00f3 min\u0151s\u00e9g a kutat\u00e1shoz"},"content":{"rendered":"<p>Keres\u00e9s a <b>nagy tisztas\u00e1g\u00fa benzolam<\/b> ig\u00e9nyes kutat\u00e1s\u00e1hoz? A Chemgramx-n\u00e1l <b>Benzolam elad\u00f3<\/b>, amelyet kifejezetten ig\u00e9nyes laborat\u00f3riumi alkalmaz\u00e1sokhoz fejlesztettek ki. Gondoskodunk arr\u00f3l, hogy minden term\u00e9k, amelyet \u00d6n <b>online rendel\u00e9s<\/b>, amely megfelel a legszigor\u00fabb min\u0151s\u00e9gi el\u0151\u00edr\u00e1soknak. Val\u00f3j\u00e1ban garant\u00e1ljuk a kiv\u00e9teles tisztas\u00e1got, amely elengedhetetlen a pontos tudom\u00e1nyos vizsg\u00e1latokhoz. B\u00edzzon szak\u00e9rtelm\u00fcnkben, ha <b>Kutat\u00e1si min\u0151s\u00e9g elad\u00f3<\/b> keres\u00e9s.<\/p>\n<p>Tiszt\u00e1ban vagyunk azzal, hogy a kutat\u00e1si vegyszerek min\u0151s\u00e9ge kritikus szerepet j\u00e1tszik k\u00eds\u00e9rleteiben. Ez\u00e9rt csak <b>Kiv\u00e1l\u00f3 min\u0151s\u00e9g\u0171 benzolam<\/b> , amely \u00e1tfog\u00f3 tesztel\u00e9sen \u00e9s valid\u00e1l\u00e1son esett \u00e1t. A kiv\u00e1l\u00f3s\u00e1g ir\u00e1nti elk\u00f6telezetts\u00e9g\u00fcnk miatt els\u0151dleges forr\u00e1sk\u00e9nt szolg\u00e1lunk a tud\u00f3sok \u00e9s kutat\u00f3k sz\u00e1m\u00e1ra, akik <b>A legjobb benzolam kaphat\u00f3<\/b> Keresse meg most a benzolamot, \u00e9s profit\u00e1ljon a legmagasabb tisztas\u00e1g \u00e9s hat\u00e9konys\u00e1g ir\u00e1nti elk\u00f6telezetts\u00e9g\u00fcnkb\u0151l.<\/p>\n<h2>Mi az a benzolam \u00e9s mi a jelent\u0151s\u00e9ge a kutat\u00e1sban?<\/h2>\n<p>A benzolam egy szerves vegy\u00fclet, amely specifikus k\u00e9miai szerkezet\u00e9nek \u00e9s tulajdons\u00e1gainak k\u00f6sz\u00f6nhet\u0151en sz\u00e1mos tudom\u00e1nyos diszcipl\u00edn\u00e1ban nagy \u00e9rdekl\u0151d\u00e9s \u00f6vezi. K\u00fcl\u00f6n\u00f6sen referenciak\u00e9nt \u00e9s komplex szint\u00e9zisek kiindul\u00e1si anyagak\u00e9nt haszn\u00e1lj\u00e1k. Ennek k\u00f6vetkezt\u00e9ben a benzolam rendelkez\u00e9sre \u00e1ll\u00e1sa <b>Laborat\u00f3riumi min\u0151s\u00e9g\u0171 term\u00e9kek elad\u00f3k<\/b> d\u00f6nt\u0151 fontoss\u00e1g\u00fa a k\u00eds\u00e9rleti eredm\u00e9nyek reproduk\u00e1lhat\u00f3s\u00e1ga \u00e9s \u00e9rv\u00e9nyess\u00e9ge szempontj\u00e1b\u00f3l. Ez\u00e9rt sok kutat\u00f3 benzolamot haszn\u00e1l tanulm\u00e1nyaihoz.<\/p>\n<p>A benzolam szerepe a kutat\u00e1sban sz\u00e1mos ter\u00fcletre kiterjed, t\u00f6bbek k\u00f6z\u00f6tt az anyagok tudom\u00e1ny\u00e1ra, a szerves k\u00e9mi\u00e1ra \u00e9s egyes esetekben a gy\u00f3gyszerkutat\u00e1sra is. Lehet\u0151v\u00e9 teszi a tud\u00f3sok sz\u00e1m\u00e1ra \u00faj vegy\u00fcletek szint\u00e9zis\u00e9t, analitikai m\u00f3dszerek kidolgoz\u00e1s\u00e1t vagy k\u00e9miai reakci\u00f3k vizsg\u00e1lat\u00e1t. Ezenk\u00edv\u00fcl fontos eszk\u00f6z a m\u0171szerek kalibr\u00e1l\u00e1s\u00e1hoz \u00e9s a laborat\u00f3riumok min\u0151s\u00e9gbiztos\u00edt\u00e1s\u00e1hoz. Biztons\u00e1gos v\u00e1s\u00e1rl\u00e1s <b>hiteles benzolam<\/b> ez\u00e9rt alapvet\u0151 fontoss\u00e1g\u00fa.<\/p>\n<p>A hat\u00e1s\u00e1nak \u00e9s k\u00e9miai profilj\u00e1nak pontos ismerete elengedhetetlen a komoly kutat\u00e1sokhoz. Megb\u00edzhat\u00f3 besz\u00e1ll\u00edt\u00f3 kiv\u00e1laszt\u00e1sa, aki <b>Benzolam online<\/b> ez\u00e9rt minden laborat\u00f3rium sz\u00e1m\u00e1ra d\u00f6nt\u0151 l\u00e9p\u00e9s. Csak biztos\u00edtott \u00e9s igazolhat\u00f3 min\u0151s\u00e9g mellett lehet \u00e9rtelmes \u00e9s megb\u00edzhat\u00f3 vizsg\u00e1lati eredm\u00e9nyeket el\u00e9rni. Ez\u00e9rt tan\u00e1csos a term\u00e9keket megb\u00edzhat\u00f3 forr\u00e1sokb\u00f3l beszerezni.<\/p>\n<h2>A benzolam k\u00e9miai tulajdons\u00e1gai \u00e9s szerkezete<\/h2>\n<p>A benzolam jellegzetes molekulaszerkezettel rendelkezik, amely jelent\u0151sen meghat\u00e1rozza fizikai \u00e9s k\u00e9miai tulajdons\u00e1gait. Ez egy olyan vegy\u00fclet, amelynek atomjai egy speci\u00e1lis elrendez\u00e9sben vannak, ami egyed\u00fcl\u00e1ll\u00f3 reaktivit\u00e1s\u00e1hoz vezet. Nevezetesen a funkcion\u00e1lis csoportok konfigur\u00e1ci\u00f3ja teszi a benzolamot bizonyos k\u00e9miai reakci\u00f3kra predesztin\u00e1lt\u00e1. Ezenk\u00edv\u00fcl e szerkezet tisztas\u00e1ga \u00e9s stabilit\u00e1sa nagy jelent\u0151s\u00e9ggel b\u00edr a kutat\u00e1si vegyi anyagk\u00e9nt val\u00f3 alkalmaz\u00e1sa szempontj\u00e1b\u00f3l.<\/p>\n<p>A benzolam jellemz\u0151en bizonyos oldhat\u00f3s\u00e1got mutat szerves old\u00f3szerekben, \u00e9s bizonyos k\u00f6r\u00fclm\u00e9nyek k\u00f6z\u00f6tt krist\u00e1lyosodhat. Ezek a tulajdons\u00e1gok fontosak a laborat\u00f3riumi kezel\u00e9s \u00e9s tov\u00e1bbi feldolgoz\u00e1s szempontj\u00e1b\u00f3l. Ezenk\u00edv\u00fcl az olvad\u00e1spont \u00e9s a forr\u00e1spont ismerete d\u00f6nt\u0151 fontoss\u00e1g\u00fa az azonos\u00edt\u00e1s \u00e9s a tisztas\u00e1gi vizsg\u00e1lat szempontj\u00e1b\u00f3l. Ez\u00e9rt fontosnak tartjuk, hogy \u00d6n <b>hiteles benzolam<\/b> r\u00e9szletes specifik\u00e1ci\u00f3kkal egy\u00fctt.<\/p>\n<p>Term\u00e9keink arr\u00f3l ismertek, hogy pontosan megfelelnek ezeknek a k\u00e9miai param\u00e9tereknek, ami seg\u00edt \u00d6nnek az elemz\u00e9sben \u00e9s a szint\u00e9zisben. Ezenk\u00edv\u00fcl gondoskodunk arr\u00f3l, hogy a k\u00e9miai integrit\u00e1s az eg\u00e9sz folyamat sor\u00e1n megmaradjon. A folyamatos min\u0151s\u00e9g-ellen\u0151rz\u00e9s garant\u00e1lja, hogy term\u00e9keink <b>Benzolam online<\/b> a legmagasabb sz\u00ednvonalnak megfelel. \u00cdgy a kutat\u00f3k biztosak lehetnek abban, hogy megb\u00edzhat\u00f3 term\u00e9ket kapnak k\u00eds\u00e9rleteikhez.<\/p>\n<h2>A benzolam alkalmaz\u00e1si ter\u00fcletei a tudom\u00e1nyban<\/h2>\n<p>A benzolam sokoldal\u00fa tulajdons\u00e1gai sz\u00e1mos alkalmaz\u00e1si lehet\u0151s\u00e9get ny\u00fajtanak a tudom\u00e1nyos kutat\u00e1sban. P\u00e9ld\u00e1ul gyakran haszn\u00e1lj\u00e1k standardk\u00e9nt analitikai tesztekben a m\u00e9r\u0151m\u0171szerek pontoss\u00e1g\u00e1nak ellen\u0151rz\u00e9s\u00e9re. Ezenk\u00edv\u00fcl kulcsfontoss\u00e1g\u00fa szerepet j\u00e1tszik komplex szerves molekul\u00e1k \u00faj szintetikus el\u0151\u00e1ll\u00edt\u00e1si m\u00f3dszereinek fejleszt\u00e9s\u00e9ben. A benzolam ir\u00e1nti kereslet <b>magas tisztas\u00e1g\u00fa elad\u00f3<\/b> ezekben a ter\u00fcleteken folyamatosan magas.<\/p>\n<p>A gy\u00f3gyszeripari kutat\u00e1sban a benzolam modellszerk\u00e9nt szolg\u00e1lhat a gy\u00f3gyszerek hat\u00e1s\u00e1nak vizsg\u00e1lat\u00e1hoz, vagy \u00e9p\u00edt\u0151elemk\u00e9nt \u00faj hat\u00f3anyagok fejleszt\u00e9s\u00e9hez. Ez\u00e9rt rendk\u00edv\u00fcl fontos, hogy hozz\u00e1f\u00e9rhet\u0151 legyen egy olyan forr\u00e1s, ahol <b>Benzolam elad\u00f3<\/b> tal\u00e1l, amely megfelel ezeknek az \u00e9rz\u00e9keny alkalmaz\u00e1soknak a k\u00f6vetelm\u00e9nyeinek. Ehhez elengedhetetlen a megb\u00edzhat\u00f3 beszerz\u00e9s.<\/p>\n<p>Tov\u00e1bbi alkalmaz\u00e1si ter\u00fcletek tal\u00e1lhat\u00f3k az anyag tudom\u00e1nyban, ahol a benzolam polimerek m\u00f3dos\u00edt\u00e1s\u00e1ra vagy \u00faj anyag tulajdons\u00e1gok kutat\u00e1s\u00e1ra haszn\u00e1lhat\u00f3. Ez\u00e9rt elengedhetetlen, hogy csak <b>Kiv\u00e1l\u00f3 min\u0151s\u00e9g\u0171 benzolam<\/b> haszn\u00e1lat\u00e1val pontos \u00e9s hasznos\u00edthat\u00f3 eredm\u00e9nyeket \u00e9rhet el. A <b>Benzolam online megrendel\u00e9se<\/b> a Chemgramx-n\u00e1l, ahol a min\u0151s\u00e9g \u00e9s a tisztas\u00e1g a legfontosabb. L\u00e1togasson el term\u00e9koldalunkra, ahol <a href=\"https:\/\/chemgramx.com\/product\/benzolam-online-kaufen\/\">Benzolam online v\u00e1s\u00e1rl\u00e1s<\/a>, hogy t\u00f6bbet tudjon meg.<\/p>\n<h2>Min\u0151s\u00e9gi szabv\u00e1nyok \u00e9s tisztas\u00e1g a Chemgramxn\u00e1l<\/h2>\n<p>A Chemgramx-n\u00e1l elk\u00f6telezt\u00fck magunkat a legmagasabb tisztas\u00e1g \u00e9s min\u0151s\u00e9g ir\u00e1nt. Minden benzolam-t\u00e9tel\u00fcnk szigor\u00fa analitikai teszteknek van al\u00e1vetve, hogy az ipar\u00e1gi szabv\u00e1nyokat messze meghalad\u00f3 tisztas\u00e1got biztos\u00edtsunk. Fejlett laborat\u00f3riumi technik\u00e1k, mint a HPLC, GC-MS \u00e9s NMR seg\u00edts\u00e9g\u00e9vel igazoljuk az \u00f6sszet\u00e9telt \u00e9s a szennyez\u0151d\u00e9sek hi\u00e1ny\u00e1t. \u00cdgy \u00d6n biztos lehet abban, hogy <b>magas tisztas\u00e1g\u00fa elad\u00f3<\/b> kapott.<\/p>\n<p>Tiszt\u00e1ban vagyunk azzal, hogy kutat\u00e1s\u00e1nak integrit\u00e1sa a haszn\u00e1lt vegyi anyagok min\u0151s\u00e9g\u00e9t\u0151l f\u00fcgg. Ez\u00e9rt csak <b>Kutat\u00e1si min\u0151s\u00e9g elad\u00f3<\/b> amelyeket megfelel\u0151 tan\u00fas\u00edtv\u00e1nyok k\u00eds\u00e9rnek. Ezen t\u00falmen\u0151en minden l\u00e9p\u00e9st, a szint\u00e9zist\u0151l a t\u00e1rol\u00e1sig, gondosan figyelemmel k\u00eds\u00e9r\u00fcnk, hogy biztos\u00edtsuk a term\u00e9k integrit\u00e1s\u00e1t. Ez garant\u00e1lja, hogy <b>Laborat\u00f3riumi min\u0151s\u00e9g\u0171 term\u00e9kek elad\u00f3k<\/b> mindig megfelel az elv\u00e1r\u00e1sainak, s\u0151t, azokat m\u00e9g t\u00fal is sz\u00e1rnyalja.<\/p>\n<p>Ha <b>A legjobb benzolam kaphat\u00f3<\/b> keres, akkor a Chemgramx a megfelel\u0151 c\u00edm. Min\u0151s\u00e9g ir\u00e1nti elk\u00f6telezetts\u00e9g\u00fcnk nemcsak kiv\u00e1l\u00f3 term\u00e9ket garant\u00e1l \u00d6nnek, hanem azt is, hogy kutat\u00e1sa szil\u00e1rd alapokon \u00e1ll. Val\u00f3j\u00e1ban protokolljaink c\u00e9lja, hogy olyan term\u00e9ket sz\u00e1ll\u00edtsunk \u00d6nnek, amely a legig\u00e9nyesebb tanulm\u00e1nyokhoz is alkalmas. B\u00edzzon folyamatunkban, amely minden esetben a legmagasabb min\u0151s\u00e9get garant\u00e1lja.<\/p>\n<h2>A benzolam biztons\u00e1gos kezel\u00e9se \u00e9s t\u00e1rol\u00e1sa<\/h2>\n<p>A benzolam biztons\u00e1gos kezel\u00e9se a laborat\u00f3riumban rendk\u00edv\u00fcl fontos mind a kutat\u00f3k eg\u00e9szs\u00e9g\u00e9nek, mind az anyag integrit\u00e1s\u00e1nak biztos\u00edt\u00e1sa \u00e9rdek\u00e9ben. Ez\u00e9rt mindig javasoljuk megfelel\u0151 egy\u00e9ni v\u00e9d\u0151eszk\u00f6z\u00f6k, p\u00e9ld\u00e1ul v\u00e9d\u0151szem\u00fcveg \u00e9s keszty\u0171 visel\u00e9s\u00e9t. Ezenk\u00edv\u00fcl a kezel\u00e9st j\u00f3l m\u0171k\u00f6d\u0151 elsz\u00edv\u00f3 alatt kell v\u00e9gezni, hogy minim\u00e1lisra cs\u00f6kkenjen a g\u0151z\u00f6knek val\u00f3 kitetts\u00e9g. Term\u00e9keinket mindig a legnagyobb gondoss\u00e1ggal kezelj\u00fck.<\/p>\n<p>A benzolam megfelel\u0151 t\u00e1rol\u00e1sa szint\u00e9n d\u00f6nt\u0151 fontoss\u00e1g\u00fa annak stabilit\u00e1s\u00e1nak \u00e9s tisztas\u00e1g\u00e1nak id\u0151vel t\u00f6rt\u00e9n\u0151 meg\u0151rz\u00e9se \u00e9rdek\u00e9ben. A term\u00e9ket j\u00f3l lez\u00e1rt tart\u00e1lyban, h\u0171v\u00f6s, sz\u00e1raz \u00e9s s\u00f6t\u00e9t helyen t\u00e1rolja. Ezenk\u00edv\u00fcl k\u00f6zvetlen napf\u00e9nyt\u0151l \u00e9s h\u0151forr\u00e1sokt\u00f3l t\u00e1vol kell tartani, hogy megakad\u00e1lyozz\u00e1k a boml\u00e1st. A megfelel\u0151 rakt\u00e1roz\u00e1s biztos\u00edtja a benzolam hossz\u00fa \u00e9lettartam\u00e1t.<\/p>\n<p>Mindig vegye figyelembe a biztons\u00e1gi adatlapokat (SDS), amelyek r\u00e9szletes inform\u00e1ci\u00f3kat tartalmaznak a kock\u00e1zatokr\u00f3l \u00e9s az aj\u00e1nlott \u00f3vint\u00e9zked\u00e9sekr\u0151l. Ezek a dokumentumok elengedhetetlen eszk\u00f6z\u00f6k mindenki sz\u00e1m\u00e1ra, aki vegyi anyagokkal dolgozik. Ezenk\u00edv\u00fcl fontos, hogy csak k\u00e9pzett szem\u00e9lyzet kezelje a benzolt, hogy elker\u00fclhet\u0151ek legyenek a potenci\u00e1lis vesz\u00e9lyek. Egy <b>Biztons\u00e1gos v\u00e1s\u00e1rl\u00e1s<\/b> A kezel\u00e9si \u00fatmutat\u00f3 ismeret\u00e9vel kezd\u0151dik.<\/p>\n<h2>Mi\u00e9rt \u00e9rdemes a Benzolamot a Chemgramx-t\u00f3l v\u00e1s\u00e1rolni?<\/h2>\n<p>A Chemgramx-t\u00f3l t\u00f6rt\u00e9n\u0151 kutat\u00e1si vegyszerek v\u00e1s\u00e1rl\u00e1s\u00e1nak sz\u00e1mos el\u0151nye van. C\u00e9lunk, hogy ne csak egy term\u00e9ket, hanem egy \u00e1tfog\u00f3 megold\u00e1st k\u00edn\u00e1ljunk kutat\u00e1si ig\u00e9nyeire. Ha <b>Benzolam online megrendel\u00e9se<\/b>, v\u00e1lasszon olyan partnert, amely min\u0151s\u00e9get, megb\u00edzhat\u00f3s\u00e1got \u00e9s kiv\u00e1l\u00f3 szolg\u00e1ltat\u00e1st k\u00edn\u00e1l. N\u00e1lunk <b>Benzolam elad\u00f3<\/b> olyan min\u0151s\u00e9gben, amely meghaladja az elv\u00e1r\u00e1sait.<\/p>\n<p>Az \u00e1tl\u00e1that\u00f3 beszerz\u00e9s \u00e9s a szigor\u00fa min\u0151s\u00e9g-ellen\u0151rz\u00e9s ir\u00e1nti elk\u00f6telezetts\u00e9g\u00fcnk garant\u00e1lja, hogy minden gramm <b>hiteles benzolam<\/b>, amelyet t\u0151l\u00fcnk kap, a legmagasabb sz\u00ednvonalnak felel meg. Ez biztos\u00edtja \u00d6nnek a sz\u00fcks\u00e9ges biztons\u00e1got ahhoz, hogy teljes m\u00e9rt\u00e9kben k\u00eds\u00e9rleteire koncentr\u00e1lhasson. Val\u00f3j\u00e1ban c\u00e9lunk az, hogy a legmegb\u00edzhat\u00f3bb kutat\u00e1si vegyszerek sz\u00e1ll\u00edt\u00f3ja legy\u00fcnk. Ne habozzon, <b>most online v\u00e1s\u00e1rolni<\/b>.<\/p>\n<p>Ezen fel\u00fcl z\u00f6kken\u0151mentes rendel\u00e9si \u00e9lm\u00e9nyt \u00e9s elk\u00f6telezett \u00fcgyf\u00e9lszolg\u00e1latot k\u00edn\u00e1lunk, amely minden k\u00e9rd\u00e9sben seg\u00edts\u00e9g\u00e9re \u00e1ll. A kutat\u00f3k sz\u00e1m\u00e1ra, akik <b>Benzolam v\u00e1s\u00e1rl\u00e1s<\/b> , akkor a Chemgramx az els\u0151 v\u00e1laszt\u00e1s. <b>Kiv\u00e1l\u00f3 min\u0151s\u00e9g\u0171 benzolam<\/b> \u00e9s <b>A legjobb benzolam kaphat\u00f3<\/b>. Fedezze fel soksz\u00edn\u0171 k\u00edn\u00e1latunkat m\u00e1s kutat\u00e1si vegyszerek ter\u00e9n is, amely olyan term\u00e9keket tartalmaz, mint p\u00e9ld\u00e1ul <a href=\"https:\/\/chemgramx.com\/product\/magic-mushrooms-kaufen\/\">Var\u00e1zsgomb\u00e1k<\/a>, hogy b\u0151v\u00edtsd tanulm\u00e1nyaidat \u00e9s el\u00e9rhesd kutat\u00e1si c\u00e9ljaidat. Tapasztald meg a k\u00fcl\u00f6nbs\u00e9get, ha <b>V\u00e1s\u00e1roljon a Chemgramx-n\u00e1l<\/b>.<\/p>","protected":false},"excerpt":{"rendered":"<p>Fedezze fel a <b>kiv\u00e1l\u00f3 min\u0151s\u00e9g\u0171 benzolam<\/b> ig\u00e9nyes kutat\u00e1si c\u00e9lokra. A mi <b>Benzolam online v\u00e1s\u00e1rl\u00e1s<\/b> van <b>Laborat\u00f3riumi min\u0151s\u00e9g<\/b> \u00e9s szigor\u00faan ellen\u0151rzik a tisztas\u00e1g\u00e1t. Ide\u00e1lis analitikai standardokhoz, k\u00e9miai szint\u00e9zisekhez \u00e9s gy\u00f3gyszer\u00e9szeti vizsg\u00e1latokhoz. V\u00e1s\u00e1rolja meg <b>hiteles benzolam<\/b> most, \u00e9s biztos\u00edtsa k\u00eds\u00e9rletei pontoss\u00e1g\u00e1t. B\u00edzzon a <b>Kiv\u00e1l\u00f3 min\u0151s\u00e9g\u0171 benzolam<\/b> a Chemgramx-n\u00e1l.<\/p>","protected":false},"featured_media":8585,"comment_status":"open","ping_status":"closed","template":"","meta":{"_joinchat":[]},"product_brand":[],"product_cat":[50],"product_tag":[152,151,142,153,146,141,150,148,157,147,140,145,139,154,144,149,143,155,158,156],"class_list":{"0":"post-8556","1":"product","2":"type-product","3":"status-publish","4":"has-post-thumbnail","6":"product_cat-benzodiazepines","7":"product_tag-benzolam-beschaffungsrichtlinien","8":"product_tag-benzolam-forschung-und-entwicklung","9":"product_tag-benzolam-fur-forschung","10":"product_tag-benzolam-fur-industrielle-anwendungen","11":"product_tag-benzolam-fur-laboranwendungen","12":"product_tag-benzolam-fur-medizinische-anwendungen","13":"product_tag-benzolam-gesetzliche-vorschriften","14":"product_tag-benzolam-groshandelslieferung","15":"product_tag-benzolam-im-medizinischen-bereich","16":"product_tag-benzolam-in-der-pharmaproduktion","17":"product_tag-benzolam-kaufen","18":"product_tag-benzolam-lagerung-und-handhabung","19":"product_tag-benzolam-lieferant","20":"product_tag-benzolam-marktanalyse","21":"product_tag-benzolam-preis-und-verfugbarkeit","22":"product_tag-benzolam-risiken-und-gefahren","23":"product_tag-benzolam-sicherheitsrichtlinien","24":"product_tag-benzolam-verfugbarkeit","25":"product_tag-benzolam-vertrieb","26":"product_tag-wo-benzolam-kaufen","28":"first","29":"instock","30":"shipping-taxable","31":"purchasable","32":"product-type-variable"},"yoast_head":"<!-- This site is optimized with the Yoast SEO plugin v27.5 - https:\/\/yoast.com\/product\/yoast-seo-wordpress\/ -->\n<title>Benzolam kaufen - hohe Qualit\u00e4t f\u00fcr Forschung<\/title>\n<meta name=\"description\" content=\"Benzolam online kaufen: Entdecken Sie hochreines Benzolam in Forschungsqualit\u00e4t. Perfekt f\u00fcr pr\u00e4zise Laboranwendungen. Jetzt Benzolam zum Verkauf bei Chemgramx bestellen.\" \/>\n<meta name=\"robots\" content=\"index, follow, max-snippet:-1, max-image-preview:large, max-video-preview:-1\" \/>\n<link rel=\"canonical\" href=\"https:\/\/chemgramx.com\/hu\/termek-1\/online-benzolamot-vasarolni\/\" \/>\n<meta property=\"og:locale\" content=\"hu_HU\" \/>\n<meta property=\"og:type\" content=\"article\" \/>\n<meta property=\"og:title\" content=\"Benzolam kaufen - hohe Qualit\u00e4t f\u00fcr Forschung\" \/>\n<meta property=\"og:description\" content=\"Benzolam online kaufen: Entdecken Sie hochreines Benzolam in Forschungsqualit\u00e4t. Perfekt f\u00fcr pr\u00e4zise Laboranwendungen. Jetzt Benzolam zum Verkauf bei Chemgramx bestellen.\" \/>\n<meta property=\"og:url\" content=\"https:\/\/chemgramx.com\/hu\/termek-1\/online-benzolamot-vasarolni\/\" \/>\n<meta property=\"og:site_name\" content=\"Chemgramx\" \/>\n<meta property=\"article:modified_time\" content=\"2025-12-09T09:50:04+00:00\" \/>\n<meta property=\"og:image\" content=\"https:\/\/chemgramx.com\/wp-content\/uploads\/2025\/11\/Benzolam-kaufen.webp\" \/>\n\t<meta property=\"og:image:width\" content=\"477\" \/>\n\t<meta property=\"og:image:height\" content=\"500\" \/>\n\t<meta property=\"og:image:type\" content=\"image\/webp\" \/>\n<meta name=\"twitter:card\" content=\"summary_large_image\" \/>\n<meta name=\"twitter:label1\" content=\"Becs\u00fclt olvas\u00e1si id\u0151\" \/>\n\t<meta name=\"twitter:data1\" content=\"3 perc\" \/>\n<script type=\"application\/ld+json\" class=\"yoast-schema-graph\">{\"@context\":\"https:\\\/\\\/schema.org\",\"@graph\":[{\"@type\":\"WebPage\",\"@id\":\"https:\\\/\\\/chemgramx.com\\\/product\\\/benzolam-online-kaufen\\\/\",\"url\":\"https:\\\/\\\/chemgramx.com\\\/product\\\/benzolam-online-kaufen\\\/\",\"name\":\"Benzolam kaufen - hohe Qualit\u00e4t f\u00fcr Forschung\",\"isPartOf\":{\"@id\":\"https:\\\/\\\/chemgramx.com\\\/#website\"},\"primaryImageOfPage\":{\"@id\":\"https:\\\/\\\/chemgramx.com\\\/product\\\/benzolam-online-kaufen\\\/#primaryimage\"},\"image\":{\"@id\":\"https:\\\/\\\/chemgramx.com\\\/product\\\/benzolam-online-kaufen\\\/#primaryimage\"},\"thumbnailUrl\":\"https:\\\/\\\/chemgramx.com\\\/wp-content\\\/uploads\\\/2025\\\/11\\\/Benzolam-kaufen.webp\",\"datePublished\":\"2025-11-21T19:11:26+00:00\",\"dateModified\":\"2025-12-09T09:50:04+00:00\",\"description\":\"Benzolam online kaufen: Entdecken Sie hochreines Benzolam in Forschungsqualit\u00e4t. Perfekt f\u00fcr pr\u00e4zise Laboranwendungen. Jetzt Benzolam zum Verkauf bei Chemgramx bestellen.\",\"breadcrumb\":{\"@id\":\"https:\\\/\\\/chemgramx.com\\\/product\\\/benzolam-online-kaufen\\\/#breadcrumb\"},\"inLanguage\":\"hu\",\"potentialAction\":[{\"@type\":\"ReadAction\",\"target\":[\"https:\\\/\\\/chemgramx.com\\\/product\\\/benzolam-online-kaufen\\\/\"]}]},{\"@type\":\"ImageObject\",\"inLanguage\":\"hu\",\"@id\":\"https:\\\/\\\/chemgramx.com\\\/product\\\/benzolam-online-kaufen\\\/#primaryimage\",\"url\":\"https:\\\/\\\/chemgramx.com\\\/wp-content\\\/uploads\\\/2025\\\/11\\\/Benzolam-kaufen.webp\",\"contentUrl\":\"https:\\\/\\\/chemgramx.com\\\/wp-content\\\/uploads\\\/2025\\\/11\\\/Benzolam-kaufen.webp\",\"width\":477,\"height\":500},{\"@type\":\"BreadcrumbList\",\"@id\":\"https:\\\/\\\/chemgramx.com\\\/product\\\/benzolam-online-kaufen\\\/#breadcrumb\",\"itemListElement\":[{\"@type\":\"ListItem\",\"position\":1,\"name\":\"Home\",\"item\":\"https:\\\/\\\/chemgramx.com\\\/\"},{\"@type\":\"ListItem\",\"position\":2,\"name\":\"Shop\",\"item\":\"https:\\\/\\\/chemgramx.com\\\/shop\\\/\"},{\"@type\":\"ListItem\",\"position\":3,\"name\":\"Benzolam kaufen &#8211; hohe Qualit\u00e4t f\u00fcr Forschung\"}]},{\"@type\":\"WebSite\",\"@id\":\"https:\\\/\\\/chemgramx.com\\\/#website\",\"url\":\"https:\\\/\\\/chemgramx.com\\\/\",\"name\":\"Chemgramx\",\"description\":\"\",\"publisher\":{\"@id\":\"https:\\\/\\\/chemgramx.com\\\/#organization\"},\"potentialAction\":[{\"@type\":\"SearchAction\",\"target\":{\"@type\":\"EntryPoint\",\"urlTemplate\":\"https:\\\/\\\/chemgramx.com\\\/?s={search_term_string}\"},\"query-input\":{\"@type\":\"PropertyValueSpecification\",\"valueRequired\":true,\"valueName\":\"search_term_string\"}}],\"inLanguage\":\"hu\"},{\"@type\":\"Organization\",\"@id\":\"https:\\\/\\\/chemgramx.com\\\/#organization\",\"name\":\"Chemgramx\",\"url\":\"https:\\\/\\\/chemgramx.com\\\/\",\"logo\":{\"@type\":\"ImageObject\",\"inLanguage\":\"hu\",\"@id\":\"https:\\\/\\\/chemgramx.com\\\/#\\\/schema\\\/logo\\\/image\\\/\",\"url\":\"https:\\\/\\\/chemgramx.com\\\/wp-content\\\/uploads\\\/2024\\\/10\\\/final-logo.png\",\"contentUrl\":\"https:\\\/\\\/chemgramx.com\\\/wp-content\\\/uploads\\\/2024\\\/10\\\/final-logo.png\",\"width\":250,\"height\":48,\"caption\":\"Chemgramx\"},\"image\":{\"@id\":\"https:\\\/\\\/chemgramx.com\\\/#\\\/schema\\\/logo\\\/image\\\/\"}}]}<\/script>\n<!-- \/ Yoast SEO plugin. -->","yoast_head_json":{"title":"Benzolam v\u00e1s\u00e1rl\u00e1s \u2013 kiv\u00e1l\u00f3 min\u0151s\u00e9g a kutat\u00e1shoz","description":"Benzolam online v\u00e1s\u00e1rl\u00e1s: Fedezze fel a kutat\u00e1si min\u0151s\u00e9g\u0171, nagy tisztas\u00e1g\u00fa benzolamot. T\u00f6k\u00e9letes prec\u00edz laborat\u00f3riumi alkalmaz\u00e1sokhoz. Rendeljen most benzolamot a Chemgramx weboldal\u00e1n.","robots":{"index":"index","follow":"follow","max-snippet":"max-snippet:-1","max-image-preview":"max-image-preview:large","max-video-preview":"max-video-preview:-1"},"canonical":"https:\/\/chemgramx.com\/hu\/termek-1\/online-benzolamot-vasarolni\/","og_locale":"hu_HU","og_type":"article","og_title":"Benzolam kaufen - hohe Qualit\u00e4t f\u00fcr Forschung","og_description":"Benzolam online kaufen: Entdecken Sie hochreines Benzolam in Forschungsqualit\u00e4t. Perfekt f\u00fcr pr\u00e4zise Laboranwendungen. Jetzt Benzolam zum Verkauf bei Chemgramx bestellen.","og_url":"https:\/\/chemgramx.com\/hu\/termek-1\/online-benzolamot-vasarolni\/","og_site_name":"Chemgramx","article_modified_time":"2025-12-09T09:50:04+00:00","og_image":[{"width":477,"height":500,"url":"https:\/\/chemgramx.com\/wp-content\/uploads\/2025\/11\/Benzolam-kaufen.webp","type":"image\/webp"}],"twitter_card":"summary_large_image","twitter_misc":{"Becs\u00fclt olvas\u00e1si id\u0151":"3 perc"},"schema":{"@context":"https:\/\/schema.org","@graph":[{"@type":"WebPage","@id":"https:\/\/chemgramx.com\/product\/benzolam-online-kaufen\/","url":"https:\/\/chemgramx.com\/product\/benzolam-online-kaufen\/","name":"Benzolam v\u00e1s\u00e1rl\u00e1s \u2013 kiv\u00e1l\u00f3 min\u0151s\u00e9g a kutat\u00e1shoz","isPartOf":{"@id":"https:\/\/chemgramx.com\/#website"},"primaryImageOfPage":{"@id":"https:\/\/chemgramx.com\/product\/benzolam-online-kaufen\/#primaryimage"},"image":{"@id":"https:\/\/chemgramx.com\/product\/benzolam-online-kaufen\/#primaryimage"},"thumbnailUrl":"https:\/\/chemgramx.com\/wp-content\/uploads\/2025\/11\/Benzolam-kaufen.webp","datePublished":"2025-11-21T19:11:26+00:00","dateModified":"2025-12-09T09:50:04+00:00","description":"Benzolam online v\u00e1s\u00e1rl\u00e1s: Fedezze fel a kutat\u00e1si min\u0151s\u00e9g\u0171, nagy tisztas\u00e1g\u00fa benzolamot. T\u00f6k\u00e9letes prec\u00edz laborat\u00f3riumi alkalmaz\u00e1sokhoz. Rendeljen most benzolamot a Chemgramx weboldal\u00e1n.","breadcrumb":{"@id":"https:\/\/chemgramx.com\/product\/benzolam-online-kaufen\/#breadcrumb"},"inLanguage":"hu","potentialAction":[{"@type":"ReadAction","target":["https:\/\/chemgramx.com\/product\/benzolam-online-kaufen\/"]}]},{"@type":"ImageObject","inLanguage":"hu","@id":"https:\/\/chemgramx.com\/product\/benzolam-online-kaufen\/#primaryimage","url":"https:\/\/chemgramx.com\/wp-content\/uploads\/2025\/11\/Benzolam-kaufen.webp","contentUrl":"https:\/\/chemgramx.com\/wp-content\/uploads\/2025\/11\/Benzolam-kaufen.webp","width":477,"height":500},{"@type":"BreadcrumbList","@id":"https:\/\/chemgramx.com\/product\/benzolam-online-kaufen\/#breadcrumb","itemListElement":[{"@type":"ListItem","position":1,"name":"Home","item":"https:\/\/chemgramx.com\/"},{"@type":"ListItem","position":2,"name":"Shop","item":"https:\/\/chemgramx.com\/shop\/"},{"@type":"ListItem","position":3,"name":"Benzolam kaufen &#8211; hohe Qualit\u00e4t f\u00fcr Forschung"}]},{"@type":"WebSite","@id":"https:\/\/chemgramx.com\/#website","url":"https:\/\/chemgramx.com\/","name":"Chemgramx","description":"","publisher":{"@id":"https:\/\/chemgramx.com\/#organization"},"potentialAction":[{"@type":"SearchAction","target":{"@type":"EntryPoint","urlTemplate":"https:\/\/chemgramx.com\/?s={search_term_string}"},"query-input":{"@type":"PropertyValueSpecification","valueRequired":true,"valueName":"search_term_string"}}],"inLanguage":"hu"},{"@type":"Organization","@id":"https:\/\/chemgramx.com\/#organization","name":"Chemgramx","url":"https:\/\/chemgramx.com\/","logo":{"@type":"ImageObject","inLanguage":"hu","@id":"https:\/\/chemgramx.com\/#\/schema\/logo\/image\/","url":"https:\/\/chemgramx.com\/wp-content\/uploads\/2024\/10\/final-logo.png","contentUrl":"https:\/\/chemgramx.com\/wp-content\/uploads\/2024\/10\/final-logo.png","width":250,"height":48,"caption":"Chemgramx"},"image":{"@id":"https:\/\/chemgramx.com\/#\/schema\/logo\/image\/"}}]}},"_links":{"self":[{"href":"https:\/\/chemgramx.com\/hu\/wp-json\/wp\/v2\/product\/8556","targetHints":{"allow":["GET"]}}],"collection":[{"href":"https:\/\/chemgramx.com\/hu\/wp-json\/wp\/v2\/product"}],"about":[{"href":"https:\/\/chemgramx.com\/hu\/wp-json\/wp\/v2\/types\/product"}],"replies":[{"embeddable":true,"href":"https:\/\/chemgramx.com\/hu\/wp-json\/wp\/v2\/comments?post=8556"}],"wp:featuredmedia":[{"embeddable":true,"href":"https:\/\/chemgramx.com\/hu\/wp-json\/wp\/v2\/media\/8585"}],"wp:attachment":[{"href":"https:\/\/chemgramx.com\/hu\/wp-json\/wp\/v2\/media?parent=8556"}],"wp:term":[{"taxonomy":"product_brand","embeddable":true,"href":"https:\/\/chemgramx.com\/hu\/wp-json\/wp\/v2\/product_brand?post=8556"},{"taxonomy":"product_cat","embeddable":true,"href":"https:\/\/chemgramx.com\/hu\/wp-json\/wp\/v2\/product_cat?post=8556"},{"taxonomy":"product_tag","embeddable":true,"href":"https:\/\/chemgramx.com\/hu\/wp-json\/wp\/v2\/product_tag?post=8556"}],"curies":[{"name":"wp","href":"https:\/\/api.w.org\/{rel}","templated":true}]}}