{"id":8586,"date":"2025-11-21T20:33:07","date_gmt":"2025-11-21T20:33:07","guid":{"rendered":"https:\/\/chemgramx.com\/?post_type=product&#038;p=8586"},"modified":"2025-12-09T09:49:57","modified_gmt":"2025-12-09T09:49:57","slug":"5f-adb-pinaca-online-vasarlas-3","status":"publish","type":"product","link":"https:\/\/chemgramx.com\/hu\/product\/5f-adb-pinaca-online-kaufen-2\/","title":{"rendered":"5F-ADB-PINACA online megrendel\u00e9s \u2013 Tiszta (kiv\u00e1l\u00f3 min\u0151s\u00e9g)"},"content":{"rendered":"<p>A ig\u00e9nyes kutat\u00e1si projektekn\u00e9l a reagenszek min\u0151s\u00e9ge d\u00f6nt\u0151 fontoss\u00e1g\u00fa. Fedezze fel az 5F-ADB-PINACA-t, egy szintetikus kannabinoidot az indazol-3-karboxamid oszt\u00e1lyb\u00f3l, amelyet kifejezetten analitikai \u00e9s tudom\u00e1nyos alkalmaz\u00e1sokhoz fejlesztettek ki. A Chemgramx lehet\u0151s\u00e9get k\u00edn\u00e1l \u00d6nnek, hogy, <b>5F-ADB-PINACA elad\u00f3<\/b>, amely megfelel a legmagasabb tisztas\u00e1gi szabv\u00e1nyoknak.<\/p>\n<p>Ez a vegy\u00fclet nagy tisztas\u00e1g\u00fa kutat\u00e1si vegyi anyagk\u00e9nt lett kifejlesztve, \u00e9s pontos eredm\u00e9nyeket garant\u00e1l a laborat\u00f3rium\u00e1ban. Term\u00e9keinket gondosan ellen\u0151rzik, hogy biztos\u00edts\u00e1k a k\u00eds\u00e9rleteihez sz\u00fcks\u00e9ges \u00e1lland\u00f3 min\u0151s\u00e9get \u00e9s megb\u00edzhat\u00f3s\u00e1got. Ez\u00e9rt b\u00edzhat az anyagaink integrit\u00e1s\u00e1ban.<\/p>\n<h2>Bevezet\u00e9s a 5F-ADB-PINACA-ba<\/h2>\n<p>A 5F-ADB-PINACA egy k\u00e9miai kutat\u00e1si term\u00e9k, amely az elm\u00falt \u00e9vekben egyre nagyobb \u00e9rdekl\u0151d\u00e9st v\u00e1ltott ki az endokannabinoid rendszer vizsg\u00e1lat\u00e1ban bet\u00f6lt\u00f6tt szerepe miatt. Az indazol-3-karboxamidok csal\u00e1dj\u00e1ba tartozik, amelyeket a tudom\u00e1nyos k\u00f6z\u00f6ss\u00e9g specifikus receptorinterakci\u00f3k kutat\u00e1s\u00e1ra haszn\u00e1l. \u00cdgy \u00e9rt\u00e9kes er\u0151forr\u00e1st jelent a farmakol\u00f3gia \u00e9s a toxikol\u00f3gia sz\u00e1m\u00e1ra.<\/p>\n<p>A rendelkez\u00e9sre \u00e1ll\u00f3 <b>Kiv\u00e1l\u00f3 min\u0151s\u00e9g\u0171 5F-ADB-PINACA<\/b> minden komoly kutat\u00f3int\u00e9zet sz\u00e1m\u00e1ra elengedhetetlen. Ez a speci\u00e1lis molekula lehet\u0151v\u00e9 teszi a tud\u00f3sok sz\u00e1m\u00e1ra, hogy m\u00e9lyebb betekint\u00e9st nyerjenek a kannabinoid receptorok komplex mechanizmusaiba. Ezenk\u00edv\u00fcl referenciastandardk\u00e9nt szolg\u00e1lva hozz\u00e1j\u00e1rul \u00faj ter\u00e1pi\u00e1s megk\u00f6zel\u00edt\u00e9sek kidolgoz\u00e1s\u00e1hoz.<\/p>\n<h2>A k\u00e9miai \u00f6sszet\u00e9tel \u00e9s szerkezet<\/h2>\n<p>Az 5F-ADB-PINACA, gyakran 5F-ADB-PINACA r\u00f6vid\u00edt\u00e9ssel, egy szintetikus kannabinoid, amely szerkezetileg az indazol-3-karboxamidokra hasonl\u00edt. Pontos molekul\u00e1ris k\u00e9plete \u00e9s szerkezeti konfigur\u00e1ci\u00f3ja rendk\u00edv\u00fcl fontos a kutat\u00e1sban t\u00f6rt\u00e9n\u0151 azonos\u00edt\u00e1s \u00e9s jellemz\u00e9s szempontj\u00e1b\u00f3l. K\u00fcl\u00f6n\u00f6sen ez a pontos szerkezet teszi lehet\u0151v\u00e9 a kannabinoid receptorokhoz val\u00f3 k\u00f6t\u0151d\u00e9s pontos vizsg\u00e1lat\u00e1t.<\/p>\n<p>A tisztas\u00e1g \u00e9s a <b>Hiteles 5F-ADB-PINACA<\/b> d\u00f6nt\u0151 fontoss\u00e1g\u00faak a szennyez\u0151d\u00e9sek \u00e9s a pontatlan eredm\u00e9nyek elker\u00fcl\u00e9se \u00e9rdek\u00e9ben. Term\u00e9keinket szigor\u00fa analitikai elj\u00e1r\u00e1soknak vetj\u00fck al\u00e1, hogy ellen\u0151rizz\u00fck k\u00e9miai integrit\u00e1sukat \u00e9s szerkezet\u00fcket. \u00cdgy biztos lehet benne, hogy a legmagasabb min\u0151s\u00e9g\u0171 term\u00e9ket kapja, amely megfelel a legszigor\u00fabb k\u00f6vetelm\u00e9nyeknek is.<\/p>\n<h2>A 5F-ADB-PINACA kutat\u00e1si potenci\u00e1lja<\/h2>\n<p>A 5F-ADB-PINACA kutat\u00e1si potenci\u00e1lja abban rejlik, hogy k\u00e9pes k\u00f6lcs\u00f6nhat\u00e1sba l\u00e9pni a kannabinoid receptorokkal, k\u00fcl\u00f6n\u00f6sen a CB1 \u00e9s CB2 receptorokkal. Ez \u00e9rt\u00e9kes eszk\u00f6zz\u00e9 teszi a receptorok jel\u00e1tvitel\u00e9vel \u00e9s fiziol\u00f3giai hat\u00e1saival foglalkoz\u00f3 tanulm\u00e1nyok sz\u00e1m\u00e1ra. Ezenk\u00edv\u00fcl szintetikus kannabinoidok metabolizmus\u00e1nak \u00e9s farmakokinetik\u00e1j\u00e1nak vizsg\u00e1lat\u00e1ra is felhaszn\u00e1lhat\u00f3.<\/p>\n<p>A pontos \u00e9s reproduk\u00e1lhat\u00f3 adatokra t\u00f6rekv\u0151 tud\u00f3sok sz\u00e1m\u00e1ra ez a <b>A legjobb 5F-ADB-PINACA el\u00e9rhet\u0151<\/b> a Chemgramx-n\u00e1l. Meg\u00e9rtj\u00fck, hogy olyan anyagokra van sz\u00fcks\u00e9g, amelyek nem tartalmaznak nemk\u00edv\u00e1natos mell\u00e9khat\u00e1sokat vagy szennyez\u0151d\u00e9seket, amelyek torz\u00edthatj\u00e1k a kutat\u00e1si eredm\u00e9nyeket. Ez\u00e9rt min\u0151s\u00e9gbiztos\u00edt\u00e1sunk kompromisszumok n\u00e9lk\u00fcli.<\/p>\n<h2>Min\u0151s\u00e9g \u00e9s tisztas\u00e1g a Chemgramx-n\u00e1l<\/h2>\n<p>A Chemgramxn\u00e1l nagy hangs\u00falyt fektet\u00fcnk arra, hogy az anyagokat <b>legmagasabb tisztas\u00e1g\u00fa elad\u00f3<\/b>. Minden 5F-ADB-PINACA t\u00e9tel \u00e1tfog\u00f3 min\u0151s\u00e9g-ellen\u0151rz\u00e9sen esik \u00e1t. Ez mag\u00e1ban foglalja a modern analitikai m\u00f3dszereket, mint p\u00e9ld\u00e1ul a g\u00e1zkromatogr\u00e1fia-t\u00f6megspektrometria (GC-MS), a nagy teljes\u00edtm\u00e9ny\u0171 folyad\u00e9kkromatogr\u00e1fia (HPLC) \u00e9s a magm\u00e1gneses rezonancia spektroszk\u00f3pia (NMR).<\/p>\n<p>Garant\u00e1ljuk a <b>Kutat\u00e1si min\u0151s\u00e9g elad\u00f3<\/b>, amely megfelel a legig\u00e9nyesebb tudom\u00e1nyos tanulm\u00e1nyok k\u00f6vetelm\u00e9nyeinek. Ezenk\u00edv\u00fcl a mi <b>Laborat\u00f3riumi min\u0151s\u00e9g\u0171 term\u00e9kek elad\u00f3<\/b> a kiv\u00e1l\u00f3s\u00e1g ir\u00e1nti elk\u00f6telezetts\u00e9g\u00fcnk bizony\u00edt\u00e9ka. Ha \u00d6n <b>5F-ADB-PINACA megv\u00e1s\u00e1rl\u00e1sa a Chemgramx-n\u00e1l<\/b>, olyan anyagot kap, amely konzisztens \u00e9s megb\u00edzhat\u00f3 eredm\u00e9nyek el\u00e9r\u00e9s\u00e9re van optimaliz\u00e1lva.<\/p>\n<p>Min\u0151s\u00e9g ir\u00e1nti elk\u00f6telezetts\u00e9g\u00fcnk garant\u00e1lja, hogy \u00d6n <b>Kiv\u00e1l\u00f3 min\u0151s\u00e9g\u0171 5F-ADB-PINACA<\/b> munk\u00e1lkodunk, amely biztos\u00edtja kutat\u00e1saink integrit\u00e1s\u00e1t. Ez a szigor\u00fa protokoll v\u00e1llalatunk filoz\u00f3fi\u00e1j\u00e1nak egyik sarokk\u00f6ve. Ennek eredm\u00e9nyek\u00e9nt olyan term\u00e9keket k\u00edn\u00e1lunk \u00d6nnek, amelyekben megb\u00edzhat.<\/p>\n<h2>Alkalmaz\u00e1sok a kutat\u00e1sban<\/h2>\n<p>Az 5F-ADB-PINACA k\u00fcl\u00f6nb\u00f6z\u0151 kutat\u00e1si ter\u00fcleteken alkalmazhat\u00f3. Gyakran haszn\u00e1lj\u00e1k referencia-standardk\u00e9nt t\u00f6rv\u00e9nysz\u00e9ki \u00e9s toxikol\u00f3giai laborat\u00f3riumokban hasonl\u00f3 vegy\u00fcletek jelenl\u00e9t\u00e9nek azonos\u00edt\u00e1s\u00e1ra. Emellett fontos eszk\u00f6z farmakol\u00f3giai tanulm\u00e1nyokban, amelyek c\u00e9lja a kannabinoid receptorok k\u00f6t\u0151d\u00e9si affinit\u00e1s\u00e1nak \u00e9s funkcion\u00e1lis aktivit\u00e1s\u00e1nak felt\u00e1r\u00e1sa.<\/p>\n<p>A tud\u00f3sok ezt az anyagot in vitro k\u00eds\u00e9rletekhez haszn\u00e1lj\u00e1k a sejtek reakci\u00f3inak megfigyel\u00e9s\u00e9re, valamint in vivo vizsg\u00e1latokhoz (megfelel\u0151 etikai \u00e9s szab\u00e1lyoz\u00e1si felt\u00e9telek mellett) a fiziol\u00f3giai rendszerekre gyakorolt hat\u00e1sok vizsg\u00e1lat\u00e1hoz. Kiterjedt kutat\u00e1si vegyi anyagok v\u00e1laszt\u00e9ka, t\u00f6bbek k\u00f6z\u00f6tt <b>5F-ADB-PINACA online v\u00e1s\u00e1rl\u00e1s<\/b>, megtal\u00e1lja term\u00e9koldalunkon. <a href=\"https:\/\/chemgramx.com\/product\/5f-adb-pinaca-online-kaufen-2\/\">itt<\/a>. Ez sz\u00e9les k\u00f6r\u0171 k\u00eds\u00e9rleti tervek kidolgoz\u00e1s\u00e1t teszi lehet\u0151v\u00e9.<\/p>\n<p>Ezenk\u00edv\u00fcl a k\u00f6t\u00e9s prec\u00edz jellege r\u00e9szletes betekint\u00e9st enged az anyagcsere-\u00fatvonalakba, ami elengedhetetlen a szintetikus kannabinoidok biotranszform\u00e1ci\u00f3j\u00e1nak meg\u00e9rt\u00e9s\u00e9hez. A megb\u00edzhat\u00f3 adatok el\u0151\u00e1ll\u00edt\u00e1s\u00e1hoz a reagens tisztas\u00e1ga rendk\u00edv\u00fcl fontos.<\/p>\n<h2>Biztons\u00e1gi utas\u00edt\u00e1sok \u00e9s kezel\u00e9s<\/h2>\n<p>Kutat\u00e1si vegyi anyagk\u00e9nt a 5F-ADB-PINACA kiz\u00e1r\u00f3lag laborat\u00f3riumi haszn\u00e1latra sz\u00e1nt, emberi fogyaszt\u00e1sra nem alkalmas. Az anyag kezel\u00e9se sor\u00e1n mindig szigor\u00fa biztons\u00e1gi el\u0151\u00edr\u00e1sokat kell betartani. Ide tartozik a megfelel\u0151 egy\u00e9ni v\u00e9d\u0151felszerel\u00e9s, p\u00e9ld\u00e1ul keszty\u0171, v\u00e9d\u0151szem\u00fcveg \u00e9s laborat\u00f3riumi k\u00f6peny visel\u00e9se.<\/p>\n<p>A g\u0151z\u00f6knek vagy r\u00e9szecsk\u00e9knek val\u00f3 kitetts\u00e9g minimaliz\u00e1l\u00e1sa \u00e9rdek\u00e9ben tan\u00e1csos j\u00f3l szell\u0151z\u0151 helyen vagy elsz\u00edv\u00f3 alatt dolgozni. A t\u00e1rol\u00e1s h\u0171v\u00f6s, sz\u00e1raz \u00e9s s\u00f6t\u00e9t helyen, k\u00f6zvetlen napf\u00e9nyt\u0151l \u00e9s h\u0151forr\u00e1sokt\u00f3l t\u00e1vol t\u00f6rt\u00e9njen. A term\u00e9k stabilit\u00e1s\u00e1nak biztos\u00edt\u00e1sa \u00e9rdek\u00e9ben gondosan kell kezelni.<\/p>\n<p>A marad\u00e9k anyagok \u00e1rtalmatlan\u00edt\u00e1s\u00e1t a helyi vegyi hullad\u00e9kokra vonatkoz\u00f3 el\u0151\u00edr\u00e1soknak megfelel\u0151en kell elv\u00e9gezni, hogy elker\u00fclhet\u0151 legyen a k\u00f6rnyezet k\u00e1rosod\u00e1sa. A felel\u0151ss\u00e9gteljes kezel\u00e9s biztos\u00edtja a szem\u00e9lyzet biztons\u00e1g\u00e1t \u00e9s a kutat\u00e1si k\u00f6rnyezet integrit\u00e1s\u00e1t. Ez minden tudom\u00e1nyos laborat\u00f3rium alapvet\u0151 elve.<\/p>\n<h2>Beszerz\u00e9si forr\u00e1sok \u00e9s online megrendel\u00e9s<\/h2>\n<p>A Chemgramx megk\u00f6nny\u00edti az \u00d6n sz\u00e1m\u00e1ra, <b>5F-ADB-PINACA online megrendel\u00e9se<\/b>. Intuit\u00edv rendel\u00e9si folyamatunk \u00fagy lett kialak\u00edtva, hogy hat\u00e9kony \u00e9s biztons\u00e1gos v\u00e1s\u00e1rl\u00e1st tegyen lehet\u0151v\u00e9. Meg\u00e9rtj\u00fck a kutat\u00e1si ig\u00e9nyek s\u00fcrg\u0151ss\u00e9g\u00e9t, ez\u00e9rt optimaliz\u00e1ltuk folyamatainkat, hogy gyorsan kiel\u00e9g\u00edthess\u00fck ig\u00e9nyeit.<\/p>\n<p>A <b>biztos v\u00e1s\u00e1rl\u00e1s<\/b> A kutat\u00e1si vegyszerek biztons\u00e1ga els\u0151dleges fontoss\u00e1g\u00fa sz\u00e1munkra. Minden tranzakci\u00f3t fejlett biztons\u00e1gi technol\u00f3gi\u00e1k v\u00e9dik, hogy adatai biztons\u00e1gban legyenek. Ha <b>most online v\u00e1s\u00e1rolni<\/b>, profit\u00e1ljon term\u00e9kmin\u0151s\u00e9g\u00fcnk \u00e9s vev\u0151i el\u00e9gedetts\u00e9g\u00fcnk ir\u00e1nti elk\u00f6telezetts\u00e9g\u00fcnkb\u0151l. Ezenk\u00edv\u00fcl sz\u00e9les k\u00f6r\u0171 kutat\u00e1si vegyszerek v\u00e1laszt\u00e9k\u00e1t k\u00edn\u00e1ljuk, t\u00f6bbek k\u00f6z\u00f6tt k\u00fcl\u00f6nb\u00f6z\u0151 <a href=\"https:\/\/chemgramx.com\/product\/dmt-cartridges-kaufen\/\">DMT patronok<\/a>.<\/p>\n<p>Platformunk c\u00e9lja, hogy a kutat\u00f3k sz\u00e1m\u00e1ra vil\u00e1gszerte megb\u00edzhat\u00f3 forr\u00e1sk\u00e9nt szolg\u00e1ljon a kiv\u00e1l\u00f3 min\u0151s\u00e9g\u0171 anyagok beszerz\u00e9s\u00e9hez. Arra t\u00f6reksz\u00fcnk, hogy a kutat\u00e1shoz elengedhetetlen anyagokhoz val\u00f3 hozz\u00e1f\u00e9r\u00e9st a lehet\u0151 legegyszer\u0171bb\u00e9 tegy\u00fck. \u00cdgy a tud\u00f3sok teljes m\u00e9rt\u00e9kben a k\u00eds\u00e9rleteikre koncentr\u00e1lhatnak.<\/p>\n<h2>Gyakran ism\u00e9telt k\u00e9rd\u00e9sek (GYIK)<\/h2>\n<h3>A 5F-ADB-PINACA leg\u00e1lisan kaphat\u00f3?<\/h3>\n<p>A 5F-ADB-PINACA \u00e9s hasonl\u00f3 kutat\u00e1si vegyi anyagok jogi st\u00e1tusza joghat\u00f3s\u00e1gonk\u00e9nt elt\u00e9r\u0151. Javasoljuk minden \u00fcgyfel\u00fcnknek, hogy v\u00e1s\u00e1rl\u00e1s el\u0151tt t\u00e1j\u00e9koz\u00f3djon a helyi t\u00f6rv\u00e9nyekr\u0151l \u00e9s el\u0151\u00edr\u00e1sokr\u00f3l. A Chemgramx kiz\u00e1r\u00f3lag tudom\u00e1nyos kutat\u00e1si c\u00e9lokra \u00e9rt\u00e9kes\u00edti ezt az anyagot.<\/p>\n<h3>Hogyan biztos\u00edtja a Chemgramx az 5F-ADB-PINACA tisztas\u00e1g\u00e1t?<\/h3>\n<p>Term\u00e9keink szigor\u00fa bels\u0151 min\u0151s\u00e9g-ellen\u0151rz\u00e9sen esnek \u00e1t, \u00e9s f\u00fcggetlen laborat\u00f3riumok tesztelik \u0151ket. GC-MS, HPLC \u00e9s NMR analitikai technik\u00e1kat alkalmazunk, hogy minden t\u00e9tel k\u00e9miai tisztas\u00e1g\u00e1t \u00e9s identit\u00e1s\u00e1t meger\u0151s\u00edts\u00fck. Ez garant\u00e1lja a magas min\u0151s\u00e9get kutat\u00e1saihoz.<\/p>\n<h3>Milyen \u00f3vint\u00e9zked\u00e9seket kell betartani a kezel\u00e9s sor\u00e1n?<\/h3>\n<p>A 5F-ADB-PINACA kezel\u00e9se sor\u00e1n mindig viseljen szem\u00e9lyi v\u00e9d\u0151felszerel\u00e9st (PSA), p\u00e9ld\u00e1ul keszty\u0171t, v\u00e9d\u0151szem\u00fcveget \u00e9s laborat\u00f3riumi k\u00f6penyt. J\u00f3l szell\u0151z\u0151 helyis\u00e9gben vagy elsz\u00edv\u00f3 alatt dolgozzon. Ker\u00fclje a k\u00f6zvetlen b\u0151r- \u00e9s szemkontaktust, valamint a g\u0151z\u00f6k vagy por bel\u00e9legz\u00e9s\u00e9t. A biztons\u00e1g a legfontosabb.<\/p>\n<h2>K\u00f6vetkeztet\u00e9s a kutat\u00e1s\u00e1hoz<\/h2>\n<p>\u00d6sszefoglalva elmondhat\u00f3, hogy a 5F-ADB-PINACA elengedhetetlen kutat\u00e1si vegyi anyag a kannabinoid farmakol\u00f3gia ter\u00fclet\u00e9n v\u00e9gzett tanulm\u00e1nyokhoz. A <b>A legjobb 5F-ADB-PINACA el\u00e9rhet\u0151<\/b> A Chemgramx garant\u00e1lja, hogy kutat\u00e1sait a legmagasabb integrit\u00e1s\u00fa anyagokkal v\u00e9gezheti. B\u00edzzon szak\u00e9rtelm\u00fcnkben \u00e9s min\u0151s\u00e9g ir\u00e1nti elk\u00f6telezetts\u00e9g\u00fcnkben.<\/p>\n<p>Megh\u00edvjuk \u00d6nt, hogy \u00e9lvezze a <b>Kiv\u00e1l\u00f3 min\u0151s\u00e9g\u0171 5F-ADB-PINACA<\/b> tudom\u00e1nyos projektjeihez. C\u00e9lunk, hogy a kutat\u00f3k vil\u00e1gszerte hozz\u00e1f\u00e9rjenek a pontos \u00e9s megb\u00edzhat\u00f3 anyagokhoz. Tapasztalja meg, milyen k\u00fcl\u00f6nbs\u00e9get jelenthet az igazi laborat\u00f3riumi min\u0151s\u00e9g az eredm\u00e9nyeiben.<\/p>","protected":false},"excerpt":{"rendered":"<p>Fedezze fel a nagy tisztas\u00e1g\u00fa <b>5F-ADB-PINACA<\/b> analitikai \u00e9s tudom\u00e1nyos kutat\u00e1sokhoz. Az indazol-3-karboxamid oszt\u00e1lyba tartoz\u00f3 szintetikus kannabinoidk\u00e9nt ide\u00e1lis prec\u00edz laborat\u00f3riumi vizsg\u00e1latokhoz. Rendeljen most a Chemgramx-t\u00f3l, \u00e9s \u00e9lvezze az al\u00e1bbi el\u0151ny\u00f6ket:<\/b><\/p>\n<ul>\n<li><b>Magas tisztas\u00e1g<\/b> megb\u00edzhat\u00f3 eredm\u00e9nyek\u00e9rt.<\/li>\n<li><b>A kutat\u00e1s min\u0151s\u00e9ge<\/b> ig\u00e9nyes projektekhez.<\/li>\n<li><b>Biztons\u00e1gos v\u00e1s\u00e1rl\u00e1s<\/b> A kutat\u00e1si vegyszere.<\/li>\n<\/ul>","protected":false},"featured_media":6909,"comment_status":"closed","ping_status":"closed","template":"","meta":{"_joinchat":[]},"product_brand":[],"product_cat":[1801],"product_tag":[],"class_list":{"0":"post-8586","1":"product","2":"type-product","3":"status-publish","4":"has-post-thumbnail","6":"product_cat-neue-chemikalien","8":"first","9":"instock","10":"shipping-taxable","11":"purchasable","12":"product-type-variable"},"yoast_head":"<!-- This site is optimized with the Yoast SEO plugin v27.5 - https:\/\/yoast.com\/product\/yoast-seo-wordpress\/ -->\n<title>5F-ADB-PINACA online bestellen \u2013 Reinst (Top Qualit\u00e4t)<\/title>\n<meta name=\"description\" content=\"Entdecken Sie hochreines 5F-ADB-PINACA f\u00fcr Ihre Forschung. Bestellen Sie jetzt bei Chemgramx online und profitieren Sie von h\u00f6chster Laborqualit\u00e4t. Sicherer Erwerb f\u00fcr anspruchsvolle Analysen.\" \/>\n<meta name=\"robots\" content=\"index, follow, max-snippet:-1, max-image-preview:large, max-video-preview:-1\" \/>\n<link rel=\"canonical\" href=\"https:\/\/chemgramx.com\/hu\/termek-1\/5f-adb-pinaca-online-vasarlas-3\/\" \/>\n<meta property=\"og:locale\" content=\"hu_HU\" \/>\n<meta property=\"og:type\" content=\"article\" \/>\n<meta property=\"og:title\" content=\"5F-ADB-PINACA online bestellen \u2013 Reinst (Top Qualit\u00e4t)\" \/>\n<meta property=\"og:description\" content=\"Entdecken Sie hochreines 5F-ADB-PINACA f\u00fcr Ihre Forschung. Bestellen Sie jetzt bei Chemgramx online und profitieren Sie von h\u00f6chster Laborqualit\u00e4t. Sicherer Erwerb f\u00fcr anspruchsvolle Analysen.\" \/>\n<meta property=\"og:url\" content=\"https:\/\/chemgramx.com\/hu\/termek-1\/5f-adb-pinaca-online-vasarlas-3\/\" \/>\n<meta property=\"og:site_name\" content=\"Chemgramx\" \/>\n<meta property=\"article:modified_time\" content=\"2025-12-09T09:49:57+00:00\" \/>\n<meta property=\"og:image\" content=\"https:\/\/chemgramx.com\/wp-content\/uploads\/2025\/11\/adppinacca.png\" \/>\n\t<meta property=\"og:image:width\" content=\"600\" \/>\n\t<meta property=\"og:image:height\" content=\"400\" \/>\n\t<meta property=\"og:image:type\" content=\"image\/png\" \/>\n<meta name=\"twitter:card\" content=\"summary_large_image\" \/>\n<meta name=\"twitter:label1\" content=\"Becs\u00fclt olvas\u00e1si id\u0151\" \/>\n\t<meta name=\"twitter:data1\" content=\"4 perc\" \/>\n<script type=\"application\/ld+json\" class=\"yoast-schema-graph\">{\"@context\":\"https:\\\/\\\/schema.org\",\"@graph\":[{\"@type\":\"WebPage\",\"@id\":\"https:\\\/\\\/chemgramx.com\\\/product\\\/5f-adb-pinaca-online-kaufen-2\\\/\",\"url\":\"https:\\\/\\\/chemgramx.com\\\/product\\\/5f-adb-pinaca-online-kaufen-2\\\/\",\"name\":\"5F-ADB-PINACA online bestellen \u2013 Reinst (Top Qualit\u00e4t)\",\"isPartOf\":{\"@id\":\"https:\\\/\\\/chemgramx.com\\\/#website\"},\"primaryImageOfPage\":{\"@id\":\"https:\\\/\\\/chemgramx.com\\\/product\\\/5f-adb-pinaca-online-kaufen-2\\\/#primaryimage\"},\"image\":{\"@id\":\"https:\\\/\\\/chemgramx.com\\\/product\\\/5f-adb-pinaca-online-kaufen-2\\\/#primaryimage\"},\"thumbnailUrl\":\"https:\\\/\\\/chemgramx.com\\\/wp-content\\\/uploads\\\/2025\\\/11\\\/adppinacca.png\",\"datePublished\":\"2025-11-21T20:33:07+00:00\",\"dateModified\":\"2025-12-09T09:49:57+00:00\",\"description\":\"Entdecken Sie hochreines 5F-ADB-PINACA f\u00fcr Ihre Forschung. Bestellen Sie jetzt bei Chemgramx online und profitieren Sie von h\u00f6chster Laborqualit\u00e4t. Sicherer Erwerb f\u00fcr anspruchsvolle Analysen.\",\"breadcrumb\":{\"@id\":\"https:\\\/\\\/chemgramx.com\\\/product\\\/5f-adb-pinaca-online-kaufen-2\\\/#breadcrumb\"},\"inLanguage\":\"hu\",\"potentialAction\":[{\"@type\":\"ReadAction\",\"target\":[\"https:\\\/\\\/chemgramx.com\\\/product\\\/5f-adb-pinaca-online-kaufen-2\\\/\"]}]},{\"@type\":\"ImageObject\",\"inLanguage\":\"hu\",\"@id\":\"https:\\\/\\\/chemgramx.com\\\/product\\\/5f-adb-pinaca-online-kaufen-2\\\/#primaryimage\",\"url\":\"https:\\\/\\\/chemgramx.com\\\/wp-content\\\/uploads\\\/2025\\\/11\\\/adppinacca.png\",\"contentUrl\":\"https:\\\/\\\/chemgramx.com\\\/wp-content\\\/uploads\\\/2025\\\/11\\\/adppinacca.png\",\"width\":600,\"height\":400},{\"@type\":\"BreadcrumbList\",\"@id\":\"https:\\\/\\\/chemgramx.com\\\/product\\\/5f-adb-pinaca-online-kaufen-2\\\/#breadcrumb\",\"itemListElement\":[{\"@type\":\"ListItem\",\"position\":1,\"name\":\"Home\",\"item\":\"https:\\\/\\\/chemgramx.com\\\/\"},{\"@type\":\"ListItem\",\"position\":2,\"name\":\"Shop\",\"item\":\"https:\\\/\\\/chemgramx.com\\\/shop\\\/\"},{\"@type\":\"ListItem\",\"position\":3,\"name\":\"5F-ADB-PINACA online bestellen \u2013 Reinst (Top Qualit\u00e4t)\"}]},{\"@type\":\"WebSite\",\"@id\":\"https:\\\/\\\/chemgramx.com\\\/#website\",\"url\":\"https:\\\/\\\/chemgramx.com\\\/\",\"name\":\"Chemgramx\",\"description\":\"\",\"publisher\":{\"@id\":\"https:\\\/\\\/chemgramx.com\\\/#organization\"},\"potentialAction\":[{\"@type\":\"SearchAction\",\"target\":{\"@type\":\"EntryPoint\",\"urlTemplate\":\"https:\\\/\\\/chemgramx.com\\\/?s={search_term_string}\"},\"query-input\":{\"@type\":\"PropertyValueSpecification\",\"valueRequired\":true,\"valueName\":\"search_term_string\"}}],\"inLanguage\":\"hu\"},{\"@type\":\"Organization\",\"@id\":\"https:\\\/\\\/chemgramx.com\\\/#organization\",\"name\":\"Chemgramx\",\"url\":\"https:\\\/\\\/chemgramx.com\\\/\",\"logo\":{\"@type\":\"ImageObject\",\"inLanguage\":\"hu\",\"@id\":\"https:\\\/\\\/chemgramx.com\\\/#\\\/schema\\\/logo\\\/image\\\/\",\"url\":\"https:\\\/\\\/chemgramx.com\\\/wp-content\\\/uploads\\\/2024\\\/10\\\/final-logo.png\",\"contentUrl\":\"https:\\\/\\\/chemgramx.com\\\/wp-content\\\/uploads\\\/2024\\\/10\\\/final-logo.png\",\"width\":250,\"height\":48,\"caption\":\"Chemgramx\"},\"image\":{\"@id\":\"https:\\\/\\\/chemgramx.com\\\/#\\\/schema\\\/logo\\\/image\\\/\"}}]}<\/script>\n<!-- \/ Yoast SEO plugin. -->","yoast_head_json":{"title":"5F-ADB-PINACA online megrendel\u00e9s \u2013 Tiszta (kiv\u00e1l\u00f3 min\u0151s\u00e9g)","description":"Fedezze fel a kutat\u00e1s\u00e1hoz a nagy tisztas\u00e1g\u00fa 5F-ADB-PINACA-t. Rendeljen most online a Chemgramx-n\u00e1l, \u00e9s \u00e9lvezze a legmagasabb laborat\u00f3riumi min\u0151s\u00e9get. Biztons\u00e1gos v\u00e1s\u00e1rl\u00e1s ig\u00e9nyes elemz\u00e9sekhez.","robots":{"index":"index","follow":"follow","max-snippet":"max-snippet:-1","max-image-preview":"max-image-preview:large","max-video-preview":"max-video-preview:-1"},"canonical":"https:\/\/chemgramx.com\/hu\/termek-1\/5f-adb-pinaca-online-vasarlas-3\/","og_locale":"hu_HU","og_type":"article","og_title":"5F-ADB-PINACA online bestellen \u2013 Reinst (Top Qualit\u00e4t)","og_description":"Entdecken Sie hochreines 5F-ADB-PINACA f\u00fcr Ihre Forschung. Bestellen Sie jetzt bei Chemgramx online und profitieren Sie von h\u00f6chster Laborqualit\u00e4t. Sicherer Erwerb f\u00fcr anspruchsvolle Analysen.","og_url":"https:\/\/chemgramx.com\/hu\/termek-1\/5f-adb-pinaca-online-vasarlas-3\/","og_site_name":"Chemgramx","article_modified_time":"2025-12-09T09:49:57+00:00","og_image":[{"width":600,"height":400,"url":"https:\/\/chemgramx.com\/wp-content\/uploads\/2025\/11\/adppinacca.png","type":"image\/png"}],"twitter_card":"summary_large_image","twitter_misc":{"Becs\u00fclt olvas\u00e1si id\u0151":"4 perc"},"schema":{"@context":"https:\/\/schema.org","@graph":[{"@type":"WebPage","@id":"https:\/\/chemgramx.com\/product\/5f-adb-pinaca-online-kaufen-2\/","url":"https:\/\/chemgramx.com\/product\/5f-adb-pinaca-online-kaufen-2\/","name":"5F-ADB-PINACA online megrendel\u00e9s \u2013 Tiszta (kiv\u00e1l\u00f3 min\u0151s\u00e9g)","isPartOf":{"@id":"https:\/\/chemgramx.com\/#website"},"primaryImageOfPage":{"@id":"https:\/\/chemgramx.com\/product\/5f-adb-pinaca-online-kaufen-2\/#primaryimage"},"image":{"@id":"https:\/\/chemgramx.com\/product\/5f-adb-pinaca-online-kaufen-2\/#primaryimage"},"thumbnailUrl":"https:\/\/chemgramx.com\/wp-content\/uploads\/2025\/11\/adppinacca.png","datePublished":"2025-11-21T20:33:07+00:00","dateModified":"2025-12-09T09:49:57+00:00","description":"Fedezze fel a kutat\u00e1s\u00e1hoz a nagy tisztas\u00e1g\u00fa 5F-ADB-PINACA-t. Rendeljen most online a Chemgramx-n\u00e1l, \u00e9s \u00e9lvezze a legmagasabb laborat\u00f3riumi min\u0151s\u00e9get. Biztons\u00e1gos v\u00e1s\u00e1rl\u00e1s ig\u00e9nyes elemz\u00e9sekhez.","breadcrumb":{"@id":"https:\/\/chemgramx.com\/product\/5f-adb-pinaca-online-kaufen-2\/#breadcrumb"},"inLanguage":"hu","potentialAction":[{"@type":"ReadAction","target":["https:\/\/chemgramx.com\/product\/5f-adb-pinaca-online-kaufen-2\/"]}]},{"@type":"ImageObject","inLanguage":"hu","@id":"https:\/\/chemgramx.com\/product\/5f-adb-pinaca-online-kaufen-2\/#primaryimage","url":"https:\/\/chemgramx.com\/wp-content\/uploads\/2025\/11\/adppinacca.png","contentUrl":"https:\/\/chemgramx.com\/wp-content\/uploads\/2025\/11\/adppinacca.png","width":600,"height":400},{"@type":"BreadcrumbList","@id":"https:\/\/chemgramx.com\/product\/5f-adb-pinaca-online-kaufen-2\/#breadcrumb","itemListElement":[{"@type":"ListItem","position":1,"name":"Home","item":"https:\/\/chemgramx.com\/"},{"@type":"ListItem","position":2,"name":"Shop","item":"https:\/\/chemgramx.com\/shop\/"},{"@type":"ListItem","position":3,"name":"5F-ADB-PINACA online bestellen \u2013 Reinst (Top Qualit\u00e4t)"}]},{"@type":"WebSite","@id":"https:\/\/chemgramx.com\/#website","url":"https:\/\/chemgramx.com\/","name":"Chemgramx","description":"","publisher":{"@id":"https:\/\/chemgramx.com\/#organization"},"potentialAction":[{"@type":"SearchAction","target":{"@type":"EntryPoint","urlTemplate":"https:\/\/chemgramx.com\/?s={search_term_string}"},"query-input":{"@type":"PropertyValueSpecification","valueRequired":true,"valueName":"search_term_string"}}],"inLanguage":"hu"},{"@type":"Organization","@id":"https:\/\/chemgramx.com\/#organization","name":"Chemgramx","url":"https:\/\/chemgramx.com\/","logo":{"@type":"ImageObject","inLanguage":"hu","@id":"https:\/\/chemgramx.com\/#\/schema\/logo\/image\/","url":"https:\/\/chemgramx.com\/wp-content\/uploads\/2024\/10\/final-logo.png","contentUrl":"https:\/\/chemgramx.com\/wp-content\/uploads\/2024\/10\/final-logo.png","width":250,"height":48,"caption":"Chemgramx"},"image":{"@id":"https:\/\/chemgramx.com\/#\/schema\/logo\/image\/"}}]}},"_links":{"self":[{"href":"https:\/\/chemgramx.com\/hu\/wp-json\/wp\/v2\/product\/8586","targetHints":{"allow":["GET"]}}],"collection":[{"href":"https:\/\/chemgramx.com\/hu\/wp-json\/wp\/v2\/product"}],"about":[{"href":"https:\/\/chemgramx.com\/hu\/wp-json\/wp\/v2\/types\/product"}],"replies":[{"embeddable":true,"href":"https:\/\/chemgramx.com\/hu\/wp-json\/wp\/v2\/comments?post=8586"}],"wp:featuredmedia":[{"embeddable":true,"href":"https:\/\/chemgramx.com\/hu\/wp-json\/wp\/v2\/media\/6909"}],"wp:attachment":[{"href":"https:\/\/chemgramx.com\/hu\/wp-json\/wp\/v2\/media?parent=8586"}],"wp:term":[{"taxonomy":"product_brand","embeddable":true,"href":"https:\/\/chemgramx.com\/hu\/wp-json\/wp\/v2\/product_brand?post=8586"},{"taxonomy":"product_cat","embeddable":true,"href":"https:\/\/chemgramx.com\/hu\/wp-json\/wp\/v2\/product_cat?post=8586"},{"taxonomy":"product_tag","embeddable":true,"href":"https:\/\/chemgramx.com\/hu\/wp-json\/wp\/v2\/product_tag?post=8586"}],"curies":[{"name":"wp","href":"https:\/\/api.w.org\/{rel}","templated":true}]}}