{"id":8627,"date":"2025-11-21T20:55:45","date_gmt":"2025-11-21T20:55:45","guid":{"rendered":"https:\/\/chemgramx.com\/?post_type=product&#038;p=8627"},"modified":"2025-12-09T09:45:49","modified_gmt":"2025-12-09T09:45:49","slug":"5-mapdb-5-2-metilaminopropil-online-vasarlas","status":"publish","type":"product","link":"https:\/\/chemgramx.com\/hu\/termek-2\/5-mapdb-5-2-metilaminopropil-online-vasarlas\/","title":{"rendered":"5-MAPDB \u2013 Kutat\u00e1si vegyi anyag (elad\u00f3|kiv\u00e1l\u00f3 min\u0151s\u00e9g)"},"content":{"rendered":"<p>\u00dcdv\u00f6z\u00f6lj\u00fck a Chemgramxn\u00e9l, a kiv\u00e1l\u00f3 min\u0151s\u00e9g\u0171 kutat\u00e1si vegyszerek vezet\u0151 forr\u00e1s\u00e1n\u00e1l. Ha \u00d6n <b>5-MAPDB megv\u00e1s\u00e1rl\u00e1sa elad\u00f3<\/b> a legjobb helyre j\u00f6tt\u00e9l. Ezt a leny\u0171g\u00f6z\u0151 kutat\u00e1si term\u00e9ket garant\u00e1lt tisztas\u00e1ggal k\u00edn\u00e1ljuk, amelyet kifejezetten ig\u00e9nyes laborat\u00f3riumi \u00e9s kutat\u00e1si alkalmaz\u00e1sokhoz fejlesztett\u00fcnk ki. C\u00e9lunk, hogy a tud\u00f3sok \u00e9s kutat\u00f3k sz\u00e1m\u00e1ra a legmagasabb k\u00f6vetelm\u00e9nyeknek megfelel\u0151 vegyszerekhez biztos\u00edtsunk hozz\u00e1f\u00e9r\u00e9st.<\/p>\n<p>Ez az 5-MAPDB (5-(2-metilaminopropil)) n\u00e9ven ismert term\u00e9k nagy tisztas\u00e1g\u00fa anyag, amely a szerves k\u00e9mia \u00e9s az idegtudom\u00e1nyok ter\u00fclet\u00e9n v\u00e9gzett k\u00fcl\u00f6nb\u00f6z\u0151 vizsg\u00e1latok szempontj\u00e1b\u00f3l \u00e9rdekes. Val\u00f3j\u00e1ban minden egyes t\u00e9tel tisztas\u00e1g\u00e1t szigor\u00faan tesztelik annak \u00e9rdek\u00e9ben, hogy <b>Kiv\u00e1l\u00f3 min\u0151s\u00e9g\u0171 5-MAPDB<\/b> a lehet\u0151 legjobb eredm\u00e9nyek biztos\u00edt\u00e1sa \u00e9rdek\u00e9ben. Ez azt jelenti, hogy k\u00eds\u00e9rletei sor\u00e1n k\u00f6vetkezetes \u00e9s megb\u00edzhat\u00f3 eredm\u00e9nyekre sz\u00e1m\u00edthat. R\u00e1ad\u00e1sul a Chemgramx-t\u00f3l val\u00f3 beszerz\u00e9s a tudom\u00e1nyos k\u00f6z\u00f6ss\u00e9gben a bizalom \u00e9s a min\u0151s\u00e9g jele.<\/p>\n<h2>Mi az az 5-MAPDB? R\u00e9szletes bevezet\u00e9s<\/h2>\n<p>Az 5-MAPDB egy szintetikus molekula, amely az entaktog\u00e9nek oszt\u00e1ly\u00e1ba tartozik. Szerkezetileg rokon az MDMA-val, de az oldall\u00e1nc enyhe m\u00f3dos\u00edt\u00e1s\u00e1val k\u00fcl\u00f6nb\u00f6zik, nevezetesen egy metilaminopropil csoporttal az etilamin csoport helyett. Ezek a szerkezeti k\u00fcl\u00f6nbs\u00e9gek d\u00f6nt\u0151 fontoss\u00e1g\u00faak a kutat\u00e1si tanulm\u00e1nyokban vizsg\u00e1lt potenci\u00e1lis farmakol\u00f3giai profilok szempontj\u00e1b\u00f3l.<\/p>\n<p>Az olyan kutat\u00e1si vegyi anyagok, mint az 5-MAPDB, l\u00e9tfontoss\u00e1g\u00faak a neurotranszmitterek \u00e9s a k\u00f6zponti idegrendszerben l\u00e9v\u0151 k\u00f6lcs\u00f6nhat\u00e1saik \u00f6sszetett mechanizmusainak jobb meg\u00e9rt\u00e9s\u00e9hez. <a href=\"https:\/\/chemgramx.com\/hu\/termek-2\/5-mapdb-5-2-metilaminopropil-online-vasarlas\/\">5-MAPDB megv\u00e1s\u00e1rl\u00e1sa<\/a> ez\u00e9rt a tudom\u00e1nyos munka integrit\u00e1sa szempontj\u00e1b\u00f3l elengedhetetlen, hogy megb\u00edzhat\u00f3 szolg\u00e1ltat\u00f3val dolgozzon. Emellett egyed\u00fcl\u00e1ll\u00f3 lehet\u0151s\u00e9get k\u00edn\u00e1l \u00faj ismeretek megszerz\u00e9s\u00e9re is.<\/p>\n<h2>Az 5-MAPDB k\u00e9miai szerkezete \u00e9s szint\u00e9zise<\/h2>\n<p>Az 5-MAPDB teljes k\u00e9miai neve 1-(5-metoxibenzo[d][1,3]dioxol-4-il)-N-metilpropan-2-amin. Molekulaszerkezet\u00e9t egy metoxidioxolilgy\u0171r\u0171 jellemzi, amely felel\u0151s a k\u00fcl\u00f6nleges tulajdons\u00e1gai\u00e9rt. E vegy\u00fclet helyes szint\u00e9zise pontos laborat\u00f3riumi k\u00f6r\u00fclm\u00e9nyeket \u00e9s szak\u00e9rtelmet ig\u00e9nyel a nagy tisztas\u00e1g \u00e9s a szerkezeti integrit\u00e1s biztos\u00edt\u00e1sa \u00e9rdek\u00e9ben.<\/p>\n<p>A Chemgramx nagy jelent\u0151s\u00e9get tulajdon\u00edt a szint\u00e9zisfolyamatok min\u0151s\u00e9g\u00e9nek. Tov\u00e1bb\u00e1 biztos\u00edtjuk, hogy csak <b>Hiteles 5-MAPDB<\/b>, amely megfelel a legmagasabb szint\u0171 k\u00f6vetelm\u00e9nyeknek, elad\u00e1sra ker\u00fcl. Ez a szigor\u00fa megk\u00f6zel\u00edt\u00e9s biztos\u00edtja, hogy a kutat\u00f3k olyan term\u00e9ket kapjanak, amely mentes a szennyez\u0151d\u00e9sekt\u0151l \u00e9s pontos eredm\u00e9nyeket biztos\u00edt. Ez minden j\u00f3 h\u00edr\u0171 vizsg\u00e1lat alapk\u00f6vetelm\u00e9nye.<\/p>\n<h2>Az 5-MAPDB alkalmaz\u00e1si ter\u00fcletei \u00e9s kutat\u00e1si lehet\u0151s\u00e9gei<\/h2>\n<p>Az 5-MAPDB-t mint kutat\u00e1si vegyi anyagot els\u0151sorban laborat\u00f3riumi k\u00f6rnyezetben haszn\u00e1lj\u00e1k farmakol\u00f3giai \u00e9s toxikol\u00f3giai tulajdons\u00e1gainak tanulm\u00e1nyoz\u00e1s\u00e1ra. A tud\u00f3sokat k\u00fcl\u00f6n\u00f6sen a szerotonin, dopamin \u00e9s noradrenalin rendszerekre gyakorolt hat\u00e1sa \u00e9rdekli. K\u00f6vetkez\u00e9sk\u00e9ppen az 5-MAPDB-vel v\u00e9gzett kutat\u00e1sok hozz\u00e1j\u00e1rulnak a rokon vegy\u00fcletek \u00e9s hat\u00e1smechanizmusaik megismer\u00e9s\u00e9nek b\u0151v\u00edt\u00e9s\u00e9hez.<\/p>\n<ul>\n<li><b>Receptor-k\u00f6t\u00e9si profilok:<\/b> A k\u00fcl\u00f6nb\u00f6z\u0151 neurotranszmitter receptorokhoz val\u00f3 affinit\u00e1s vizsg\u00e1lata.<\/li>\n<li><b>Metabolikus vizsg\u00e1latok:<\/b> Az anyagcsere \u00e9s a boml\u00e1sterm\u00e9kek elemz\u00e9se a szervezetben.<\/li>\n<li><b>Viselked\u00e9si farmakol\u00f3gia:<\/b> A lehets\u00e9ges viselked\u00e9si hat\u00e1sok kutat\u00e1sa preklinikai modellekben.<\/li>\n<\/ul>\n<p>Ez\u00e9rt alapvet\u0151 fontoss\u00e1g\u00fa, hogy az ilyen tanulm\u00e1nyok csak <b>Kutat\u00e1si oszt\u00e1ly elad\u00f3<\/b> vegyszerek. Ez az egyetlen m\u00f3dja annak, hogy reproduk\u00e1lhat\u00f3 \u00e9s \u00e9rtelmes eredm\u00e9nyeket \u00e9rj\u00fcnk el. M\u00e1s izgalmas kutat\u00e1si vegyszereket is haszn\u00e1lhat, mint pl. <a href=\"https:\/\/chemgramx.com\/hu\/termek-2\/vasarolni-ketamin-kristalyok\/\">Ketamin krist\u00e1lyok<\/a>, szint\u00e9n el\u00e9rhet\u0151 a Chemgramxn\u00e1l, hogy diverzifik\u00e1lja kutat\u00e1si projektjeit.<\/p>\n<h2>Min\u0151s\u00e9gi szabv\u00e1nyok \u00e9s tisztas\u00e1g a Chemgramxn\u00e1l<\/h2>\n<p>A Chemgramxn\u00e1l b\u00fcszk\u00e9k vagyunk arra, hogy kiz\u00e1r\u00f3lag p\u00e1ratlan min\u0151s\u00e9g\u0171 term\u00e9keket k\u00edn\u00e1lunk. Az 5-MAPDB minden egyes t\u00e9tel\u00e9t kiterjedt elemz\u00e9seknek vetj\u00fck al\u00e1, bele\u00e9rtve a HPLC-t, a GC-MS-t \u00e9s az NMR-t, hogy garant\u00e1ljuk a 98% feletti tisztas\u00e1got. Ez meger\u0151s\u00edti elk\u00f6telezetts\u00e9g\u00fcnket, <b>Magas tisztas\u00e1g\u00fa term\u00e9kek elad\u00f3<\/b> k\u00edn\u00e1lni.<\/p>\n<p>Min\u0151s\u00e9gellen\u0151rz\u00e9si elj\u00e1r\u00e1sainkat \u00fagy alak\u00edtottuk ki, hogy megfeleljenek a vegyipar legmagasabb szint\u0171 k\u00f6vetelm\u00e9nyeinek. Ennek eredm\u00e9nyek\u00e9ppen biztos lehet benne, hogy <b>A legjobb el\u00e9rhet\u0151 5-MAPDB<\/b> a piacon. Ez felbecs\u00fclhetetlen \u00e9rt\u00e9ket k\u00e9pvisel a k\u00f6vetkezetes min\u0151s\u00e9get ig\u00e9nyl\u0151 laborat\u00f3riumok \u00e9s tudom\u00e1nyos int\u00e9zm\u00e9nyek sz\u00e1m\u00e1ra. Term\u00e9keink mindig <b>Laborat\u00f3riumi min\u0151s\u00e9g\u0171 term\u00e9kek elad\u00f3<\/b> felc\u00edmk\u00e9zve \u00e9s k\u00e9szen \u00e1ll a k\u00eds\u00e9rletekre.<\/p>\n<h2>Biztons\u00e1gi utas\u00edt\u00e1sok \u00e9s az 5-MAPDB kezel\u00e9se<\/h2>\n<p>Az 5-MAPDB kezel\u00e9se, mint minden kutat\u00e1si vegyi anyag\u00e9, a legnagyobb k\u00f6r\u00fcltekint\u00e9st \u00e9s a szigor\u00fa biztons\u00e1gi el\u0151\u00edr\u00e1sok betart\u00e1s\u00e1t ig\u00e9nyli. A kezel\u00e9st mindig j\u00f3l szell\u0151ztetett k\u00f6rnyezetben, egy\u00e9ni v\u00e9d\u0151felszerel\u00e9s (PPE), p\u00e9ld\u00e1ul keszty\u0171, v\u00e9d\u0151szem\u00fcveg \u00e9s laborat\u00f3riumi k\u00f6peny haszn\u00e1lat\u00e1val kell v\u00e9gezni. Emellett a megfelel\u0151 t\u00e1rol\u00e1s is elengedhetetlen.<\/p>\n<p>Az 5-MAPDB-t h\u0171v\u00f6s, sz\u00e1raz, f\u00e9nyt\u0151l v\u00e9dett helyen kell t\u00e1rolni, hogy meg\u0151rizze stabilit\u00e1s\u00e1t \u00e9s integrit\u00e1s\u00e1t. A term\u00e9keket a Chemgramx sz\u00e1ll\u00edtja. <b>biztons\u00e1gosan feldolgozott<\/b> \u00e9s \u00fagy kell el\u0151k\u00e9sz\u00edteni, hogy optim\u00e1lisan t\u00e1rolhat\u00f3k legyenek, am\u00edg meg\u00e9rkeznek az \u00d6n laborat\u00f3rium\u00e1ba. A biztons\u00e1gos kezel\u00e9sre \u00e9s \u00e1rtalmatlan\u00edt\u00e1sra vonatkoz\u00f3 r\u00e9szletes utas\u00edt\u00e1sok\u00e9rt mindig olvassa el az anyagbiztons\u00e1gi adatlapokat (MSDS).<\/p>\n<h2>Mi\u00e9rt \u00e9rdemes az 5-MAPDB-t a Chemgramx-t\u00f3l v\u00e1s\u00e1rolni?<\/h2>\n<p>Ha az 5-MAPDB-t a Chemgramx-t\u00f3l szerzi be, az a min\u0151s\u00e9g, a megb\u00edzhat\u00f3s\u00e1g \u00e9s a kiv\u00e1l\u00f3 szolg\u00e1ltat\u00e1s mellett d\u00f6nt. Meg\u00e9rtj\u00fck a kutat\u00f3k\u00f6z\u00f6ss\u00e9g ig\u00e9nyeit, \u00e9s igyeksz\u00fcnk azokat a legjobb min\u0151s\u00e9g\u0171 term\u00e9kekkel kiel\u00e9g\u00edteni. Ennek eredm\u00e9nyek\u00e9nt z\u00f6kken\u0151mentes \u00e9lm\u00e9nyt k\u00edn\u00e1lunk a megrendel\u00e9st\u0151l a laborat\u00f3riumi haszn\u00e1latig.<\/p>\n<p><b>A Chemgramxn\u00e1l t\u00f6rt\u00e9n\u0151 v\u00e1s\u00e1rl\u00e1s el\u0151nyei:<\/b><\/p>\n<ul>\n<li><b>Garant\u00e1lt tisztas\u00e1g:<\/b> Minden term\u00e9k szigor\u00fa tesztel\u00e9sen esik \u00e1t.<\/li>\n<li><b>\u00c1tfog\u00f3 dokument\u00e1ci\u00f3:<\/b> Hozz\u00e1f\u00e9r\u00e9s a r\u00e9szletes term\u00e9kinform\u00e1ci\u00f3khoz \u00e9s az elemz\u00e9si tan\u00fas\u00edtv\u00e1nyokhoz.<\/li>\n<li><b>Kompetens t\u00e1mogat\u00e1s:<\/b> Csapatunk k\u00e9szs\u00e9ggel \u00e1ll rendelkez\u00e9s\u00e9re, hogy v\u00e1laszoljon k\u00e9rd\u00e9seire.<\/li>\n<\/ul>\n<p>Ez egyszer\u0171, <b>5-MAPDB online rendel\u00e9se<\/b>. Biztons\u00e1gos online \u00e1ruh\u00e1zunk z\u00f6kken\u0151mentes folyamatot tesz lehet\u0151v\u00e9, \u00edgy \u00d6n hat\u00e9konyan juthat hozz\u00e1 a sz\u00fcks\u00e9ges vegyszerekhez. Lehet\u0151v\u00e9 tessz\u00fck a <b>biztos v\u00e1s\u00e1rl\u00e1s<\/b> \u00e9s biztos\u00edtja a legmagasabb sz\u00ednvonalat az e-kereskedelemben. B\u00edzzon a Chemgramxban, ha <b>most online megv\u00e1s\u00e1rolhat\u00f3<\/b> szeretne.<\/p>\n<p>Sok kutat\u00f3 \u00fagy d\u00f6nt, hogy ezt a term\u00e9ket haszn\u00e1lja <a href=\"https:\/\/chemgramx.com\/hu\/\">megv\u00e1s\u00e1rolhat\u00f3 a Chemgramxn\u00e1l<\/a>, mivel megb\u00edzhat\u00f3 partnerr\u00e9 v\u00e1ltunk a laborat\u00f3riumi kell\u00e9kek ter\u00e9n. Mindig arra t\u00f6reksz\u00fcnk, hogy fel\u00fclm\u00faljuk \u00fcgyfeleink elv\u00e1r\u00e1sait, \u00e9s olyan \u00e9rt\u00e9ket ny\u00fajtsunk, amely el\u0151seg\u00edti az \u00d6n kutat\u00e1s\u00e1t.<\/p>\n<h2>Gyakran ism\u00e9telt k\u00e9rd\u00e9sek az 5-MAPDB-vel kapcsolatban<\/h2>\n<h3>Az 5-MAPDB leg\u00e1lis?<\/h3>\n<p>A kutat\u00e1si c\u00e9l\u00fa vegyi anyagok, p\u00e9ld\u00e1ul az 5-MAPDB jogszer\u0171s\u00e9ge orsz\u00e1gonk\u00e9nt \u00e9s jogszab\u00e1lyonk\u00e9nt elt\u00e9r\u0151. Er\u0151sen javasoljuk, hogy v\u00e1s\u00e1rl\u00e1s el\u0151tt ellen\u0151rizze a helyi t\u00f6rv\u00e9nyeket \u00e9s rendeleteket. Ez a term\u00e9k kiz\u00e1r\u00f3lag kutat\u00e1si c\u00e9lokra, \u00e9s nem emberi fogyaszt\u00e1sra szolg\u00e1l.<\/p>\n<h3>Mi a legjobb m\u00f3dja az 5-MAPDB t\u00e1rol\u00e1s\u00e1nak?<\/h3>\n<p>Az optim\u00e1lis t\u00e1rol\u00e1s \u00e9rdek\u00e9ben javasoljuk, hogy az 5-MAPDB-t l\u00e9gmentesen z\u00e1r\u00f3d\u00f3 tart\u00e1lyban, h\u0171v\u00f6s, sz\u00e1raz \u00e9s s\u00f6t\u00e9t helyen t\u00e1rolja. Ez biztos\u00edtja a k\u00e9miai stabilit\u00e1st hosszabb id\u0151n kereszt\u00fcl. A f\u00e9nyt\u0151l \u00e9s nedvess\u00e9gt\u0151l val\u00f3 v\u00e9delem elengedhetetlen.<\/p>\n<h3>V\u00e1s\u00e1rolhatok 5-MAPDB-t nagyobb mennyis\u00e9gben?<\/h3>\n<p>Igen, az 5-MAPDB-t k\u00fcl\u00f6nb\u00f6z\u0151 mennyis\u00e9gben k\u00edn\u00e1ljuk az \u00d6n kutat\u00e1si ig\u00e9nyeinek megfelel\u0151en. K\u00e9rj\u00fck, vegye fel a kapcsolatot \u00fcgyf\u00e9lszolg\u00e1latunkkal, ha nagy t\u00e9telben t\u00f6rt\u00e9n\u0151 megrendel\u00e9ssel kapcsolatban \u00e9rdekl\u0151dik. Sz\u00edvesen adunk \u00d6nnek szem\u00e9lyre szabott \u00e1raj\u00e1nlatot.<\/p>\n<h2>\u00d6sszefoglal\u00f3 \u00e9s hivatkoz\u00e1si lehet\u0151s\u00e9gek<\/h2>\n<p>\u00d6sszefoglalva, az 5-MAPDB \u00e9rt\u00e9kes kutat\u00e1si vegyszer a k\u00e9miai \u00e9s idegtudom\u00e1nyi r\u00e9szletes vizsg\u00e1latokhoz. Szigor\u00fa min\u0151s\u00e9gellen\u0151rz\u00e9s\u00fcnkkel \u00e9s a tisztas\u00e1g ir\u00e1nti elk\u00f6telezetts\u00e9g\u00fcnkkel mi vagyunk az \u00d6n ide\u00e1lis partnere. Mi is elk\u00f6telezettek vagyunk amellett, hogy a legjobb term\u00e9keket biztos\u00edtsuk \u00d6nnek.<\/p>\n<p>Megh\u00edvjuk \u00d6nt, <b>5-MAPDB megv\u00e1s\u00e1rl\u00e1sa elad\u00f3<\/b> Haszn\u00e1lja ki szak\u00e9rtelm\u00fcnket \u00e9s a tudom\u00e1nyos kiv\u00e1l\u00f3s\u00e1g ir\u00e1nti elk\u00f6telezetts\u00e9g\u00fcnket. B\u00edzzon a Chemgramxra laborat\u00f3riumi ig\u00e9nyeinek kiel\u00e9g\u00edt\u00e9s\u00e9ben, \u00e9s v\u00e9gezze kutat\u00e1sait a legnagyobb pontoss\u00e1ggal. \u00d6r\u00f6mmel v\u00e1rjuk, hogy \u00fcgyf\u00e9lk\u00e9nt \u00fcdv\u00f6z\u00f6lhess\u00fck \u00d6nt.<\/p>","protected":false},"excerpt":{"rendered":"<p>Fedezze fel a <b>5-MAPDB<\/b> (5-(2-metil-aminopropil)), egy nagy tisztas\u00e1g\u00fa kutat\u00e1si vegyszer, amely ide\u00e1lis \u00e1tfog\u00f3 laborat\u00f3riumi vizsg\u00e1latokhoz. Ez a term\u00e9k a szerves k\u00e9mi\u00e1ban \u00e9s az idegtudom\u00e1nyokban bet\u00f6lt\u00f6tt jelent\u0151s\u00e9ge miatt elismert. <a href=\"https:\/\/chemgramx.com\/hu\/\">5-MAPDB megv\u00e1s\u00e1rl\u00e1sa<\/a> Te most <b>a Chemgramx-n\u00e1l<\/b> \u00e9s \u00e9lvezze a garant\u00e1lt min\u0151s\u00e9g \u00e9s tisztas\u00e1g el\u0151nyeit tudom\u00e1nyos projektjeihez. Kiz\u00e1r\u00f3lag kutat\u00e1si c\u00e9lokra.<\/p>","protected":false},"featured_media":8641,"comment_status":"open","ping_status":"closed","template":"","meta":{"_joinchat":[]},"product_brand":[],"product_cat":[52,48],"product_tag":[2605,2610,2604,2611,2606,2607,2609,2608,2533,2015],"class_list":{"0":"post-8627","1":"product","2":"type-product","3":"status-publish","4":"has-post-thumbnail","6":"product_cat-benzofurans","7":"product_cat-stimulants","8":"product_tag-5-2-methylaminopropyl-kaufen","9":"product_tag-5-mapdb-chemikalien","10":"product_tag-5-mapdb-kaufen","11":"product_tag-5-mapdb-kaufen-online","12":"product_tag-5-mapdb-kristalle","13":"product_tag-5-mapdb-online-kaufen","14":"product_tag-5-mapdb-preis","15":"product_tag-5-mapdb-prodej","16":"product_tag-chemikalien-kaufen","17":"product_tag-synthetische-drogen","19":"first","20":"instock","21":"shipping-taxable","22":"purchasable","23":"product-type-variable"},"yoast_head":"<!-- This site is optimized with the Yoast SEO plugin v26.3 - https:\/\/yoast.com\/wordpress\/plugins\/seo\/ -->\n<title>5-MAPDB - Forschungschemikalie (zum Verkauf|hohe Qualit\u00e4t)<\/title>\n<meta name=\"description\" content=\"Entdecken Sie hochwertiges 5-MAPDB f\u00fcr Ihre Forschungsprojekte. Jetzt 5-MAPDB online bestellen und von h\u00f6chster Reinheit profitieren. Sicherer Kauf f\u00fcr Laboranwendungen.\" \/>\n<meta name=\"robots\" content=\"noindex, follow, max-snippet:-1, max-image-preview:large, max-video-preview:-1\" \/>\n<meta property=\"og:locale\" content=\"hu_HU\" \/>\n<meta property=\"og:type\" content=\"article\" \/>\n<meta property=\"og:title\" content=\"5-MAPDB - Forschungschemikalie (zum Verkauf|hohe Qualit\u00e4t)\" \/>\n<meta property=\"og:description\" content=\"Entdecken Sie hochwertiges 5-MAPDB f\u00fcr Ihre Forschungsprojekte. Jetzt 5-MAPDB online bestellen und von h\u00f6chster Reinheit profitieren. Sicherer Kauf f\u00fcr Laboranwendungen.\" \/>\n<meta property=\"og:url\" content=\"https:\/\/chemgramx.com\/hu\/termek-2\/5-mapdb-5-2-metilaminopropil-online-vasarlas\/\" \/>\n<meta property=\"og:site_name\" content=\"Chemgramx\" \/>\n<meta property=\"article:modified_time\" content=\"2025-12-09T09:45:49+00:00\" \/>\n<meta property=\"og:image\" content=\"https:\/\/chemgramx.com\/wp-content\/uploads\/2025\/11\/5-MAPDB-powder.jpg\" \/>\n\t<meta property=\"og:image:width\" content=\"600\" \/>\n\t<meta property=\"og:image:height\" content=\"600\" \/>\n\t<meta property=\"og:image:type\" content=\"image\/jpeg\" \/>\n<meta name=\"twitter:card\" content=\"summary_large_image\" \/>\n<meta name=\"twitter:label1\" content=\"Becs\u00fclt olvas\u00e1si id\u0151\" \/>\n\t<meta name=\"twitter:data1\" content=\"2 perc\" \/>\n<script type=\"application\/ld+json\" class=\"yoast-schema-graph\">{\"@context\":\"https:\/\/schema.org\",\"@graph\":[{\"@type\":\"WebPage\",\"@id\":\"https:\/\/chemgramx.com\/product\/5-mapdb-5-2-methylaminopropyl-online-kaufen\/\",\"url\":\"https:\/\/chemgramx.com\/product\/5-mapdb-5-2-methylaminopropyl-online-kaufen\/\",\"name\":\"5-MAPDB - Forschungschemikalie (zum Verkauf|hohe Qualit\u00e4t)\",\"isPartOf\":{\"@id\":\"https:\/\/chemgramx.com\/#website\"},\"primaryImageOfPage\":{\"@id\":\"https:\/\/chemgramx.com\/product\/5-mapdb-5-2-methylaminopropyl-online-kaufen\/#primaryimage\"},\"image\":{\"@id\":\"https:\/\/chemgramx.com\/product\/5-mapdb-5-2-methylaminopropyl-online-kaufen\/#primaryimage\"},\"thumbnailUrl\":\"https:\/\/chemgramx.com\/wp-content\/uploads\/2025\/11\/5-MAPDB-powder.jpg\",\"datePublished\":\"2025-11-21T20:55:45+00:00\",\"dateModified\":\"2025-12-09T09:45:49+00:00\",\"description\":\"Entdecken Sie hochwertiges 5-MAPDB f\u00fcr Ihre Forschungsprojekte. Jetzt 5-MAPDB online bestellen und von h\u00f6chster Reinheit profitieren. Sicherer Kauf f\u00fcr Laboranwendungen.\",\"breadcrumb\":{\"@id\":\"https:\/\/chemgramx.com\/product\/5-mapdb-5-2-methylaminopropyl-online-kaufen\/#breadcrumb\"},\"inLanguage\":\"hu\",\"potentialAction\":[{\"@type\":\"ReadAction\",\"target\":[\"https:\/\/chemgramx.com\/product\/5-mapdb-5-2-methylaminopropyl-online-kaufen\/\"]}]},{\"@type\":\"ImageObject\",\"inLanguage\":\"hu\",\"@id\":\"https:\/\/chemgramx.com\/product\/5-mapdb-5-2-methylaminopropyl-online-kaufen\/#primaryimage\",\"url\":\"https:\/\/chemgramx.com\/wp-content\/uploads\/2025\/11\/5-MAPDB-powder.jpg\",\"contentUrl\":\"https:\/\/chemgramx.com\/wp-content\/uploads\/2025\/11\/5-MAPDB-powder.jpg\",\"width\":600,\"height\":600},{\"@type\":\"BreadcrumbList\",\"@id\":\"https:\/\/chemgramx.com\/product\/5-mapdb-5-2-methylaminopropyl-online-kaufen\/#breadcrumb\",\"itemListElement\":[{\"@type\":\"ListItem\",\"position\":1,\"name\":\"Home\",\"item\":\"https:\/\/chemgramx.com\/\"},{\"@type\":\"ListItem\",\"position\":2,\"name\":\"Shop\",\"item\":\"https:\/\/chemgramx.com\/shop\/\"},{\"@type\":\"ListItem\",\"position\":3,\"name\":\"5-MAPDB &#8211; Forschungschemikalie (zum Verkauf|hohe Qualit\u00e4t)\"}]},{\"@type\":\"WebSite\",\"@id\":\"https:\/\/chemgramx.com\/#website\",\"url\":\"https:\/\/chemgramx.com\/\",\"name\":\"Chemgramx\",\"description\":\"\",\"publisher\":{\"@id\":\"https:\/\/chemgramx.com\/#organization\"},\"potentialAction\":[{\"@type\":\"SearchAction\",\"target\":{\"@type\":\"EntryPoint\",\"urlTemplate\":\"https:\/\/chemgramx.com\/?s={search_term_string}\"},\"query-input\":{\"@type\":\"PropertyValueSpecification\",\"valueRequired\":true,\"valueName\":\"search_term_string\"}}],\"inLanguage\":\"hu\"},{\"@type\":\"Organization\",\"@id\":\"https:\/\/chemgramx.com\/#organization\",\"name\":\"Chemgramx\",\"url\":\"https:\/\/chemgramx.com\/\",\"logo\":{\"@type\":\"ImageObject\",\"inLanguage\":\"hu\",\"@id\":\"https:\/\/chemgramx.com\/#\/schema\/logo\/image\/\",\"url\":\"https:\/\/chemgramx.com\/wp-content\/uploads\/2024\/10\/final-logo.png\",\"contentUrl\":\"https:\/\/chemgramx.com\/wp-content\/uploads\/2024\/10\/final-logo.png\",\"width\":250,\"height\":48,\"caption\":\"Chemgramx\"},\"image\":{\"@id\":\"https:\/\/chemgramx.com\/#\/schema\/logo\/image\/\"}}]}<\/script>\n<!-- \/ Yoast SEO plugin. -->","yoast_head_json":{"title":"5-MAPDB \u2013 Kutat\u00e1si vegyi anyag (elad\u00f3 | kiv\u00e1l\u00f3 min\u0151s\u00e9g)","description":"Fedezze fel a kiv\u00e1l\u00f3 min\u0151s\u00e9g\u0171 5-MAPDB-t kutat\u00e1si projektjeihez. Rendeljen 5-MAPDB-t online most, \u00e9s \u00e9lvezze a legnagyobb tisztas\u00e1g\u00fa el\u0151ny\u00f6ket. Biztons\u00e1gos v\u00e1s\u00e1rl\u00e1s laborat\u00f3riumi alkalmaz\u00e1sokhoz.","robots":{"index":"noindex","follow":"follow","max-snippet":"max-snippet:-1","max-image-preview":"max-image-preview:large","max-video-preview":"max-video-preview:-1"},"og_locale":"hu_HU","og_type":"article","og_title":"5-MAPDB - Forschungschemikalie (zum Verkauf|hohe Qualit\u00e4t)","og_description":"Entdecken Sie hochwertiges 5-MAPDB f\u00fcr Ihre Forschungsprojekte. Jetzt 5-MAPDB online bestellen und von h\u00f6chster Reinheit profitieren. Sicherer Kauf f\u00fcr Laboranwendungen.","og_url":"https:\/\/chemgramx.com\/hu\/termek-2\/5-mapdb-5-2-metilaminopropil-online-vasarlas\/","og_site_name":"Chemgramx","article_modified_time":"2025-12-09T09:45:49+00:00","og_image":[{"width":600,"height":600,"url":"https:\/\/chemgramx.com\/wp-content\/uploads\/2025\/11\/5-MAPDB-powder.jpg","type":"image\/jpeg"}],"twitter_card":"summary_large_image","twitter_misc":{"Becs\u00fclt olvas\u00e1si id\u0151":"2 perc"},"schema":{"@context":"https:\/\/schema.org","@graph":[{"@type":"WebPage","@id":"https:\/\/chemgramx.com\/product\/5-mapdb-5-2-methylaminopropyl-online-kaufen\/","url":"https:\/\/chemgramx.com\/product\/5-mapdb-5-2-methylaminopropyl-online-kaufen\/","name":"5-MAPDB \u2013 Kutat\u00e1si vegyi anyag (elad\u00f3 | kiv\u00e1l\u00f3 min\u0151s\u00e9g)","isPartOf":{"@id":"https:\/\/chemgramx.com\/#website"},"primaryImageOfPage":{"@id":"https:\/\/chemgramx.com\/product\/5-mapdb-5-2-methylaminopropyl-online-kaufen\/#primaryimage"},"image":{"@id":"https:\/\/chemgramx.com\/product\/5-mapdb-5-2-methylaminopropyl-online-kaufen\/#primaryimage"},"thumbnailUrl":"https:\/\/chemgramx.com\/wp-content\/uploads\/2025\/11\/5-MAPDB-powder.jpg","datePublished":"2025-11-21T20:55:45+00:00","dateModified":"2025-12-09T09:45:49+00:00","description":"Fedezze fel a kiv\u00e1l\u00f3 min\u0151s\u00e9g\u0171 5-MAPDB-t kutat\u00e1si projektjeihez. Rendeljen 5-MAPDB-t online most, \u00e9s \u00e9lvezze a legnagyobb tisztas\u00e1g\u00fa el\u0151ny\u00f6ket. Biztons\u00e1gos v\u00e1s\u00e1rl\u00e1s laborat\u00f3riumi alkalmaz\u00e1sokhoz.","breadcrumb":{"@id":"https:\/\/chemgramx.com\/product\/5-mapdb-5-2-methylaminopropyl-online-kaufen\/#breadcrumb"},"inLanguage":"hu","potentialAction":[{"@type":"ReadAction","target":["https:\/\/chemgramx.com\/product\/5-mapdb-5-2-methylaminopropyl-online-kaufen\/"]}]},{"@type":"ImageObject","inLanguage":"hu","@id":"https:\/\/chemgramx.com\/product\/5-mapdb-5-2-methylaminopropyl-online-kaufen\/#primaryimage","url":"https:\/\/chemgramx.com\/wp-content\/uploads\/2025\/11\/5-MAPDB-powder.jpg","contentUrl":"https:\/\/chemgramx.com\/wp-content\/uploads\/2025\/11\/5-MAPDB-powder.jpg","width":600,"height":600},{"@type":"BreadcrumbList","@id":"https:\/\/chemgramx.com\/product\/5-mapdb-5-2-methylaminopropyl-online-kaufen\/#breadcrumb","itemListElement":[{"@type":"ListItem","position":1,"name":"Home","item":"https:\/\/chemgramx.com\/"},{"@type":"ListItem","position":2,"name":"Shop","item":"https:\/\/chemgramx.com\/shop\/"},{"@type":"ListItem","position":3,"name":"5-MAPDB &#8211; Forschungschemikalie (zum Verkauf|hohe Qualit\u00e4t)"}]},{"@type":"WebSite","@id":"https:\/\/chemgramx.com\/#website","url":"https:\/\/chemgramx.com\/","name":"Chemgramx","description":"","publisher":{"@id":"https:\/\/chemgramx.com\/#organization"},"potentialAction":[{"@type":"SearchAction","target":{"@type":"EntryPoint","urlTemplate":"https:\/\/chemgramx.com\/?s={search_term_string}"},"query-input":{"@type":"PropertyValueSpecification","valueRequired":true,"valueName":"search_term_string"}}],"inLanguage":"hu"},{"@type":"Organization","@id":"https:\/\/chemgramx.com\/#organization","name":"Chemgramx","url":"https:\/\/chemgramx.com\/","logo":{"@type":"ImageObject","inLanguage":"hu","@id":"https:\/\/chemgramx.com\/#\/schema\/logo\/image\/","url":"https:\/\/chemgramx.com\/wp-content\/uploads\/2024\/10\/final-logo.png","contentUrl":"https:\/\/chemgramx.com\/wp-content\/uploads\/2024\/10\/final-logo.png","width":250,"height":48,"caption":"Chemgramx"},"image":{"@id":"https:\/\/chemgramx.com\/#\/schema\/logo\/image\/"}}]}},"_links":{"self":[{"href":"https:\/\/chemgramx.com\/hu\/wp-json\/wp\/v2\/product\/8627","targetHints":{"allow":["GET"]}}],"collection":[{"href":"https:\/\/chemgramx.com\/hu\/wp-json\/wp\/v2\/product"}],"about":[{"href":"https:\/\/chemgramx.com\/hu\/wp-json\/wp\/v2\/types\/product"}],"replies":[{"embeddable":true,"href":"https:\/\/chemgramx.com\/hu\/wp-json\/wp\/v2\/comments?post=8627"}],"wp:featuredmedia":[{"embeddable":true,"href":"https:\/\/chemgramx.com\/hu\/wp-json\/wp\/v2\/media\/8641"}],"wp:attachment":[{"href":"https:\/\/chemgramx.com\/hu\/wp-json\/wp\/v2\/media?parent=8627"}],"wp:term":[{"taxonomy":"product_brand","embeddable":true,"href":"https:\/\/chemgramx.com\/hu\/wp-json\/wp\/v2\/product_brand?post=8627"},{"taxonomy":"product_cat","embeddable":true,"href":"https:\/\/chemgramx.com\/hu\/wp-json\/wp\/v2\/product_cat?post=8627"},{"taxonomy":"product_tag","embeddable":true,"href":"https:\/\/chemgramx.com\/hu\/wp-json\/wp\/v2\/product_tag?post=8627"}],"curies":[{"name":"wp","href":"https:\/\/api.w.org\/{rel}","templated":true}]}}