{"id":8722,"date":"2025-12-11T00:49:22","date_gmt":"2025-12-11T00:49:22","guid":{"rendered":"https:\/\/chemgramx.com\/?post_type=product&#038;p=8722"},"modified":"2025-12-11T01:03:57","modified_gmt":"2025-12-11T01:03:57","slug":"changa-dmt-online-rendeles","status":"publish","type":"product","link":"https:\/\/chemgramx.com\/hu\/product\/changa-dmt-online-bestellung\/","title":{"rendered":"Changa DMT online rendel\u00e9s"},"content":{"rendered":"<p data-start=\"104\" data-end=\"513\"><strong data-start=\"104\" data-end=\"118\">Changa DMT<\/strong> egy er\u0151s pszichedelikus f\u00fcstkever\u00e9k, amely term\u00e9szetes gy\u00f3gyn\u00f6v\u00e9nyek kombin\u00e1ci\u00f3j\u00e1b\u00f3l k\u00e9sz\u00fclt, <strong data-start=\"216\" data-end=\"243\">Dimetiltriptamin (DMT)<\/strong> \u00e9s <strong data-start=\"248\" data-end=\"283\">Monoamin-oxid\u00e1z g\u00e1tl\u00f3k (MAOI)<\/strong> l\u00e9tezik. Ez az egyed\u00fcl\u00e1ll\u00f3 kapcsolat m\u00e9ly, spiritu\u00e1lis \u00e9s \u00e1talak\u00edt\u00f3 \u00e9lm\u00e9nyt hoz l\u00e9tre, amely egyre nagyobb figyelmet kap a modern tudatoss\u00e1gkutat\u00e1sban, a s\u00e1m\u00e1nizmus tanulm\u00e1nyoz\u00e1s\u00e1ban \u00e9s a spiritu\u00e1lis gyakorlatban.<\/p>\n<p data-start=\"515\" data-end=\"873\">Ha <strong data-start=\"524\" data-end=\"552\">Changa DMT online v\u00e1s\u00e1rl\u00e1sa<\/strong>, egy gondosan kidolgozott kever\u00e9ket kap, amelyet stabilit\u00e1sa, tisztas\u00e1ga \u00e9s k\u00f6vetkezetes hat\u00e1sa miatt \u00e9rt\u00e9kelnek. Azok a besz\u00e1ll\u00edt\u00f3k, akik <strong data-start=\"695\" data-end=\"718\">Changa DMT elad\u00f3<\/strong> a megv\u00e1ltozott tudat\u00e1llapotok kutat\u00e1s\u00e1val foglalkoz\u00f3 kutat\u00f3int\u00e9zetek \u00e9s spiritu\u00e1lis k\u00f6z\u00f6ss\u00e9gek ell\u00e1t\u00e1sa vil\u00e1gszerte.<\/p>\n<h2 data-start=\"880\" data-end=\"904\">Changa eredete<\/h2>\n<p data-start=\"906\" data-end=\"1297\">A t\u00f6rt\u00e9nelem <strong data-start=\"925\" data-end=\"935\">Changa<\/strong> a 2000-es \u00e9vek elej\u00e9re ny\u00falik vissza. Az ausztr\u00e1l etnobotanikus <strong data-start=\"1010\" data-end=\"1027\">Julian Palmer<\/strong> 2000 \u00e9s 2004 k\u00f6z\u00f6tt fejlesztette ki ezt a kever\u00e9ket, melyet a hagyom\u00e1nyos <strong data-start=\"1128\" data-end=\"1141\">Ayahuasca<\/strong>. A \u201eChanga\u201c n\u00e9v egy s\u00e1m\u00e1ni \u00fcl\u00e9s sor\u00e1n j\u00f6tt l\u00e9tre, amikor Palmer megfelel\u0151 nevet keresett a DMT-bevitel ezen \u00faj form\u00e1j\u00e1nak.<\/p>\n<p data-start=\"1299\" data-end=\"1592\">A 2000-es \u00e9vek k\u00f6zep\u00e9n a changa n\u00e9pszer\u0171 anyagg\u00e1 v\u00e1lt Ausztr\u00e1li\u00e1ban a spiritu\u00e1lis \u00e9s <a href=\"\/product\/columbia-kokainblocke\/\">m\u0171v\u00e9szi<\/a> k\u00f6r\u00f6k. Nemzetk\u00f6zi elterjed\u00e9se a <strong data-start=\"1473\" data-end=\"1495\">Boom Fesztiv\u00e1l 2008<\/strong> Portug\u00e1li\u00e1ban, ahonnan az Ausztr\u00e1li\u00e1n k\u00edv\u00fcli haszn\u00e1lat\u00e1r\u00f3l sz\u00f3l\u00f3 els\u0151 jelent\u00e9sek sz\u00e1rmaznak.<\/p>\n<p data-start=\"1594\" data-end=\"1882\">A Changa d\u00f6nt\u0151 el\u0151nye a tiszta DMT-vel szemben abban rejlik, hogy <strong data-start=\"1668\" data-end=\"1694\">k\u00f6nnyen f\u00fcst\u00f6lhet\u0151<\/strong> \u00e9s <strong data-start=\"1699\" data-end=\"1725\">hosszabb hat\u00e1startam<\/strong>. M\u00edg a DMT krist\u00e1lyok \u00e1ltal\u00e1ban csak 5-7 percig hatnak, addig a Changa-\u00e9lm\u00e9ny a k\u00f6vetkez\u0151 percekig tarthat. <strong data-start=\"1810\" data-end=\"1831\">10 \u00e9s 20 perc<\/strong> sim\u00e1bb be- \u00e9s kil\u00e9p\u00e9ssel.<\/p>\n<h2 data-start=\"1889\" data-end=\"1934\">K\u00e9miai \u00e9s n\u00f6v\u00e9nyi \u00f6sszet\u00e9tel<\/h2>\n<p data-start=\"1936\" data-end=\"1995\">A Changa alapvet\u0151en h\u00e1rom f\u0151 \u00f6sszetev\u0151b\u0151l \u00e1ll:<\/p>\n<ul data-start=\"1997\" data-end=\"2433\">\n<li data-start=\"1997\" data-end=\"2096\">\n<p data-start=\"1999\" data-end=\"2096\"><strong data-start=\"1999\" data-end=\"2027\">DMT (dimetiltriptamin):<\/strong> A pszichedelikus hat\u00e1s\u00e9rt felel\u0151s f\u0151 hat\u00f3anyag.<\/p>\n<\/li>\n<li data-start=\"2097\" data-end=\"2256\">\n<p data-start=\"2099\" data-end=\"2256\"><strong data-start=\"2099\" data-end=\"2134\">MAOI (monoamino-oxid\u00e1z g\u00e1tl\u00f3k):<\/strong> Meghosszabb\u00edtja \u00e9s feler\u0151s\u00edti a DMT hat\u00e1s\u00e1t, jellemz\u0151en a k\u00f6vetkez\u0151kt\u0151l <em data-start=\"2203\" data-end=\"2225\">Banisteriopsis caapi<\/em> vagy <em data-start=\"2231\" data-end=\"2253\">Passiflora incarnata<\/em>.<\/p>\n<\/li>\n<li data-start=\"2257\" data-end=\"2433\">\n<p data-start=\"2259\" data-end=\"2433\"><strong data-start=\"2259\" data-end=\"2276\">Gy\u00f3gyn\u00f6v\u00e9nyes alap:<\/strong> N\u00f6v\u00e9nyi alap\u00fa hordoz\u00f3anyagok, mint p\u00e9ld\u00e1ul <em data-start=\"2311\" data-end=\"2320\">Damiana<\/em>, <em data-start=\"2322\" data-end=\"2331\">Mullein<\/em>, <em data-start=\"2333\" data-end=\"2345\">K\u00e9k l\u00f3tusz<\/em> vagy <em data-start=\"2351\" data-end=\"2371\">Calea Zacatechichi<\/em>, amelyek befoly\u00e1solj\u00e1k az arom\u00e1t, az \u00edzt \u00e9s a hat\u00e1st.<\/p>\n<\/li>\n<\/ul>\n<p data-start=\"2435\" data-end=\"2583\">A DMT \u00e9s a MAOI koncentr\u00e1ci\u00f3ja v\u00e1ltozhat. A hagyom\u00e1nyos kever\u00e9kek \u00e1ltal\u00e1ban 25-50 % DMT-t tartalmaznak, a k\u00edv\u00e1nt intenzit\u00e1si szintt\u0151l f\u00fcgg\u0151en.<\/p>\n<h2 data-start=\"2590\" data-end=\"2615\">Hat\u00e1s \u00e9s tapasztalat<\/h2>\n<p data-start=\"2617\" data-end=\"2851\">A hat\u00e1s a <strong data-start=\"2633\" data-end=\"2647\">Changa DMT<\/strong> \u00e1ltal\u00e1ban a <strong data-start=\"2667\" data-end=\"2697\">a  oldalon. <a href=\"\/product\/columbia-kokainblocke\/\">kevesebb<\/a> M\u00e1sodpercek<\/strong> bel\u00e9gz\u00e9s ut\u00e1n, \u00e9s intenz\u00edv pszichedelikus \u00e1llapothoz vezet, amelyet vizu\u00e1lis, \u00e9rzelmi \u00e9s spiritu\u00e1lis m\u00e9lys\u00e9g jellemez.<\/p>\n<h3 data-start=\"2853\" data-end=\"2876\">Tipikus hat\u00e1sok:<\/h3>\n<ul data-start=\"2877\" data-end=\"3096\">\n<li data-start=\"2877\" data-end=\"2926\">\n<p data-start=\"2879\" data-end=\"2926\">M\u00e9ly vizu\u00e1lis mint\u00e1k \u00e9s geometriai form\u00e1k<\/p>\n<\/li>\n<li data-start=\"2927\" data-end=\"2975\">\n<p data-start=\"2929\" data-end=\"2975\">A tudattal val\u00f3 \u00f6sszeolvad\u00e1s \u00e9rz\u00e9se<\/p>\n<\/li>\n<li data-start=\"2976\" data-end=\"3012\">\n<p data-start=\"2978\" data-end=\"3012\">Az ego felold\u00f3d\u00e1sa (\u201eego hal\u00e1l\u201c)<\/p>\n<\/li>\n<li data-start=\"3013\" data-end=\"3050\">\n<p data-start=\"3015\" data-end=\"3050\">\u00c9rzelmi katarzis \u00e9s tiszt\u00e1nl\u00e1t\u00e1s<\/p>\n<\/li>\n<li data-start=\"3051\" data-end=\"3096\">\n<p data-start=\"3053\" data-end=\"3096\">Spiritu\u00e1lis vagy transzcendent\u00e1lis felismer\u00e9sek<\/p>\n<\/li>\n<\/ul>\n<p data-start=\"3098\" data-end=\"3348\">MAO-g\u00e1tl\u00f3kkal kombin\u00e1lva a hat\u00e1s gyeng\u00e9bb \u00e9s hosszabb ideig tart, mint a tiszta DMT eset\u00e9ben. Sok felhaszn\u00e1l\u00f3 besz\u00e1mol egy <strong data-start=\"3238\" data-end=\"3281\">\u201enyitott sz\u00edv\u0171\u201c \u00e9s harmonikus tapasztalat<\/strong>, amely kev\u00e9sb\u00e9 hirtelen \u00e9s ter\u00e1pi\u00e1s rezonanci\u00e1val b\u00edr.<\/p>\n<h2 data-start=\"3355\" data-end=\"3386\">Alkalmaz\u00e1s \u00e9s fogyaszt\u00e1si form\u00e1k<\/h2>\n<p data-start=\"3388\" data-end=\"3514\">A changa t\u00f6bbf\u00e9lek\u00e9ppen fogyaszthat\u00f3, a leggyakoribb m\u00f3dszer a <strong data-start=\"3480\" data-end=\"3507\">Doh\u00e1nyz\u00e1s vagy p\u00e1rologtat\u00e1s<\/strong> az.<\/p>\n<h3 data-start=\"3516\" data-end=\"3545\">Szok\u00e1sos fogyaszt\u00e1si m\u00f3dok:<\/h3>\n<ul data-start=\"3546\" data-end=\"3776\">\n<li data-start=\"3546\" data-end=\"3620\">\n<p data-start=\"3548\" data-end=\"3620\"><strong data-start=\"3548\" data-end=\"3569\">Pip\u00e1val vagy v\u00edzipip\u00e1val:<\/strong> Klasszikus m\u00f3dszer k\u00f6zvetlen h\u0151hat\u00e1ssal.<\/p>\n<\/li>\n<li data-start=\"3621\" data-end=\"3703\">\n<p data-start=\"3623\" data-end=\"3703\"><strong data-start=\"3623\" data-end=\"3637\">P\u00e1rologtat\u00f3:<\/strong> K\u00fcl\u00f6n\u00f6sen hat\u00e9kony 180-200 \u00b0C-on az egyenletes p\u00e1rolg\u00e1s \u00e9rdek\u00e9ben.<\/p>\n<\/li>\n<li data-start=\"3704\" data-end=\"3776\">\n<p data-start=\"3706\" data-end=\"3776\"><strong data-start=\"3706\" data-end=\"3727\">K\u00f6z\u00f6s vagy tompa:<\/strong> Kever\u00e9k gy\u00f3gyn\u00f6v\u00e9nyekkel a lassabb felsz\u00edv\u00f3d\u00e1s \u00e9rdek\u00e9ben.<\/p>\n<\/li>\n<\/ul>\n<p data-start=\"3778\" data-end=\"3921\">Ellen\u0151rz\u00f6tt \u00e9lm\u00e9nyhez aj\u00e1nlott, <strong data-start=\"3826\" data-end=\"3848\">Kis adagok<\/strong> \u00e9s nyugodt, biztons\u00e1gos \u00e9s tiszteletteljes k\u00f6rnyezetet teremteni.<\/p>\n<h2 data-start=\"4090\" data-end=\"4140\">Changa DMT v\u00e1s\u00e1rl\u00e1sa - Mire kell odafigyelnie<\/h2>\n<p data-start=\"4142\" data-end=\"4373\">Ha <strong data-start=\"4151\" data-end=\"4179\">Changa DMT online v\u00e1s\u00e1rl\u00e1sa<\/strong>, d\u00f6nt\u0151 fontoss\u00e1g\u00fa, hogy <strong data-start=\"4206\" data-end=\"4257\">A szolg\u00e1ltat\u00f3 tisztas\u00e1ga, eredete \u00e9s megb\u00edzhat\u00f3s\u00e1ga<\/strong> hogy figyelj\u00fcnk oda. A nagy kereslet miatt sok gyeng\u00e9bb min\u0151s\u00e9g\u0171 vagy szennyezett term\u00e9k van a piacon.<\/p>\n<p data-start=\"4375\" data-end=\"4448\">A <strong data-start=\"4379\" data-end=\"4410\">megb\u00edzhat\u00f3 szolg\u00e1ltat\u00f3<\/strong> a k\u00f6vetkez\u0151 krit\u00e9riumoknak kell megfelelnie:<\/p>\n<ul data-start=\"4449\" data-end=\"4671\">\n<li data-start=\"4449\" data-end=\"4502\">\n<p data-start=\"4451\" data-end=\"4502\">Laborat\u00f3riumban bevizsg\u00e1lt \u00f6sszetev\u0151k elemz\u00e9si tan\u00fas\u00edtv\u00e1nnyal<\/p>\n<\/li>\n<li data-start=\"4503\" data-end=\"4567\">\n<p data-start=\"4505\" data-end=\"4567\">Az \u00f6sszet\u00e9tel egy\u00e9rtelm\u0171 felt\u00fcntet\u00e9se (DMT\/MAOI ar\u00e1ny)<\/p>\n<\/li>\n<li data-start=\"4568\" data-end=\"4612\">\n<p data-start=\"4570\" data-end=\"4612\">Diszkr\u00e9t, biztons\u00e1gos csomagol\u00e1s \u00e9s sz\u00e1ll\u00edt\u00e1s<\/p>\n<\/li>\n<li data-start=\"4613\" data-end=\"4671\">\n<p data-start=\"4615\" data-end=\"4671\">Pozit\u00edv \u00fcgyf\u00e9l\u00e9rt\u00e9kel\u00e9sek \u00e9s dokument\u00e1lt tapasztalatok<\/p>\n<\/li>\n<\/ul>\n<p data-start=\"4673\" data-end=\"4817\">Sok felhaszn\u00e1l\u00f3, aki <strong data-start=\"4691\" data-end=\"4714\">Changa DMT elad\u00f3<\/strong> el\u0151nyben r\u00e9szes\u00edti az \u00e1tl\u00e1that\u00f3 gy\u00e1rt\u00e1si dokument\u00e1ci\u00f3val \u00e9s ellen\u0151rz\u00f6tt laborat\u00f3riumi min\u0151s\u00e9ggel rendelkez\u0151 besz\u00e1ll\u00edt\u00f3kat.<\/p>\n<h2 data-start=\"4824\" data-end=\"4852\">\u00c1r \u00e9s el\u00e9rhet\u0151s\u00e9g<\/h2>\n<p data-start=\"4854\" data-end=\"5042\">A <strong data-start=\"4858\" data-end=\"4878\">Changa DMT \u00e1r<\/strong> a koncentr\u00e1ci\u00f3t\u00f3l, az \u00f6sszet\u00e9telt\u0151l \u00e9s a megrendelt mennyis\u00e9gt\u0151l f\u00fcgg\u0151en v\u00e1ltozik. A nagy mennyis\u00e9gek \u00e1ltal\u00e1ban grammonk\u00e9nt olcs\u00f3bbak, k\u00fcl\u00f6n\u00f6sen a k\u00f6vetkez\u0151 term\u00e9kek eset\u00e9ben <strong data-start=\"5012\" data-end=\"5039\">Nagykereskedelmi megrendel\u00e9sek<\/strong>.<\/p>\n<p data-start=\"5044\" data-end=\"5073\">Tipikus aj\u00e1nlatok:<\/p>\n<ul data-start=\"5074\" data-end=\"5242\">\n<li data-start=\"5074\" data-end=\"5123\">\n<p data-start=\"5076\" data-end=\"5123\"><strong data-start=\"5076\" data-end=\"5083\">1 g<\/strong> - Egy\u00e9ni kutat\u00e1shoz vagy mikrovizsg\u00e1latokhoz<\/p>\n<\/li>\n<li data-start=\"5124\" data-end=\"5172\">\n<p data-start=\"5126\" data-end=\"5172\"><strong data-start=\"5126\" data-end=\"5133\">5 g<\/strong> - Szabv\u00e1nyos mennyis\u00e9g a kutat\u00e1si sorozatokhoz<\/p>\n<\/li>\n<li data-start=\"5173\" data-end=\"5242\">\n<p data-start=\"5175\" data-end=\"5242\"><strong data-start=\"5175\" data-end=\"5193\">Legal\u00e1bb 10 g<\/strong> - Tudom\u00e1nyos \u00e9s etnobotanikai projektekhez<\/p>\n<\/li>\n<\/ul>\n<p data-start=\"5244\" data-end=\"5384\">A j\u00f3 h\u00edr\u0171 keresked\u0151k a k\u00f6vetkez\u0151ket k\u00edn\u00e1lj\u00e1k <strong data-start=\"5267\" data-end=\"5288\">diszkr\u00e9t sz\u00e1ll\u00edt\u00e1s<\/strong> 1-3 munkanapon bel\u00fcl, \u00e1ltal\u00e1ban semleges csomagol\u00e1ssal \u00e9s opcion\u00e1lis expressz sz\u00e1ll\u00edt\u00e1ssal.<\/p>\n<h2 data-start=\"5391\" data-end=\"5415\">Jogi nyilatkozat<\/h2>\n<p data-start=\"5417\" data-end=\"5635\">A jogi st\u00e1tusz <strong data-start=\"5443\" data-end=\"5457\">Changa DMT<\/strong> vil\u00e1gszerte v\u00e1ltozik. N\u00e9metorsz\u00e1gban, Ausztri\u00e1ban \u00e9s Sv\u00e1jcban a <strong data-start=\"5526\" data-end=\"5533\">DMT<\/strong> a <strong data-start=\"5544\" data-end=\"5577\">K\u00e1b\u00edt\u00f3szert\u00f6rv\u00e9ny (BtMG)<\/strong> \u00e9s ez\u00e9rt <strong data-start=\"5592\" data-end=\"5632\">nem leg\u00e1lis fogyaszt\u00e1sra vagy forgalmaz\u00e1sra<\/strong>.<\/p>\n<p data-start=\"5637\" data-end=\"5850\">Az itt le\u00edrt inform\u00e1ci\u00f3k kiz\u00e1r\u00f3lag a k\u00f6vetkez\u0151kre szolg\u00e1lnak <strong data-start=\"5696\" data-end=\"5767\">tudom\u00e1nyos, etnobotanikai \u00e9s t\u00f6rt\u00e9nelmi dokument\u00e1ci\u00f3<\/strong>. A jogi kereteken k\u00edv\u00fcli beszerz\u00e9s vagy fogyaszt\u00e1s tilos.<\/p>","protected":false},"excerpt":{"rendered":"<p>A Changa DMT egy er\u0151teljes, laborat\u00f3riumban tesztelt pszichedelikus gy\u00f3gyn\u00f6v\u00e9nykever\u00e9k, amely a k\u00f6vetkez\u0151ket tartalmazza <strong data-start=\"105\" data-end=\"132\" data-is-only-node=\"\">DMT (dimetiltriptamin)<\/strong> \u00e9s <strong data-start=\"137\" data-end=\"172\">MAOI-tartalm\u00fa n\u00f6v\u00e9nyi kivonatok<\/strong>, kifejlesztett <strong data-start=\"189\" data-end=\"230\">Kutat\u00e1s \u00e9s etnobotanikai tanulm\u00e1nyok<\/strong>. Ismertek a <strong data-start=\"249\" data-end=\"296\">10-20 percig tart\u00f3 intenz\u00edv hat\u00e1s<\/strong>, A Changa harmonikus, spiritu\u00e1lisan m\u00e9ly \u00e9lm\u00e9nyt ny\u00fajt.<\/p>","protected":false},"featured_media":8752,"comment_status":"open","ping_status":"closed","template":"","meta":{"_joinchat":[]},"product_brand":[],"product_cat":[54],"product_tag":[],"class_list":{"0":"post-8722","1":"product","2":"type-product","3":"status-publish","4":"has-post-thumbnail","6":"product_cat-tryptamines","8":"first","9":"instock","10":"shipping-taxable","11":"purchasable","12":"product-type-variable"},"yoast_head":"<!-- This site is optimized with the Yoast SEO plugin v27.5 - https:\/\/yoast.com\/product\/yoast-seo-wordpress\/ -->\n<title>Changa DMT Online-Bestellung - Chemgramx<\/title>\n<meta name=\"description\" content=\"Changa DMT ist eine kraftvolle, laborgepr\u00fcfte psychedelische Kr\u00e4utermischung aus DMT (Dimethyltryptamin) und MAOI-haltigen Pflanzenextrakten, entwickelt f\u00fcr Forschung und ethnobotanische Studien.\" \/>\n<meta name=\"robots\" content=\"index, follow, max-snippet:-1, max-image-preview:large, max-video-preview:-1\" \/>\n<link rel=\"canonical\" href=\"https:\/\/chemgramx.com\/hu\/termek-1\/changa-dmt-online-rendeles\/\" \/>\n<meta property=\"og:locale\" content=\"hu_HU\" \/>\n<meta property=\"og:type\" content=\"article\" \/>\n<meta property=\"og:title\" content=\"Changa DMT Online-Bestellung - Chemgramx\" \/>\n<meta property=\"og:description\" content=\"Changa DMT ist eine kraftvolle, laborgepr\u00fcfte psychedelische Kr\u00e4utermischung aus DMT (Dimethyltryptamin) und MAOI-haltigen Pflanzenextrakten, entwickelt f\u00fcr Forschung und ethnobotanische Studien.\" \/>\n<meta property=\"og:url\" content=\"https:\/\/chemgramx.com\/hu\/termek-1\/changa-dmt-online-rendeles\/\" \/>\n<meta property=\"og:site_name\" content=\"Chemgramx\" \/>\n<meta property=\"article:modified_time\" content=\"2025-12-11T01:03:57+00:00\" \/>\n<meta property=\"og:image\" content=\"https:\/\/chemgramx.com\/wp-content\/uploads\/2025\/12\/changa-dmt.webp\" \/>\n\t<meta property=\"og:image:width\" content=\"550\" \/>\n\t<meta property=\"og:image:height\" content=\"707\" \/>\n\t<meta property=\"og:image:type\" content=\"image\/webp\" \/>\n<meta name=\"twitter:card\" content=\"summary_large_image\" \/>\n<meta name=\"twitter:label1\" content=\"Becs\u00fclt olvas\u00e1si id\u0151\" \/>\n\t<meta name=\"twitter:data1\" content=\"4 perc\" \/>\n<script type=\"application\/ld+json\" class=\"yoast-schema-graph\">{\"@context\":\"https:\\\/\\\/schema.org\",\"@graph\":[{\"@type\":\"WebPage\",\"@id\":\"https:\\\/\\\/chemgramx.com\\\/product\\\/changa-dmt-online-bestellung\\\/\",\"url\":\"https:\\\/\\\/chemgramx.com\\\/product\\\/changa-dmt-online-bestellung\\\/\",\"name\":\"Changa DMT Online-Bestellung - Chemgramx\",\"isPartOf\":{\"@id\":\"https:\\\/\\\/chemgramx.com\\\/#website\"},\"primaryImageOfPage\":{\"@id\":\"https:\\\/\\\/chemgramx.com\\\/product\\\/changa-dmt-online-bestellung\\\/#primaryimage\"},\"image\":{\"@id\":\"https:\\\/\\\/chemgramx.com\\\/product\\\/changa-dmt-online-bestellung\\\/#primaryimage\"},\"thumbnailUrl\":\"https:\\\/\\\/chemgramx.com\\\/wp-content\\\/uploads\\\/2025\\\/12\\\/changa-dmt.webp\",\"datePublished\":\"2025-12-11T00:49:22+00:00\",\"dateModified\":\"2025-12-11T01:03:57+00:00\",\"description\":\"Changa DMT ist eine kraftvolle, laborgepr\u00fcfte psychedelische Kr\u00e4utermischung aus DMT (Dimethyltryptamin) und MAOI-haltigen Pflanzenextrakten, entwickelt f\u00fcr Forschung und ethnobotanische Studien.\",\"breadcrumb\":{\"@id\":\"https:\\\/\\\/chemgramx.com\\\/product\\\/changa-dmt-online-bestellung\\\/#breadcrumb\"},\"inLanguage\":\"hu\",\"potentialAction\":[{\"@type\":\"ReadAction\",\"target\":[\"https:\\\/\\\/chemgramx.com\\\/product\\\/changa-dmt-online-bestellung\\\/\"]}]},{\"@type\":\"ImageObject\",\"inLanguage\":\"hu\",\"@id\":\"https:\\\/\\\/chemgramx.com\\\/product\\\/changa-dmt-online-bestellung\\\/#primaryimage\",\"url\":\"https:\\\/\\\/chemgramx.com\\\/wp-content\\\/uploads\\\/2025\\\/12\\\/changa-dmt.webp\",\"contentUrl\":\"https:\\\/\\\/chemgramx.com\\\/wp-content\\\/uploads\\\/2025\\\/12\\\/changa-dmt.webp\",\"width\":550,\"height\":707},{\"@type\":\"BreadcrumbList\",\"@id\":\"https:\\\/\\\/chemgramx.com\\\/product\\\/changa-dmt-online-bestellung\\\/#breadcrumb\",\"itemListElement\":[{\"@type\":\"ListItem\",\"position\":1,\"name\":\"Home\",\"item\":\"https:\\\/\\\/chemgramx.com\\\/\"},{\"@type\":\"ListItem\",\"position\":2,\"name\":\"Shop\",\"item\":\"https:\\\/\\\/chemgramx.com\\\/shop\\\/\"},{\"@type\":\"ListItem\",\"position\":3,\"name\":\"Changa DMT Online-Bestellung\"}]},{\"@type\":\"WebSite\",\"@id\":\"https:\\\/\\\/chemgramx.com\\\/#website\",\"url\":\"https:\\\/\\\/chemgramx.com\\\/\",\"name\":\"Chemgramx\",\"description\":\"\",\"publisher\":{\"@id\":\"https:\\\/\\\/chemgramx.com\\\/#organization\"},\"potentialAction\":[{\"@type\":\"SearchAction\",\"target\":{\"@type\":\"EntryPoint\",\"urlTemplate\":\"https:\\\/\\\/chemgramx.com\\\/?s={search_term_string}\"},\"query-input\":{\"@type\":\"PropertyValueSpecification\",\"valueRequired\":true,\"valueName\":\"search_term_string\"}}],\"inLanguage\":\"hu\"},{\"@type\":\"Organization\",\"@id\":\"https:\\\/\\\/chemgramx.com\\\/#organization\",\"name\":\"Chemgramx\",\"url\":\"https:\\\/\\\/chemgramx.com\\\/\",\"logo\":{\"@type\":\"ImageObject\",\"inLanguage\":\"hu\",\"@id\":\"https:\\\/\\\/chemgramx.com\\\/#\\\/schema\\\/logo\\\/image\\\/\",\"url\":\"https:\\\/\\\/chemgramx.com\\\/wp-content\\\/uploads\\\/2024\\\/10\\\/final-logo.png\",\"contentUrl\":\"https:\\\/\\\/chemgramx.com\\\/wp-content\\\/uploads\\\/2024\\\/10\\\/final-logo.png\",\"width\":250,\"height\":48,\"caption\":\"Chemgramx\"},\"image\":{\"@id\":\"https:\\\/\\\/chemgramx.com\\\/#\\\/schema\\\/logo\\\/image\\\/\"}}]}<\/script>\n<!-- \/ Yoast SEO plugin. -->","yoast_head_json":{"title":"Changa DMT online rendel\u00e9s - Chemgramx","description":"A Changa DMT egy er\u0151s, laborat\u00f3riumban tesztelt pszichedelikus gy\u00f3gyn\u00f6v\u00e9nykever\u00e9k DMT (dimetiltriptamin) \u00e9s MAOI-tartalm\u00fa n\u00f6v\u00e9nyi kivonatokb\u00f3l, amelyet kutat\u00e1si \u00e9s etnobotanikai tanulm\u00e1nyokhoz fejlesztettek ki.","robots":{"index":"index","follow":"follow","max-snippet":"max-snippet:-1","max-image-preview":"max-image-preview:large","max-video-preview":"max-video-preview:-1"},"canonical":"https:\/\/chemgramx.com\/hu\/termek-1\/changa-dmt-online-rendeles\/","og_locale":"hu_HU","og_type":"article","og_title":"Changa DMT Online-Bestellung - Chemgramx","og_description":"Changa DMT ist eine kraftvolle, laborgepr\u00fcfte psychedelische Kr\u00e4utermischung aus DMT (Dimethyltryptamin) und MAOI-haltigen Pflanzenextrakten, entwickelt f\u00fcr Forschung und ethnobotanische Studien.","og_url":"https:\/\/chemgramx.com\/hu\/termek-1\/changa-dmt-online-rendeles\/","og_site_name":"Chemgramx","article_modified_time":"2025-12-11T01:03:57+00:00","og_image":[{"width":550,"height":707,"url":"https:\/\/chemgramx.com\/wp-content\/uploads\/2025\/12\/changa-dmt.webp","type":"image\/webp"}],"twitter_card":"summary_large_image","twitter_misc":{"Becs\u00fclt olvas\u00e1si id\u0151":"4 perc"},"schema":{"@context":"https:\/\/schema.org","@graph":[{"@type":"WebPage","@id":"https:\/\/chemgramx.com\/product\/changa-dmt-online-bestellung\/","url":"https:\/\/chemgramx.com\/product\/changa-dmt-online-bestellung\/","name":"Changa DMT online rendel\u00e9s - Chemgramx","isPartOf":{"@id":"https:\/\/chemgramx.com\/#website"},"primaryImageOfPage":{"@id":"https:\/\/chemgramx.com\/product\/changa-dmt-online-bestellung\/#primaryimage"},"image":{"@id":"https:\/\/chemgramx.com\/product\/changa-dmt-online-bestellung\/#primaryimage"},"thumbnailUrl":"https:\/\/chemgramx.com\/wp-content\/uploads\/2025\/12\/changa-dmt.webp","datePublished":"2025-12-11T00:49:22+00:00","dateModified":"2025-12-11T01:03:57+00:00","description":"A Changa DMT egy er\u0151s, laborat\u00f3riumban tesztelt pszichedelikus gy\u00f3gyn\u00f6v\u00e9nykever\u00e9k DMT (dimetiltriptamin) \u00e9s MAOI-tartalm\u00fa n\u00f6v\u00e9nyi kivonatokb\u00f3l, amelyet kutat\u00e1si \u00e9s etnobotanikai tanulm\u00e1nyokhoz fejlesztettek ki.","breadcrumb":{"@id":"https:\/\/chemgramx.com\/product\/changa-dmt-online-bestellung\/#breadcrumb"},"inLanguage":"hu","potentialAction":[{"@type":"ReadAction","target":["https:\/\/chemgramx.com\/product\/changa-dmt-online-bestellung\/"]}]},{"@type":"ImageObject","inLanguage":"hu","@id":"https:\/\/chemgramx.com\/product\/changa-dmt-online-bestellung\/#primaryimage","url":"https:\/\/chemgramx.com\/wp-content\/uploads\/2025\/12\/changa-dmt.webp","contentUrl":"https:\/\/chemgramx.com\/wp-content\/uploads\/2025\/12\/changa-dmt.webp","width":550,"height":707},{"@type":"BreadcrumbList","@id":"https:\/\/chemgramx.com\/product\/changa-dmt-online-bestellung\/#breadcrumb","itemListElement":[{"@type":"ListItem","position":1,"name":"Home","item":"https:\/\/chemgramx.com\/"},{"@type":"ListItem","position":2,"name":"Shop","item":"https:\/\/chemgramx.com\/shop\/"},{"@type":"ListItem","position":3,"name":"Changa DMT Online-Bestellung"}]},{"@type":"WebSite","@id":"https:\/\/chemgramx.com\/#website","url":"https:\/\/chemgramx.com\/","name":"Chemgramx","description":"","publisher":{"@id":"https:\/\/chemgramx.com\/#organization"},"potentialAction":[{"@type":"SearchAction","target":{"@type":"EntryPoint","urlTemplate":"https:\/\/chemgramx.com\/?s={search_term_string}"},"query-input":{"@type":"PropertyValueSpecification","valueRequired":true,"valueName":"search_term_string"}}],"inLanguage":"hu"},{"@type":"Organization","@id":"https:\/\/chemgramx.com\/#organization","name":"Chemgramx","url":"https:\/\/chemgramx.com\/","logo":{"@type":"ImageObject","inLanguage":"hu","@id":"https:\/\/chemgramx.com\/#\/schema\/logo\/image\/","url":"https:\/\/chemgramx.com\/wp-content\/uploads\/2024\/10\/final-logo.png","contentUrl":"https:\/\/chemgramx.com\/wp-content\/uploads\/2024\/10\/final-logo.png","width":250,"height":48,"caption":"Chemgramx"},"image":{"@id":"https:\/\/chemgramx.com\/#\/schema\/logo\/image\/"}}]}},"_links":{"self":[{"href":"https:\/\/chemgramx.com\/hu\/wp-json\/wp\/v2\/product\/8722","targetHints":{"allow":["GET"]}}],"collection":[{"href":"https:\/\/chemgramx.com\/hu\/wp-json\/wp\/v2\/product"}],"about":[{"href":"https:\/\/chemgramx.com\/hu\/wp-json\/wp\/v2\/types\/product"}],"replies":[{"embeddable":true,"href":"https:\/\/chemgramx.com\/hu\/wp-json\/wp\/v2\/comments?post=8722"}],"wp:featuredmedia":[{"embeddable":true,"href":"https:\/\/chemgramx.com\/hu\/wp-json\/wp\/v2\/media\/8752"}],"wp:attachment":[{"href":"https:\/\/chemgramx.com\/hu\/wp-json\/wp\/v2\/media?parent=8722"}],"wp:term":[{"taxonomy":"product_brand","embeddable":true,"href":"https:\/\/chemgramx.com\/hu\/wp-json\/wp\/v2\/product_brand?post=8722"},{"taxonomy":"product_cat","embeddable":true,"href":"https:\/\/chemgramx.com\/hu\/wp-json\/wp\/v2\/product_cat?post=8722"},{"taxonomy":"product_tag","embeddable":true,"href":"https:\/\/chemgramx.com\/hu\/wp-json\/wp\/v2\/product_tag?post=8722"}],"curies":[{"name":"wp","href":"https:\/\/api.w.org\/{rel}","templated":true}]}}