{"id":8723,"date":"2025-12-11T00:49:25","date_gmt":"2025-12-11T00:49:25","guid":{"rendered":"https:\/\/chemgramx.com\/?post_type=product&#038;p=8723"},"modified":"2025-12-11T01:06:36","modified_gmt":"2025-12-11T01:06:36","slug":"4-ho-mipt-20mg-pellet-vasarlas","status":"publish","type":"product","link":"https:\/\/chemgramx.com\/hu\/product\/4-ho-mipt-20mg-pellets-kaufen\/","title":{"rendered":"4-HO-MiPT 20mg pellet megv\u00e1s\u00e1rl\u00e1sa"},"content":{"rendered":"<p data-start=\"105\" data-end=\"514\"><strong data-start=\"105\" data-end=\"131\">4-HO-MiPT 20 mg tabletta<\/strong> prec\u00edzi\u00f3san adagolt, laborat\u00f3riumban tesztelt kutat\u00e1si term\u00e9k, amelyet kifejezetten ellen\u0151rz\u00f6tt laborat\u00f3riumi k\u00f6rnyezetben v\u00e9gzett tudom\u00e1nyos kutat\u00e1sokhoz terveztek. Ezek a pelletek pontos adagol\u00e1st \u00e9s egyenletes gy\u00f3gyszereloszl\u00e1st biztos\u00edtanak, \u00edgy a tudom\u00e1nyos int\u00e9zetek, a gy\u00f3gyszeripari kutat\u00f3int\u00e9zetek \u00e9s az analitikai laborat\u00f3riumok sz\u00e1m\u00e1ra el\u0151ny\u00f6s v\u00e1laszt\u00e1snak bizonyulnak.<\/p>\n<p data-start=\"516\" data-end=\"967\">A term\u00e9k a k\u00f6vetkez\u0151ket tartalmazza <strong data-start=\"536\" data-end=\"591\">4-Hidroxi-N-metil-N-izopropil-triptamin (4-HO-MiPT)<\/strong> - egy triptamin-sz\u00e1rmaz\u00e9k, amely a pszilocinnal \u00e9s a pszilocibinnel azonos k\u00e9miai csal\u00e1dba tartozik. A k\u00eds\u00e9rleti farmakol\u00f3gi\u00e1ban a hat\u00e1smechanizmusok, receptor k\u00f6lcs\u00f6nhat\u00e1sok \u00e9s szerkezet-hat\u00e1s \u00f6sszef\u00fcgg\u00e9sek vizsg\u00e1lat\u00e1ra haszn\u00e1lj\u00e1k. <strong data-start=\"835\" data-end=\"856\">4-HO-MiPT pellet<\/strong> kiz\u00e1r\u00f3lag kutat\u00e1si \u00e9s elemz\u00e9si c\u00e9lokra szolg\u00e1lnak, \u00e9s <strong data-start=\"916\" data-end=\"953\">nem a <a href=\"\/product\/kaufen-sie-kokain-online\/\">emberi<\/a> Fogyaszt\u00e1s<\/strong> enged\u00e9lyezve.<\/p>\n<h2 data-start=\"974\" data-end=\"1005\">Tulajdons\u00e1gok \u00e9s min\u0151s\u00e9g<\/h2>\n<p data-start=\"1007\" data-end=\"1401\">Minden egys\u00e9g tartalmaz <strong data-start=\"1028\" data-end=\"1046\">20 mg 4-HO-MiPT<\/strong> \u00b11 mg-os maxim\u00e1lis elt\u00e9r\u00e9ssel. Az anyagot mikrotabletta form\u00e1ban pr\u00e9selik a maxim\u00e1lis adagol\u00e1si pontoss\u00e1g \u00e9s a k\u00f6nny\u0171 kezelhet\u0151s\u00e9g \u00e9rdek\u00e9ben. Tisztas\u00e1ga <strong data-start=\"1241\" data-end=\"1264\">\u226597% (HPLC-vizsg\u00e1lat)<\/strong> \u00e9s bizony\u00edtottan hossz\u00fa t\u00e1v\u00fa stabilit\u00e1suknak k\u00f6sz\u00f6nhet\u0151en ezek a pelletek ide\u00e1lisak a reproduk\u00e1lhat\u00f3 \u00e9s megb\u00edzhat\u00f3 kutat\u00e1si eredm\u00e9nyekhez.<\/p>\n<p data-start=\"1403\" data-end=\"1726\">Minden t\u00e9telt k\u00fcl\u00f6n-k\u00fcl\u00f6n elemeznek, \u00e9s teljes k\u00f6r\u0171en ell\u00e1tj\u00e1k \u0151ket <strong data-start=\"1470\" data-end=\"1497\">Elemz\u00e9si tan\u00fas\u00edtv\u00e1ny (COA)<\/strong> amely dokument\u00e1lja a k\u00e9miai azonoss\u00e1got, tisztas\u00e1got \u00e9s stabilit\u00e1st. A min\u0151s\u00e9gellen\u0151rz\u00e9s a gy\u00f3gyszer\u00e9szeti laborat\u00f3riumi szabv\u00e1nyoknak megfelel\u0151en t\u00f6rt\u00e9nik, ami azt jelenti, hogy <strong data-start=\"1653\" data-end=\"1674\">4-HO-MiPT pellet<\/strong> maxim\u00e1lis pontoss\u00e1got \u00e9s biztons\u00e1got ny\u00fajtanak.<\/p>\n<p data-start=\"1728\" data-end=\"1760\"><strong data-start=\"1728\" data-end=\"1758\">K\u00e9miai specifik\u00e1ci\u00f3k:<\/strong><\/p>\n<ul data-start=\"1761\" data-end=\"2039\">\n<li data-start=\"1761\" data-end=\"1814\">\n<p data-start=\"1763\" data-end=\"1814\">Anyag: 4-hidroxi-N-metil-N-izopropil-triptamin<\/p>\n<\/li>\n<li data-start=\"1815\" data-end=\"1862\">\n<p data-start=\"1817\" data-end=\"1862\">Adagol\u00e1si forma: mikrotabletta granul\u00e1tum<\/p>\n<\/li>\n<li data-start=\"1863\" data-end=\"1893\">\n<p data-start=\"1865\" data-end=\"1893\">Adagol\u00e1s: 20 mg tablett\u00e1nk\u00e9nt<\/p>\n<\/li>\n<li data-start=\"1894\" data-end=\"1927\">\n<p data-start=\"1896\" data-end=\"1927\">Tisztas\u00e1g: \u226597% (HPLC-vizsg\u00e1lat)<\/p>\n<\/li>\n<li data-start=\"1928\" data-end=\"1985\">\n<p data-start=\"1930\" data-end=\"1985\">Megjelen\u00e9s: A feh\u00e9rt\u0151l a kr\u00e9msz\u00edn\u0171ig v\u00e1ltoz\u00f3 sz\u00edn\u0171, er\u0151sen pr\u00e9selt.<\/p>\n<\/li>\n<li data-start=\"1986\" data-end=\"2039\">\n<p data-start=\"1988\" data-end=\"2039\">Stabilit\u00e1s: Megfelel\u0151 t\u00e1rol\u00e1s mellett hossz\u00fa t\u00e1v\u00fa stabilit\u00e1s<\/p>\n<\/li>\n<\/ul>\n<h2 data-start=\"2046\" data-end=\"2072\">Kutat\u00e1si alkalmaz\u00e1sok<\/h2>\n<p data-start=\"2074\" data-end=\"2203\"><strong data-start=\"2074\" data-end=\"2100\">4-HO-MiPT 20 mg tabletta<\/strong> kiz\u00e1r\u00f3lag a k\u00f6vetkez\u0151kre haszn\u00e1lj\u00e1k <a href=\"\/product\/kokain-volkswagen-90-rein\/\">tudom\u00e1nyos<\/a> c\u00e9lokra. A tipikus alkalmaz\u00e1si ter\u00fcletek a k\u00f6vetkez\u0151k<\/p>\n<ul data-start=\"2205\" data-end=\"2640\">\n<li data-start=\"2205\" data-end=\"2297\">\n<p data-start=\"2207\" data-end=\"2297\"><strong data-start=\"2207\" data-end=\"2236\">Farmakol\u00f3giai vizsg\u00e1latok:<\/strong> A szerotonin receptorokhoz val\u00f3 k\u00f6t\u0151d\u00e9s vizsg\u00e1lata (5-HT2A, 5-HT1A)<\/p>\n<\/li>\n<li data-start=\"2298\" data-end=\"2412\">\n<p data-start=\"2300\" data-end=\"2412\"><strong data-start=\"2300\" data-end=\"2327\">\u00d6sszehasonl\u00edt\u00f3 elemz\u00e9sek:<\/strong> A szerkezet-aktivit\u00e1s kapcsolat \u00e9rt\u00e9kel\u00e9se a rokon triptaminokkal \u00f6sszehasonl\u00edtva<\/p>\n<\/li>\n<li data-start=\"2413\" data-end=\"2486\">\n<p data-start=\"2415\" data-end=\"2486\"><strong data-start=\"2415\" data-end=\"2439\">Adagol\u00e1skutat\u00e1s:<\/strong> Pontos alkalmaz\u00e1s a hat\u00f3anyagok valid\u00e1l\u00e1s\u00e1hoz<\/p>\n<\/li>\n<li data-start=\"2487\" data-end=\"2561\">\n<p data-start=\"2489\" data-end=\"2561\"><strong data-start=\"2489\" data-end=\"2512\">Stabilit\u00e1si vizsg\u00e1latok:<\/strong> A k\u00e9miai v\u00e1ltoz\u00e1sok megfigyel\u00e9se az id\u0151 m\u00fal\u00e1s\u00e1val<\/p>\n<\/li>\n<li data-start=\"2562\" data-end=\"2640\">\n<p data-start=\"2564\" data-end=\"2640\"><strong data-start=\"2564\" data-end=\"2594\">Anyagjellemz\u00e9s:<\/strong> Fizikai \u00e9s analitikai tulajdons\u00e1gok<\/p>\n<\/li>\n<\/ul>\n<p data-start=\"2642\" data-end=\"2799\">A szabv\u00e1nyos\u00edtott pelletforma lehet\u0151v\u00e9 teszi a kutat\u00f3k sz\u00e1m\u00e1ra, hogy pontos \u00e9s ellen\u0151rz\u00f6tt k\u00eds\u00e9rleteket v\u00e9gezzenek - ez d\u00f6nt\u0151 el\u0151ny a laza porral szemben.<\/p>\n<h2 data-start=\"2806\" data-end=\"2836\">Biztons\u00e1g \u00e9s kezel\u00e9s<\/h2>\n<p data-start=\"2838\" data-end=\"3073\">Ez a term\u00e9k kiz\u00e1r\u00f3lag a k\u00f6vetkez\u0151 c\u00e9lokra szolg\u00e1l <strong data-start=\"2880\" data-end=\"2911\">tudom\u00e1nyos felhaszn\u00e1l\u00e1s<\/strong> tervezett. A 4-HO-MiPT kezel\u00e9se professzion\u00e1lis laborat\u00f3riumi k\u00f6rnyezetet \u00e9s az \u00f6sszes jogi \u00e9s biztons\u00e1gi el\u0151\u00edr\u00e1s betart\u00e1s\u00e1t ig\u00e9nyli.<\/p>\n<p data-start=\"3075\" data-end=\"3104\"><strong data-start=\"3075\" data-end=\"3102\">Biztons\u00e1gi ir\u00e1nyelvek:<\/strong><\/p>\n<ul data-start=\"3105\" data-end=\"3401\">\n<li data-start=\"3105\" data-end=\"3154\">\n<p data-start=\"3107\" data-end=\"3154\">Kiz\u00e1r\u00f3lag k\u00e9pzett laborat\u00f3riumi szem\u00e9lyzet haszn\u00e1lhatja<\/p>\n<\/li>\n<li data-start=\"3155\" data-end=\"3223\">\n<p data-start=\"3157\" data-end=\"3223\">Munka f\u00fcstg\u00e1zelsz\u00edv\u00f3 alatt vagy j\u00f3l szell\u0151ztetett k\u00f6rnyezetben<\/p>\n<\/li>\n<li data-start=\"3224\" data-end=\"3293\">\n<p data-start=\"3226\" data-end=\"3293\">Viseljen v\u00e9d\u0151ruh\u00e1zatot (labork\u00f6peny, keszty\u0171, v\u00e9d\u0151szem\u00fcveg).<\/p>\n<\/li>\n<li data-start=\"3294\" data-end=\"3340\">\n<p data-start=\"3296\" data-end=\"3340\">Az anyaggal val\u00f3 k\u00f6zvetlen b\u0151rrel val\u00f3 \u00e9rintkez\u00e9s tilalma<\/p>\n<\/li>\n<li data-start=\"3341\" data-end=\"3401\">\n<p data-start=\"3343\" data-end=\"3401\">Dokument\u00e1ci\u00f3 \u00e9s biztons\u00e1gos \u00e1rtalmatlan\u00edt\u00e1s a laborat\u00f3riumi szabv\u00e1nyoknak megfelel\u0151en<\/p>\n<\/li>\n<\/ul>\n<p data-start=\"3403\" data-end=\"3431\"><strong data-start=\"3403\" data-end=\"3429\">T\u00e1rol\u00e1si aj\u00e1nl\u00e1sok:<\/strong><\/p>\n<ul data-start=\"3432\" data-end=\"3643\">\n<li data-start=\"3432\" data-end=\"3467\">\n<p data-start=\"3434\" data-end=\"3467\">H\u0151m\u00e9rs\u00e9klet: 2-8\u00b0C (h\u0171t\u0151szekr\u00e9ny)<\/p>\n<\/li>\n<li data-start=\"3468\" data-end=\"3526\">\n<p data-start=\"3470\" data-end=\"3526\">P\u00e1ratartalom: Sz\u00e1raz (&lt;60% relat\u00edv p\u00e1ratartalom)<\/p>\n<\/li>\n<li data-start=\"3527\" data-end=\"3584\">\n<p data-start=\"3529\" data-end=\"3584\">F\u00e9nyv\u00e9delem: V\u00e9dje a k\u00f6zvetlen napf\u00e9nyt\u0151l<\/p>\n<\/li>\n<li data-start=\"3585\" data-end=\"3643\">\n<p data-start=\"3587\" data-end=\"3643\">Csomagol\u00e1s: Tartsa szorosan lez\u00e1rva az eredeti t\u00e1rol\u00f3ed\u00e9nyt<\/p>\n<\/li>\n<\/ul>\n<p data-start=\"3645\" data-end=\"3721\">Ilyen k\u00f6r\u00fclm\u00e9nyek k\u00f6z\u00f6tt az eltarthat\u00f3s\u00e1gi id\u0151 <strong data-start=\"3694\" data-end=\"3718\">legal\u00e1bb 18 h\u00f3nap<\/strong>.<\/p>\n<h2 data-start=\"3728\" data-end=\"3753\">Rendel\u00e9si inform\u00e1ci\u00f3k<\/h2>\n<p data-start=\"3755\" data-end=\"3873\"><strong data-start=\"3755\" data-end=\"3781\">4-HO-MiPT 20 mg tabletta<\/strong> k\u00fcl\u00f6nb\u00f6z\u0151 kutat\u00e1si m\u00e9retekben \u00e1llnak rendelkez\u00e9sre, a projekt terjedelm\u00e9t\u0151l \u00e9s a laborat\u00f3riumi k\u00f6vetelm\u00e9nyekt\u0151l f\u00fcgg\u0151en:<\/p>\n<ul data-start=\"3875\" data-end=\"4003\">\n<li data-start=\"3875\" data-end=\"3903\">\n<p data-start=\"3877\" data-end=\"3903\">Kis kiszerel\u00e9s: 10 pellet<\/p>\n<\/li>\n<li data-start=\"3904\" data-end=\"3935\">\n<p data-start=\"3906\" data-end=\"3935\">Standard csomag: 25 pellet<\/p>\n<\/li>\n<li data-start=\"3936\" data-end=\"3964\">\n<p data-start=\"3938\" data-end=\"3964\">\u00d6mlesztett csomagol\u00e1s: 100 pellet<\/p>\n<\/li>\n<li data-start=\"3965\" data-end=\"4003\">\n<p data-start=\"3967\" data-end=\"4003\">Kutat\u00e1si \u00f6mlesztett csomag: 250 pellet<\/p>\n<\/li>\n<\/ul>\n<p data-start=\"4005\" data-end=\"4034\"><strong data-start=\"4005\" data-end=\"4032\">Rendel\u00e9si k\u00f6vetelm\u00e9nyek:<\/strong><\/p>\n<ul data-start=\"4035\" data-end=\"4230\">\n<li data-start=\"4035\" data-end=\"4107\">\n<p data-start=\"4037\" data-end=\"4107\">Bejegyzett kutat\u00f3int\u00e9zet vagy laborat\u00f3rium igazol\u00e1sa<\/p>\n<\/li>\n<li data-start=\"4108\" data-end=\"4165\">\n<p data-start=\"4110\" data-end=\"4165\">A tudom\u00e1nyos c\u00e9l le\u00edr\u00e1sa<\/p>\n<\/li>\n<li data-start=\"4166\" data-end=\"4230\">\n<p data-start=\"4168\" data-end=\"4230\">A biztons\u00e1gi ismeretek meger\u0151s\u00edt\u00e9se a laborat\u00f3riumi ir\u00e1nymutat\u00e1soknak megfelel\u0151en<\/p>\n<\/li>\n<\/ul>\n<p data-start=\"4232\" data-end=\"4333\">A felad\u00e1sra a k\u00f6vetkez\u0151k szerint ker\u00fcl sor <strong data-start=\"4252\" data-end=\"4284\">Diszkr\u00e9t \u00e9s semleges csomagol\u00e1s<\/strong>, a teljes titoktart\u00e1s biztos\u00edt\u00e1sa \u00e9rdek\u00e9ben.<\/p>\n<h2 data-start=\"4340\" data-end=\"4374\">Gyakran ism\u00e9telt k\u00e9rd\u00e9sek (GYIK)<\/h2>\n<p data-start=\"4376\" data-end=\"4517\"><strong data-start=\"4376\" data-end=\"4439\">K: A pellet alkalmas emberi fogyaszt\u00e1sra?<\/strong><br data-start=\"4439\" data-end=\"4442\" \/>V: Nem, ez a term\u00e9k csak kutat\u00e1si c\u00e9lokra szolg\u00e1l.<\/p>\n<p data-start=\"4519\" data-end=\"4637\"><strong data-start=\"4519\" data-end=\"4561\">K: Milyen elemz\u00e9si adatok \u00e1llnak rendelkez\u00e9sre?<\/strong><br data-start=\"4561\" data-end=\"4564\" \/>V: Minden t\u00e9tel teljes HPLC, GC\/MS \u00e9s stabilit\u00e1si adatokat tartalmaz.<\/p>\n<p data-start=\"4639\" data-end=\"4737\"><strong data-start=\"4639\" data-end=\"4681\">K: Mennyi a pellet eltarthat\u00f3s\u00e1gi ideje?<\/strong><br data-start=\"4681\" data-end=\"4684\" \/>V: Megfelel\u0151 t\u00e1rol\u00e1s eset\u00e9n legal\u00e1bb 18 h\u00f3napig.<\/p>\n<p data-start=\"4739\" data-end=\"4847\"><strong data-start=\"4739\" data-end=\"4783\">K: A sz\u00e1ll\u00edt\u00e1s diszkr\u00e9ten t\u00f6rt\u00e9nik?<\/strong><br data-start=\"4783\" data-end=\"4786\" \/>V: Igen, minden k\u00fcldem\u00e9nyt n\u00e9vtelen\u00fcl \u00e9s semlegesen csomagolunk.<\/p>\n<p data-start=\"4849\" data-end=\"4983\"><strong data-start=\"4849\" data-end=\"4886\">K: Sz\u00fcks\u00e9gem van enged\u00e9lyre?<\/strong><br data-start=\"4886\" data-end=\"4889\" \/>V: Igen, a megszerz\u00e9shez elismert kutat\u00f3int\u00e9zeti tags\u00e1g sz\u00fcks\u00e9ges.<\/p>\n<h2 data-start=\"4849\" data-end=\"4983\">Jogi nyilatkozat<\/h2>\n<p data-start=\"5016\" data-end=\"5306\"><strong data-start=\"5016\" data-end=\"5042\">4-HO-MiPT 20 mg tabletta<\/strong> kutat\u00e1si term\u00e9k \u00e9s <strong data-start=\"5074\" data-end=\"5141\">nem emberi vagy \u00e1llatgy\u00f3gy\u00e1szati felhaszn\u00e1l\u00e1sra<\/strong> enged\u00e9lyezve. A v\u00e1s\u00e1rl\u00e1ssal a v\u00e1s\u00e1rl\u00f3 v\u00e1llalja, hogy a term\u00e9ket kiz\u00e1r\u00f3lag a k\u00f6vetkez\u0151k szerint haszn\u00e1lja. <strong data-start=\"5233\" data-end=\"5290\">a jogilag megengedett kutat\u00e1si tev\u00e9kenys\u00e9gek keret\u00e9ben<\/strong> haszn\u00e1lni.<\/p>\n<p data-start=\"5308\" data-end=\"5495\">A helyi \u00e9s nemzetk\u00f6zi el\u0151\u00edr\u00e1sok betart\u00e1sa a vev\u0151 felel\u0151ss\u00e9ge. Tilos a vissza\u00e9l\u00e9sszer\u0171 haszn\u00e1lat vagy a jogosulatlan c\u00e9l\u00fa tov\u00e1bb\u00e9rt\u00e9kes\u00edt\u00e9s.<\/p>","protected":false},"excerpt":{"rendered":"<p>V\u00e1s\u00e1roljon 4-HO-MiPT 20mg pelletet: Egyenletesen adagolt pelletekben a prec\u00edz tudom\u00e1nyos munk\u00e1hoz. Kiz\u00e1r\u00f3lag kutat\u00e1si c\u00e9lokra laborat\u00f3riumi k\u00f6rnyezetben.<\/p>","protected":false},"featured_media":8753,"comment_status":"open","ping_status":"closed","template":"","meta":{"_joinchat":[]},"product_brand":[],"product_cat":[54],"product_tag":[],"class_list":{"0":"post-8723","1":"product","2":"type-product","3":"status-publish","4":"has-post-thumbnail","6":"product_cat-tryptamines","8":"first","9":"instock","10":"shipping-taxable","11":"purchasable","12":"product-type-variable"},"yoast_head":"<!-- This site is optimized with the Yoast SEO plugin v27.5 - https:\/\/yoast.com\/product\/yoast-seo-wordpress\/ -->\n<title>4-HO-MiPT Pellets Kaufen | 20mg | Research Chemical Chemgramx<\/title>\n<meta name=\"description\" content=\"4-HO-MiPT 20mg Pellets kaufen - Forschungschemikalie in pelletierter Form. F\u00fcr wissenschaftliche Analysen. Laborgepr\u00fcft &amp; diskret.\" \/>\n<meta name=\"robots\" content=\"index, follow, max-snippet:-1, max-image-preview:large, max-video-preview:-1\" \/>\n<link rel=\"canonical\" href=\"https:\/\/chemgramx.com\/hu\/termek-1\/4-ho-mipt-20mg-pellet-vasarlas\/\" \/>\n<meta property=\"og:locale\" content=\"hu_HU\" \/>\n<meta property=\"og:type\" content=\"article\" \/>\n<meta property=\"og:title\" content=\"4-HO-MiPT Pellets Kaufen | 20mg | Research Chemical Chemgramx\" \/>\n<meta property=\"og:description\" content=\"4-HO-MiPT 20mg Pellets kaufen - Forschungschemikalie in pelletierter Form. F\u00fcr wissenschaftliche Analysen. Laborgepr\u00fcft &amp; diskret.\" \/>\n<meta property=\"og:url\" content=\"https:\/\/chemgramx.com\/hu\/termek-1\/4-ho-mipt-20mg-pellet-vasarlas\/\" \/>\n<meta property=\"og:site_name\" content=\"Chemgramx\" \/>\n<meta property=\"article:modified_time\" content=\"2025-12-11T01:06:36+00:00\" \/>\n<meta property=\"og:image\" content=\"https:\/\/chemgramx.com\/wp-content\/uploads\/2025\/12\/buy-4-ho-mipt-20-mg-pellets-chem-store-online.png\" \/>\n\t<meta property=\"og:image:width\" content=\"524\" \/>\n\t<meta property=\"og:image:height\" content=\"559\" \/>\n\t<meta property=\"og:image:type\" content=\"image\/png\" \/>\n<meta name=\"twitter:card\" content=\"summary_large_image\" \/>\n<meta name=\"twitter:label1\" content=\"Becs\u00fclt olvas\u00e1si id\u0151\" \/>\n\t<meta name=\"twitter:data1\" content=\"3 perc\" \/>\n<script type=\"application\/ld+json\" class=\"yoast-schema-graph\">{\"@context\":\"https:\\\/\\\/schema.org\",\"@graph\":[{\"@type\":\"WebPage\",\"@id\":\"https:\\\/\\\/chemgramx.com\\\/product\\\/4-ho-mipt-20mg-pellets-kaufen\\\/\",\"url\":\"https:\\\/\\\/chemgramx.com\\\/product\\\/4-ho-mipt-20mg-pellets-kaufen\\\/\",\"name\":\"4-HO-MiPT Pellets Kaufen | 20mg | Research Chemical Chemgramx\",\"isPartOf\":{\"@id\":\"https:\\\/\\\/chemgramx.com\\\/#website\"},\"primaryImageOfPage\":{\"@id\":\"https:\\\/\\\/chemgramx.com\\\/product\\\/4-ho-mipt-20mg-pellets-kaufen\\\/#primaryimage\"},\"image\":{\"@id\":\"https:\\\/\\\/chemgramx.com\\\/product\\\/4-ho-mipt-20mg-pellets-kaufen\\\/#primaryimage\"},\"thumbnailUrl\":\"https:\\\/\\\/chemgramx.com\\\/wp-content\\\/uploads\\\/2025\\\/12\\\/buy-4-ho-mipt-20-mg-pellets-chem-store-online.png\",\"datePublished\":\"2025-12-11T00:49:25+00:00\",\"dateModified\":\"2025-12-11T01:06:36+00:00\",\"description\":\"4-HO-MiPT 20mg Pellets kaufen - Forschungschemikalie in pelletierter Form. F\u00fcr wissenschaftliche Analysen. Laborgepr\u00fcft &amp; diskret.\",\"breadcrumb\":{\"@id\":\"https:\\\/\\\/chemgramx.com\\\/product\\\/4-ho-mipt-20mg-pellets-kaufen\\\/#breadcrumb\"},\"inLanguage\":\"hu\",\"potentialAction\":[{\"@type\":\"ReadAction\",\"target\":[\"https:\\\/\\\/chemgramx.com\\\/product\\\/4-ho-mipt-20mg-pellets-kaufen\\\/\"]}]},{\"@type\":\"ImageObject\",\"inLanguage\":\"hu\",\"@id\":\"https:\\\/\\\/chemgramx.com\\\/product\\\/4-ho-mipt-20mg-pellets-kaufen\\\/#primaryimage\",\"url\":\"https:\\\/\\\/chemgramx.com\\\/wp-content\\\/uploads\\\/2025\\\/12\\\/buy-4-ho-mipt-20-mg-pellets-chem-store-online.png\",\"contentUrl\":\"https:\\\/\\\/chemgramx.com\\\/wp-content\\\/uploads\\\/2025\\\/12\\\/buy-4-ho-mipt-20-mg-pellets-chem-store-online.png\",\"width\":524,\"height\":559},{\"@type\":\"BreadcrumbList\",\"@id\":\"https:\\\/\\\/chemgramx.com\\\/product\\\/4-ho-mipt-20mg-pellets-kaufen\\\/#breadcrumb\",\"itemListElement\":[{\"@type\":\"ListItem\",\"position\":1,\"name\":\"Home\",\"item\":\"https:\\\/\\\/chemgramx.com\\\/\"},{\"@type\":\"ListItem\",\"position\":2,\"name\":\"Shop\",\"item\":\"https:\\\/\\\/chemgramx.com\\\/shop\\\/\"},{\"@type\":\"ListItem\",\"position\":3,\"name\":\"4-HO-MiPT 20mg Pellets kaufen\"}]},{\"@type\":\"WebSite\",\"@id\":\"https:\\\/\\\/chemgramx.com\\\/#website\",\"url\":\"https:\\\/\\\/chemgramx.com\\\/\",\"name\":\"Chemgramx\",\"description\":\"\",\"publisher\":{\"@id\":\"https:\\\/\\\/chemgramx.com\\\/#organization\"},\"potentialAction\":[{\"@type\":\"SearchAction\",\"target\":{\"@type\":\"EntryPoint\",\"urlTemplate\":\"https:\\\/\\\/chemgramx.com\\\/?s={search_term_string}\"},\"query-input\":{\"@type\":\"PropertyValueSpecification\",\"valueRequired\":true,\"valueName\":\"search_term_string\"}}],\"inLanguage\":\"hu\"},{\"@type\":\"Organization\",\"@id\":\"https:\\\/\\\/chemgramx.com\\\/#organization\",\"name\":\"Chemgramx\",\"url\":\"https:\\\/\\\/chemgramx.com\\\/\",\"logo\":{\"@type\":\"ImageObject\",\"inLanguage\":\"hu\",\"@id\":\"https:\\\/\\\/chemgramx.com\\\/#\\\/schema\\\/logo\\\/image\\\/\",\"url\":\"https:\\\/\\\/chemgramx.com\\\/wp-content\\\/uploads\\\/2024\\\/10\\\/final-logo.png\",\"contentUrl\":\"https:\\\/\\\/chemgramx.com\\\/wp-content\\\/uploads\\\/2024\\\/10\\\/final-logo.png\",\"width\":250,\"height\":48,\"caption\":\"Chemgramx\"},\"image\":{\"@id\":\"https:\\\/\\\/chemgramx.com\\\/#\\\/schema\\\/logo\\\/image\\\/\"}}]}<\/script>\n<!-- \/ Yoast SEO plugin. -->","yoast_head_json":{"title":"Megveszem 4-HO-MiPT pellet | 20mg | Kutat\u00e1si vegyi Chemgramx Chemical","description":"V\u00e1s\u00e1rolja meg a 4-HO-MiPT 20mg pellet - Kutat\u00e1si vegyi anyag pellet form\u00e1j\u00e1ban. Tudom\u00e1nyos elemz\u00e9sekhez. Laborat\u00f3riumban tesztelt \u00e9s diszkr\u00e9t.","robots":{"index":"index","follow":"follow","max-snippet":"max-snippet:-1","max-image-preview":"max-image-preview:large","max-video-preview":"max-video-preview:-1"},"canonical":"https:\/\/chemgramx.com\/hu\/termek-1\/4-ho-mipt-20mg-pellet-vasarlas\/","og_locale":"hu_HU","og_type":"article","og_title":"4-HO-MiPT Pellets Kaufen | 20mg | Research Chemical Chemgramx","og_description":"4-HO-MiPT 20mg Pellets kaufen - Forschungschemikalie in pelletierter Form. F\u00fcr wissenschaftliche Analysen. Laborgepr\u00fcft &amp; diskret.","og_url":"https:\/\/chemgramx.com\/hu\/termek-1\/4-ho-mipt-20mg-pellet-vasarlas\/","og_site_name":"Chemgramx","article_modified_time":"2025-12-11T01:06:36+00:00","og_image":[{"width":524,"height":559,"url":"https:\/\/chemgramx.com\/wp-content\/uploads\/2025\/12\/buy-4-ho-mipt-20-mg-pellets-chem-store-online.png","type":"image\/png"}],"twitter_card":"summary_large_image","twitter_misc":{"Becs\u00fclt olvas\u00e1si id\u0151":"3 perc"},"schema":{"@context":"https:\/\/schema.org","@graph":[{"@type":"WebPage","@id":"https:\/\/chemgramx.com\/product\/4-ho-mipt-20mg-pellets-kaufen\/","url":"https:\/\/chemgramx.com\/product\/4-ho-mipt-20mg-pellets-kaufen\/","name":"Megveszem 4-HO-MiPT pellet | 20mg | Kutat\u00e1si vegyi Chemgramx Chemical","isPartOf":{"@id":"https:\/\/chemgramx.com\/#website"},"primaryImageOfPage":{"@id":"https:\/\/chemgramx.com\/product\/4-ho-mipt-20mg-pellets-kaufen\/#primaryimage"},"image":{"@id":"https:\/\/chemgramx.com\/product\/4-ho-mipt-20mg-pellets-kaufen\/#primaryimage"},"thumbnailUrl":"https:\/\/chemgramx.com\/wp-content\/uploads\/2025\/12\/buy-4-ho-mipt-20-mg-pellets-chem-store-online.png","datePublished":"2025-12-11T00:49:25+00:00","dateModified":"2025-12-11T01:06:36+00:00","description":"V\u00e1s\u00e1rolja meg a 4-HO-MiPT 20mg pellet - Kutat\u00e1si vegyi anyag pellet form\u00e1j\u00e1ban. Tudom\u00e1nyos elemz\u00e9sekhez. Laborat\u00f3riumban tesztelt \u00e9s diszkr\u00e9t.","breadcrumb":{"@id":"https:\/\/chemgramx.com\/product\/4-ho-mipt-20mg-pellets-kaufen\/#breadcrumb"},"inLanguage":"hu","potentialAction":[{"@type":"ReadAction","target":["https:\/\/chemgramx.com\/product\/4-ho-mipt-20mg-pellets-kaufen\/"]}]},{"@type":"ImageObject","inLanguage":"hu","@id":"https:\/\/chemgramx.com\/product\/4-ho-mipt-20mg-pellets-kaufen\/#primaryimage","url":"https:\/\/chemgramx.com\/wp-content\/uploads\/2025\/12\/buy-4-ho-mipt-20-mg-pellets-chem-store-online.png","contentUrl":"https:\/\/chemgramx.com\/wp-content\/uploads\/2025\/12\/buy-4-ho-mipt-20-mg-pellets-chem-store-online.png","width":524,"height":559},{"@type":"BreadcrumbList","@id":"https:\/\/chemgramx.com\/product\/4-ho-mipt-20mg-pellets-kaufen\/#breadcrumb","itemListElement":[{"@type":"ListItem","position":1,"name":"Home","item":"https:\/\/chemgramx.com\/"},{"@type":"ListItem","position":2,"name":"Shop","item":"https:\/\/chemgramx.com\/shop\/"},{"@type":"ListItem","position":3,"name":"4-HO-MiPT 20mg Pellets kaufen"}]},{"@type":"WebSite","@id":"https:\/\/chemgramx.com\/#website","url":"https:\/\/chemgramx.com\/","name":"Chemgramx","description":"","publisher":{"@id":"https:\/\/chemgramx.com\/#organization"},"potentialAction":[{"@type":"SearchAction","target":{"@type":"EntryPoint","urlTemplate":"https:\/\/chemgramx.com\/?s={search_term_string}"},"query-input":{"@type":"PropertyValueSpecification","valueRequired":true,"valueName":"search_term_string"}}],"inLanguage":"hu"},{"@type":"Organization","@id":"https:\/\/chemgramx.com\/#organization","name":"Chemgramx","url":"https:\/\/chemgramx.com\/","logo":{"@type":"ImageObject","inLanguage":"hu","@id":"https:\/\/chemgramx.com\/#\/schema\/logo\/image\/","url":"https:\/\/chemgramx.com\/wp-content\/uploads\/2024\/10\/final-logo.png","contentUrl":"https:\/\/chemgramx.com\/wp-content\/uploads\/2024\/10\/final-logo.png","width":250,"height":48,"caption":"Chemgramx"},"image":{"@id":"https:\/\/chemgramx.com\/#\/schema\/logo\/image\/"}}]}},"_links":{"self":[{"href":"https:\/\/chemgramx.com\/hu\/wp-json\/wp\/v2\/product\/8723","targetHints":{"allow":["GET"]}}],"collection":[{"href":"https:\/\/chemgramx.com\/hu\/wp-json\/wp\/v2\/product"}],"about":[{"href":"https:\/\/chemgramx.com\/hu\/wp-json\/wp\/v2\/types\/product"}],"replies":[{"embeddable":true,"href":"https:\/\/chemgramx.com\/hu\/wp-json\/wp\/v2\/comments?post=8723"}],"wp:featuredmedia":[{"embeddable":true,"href":"https:\/\/chemgramx.com\/hu\/wp-json\/wp\/v2\/media\/8753"}],"wp:attachment":[{"href":"https:\/\/chemgramx.com\/hu\/wp-json\/wp\/v2\/media?parent=8723"}],"wp:term":[{"taxonomy":"product_brand","embeddable":true,"href":"https:\/\/chemgramx.com\/hu\/wp-json\/wp\/v2\/product_brand?post=8723"},{"taxonomy":"product_cat","embeddable":true,"href":"https:\/\/chemgramx.com\/hu\/wp-json\/wp\/v2\/product_cat?post=8723"},{"taxonomy":"product_tag","embeddable":true,"href":"https:\/\/chemgramx.com\/hu\/wp-json\/wp\/v2\/product_tag?post=8723"}],"curies":[{"name":"wp","href":"https:\/\/api.w.org\/{rel}","templated":true}]}}