{"id":8734,"date":"2025-12-11T00:49:48","date_gmt":"2025-12-11T00:49:48","guid":{"rendered":"https:\/\/chemgramx.com\/?post_type=product&#038;p=8734"},"modified":"2025-12-11T01:04:30","modified_gmt":"2025-12-11T01:04:30","slug":"etizolam-2-mg-online-vasarlas","status":"publish","type":"product","link":"https:\/\/chemgramx.com\/hu\/product\/etizolam-2mg-online-kaufen\/","title":{"rendered":"Etizolam 2mg online v\u00e1s\u00e1rl\u00e1s"},"content":{"rendered":"<p data-start=\"606\" data-end=\"948\"><strong data-start=\"606\" data-end=\"622\">Etizolam 2mg<\/strong> egy k\u00e9miai anyag a tienodiazepin csoportb\u00f3l, amely fontos szerepet j\u00e1tszik a farmakol\u00f3giai \u00e9s neurok\u00e9miai kutat\u00e1sokban. Gyakran haszn\u00e1lj\u00e1k a <strong data-start=\"803\" data-end=\"837\">szorong\u00e1scs\u00f6kkent\u0151 (angstl\u00f6senden)<\/strong>, <strong data-start=\"839\" data-end=\"854\">szed\u00e1l\u00f3<\/strong> \u00e9s <strong data-start=\"859\" data-end=\"882\">izomlaz\u00edt\u00f3<\/strong> A benzodiazepin-szer\u0171 anyagok tulajdons\u00e1gainak vizsg\u00e1lata.<\/p>\n<p data-start=\"950\" data-end=\"1393\">Kutat\u00f3k, akik val\u00f3di vagy hamis <strong data-start=\"988\" data-end=\"1011\">Etizolam 2 mg v\u00e1s\u00e1rl\u00e1s<\/strong> kiz\u00e1r\u00f3lag tudom\u00e1nyos c\u00e9lokra haszn\u00e1lj\u00e1k. Laborat\u00f3riumi k\u00f6rnyezetben az etizolamot a GABA-er\u0151s\u00edt\u0151 molekul\u00e1k k\u00f6zponti idegrendszerre gyakorolt hat\u00e1s\u00e1nak elemz\u00e9s\u00e9re haszn\u00e1lj\u00e1k. \u00c1lland\u00f3 k\u00e9miai szerkezete \u00e9s nagy tisztas\u00e1ga miatt el\u0151ny\u00f6s vegy\u00fcletnek sz\u00e1m\u00edt a stresszreakci\u00f3k, a szorong\u00e1s kezel\u00e9se \u00e9s az alv\u00e1s szab\u00e1lyoz\u00e1sa ter\u00fclet\u00e9n v\u00e9gzett kutat\u00e1sokban.<\/p>\n<h2 data-start=\"1400\" data-end=\"1461\">Kutat\u00e1si h\u00e1tt\u00e9r \u00e9s farmakol\u00f3giai jelent\u0151s\u00e9g<\/h2>\n<p data-start=\"1463\" data-end=\"1740\">A farmakol\u00f3giai kutat\u00e1sban a <strong data-start=\"1504\" data-end=\"1520\">Etizolam 2mg<\/strong> referenciaanyagk\u00e9nt, hogy jobban meg\u00e9rts\u00fck a GABA-A receptorok mechanizmusait. Ezek a receptorok d\u00f6nt\u0151 szerepet j\u00e1tszanak az agy neuron\u00e1lis g\u00e1tl\u00e1s\u00e1ban, \u00e9s \u00edgy a relax\u00e1ci\u00f3, a nyugalom \u00e9s az alv\u00e1s \u00e1llapot\u00e1ban.<\/p>\n<p data-start=\"1742\" data-end=\"2075\">A klasszikus benzodiazepinekkel ellent\u00e9tben az etizolam k\u00e9miai szerkezete kiss\u00e9 elt\u00e9r\u0151, ami \u00e9rdekes kutat\u00e1si t\u00e1rgy\u00e1v\u00e1 teszi az alternat\u00edv szorong\u00e1scs\u00f6kkent\u0151 szerekkel kapcsolatban. A kutat\u00f3k arra haszn\u00e1lj\u00e1k, hogy \u00faj ismereteket szerezzenek a k\u00e9miai szerkezet \u00e9s a farmakol\u00f3giai hat\u00e1s k\u00f6z\u00f6tti k\u00f6lcs\u00f6nhat\u00e1sr\u00f3l.<\/p>\n<p data-start=\"2077\" data-end=\"2274\">Ezen t\u00falmen\u0151en az etizolamot olyan k\u00eds\u00e9rleti projektekben is elemzik, amelyek a k\u00f6vetkez\u0151 t\u00e9m\u00e1kkal foglalkoznak: <strong data-start=\"2160\" data-end=\"2183\">Tolerancia fejleszt\u00e9se<\/strong>, <strong data-start=\"2185\" data-end=\"2211\">f\u00fcgg\u0151s\u00e9gi potenci\u00e1l<\/strong> \u00e9s <a href=\"\/product\/mexikanisches-kokain\/\"><strong data-start=\"2216\" data-end=\"2237\">hossz\u00fa t\u00e1v\u00fa hat\u00e1sok<\/strong> <\/a>a GABAergen anyagokkal foglalkoznak.<\/p>\n<h2 data-start=\"2281\" data-end=\"2320\">Hat\u00e1s \u00e9s kutat\u00e1si relevancia<\/h2>\n<p data-start=\"2322\" data-end=\"2614\">A hat\u00e1s a <strong data-start=\"2338\" data-end=\"2354\">Etizolam 2mg<\/strong> f\u0151k\u00e9nt az inhibitorikus neurotranszmitter er\u0151s\u00edt\u00e9s\u00e9n alapul <strong data-start=\"2434\" data-end=\"2467\">Gamma-aminovajsav (GABA)<\/strong>. A GABA-A receptorokhoz val\u00f3 k\u00f6t\u0151d\u00e9s r\u00e9v\u00e9n cs\u00f6kken a neuron\u00e1lis aktivit\u00e1s, ami m\u00e9ly nyugalom \u00e9s relax\u00e1ci\u00f3 \u00e1llapot\u00e1t eredm\u00e9nyezi.<\/p>\n<p data-start=\"2616\" data-end=\"2705\">Tudom\u00e1nyos k\u00eds\u00e9rletekben az etizolamot a k\u00f6vetkez\u0151 jelens\u00e9gek vizsg\u00e1lat\u00e1ra haszn\u00e1lj\u00e1k:<\/p>\n<ul data-start=\"2706\" data-end=\"2878\">\n<li data-start=\"2706\" data-end=\"2746\">\n<p data-start=\"2708\" data-end=\"2746\">F\u00e9lelemcs\u00f6kkent\u00e9s \u00e9s stresszkezel\u00e9s<\/p>\n<\/li>\n<li data-start=\"2747\" data-end=\"2782\">\n<p data-start=\"2749\" data-end=\"2782\">Az alv\u00e1s min\u0151s\u00e9g\u00e9nek jav\u00edt\u00e1sa<\/p>\n<\/li>\n<li data-start=\"2783\" data-end=\"2819\">\n<p data-start=\"2785\" data-end=\"2819\">Izomlaz\u00edt\u00e1s \u00e9s nyugtat\u00e1s<\/p>\n<\/li>\n<li data-start=\"2820\" data-end=\"2878\">\n<p data-start=\"2822\" data-end=\"2878\">A kognit\u00edv reakci\u00f3mint\u00e1k v\u00e1ltoz\u00e1sa szed\u00e1ci\u00f3 alatt<\/p>\n<\/li>\n<\/ul>\n<p data-start=\"2880\" data-end=\"3056\">Ez\u00e9rt az etizolam k\u00f6zponti szerepet j\u00e1tszik olyan kutat\u00e1si projektekben, amelyek \u00faj ter\u00e1pi\u00e1k fejleszt\u00e9s\u00e9re ir\u00e1nyulnak <strong data-start=\"2990\" data-end=\"3008\">Szorong\u00e1sos zavarok<\/strong>, <strong data-start=\"3010\" data-end=\"3027\">P\u00e1nikrohamok<\/strong> \u00e9s <strong data-start=\"3032\" data-end=\"3044\">\u00e1lmatlans\u00e1g<\/strong> c\u00e9lba venni.<\/p>\n<p data-start=\"3058\" data-end=\"3242\">Kutat\u00f3k, akik felteszik maguknak a k\u00e9rd\u00e9st <strong data-start=\"3084\" data-end=\"3119\">Hol lehet megv\u00e1s\u00e1rolni az Etizolam 2 mg-ot?<\/strong>, laborat\u00f3riumi min\u0151s\u00e9g\u0171 \u00e9s tan\u00fas\u00edtott mint\u00e1k el\u0151nyeit \u00e9lvezhetik, amelyek garant\u00e1lj\u00e1k a tisztas\u00e1got \u00e9s a k\u00e9miai konzisztenci\u00e1t.<\/p>\n<h2 data-start=\"3249\" data-end=\"3287\">Tisztas\u00e1g \u00e9s min\u0151s\u00e9gellen\u0151rz\u00e9s<\/h2>\n<p data-start=\"3289\" data-end=\"3559\">Minden egyes t\u00e9tel <strong data-start=\"3305\" data-end=\"3321\">Etizolam 2mg<\/strong>, amely online el\u00e9rhet\u0151, f\u00fcggetlen laborat\u00f3riumokban rendszeresen tesztelik, hogy a legmagasabb tisztas\u00e1got \u00e9s konzisztenci\u00e1t biztos\u00edts\u00e1k. Csak ezekkel a min\u0151s\u00e9g-ellen\u0151rz\u00e9sekkel lehet pontos \u00e9s megism\u00e9telhet\u0151 kutat\u00e1si eredm\u00e9nyeket el\u00e9rni.<\/p>\n<p data-start=\"3561\" data-end=\"3750\">Az elemz\u00e9s kromatogr\u00e1fi\u00e1s vizsg\u00e1latokat, tisztas\u00e1gi fok meghat\u00e1roz\u00e1sokat \u00e9s <a href=\"\/product\/death-star-hash-online\/\">spektr\u00e1lis elemz\u00e9sek<\/a>, hogy megbizonyosodjon arr\u00f3l, hogy a csatlakoz\u00e1s szennyez\u0151d\u00e9sekt\u0151l \u00e9s mell\u00e9kterm\u00e9kekt\u0151l mentes.<\/p>\n<p data-start=\"3752\" data-end=\"3837\">Ez a magas sz\u00ednvonal <strong data-start=\"3784\" data-end=\"3814\">Etizolam 2mg online v\u00e1s\u00e1rl\u00e1s<\/strong> ide\u00e1lis v\u00e1laszt\u00e1s:<\/p>\n<ul data-start=\"3838\" data-end=\"3991\">\n<li data-start=\"3838\" data-end=\"3885\">\n<p data-start=\"3840\" data-end=\"3885\">Farmakol\u00f3giai \u00e9s neurok\u00e9miai vizsg\u00e1latok<\/p>\n<\/li>\n<li data-start=\"3886\" data-end=\"3926\">\n<p data-start=\"3888\" data-end=\"3926\">Toxikol\u00f3giai \u00e9s analitikai vizsg\u00e1latok<\/p>\n<\/li>\n<li data-start=\"3927\" data-end=\"3991\">\n<p data-start=\"3929\" data-end=\"3991\">\u00d6sszehasonl\u00edt\u00f3 vizsg\u00e1latok m\u00e1s benzodiazepin-sz\u00e1rmaz\u00e9kokkal<\/p>\n<\/li>\n<\/ul>\n<p data-start=\"3993\" data-end=\"4138\">A pontos adatokra \u00e9s reproduk\u00e1lhat\u00f3 eredm\u00e9nyekre t\u00e1maszkod\u00f3 kutat\u00f3k a k\u00f6vetkez\u0151ket tal\u00e1lj\u00e1k <strong data-start=\"4082\" data-end=\"4098\">Etizolam 2mg<\/strong> megb\u00edzhat\u00f3 kutat\u00e1si eszk\u00f6z.<\/p>\n<h2 data-start=\"4145\" data-end=\"4189\">Biztons\u00e1gi \u00e9s haszn\u00e1lati utas\u00edt\u00e1sok<\/h2>\n<p data-start=\"4191\" data-end=\"4534\">Az Etizolam 2 mg kiz\u00e1r\u00f3lag a k\u00f6vetkez\u0151kre haszn\u00e1lhat\u00f3 <strong data-start=\"4231\" data-end=\"4262\">tudom\u00e1nyos felhaszn\u00e1l\u00e1s<\/strong> el\u0151ir\u00e1nyozva. Emberi fogyaszt\u00e1s vagy b\u00e1rmilyen nem laborat\u00f3riumi felhaszn\u00e1l\u00e1s nem megengedett. <strong data-start=\"4344\" data-end=\"4369\">szigor\u00faan tilos<\/strong>. A kutat\u00f3int\u00e9zeteknek biztos\u00edtaniuk kell, hogy minden k\u00eds\u00e9rletet ellen\u0151rz\u00f6tt k\u00f6r\u00fclm\u00e9nyek k\u00f6z\u00f6tt \u00e9s kiz\u00e1r\u00f3lag k\u00e9pzett szakemberek v\u00e9gezzenek.<\/p>\n<p data-start=\"4536\" data-end=\"4587\">Fontos biztons\u00e1gi utas\u00edt\u00e1sok laborat\u00f3riumi k\u00f6rnyezetben:<\/p>\n<ul data-start=\"4588\" data-end=\"4808\">\n<li data-start=\"4588\" data-end=\"4643\">\n<p data-start=\"4590\" data-end=\"4643\">Kiz\u00e1r\u00f3lag k\u00e9pzett szem\u00e9lyzet haszn\u00e1lhatja<\/p>\n<\/li>\n<li data-start=\"4644\" data-end=\"4693\">\n<p data-start=\"4646\" data-end=\"4693\">Ker\u00fclje a b\u0151rrel vagy ny\u00e1lkah\u00e1rty\u00e1kkal val\u00f3 \u00e9rintkez\u00e9st!<\/p>\n<\/li>\n<li data-start=\"4694\" data-end=\"4760\">\n<p data-start=\"4696\" data-end=\"4760\">Viseljen megfelel\u0151 v\u00e9d\u0151felszerel\u00e9st (keszty\u0171, szem\u00fcveg, k\u00f6peny)!<\/p>\n<\/li>\n<li data-start=\"4761\" data-end=\"4808\">\n<p data-start=\"4763\" data-end=\"4808\">T\u00e1rol\u00e1s jel\u00f6lt laborat\u00f3riumi tart\u00e1lyokban<\/p>\n<\/li>\n<\/ul>\n<p data-start=\"4810\" data-end=\"5014\">Kutat\u00f3k, akik <strong data-start=\"4824\" data-end=\"4874\">Val\u00f3di vagy hamis Etizolam 2 mg rendel\u00e9se<\/strong>, mindig \u00fcgyelni\u00fck kell arra, hogy a szolg\u00e1ltat\u00f3 rendelkezzen a megfelel\u0151 biztons\u00e1gi tan\u00fas\u00edtv\u00e1nyokkal, \u00e9s minden sz\u00e1ll\u00edt\u00e1st dokument\u00e1ljanak.<\/p>\n<h2 data-start=\"5021\" data-end=\"5054\">T\u00e1rol\u00e1s \u00e9s eltarthat\u00f3s\u00e1g<\/h2>\n<p data-start=\"5056\" data-end=\"5285\"><strong data-start=\"5056\" data-end=\"5072\">Etizolam 2mg<\/strong> kell egy <strong data-start=\"5089\" data-end=\"5114\">h\u0171v\u00f6s, sz\u00e1raz helyen<\/strong> t\u00e1rolni, k\u00f6zvetlen napf\u00e9nyt\u0151l, h\u0151forr\u00e1sokt\u00f3l \u00e9s nedvess\u00e9gt\u0151l t\u00e1vol. Az anyag f\u00e9ny\u00e9rz\u00e9keny, \u00e9s helytelen t\u00e1rol\u00e1s eset\u00e9n boml\u00e1snak indulhat.<\/p>\n<p data-start=\"5287\" data-end=\"5310\">Ez\u00e9rt aj\u00e1nlott:<\/p>\n<ul data-start=\"5311\" data-end=\"5452\">\n<li data-start=\"5311\" data-end=\"5365\">\n<p data-start=\"5313\" data-end=\"5365\">L\u00e9gmentesen lez\u00e1rt tart\u00e1lyokban t\u00f6rt\u00e9n\u0151 t\u00e1rol\u00e1s<\/p>\n<\/li>\n<li data-start=\"5366\" data-end=\"5415\">\n<p data-start=\"5368\" data-end=\"5415\">T\u00e1rol\u00e1s stabil h\u0151m\u00e9rs\u00e9kleten, 25 \u00b0C alatt<\/p>\n<\/li>\n<li data-start=\"5416\" data-end=\"5452\">\n<p data-start=\"5418\" data-end=\"5452\">V\u00e9delem a jogosulatlan hozz\u00e1f\u00e9r\u00e9s ellen<\/p>\n<\/li>\n<\/ul>\n<p data-start=\"5454\" data-end=\"5617\">A megfelel\u0151 t\u00e1rol\u00e1snak k\u00f6sz\u00f6nhet\u0151en az anyag k\u00e9miai integrit\u00e1sa hosszabb ideig megmarad, \u00edgy tov\u00e1bbra is alkalmas analitikai vizsg\u00e1latokra.<\/p>\n<h2 data-start=\"5624\" data-end=\"5676\">Az Etizolam 2 mg f\u0151bb jellemz\u0151i \u00e9s el\u0151nyei<\/h2>\n<p data-start=\"5678\" data-end=\"5847\">Az etizolamot nemcsak k\u00e9miai stabilit\u00e1sa miatt \u00e9rt\u00e9kelik, hanem a farmakol\u00f3giai kutat\u00e1sban val\u00f3 sokoldal\u00fa alkalmaz\u00e1si lehet\u0151s\u00e9gei miatt is.<\/p>\n<p data-start=\"5849\" data-end=\"5887\">A legfontosabb el\u0151ny\u00f6k a k\u00f6vetkez\u0151k<\/p>\n<ul data-start=\"5888\" data-end=\"6251\">\n<li data-start=\"5888\" data-end=\"5980\">\n<p data-start=\"5890\" data-end=\"5980\"><strong data-start=\"5890\" data-end=\"5908\">Nagy tisztas\u00e1g:<\/strong> Ide\u00e1lis prec\u00edz farmakol\u00f3giai \u00e9s pszichofarmakol\u00f3giai vizsg\u00e1latokhoz<\/p>\n<\/li>\n<li data-start=\"5981\" data-end=\"6082\">\n<p data-start=\"5983\" data-end=\"6082\"><strong data-start=\"5983\" data-end=\"6008\">Kutat\u00e1s-specifikus:<\/strong> Anxiolitikus \u00e9s szedat\u00edv hat\u00e1sok vizsg\u00e1lat\u00e1ra kifejlesztve<\/p>\n<\/li>\n<li data-start=\"6083\" data-end=\"6156\">\n<p data-start=\"6085\" data-end=\"6156\"><strong data-start=\"6085\" data-end=\"6112\">Tan\u00fas\u00edtott min\u0151s\u00e9g:<\/strong> Minden t\u00e9tel ellen\u0151rz\u00e9sre \u00e9s tan\u00fas\u00edt\u00e1sra ker\u00fcl.<\/p>\n<\/li>\n<li data-start=\"6157\" data-end=\"6251\">\n<p data-start=\"6159\" data-end=\"6251\"><strong data-start=\"6159\" data-end=\"6183\">Sokoldal\u00fa felhaszn\u00e1l\u00e1s:<\/strong> K\u00fcl\u00f6n\u00f6sen relev\u00e1ns a szorong\u00e1s \u00e9s alv\u00e1szavarok kutat\u00e1s\u00e1ban<\/p>\n<\/li>\n<\/ul>\n<p data-start=\"6253\" data-end=\"6472\">Ezen t\u00falmen\u0151en az Etizolam online v\u00e1s\u00e1rl\u00e1sa a kutat\u00f3k sz\u00e1m\u00e1ra egyszer\u0171, biztons\u00e1gos \u00e9s diszkr\u00e9t lehet\u0151s\u00e9get k\u00edn\u00e1l arra, hogy k\u00f6zvetlen\u00fcl beszerezzenek kiv\u00e1l\u00f3 min\u0151s\u00e9g\u0171 anyagokat \u2013 ez pedig d\u00f6nt\u0151 el\u0151ny a glob\u00e1lis kutat\u00e1si egy\u00fcttm\u0171k\u00f6d\u00e9sek sz\u00e1m\u00e1ra.<\/p>\n<h2 data-start=\"6479\" data-end=\"6493\">K\u00f6vetkeztet\u00e9s<\/h2>\n<p data-start=\"6495\" data-end=\"6734\"><strong data-start=\"6495\" data-end=\"6511\">Etizolam 2mg<\/strong> a modern farmakol\u00f3gia \u00e9s idegtudom\u00e1ny fontos kutat\u00e1si eszk\u00f6ze. A GABA-receptorokra gyakorolt hat\u00e1sa miatt k\u00f6zponti szerepet j\u00e1tszik a szorong\u00e1s, a stressz \u00e9s az alv\u00e1s k\u00eds\u00e9rleti vizsg\u00e1lataiban.<\/p>\n<p data-start=\"6736\" data-end=\"7020\">Wer <strong data-start=\"6740\" data-end=\"6770\">Etizolam 2mg online v\u00e1s\u00e1rl\u00e1s<\/strong> Ha szeretn\u00e9 haszn\u00e1lni a <strong data-start=\"6809\" data-end=\"6850\">komoly szolg\u00e1ltat\u00f3k COA-tan\u00fas\u00edtv\u00e1nyokkal<\/strong> hogy biztos\u00edts\u00e1k a tisztas\u00e1got \u00e9s a biztons\u00e1got. Minden minta szigor\u00fa min\u0151s\u00e9g-ellen\u0151rz\u00e9sen esik \u00e1t, ami lehet\u0151v\u00e9 teszi a pontos tudom\u00e1nyos munk\u00e1t.<\/p>\n<p data-start=\"7022\" data-end=\"7279\">A felel\u0151ss\u00e9gteljes kezel\u00e9s, a kontroll\u00e1lt laborat\u00f3riumi k\u00f6r\u00fclm\u00e9nyek \u00e9s az \u00e1tl\u00e1that\u00f3 besz\u00e1ll\u00edt\u00f3i strukt\u00far\u00e1k r\u00e9v\u00e9n az etizolam seg\u00edthet a kutat\u00f3knak abban, hogy \u00e9rt\u00e9kes ismereteket szerezzenek az emberi idegrendszerr\u0151l \u2013 biztons\u00e1gosan, leg\u00e1lisan \u00e9s tudom\u00e1nyosan megalapozottan.<\/p>","protected":false},"excerpt":{"rendered":"<p><strong>Etizolam 2mg<\/strong> tudom\u00e1nyos tanulm\u00e1nyokhoz \u00e9s farmakol\u00f3giai kutat\u00e1sokhoz haszn\u00e1lt, nagy tisztas\u00e1g\u00fa k\u00e9miai vegy\u00fclet. Ezt az anyagot anxiolitikus \u00e9s szedat\u00edv tulajdons\u00e1gok vizsg\u00e1lat\u00e1ra haszn\u00e1lj\u00e1k. <strong>Etizolam<\/strong> kiz\u00e1r\u00f3lag laborat\u00f3riumi k\u00f6rnyezetben t\u00f6rt\u00e9n\u0151 felhaszn\u00e1l\u00e1sra sz\u00e1nt\u00e1k, \u00e9s nem haszn\u00e1lhat\u00f3 emberi fogyaszt\u00e1sra.<\/p>","protected":false},"featured_media":8767,"comment_status":"open","ping_status":"closed","template":"","meta":{"_joinchat":[]},"product_brand":[],"product_cat":[1802],"product_tag":[2099,2093,2095,2100,2101,2102,2094,2098,2096,2097],"class_list":{"0":"post-8734","1":"product","2":"type-product","3":"status-publish","4":"has-post-thumbnail","6":"product_cat-blotters","7":"product_tag-beruhigungsmittel","8":"product_tag-etizolam-2mg","9":"product_tag-etizolam-2mg-zum-verkauf","10":"product_tag-etizolam-chemikalien","11":"product_tag-etizolam-forschung","12":"product_tag-etizolam-fur-forschung","13":"product_tag-etizolam-kaufen","14":"product_tag-etizolam-kristalle","15":"product_tag-etizolam-online","16":"product_tag-etizolam-pulver","18":"first","19":"instock","20":"shipping-taxable","21":"purchasable","22":"product-type-variable"},"yoast_head":"<!-- This site is optimized with the Yoast SEO plugin v27.5 - https:\/\/yoast.com\/product\/yoast-seo-wordpress\/ -->\n<title>Etizolam 2mg | Hochwirksame Chemikalie f\u00fcr pharmakologische<\/title>\n<meta name=\"description\" content=\"Untersuchen Sie Etizolam 2mg, eine hochwirksame chemische Verbindung f\u00fcr die Analyse von anxiolytischen und sedierenden Effekten. Nur f\u00fcr wissenschaftliche Studien.\" \/>\n<meta name=\"robots\" content=\"index, follow, max-snippet:-1, max-image-preview:large, max-video-preview:-1\" \/>\n<link rel=\"canonical\" href=\"https:\/\/chemgramx.com\/hu\/termek-1\/etizolam-2-mg-online-vasarlas\/\" \/>\n<meta property=\"og:locale\" content=\"hu_HU\" \/>\n<meta property=\"og:type\" content=\"article\" \/>\n<meta property=\"og:title\" content=\"Etizolam 2mg | Hochwirksame Chemikalie f\u00fcr pharmakologische\" \/>\n<meta property=\"og:description\" content=\"Untersuchen Sie Etizolam 2mg, eine hochwirksame chemische Verbindung f\u00fcr die Analyse von anxiolytischen und sedierenden Effekten. Nur f\u00fcr wissenschaftliche Studien.\" \/>\n<meta property=\"og:url\" content=\"https:\/\/chemgramx.com\/hu\/termek-1\/etizolam-2-mg-online-vasarlas\/\" \/>\n<meta property=\"og:site_name\" content=\"Chemgramx\" \/>\n<meta property=\"article:modified_time\" content=\"2025-12-11T01:04:30+00:00\" \/>\n<meta property=\"og:image\" content=\"https:\/\/chemgramx.com\/wp-content\/uploads\/2025\/12\/etizulam2mg.png\" \/>\n\t<meta property=\"og:image:width\" content=\"600\" \/>\n\t<meta property=\"og:image:height\" content=\"400\" \/>\n\t<meta property=\"og:image:type\" content=\"image\/png\" \/>\n<meta name=\"twitter:card\" content=\"summary_large_image\" \/>\n<meta name=\"twitter:label1\" content=\"Becs\u00fclt olvas\u00e1si id\u0151\" \/>\n\t<meta name=\"twitter:data1\" content=\"4 perc\" \/>\n<script type=\"application\/ld+json\" class=\"yoast-schema-graph\">{\"@context\":\"https:\\\/\\\/schema.org\",\"@graph\":[{\"@type\":\"WebPage\",\"@id\":\"https:\\\/\\\/chemgramx.com\\\/product\\\/etizolam-2mg-online-kaufen\\\/\",\"url\":\"https:\\\/\\\/chemgramx.com\\\/product\\\/etizolam-2mg-online-kaufen\\\/\",\"name\":\"Etizolam 2mg | Hochwirksame Chemikalie f\u00fcr pharmakologische\",\"isPartOf\":{\"@id\":\"https:\\\/\\\/chemgramx.com\\\/#website\"},\"primaryImageOfPage\":{\"@id\":\"https:\\\/\\\/chemgramx.com\\\/product\\\/etizolam-2mg-online-kaufen\\\/#primaryimage\"},\"image\":{\"@id\":\"https:\\\/\\\/chemgramx.com\\\/product\\\/etizolam-2mg-online-kaufen\\\/#primaryimage\"},\"thumbnailUrl\":\"https:\\\/\\\/chemgramx.com\\\/wp-content\\\/uploads\\\/2025\\\/12\\\/etizulam2mg.png\",\"datePublished\":\"2025-12-11T00:49:48+00:00\",\"dateModified\":\"2025-12-11T01:04:30+00:00\",\"description\":\"Untersuchen Sie Etizolam 2mg, eine hochwirksame chemische Verbindung f\u00fcr die Analyse von anxiolytischen und sedierenden Effekten. Nur f\u00fcr wissenschaftliche Studien.\",\"breadcrumb\":{\"@id\":\"https:\\\/\\\/chemgramx.com\\\/product\\\/etizolam-2mg-online-kaufen\\\/#breadcrumb\"},\"inLanguage\":\"hu\",\"potentialAction\":[{\"@type\":\"ReadAction\",\"target\":[\"https:\\\/\\\/chemgramx.com\\\/product\\\/etizolam-2mg-online-kaufen\\\/\"]}]},{\"@type\":\"ImageObject\",\"inLanguage\":\"hu\",\"@id\":\"https:\\\/\\\/chemgramx.com\\\/product\\\/etizolam-2mg-online-kaufen\\\/#primaryimage\",\"url\":\"https:\\\/\\\/chemgramx.com\\\/wp-content\\\/uploads\\\/2025\\\/12\\\/etizulam2mg.png\",\"contentUrl\":\"https:\\\/\\\/chemgramx.com\\\/wp-content\\\/uploads\\\/2025\\\/12\\\/etizulam2mg.png\",\"width\":600,\"height\":400},{\"@type\":\"BreadcrumbList\",\"@id\":\"https:\\\/\\\/chemgramx.com\\\/product\\\/etizolam-2mg-online-kaufen\\\/#breadcrumb\",\"itemListElement\":[{\"@type\":\"ListItem\",\"position\":1,\"name\":\"Home\",\"item\":\"https:\\\/\\\/chemgramx.com\\\/\"},{\"@type\":\"ListItem\",\"position\":2,\"name\":\"Shop\",\"item\":\"https:\\\/\\\/chemgramx.com\\\/shop\\\/\"},{\"@type\":\"ListItem\",\"position\":3,\"name\":\"Etizolam 2mg online kaufen\"}]},{\"@type\":\"WebSite\",\"@id\":\"https:\\\/\\\/chemgramx.com\\\/#website\",\"url\":\"https:\\\/\\\/chemgramx.com\\\/\",\"name\":\"Chemgramx\",\"description\":\"\",\"publisher\":{\"@id\":\"https:\\\/\\\/chemgramx.com\\\/#organization\"},\"potentialAction\":[{\"@type\":\"SearchAction\",\"target\":{\"@type\":\"EntryPoint\",\"urlTemplate\":\"https:\\\/\\\/chemgramx.com\\\/?s={search_term_string}\"},\"query-input\":{\"@type\":\"PropertyValueSpecification\",\"valueRequired\":true,\"valueName\":\"search_term_string\"}}],\"inLanguage\":\"hu\"},{\"@type\":\"Organization\",\"@id\":\"https:\\\/\\\/chemgramx.com\\\/#organization\",\"name\":\"Chemgramx\",\"url\":\"https:\\\/\\\/chemgramx.com\\\/\",\"logo\":{\"@type\":\"ImageObject\",\"inLanguage\":\"hu\",\"@id\":\"https:\\\/\\\/chemgramx.com\\\/#\\\/schema\\\/logo\\\/image\\\/\",\"url\":\"https:\\\/\\\/chemgramx.com\\\/wp-content\\\/uploads\\\/2024\\\/10\\\/final-logo.png\",\"contentUrl\":\"https:\\\/\\\/chemgramx.com\\\/wp-content\\\/uploads\\\/2024\\\/10\\\/final-logo.png\",\"width\":250,\"height\":48,\"caption\":\"Chemgramx\"},\"image\":{\"@id\":\"https:\\\/\\\/chemgramx.com\\\/#\\\/schema\\\/logo\\\/image\\\/\"}}]}<\/script>\n<!-- \/ Yoast SEO plugin. -->","yoast_head_json":{"title":"Etizolam 2mg | Rendk\u00edv\u00fcl hat\u00e9kony vegyszer farmakol\u00f3giai c\u00e9lokra","description":"Vizsg\u00e1lja meg az Etizolam 2 mg-ot, egy rendk\u00edv\u00fcl hat\u00e9kony k\u00e9miai vegy\u00fcletet szorong\u00e1sold\u00f3 \u00e9s nyugtat\u00f3 hat\u00e1sainak elemz\u00e9s\u00e9hez. Kiz\u00e1r\u00f3lag tudom\u00e1nyos vizsg\u00e1latokhoz.","robots":{"index":"index","follow":"follow","max-snippet":"max-snippet:-1","max-image-preview":"max-image-preview:large","max-video-preview":"max-video-preview:-1"},"canonical":"https:\/\/chemgramx.com\/hu\/termek-1\/etizolam-2-mg-online-vasarlas\/","og_locale":"hu_HU","og_type":"article","og_title":"Etizolam 2mg | Hochwirksame Chemikalie f\u00fcr pharmakologische","og_description":"Untersuchen Sie Etizolam 2mg, eine hochwirksame chemische Verbindung f\u00fcr die Analyse von anxiolytischen und sedierenden Effekten. Nur f\u00fcr wissenschaftliche Studien.","og_url":"https:\/\/chemgramx.com\/hu\/termek-1\/etizolam-2-mg-online-vasarlas\/","og_site_name":"Chemgramx","article_modified_time":"2025-12-11T01:04:30+00:00","og_image":[{"width":600,"height":400,"url":"https:\/\/chemgramx.com\/wp-content\/uploads\/2025\/12\/etizulam2mg.png","type":"image\/png"}],"twitter_card":"summary_large_image","twitter_misc":{"Becs\u00fclt olvas\u00e1si id\u0151":"4 perc"},"schema":{"@context":"https:\/\/schema.org","@graph":[{"@type":"WebPage","@id":"https:\/\/chemgramx.com\/product\/etizolam-2mg-online-kaufen\/","url":"https:\/\/chemgramx.com\/product\/etizolam-2mg-online-kaufen\/","name":"Etizolam 2mg | Rendk\u00edv\u00fcl hat\u00e9kony vegyszer farmakol\u00f3giai c\u00e9lokra","isPartOf":{"@id":"https:\/\/chemgramx.com\/#website"},"primaryImageOfPage":{"@id":"https:\/\/chemgramx.com\/product\/etizolam-2mg-online-kaufen\/#primaryimage"},"image":{"@id":"https:\/\/chemgramx.com\/product\/etizolam-2mg-online-kaufen\/#primaryimage"},"thumbnailUrl":"https:\/\/chemgramx.com\/wp-content\/uploads\/2025\/12\/etizulam2mg.png","datePublished":"2025-12-11T00:49:48+00:00","dateModified":"2025-12-11T01:04:30+00:00","description":"Vizsg\u00e1lja meg az Etizolam 2 mg-ot, egy rendk\u00edv\u00fcl hat\u00e9kony k\u00e9miai vegy\u00fcletet szorong\u00e1sold\u00f3 \u00e9s nyugtat\u00f3 hat\u00e1sainak elemz\u00e9s\u00e9hez. Kiz\u00e1r\u00f3lag tudom\u00e1nyos vizsg\u00e1latokhoz.","breadcrumb":{"@id":"https:\/\/chemgramx.com\/product\/etizolam-2mg-online-kaufen\/#breadcrumb"},"inLanguage":"hu","potentialAction":[{"@type":"ReadAction","target":["https:\/\/chemgramx.com\/product\/etizolam-2mg-online-kaufen\/"]}]},{"@type":"ImageObject","inLanguage":"hu","@id":"https:\/\/chemgramx.com\/product\/etizolam-2mg-online-kaufen\/#primaryimage","url":"https:\/\/chemgramx.com\/wp-content\/uploads\/2025\/12\/etizulam2mg.png","contentUrl":"https:\/\/chemgramx.com\/wp-content\/uploads\/2025\/12\/etizulam2mg.png","width":600,"height":400},{"@type":"BreadcrumbList","@id":"https:\/\/chemgramx.com\/product\/etizolam-2mg-online-kaufen\/#breadcrumb","itemListElement":[{"@type":"ListItem","position":1,"name":"Home","item":"https:\/\/chemgramx.com\/"},{"@type":"ListItem","position":2,"name":"Shop","item":"https:\/\/chemgramx.com\/shop\/"},{"@type":"ListItem","position":3,"name":"Etizolam 2mg online kaufen"}]},{"@type":"WebSite","@id":"https:\/\/chemgramx.com\/#website","url":"https:\/\/chemgramx.com\/","name":"Chemgramx","description":"","publisher":{"@id":"https:\/\/chemgramx.com\/#organization"},"potentialAction":[{"@type":"SearchAction","target":{"@type":"EntryPoint","urlTemplate":"https:\/\/chemgramx.com\/?s={search_term_string}"},"query-input":{"@type":"PropertyValueSpecification","valueRequired":true,"valueName":"search_term_string"}}],"inLanguage":"hu"},{"@type":"Organization","@id":"https:\/\/chemgramx.com\/#organization","name":"Chemgramx","url":"https:\/\/chemgramx.com\/","logo":{"@type":"ImageObject","inLanguage":"hu","@id":"https:\/\/chemgramx.com\/#\/schema\/logo\/image\/","url":"https:\/\/chemgramx.com\/wp-content\/uploads\/2024\/10\/final-logo.png","contentUrl":"https:\/\/chemgramx.com\/wp-content\/uploads\/2024\/10\/final-logo.png","width":250,"height":48,"caption":"Chemgramx"},"image":{"@id":"https:\/\/chemgramx.com\/#\/schema\/logo\/image\/"}}]}},"_links":{"self":[{"href":"https:\/\/chemgramx.com\/hu\/wp-json\/wp\/v2\/product\/8734","targetHints":{"allow":["GET"]}}],"collection":[{"href":"https:\/\/chemgramx.com\/hu\/wp-json\/wp\/v2\/product"}],"about":[{"href":"https:\/\/chemgramx.com\/hu\/wp-json\/wp\/v2\/types\/product"}],"replies":[{"embeddable":true,"href":"https:\/\/chemgramx.com\/hu\/wp-json\/wp\/v2\/comments?post=8734"}],"wp:featuredmedia":[{"embeddable":true,"href":"https:\/\/chemgramx.com\/hu\/wp-json\/wp\/v2\/media\/8767"}],"wp:attachment":[{"href":"https:\/\/chemgramx.com\/hu\/wp-json\/wp\/v2\/media?parent=8734"}],"wp:term":[{"taxonomy":"product_brand","embeddable":true,"href":"https:\/\/chemgramx.com\/hu\/wp-json\/wp\/v2\/product_brand?post=8734"},{"taxonomy":"product_cat","embeddable":true,"href":"https:\/\/chemgramx.com\/hu\/wp-json\/wp\/v2\/product_cat?post=8734"},{"taxonomy":"product_tag","embeddable":true,"href":"https:\/\/chemgramx.com\/hu\/wp-json\/wp\/v2\/product_tag?post=8734"}],"curies":[{"name":"wp","href":"https:\/\/api.w.org\/{rel}","templated":true}]}}