{"id":8747,"date":"2025-12-11T00:50:00","date_gmt":"2025-12-11T00:50:00","guid":{"rendered":"https:\/\/chemgramx.com\/?post_type=product&#038;p=8747"},"modified":"2025-12-11T01:06:35","modified_gmt":"2025-12-11T01:06:35","slug":"stiiizy-premium-jack-500-mg-kapszulak-2","status":"publish","type":"product","link":"https:\/\/chemgramx.com\/hu\/product\/stiiizy-premium-jack-500mg-pods-2\/","title":{"rendered":"Stiiizy PREMIUM JACK 500mg Pods"},"content":{"rendered":"<p>A <b>Stiiizy Pods<\/b> az adagol\u00e1s modern form\u00e1j\u00e1t k\u00e9pviselik <b>Cannabis koncentr\u00e1tumok<\/b>. <b>Te<\/b> felaj\u00e1nlani egy <b>Szabv\u00e1nyos\u00edtott \u00e9s pontos adagol\u00e1s<\/b> 500 mg hat\u00f3anyagot tartalmaz patrononk\u00e9nt. <b>Ez\u00e9rt<\/b> ezek a term\u00e9kek k\u00fcl\u00f6n\u00f6sen fontosak kutat\u00e1si c\u00e9lokra, mivel lehet\u0151v\u00e9 teszik a hat\u00f3anyag mennyis\u00e9g\u00e9nek pontos ellen\u0151rz\u00e9s\u00e9t.<\/p>\n<p>Ez a cikk egy <b>R\u00e9szletes elemz\u00e9s<\/b> a koncentr\u00e1tumkapszul\u00e1k jellemz\u0151i \u00e9s el\u0151nyei. <b>A folyamat sor\u00e1n<\/b> a k\u00e9miai \u00f6sszet\u00e9telre, az adagol\u00e1s szab\u00e1lyoz\u00e1s\u00e1ra \u00e9s a p\u00e1rologtat\u00e1si technol\u00f3gi\u00e1ra \u00f6sszpontos\u00edtunk tudom\u00e1nyos kontextusban.<\/p>\n<h2><b>Technol\u00f3giai jellemz\u0151k \u00e9s a kapszul\u00e1k szerkezete<\/b><\/h2>\n<p><b>Stiiizy Pods<\/b> kompatibilis p\u00e1rologtat\u00f3 akkumul\u00e1torokkal val\u00f3 haszn\u00e1latra tervezt\u00e9k. <b>Az \u00d6n<\/b> Az \u00e9p\u00edt\u00e9si m\u00f3dszert \u00fagy tervezt\u00e9k, hogy <b>Egyenletes \u00e9s hat\u00e9kony p\u00e1rolg\u00e1s<\/b> annak biztos\u00edt\u00e1sa \u00e9rdek\u00e9ben, hogy.<\/p>\n<h2><b>Adagol\u00e1sellen\u0151rz\u00e9s a szabv\u00e1nyos\u00edt\u00e1s r\u00e9v\u00e9n<\/b><\/h2>\n<p>E kapszul\u00e1k f\u0151 jellemz\u0151je a <b>500 mg THC koncentr\u00e1tum pontos adagol\u00e1sa<\/b>. <b>K\u00f6vetkez\u00e9sk\u00e9ppen<\/b> a tartalom pontos ellen\u0151rz\u00e9se.<\/p>\n<ul>\n<li><b>K\u00f6vetkezetess\u00e9g:<\/b> Mivel a koncentr\u00e1tum foly\u00e9kony, az egy puffra (vagy d\u00f3zisra) jut\u00f3 koncentr\u00e1ci\u00f3 a kutat\u00e1si k\u00f6rnyezetben pontosabban meghat\u00e1rozhat\u00f3, mint a laza n\u00f6v\u00e9nyi anyag eset\u00e9ben.<\/li>\n<li><b>K\u00f6nnyen haszn\u00e1lhat\u00f3:<\/b> <b>A<\/b> A podok gyors \u00e9s egyszer\u0171 alkalmaz\u00e1st tesznek lehet\u0151v\u00e9, mivel k\u00f6zvetlen\u00fcl a k\u00e9sz\u00fcl\u00e9kbe helyezik \u0151ket. <b>Ez\u00e1ltal<\/b> az el\u0151k\u00e9sz\u00edt\u00e9s minim\u00e1lisra cs\u00f6kken.<\/li>\n<li><b>Tiszta elp\u00e1rolg\u00e1s:<\/b> <b>Kiv\u00e1l\u00f3 min\u0151s\u00e9g\u0171 h\u00fcvelyek<\/b> ker\u00e1mia f\u0171t\u0151elemeket haszn\u00e1lnak. <b>Ezek a<\/b> biztos\u00edtja a koncentr\u00e1tum egyenletes felmeleged\u00e9s\u00e9t. <b>Ez\u00e9rt<\/b> elker\u00fclhet\u0151 a k\u00e1ros \u00e9g\u00e9sterm\u00e9kek k\u00e9pz\u0151d\u00e9se.<\/li>\n<\/ul>\n<h2><b>A koncentr\u00e1tum \u00f6sszetev\u0151i<\/b><\/h2>\n<p>A h\u00fcvelyben l\u00e9v\u0151 koncentr\u00e1tum a \u201ePremium Jack\u201c fajta kivonata. <b>Ez<\/b> kannabinoidokban \u00e9s terp\u00e9nekben gazdag. <b>Mi a fontos<\/b>, hogy a koncentr\u00e1tumokat gyakran tiszt\u00edtj\u00e1k a magas THC-tartalom el\u00e9r\u00e9se \u00e9rdek\u00e9ben.<\/p>\n<p><b>Illat, \u00edz \u00e9s a terp\u00e9nek jelent\u0151s\u00e9ge<\/b><\/p>\n<p>A PREMIUM JACK h\u00fcvelyek a Jack Herer fajta (a \u201ePremium Jack\u201c egyik sz\u00fcl\u0151je) k\u00e9miai profilj\u00e1t haszn\u00e1lj\u00e1k. <b>A<\/b> A koncentr\u00e1tumot terp\u00e9nek hozz\u00e1ad\u00e1s\u00e1val \u00edzes\u00edtik.<\/p>\n<h3><b>\u00c9rz\u00e9kszervi profil<\/b><\/h3>\n<p>A h\u00fcvelyek \u00edz\u00e9t a k\u00f6vetkez\u0151k\u00e9ppen \u00edrj\u00e1k le <a href=\"http:\/\/18.116.49.136\/product\/kaufen-sie-afghanisches-heroin\/\"><b>gy\u00fcm\u00f6lcs\u00f6s-\u00e9des<\/b><\/a> \u00e9s <b>kr\u00e9mes<\/b> le\u00edrt\u00e1k. <b>Ez a<\/b> Az \u00edzprofil a k\u00f6vetkez\u0151kb\u0151l ad\u00f3dik:<\/p>\n<ol start=\"1\">\n<li><b>\u00c9des jegyek:<\/b> <b>Ezek a<\/b> gyakran olyan terp\u00e9nekb\u0151l sz\u00e1rmaznak, mint a limon\u00e9n vagy a b\u00e9ta-karyophil\u00e9n.<\/li>\n<li><b>Kr\u00e9mes alap:<\/b> A g\u0151z text\u00far\u00e1ja hozz\u00e1j\u00e1rul a sima, testes \u00e9lm\u00e9nyhez.<\/li>\n<\/ol>\n<h2><b>A terp\u00e9nek jelent\u0151s\u00e9ge<\/b><\/h2>\n<p><b>Egyenes<\/b> A hozz\u00e1adott terp\u00e9nek d\u00f6nt\u0151 szerepet j\u00e1tszanak a koncentr\u00e1tumokban. <b>Te<\/b> nem csak az \u00edzt befoly\u00e1solj\u00e1k, hanem a hat\u00e1st is m\u00f3dos\u00edthatj\u00e1k (entourage-hat\u00e1s). <b>Ez\u00e9rt<\/b> a terp\u00e9n adal\u00e9kanyagok pontos k\u00e9miai elemz\u00e9se elengedhetetlen a kutat\u00e1shoz.<\/p>\n<p><b>Hat\u00e1selemz\u00e9s \u00e9s felhaszn\u00e1l\u00e1s kutat\u00e1si kontextusban<\/b><\/p>\n<p>A PREMIUM JACK Pods hat\u00e1sa nagyon magas, mivel a <b>magas, koncentr\u00e1lt THC tartalom<\/b> mint <b>Er\u0151teljes \u00e9s tiszta<\/b> le\u00edrt\u00e1k.<\/p>\n<h2><b>Tipikus hat\u00e1sok<\/b><\/h2>\n<p>A jelent\u00e9sek a k\u00f6vetkez\u0151 jellegzetes hat\u00e1smint\u00e1kat jelzik:<\/p>\n<ul>\n<li><b>Agyi tisztas\u00e1g:<\/b> <b>A<\/b> Jack Herer genetik\u00e1ja koncentr\u00e1lt, euf\u00f3rikus \u00e9s gyakran kreat\u00edv hat\u00e1st biztos\u00edt.<\/li>\n<li><b>Pihen\u00e9s:<\/b> <b>Ugyanakkor<\/b> a hat\u00e1s hozz\u00e1j\u00e1rulhat a relax\u00e1ci\u00f3hoz. <b>Te<\/b> gyakran stresszold\u00f3nak mondj\u00e1k.<\/li>\n<li><b>Hossz\u00fa \u00e9lettartam\u00fa:<\/b> A koncentr\u00e1tum prec\u00edz, szab\u00e1lyozott elp\u00e1rolg\u00e1sa a k\u00f6vetkez\u0151 eredm\u00e9nyt eredm\u00e9nyezheti <b>tart\u00f3s hat\u00e1s<\/b> \u00f3lom.<\/li>\n<\/ul>\n<h3><b>Kutat\u00e1si potenci\u00e1l<\/b><\/h3>\n<p>A kapszul\u00e1k pontos adagol\u00e1si k\u00e9pess\u00e9g\u00fck miatt a k\u00f6vetkez\u0151 kutat\u00e1si ter\u00fcleteken \u00e9rdekesek:<\/p>\n<ul>\n<li><b>Farmakokinetika:<\/b> <b>Lehetne<\/b> a nagy koncentr\u00e1ci\u00f3j\u00fa THC felv\u00e9tel\u00e9nek \u00e9s metabolizmus\u00e1nak vizsg\u00e1lata a t\u00fcd\u0151ben.<\/li>\n<li><b>\u00d6sszehasonl\u00edt\u00f3 tanulm\u00e1nyok:<\/b> <b>Te<\/b> szabv\u00e1nyos\u00edtott THC adagol\u00e1si mechanizmusk\u00e9nt szolg\u00e1lhat. <b>A folyamat sor\u00e1n<\/b> a hat\u00e1sokat a doh\u00e1nyz\u00e1s vagy a sz\u00e1jon \u00e1t t\u00f6rt\u00e9n\u0151 fogyaszt\u00e1s hat\u00e1saival hasonl\u00edtj\u00e1k \u00f6ssze.<\/li>\n<li><b>Adagol\u00e1si hat\u00e1sok:<\/b> A kapszul\u00e1k lehet\u0151v\u00e9 teszik a szervezet nagyon pontos THC-mennyis\u00e9gre adott reakci\u00f3j\u00e1nak elemz\u00e9s\u00e9t.<\/li>\n<\/ul>","protected":false},"excerpt":{"rendered":"<p data-start=\"2283\" data-end=\"2406\">Stiiizy PREMIUM JACK 500mg kapszula - kompakt, gy\u00fcm\u00f6lcs\u00f6s \u00e9s laborat\u00f3riumban tesztelt. Kiv\u00e1l\u00f3 min\u0151s\u00e9g\u0171 THC \u00e9lvezet \u00fatk\u00f6zben vagy otthon.<\/p>","protected":false},"featured_media":8768,"comment_status":"open","ping_status":"closed","template":"","meta":{"_joinchat":[]},"product_brand":[],"product_cat":[62],"product_tag":[],"class_list":{"0":"post-8747","1":"product","2":"type-product","3":"status-publish","4":"has-post-thumbnail","6":"product_cat-marijuana","8":"first","9":"instock","10":"shipping-taxable","11":"purchasable","12":"product-type-variable"},"yoast_head":"<!-- This site is optimized with the Yoast SEO plugin v27.5 - https:\/\/yoast.com\/product\/yoast-seo-wordpress\/ -->\n<title>Stiiizy PREMIUM JACK 500mg Pods online kaufen<\/title>\n<meta name=\"description\" content=\"Stiiizy PREMIUM JACK 500mg Pods kaufen \u2013 fruchtig, stark und laborgepr\u00fcft. Diskreter Versand in Deutschland &amp; EU f\u00fcr intensives Dampferlebnis.\" \/>\n<meta name=\"robots\" content=\"index, follow, max-snippet:-1, max-image-preview:large, max-video-preview:-1\" \/>\n<link rel=\"canonical\" href=\"https:\/\/chemgramx.com\/hu\/termek-1\/stiiizy-premium-jack-500-mg-kapszulak-2\/\" \/>\n<meta property=\"og:locale\" content=\"hu_HU\" \/>\n<meta property=\"og:type\" content=\"article\" \/>\n<meta property=\"og:title\" content=\"Stiiizy PREMIUM JACK 500mg Pods online kaufen\" \/>\n<meta property=\"og:description\" content=\"Stiiizy PREMIUM JACK 500mg Pods kaufen \u2013 fruchtig, stark und laborgepr\u00fcft. Diskreter Versand in Deutschland &amp; EU f\u00fcr intensives Dampferlebnis.\" \/>\n<meta property=\"og:url\" content=\"https:\/\/chemgramx.com\/hu\/termek-1\/stiiizy-premium-jack-500-mg-kapszulak-2\/\" \/>\n<meta property=\"og:site_name\" content=\"Chemgramx\" \/>\n<meta property=\"article:modified_time\" content=\"2025-12-11T01:06:35+00:00\" \/>\n<meta property=\"og:image\" content=\"https:\/\/chemgramx.com\/wp-content\/uploads\/2025\/12\/stiiizy-premium-jack-500mg-pods.jpg\" \/>\n\t<meta property=\"og:image:width\" content=\"800\" \/>\n\t<meta property=\"og:image:height\" content=\"800\" \/>\n\t<meta property=\"og:image:type\" content=\"image\/jpeg\" \/>\n<meta name=\"twitter:card\" content=\"summary_large_image\" \/>\n<meta name=\"twitter:label1\" content=\"Becs\u00fclt olvas\u00e1si id\u0151\" \/>\n\t<meta name=\"twitter:data1\" content=\"3 perc\" \/>\n<script type=\"application\/ld+json\" class=\"yoast-schema-graph\">{\"@context\":\"https:\\\/\\\/schema.org\",\"@graph\":[{\"@type\":\"WebPage\",\"@id\":\"https:\\\/\\\/chemgramx.com\\\/product\\\/stiiizy-premium-jack-500mg-pods-2\\\/\",\"url\":\"https:\\\/\\\/chemgramx.com\\\/product\\\/stiiizy-premium-jack-500mg-pods-2\\\/\",\"name\":\"Stiiizy PREMIUM JACK 500mg Pods online kaufen\",\"isPartOf\":{\"@id\":\"https:\\\/\\\/chemgramx.com\\\/#website\"},\"primaryImageOfPage\":{\"@id\":\"https:\\\/\\\/chemgramx.com\\\/product\\\/stiiizy-premium-jack-500mg-pods-2\\\/#primaryimage\"},\"image\":{\"@id\":\"https:\\\/\\\/chemgramx.com\\\/product\\\/stiiizy-premium-jack-500mg-pods-2\\\/#primaryimage\"},\"thumbnailUrl\":\"https:\\\/\\\/chemgramx.com\\\/wp-content\\\/uploads\\\/2025\\\/12\\\/stiiizy-premium-jack-500mg-pods.jpg\",\"datePublished\":\"2025-12-11T00:50:00+00:00\",\"dateModified\":\"2025-12-11T01:06:35+00:00\",\"description\":\"Stiiizy PREMIUM JACK 500mg Pods kaufen \u2013 fruchtig, stark und laborgepr\u00fcft. Diskreter Versand in Deutschland &amp; EU f\u00fcr intensives Dampferlebnis.\",\"breadcrumb\":{\"@id\":\"https:\\\/\\\/chemgramx.com\\\/product\\\/stiiizy-premium-jack-500mg-pods-2\\\/#breadcrumb\"},\"inLanguage\":\"hu\",\"potentialAction\":[{\"@type\":\"ReadAction\",\"target\":[\"https:\\\/\\\/chemgramx.com\\\/product\\\/stiiizy-premium-jack-500mg-pods-2\\\/\"]}]},{\"@type\":\"ImageObject\",\"inLanguage\":\"hu\",\"@id\":\"https:\\\/\\\/chemgramx.com\\\/product\\\/stiiizy-premium-jack-500mg-pods-2\\\/#primaryimage\",\"url\":\"https:\\\/\\\/chemgramx.com\\\/wp-content\\\/uploads\\\/2025\\\/12\\\/stiiizy-premium-jack-500mg-pods.jpg\",\"contentUrl\":\"https:\\\/\\\/chemgramx.com\\\/wp-content\\\/uploads\\\/2025\\\/12\\\/stiiizy-premium-jack-500mg-pods.jpg\",\"width\":800,\"height\":800},{\"@type\":\"BreadcrumbList\",\"@id\":\"https:\\\/\\\/chemgramx.com\\\/product\\\/stiiizy-premium-jack-500mg-pods-2\\\/#breadcrumb\",\"itemListElement\":[{\"@type\":\"ListItem\",\"position\":1,\"name\":\"Home\",\"item\":\"https:\\\/\\\/chemgramx.com\\\/\"},{\"@type\":\"ListItem\",\"position\":2,\"name\":\"Shop\",\"item\":\"https:\\\/\\\/chemgramx.com\\\/shop\\\/\"},{\"@type\":\"ListItem\",\"position\":3,\"name\":\"Stiiizy PREMIUM JACK 500mg Pods\"}]},{\"@type\":\"WebSite\",\"@id\":\"https:\\\/\\\/chemgramx.com\\\/#website\",\"url\":\"https:\\\/\\\/chemgramx.com\\\/\",\"name\":\"Chemgramx\",\"description\":\"\",\"publisher\":{\"@id\":\"https:\\\/\\\/chemgramx.com\\\/#organization\"},\"potentialAction\":[{\"@type\":\"SearchAction\",\"target\":{\"@type\":\"EntryPoint\",\"urlTemplate\":\"https:\\\/\\\/chemgramx.com\\\/?s={search_term_string}\"},\"query-input\":{\"@type\":\"PropertyValueSpecification\",\"valueRequired\":true,\"valueName\":\"search_term_string\"}}],\"inLanguage\":\"hu\"},{\"@type\":\"Organization\",\"@id\":\"https:\\\/\\\/chemgramx.com\\\/#organization\",\"name\":\"Chemgramx\",\"url\":\"https:\\\/\\\/chemgramx.com\\\/\",\"logo\":{\"@type\":\"ImageObject\",\"inLanguage\":\"hu\",\"@id\":\"https:\\\/\\\/chemgramx.com\\\/#\\\/schema\\\/logo\\\/image\\\/\",\"url\":\"https:\\\/\\\/chemgramx.com\\\/wp-content\\\/uploads\\\/2024\\\/10\\\/final-logo.png\",\"contentUrl\":\"https:\\\/\\\/chemgramx.com\\\/wp-content\\\/uploads\\\/2024\\\/10\\\/final-logo.png\",\"width\":250,\"height\":48,\"caption\":\"Chemgramx\"},\"image\":{\"@id\":\"https:\\\/\\\/chemgramx.com\\\/#\\\/schema\\\/logo\\\/image\\\/\"}}]}<\/script>\n<!-- \/ Yoast SEO plugin. -->","yoast_head_json":{"title":"Stiiizy PREMIUM JACK 500mg kapszula online v\u00e1s\u00e1rl\u00e1sa","description":"V\u00e1s\u00e1roljon Stiiizy PREMIUM JACK 500mg kapszul\u00e1t - gy\u00fcm\u00f6lcs\u00f6s, er\u0151s \u00e9s laborat\u00f3riumban tesztelt. Diszkr\u00e9t sz\u00e1ll\u00edt\u00e1s N\u00e9metorsz\u00e1gban \u00e9s az EU-ban az intenz\u00edv vaping \u00e9lm\u00e9ny\u00e9rt.","robots":{"index":"index","follow":"follow","max-snippet":"max-snippet:-1","max-image-preview":"max-image-preview:large","max-video-preview":"max-video-preview:-1"},"canonical":"https:\/\/chemgramx.com\/hu\/termek-1\/stiiizy-premium-jack-500-mg-kapszulak-2\/","og_locale":"hu_HU","og_type":"article","og_title":"Stiiizy PREMIUM JACK 500mg Pods online kaufen","og_description":"Stiiizy PREMIUM JACK 500mg Pods kaufen \u2013 fruchtig, stark und laborgepr\u00fcft. Diskreter Versand in Deutschland &amp; EU f\u00fcr intensives Dampferlebnis.","og_url":"https:\/\/chemgramx.com\/hu\/termek-1\/stiiizy-premium-jack-500-mg-kapszulak-2\/","og_site_name":"Chemgramx","article_modified_time":"2025-12-11T01:06:35+00:00","og_image":[{"width":800,"height":800,"url":"https:\/\/chemgramx.com\/wp-content\/uploads\/2025\/12\/stiiizy-premium-jack-500mg-pods.jpg","type":"image\/jpeg"}],"twitter_card":"summary_large_image","twitter_misc":{"Becs\u00fclt olvas\u00e1si id\u0151":"3 perc"},"schema":{"@context":"https:\/\/schema.org","@graph":[{"@type":"WebPage","@id":"https:\/\/chemgramx.com\/product\/stiiizy-premium-jack-500mg-pods-2\/","url":"https:\/\/chemgramx.com\/product\/stiiizy-premium-jack-500mg-pods-2\/","name":"Stiiizy PREMIUM JACK 500mg kapszula online v\u00e1s\u00e1rl\u00e1sa","isPartOf":{"@id":"https:\/\/chemgramx.com\/#website"},"primaryImageOfPage":{"@id":"https:\/\/chemgramx.com\/product\/stiiizy-premium-jack-500mg-pods-2\/#primaryimage"},"image":{"@id":"https:\/\/chemgramx.com\/product\/stiiizy-premium-jack-500mg-pods-2\/#primaryimage"},"thumbnailUrl":"https:\/\/chemgramx.com\/wp-content\/uploads\/2025\/12\/stiiizy-premium-jack-500mg-pods.jpg","datePublished":"2025-12-11T00:50:00+00:00","dateModified":"2025-12-11T01:06:35+00:00","description":"V\u00e1s\u00e1roljon Stiiizy PREMIUM JACK 500mg kapszul\u00e1t - gy\u00fcm\u00f6lcs\u00f6s, er\u0151s \u00e9s laborat\u00f3riumban tesztelt. Diszkr\u00e9t sz\u00e1ll\u00edt\u00e1s N\u00e9metorsz\u00e1gban \u00e9s az EU-ban az intenz\u00edv vaping \u00e9lm\u00e9ny\u00e9rt.","breadcrumb":{"@id":"https:\/\/chemgramx.com\/product\/stiiizy-premium-jack-500mg-pods-2\/#breadcrumb"},"inLanguage":"hu","potentialAction":[{"@type":"ReadAction","target":["https:\/\/chemgramx.com\/product\/stiiizy-premium-jack-500mg-pods-2\/"]}]},{"@type":"ImageObject","inLanguage":"hu","@id":"https:\/\/chemgramx.com\/product\/stiiizy-premium-jack-500mg-pods-2\/#primaryimage","url":"https:\/\/chemgramx.com\/wp-content\/uploads\/2025\/12\/stiiizy-premium-jack-500mg-pods.jpg","contentUrl":"https:\/\/chemgramx.com\/wp-content\/uploads\/2025\/12\/stiiizy-premium-jack-500mg-pods.jpg","width":800,"height":800},{"@type":"BreadcrumbList","@id":"https:\/\/chemgramx.com\/product\/stiiizy-premium-jack-500mg-pods-2\/#breadcrumb","itemListElement":[{"@type":"ListItem","position":1,"name":"Home","item":"https:\/\/chemgramx.com\/"},{"@type":"ListItem","position":2,"name":"Shop","item":"https:\/\/chemgramx.com\/shop\/"},{"@type":"ListItem","position":3,"name":"Stiiizy PREMIUM JACK 500mg Pods"}]},{"@type":"WebSite","@id":"https:\/\/chemgramx.com\/#website","url":"https:\/\/chemgramx.com\/","name":"Chemgramx","description":"","publisher":{"@id":"https:\/\/chemgramx.com\/#organization"},"potentialAction":[{"@type":"SearchAction","target":{"@type":"EntryPoint","urlTemplate":"https:\/\/chemgramx.com\/?s={search_term_string}"},"query-input":{"@type":"PropertyValueSpecification","valueRequired":true,"valueName":"search_term_string"}}],"inLanguage":"hu"},{"@type":"Organization","@id":"https:\/\/chemgramx.com\/#organization","name":"Chemgramx","url":"https:\/\/chemgramx.com\/","logo":{"@type":"ImageObject","inLanguage":"hu","@id":"https:\/\/chemgramx.com\/#\/schema\/logo\/image\/","url":"https:\/\/chemgramx.com\/wp-content\/uploads\/2024\/10\/final-logo.png","contentUrl":"https:\/\/chemgramx.com\/wp-content\/uploads\/2024\/10\/final-logo.png","width":250,"height":48,"caption":"Chemgramx"},"image":{"@id":"https:\/\/chemgramx.com\/#\/schema\/logo\/image\/"}}]}},"_links":{"self":[{"href":"https:\/\/chemgramx.com\/hu\/wp-json\/wp\/v2\/product\/8747","targetHints":{"allow":["GET"]}}],"collection":[{"href":"https:\/\/chemgramx.com\/hu\/wp-json\/wp\/v2\/product"}],"about":[{"href":"https:\/\/chemgramx.com\/hu\/wp-json\/wp\/v2\/types\/product"}],"replies":[{"embeddable":true,"href":"https:\/\/chemgramx.com\/hu\/wp-json\/wp\/v2\/comments?post=8747"}],"wp:featuredmedia":[{"embeddable":true,"href":"https:\/\/chemgramx.com\/hu\/wp-json\/wp\/v2\/media\/8768"}],"wp:attachment":[{"href":"https:\/\/chemgramx.com\/hu\/wp-json\/wp\/v2\/media?parent=8747"}],"wp:term":[{"taxonomy":"product_brand","embeddable":true,"href":"https:\/\/chemgramx.com\/hu\/wp-json\/wp\/v2\/product_brand?post=8747"},{"taxonomy":"product_cat","embeddable":true,"href":"https:\/\/chemgramx.com\/hu\/wp-json\/wp\/v2\/product_cat?post=8747"},{"taxonomy":"product_tag","embeddable":true,"href":"https:\/\/chemgramx.com\/hu\/wp-json\/wp\/v2\/product_tag?post=8747"}],"curies":[{"name":"wp","href":"https:\/\/api.w.org\/{rel}","templated":true}]}}