{"id":8776,"date":"2025-12-11T01:04:42","date_gmt":"2025-12-11T01:04:42","guid":{"rendered":"https:\/\/chemgramx.com\/?post_type=product&#038;p=8776"},"modified":"2025-12-11T01:05:13","modified_gmt":"2025-12-11T01:05:13","slug":"ecpla-l-tartrat-online-rendeles","status":"publish","type":"product","link":"https:\/\/chemgramx.com\/hu\/product\/ecpla-l-tartrate-online-bestellung\/","title":{"rendered":"ECPLA L-tartar\u00e1t Online rendel\u00e9s"},"content":{"rendered":"<h2 data-start=\"182\" data-end=\"249\">V\u00e1s\u00e1roljon ECPLA L-Tartar\u00e1tot online \u2013 a legmagasabb min\u0151s\u00e9g\u0171 kutat\u00e1s<\/h2>\n<p data-start=\"267\" data-end=\"799\">Az ECPLA L-tartar\u00e1t online v\u00e1s\u00e1rl\u00e1sa egyre fontosabb\u00e1 v\u00e1lik a tudom\u00e1nyos kutat\u00e1sban. Az ECPLA L-tartar\u00e1t egy \u00faj pszichedelikus anyag a lizergamid oszt\u00e1lyb\u00f3l, amelyet az LSD szerkezeti anal\u00f3gjak\u00e9nt fejlesztettek ki. Hasonl\u00f3 molekul\u00e1ris szerkezet\u00e9vel \u00e9s hasonl\u00f3 tulajdons\u00e1gaival <a href=\"https:\/\/chemgramx.com\/product\/ecpla-l-tartrate\/\">ECPLA L-tartar\u00e1t elad\u00f3<\/a> Els\u0151sorban laborat\u00f3riumokban haszn\u00e1lj\u00e1k. Fontos: Ez az anyag nem emberi fogyaszt\u00e1sra k\u00e9sz\u00fclt, \u00e9s csak ellen\u0151rz\u00f6tt kutat\u00e1si k\u00f6rnyezetben haszn\u00e1lhat\u00f3.<\/p>\n<h3 data-start=\"801\" data-end=\"830\">ECPLA L-tartar\u00e1t<\/h3>\n<p data-start=\"831\" data-end=\"1240\"><a href=\"https:\/\/en.wikipedia.org\/wiki\/ECPLA\">ECPLA L-tartar\u00e1t<\/a> online v\u00e1s\u00e1rolni, m\u00e1s n\u00e9ven lizergsav N-etil-N-ciklopropilamid hemi-L-tartar\u00e1t, a lizergsav szintetikus sz\u00e1rmaz\u00e9ka. A lizergamidok csoportj\u00e1ba tartozik, \u00e9s szerkezeti hasonl\u00f3s\u00e1got mutat az LSD-vel. Szerkezet\u00e9nek m\u00f3dos\u00edt\u00e1sai befoly\u00e1solhatj\u00e1k farmakol\u00f3giai tulajdons\u00e1gait. A tudom\u00e1nyos elemz\u00e9sek intenz\u00edven vizsg\u00e1lj\u00e1k ezeket a mechanizmusokat.<\/p>\n<h3 data-start=\"1242\" data-end=\"1285\">K\u00e9miai oszt\u00e1lyoz\u00e1s \u00e9s \u00f6sszehasonl\u00edt\u00e1s m\u00e1s stimul\u00e1nsokkal<\/h3>\n<p data-start=\"1286\" data-end=\"1694\">A klasszikus stimul\u00e1nsokhoz, p\u00e9ld\u00e1ul az amfetaminokhoz k\u00e9pest az ECPLA L-tartar\u00e1t a lizergamidok oszt\u00e1ly\u00e1ba tartozik. Ezek az anyagok els\u0151sorban az agy szerotoninreceptoraival, k\u00fcl\u00f6n\u00f6sen az 5-HT2A receptorral l\u00e9pnek k\u00f6lcs\u00f6nhat\u00e1sba. Ez az \u00e9rz\u00e9kel\u00e9s megv\u00e1ltoz\u00e1s\u00e1hoz vezethet. M\u00e9g ha a pontos hat\u00e1sok m\u00e9g nem is dokument\u00e1ltak teljes m\u00e9rt\u00e9kben, az ECPLA L-tartar\u00e1t kutat\u00e1s c\u00e9lj\u00e1b\u00f3l t\u00f6rt\u00e9n\u0151 rendel\u00e9se ir\u00e1nti \u00e9rdekl\u0151d\u00e9s folyamatosan n\u00f6vekszik.<\/p>\n<h3 data-start=\"1696\" data-end=\"1741\">Az ECPLA L-tartar\u00e1t hat\u00e1sai \u00e9s el\u0151nyei<\/h3>\n<p data-start=\"1742\" data-end=\"1853\">Az el\u0151zetes jelent\u00e9sek szerint az ECPLA L-tartar\u00e1t laborat\u00f3riumi tesztekben az LSD-hez hasonl\u00f3 hat\u00e1sokat v\u00e1lthat ki:<\/p>\n<ul data-start=\"1855\" data-end=\"1952\">\n<li data-start=\"1855\" data-end=\"1892\">\n<p data-start=\"1857\" data-end=\"1892\">megv\u00e1ltozott vizu\u00e1lis \u00e9rz\u00e9kel\u00e9s<\/p>\n<\/li>\n<li data-start=\"1893\" data-end=\"1927\">\n<p data-start=\"1895\" data-end=\"1927\">fokozott \u00e9rz\u00e9kszervi \u00e9rz\u00e9kel\u00e9s<\/p>\n<\/li>\n<li data-start=\"1928\" data-end=\"1952\">\n<p data-start=\"1930\" data-end=\"1952\">introspekt\u00edv Muster<\/p>\n<\/li>\n<\/ul>\n<p data-start=\"1954\" data-end=\"2044\">Mivel nincsenek teljes k\u00f6r\u0171 klinikai adatok, a biztons\u00e1gos kezel\u00e9s tov\u00e1bbra is kulcsfontoss\u00e1g\u00fa.<\/p>\n<h3 data-start=\"2046\" data-end=\"2086\">Aj\u00e1nlott adagol\u00e1s \u00e9s kezel\u00e9s<\/h3>\n<p data-start=\"2087\" data-end=\"2324\">Az ECPLA L-tartar\u00e1t elad\u00e1sra sz\u00e1nt adagj\u00e1t csak szakemberek hat\u00e1rozhatj\u00e1k meg kutat\u00e1si c\u00e9lb\u00f3l. A porok \u00e9s a blotterek gyakori form\u00e1k. Professzion\u00e1lis laborat\u00f3riumi k\u00f6r\u00fclm\u00e9nyek \u00e9s pontos m\u00e9r\u00e9si m\u00f3dszerek sz\u00fcks\u00e9gesek.<\/p>\n<h3 data-start=\"2326\" data-end=\"2348\">A hat\u00e1sok id\u0151tartama<\/h3>\n<p data-start=\"2349\" data-end=\"2537\">A hat\u00e1sok id\u0151tartama nincs \u00e1tfog\u00f3an dokument\u00e1lva. A kutat\u00f3k az ism\u00e9telt adagol\u00e1s ellen javasolnak. Ehelyett minden egyes alkalmaz\u00e1st egy\u00e9rtelm\u0171en meg kell hat\u00e1rozni \u00e9s szigor\u00faan ellen\u0151rizni kell.<\/p>\n<h3 data-start=\"2539\" data-end=\"2580\">Mi\u00e9rt \u00e9rdemes online v\u00e1s\u00e1rolni az ECPLA L-Tartar\u00e1tot?<\/h3>\n<p data-start=\"2581\" data-end=\"2631\">Az D-Tertylone online v\u00e1s\u00e1rl\u00e1sa sz\u00e1mos el\u0151nnyel j\u00e1r:<\/p>\n<ul data-start=\"2633\" data-end=\"2895\">\n<li data-start=\"2633\" data-end=\"2699\">\n<p data-start=\"2635\" data-end=\"2699\">K\u00f6nny\u0171 hozz\u00e1f\u00e9r\u00e9s az ECPLA L-tartar\u00e1t v\u00e1s\u00e1rl\u00e1s\u00e1hoz vil\u00e1gszerte<\/p>\n<\/li>\n<li data-start=\"2700\" data-end=\"2772\">\n<p data-start=\"2702\" data-end=\"2772\">Olcs\u00f3 ECPLA L-tartar\u00e1t \u00e1r a helyi forr\u00e1sokhoz k\u00e9pest<\/p>\n<\/li>\n<li data-start=\"2773\" data-end=\"2822\">\n<p data-start=\"2775\" data-end=\"2822\">Diszkr\u00e9t csomagol\u00e1s \u00e9s megb\u00edzhat\u00f3 sz\u00e1ll\u00edt\u00e1s<\/p>\n<\/li>\n<li data-start=\"2823\" data-end=\"2895\">\n<p data-start=\"2825\" data-end=\"2895\">El\u00e9rhet\u0151s\u00e9g szakosodott besz\u00e1ll\u00edt\u00f3kt\u00f3l, akik igazolni tudj\u00e1k a tisztas\u00e1got<\/p>\n<\/li>\n<\/ul>\n<h3 data-start=\"2897\" data-end=\"2917\">Jogi helyzet<\/h3>\n<p data-start=\"2918\" data-end=\"3152\">A jogi helyzet nagyon elt\u00e9r\u0151. M\u00edg egyes orsz\u00e1gokban ellen\u0151rz\u00f6tt anyagnak min\u0151s\u00fcl, m\u00e1s orsz\u00e1gokban nem szab\u00e1lyozz\u00e1k egy\u00e9rtelm\u0171en. B\u00e1rki, aki ECPLA L-tartar\u00e1tot szeretne v\u00e1s\u00e1rolni online, el\u0151zetesen ellen\u0151rizze a helyi t\u00f6rv\u00e9nyeket.<\/p>\n<h3 data-start=\"3154\" data-end=\"3206\">A legjobb helyek EBK online v\u00e1s\u00e1rl\u00e1s\u00e1ra<\/h3>\n<p data-start=\"3207\" data-end=\"3286\">Az ECPLA L-tartar\u00e1t online v\u00e1s\u00e1rl\u00e1s\u00e1nak legjobb helye fontos krit\u00e9riumoknak felel meg:<\/p>\n<ul data-start=\"3288\" data-end=\"3410\">\n<li data-start=\"3288\" data-end=\"3312\">Tan\u00fas\u00edtott laborat\u00f3riumok<\/li>\n<li data-start=\"3313\" data-end=\"3353\">\n<p data-start=\"3315\" data-end=\"3353\">\u00c1tl\u00e1that\u00f3 biztons\u00e1gi adatlapok<\/p>\n<\/li>\n<li data-start=\"3354\" data-end=\"3379\">\n<p data-start=\"3356\" data-end=\"3379\">Bizony\u00edthat\u00f3 tisztas\u00e1g<\/p>\n<\/li>\n<li data-start=\"3380\" data-end=\"3410\">\n<p data-start=\"3382\" data-end=\"3410\">Pozit\u00edv v\u00e1s\u00e1rl\u00f3i v\u00e9lem\u00e9nyek<\/p>\n<\/li>\n<\/ul>\n<p data-start=\"3412\" data-end=\"3588\">A kutat\u00f3i k\u00e9miai besz\u00e1ll\u00edt\u00f3k, mint p\u00e9ld\u00e1ul a Biochemal vagy a TeamChemists, az ECPLA L-tartar\u00e1tot analitikai min\u0151s\u00e9gben, mindig a vonatkoz\u00f3 jogszab\u00e1lyoknak megfelel\u0151en k\u00edn\u00e1lj\u00e1k elad\u00e1sra.<\/p>\n<h2 data-start=\"3590\" data-end=\"3600\">K\u00f6vetkeztet\u00e9s<\/h2>\n<p data-start=\"3601\" data-end=\"3907\">Az ECPLA L-tartar\u00e1t online v\u00e1s\u00e1rl\u00e1sa megb\u00edzhat\u00f3 kutat\u00e1si forr\u00e1sb\u00f3l a legjobb v\u00e1laszt\u00e1s a tisztas\u00e1got, biztons\u00e1got \u00e9s megb\u00edzhat\u00f3s\u00e1got keres\u0151 tud\u00f3sok sz\u00e1m\u00e1ra. Ha ECPLA L-Tartr\u00e1tot szeretne v\u00e1s\u00e1rolni online, csak olyan megb\u00edzhat\u00f3 forr\u00e1sokat haszn\u00e1ljon, amelyek \u00e1tl\u00e1that\u00f3 min\u0151s\u00e9gi szabv\u00e1nyokat k\u00edn\u00e1lnak.<\/p>\n<p data-start=\"3909\" data-end=\"4089\">Egy j\u00f3 h\u00edr\u0171 besz\u00e1ll\u00edt\u00f3val nemcsak a legjobb ECPLA L-tartar\u00e1t \u00e1rat biztos\u00edthatja, hanem azt is, hogy a kutat\u00e1s megb\u00edzhat\u00f3 anyagon alapul.<\/p>","protected":false},"excerpt":{"rendered":"<p><strong>ECPLA L-tartar\u00e1t<\/strong> egy szintetikus kutat\u00e1si vegyszer a <strong>Triptamin oszt\u00e1ly<\/strong>amelyet gyakran vizsg\u00e1lnak potenci\u00e1lis pszichedelikus hat\u00e1sai miatt. Szerkezetileg rokon m\u00e1s szerotonerg vegy\u00fcletekkel, val\u00f3sz\u00edn\u0171leg k\u00f6lcs\u00f6nhat\u00e1sba l\u00e9p a k\u00f6vetkez\u0151kkel <strong>Szerotonin receptorok<\/strong> az agyban, ami megv\u00e1ltozott \u00e9rz\u00e9kszervi \u00e9szlel\u00e9shez \u00e9s \u00e9rzelmi \u00e9lm\u00e9nyekhez vezethet. Az ECPLA L-tartar\u00e1t emberi fogyaszt\u00e1sra nem enged\u00e9lyezett, \u00e9s kiz\u00e1r\u00f3lag laborat\u00f3riumi kutat\u00e1sokban haszn\u00e1lj\u00e1k.<\/p>","protected":false},"featured_media":8794,"comment_status":"open","ping_status":"closed","template":"","meta":{"_joinchat":[]},"product_brand":[],"product_cat":[56],"product_tag":[2602,2597,2599,2596,2598,2601,2603,2600,2015],"class_list":{"0":"post-8776","1":"product","2":"type-product","3":"status-publish","4":"has-post-thumbnail","6":"product_cat-opioids","7":"product_tag-ecpla-chemikalien","8":"product_tag-ecpla-kaufen","9":"product_tag-ecpla-kristalle","10":"product_tag-ecpla-l-tartrat","11":"product_tag-ecpla-l-tartrate-kaufen","12":"product_tag-ecpla-online-kaufen","13":"product_tag-ecpla-preis","14":"product_tag-l-tartrate-kaufen","15":"product_tag-synthetische-drogen","17":"first","18":"instock","19":"shipping-taxable","20":"purchasable","21":"product-type-variable"},"yoast_head":"<!-- This site is optimized with the Yoast SEO plugin v27.5 - https:\/\/yoast.com\/product\/yoast-seo-wordpress\/ -->\n<title>ECPLA L-Tartrate Kaufen \u2013 H\u00f6chste Qualit\u00e4t | Chemgramx<\/title>\n<meta name=\"description\" content=\"Kaufen Sie ECPLA L-Tartrate Pulver online bei Chemgramx. Laborgepr\u00fcft, \u226599% Reinheit, schnelle Lieferung und faire Preise. Jetzt bestellen!\" \/>\n<meta name=\"robots\" content=\"index, follow, max-snippet:-1, max-image-preview:large, max-video-preview:-1\" \/>\n<link rel=\"canonical\" href=\"https:\/\/chemgramx.com\/hu\/termek-1\/ecpla-l-tartrat-online-rendeles\/\" \/>\n<meta property=\"og:locale\" content=\"hu_HU\" \/>\n<meta property=\"og:type\" content=\"article\" \/>\n<meta property=\"og:title\" content=\"ECPLA L-Tartrate Kaufen \u2013 H\u00f6chste Qualit\u00e4t | Chemgramx\" \/>\n<meta property=\"og:description\" content=\"Kaufen Sie ECPLA L-Tartrate Pulver online bei Chemgramx. Laborgepr\u00fcft, \u226599% Reinheit, schnelle Lieferung und faire Preise. Jetzt bestellen!\" \/>\n<meta property=\"og:url\" content=\"https:\/\/chemgramx.com\/hu\/termek-1\/ecpla-l-tartrat-online-rendeles\/\" \/>\n<meta property=\"og:site_name\" content=\"Chemgramx\" \/>\n<meta property=\"article:modified_time\" content=\"2025-12-11T01:05:13+00:00\" \/>\n<meta property=\"og:image\" content=\"https:\/\/chemgramx.com\/wp-content\/uploads\/2025\/12\/Buy-ECPLA-L-tartrate-online.webp\" \/>\n\t<meta property=\"og:image:width\" content=\"800\" \/>\n\t<meta property=\"og:image:height\" content=\"600\" \/>\n\t<meta property=\"og:image:type\" content=\"image\/webp\" \/>\n<meta name=\"twitter:card\" content=\"summary_large_image\" \/>\n<meta name=\"twitter:label1\" content=\"Becs\u00fclt olvas\u00e1si id\u0151\" \/>\n\t<meta name=\"twitter:data1\" content=\"3 perc\" \/>\n<script type=\"application\/ld+json\" class=\"yoast-schema-graph\">{\"@context\":\"https:\\\/\\\/schema.org\",\"@graph\":[{\"@type\":\"WebPage\",\"@id\":\"https:\\\/\\\/chemgramx.com\\\/product\\\/ecpla-l-tartrate-online-bestellung\\\/\",\"url\":\"https:\\\/\\\/chemgramx.com\\\/product\\\/ecpla-l-tartrate-online-bestellung\\\/\",\"name\":\"ECPLA L-Tartrate Kaufen \u2013 H\u00f6chste Qualit\u00e4t | Chemgramx\",\"isPartOf\":{\"@id\":\"https:\\\/\\\/chemgramx.com\\\/#website\"},\"primaryImageOfPage\":{\"@id\":\"https:\\\/\\\/chemgramx.com\\\/product\\\/ecpla-l-tartrate-online-bestellung\\\/#primaryimage\"},\"image\":{\"@id\":\"https:\\\/\\\/chemgramx.com\\\/product\\\/ecpla-l-tartrate-online-bestellung\\\/#primaryimage\"},\"thumbnailUrl\":\"https:\\\/\\\/chemgramx.com\\\/wp-content\\\/uploads\\\/2025\\\/12\\\/Buy-ECPLA-L-tartrate-online.webp\",\"datePublished\":\"2025-12-11T01:04:42+00:00\",\"dateModified\":\"2025-12-11T01:05:13+00:00\",\"description\":\"Kaufen Sie ECPLA L-Tartrate Pulver online bei Chemgramx. Laborgepr\u00fcft, \u226599% Reinheit, schnelle Lieferung und faire Preise. Jetzt bestellen!\",\"breadcrumb\":{\"@id\":\"https:\\\/\\\/chemgramx.com\\\/product\\\/ecpla-l-tartrate-online-bestellung\\\/#breadcrumb\"},\"inLanguage\":\"hu\",\"potentialAction\":[{\"@type\":\"ReadAction\",\"target\":[\"https:\\\/\\\/chemgramx.com\\\/product\\\/ecpla-l-tartrate-online-bestellung\\\/\"]}]},{\"@type\":\"ImageObject\",\"inLanguage\":\"hu\",\"@id\":\"https:\\\/\\\/chemgramx.com\\\/product\\\/ecpla-l-tartrate-online-bestellung\\\/#primaryimage\",\"url\":\"https:\\\/\\\/chemgramx.com\\\/wp-content\\\/uploads\\\/2025\\\/12\\\/Buy-ECPLA-L-tartrate-online.webp\",\"contentUrl\":\"https:\\\/\\\/chemgramx.com\\\/wp-content\\\/uploads\\\/2025\\\/12\\\/Buy-ECPLA-L-tartrate-online.webp\",\"width\":800,\"height\":600},{\"@type\":\"BreadcrumbList\",\"@id\":\"https:\\\/\\\/chemgramx.com\\\/product\\\/ecpla-l-tartrate-online-bestellung\\\/#breadcrumb\",\"itemListElement\":[{\"@type\":\"ListItem\",\"position\":1,\"name\":\"Home\",\"item\":\"https:\\\/\\\/chemgramx.com\\\/\"},{\"@type\":\"ListItem\",\"position\":2,\"name\":\"Shop\",\"item\":\"https:\\\/\\\/chemgramx.com\\\/shop\\\/\"},{\"@type\":\"ListItem\",\"position\":3,\"name\":\"ECPLA L-Tartrate Online Bestellung\"}]},{\"@type\":\"WebSite\",\"@id\":\"https:\\\/\\\/chemgramx.com\\\/#website\",\"url\":\"https:\\\/\\\/chemgramx.com\\\/\",\"name\":\"Chemgramx\",\"description\":\"\",\"publisher\":{\"@id\":\"https:\\\/\\\/chemgramx.com\\\/#organization\"},\"potentialAction\":[{\"@type\":\"SearchAction\",\"target\":{\"@type\":\"EntryPoint\",\"urlTemplate\":\"https:\\\/\\\/chemgramx.com\\\/?s={search_term_string}\"},\"query-input\":{\"@type\":\"PropertyValueSpecification\",\"valueRequired\":true,\"valueName\":\"search_term_string\"}}],\"inLanguage\":\"hu\"},{\"@type\":\"Organization\",\"@id\":\"https:\\\/\\\/chemgramx.com\\\/#organization\",\"name\":\"Chemgramx\",\"url\":\"https:\\\/\\\/chemgramx.com\\\/\",\"logo\":{\"@type\":\"ImageObject\",\"inLanguage\":\"hu\",\"@id\":\"https:\\\/\\\/chemgramx.com\\\/#\\\/schema\\\/logo\\\/image\\\/\",\"url\":\"https:\\\/\\\/chemgramx.com\\\/wp-content\\\/uploads\\\/2024\\\/10\\\/final-logo.png\",\"contentUrl\":\"https:\\\/\\\/chemgramx.com\\\/wp-content\\\/uploads\\\/2024\\\/10\\\/final-logo.png\",\"width\":250,\"height\":48,\"caption\":\"Chemgramx\"},\"image\":{\"@id\":\"https:\\\/\\\/chemgramx.com\\\/#\\\/schema\\\/logo\\\/image\\\/\"}}]}<\/script>\n<!-- \/ Yoast SEO plugin. -->","yoast_head_json":{"title":"ECPLA L-tartar\u00e1t v\u00e1s\u00e1rl\u00e1sa \u2013 Legmagasabb min\u0151s\u00e9g | Chemgramx","description":"V\u00e1s\u00e1roljon ECPLA L-tartar\u00e1t port online a Chemgramx-t\u00f3l. Laborat\u00f3riumban tesztelt, \u226599%-os tisztas\u00e1g\u00fa, gyors sz\u00e1ll\u00edt\u00e1s \u00e9s korrekt \u00e1rak. Rendelje meg most!","robots":{"index":"index","follow":"follow","max-snippet":"max-snippet:-1","max-image-preview":"max-image-preview:large","max-video-preview":"max-video-preview:-1"},"canonical":"https:\/\/chemgramx.com\/hu\/termek-1\/ecpla-l-tartrat-online-rendeles\/","og_locale":"hu_HU","og_type":"article","og_title":"ECPLA L-Tartrate Kaufen \u2013 H\u00f6chste Qualit\u00e4t | Chemgramx","og_description":"Kaufen Sie ECPLA L-Tartrate Pulver online bei Chemgramx. Laborgepr\u00fcft, \u226599% Reinheit, schnelle Lieferung und faire Preise. Jetzt bestellen!","og_url":"https:\/\/chemgramx.com\/hu\/termek-1\/ecpla-l-tartrat-online-rendeles\/","og_site_name":"Chemgramx","article_modified_time":"2025-12-11T01:05:13+00:00","og_image":[{"width":800,"height":600,"url":"https:\/\/chemgramx.com\/wp-content\/uploads\/2025\/12\/Buy-ECPLA-L-tartrate-online.webp","type":"image\/webp"}],"twitter_card":"summary_large_image","twitter_misc":{"Becs\u00fclt olvas\u00e1si id\u0151":"3 perc"},"schema":{"@context":"https:\/\/schema.org","@graph":[{"@type":"WebPage","@id":"https:\/\/chemgramx.com\/product\/ecpla-l-tartrate-online-bestellung\/","url":"https:\/\/chemgramx.com\/product\/ecpla-l-tartrate-online-bestellung\/","name":"ECPLA L-tartar\u00e1t v\u00e1s\u00e1rl\u00e1sa \u2013 Legmagasabb min\u0151s\u00e9g | Chemgramx","isPartOf":{"@id":"https:\/\/chemgramx.com\/#website"},"primaryImageOfPage":{"@id":"https:\/\/chemgramx.com\/product\/ecpla-l-tartrate-online-bestellung\/#primaryimage"},"image":{"@id":"https:\/\/chemgramx.com\/product\/ecpla-l-tartrate-online-bestellung\/#primaryimage"},"thumbnailUrl":"https:\/\/chemgramx.com\/wp-content\/uploads\/2025\/12\/Buy-ECPLA-L-tartrate-online.webp","datePublished":"2025-12-11T01:04:42+00:00","dateModified":"2025-12-11T01:05:13+00:00","description":"V\u00e1s\u00e1roljon ECPLA L-tartar\u00e1t port online a Chemgramx-t\u00f3l. Laborat\u00f3riumban tesztelt, \u226599%-os tisztas\u00e1g\u00fa, gyors sz\u00e1ll\u00edt\u00e1s \u00e9s korrekt \u00e1rak. Rendelje meg most!","breadcrumb":{"@id":"https:\/\/chemgramx.com\/product\/ecpla-l-tartrate-online-bestellung\/#breadcrumb"},"inLanguage":"hu","potentialAction":[{"@type":"ReadAction","target":["https:\/\/chemgramx.com\/product\/ecpla-l-tartrate-online-bestellung\/"]}]},{"@type":"ImageObject","inLanguage":"hu","@id":"https:\/\/chemgramx.com\/product\/ecpla-l-tartrate-online-bestellung\/#primaryimage","url":"https:\/\/chemgramx.com\/wp-content\/uploads\/2025\/12\/Buy-ECPLA-L-tartrate-online.webp","contentUrl":"https:\/\/chemgramx.com\/wp-content\/uploads\/2025\/12\/Buy-ECPLA-L-tartrate-online.webp","width":800,"height":600},{"@type":"BreadcrumbList","@id":"https:\/\/chemgramx.com\/product\/ecpla-l-tartrate-online-bestellung\/#breadcrumb","itemListElement":[{"@type":"ListItem","position":1,"name":"Home","item":"https:\/\/chemgramx.com\/"},{"@type":"ListItem","position":2,"name":"Shop","item":"https:\/\/chemgramx.com\/shop\/"},{"@type":"ListItem","position":3,"name":"ECPLA L-Tartrate Online Bestellung"}]},{"@type":"WebSite","@id":"https:\/\/chemgramx.com\/#website","url":"https:\/\/chemgramx.com\/","name":"Chemgramx","description":"","publisher":{"@id":"https:\/\/chemgramx.com\/#organization"},"potentialAction":[{"@type":"SearchAction","target":{"@type":"EntryPoint","urlTemplate":"https:\/\/chemgramx.com\/?s={search_term_string}"},"query-input":{"@type":"PropertyValueSpecification","valueRequired":true,"valueName":"search_term_string"}}],"inLanguage":"hu"},{"@type":"Organization","@id":"https:\/\/chemgramx.com\/#organization","name":"Chemgramx","url":"https:\/\/chemgramx.com\/","logo":{"@type":"ImageObject","inLanguage":"hu","@id":"https:\/\/chemgramx.com\/#\/schema\/logo\/image\/","url":"https:\/\/chemgramx.com\/wp-content\/uploads\/2024\/10\/final-logo.png","contentUrl":"https:\/\/chemgramx.com\/wp-content\/uploads\/2024\/10\/final-logo.png","width":250,"height":48,"caption":"Chemgramx"},"image":{"@id":"https:\/\/chemgramx.com\/#\/schema\/logo\/image\/"}}]}},"_links":{"self":[{"href":"https:\/\/chemgramx.com\/hu\/wp-json\/wp\/v2\/product\/8776","targetHints":{"allow":["GET"]}}],"collection":[{"href":"https:\/\/chemgramx.com\/hu\/wp-json\/wp\/v2\/product"}],"about":[{"href":"https:\/\/chemgramx.com\/hu\/wp-json\/wp\/v2\/types\/product"}],"replies":[{"embeddable":true,"href":"https:\/\/chemgramx.com\/hu\/wp-json\/wp\/v2\/comments?post=8776"}],"wp:featuredmedia":[{"embeddable":true,"href":"https:\/\/chemgramx.com\/hu\/wp-json\/wp\/v2\/media\/8794"}],"wp:attachment":[{"href":"https:\/\/chemgramx.com\/hu\/wp-json\/wp\/v2\/media?parent=8776"}],"wp:term":[{"taxonomy":"product_brand","embeddable":true,"href":"https:\/\/chemgramx.com\/hu\/wp-json\/wp\/v2\/product_brand?post=8776"},{"taxonomy":"product_cat","embeddable":true,"href":"https:\/\/chemgramx.com\/hu\/wp-json\/wp\/v2\/product_cat?post=8776"},{"taxonomy":"product_tag","embeddable":true,"href":"https:\/\/chemgramx.com\/hu\/wp-json\/wp\/v2\/product_tag?post=8776"}],"curies":[{"name":"wp","href":"https:\/\/api.w.org\/{rel}","templated":true}]}}