{"id":8783,"date":"2025-12-11T01:04:46","date_gmt":"2025-12-11T01:04:46","guid":{"rendered":"https:\/\/chemgramx.com\/?post_type=product&#038;p=8783"},"modified":"2025-12-11T01:06:00","modified_gmt":"2025-12-11T01:06:00","slug":"vasarolni-anonymous-180mg-mdma-online","status":"publish","type":"product","link":"https:\/\/chemgramx.com\/hu\/product\/anonymous-180mg-mdma-online-kaufen\/","title":{"rendered":"Anonymous 180mg MDMA online v\u00e1s\u00e1rl\u00e1s"},"content":{"rendered":"<h2 data-start=\"160\" data-end=\"198\">N\u00e9vtelen 180mg MDMA<\/h2>\n<h2 data-start=\"200\" data-end=\"218\">Mi az MDMA?<\/h2>\n<p data-start=\"219\" data-end=\"712\"><a href=\"https:\/\/chemgramx.com\/product\/anonymes-180-mg-mdma\/\">Anonymous 180mg MDMA online v\u00e1s\u00e1rl\u00e1s<\/a> egy gyakori keres\u00e9si lek\u00e9rdez\u00e9s az \u00e9rdekl\u0151d\u0151 felhaszn\u00e1l\u00f3k k\u00f6r\u00e9ben, akik kiv\u00e1l\u00f3 min\u0151s\u00e9g\u0171, ellen\u0151rz\u00f6tt forr\u00e1sokat keresnek. Az MDMA (3,4-metil\u00e9ndioxi-N-metilamfetamin) egy pszichoakt\u00edv anyag, amely euforikus \u00e9s empatog\u00e9n hat\u00e1sair\u00f3l ismert. Rekre\u00e1ci\u00f3s k\u00f6rnyezetben \u201eecstasy\u201d vagy \u201emolly\u201d n\u00e9ven ismertebb. Az olyan term\u00e9kek, mint az elad\u00f3 Anonymous 180mg MDMA, k\u00fcl\u00f6n\u00f6sen n\u00e9pszer\u0171ek azok k\u00f6r\u00e9ben a fogyaszt\u00f3k k\u00f6r\u00e9ben, akik \u00e9rt\u00e9kelik az adagol\u00e1s egy\u00e9rtelm\u0171s\u00e9g\u00e9t.<\/p>\n<h3 data-start=\"714\" data-end=\"786\">Mi\u00e9rt kell az MDMA-t a biztons\u00e1g \u00e9s a drogpolitika kontextus\u00e1ban megvitatni?<\/h3>\n<p data-start=\"787\" data-end=\"1153\">Az MDMA ir\u00e1nt nagy a k\u00f6zv\u00e9lem\u00e9ny \u00e9rdekl\u0151d\u00e9se, k\u00fcl\u00f6n\u00f6sen a szabadid\u0151s felhaszn\u00e1l\u00e1s ter\u00fclet\u00e9n. Az orvosi alkalmaz\u00e1sok ir\u00e1nt is egyre nagyobb a tudom\u00e1nyos \u00e9rdekl\u0151d\u00e9s, k\u00fcl\u00f6n\u00f6sen a PTSD (poszttraum\u00e1s stressz zavar) kezel\u00e9s\u00e9ben. Sokan k\u00edv\u00e1ncsiak arra is, hogy hol lehet biztons\u00e1gosan \u00e9s megb\u00edzhat\u00f3an, kock\u00e1zatv\u00e1llal\u00e1s n\u00e9lk\u00fcl v\u00e1s\u00e1rolni n\u00e9vtelen 180 mg MDMA-t.<\/p>\n<h3 data-start=\"1155\" data-end=\"1186\">Az MDMA k\u00e9miai profilja<\/h3>\n<p data-start=\"1187\" data-end=\"1248\">K\u00e9miai n\u00e9v:<\/p>\n<p data-start=\"1187\" data-end=\"1248\">3,4-Metil\u00e9ndioxi-N-metilamfetamin<\/p>\n<p data-start=\"1250\" data-end=\"1284\"><strong data-start=\"1250\" data-end=\"1282\">Szerkezet \u00e9s oszt\u00e1lyoz\u00e1s:<\/strong><\/p>\n<ul data-start=\"1285\" data-end=\"1419\">\n<li data-start=\"1285\" data-end=\"1336\">\n<p data-start=\"1287\" data-end=\"1336\">A fenetilamin \u00e9s az amfetamin oszt\u00e1lyba tartozik.<\/p>\n<\/li>\n<li data-start=\"1337\" data-end=\"1419\">\n<p data-start=\"1339\" data-end=\"1419\">Szerkezeti hasonl\u00f3s\u00e1gokat mutat mind a stimul\u00e1nsokkal, mind a pszichedelikus szerekkel.<\/p>\n<\/li>\n<\/ul>\n<p data-start=\"1421\" data-end=\"1454\"><strong data-start=\"1421\" data-end=\"1452\">Farmakol\u00f3giai aktivit\u00e1s:<\/strong><\/p>\n<ul data-start=\"1455\" data-end=\"1612\">\n<li data-start=\"1455\" data-end=\"1522\">\n<p data-start=\"1457\" data-end=\"1522\">El\u0151seg\u00edti a szerotonin, dopamin \u00e9s noradrenalin felszabadul\u00e1s\u00e1t.<\/p>\n<\/li>\n<li data-start=\"1523\" data-end=\"1612\">\n<p data-start=\"1525\" data-end=\"1612\">A kapcsol\u00f3d\u00e1s intenz\u00edv \u00e9rz\u00e9s\u00e9hez, fokozott tudatoss\u00e1ghoz \u00e9s euf\u00f3ri\u00e1hoz vezet.<\/p>\n<\/li>\n<\/ul>\n<p data-start=\"1614\" data-end=\"1731\">Azoknak a v\u00e1s\u00e1rl\u00f3knak, akik Anonymous 180mg MDMA-t szeretn\u00e9nek v\u00e1s\u00e1rolni online, mindig figyelni\u00fck kell a tisztas\u00e1gra \u00e9s az \u00f6sszet\u00e9telre.<\/p>\n<h3 data-start=\"1733\" data-end=\"1790\">Haszn\u00e1lat \u00e9s helytelen haszn\u00e1lat k\u00fcl\u00f6nb\u00f6z\u0151 kontextusokban<\/h3>\n<p data-start=\"1792\" data-end=\"2097\"><strong data-start=\"1792\" data-end=\"1811\">Szabadid\u0151s fogyaszt\u00e1s:<\/strong><br data-start=\"1811\" data-end=\"1814\" \/>Gyakran haszn\u00e1lj\u00e1k klubrendezv\u00e9nyeken, partikon vagy zenei fesztiv\u00e1lokon. A 180 mg-os adag magasnak sz\u00e1m\u00edt - a szok\u00e1sos adagok 75 \u00e9s 125 mg k\u00f6z\u00f6tt vannak. Ha Anonymous 180 mg MDMA-t szeretne v\u00e1s\u00e1rolni vagy Anonymous 180 mg MDMA-t rendelni, mindig k\u00f6vesse az adagol\u00e1si aj\u00e1nl\u00e1sokat.<\/p>\n<p data-start=\"2099\" data-end=\"2288\"><strong data-start=\"2099\" data-end=\"2123\">Klinikai kutat\u00e1s:<\/strong><br data-start=\"2123\" data-end=\"2126\" \/>Jelenleg olyan szervezetek kutatj\u00e1k, mint a MAPS (Multidisciplin\u00e1ris Pszichedelikus Tanulm\u00e1nyok Egyes\u00fclete), mint a poszttraum\u00e1s stressz szindr\u00f3ma vagy szorong\u00e1sos zavarok kezel\u00e9s\u00e9t.<\/p>\n<p data-start=\"2290\" data-end=\"2504\"><strong data-start=\"2290\" data-end=\"2323\">Nincs ipari alkalmaz\u00e1s:<\/strong><br data-start=\"2323\" data-end=\"2326\" \/>Az MDMA-nak nincs leg\u00e1lis ipari felhaszn\u00e1l\u00e1sa. Helytelen felhaszn\u00e1l\u00e1sa mag\u00e1ban foglalja az illeg\u00e1lis online kereskedelmet \u00e9s a felt\u00e9telezett ipari anyagk\u00e9nt val\u00f3 t\u00e9ves c\u00edmk\u00e9z\u00e9st.<\/p>\n<h3 data-start=\"2506\" data-end=\"2555\">Mi\u00e9rt pont 180 mg? Az adagol\u00e1si trendek \u00e1ttekint\u00e9se<\/h3>\n<ul data-start=\"2556\" data-end=\"2922\">\n<li data-start=\"2556\" data-end=\"2693\">\n<p data-start=\"2558\" data-end=\"2693\">Egyes felhaszn\u00e1l\u00f3k \u00fagy v\u00e9lik, hogy a nagyobb d\u00f3zisok intenz\u00edvebb vagy hosszabb ideig tart\u00f3 hat\u00e1sokat okoznak \u2013 de ez nagyobb kock\u00e1zatokkal j\u00e1r.<\/p>\n<\/li>\n<li data-start=\"2694\" data-end=\"2810\">\n<p data-start=\"2696\" data-end=\"2810\">Dawki powy\u017cej 180 mg mog\u0105 zwi\u0119ksza\u0107 ryzyko wyst\u0105pienia zespo\u0142u serotoninowego, hipertermii, l\u0119ku i odwodnienia.<\/p>\n<\/li>\n<li data-start=\"2811\" data-end=\"2922\">\n<p data-start=\"2813\" data-end=\"2922\">A szak\u00e9rt\u0151k azt javasolj\u00e1k, hogy alacsonyabb adagokkal kezdj\u00e9k, k\u00fcl\u00f6n\u00f6sen, ha a term\u00e9k tisztas\u00e1ga ismeretlen.<\/p>\n<\/li>\n<\/ul>\n<p data-start=\"2924\" data-end=\"3043\">Ez a tan\u00e1cs k\u00fcl\u00f6n\u00f6sen azokra a v\u00e1s\u00e1rl\u00f3kra vonatkozik, akik a legjobb helyet keresik az Anonymous 180 mg MDMA online v\u00e1s\u00e1rl\u00e1s\u00e1hoz.<\/p>\n<h3 data-start=\"3045\" data-end=\"3083\">Az MDMA online v\u00e1s\u00e1rl\u00e1s\u00e1nak kock\u00e1zatai<\/h3>\n<p data-start=\"3084\" data-end=\"3292\"><strong data-start=\"3084\" data-end=\"3112\">Szab\u00e1lyozatlan anyagok:<\/strong><br data-start=\"3112\" data-end=\"3115\" \/>Az online v\u00e1s\u00e1rolt term\u00e9kek, mint p\u00e9ld\u00e1ul az Anonymous 180 mg MDMA, vesz\u00e9lyes adal\u00e9kanyagokkal, p\u00e9ld\u00e1ul szintetikus katinonokkal (\u201ef\u00fcrd\u0151s\u00f3k\u201c) vagy PMA-val szennyezettek lehetnek.<\/p>\n<p data-start=\"3294\" data-end=\"3424\"><strong data-start=\"3294\" data-end=\"3323\">Nincs min\u0151s\u00e9gellen\u0151rz\u00e9s:<\/strong><br data-start=\"3323\" data-end=\"3326\" \/>A tisztas\u00e1g \u00e9s az adagol\u00e1s nem garant\u00e1lt \u2013 a s\u00falyos mell\u00e9khat\u00e1sok kock\u00e1zata megn\u0151.<\/p>\n<p data-start=\"3426\" data-end=\"3664\"><strong data-start=\"3426\" data-end=\"3454\">Jogi k\u00f6vetkezm\u00e9nyek:<\/strong><br data-start=\"3454\" data-end=\"3457\" \/>Birtokl\u00e1sa vagy megv\u00e1s\u00e1rl\u00e1sa <a href=\"https:\/\/en.wikipedia.org\/wiki\/MDMA\">MDMA<\/a> sok orsz\u00e1gban b\u0171ncselekm\u00e9ny. Azoknak a v\u00e1s\u00e1rl\u00f3knak, akik n\u00e9vtelen\u00fcl, megb\u00edzhat\u00f3 kutat\u00f3forr\u00e1sb\u00f3l szeretn\u00e9nek online v\u00e1s\u00e1rolni 180 mg MDMA-t, ez\u00e9rt t\u00e1j\u00e9koz\u00f3dniuk kell a helyi jogi helyzetr\u0151l.<\/p>\n<h3 data-start=\"3666\" data-end=\"3716\">K\u00e1rcs\u00f6kkent\u00e9s \u00e9s biztons\u00e1gosabb fogyaszt\u00e1si gyakorlatok<\/h3>\n<ul data-start=\"3717\" data-end=\"4211\">\n<li data-start=\"3717\" data-end=\"3845\">\n<p data-start=\"3719\" data-end=\"3845\"><strong data-start=\"3719\" data-end=\"3739\">Anyagvizsg\u00e1lat:<\/strong> A tisztas\u00e1g ellen\u0151rz\u00e9s\u00e9ben seg\u00edthetnek a reagensvizsg\u00e1latok (pl. Marquis- vagy Ehrlich-teszt).<\/p>\n<\/li>\n<li data-start=\"3846\" data-end=\"3953\">\n<p data-start=\"3848\" data-end=\"3953\"><strong data-start=\"3848\" data-end=\"3884\">Hidrat\u00e1l\u00e1s \u00e9s h\u0151m\u00e9rs\u00e9klet-szab\u00e1lyoz\u00e1s:<\/strong> Igy\u00e1l sok vizet, de ker\u00fcld a t\u00falzott folyad\u00e9kbevitelt.<\/p>\n<\/li>\n<li data-start=\"3954\" data-end=\"4061\">\n<p data-start=\"3956\" data-end=\"4061\"><strong data-start=\"3956\" data-end=\"3988\">Nincs vegyes fogyaszt\u00e1si gyakorlat:<\/strong> Alkohollal vagy stimul\u00e1nsokkal kombin\u00e1lva jelent\u0151sen megn\u00f6veli a kock\u00e1zatot.<\/p>\n<\/li>\n<li data-start=\"4062\" data-end=\"4211\">\n<p data-start=\"4064\" data-end=\"4211\"><strong data-start=\"4064\" data-end=\"4099\">Ford\u00edtson figyelmet a ment\u00e1lis eg\u00e9szs\u00e9gre:<\/strong> A szorong\u00e1sos zavarokkal, depresszi\u00f3val vagy sz\u00edv- \u00e9s \u00e9rrendszeri betegs\u00e9gekkel k\u00fczd\u0151knek tart\u00f3zkodniuk kell a fogyaszt\u00e1s\u00e1t\u00f3l.<\/p>\n<\/li>\n<\/ul>\n<h3>K\u00f6zeg\u00e9szs\u00e9g\u00fcgy \u00e9s politika<\/h3>\n<ul data-start=\"4253\" data-end=\"4683\">\n<li data-start=\"4253\" data-end=\"4357\">\n<p data-start=\"4255\" data-end=\"4357\"><strong data-start=\"4255\" data-end=\"4283\">K\u00e9r\u00e9s a felvil\u00e1gos\u00edt\u00e1s\u00e9rt:<\/strong> A bizony\u00edt\u00e9kokon alapul\u00f3 drogfelvil\u00e1gos\u00edt\u00e1s hat\u00e9konyabb, mint a puszta elrettent\u00e9s.<\/p>\n<\/li>\n<li data-start=\"4358\" data-end=\"4514\">\n<p data-start=\"4360\" data-end=\"4514\"><strong data-start=\"4360\" data-end=\"4410\">Mozgalom a legaliz\u00e1l\u00e1s fel\u00e9 ter\u00e1pi\u00e1s kontextusban:<\/strong> Az MDMA-val t\u00e1mogatott pszichoter\u00e1pi\u00e1val kapcsolatos tanulm\u00e1nyok \u00edg\u00e9retes eredm\u00e9nyeket mutatnak, k\u00fcl\u00f6n\u00f6sen a poszttraum\u00e1s stressz szindr\u00f3ma (PTSD) eset\u00e9ben.<\/p>\n<\/li>\n<li data-start=\"4515\" data-end=\"4683\">\n<p data-start=\"4517\" data-end=\"4683\"><strong data-start=\"4517\" data-end=\"4556\">A kiegyens\u00falyozott drogpolitika mellett:<\/strong> A dekriminaliz\u00e1ci\u00f3, a szab\u00e1lyoz\u00e1s \u00e9s az oktat\u00e1si programok seg\u00edtenek cs\u00f6kkenteni a b\u00e1ntalmaz\u00e1st \u00e9s az eg\u00e9szs\u00e9g\u00fcgyi kock\u00e1zatokat.<\/p>\n<\/li>\n<\/ul>\n<h3 data-start=\"4685\" data-end=\"4695\">K\u00f6vetkeztet\u00e9s<\/h3>\n<p data-start=\"4696\" data-end=\"5081\">Ha online szeretne v\u00e1s\u00e1rolni Anonymous 180mg MDMA-t, fontosnak kell tartania az ellen\u0151rz\u00f6tt forr\u00e1sokat \u00e9s a biztons\u00e1got. Az Anonymous 180mg MDMA \u00e1ra a sz\u00e1ll\u00edt\u00f3t\u00f3l f\u00fcgg\u0151en v\u00e1ltozhat, ez\u00e9rt \u00e9rdemes \u00f6sszehasonl\u00edtani a k\u00fcl\u00f6nb\u00f6z\u0151 lehet\u0151s\u00e9geket. Fontos, hogy a v\u00e1s\u00e1rl\u00f3k a legjobb helyet v\u00e1lassz\u00e1k az Anonymous 180mg MDMA online v\u00e1s\u00e1rl\u00e1s\u00e1hoz, hogy elker\u00fclj\u00e9k a hamis\u00edt\u00e1s \u00e9s a jogi probl\u00e9m\u00e1k kock\u00e1zat\u00e1t.<\/p>\n<p data-start=\"5083\" data-end=\"5272\">Ak\u00e1r Anonym 180mg MDMA-t szeretne eladni, ak\u00e1r Anonym 180mg MDMA-t szeretne rendelni, az els\u0151dleges szempont mindig a biztons\u00e1g, a tisztas\u00e1g \u00e9s a megalapozott d\u00f6nt\u00e9s kell, hogy legyen.<\/p>","protected":false},"excerpt":{"rendered":"<p>N\u00e9vtelen <strong>180mg MDMA<\/strong> minden adagban tisztas\u00e1got \u00e9s hat\u00e9konys\u00e1got biztos\u00edt. Ezek a tablett\u00e1k gondosan \u00f6ssze\u00e1ll\u00edtottak a hosszan tart\u00f3 hat\u00e1s, a hangulat \u00e9s az energia fokoz\u00e1sa \u00e9rdek\u00e9ben, t\u00f6k\u00e9letes t\u00e1rsas esem\u00e9nyekhez vagy szem\u00e9lyes kikapcsol\u00f3d\u00e1shoz. Minden egyes t\u00e9tel szigor\u00fa min\u0151s\u00e9gellen\u0151rz\u00e9sen esik \u00e1t, hogy minden egyes haszn\u00e1lat sor\u00e1n biztos\u00edtsa a biztons\u00e1got \u00e9s a megb\u00edzhat\u00f3s\u00e1got.<\/p>","protected":false},"featured_media":8795,"comment_status":"open","ping_status":"closed","template":"","meta":{"_joinchat":[]},"product_brand":[],"product_cat":[2846],"product_tag":[1782,1790,1780,1787,1781,1789,1788,1785,1786,1783,1784],"class_list":{"0":"post-8783","1":"product","2":"type-product","3":"status-publish","4":"has-post-thumbnail","6":"product_cat-ecstasy-pills","7":"product_tag-180mg-mdma-for-sale","8":"product_tag-180mg-mdma-pills","9":"product_tag-anonymous-180mg-mdma","10":"product_tag-anonymous-mdma-tablets","11":"product_tag-buy-anonymous-mdma","12":"product_tag-buy-mdma-online","13":"product_tag-mdma-chemical","14":"product_tag-mdma-online","15":"product_tag-mdma-pills","16":"product_tag-mdma-tablets","17":"product_tag-research-chemicals","19":"first","20":"instock","21":"shipping-taxable","22":"purchasable","23":"product-type-variable"},"yoast_head":"<!-- This site is optimized with the Yoast SEO plugin v27.5 - https:\/\/yoast.com\/product\/yoast-seo-wordpress\/ -->\n<title>Anonymes 180 mg MDMA zu verkaufen | Chemgramx<\/title>\n<meta name=\"description\" content=\"Unser Shop hat anonymes 180 mg MDMA zu erschwinglichen Preisen zu verkaufen. Wenn Sie anonymes 180 mg MDMA online kaufen m\u00f6chten, kontaktieren Sie uns jetzt. Erwarten Sie die Bestellung bald!\" \/>\n<meta name=\"robots\" content=\"index, follow, max-snippet:-1, max-image-preview:large, max-video-preview:-1\" \/>\n<link rel=\"canonical\" href=\"https:\/\/chemgramx.com\/hu\/termek-1\/vasarolni-anonymous-180mg-mdma-online\/\" \/>\n<meta property=\"og:locale\" content=\"hu_HU\" \/>\n<meta property=\"og:type\" content=\"article\" \/>\n<meta property=\"og:title\" content=\"Anonymes 180 mg MDMA zu verkaufen | Chemgramx\" \/>\n<meta property=\"og:description\" content=\"Unser Shop hat anonymes 180 mg MDMA zu erschwinglichen Preisen zu verkaufen. Wenn Sie anonymes 180 mg MDMA online kaufen m\u00f6chten, kontaktieren Sie uns jetzt. Erwarten Sie die Bestellung bald!\" \/>\n<meta property=\"og:url\" content=\"https:\/\/chemgramx.com\/hu\/termek-1\/vasarolni-anonymous-180mg-mdma-online\/\" \/>\n<meta property=\"og:site_name\" content=\"Chemgramx\" \/>\n<meta property=\"article:modified_time\" content=\"2025-12-11T01:06:00+00:00\" \/>\n<meta property=\"og:image\" content=\"https:\/\/chemgramx.com\/wp-content\/uploads\/2025\/12\/p2.png\" \/>\n\t<meta property=\"og:image:width\" content=\"600\" \/>\n\t<meta property=\"og:image:height\" content=\"400\" \/>\n\t<meta property=\"og:image:type\" content=\"image\/png\" \/>\n<meta name=\"twitter:card\" content=\"summary_large_image\" \/>\n<meta name=\"twitter:label1\" content=\"Becs\u00fclt olvas\u00e1si id\u0151\" \/>\n\t<meta name=\"twitter:data1\" content=\"3 perc\" \/>\n<script type=\"application\/ld+json\" class=\"yoast-schema-graph\">{\"@context\":\"https:\\\/\\\/schema.org\",\"@graph\":[{\"@type\":\"WebPage\",\"@id\":\"https:\\\/\\\/chemgramx.com\\\/product\\\/anonymous-180mg-mdma-online-kaufen\\\/\",\"url\":\"https:\\\/\\\/chemgramx.com\\\/product\\\/anonymous-180mg-mdma-online-kaufen\\\/\",\"name\":\"Anonymes 180 mg MDMA zu verkaufen | Chemgramx\",\"isPartOf\":{\"@id\":\"https:\\\/\\\/chemgramx.com\\\/#website\"},\"primaryImageOfPage\":{\"@id\":\"https:\\\/\\\/chemgramx.com\\\/product\\\/anonymous-180mg-mdma-online-kaufen\\\/#primaryimage\"},\"image\":{\"@id\":\"https:\\\/\\\/chemgramx.com\\\/product\\\/anonymous-180mg-mdma-online-kaufen\\\/#primaryimage\"},\"thumbnailUrl\":\"https:\\\/\\\/chemgramx.com\\\/wp-content\\\/uploads\\\/2025\\\/12\\\/p2.png\",\"datePublished\":\"2025-12-11T01:04:46+00:00\",\"dateModified\":\"2025-12-11T01:06:00+00:00\",\"description\":\"Unser Shop hat anonymes 180 mg MDMA zu erschwinglichen Preisen zu verkaufen. Wenn Sie anonymes 180 mg MDMA online kaufen m\u00f6chten, kontaktieren Sie uns jetzt. Erwarten Sie die Bestellung bald!\",\"breadcrumb\":{\"@id\":\"https:\\\/\\\/chemgramx.com\\\/product\\\/anonymous-180mg-mdma-online-kaufen\\\/#breadcrumb\"},\"inLanguage\":\"hu\",\"potentialAction\":[{\"@type\":\"ReadAction\",\"target\":[\"https:\\\/\\\/chemgramx.com\\\/product\\\/anonymous-180mg-mdma-online-kaufen\\\/\"]}]},{\"@type\":\"ImageObject\",\"inLanguage\":\"hu\",\"@id\":\"https:\\\/\\\/chemgramx.com\\\/product\\\/anonymous-180mg-mdma-online-kaufen\\\/#primaryimage\",\"url\":\"https:\\\/\\\/chemgramx.com\\\/wp-content\\\/uploads\\\/2025\\\/12\\\/p2.png\",\"contentUrl\":\"https:\\\/\\\/chemgramx.com\\\/wp-content\\\/uploads\\\/2025\\\/12\\\/p2.png\",\"width\":600,\"height\":400},{\"@type\":\"BreadcrumbList\",\"@id\":\"https:\\\/\\\/chemgramx.com\\\/product\\\/anonymous-180mg-mdma-online-kaufen\\\/#breadcrumb\",\"itemListElement\":[{\"@type\":\"ListItem\",\"position\":1,\"name\":\"Home\",\"item\":\"https:\\\/\\\/chemgramx.com\\\/\"},{\"@type\":\"ListItem\",\"position\":2,\"name\":\"Shop\",\"item\":\"https:\\\/\\\/chemgramx.com\\\/shop\\\/\"},{\"@type\":\"ListItem\",\"position\":3,\"name\":\"Anonymous 180mg MDMA online kaufen\"}]},{\"@type\":\"WebSite\",\"@id\":\"https:\\\/\\\/chemgramx.com\\\/#website\",\"url\":\"https:\\\/\\\/chemgramx.com\\\/\",\"name\":\"Chemgramx\",\"description\":\"\",\"publisher\":{\"@id\":\"https:\\\/\\\/chemgramx.com\\\/#organization\"},\"potentialAction\":[{\"@type\":\"SearchAction\",\"target\":{\"@type\":\"EntryPoint\",\"urlTemplate\":\"https:\\\/\\\/chemgramx.com\\\/?s={search_term_string}\"},\"query-input\":{\"@type\":\"PropertyValueSpecification\",\"valueRequired\":true,\"valueName\":\"search_term_string\"}}],\"inLanguage\":\"hu\"},{\"@type\":\"Organization\",\"@id\":\"https:\\\/\\\/chemgramx.com\\\/#organization\",\"name\":\"Chemgramx\",\"url\":\"https:\\\/\\\/chemgramx.com\\\/\",\"logo\":{\"@type\":\"ImageObject\",\"inLanguage\":\"hu\",\"@id\":\"https:\\\/\\\/chemgramx.com\\\/#\\\/schema\\\/logo\\\/image\\\/\",\"url\":\"https:\\\/\\\/chemgramx.com\\\/wp-content\\\/uploads\\\/2024\\\/10\\\/final-logo.png\",\"contentUrl\":\"https:\\\/\\\/chemgramx.com\\\/wp-content\\\/uploads\\\/2024\\\/10\\\/final-logo.png\",\"width\":250,\"height\":48,\"caption\":\"Chemgramx\"},\"image\":{\"@id\":\"https:\\\/\\\/chemgramx.com\\\/#\\\/schema\\\/logo\\\/image\\\/\"}}]}<\/script>\n<!-- \/ Yoast SEO plugin. -->","yoast_head_json":{"title":"Anonymous 180 mg MDMA elad\u00f3 | Chemgramx","description":"\u00dczlet\u00fcnkben n\u00e9vtelen 180 mg MDMA elad\u00f3 megfizethet\u0151 \u00e1ron. Ha anonymous 180 mg MDMA-t szeretne v\u00e1s\u00e1rolni online, l\u00e9pjen kapcsolatba vel\u00fcnk most. V\u00e1rja a megrendel\u00e9st hamarosan!","robots":{"index":"index","follow":"follow","max-snippet":"max-snippet:-1","max-image-preview":"max-image-preview:large","max-video-preview":"max-video-preview:-1"},"canonical":"https:\/\/chemgramx.com\/hu\/termek-1\/vasarolni-anonymous-180mg-mdma-online\/","og_locale":"hu_HU","og_type":"article","og_title":"Anonymes 180 mg MDMA zu verkaufen | Chemgramx","og_description":"Unser Shop hat anonymes 180 mg MDMA zu erschwinglichen Preisen zu verkaufen. Wenn Sie anonymes 180 mg MDMA online kaufen m\u00f6chten, kontaktieren Sie uns jetzt. Erwarten Sie die Bestellung bald!","og_url":"https:\/\/chemgramx.com\/hu\/termek-1\/vasarolni-anonymous-180mg-mdma-online\/","og_site_name":"Chemgramx","article_modified_time":"2025-12-11T01:06:00+00:00","og_image":[{"width":600,"height":400,"url":"https:\/\/chemgramx.com\/wp-content\/uploads\/2025\/12\/p2.png","type":"image\/png"}],"twitter_card":"summary_large_image","twitter_misc":{"Becs\u00fclt olvas\u00e1si id\u0151":"3 perc"},"schema":{"@context":"https:\/\/schema.org","@graph":[{"@type":"WebPage","@id":"https:\/\/chemgramx.com\/product\/anonymous-180mg-mdma-online-kaufen\/","url":"https:\/\/chemgramx.com\/product\/anonymous-180mg-mdma-online-kaufen\/","name":"Anonymous 180 mg MDMA elad\u00f3 | Chemgramx","isPartOf":{"@id":"https:\/\/chemgramx.com\/#website"},"primaryImageOfPage":{"@id":"https:\/\/chemgramx.com\/product\/anonymous-180mg-mdma-online-kaufen\/#primaryimage"},"image":{"@id":"https:\/\/chemgramx.com\/product\/anonymous-180mg-mdma-online-kaufen\/#primaryimage"},"thumbnailUrl":"https:\/\/chemgramx.com\/wp-content\/uploads\/2025\/12\/p2.png","datePublished":"2025-12-11T01:04:46+00:00","dateModified":"2025-12-11T01:06:00+00:00","description":"\u00dczlet\u00fcnkben n\u00e9vtelen 180 mg MDMA elad\u00f3 megfizethet\u0151 \u00e1ron. Ha anonymous 180 mg MDMA-t szeretne v\u00e1s\u00e1rolni online, l\u00e9pjen kapcsolatba vel\u00fcnk most. V\u00e1rja a megrendel\u00e9st hamarosan!","breadcrumb":{"@id":"https:\/\/chemgramx.com\/product\/anonymous-180mg-mdma-online-kaufen\/#breadcrumb"},"inLanguage":"hu","potentialAction":[{"@type":"ReadAction","target":["https:\/\/chemgramx.com\/product\/anonymous-180mg-mdma-online-kaufen\/"]}]},{"@type":"ImageObject","inLanguage":"hu","@id":"https:\/\/chemgramx.com\/product\/anonymous-180mg-mdma-online-kaufen\/#primaryimage","url":"https:\/\/chemgramx.com\/wp-content\/uploads\/2025\/12\/p2.png","contentUrl":"https:\/\/chemgramx.com\/wp-content\/uploads\/2025\/12\/p2.png","width":600,"height":400},{"@type":"BreadcrumbList","@id":"https:\/\/chemgramx.com\/product\/anonymous-180mg-mdma-online-kaufen\/#breadcrumb","itemListElement":[{"@type":"ListItem","position":1,"name":"Home","item":"https:\/\/chemgramx.com\/"},{"@type":"ListItem","position":2,"name":"Shop","item":"https:\/\/chemgramx.com\/shop\/"},{"@type":"ListItem","position":3,"name":"Anonymous 180mg MDMA online kaufen"}]},{"@type":"WebSite","@id":"https:\/\/chemgramx.com\/#website","url":"https:\/\/chemgramx.com\/","name":"Chemgramx","description":"","publisher":{"@id":"https:\/\/chemgramx.com\/#organization"},"potentialAction":[{"@type":"SearchAction","target":{"@type":"EntryPoint","urlTemplate":"https:\/\/chemgramx.com\/?s={search_term_string}"},"query-input":{"@type":"PropertyValueSpecification","valueRequired":true,"valueName":"search_term_string"}}],"inLanguage":"hu"},{"@type":"Organization","@id":"https:\/\/chemgramx.com\/#organization","name":"Chemgramx","url":"https:\/\/chemgramx.com\/","logo":{"@type":"ImageObject","inLanguage":"hu","@id":"https:\/\/chemgramx.com\/#\/schema\/logo\/image\/","url":"https:\/\/chemgramx.com\/wp-content\/uploads\/2024\/10\/final-logo.png","contentUrl":"https:\/\/chemgramx.com\/wp-content\/uploads\/2024\/10\/final-logo.png","width":250,"height":48,"caption":"Chemgramx"},"image":{"@id":"https:\/\/chemgramx.com\/#\/schema\/logo\/image\/"}}]}},"_links":{"self":[{"href":"https:\/\/chemgramx.com\/hu\/wp-json\/wp\/v2\/product\/8783","targetHints":{"allow":["GET"]}}],"collection":[{"href":"https:\/\/chemgramx.com\/hu\/wp-json\/wp\/v2\/product"}],"about":[{"href":"https:\/\/chemgramx.com\/hu\/wp-json\/wp\/v2\/types\/product"}],"replies":[{"embeddable":true,"href":"https:\/\/chemgramx.com\/hu\/wp-json\/wp\/v2\/comments?post=8783"}],"wp:featuredmedia":[{"embeddable":true,"href":"https:\/\/chemgramx.com\/hu\/wp-json\/wp\/v2\/media\/8795"}],"wp:attachment":[{"href":"https:\/\/chemgramx.com\/hu\/wp-json\/wp\/v2\/media?parent=8783"}],"wp:term":[{"taxonomy":"product_brand","embeddable":true,"href":"https:\/\/chemgramx.com\/hu\/wp-json\/wp\/v2\/product_brand?post=8783"},{"taxonomy":"product_cat","embeddable":true,"href":"https:\/\/chemgramx.com\/hu\/wp-json\/wp\/v2\/product_cat?post=8783"},{"taxonomy":"product_tag","embeddable":true,"href":"https:\/\/chemgramx.com\/hu\/wp-json\/wp\/v2\/product_tag?post=8783"}],"curies":[{"name":"wp","href":"https:\/\/api.w.org\/{rel}","templated":true}]}}