{"id":8784,"date":"2025-12-11T01:04:46","date_gmt":"2025-12-11T01:04:46","guid":{"rendered":"https:\/\/chemgramx.com\/?post_type=product&#038;p=8784"},"modified":"2025-12-11T01:06:00","modified_gmt":"2025-12-11T01:06:00","slug":"energeticka-exploze-s-bab-195mg-mdma-vasarolni-online","status":"publish","type":"product","link":"https:\/\/chemgramx.com\/hu\/product\/energeticka-exploze-s-beans-195mg-mdma-online-kaufen\/","title":{"rendered":"Energetick\u00e1 exploze s Beans 195mg MDMA online v\u00e1s\u00e1rl\u00e1s"},"content":{"rendered":"<h2 data-start=\"192\" data-end=\"280\">V\u00e1s\u00e1roljon Beans Domino MDMA 134 mg-ot online \u2013 \u00c1tfog\u00f3 \u00fatmutat\u00f3 t\u00e1j\u00e9kozott v\u00e1s\u00e1rl\u00f3knak<\/h2>\n<p data-start=\"298\" data-end=\"629\"><a href=\"https:\/\/chemgramx.com\/product\/beans-195mg-mdma\/\">Tapasztalja meg az intenzit\u00e1st a Beans Domino MDMA 134 mg online v\u00e1s\u00e1rl\u00e1ssal<\/a> kiegyens\u00falyozott hat\u00e9konys\u00e1g\u00e1nak \u00e9s k\u00f6zismerten tisztas\u00e1g\u00e1nak k\u00f6sz\u00f6nhet\u0151en h\u00edrnevet szerzett a rajong\u00f3k k\u00f6r\u00e9ben. Ez a term\u00e9k gyeng\u00e9d, euforikus hat\u00e1sair\u00f3l ismert, \u00e9s azoknak sz\u00f3l, akik egy felemel\u0151 \u00e9lm\u00e9nyre v\u00e1gynak, amely fokozza a t\u00e1rsas \u00e9s \u00e9rz\u00e9kszervi \u00e9rz\u00e9kel\u00e9st.<\/p>\n<p data-start=\"631\" data-end=\"934\">A klasszikus v\u00e1ltozatok mellett a v\u00e1s\u00e1rl\u00f3k egyre ink\u00e1bb \u00e9rdekl\u0151dnek m\u00e1s k\u00e9sz\u00edtm\u00e9nyek, p\u00e9ld\u00e1ul a Beans 195mg MDMA ir\u00e1nt is. Sokan szeretn\u00e9k tudni, hogy hol lehet biztons\u00e1gosan Beans 195mg MDMA-t v\u00e1s\u00e1rolni, vagy online rendelni, valamint hogy hol a legjobb online forr\u00e1s a Beans 195mg MDMA beszerz\u00e9s\u00e9hez.<\/p>\n<p data-start=\"936\" data-end=\"1133\">Ez az \u00fatmutat\u00f3 minden fontos inform\u00e1ci\u00f3t tartalmaz, amit tudnia kell a Beans Domino MDMA 134 mg online v\u00e1s\u00e1rl\u00e1sa el\u0151tt, hogy biztons\u00e1gos \u00e9s t\u00e1j\u00e9kozott d\u00f6nt\u00e9st hozhasson.<\/p>\n<h3 data-start=\"1135\" data-end=\"1192\">Mi\u00e9rt olyan n\u00e9pszer\u0171 a Beans Domino MDMA 134 mg online?<\/h3>\n<p data-start=\"1193\" data-end=\"1630\">A Beans Domino ir\u00e1nti nagy kereslet <a href=\"https:\/\/en.wikipedia.org\/wiki\/MDMA\">MDMA<\/a> A 134 mg-os online \u00e1r az \u00e1lland\u00f3 adagol\u00e1snak \u00e9s a pozit\u00edv v\u00e9lem\u00e9nyeknek k\u00f6sz\u00f6nhet\u0151. A Beans 195mg MDMA v\u00e1s\u00e1rl\u00e1s\u00e1hoz hasonl\u00f3an a term\u00e9ket is gyakran dics\u00e9rik tisztas\u00e1g\u00e1\u00e9rt \u00e9s \u00e1llag\u00e1\u00e9rt. Sokan kifejezetten a Beans 195mg MDMA \u00e1r\u00e1ra keresnek r\u00e1, vagy azt k\u00e9rdezik magukt\u00f3l, hogy hol lehet Beans 195mg MDMA-t v\u00e1s\u00e1rolni, hogy hiteles \u00e9s ellen\u0151rz\u00f6tt forr\u00e1st tal\u00e1ljanak.<\/p>\n<h3 data-start=\"1632\" data-end=\"1677\">Mi teszi egyediv\u00e9 a Beans Domino MDMA-t?<\/h3>\n<p data-start=\"1678\" data-end=\"2102\">A Beans Domino MDMA-t a pontos, 134 mg-os adagol\u00e1s jellemzi, amely kezd\u0151k \u00e9s tapasztalt felhaszn\u00e1l\u00f3k sz\u00e1m\u00e1ra egyar\u00e1nt alkalmas. Ugyanakkor a gy\u00e1rt\u00f3k er\u0151sebb alternat\u00edv\u00e1kat is k\u00edn\u00e1lnak, mint p\u00e9ld\u00e1ul a Beans 195mg MDMA elad\u00f3. Aki k\u00edv\u00e1ncsi arra, hogy van-e megb\u00edzhat\u00f3 lehet\u0151s\u00e9g, csak megb\u00edzhat\u00f3 forr\u00e1sokb\u00f3l v\u00e1s\u00e1roljon Beans 195mg MDMA-t online, vagy rendeljen Beans 195mg MDMA-t ellen\u0151rz\u00f6tt keresked\u0151kt\u0151l.<\/p>\n<h3 data-start=\"2104\" data-end=\"2134\">K\u00e9miai \u00f6sszet\u00e9tel<\/h3>\n<p data-start=\"2135\" data-end=\"2499\">Minden egyes tabletta k\u00f6r\u00fclbel\u00fcl 134 mg gy\u00f3gyszer\u00e9szeti tisztas\u00e1g\u00fa 3,4-metil\u00e9ndioxi-metamfetamint (MDMA) tartalmaz, k\u00e1ros szennyez\u0151d\u00e9sekt\u0151l \u00e9s t\u00f6lt\u0151anyagokt\u00f3l mentesen. F\u00fcggetlen tesztek gyakran meger\u0151s\u00edtik e tablett\u00e1k tisztas\u00e1g\u00e1t \u00e9s \u00e1llag\u00e1t. \u00d6sszehasonl\u00edthat\u00f3 tesztek vonatkoznak az olyan term\u00e9kekre is, mint a Beans 195mg MDMA online v\u00e1s\u00e1rl\u00e1s, amelyeket neves keresked\u0151k k\u00edn\u00e1lnak.<\/p>\n<h3 data-start=\"2501\" data-end=\"2540\">Hat\u00e1sok \u00e9s aj\u00e1nlott adagol\u00e1s<\/h3>\n<p data-start=\"2541\" data-end=\"2560\">Tipikus hat\u00e1sok:<\/p>\n<ul data-start=\"2561\" data-end=\"2712\">\n<li data-start=\"2561\" data-end=\"2594\">\n<p data-start=\"2563\" data-end=\"2594\">Euf\u00f3ria \u00e9s \u00e9rzelmi melegs\u00e9g<\/p>\n<\/li>\n<li data-start=\"2595\" data-end=\"2632\">\n<p data-start=\"2597\" data-end=\"2632\">Fokozott emp\u00e1tia \u00e9s szociabilit\u00e1s<\/p>\n<\/li>\n<li data-start=\"2633\" data-end=\"2676\">\n<p data-start=\"2635\" data-end=\"2676\">Fokozott zenei \u00e9s \u00e9rz\u00e9kszervi \u00e9rz\u00e9kel\u00e9s<\/p>\n<\/li>\n<li data-start=\"2677\" data-end=\"2712\">\n<p data-start=\"2679\" data-end=\"2712\">K\u00f6nny\u0171 fizikai stimul\u00e1ci\u00f3<\/p>\n<\/li>\n<\/ul>\n<p data-start=\"2714\" data-end=\"2739\">Adagol\u00e1si aj\u00e1nl\u00e1sok:<\/p>\n<ul data-start=\"2740\" data-end=\"2872\">\n<li data-start=\"2740\" data-end=\"2777\">\n<p data-start=\"2742\" data-end=\"2777\">Kezd\u0151: f\u00e9l tabletta (~67 mg)<\/p>\n<\/li>\n<li data-start=\"2778\" data-end=\"2823\">\n<p data-start=\"2780\" data-end=\"2823\">Tapasztalt felhaszn\u00e1l\u00f3k: eg\u00e9sz tabletta (134 mg)<\/p>\n<\/li>\n<li data-start=\"2824\" data-end=\"2872\">\n<p data-start=\"2826\" data-end=\"2872\">\u00d3vatos ut\u00f3lagos adagol\u00e1s 1,5-2 \u00f3ra ut\u00e1n<\/p>\n<\/li>\n<\/ul>\n<p data-start=\"2874\" data-end=\"3001\">Aki er\u0151sebb v\u00e1ltozatokat, p\u00e9ld\u00e1ul a Beans 195mg MDMA-t online szeretn\u00e9 v\u00e1s\u00e1rolni, annak k\u00fcl\u00f6n\u00f6sen \u00f3vatosnak kell lennie az adagol\u00e1ssal.<\/p>\n<h3 data-start=\"3003\" data-end=\"3065\">Biztons\u00e1gos online v\u00e1s\u00e1rolni a Beans Domino MDMA 134 mg-ot?<\/h3>\n<p data-start=\"3066\" data-end=\"3379\">Az MDMA online v\u00e1s\u00e1rl\u00e1sakor a biztons\u00e1g a legfontosabb. Ugyanez vonatkozik az olyan term\u00e9kekre is, mint a Beans 195mg MDMA elad\u00f3. Csak olyan j\u00f3 h\u00edr\u0171 elad\u00f3kn\u00e1l v\u00e1s\u00e1roljon, amelyek \u00e1tl\u00e1that\u00f3s\u00e1got biztos\u00edtanak. Sok v\u00e1s\u00e1rl\u00f3 kifejezetten a legjobb helyet keresi a Beans 195mg MDMA online v\u00e1s\u00e1rl\u00e1s\u00e1hoz, hogy elker\u00fclje a hamis\u00edt\u00e1s kock\u00e1zat\u00e1t.<\/p>\n<h3 data-start=\"3381\" data-end=\"3400\">\u00c1r \u00e1ttekint\u00e9s<\/h3>\n<p data-start=\"3401\" data-end=\"3453\">A Beans Domino MDMA 134 mg \u00e1rai elt\u00e9r\u0151ek:<\/p>\n<ul data-start=\"3454\" data-end=\"3583\">\n<li data-start=\"3454\" data-end=\"3486\">\n<p data-start=\"3456\" data-end=\"3486\">Egy tabletta: 15-25 USD<\/p>\n<\/li>\n<li data-start=\"3487\" data-end=\"3533\">\n<p data-start=\"3489\" data-end=\"3533\">Mennyis\u00e9gi rendel\u00e9sek: 12-18 USD per tabletta<\/p>\n<\/li>\n<li data-start=\"3534\" data-end=\"3583\">\n<p data-start=\"3536\" data-end=\"3583\">T\u00f6meges rendel\u00e9sek (50+): 8-12 USD\/tabletta<\/p>\n<\/li>\n<\/ul>\n<p data-start=\"3585\" data-end=\"3791\">Ugyanez vonatkozik a Beans 195mg MDMA \u00e1r\u00e1ra is, amely a sz\u00e1ll\u00edt\u00f3t\u00f3l \u00e9s a rendel\u00e9si mennyis\u00e9gt\u0151l f\u00fcgg\u0151en ingadozhat. A piac alapos vizsg\u00e1lata seg\u00edthet megtal\u00e1lni a Beans 195mg MDMA legjobb \u00e1r\u00e1t.<\/p>\n<h3 data-start=\"3793\" data-end=\"3803\">K\u00f6vetkeztet\u00e9s<\/h3>\n<p data-start=\"3804\" data-end=\"4226\">A Beans Domino MDMA 134mg kiegyens\u00falyozott \u00e9s megb\u00edzhat\u00f3 MDMA-\u00e9lm\u00e9nyt ny\u00fajt, amely egyes\u00edti a hat\u00e9konys\u00e1got a min\u0151s\u00e9gellen\u0151rz\u00e9ssel. Az alternat\u00edv\u00e1kat keres\u0151 v\u00e1s\u00e1rl\u00f3k sz\u00e1m\u00e1ra az olyan term\u00e9kek is \u00e9rdekesek, mint a Beans 195mg MDMA online v\u00e1s\u00e1rl\u00e1sa. Ak\u00e1r Beans 195mg MDMA-t szeretne rendelni, ak\u00e1r Beans 195mg MDMA-t szeretne v\u00e1s\u00e1rolni online egy megb\u00edzhat\u00f3 kutat\u00e1si forr\u00e1sb\u00f3l, fontos, hogy a sz\u00e1ll\u00edt\u00f3 j\u00f3 h\u00edr\u0171 legyen \u00e9s bizony\u00edtott min\u0151s\u00e9get sz\u00e1ll\u00edtson.<\/p>","protected":false},"excerpt":{"rendered":"<p><strong>Bab 195 mg MDMA<\/strong>\u00a0egy tabletta a tiszta \u00e9s intenz\u00edv \u00e9lm\u00e9ny\u00e9rt. 195 mg kiv\u00e1l\u00f3 min\u0151s\u00e9g\u0171 MDMA-t tartalmaz, ide\u00e1lis t\u00e1ncos rendezv\u00e9nyekhez, fesztiv\u00e1lokhoz vagy m\u00e9ly relax\u00e1ci\u00f3hoz. Minden egyes t\u00e9tel szigor\u00fa tesztel\u00e9sen megy kereszt\u00fcl a biztons\u00e1g, a konzisztencia \u00e9s a maxim\u00e1lis hat\u00e1s biztos\u00edt\u00e1sa \u00e9rdek\u00e9ben. T\u00f6k\u00e9letes v\u00e1laszt\u00e1s mindenkinek, aki hosszan tart\u00f3 euf\u00f3ri\u00e1ra \u00e9s kapcsolatra v\u00e1gyik.<\/p>","protected":false},"featured_media":8819,"comment_status":"open","ping_status":"closed","template":"","meta":{"_joinchat":[]},"product_brand":[],"product_cat":[2846],"product_tag":[2505,2508,2507,1791,2504,2506,2011,2017,2164,2018,2015],"class_list":{"0":"post-8784","1":"product","2":"type-product","3":"status-publish","4":"has-post-thumbnail","6":"product_cat-ecstasy-pills","7":"product_tag-195mg-mdma","8":"product_tag-195mg-mdma-kaufen","9":"product_tag-beans-195mg-kaufen","10":"product_tag-beans-195mg-mdma","11":"product_tag-beans-mdma","12":"product_tag-mdma-195mg","13":"product_tag-mdma-kaufen","14":"product_tag-mdma-kristalle","15":"product_tag-mdma-online-kaufen","16":"product_tag-mdma-zum-verkauf","17":"product_tag-synthetische-drogen","19":"first","20":"instock","21":"shipping-taxable","22":"purchasable","23":"product-type-variable"},"yoast_head":"<!-- This site is optimized with the Yoast SEO plugin v27.5 - https:\/\/yoast.com\/product\/yoast-seo-wordpress\/ -->\n<title>Bohnen 195mg MDMA Verkauf | Kaufen Sie MDMA-Tabletten online<\/title>\n<meta name=\"description\" content=\"Kaufen Sie Bohnen 195 mg MDMA \u2013 hochwertige 195 mg MDMA-Tabletten. Sicher, getestet und versandbereit. Bestellen Sie noch heute f\u00fcr ein intensives Erlebnis!\" \/>\n<meta name=\"robots\" content=\"index, follow, max-snippet:-1, max-image-preview:large, max-video-preview:-1\" \/>\n<link rel=\"canonical\" href=\"https:\/\/chemgramx.com\/hu\/termek-1\/energeticka-exploze-s-bab-195mg-mdma-vasarolni-online\/\" \/>\n<meta property=\"og:locale\" content=\"hu_HU\" \/>\n<meta property=\"og:type\" content=\"article\" \/>\n<meta property=\"og:title\" content=\"Bohnen 195mg MDMA Verkauf | Kaufen Sie MDMA-Tabletten online\" \/>\n<meta property=\"og:description\" content=\"Kaufen Sie Bohnen 195 mg MDMA \u2013 hochwertige 195 mg MDMA-Tabletten. Sicher, getestet und versandbereit. Bestellen Sie noch heute f\u00fcr ein intensives Erlebnis!\" \/>\n<meta property=\"og:url\" content=\"https:\/\/chemgramx.com\/hu\/termek-1\/energeticka-exploze-s-bab-195mg-mdma-vasarolni-online\/\" \/>\n<meta property=\"og:site_name\" content=\"Chemgramx\" \/>\n<meta property=\"article:modified_time\" content=\"2025-12-11T01:06:00+00:00\" \/>\n<meta property=\"og:image\" content=\"https:\/\/chemgramx.com\/wp-content\/uploads\/2025\/12\/p3.png\" \/>\n\t<meta property=\"og:image:width\" content=\"600\" \/>\n\t<meta property=\"og:image:height\" content=\"400\" \/>\n\t<meta property=\"og:image:type\" content=\"image\/png\" \/>\n<meta name=\"twitter:card\" content=\"summary_large_image\" \/>\n<meta name=\"twitter:label1\" content=\"Becs\u00fclt olvas\u00e1si id\u0151\" \/>\n\t<meta name=\"twitter:data1\" content=\"3 perc\" \/>\n<script type=\"application\/ld+json\" class=\"yoast-schema-graph\">{\"@context\":\"https:\\\/\\\/schema.org\",\"@graph\":[{\"@type\":\"WebPage\",\"@id\":\"https:\\\/\\\/chemgramx.com\\\/product\\\/energeticka-exploze-s-beans-195mg-mdma-online-kaufen\\\/\",\"url\":\"https:\\\/\\\/chemgramx.com\\\/product\\\/energeticka-exploze-s-beans-195mg-mdma-online-kaufen\\\/\",\"name\":\"Bohnen 195mg MDMA Verkauf | Kaufen Sie MDMA-Tabletten online\",\"isPartOf\":{\"@id\":\"https:\\\/\\\/chemgramx.com\\\/#website\"},\"primaryImageOfPage\":{\"@id\":\"https:\\\/\\\/chemgramx.com\\\/product\\\/energeticka-exploze-s-beans-195mg-mdma-online-kaufen\\\/#primaryimage\"},\"image\":{\"@id\":\"https:\\\/\\\/chemgramx.com\\\/product\\\/energeticka-exploze-s-beans-195mg-mdma-online-kaufen\\\/#primaryimage\"},\"thumbnailUrl\":\"https:\\\/\\\/chemgramx.com\\\/wp-content\\\/uploads\\\/2025\\\/12\\\/p3.png\",\"datePublished\":\"2025-12-11T01:04:46+00:00\",\"dateModified\":\"2025-12-11T01:06:00+00:00\",\"description\":\"Kaufen Sie Bohnen 195 mg MDMA \u2013 hochwertige 195 mg MDMA-Tabletten. Sicher, getestet und versandbereit. Bestellen Sie noch heute f\u00fcr ein intensives Erlebnis!\",\"breadcrumb\":{\"@id\":\"https:\\\/\\\/chemgramx.com\\\/product\\\/energeticka-exploze-s-beans-195mg-mdma-online-kaufen\\\/#breadcrumb\"},\"inLanguage\":\"hu\",\"potentialAction\":[{\"@type\":\"ReadAction\",\"target\":[\"https:\\\/\\\/chemgramx.com\\\/product\\\/energeticka-exploze-s-beans-195mg-mdma-online-kaufen\\\/\"]}]},{\"@type\":\"ImageObject\",\"inLanguage\":\"hu\",\"@id\":\"https:\\\/\\\/chemgramx.com\\\/product\\\/energeticka-exploze-s-beans-195mg-mdma-online-kaufen\\\/#primaryimage\",\"url\":\"https:\\\/\\\/chemgramx.com\\\/wp-content\\\/uploads\\\/2025\\\/12\\\/p3.png\",\"contentUrl\":\"https:\\\/\\\/chemgramx.com\\\/wp-content\\\/uploads\\\/2025\\\/12\\\/p3.png\",\"width\":600,\"height\":400},{\"@type\":\"BreadcrumbList\",\"@id\":\"https:\\\/\\\/chemgramx.com\\\/product\\\/energeticka-exploze-s-beans-195mg-mdma-online-kaufen\\\/#breadcrumb\",\"itemListElement\":[{\"@type\":\"ListItem\",\"position\":1,\"name\":\"Home\",\"item\":\"https:\\\/\\\/chemgramx.com\\\/\"},{\"@type\":\"ListItem\",\"position\":2,\"name\":\"Shop\",\"item\":\"https:\\\/\\\/chemgramx.com\\\/shop\\\/\"},{\"@type\":\"ListItem\",\"position\":3,\"name\":\"Energetick\u00e1 exploze s Beans 195mg MDMA online kaufen\"}]},{\"@type\":\"WebSite\",\"@id\":\"https:\\\/\\\/chemgramx.com\\\/#website\",\"url\":\"https:\\\/\\\/chemgramx.com\\\/\",\"name\":\"Chemgramx\",\"description\":\"\",\"publisher\":{\"@id\":\"https:\\\/\\\/chemgramx.com\\\/#organization\"},\"potentialAction\":[{\"@type\":\"SearchAction\",\"target\":{\"@type\":\"EntryPoint\",\"urlTemplate\":\"https:\\\/\\\/chemgramx.com\\\/?s={search_term_string}\"},\"query-input\":{\"@type\":\"PropertyValueSpecification\",\"valueRequired\":true,\"valueName\":\"search_term_string\"}}],\"inLanguage\":\"hu\"},{\"@type\":\"Organization\",\"@id\":\"https:\\\/\\\/chemgramx.com\\\/#organization\",\"name\":\"Chemgramx\",\"url\":\"https:\\\/\\\/chemgramx.com\\\/\",\"logo\":{\"@type\":\"ImageObject\",\"inLanguage\":\"hu\",\"@id\":\"https:\\\/\\\/chemgramx.com\\\/#\\\/schema\\\/logo\\\/image\\\/\",\"url\":\"https:\\\/\\\/chemgramx.com\\\/wp-content\\\/uploads\\\/2024\\\/10\\\/final-logo.png\",\"contentUrl\":\"https:\\\/\\\/chemgramx.com\\\/wp-content\\\/uploads\\\/2024\\\/10\\\/final-logo.png\",\"width\":250,\"height\":48,\"caption\":\"Chemgramx\"},\"image\":{\"@id\":\"https:\\\/\\\/chemgramx.com\\\/#\\\/schema\\\/logo\\\/image\\\/\"}}]}<\/script>\n<!-- \/ Yoast SEO plugin. -->","yoast_head_json":{"title":"Bab 195 mg MDMA akci\u00f3 | MDMA tablett\u00e1k v\u00e1s\u00e1rl\u00e1sa online","description":"V\u00e1s\u00e1roljon Bohnen 195 mg MDMA-t \u2013 kiv\u00e1l\u00f3 min\u0151s\u00e9g\u0171 195 mg MDMA tablett\u00e1kat. Biztons\u00e1gos, tesztelt \u00e9s sz\u00e1ll\u00edt\u00e1sra k\u00e9sz. Rendelje meg m\u00e9g ma egy intenz\u00edv \u00e9lm\u00e9ny\u00e9rt!","robots":{"index":"index","follow":"follow","max-snippet":"max-snippet:-1","max-image-preview":"max-image-preview:large","max-video-preview":"max-video-preview:-1"},"canonical":"https:\/\/chemgramx.com\/hu\/termek-1\/energeticka-exploze-s-bab-195mg-mdma-vasarolni-online\/","og_locale":"hu_HU","og_type":"article","og_title":"Bohnen 195mg MDMA Verkauf | Kaufen Sie MDMA-Tabletten online","og_description":"Kaufen Sie Bohnen 195 mg MDMA \u2013 hochwertige 195 mg MDMA-Tabletten. Sicher, getestet und versandbereit. Bestellen Sie noch heute f\u00fcr ein intensives Erlebnis!","og_url":"https:\/\/chemgramx.com\/hu\/termek-1\/energeticka-exploze-s-bab-195mg-mdma-vasarolni-online\/","og_site_name":"Chemgramx","article_modified_time":"2025-12-11T01:06:00+00:00","og_image":[{"width":600,"height":400,"url":"https:\/\/chemgramx.com\/wp-content\/uploads\/2025\/12\/p3.png","type":"image\/png"}],"twitter_card":"summary_large_image","twitter_misc":{"Becs\u00fclt olvas\u00e1si id\u0151":"3 perc"},"schema":{"@context":"https:\/\/schema.org","@graph":[{"@type":"WebPage","@id":"https:\/\/chemgramx.com\/product\/energeticka-exploze-s-beans-195mg-mdma-online-kaufen\/","url":"https:\/\/chemgramx.com\/product\/energeticka-exploze-s-beans-195mg-mdma-online-kaufen\/","name":"Bab 195 mg MDMA akci\u00f3 | MDMA tablett\u00e1k v\u00e1s\u00e1rl\u00e1sa online","isPartOf":{"@id":"https:\/\/chemgramx.com\/#website"},"primaryImageOfPage":{"@id":"https:\/\/chemgramx.com\/product\/energeticka-exploze-s-beans-195mg-mdma-online-kaufen\/#primaryimage"},"image":{"@id":"https:\/\/chemgramx.com\/product\/energeticka-exploze-s-beans-195mg-mdma-online-kaufen\/#primaryimage"},"thumbnailUrl":"https:\/\/chemgramx.com\/wp-content\/uploads\/2025\/12\/p3.png","datePublished":"2025-12-11T01:04:46+00:00","dateModified":"2025-12-11T01:06:00+00:00","description":"V\u00e1s\u00e1roljon Bohnen 195 mg MDMA-t \u2013 kiv\u00e1l\u00f3 min\u0151s\u00e9g\u0171 195 mg MDMA tablett\u00e1kat. Biztons\u00e1gos, tesztelt \u00e9s sz\u00e1ll\u00edt\u00e1sra k\u00e9sz. Rendelje meg m\u00e9g ma egy intenz\u00edv \u00e9lm\u00e9ny\u00e9rt!","breadcrumb":{"@id":"https:\/\/chemgramx.com\/product\/energeticka-exploze-s-beans-195mg-mdma-online-kaufen\/#breadcrumb"},"inLanguage":"hu","potentialAction":[{"@type":"ReadAction","target":["https:\/\/chemgramx.com\/product\/energeticka-exploze-s-beans-195mg-mdma-online-kaufen\/"]}]},{"@type":"ImageObject","inLanguage":"hu","@id":"https:\/\/chemgramx.com\/product\/energeticka-exploze-s-beans-195mg-mdma-online-kaufen\/#primaryimage","url":"https:\/\/chemgramx.com\/wp-content\/uploads\/2025\/12\/p3.png","contentUrl":"https:\/\/chemgramx.com\/wp-content\/uploads\/2025\/12\/p3.png","width":600,"height":400},{"@type":"BreadcrumbList","@id":"https:\/\/chemgramx.com\/product\/energeticka-exploze-s-beans-195mg-mdma-online-kaufen\/#breadcrumb","itemListElement":[{"@type":"ListItem","position":1,"name":"Home","item":"https:\/\/chemgramx.com\/"},{"@type":"ListItem","position":2,"name":"Shop","item":"https:\/\/chemgramx.com\/shop\/"},{"@type":"ListItem","position":3,"name":"Energetick\u00e1 exploze s Beans 195mg MDMA online kaufen"}]},{"@type":"WebSite","@id":"https:\/\/chemgramx.com\/#website","url":"https:\/\/chemgramx.com\/","name":"Chemgramx","description":"","publisher":{"@id":"https:\/\/chemgramx.com\/#organization"},"potentialAction":[{"@type":"SearchAction","target":{"@type":"EntryPoint","urlTemplate":"https:\/\/chemgramx.com\/?s={search_term_string}"},"query-input":{"@type":"PropertyValueSpecification","valueRequired":true,"valueName":"search_term_string"}}],"inLanguage":"hu"},{"@type":"Organization","@id":"https:\/\/chemgramx.com\/#organization","name":"Chemgramx","url":"https:\/\/chemgramx.com\/","logo":{"@type":"ImageObject","inLanguage":"hu","@id":"https:\/\/chemgramx.com\/#\/schema\/logo\/image\/","url":"https:\/\/chemgramx.com\/wp-content\/uploads\/2024\/10\/final-logo.png","contentUrl":"https:\/\/chemgramx.com\/wp-content\/uploads\/2024\/10\/final-logo.png","width":250,"height":48,"caption":"Chemgramx"},"image":{"@id":"https:\/\/chemgramx.com\/#\/schema\/logo\/image\/"}}]}},"_links":{"self":[{"href":"https:\/\/chemgramx.com\/hu\/wp-json\/wp\/v2\/product\/8784","targetHints":{"allow":["GET"]}}],"collection":[{"href":"https:\/\/chemgramx.com\/hu\/wp-json\/wp\/v2\/product"}],"about":[{"href":"https:\/\/chemgramx.com\/hu\/wp-json\/wp\/v2\/types\/product"}],"replies":[{"embeddable":true,"href":"https:\/\/chemgramx.com\/hu\/wp-json\/wp\/v2\/comments?post=8784"}],"wp:featuredmedia":[{"embeddable":true,"href":"https:\/\/chemgramx.com\/hu\/wp-json\/wp\/v2\/media\/8819"}],"wp:attachment":[{"href":"https:\/\/chemgramx.com\/hu\/wp-json\/wp\/v2\/media?parent=8784"}],"wp:term":[{"taxonomy":"product_brand","embeddable":true,"href":"https:\/\/chemgramx.com\/hu\/wp-json\/wp\/v2\/product_brand?post=8784"},{"taxonomy":"product_cat","embeddable":true,"href":"https:\/\/chemgramx.com\/hu\/wp-json\/wp\/v2\/product_cat?post=8784"},{"taxonomy":"product_tag","embeddable":true,"href":"https:\/\/chemgramx.com\/hu\/wp-json\/wp\/v2\/product_tag?post=8784"}],"curies":[{"name":"wp","href":"https:\/\/api.w.org\/{rel}","templated":true}]}}