{"id":8785,"date":"2025-12-11T01:04:47","date_gmt":"2025-12-11T01:04:47","guid":{"rendered":"https:\/\/chemgramx.com\/?post_type=product&#038;p=8785"},"modified":"2025-12-11T01:06:01","modified_gmt":"2025-12-11T01:06:01","slug":"blue-punisher-220mg-mdma-online-vasarlas","status":"publish","type":"product","link":"https:\/\/chemgramx.com\/hu\/product\/blue-punisher-220mg-mdma-online-kaufen\/","title":{"rendered":"BLUE PUNISHER 220MG MDMA Online v\u00e1s\u00e1rl\u00e1s"},"content":{"rendered":"<h2 data-start=\"161\" data-end=\"232\">V\u00e1s\u00e1roljon BLUE PUNISHER 220MG MDMA-t online megb\u00edzhat\u00f3 kutat\u00e1si forr\u00e1sb\u00f3l<\/h2>\n<p data-start=\"234\" data-end=\"336\">V\u00e1s\u00e1roljon BLUE PUNISHER 220MG MDMA-t online \u2013 Pr\u00e9mium min\u0151s\u00e9g kognit\u00edv \u00e9s \u00e9rzelmi kutat\u00e1sokhoz<\/p>\n<p data-start=\"338\" data-end=\"841\">Vil\u00e1gszerte n\u00f6vekszik az innovat\u00edv kutat\u00e1si \u00e9s kognit\u00edv fejleszt\u00e9si anyagok ir\u00e1nti kereslet. Sz\u00e1mos kutat\u00f3 \u00e9s laborat\u00f3rium keres kiv\u00e1l\u00f3 min\u0151s\u00e9g\u0171 term\u00e9keket a hangulat, az emp\u00e1tia \u00e9s az \u00e9rz\u00e9kel\u00e9s tanulm\u00e1nyoz\u00e1s\u00e1ra. Az egyik legismertebb term\u00e9k ezen a ter\u00fcleten a <a href=\"https:\/\/chemgramx.com\/product\/blue-punisher-220-mg-mdma\/\">BLUE PUNISHER 220MG MDMA elad\u00f3<\/a>, \u00e9rt\u00e9kelik a hat\u00e9konys\u00e1ga, tisztas\u00e1ga \u00e9s megb\u00edzhat\u00f3 hat\u00e1sa miatt. Ha azt tervezi, hogy v\u00e1s\u00e1rolni BLUE PUNISHER 220MG MDMA online, PVPgrams a legjobb hely, hogy v\u00e1s\u00e1rolni BLUE PUNISHER 220MG MDMA online.<\/p>\n<h3 data-start=\"843\" data-end=\"881\">Mi volt a BLUE PUNISHER 220MG MDMA?<\/h3>\n<p data-start=\"883\" data-end=\"1369\">A BLUE PUNISHER 220MG MDMA a 3,4-metil\u00e9ndioxi-N-metilamfetamin (<a href=\"https:\/\/en.wikipedia.org\/wiki\/MDMA\">MDMA<\/a>), amely empatog\u00e9n, euforikus \u00e9s stimul\u00e1l\u00f3 hat\u00e1sair\u00f3l ismert. Minden egys\u00e9g 220 mg hat\u00f3anyagot tartalmaz, ami megb\u00edzhat\u00f3 adagol\u00e1st \u00e9s er\u0151teljes, de kontroll\u00e1lhat\u00f3 \u00e9lm\u00e9nyt tesz lehet\u0151v\u00e9. A kutat\u00f3k, akik BLUE PUNISHER 220MG MDMA-t v\u00e1s\u00e1rolnak online, k\u00fcl\u00f6n\u00f6sen \u00e9rt\u00e9kelik a neurotranszmitterek felszabadul\u00e1s\u00e1val, a szoci\u00e1lis k\u00f6t\u0151d\u00e9ssel \u00e9s a kognit\u00edv hat\u00e1sokkal kapcsolatos vizsg\u00e1latokhoz.<\/p>\n<h3 data-start=\"1371\" data-end=\"1411\">Hogyan m\u0171k\u00f6dik a BLUE PUNISHER 220MG MDMA?<\/h3>\n<p data-start=\"1413\" data-end=\"1552\">A hat\u00e1s a szerotonin, a dopamin \u00e9s a noradrenalin fokozott felszabadul\u00e1s\u00e1n alapul az agyban. Ez al\u00e1t\u00e1masztja a k\u00f6vetkez\u0151 kutat\u00e1sokat:<\/p>\n<ul data-start=\"1554\" data-end=\"1693\">\n<li data-start=\"1554\" data-end=\"1591\">\n<p data-start=\"1556\" data-end=\"1591\">Jobb hangulat \u00e9s energia<\/p>\n<\/li>\n<li data-start=\"1592\" data-end=\"1630\">\n<p data-start=\"1594\" data-end=\"1630\">\u00c9rzelmi nyitotts\u00e1g \u00e9s emp\u00e1tia<\/p>\n<\/li>\n<li data-start=\"1631\" data-end=\"1693\">\n<p data-start=\"1633\" data-end=\"1693\">Neurok\u00e9miai folyamatok, amelyek el\u0151seg\u00edtik a t\u00e1rsas interakci\u00f3t<\/p>\n<\/li>\n<\/ul>\n<p data-start=\"1695\" data-end=\"1833\">Ez teszi a BLUE PUNISHER 220MG MDMA elad\u00f3v\u00e1 ide\u00e1lis a viselked\u00e9s, a megismer\u00e9s \u00e9s az \u00e9rzelmi szab\u00e1lyoz\u00e1s tanulm\u00e1nyoz\u00e1s\u00e1ra.<\/p>\n<h3 data-start=\"1835\" data-end=\"1877\">A BLUE PUNISHER 220MG MDMA el\u0151nyei<\/h3>\n<ul data-start=\"1879\" data-end=\"2195\">\n<li data-start=\"1879\" data-end=\"1958\">\n<p data-start=\"1881\" data-end=\"1958\">Egyenletes adagol\u00e1s (220 mg) \u2013 ide\u00e1lis a prec\u00edz kutat\u00e1si eredm\u00e9nyekhez<\/p>\n<\/li>\n<li data-start=\"1959\" data-end=\"2025\">\n<p data-start=\"1961\" data-end=\"2025\">Nagy tisztas\u00e1g\u00fa \u2013 minden t\u00e9tel laborat\u00f3riumi tesztel\u00e9sen esik \u00e1t<\/p>\n<\/li>\n<li data-start=\"2026\" data-end=\"2098\">\n<p data-start=\"2028\" data-end=\"2098\">Stabil hat\u00e1s \u2013 lehet\u0151v\u00e9 teszi az ism\u00e9telhet\u0151 kutat\u00e1si eredm\u00e9nyeket<\/p>\n<\/li>\n<li data-start=\"2099\" data-end=\"2195\">\n<p data-start=\"2101\" data-end=\"2195\">Vonz\u00f3 BLUE PUNISHER 220MG MDMA \u00e1r \u2013 versenyk\u00e9pes a kutat\u00f3int\u00e9zetek sz\u00e1m\u00e1ra<\/p>\n<\/li>\n<\/ul>\n<h3 data-start=\"2197\" data-end=\"2266\">BLUE PUNISHER 220MG MDMA v\u00e1s\u00e1rl\u00e1sa \u2013 Mire kell figyelni\u00fck a kutat\u00f3knak<\/h3>\n<p data-start=\"2268\" data-end=\"2364\">Ha BLUE PUNISHER 220MG MDMA rendel\u00e9s\u00e9t fontolgatja, gy\u0151z\u0151dj\u00f6n meg arr\u00f3l, hogy a sz\u00e1ll\u00edt\u00f3:<\/p>\n<ul data-start=\"2366\" data-end=\"2579\">\n<li data-start=\"2366\" data-end=\"2420\">\n<p data-start=\"2368\" data-end=\"2420\">Laborat\u00f3riumi tesztekkel garant\u00e1lt, tan\u00fas\u00edtott tisztas\u00e1g<\/p>\n<\/li>\n<li data-start=\"2421\" data-end=\"2464\">\n<p data-start=\"2423\" data-end=\"2464\">Biztons\u00e1gos \u00e9s diszkr\u00e9t sz\u00e1ll\u00edt\u00e1st k\u00edn\u00e1l<\/p>\n<\/li>\n<li data-start=\"2465\" data-end=\"2510\">\n<p data-start=\"2467\" data-end=\"2510\">\u00c1tl\u00e1that\u00f3 term\u00e9kinform\u00e1ci\u00f3kat ny\u00fajt<\/p>\n<\/li>\n<li data-start=\"2511\" data-end=\"2579\">\n<p data-start=\"2513\" data-end=\"2579\">Pozit\u00edv visszajelz\u00e9st tud mutatni a kutat\u00f3i k\u00f6z\u00f6ss\u00e9gt\u0151l<\/p>\n<\/li>\n<\/ul>\n<p data-start=\"2581\" data-end=\"2677\">Ezek fontos krit\u00e9riumok, amikor eld\u00f6nti, hogy hol v\u00e1s\u00e1roljon BLUE PUNISHER 220MG MDMA-t.<\/p>\n<h3 data-start=\"2679\" data-end=\"2703\">Jogi nyilatkozat<\/h3>\n<p data-start=\"2705\" data-end=\"3069\">Az MDMA jogi st\u00e1tusza vil\u00e1gszerte v\u00e1ltoz\u00f3. A legt\u00f6bb orsz\u00e1gban ellen\u0151rz\u00f6tt anyagnak sz\u00e1m\u00edt, \u00e9s haszn\u00e1lata csak tudom\u00e1nyos c\u00e9lokra enged\u00e9lyezett. A PVPgrams a BLUE PUNISHER 220MG MDMA-t kiz\u00e1r\u00f3lag kutat\u00e1si \u00e9s laborat\u00f3riumi c\u00e9lokra k\u00edn\u00e1lja elad\u00e1sra. A v\u00e1s\u00e1rl\u00f3k k\u00f6telesek t\u00e1j\u00e9koz\u00f3dni a helyi jogi szab\u00e1lyoz\u00e1sr\u00f3l.<\/p>\n<h3 data-start=\"3071\" data-end=\"3113\">Rendel\u00e9s BLUE PUNISHER 220MG MDMA online<\/h3>\n<p data-start=\"3115\" data-end=\"3401\">K\u00e9szen \u00e1ll a projekt megkezd\u00e9s\u00e9re? Most megv\u00e1s\u00e1rolhatod a BLUE PUNISHER 220MG MDMA-t online a PVPgramsn\u00e1l. A bizony\u00edtott min\u0151s\u00e9ggel, gyors sz\u00e1ll\u00edt\u00e1ssal \u00e9s diszkr\u00e9t sz\u00e1ll\u00edt\u00e1ssal a PVPgrams a megb\u00edzhat\u00f3 partnered \u00e9s a legjobb hely, ahol BLUE PUNISHER 220MG MDMA-t v\u00e1s\u00e1rolhatsz online.<\/p>\n<p data-start=\"3403\" data-end=\"3513\">ChemGramx - a megb\u00edzhat\u00f3 sz\u00e1ll\u00edt\u00f3ja a BLUE PUNISHER 220MG MDMA \u00e9s kiv\u00e1l\u00f3 min\u0151s\u00e9g\u0171 kutat\u00e1si anyagok sz\u00e1m\u00e1ra.<\/p>","protected":false},"excerpt":{"rendered":"<p><strong><span style=\"vertical-align: inherit;\"><span style=\"vertical-align: inherit;\">Blue Punisher 220mg MDMA<\/span><\/span><\/strong><span style=\"vertical-align: inherit;\"><span style=\"vertical-align: inherit;\"> egy 220 mg MDMA-tartalm\u00fa tabletta, amely maxim\u00e1lis hat\u00e1st \u00e9s optim\u00e1lis \u00e1r-\u00e9rt\u00e9k ar\u00e1nyt k\u00edn\u00e1l. T\u00f6k\u00e9letes nyaral\u00e1shoz, ide\u00e1lis fesztiv\u00e1lokra, de sok m\u00e1s projekthez is. A tesztel\u00e9s el\u0151tt meg kell \u00e1llapodnia a tesztel\u00e9ssel. A teljes pr\u00e9mium tabletta m\u00e1r nem kaphat\u00f3.<\/span><\/span><\/p>","protected":false},"featured_media":8820,"comment_status":"open","ping_status":"closed","template":"","meta":{"_joinchat":[]},"product_brand":[],"product_cat":[2846],"product_tag":[2187,2383,2385,2382,2188,2384,2017,2164,2018,2015],"class_list":{"0":"post-8785","1":"product","2":"type-product","3":"status-publish","4":"has-post-thumbnail","6":"product_cat-ecstasy-pills","7":"product_tag-220mg-mdma","8":"product_tag-blue-punisher-220mg","9":"product_tag-blue-punisher-kaufen","10":"product_tag-blue-punisher-mdma","11":"product_tag-mdma-220mg-kaufen","12":"product_tag-mdma-blue-punisher","13":"product_tag-mdma-kristalle","14":"product_tag-mdma-online-kaufen","15":"product_tag-mdma-zum-verkauf","16":"product_tag-synthetische-drogen","18":"first","19":"instock","20":"shipping-taxable","21":"purchasable","22":"product-type-variable"},"yoast_head":"<!-- This site is optimized with the Yoast SEO plugin v27.5 - https:\/\/yoast.com\/product\/yoast-seo-wordpress\/ -->\n<title>BLUE PUNISHER 220 MG MDMA online Kaufen | chemgramx<\/title>\n<meta name=\"description\" content=\"Sie k\u00f6nnen Blue Punisher 220 mg MDMA online zu den besten Preisen in unserem Chemgramx-Onlineshop kaufen. Wir haben g\u00fcnstiges und hochwertiges Blue Punisher 220 mg MDMA im Angebot und liefern weltweit. Sie k\u00f6nnen jederzeit und \u00fcberall bestellen.\" \/>\n<meta name=\"robots\" content=\"index, follow, max-snippet:-1, max-image-preview:large, max-video-preview:-1\" \/>\n<link rel=\"canonical\" href=\"https:\/\/chemgramx.com\/hu\/termek-1\/blue-punisher-220mg-mdma-online-vasarlas\/\" \/>\n<meta property=\"og:locale\" content=\"hu_HU\" \/>\n<meta property=\"og:type\" content=\"article\" \/>\n<meta property=\"og:title\" content=\"BLUE PUNISHER 220 MG MDMA online Kaufen | chemgramx\" \/>\n<meta property=\"og:description\" content=\"Sie k\u00f6nnen Blue Punisher 220 mg MDMA online zu den besten Preisen in unserem Chemgramx-Onlineshop kaufen. Wir haben g\u00fcnstiges und hochwertiges Blue Punisher 220 mg MDMA im Angebot und liefern weltweit. Sie k\u00f6nnen jederzeit und \u00fcberall bestellen.\" \/>\n<meta property=\"og:url\" content=\"https:\/\/chemgramx.com\/hu\/termek-1\/blue-punisher-220mg-mdma-online-vasarlas\/\" \/>\n<meta property=\"og:site_name\" content=\"Chemgramx\" \/>\n<meta property=\"article:modified_time\" content=\"2025-12-11T01:06:01+00:00\" \/>\n<meta property=\"og:image\" content=\"https:\/\/chemgramx.com\/wp-content\/uploads\/2025\/12\/p-7.png\" \/>\n\t<meta property=\"og:image:width\" content=\"600\" \/>\n\t<meta property=\"og:image:height\" content=\"400\" \/>\n\t<meta property=\"og:image:type\" content=\"image\/png\" \/>\n<meta name=\"twitter:card\" content=\"summary_large_image\" \/>\n<meta name=\"twitter:label1\" content=\"Becs\u00fclt olvas\u00e1si id\u0151\" \/>\n\t<meta name=\"twitter:data1\" content=\"3 perc\" \/>\n<script type=\"application\/ld+json\" class=\"yoast-schema-graph\">{\"@context\":\"https:\\\/\\\/schema.org\",\"@graph\":[{\"@type\":\"WebPage\",\"@id\":\"https:\\\/\\\/chemgramx.com\\\/product\\\/blue-punisher-220mg-mdma-online-kaufen\\\/\",\"url\":\"https:\\\/\\\/chemgramx.com\\\/product\\\/blue-punisher-220mg-mdma-online-kaufen\\\/\",\"name\":\"BLUE PUNISHER 220 MG MDMA online Kaufen | chemgramx\",\"isPartOf\":{\"@id\":\"https:\\\/\\\/chemgramx.com\\\/#website\"},\"primaryImageOfPage\":{\"@id\":\"https:\\\/\\\/chemgramx.com\\\/product\\\/blue-punisher-220mg-mdma-online-kaufen\\\/#primaryimage\"},\"image\":{\"@id\":\"https:\\\/\\\/chemgramx.com\\\/product\\\/blue-punisher-220mg-mdma-online-kaufen\\\/#primaryimage\"},\"thumbnailUrl\":\"https:\\\/\\\/chemgramx.com\\\/wp-content\\\/uploads\\\/2025\\\/12\\\/p-7.png\",\"datePublished\":\"2025-12-11T01:04:47+00:00\",\"dateModified\":\"2025-12-11T01:06:01+00:00\",\"description\":\"Sie k\u00f6nnen Blue Punisher 220 mg MDMA online zu den besten Preisen in unserem Chemgramx-Onlineshop kaufen. Wir haben g\u00fcnstiges und hochwertiges Blue Punisher 220 mg MDMA im Angebot und liefern weltweit. Sie k\u00f6nnen jederzeit und \u00fcberall bestellen.\",\"breadcrumb\":{\"@id\":\"https:\\\/\\\/chemgramx.com\\\/product\\\/blue-punisher-220mg-mdma-online-kaufen\\\/#breadcrumb\"},\"inLanguage\":\"hu\",\"potentialAction\":[{\"@type\":\"ReadAction\",\"target\":[\"https:\\\/\\\/chemgramx.com\\\/product\\\/blue-punisher-220mg-mdma-online-kaufen\\\/\"]}]},{\"@type\":\"ImageObject\",\"inLanguage\":\"hu\",\"@id\":\"https:\\\/\\\/chemgramx.com\\\/product\\\/blue-punisher-220mg-mdma-online-kaufen\\\/#primaryimage\",\"url\":\"https:\\\/\\\/chemgramx.com\\\/wp-content\\\/uploads\\\/2025\\\/12\\\/p-7.png\",\"contentUrl\":\"https:\\\/\\\/chemgramx.com\\\/wp-content\\\/uploads\\\/2025\\\/12\\\/p-7.png\",\"width\":600,\"height\":400},{\"@type\":\"BreadcrumbList\",\"@id\":\"https:\\\/\\\/chemgramx.com\\\/product\\\/blue-punisher-220mg-mdma-online-kaufen\\\/#breadcrumb\",\"itemListElement\":[{\"@type\":\"ListItem\",\"position\":1,\"name\":\"Home\",\"item\":\"https:\\\/\\\/chemgramx.com\\\/\"},{\"@type\":\"ListItem\",\"position\":2,\"name\":\"Shop\",\"item\":\"https:\\\/\\\/chemgramx.com\\\/shop\\\/\"},{\"@type\":\"ListItem\",\"position\":3,\"name\":\"BLUE PUNISHER 220MG MDMA Online kaufen\"}]},{\"@type\":\"WebSite\",\"@id\":\"https:\\\/\\\/chemgramx.com\\\/#website\",\"url\":\"https:\\\/\\\/chemgramx.com\\\/\",\"name\":\"Chemgramx\",\"description\":\"\",\"publisher\":{\"@id\":\"https:\\\/\\\/chemgramx.com\\\/#organization\"},\"potentialAction\":[{\"@type\":\"SearchAction\",\"target\":{\"@type\":\"EntryPoint\",\"urlTemplate\":\"https:\\\/\\\/chemgramx.com\\\/?s={search_term_string}\"},\"query-input\":{\"@type\":\"PropertyValueSpecification\",\"valueRequired\":true,\"valueName\":\"search_term_string\"}}],\"inLanguage\":\"hu\"},{\"@type\":\"Organization\",\"@id\":\"https:\\\/\\\/chemgramx.com\\\/#organization\",\"name\":\"Chemgramx\",\"url\":\"https:\\\/\\\/chemgramx.com\\\/\",\"logo\":{\"@type\":\"ImageObject\",\"inLanguage\":\"hu\",\"@id\":\"https:\\\/\\\/chemgramx.com\\\/#\\\/schema\\\/logo\\\/image\\\/\",\"url\":\"https:\\\/\\\/chemgramx.com\\\/wp-content\\\/uploads\\\/2024\\\/10\\\/final-logo.png\",\"contentUrl\":\"https:\\\/\\\/chemgramx.com\\\/wp-content\\\/uploads\\\/2024\\\/10\\\/final-logo.png\",\"width\":250,\"height\":48,\"caption\":\"Chemgramx\"},\"image\":{\"@id\":\"https:\\\/\\\/chemgramx.com\\\/#\\\/schema\\\/logo\\\/image\\\/\"}}]}<\/script>\n<!-- \/ Yoast SEO plugin. -->","yoast_head_json":{"title":"V\u00e1s\u00e1roljon BLUE PUNISHER 220 MG MDMA-t online | chemgramx","description":"A Blue Punisher 220 mg MDMA-t a legjobb \u00e1ron v\u00e1s\u00e1rolhatja meg online a Chemgramx online boltj\u00e1ban. Olcs\u00f3 \u00e9s kiv\u00e1l\u00f3 min\u0151s\u00e9g\u0171 Blue Punisher 220 mg MDMA-t k\u00edn\u00e1lunk, \u00e9s vil\u00e1gszerte sz\u00e1ll\u00edtunk. B\u00e1rmikor \u00e9s b\u00e1rhol megrendelheti.","robots":{"index":"index","follow":"follow","max-snippet":"max-snippet:-1","max-image-preview":"max-image-preview:large","max-video-preview":"max-video-preview:-1"},"canonical":"https:\/\/chemgramx.com\/hu\/termek-1\/blue-punisher-220mg-mdma-online-vasarlas\/","og_locale":"hu_HU","og_type":"article","og_title":"BLUE PUNISHER 220 MG MDMA online Kaufen | chemgramx","og_description":"Sie k\u00f6nnen Blue Punisher 220 mg MDMA online zu den besten Preisen in unserem Chemgramx-Onlineshop kaufen. Wir haben g\u00fcnstiges und hochwertiges Blue Punisher 220 mg MDMA im Angebot und liefern weltweit. Sie k\u00f6nnen jederzeit und \u00fcberall bestellen.","og_url":"https:\/\/chemgramx.com\/hu\/termek-1\/blue-punisher-220mg-mdma-online-vasarlas\/","og_site_name":"Chemgramx","article_modified_time":"2025-12-11T01:06:01+00:00","og_image":[{"width":600,"height":400,"url":"https:\/\/chemgramx.com\/wp-content\/uploads\/2025\/12\/p-7.png","type":"image\/png"}],"twitter_card":"summary_large_image","twitter_misc":{"Becs\u00fclt olvas\u00e1si id\u0151":"3 perc"},"schema":{"@context":"https:\/\/schema.org","@graph":[{"@type":"WebPage","@id":"https:\/\/chemgramx.com\/product\/blue-punisher-220mg-mdma-online-kaufen\/","url":"https:\/\/chemgramx.com\/product\/blue-punisher-220mg-mdma-online-kaufen\/","name":"V\u00e1s\u00e1roljon BLUE PUNISHER 220 MG MDMA-t online | chemgramx","isPartOf":{"@id":"https:\/\/chemgramx.com\/#website"},"primaryImageOfPage":{"@id":"https:\/\/chemgramx.com\/product\/blue-punisher-220mg-mdma-online-kaufen\/#primaryimage"},"image":{"@id":"https:\/\/chemgramx.com\/product\/blue-punisher-220mg-mdma-online-kaufen\/#primaryimage"},"thumbnailUrl":"https:\/\/chemgramx.com\/wp-content\/uploads\/2025\/12\/p-7.png","datePublished":"2025-12-11T01:04:47+00:00","dateModified":"2025-12-11T01:06:01+00:00","description":"A Blue Punisher 220 mg MDMA-t a legjobb \u00e1ron v\u00e1s\u00e1rolhatja meg online a Chemgramx online boltj\u00e1ban. Olcs\u00f3 \u00e9s kiv\u00e1l\u00f3 min\u0151s\u00e9g\u0171 Blue Punisher 220 mg MDMA-t k\u00edn\u00e1lunk, \u00e9s vil\u00e1gszerte sz\u00e1ll\u00edtunk. B\u00e1rmikor \u00e9s b\u00e1rhol megrendelheti.","breadcrumb":{"@id":"https:\/\/chemgramx.com\/product\/blue-punisher-220mg-mdma-online-kaufen\/#breadcrumb"},"inLanguage":"hu","potentialAction":[{"@type":"ReadAction","target":["https:\/\/chemgramx.com\/product\/blue-punisher-220mg-mdma-online-kaufen\/"]}]},{"@type":"ImageObject","inLanguage":"hu","@id":"https:\/\/chemgramx.com\/product\/blue-punisher-220mg-mdma-online-kaufen\/#primaryimage","url":"https:\/\/chemgramx.com\/wp-content\/uploads\/2025\/12\/p-7.png","contentUrl":"https:\/\/chemgramx.com\/wp-content\/uploads\/2025\/12\/p-7.png","width":600,"height":400},{"@type":"BreadcrumbList","@id":"https:\/\/chemgramx.com\/product\/blue-punisher-220mg-mdma-online-kaufen\/#breadcrumb","itemListElement":[{"@type":"ListItem","position":1,"name":"Home","item":"https:\/\/chemgramx.com\/"},{"@type":"ListItem","position":2,"name":"Shop","item":"https:\/\/chemgramx.com\/shop\/"},{"@type":"ListItem","position":3,"name":"BLUE PUNISHER 220MG MDMA Online kaufen"}]},{"@type":"WebSite","@id":"https:\/\/chemgramx.com\/#website","url":"https:\/\/chemgramx.com\/","name":"Chemgramx","description":"","publisher":{"@id":"https:\/\/chemgramx.com\/#organization"},"potentialAction":[{"@type":"SearchAction","target":{"@type":"EntryPoint","urlTemplate":"https:\/\/chemgramx.com\/?s={search_term_string}"},"query-input":{"@type":"PropertyValueSpecification","valueRequired":true,"valueName":"search_term_string"}}],"inLanguage":"hu"},{"@type":"Organization","@id":"https:\/\/chemgramx.com\/#organization","name":"Chemgramx","url":"https:\/\/chemgramx.com\/","logo":{"@type":"ImageObject","inLanguage":"hu","@id":"https:\/\/chemgramx.com\/#\/schema\/logo\/image\/","url":"https:\/\/chemgramx.com\/wp-content\/uploads\/2024\/10\/final-logo.png","contentUrl":"https:\/\/chemgramx.com\/wp-content\/uploads\/2024\/10\/final-logo.png","width":250,"height":48,"caption":"Chemgramx"},"image":{"@id":"https:\/\/chemgramx.com\/#\/schema\/logo\/image\/"}}]}},"_links":{"self":[{"href":"https:\/\/chemgramx.com\/hu\/wp-json\/wp\/v2\/product\/8785","targetHints":{"allow":["GET"]}}],"collection":[{"href":"https:\/\/chemgramx.com\/hu\/wp-json\/wp\/v2\/product"}],"about":[{"href":"https:\/\/chemgramx.com\/hu\/wp-json\/wp\/v2\/types\/product"}],"replies":[{"embeddable":true,"href":"https:\/\/chemgramx.com\/hu\/wp-json\/wp\/v2\/comments?post=8785"}],"wp:featuredmedia":[{"embeddable":true,"href":"https:\/\/chemgramx.com\/hu\/wp-json\/wp\/v2\/media\/8820"}],"wp:attachment":[{"href":"https:\/\/chemgramx.com\/hu\/wp-json\/wp\/v2\/media?parent=8785"}],"wp:term":[{"taxonomy":"product_brand","embeddable":true,"href":"https:\/\/chemgramx.com\/hu\/wp-json\/wp\/v2\/product_brand?post=8785"},{"taxonomy":"product_cat","embeddable":true,"href":"https:\/\/chemgramx.com\/hu\/wp-json\/wp\/v2\/product_cat?post=8785"},{"taxonomy":"product_tag","embeddable":true,"href":"https:\/\/chemgramx.com\/hu\/wp-json\/wp\/v2\/product_tag?post=8785"}],"curies":[{"name":"wp","href":"https:\/\/api.w.org\/{rel}","templated":true}]}}