{"id":8786,"date":"2025-12-11T01:04:48","date_gmt":"2025-12-11T01:04:48","guid":{"rendered":"https:\/\/chemgramx.com\/?post_type=product&#038;p=8786"},"modified":"2025-12-11T01:06:01","modified_gmt":"2025-12-11T01:06:01","slug":"vasarolni-kek-tesla-tablettak-mdma-online","status":"publish","type":"product","link":"https:\/\/chemgramx.com\/hu\/product\/blue-tesla-pills-mdma-online-kaufen\/","title":{"rendered":"V\u00e1s\u00e1rl\u00e1s Blue Tesla tablett\u00e1k MDMA Online"},"content":{"rendered":"<h2 data-start=\"131\" data-end=\"221\">V\u00e1s\u00e1roljon Blue Tesla MDMA tablett\u00e1kat online: Pr\u00e9mium min\u0151s\u00e9g\u0171 kognit\u00edv \u00e9s \u00e9rzelmi fejleszt\u00e9s<\/h2>\n<h2 data-start=\"223\" data-end=\"238\">bevezet\u00e9s<\/h2>\n<p data-start=\"240\" data-end=\"678\">A kognit\u00edv teljes\u00edtm\u00e9nyfokoz\u00e1s ir\u00e1nti n\u00f6vekv\u0151 ig\u00e9ny miatt <a href=\"https:\/\/chemgramx.com\/product\/blue-tesla-pills-mdma\/\">V\u00e1s\u00e1rl\u00e1s Blue Tesla Pills MDMA online<\/a> Vezet\u0151 v\u00e1laszt\u00e1ss\u00e1 v\u00e1lt azok sz\u00e1m\u00e1ra, akik jav\u00edtani szeretn\u00e9k ment\u00e1lis tisztas\u00e1gukat, hangulatukat \u00e9s \u00e9rzelmi kapcsolataikat. Er\u0151s \u00e9s k\u00f6vetkezetes hat\u00e1sair\u00f3l ismert term\u00e9k, amely er\u0151teljes, m\u00e9gis kiegyens\u00falyozott \u00e9lm\u00e9nyt ny\u00fajt, \u00e9s k\u00fcl\u00f6n\u00f6sen n\u00e9pszer\u0171 a megb\u00edzhat\u00f3 eredm\u00e9nyeket keres\u0151 tapasztalt felhaszn\u00e1l\u00f3k k\u00f6r\u00e9ben.<\/p>\n<h3 data-start=\"680\" data-end=\"715\">Az MDMA volt a k\u00e9k Tesla tabletta?<\/h3>\n<p data-start=\"717\" data-end=\"1031\">K\u00e9k Tesla tablett\u00e1k <a href=\"https:\/\/en.wikipedia.org\/wiki\/MDMA\">MDMA<\/a> az elad\u00e1sra sz\u00e1nt 3,4-metil\u00e9ndioxi-N-metilamfetamin (MDMA) kiv\u00e1l\u00f3 min\u0151s\u00e9g\u0171 k\u00e9sz\u00edtm\u00e9nyei, amelyeket pontos adagol\u00e1sra \u00e9s tart\u00f3san intenz\u00edv pszichoakt\u00edv hat\u00e1sokra terveztek. A Blue Tesla Pills MDMA megb\u00edzhat\u00f3 eredm\u00e9nyeket ny\u00fajt az euf\u00f3ria, az emp\u00e1tia \u00e9s a ment\u00e1lis tiszt\u00e1nl\u00e1t\u00e1s ter\u00e9n.<\/p>\n<h3 data-start=\"1033\" data-end=\"1070\">K\u00e9miai profil \u00e9s t\u00f6rt\u00e9nelem<\/h3>\n<p data-start=\"1072\" data-end=\"1428\">Az MDMA-t el\u0151sz\u00f6r a 20. sz\u00e1zad elej\u00e9n szintetiz\u00e1lt\u00e1k, \u00e9s az emp\u00e1ti\u00e1t, az \u00e9rzelmi nyitotts\u00e1got \u00e9s a kognit\u00edv funkci\u00f3kat el\u0151seg\u00edt\u0151 k\u00e9pess\u00e9g\u00e9r\u0151l ismert. A Blue Tesla Pills MDMA megb\u00edzhat\u00f3 besz\u00e1ll\u00edt\u00f3kt\u00f3l t\u00f6rt\u00e9n\u0151 v\u00e1s\u00e1rl\u00e1sa garant\u00e1lja a tisztas\u00e1got \u00e9s a hat\u00e9konys\u00e1got, ez\u00e9rt k\u00fcl\u00f6n\u00f6sen nagyra \u00e9rt\u00e9kelik a kognit\u00edv funkci\u00f3kat jav\u00edt\u00f3 k\u00f6z\u00f6ss\u00e9gben.<\/p>\n<h3 data-start=\"1430\" data-end=\"1448\">Hat\u00e1smechanizmus<\/h3>\n<p data-start=\"1450\" data-end=\"1580\">A Blue Tesla tablett\u00e1kban tal\u00e1lhat\u00f3 MDMA el\u0151seg\u00edti a neurotranszmitterek, p\u00e9ld\u00e1ul a szerotonin, a dopamin \u00e9s a noradrenalin felszabadul\u00e1s\u00e1t. Ez a k\u00f6vetkez\u0151kh\u00f6z vezet:<\/p>\n<ul data-start=\"1582\" data-end=\"1701\">\n<li data-start=\"1582\" data-end=\"1607\">\n<p data-start=\"1584\" data-end=\"1607\">Jobb hangulat<\/p>\n<\/li>\n<li data-start=\"1608\" data-end=\"1642\">\n<p data-start=\"1610\" data-end=\"1642\">Fokozott ment\u00e1lis \u00e9bers\u00e9g<\/p>\n<\/li>\n<li data-start=\"1643\" data-end=\"1668\">\n<p data-start=\"1645\" data-end=\"1668\">Fokozott emp\u00e1tia<\/p>\n<\/li>\n<li data-start=\"1669\" data-end=\"1701\">\n<p data-start=\"1671\" data-end=\"1701\">Er\u0151sebb t\u00e1rsadalmi kapcsolatok<\/p>\n<\/li>\n<\/ul>\n<p data-start=\"1703\" data-end=\"1835\">Az MDMA a szinaptikus plaszticit\u00e1s \u00e9s a kognit\u00edv eg\u00e9szs\u00e9g el\u0151seg\u00edt\u00e9s\u00e9vel neuroprotekt\u00edv el\u0151ny\u00f6ket is t\u00e1mogathat.<\/p>\n<h3 data-start=\"1837\" data-end=\"1876\">A k\u00e9k Tesla tablett\u00e1k MDMA el\u0151nyei<\/h3>\n<ul data-start=\"1878\" data-end=\"2083\">\n<li data-start=\"1878\" data-end=\"1915\">\n<p data-start=\"1880\" data-end=\"1915\">Jobb \u00e9rzelmi kapcsolat<\/p>\n<\/li>\n<li data-start=\"1916\" data-end=\"1961\">\n<p data-start=\"1918\" data-end=\"1961\">Optimaliz\u00e1lt kognit\u00edv funkci\u00f3k \u00e9s koncentr\u00e1ci\u00f3<\/p>\n<\/li>\n<li data-start=\"1962\" data-end=\"1994\">\n<p data-start=\"1964\" data-end=\"1994\">Fokozott hangulat \u00e9s energia<\/p>\n<\/li>\n<li data-start=\"1995\" data-end=\"2043\">\n<p data-start=\"1997\" data-end=\"2043\">\u00c1lland\u00f3 adagol\u00e1s a megb\u00edzhat\u00f3 hat\u00e1sok\u00e9rt<\/p>\n<\/li>\n<li data-start=\"2044\" data-end=\"2083\">\n<p data-start=\"2046\" data-end=\"2083\">Potenci\u00e1lis neuroprotekt\u00edv hat\u00e1sok<\/p>\n<\/li>\n<\/ul>\n<h3 data-start=\"2085\" data-end=\"2106\">Lehets\u00e9ges hat\u00e1sok<\/h3>\n<p data-start=\"2108\" data-end=\"2132\">A felhaszn\u00e1l\u00f3k a k\u00f6vetkez\u0151kr\u0151l sz\u00e1molnak be:<\/p>\n<ul data-start=\"2134\" data-end=\"2331\">\n<li data-start=\"2134\" data-end=\"2175\">\n<p data-start=\"2136\" data-end=\"2175\">Fokozott emp\u00e1tia \u00e9s \u00e9rzelmi melegs\u00e9g<\/p>\n<\/li>\n<li data-start=\"2176\" data-end=\"2220\">\n<p data-start=\"2178\" data-end=\"2220\">Megn\u00f6vekedett energia \u00e9s koncentr\u00e1ci\u00f3<\/p>\n<\/li>\n<li data-start=\"2221\" data-end=\"2279\">\n<p data-start=\"2223\" data-end=\"2279\">Ideiglenes \u00e1llkapocs-fesz\u00fclts\u00e9g vagy fogcsikorgat\u00e1s<\/p>\n<\/li>\n<li data-start=\"2280\" data-end=\"2331\">\n<p data-start=\"2282\" data-end=\"2331\">Enyhe pulzussz\u00e1m- \u00e9s v\u00e9rnyom\u00e1s-emelked\u00e9s<\/p>\n<\/li>\n<\/ul>\n<p data-start=\"2333\" data-end=\"2449\">A felel\u0151ss\u00e9gteljes fogyaszt\u00e1s az adagol\u00e1si ir\u00e1nyelveknek megfelel\u0151en kulcsfontoss\u00e1g\u00fa a biztons\u00e1g \u00e9s az optim\u00e1lis eredm\u00e9ny \u00e9rdek\u00e9ben.<\/p>\n<h3 data-start=\"2451\" data-end=\"2506\">A Blue Tesla Pills MDMA online el\u00e9rhet\u0151 form\u00e1i<\/h3>\n<ul data-start=\"2508\" data-end=\"2694\">\n<li data-start=\"2508\" data-end=\"2570\">\n<p data-start=\"2510\" data-end=\"2570\">Por: Rugalmas adagol\u00e1s \u00e9s el\u0151nyben r\u00e9szes\u00edtett alkalmaz\u00e1si m\u00f3dok<\/p>\n<\/li>\n<li data-start=\"2571\" data-end=\"2628\">\n<p data-start=\"2573\" data-end=\"2628\">Kapsul\u00e1k: El\u0151re kim\u00e9rt adagok diszkr\u00e9t haszn\u00e1latra<\/p>\n<\/li>\n<li data-start=\"2629\" data-end=\"2694\">\n<p data-start=\"2631\" data-end=\"2694\">Nyelv alatti tablett\u00e1k: Gyorsabb felsz\u00edv\u00f3d\u00e1s \u00e9s hat\u00e1skezdet<\/p>\n<\/li>\n<\/ul>\n<h3 data-start=\"2696\" data-end=\"2719\">Jog\u00e1ll\u00e1s<\/h3>\n<p data-start=\"2721\" data-end=\"2983\">Az MDMA, bele\u00e9rtve a Blue Tesla Pills MDMAonline kaufen-t is, jogszer\u0171s\u00e9ge vil\u00e1gszerte v\u00e1ltoz\u00f3. Az olyan orsz\u00e1gokban, mint az USA, az Egyes\u00fclt Kir\u00e1lys\u00e1g \u00e9s az EU, az MDMA ellen\u0151rz\u00f6tt anyag. V\u00e1s\u00e1rl\u00e1s el\u0151tt ellen\u0151rizze a helyi t\u00f6rv\u00e9nyeket a kock\u00e1zatok elker\u00fcl\u00e9se \u00e9rdek\u00e9ben.<\/p>\n<h3 data-start=\"2985\" data-end=\"3028\">Hogyan v\u00e1lassz megb\u00edzhat\u00f3 szolg\u00e1ltat\u00f3t?<\/h3>\n<p data-start=\"3030\" data-end=\"3094\">Amikor online v\u00e1s\u00e1rol Blue Tesla Pills MDMA-t, figyeljen a k\u00f6vetkez\u0151kre:<\/p>\n<ul data-start=\"3096\" data-end=\"3326\">\n<li data-start=\"3096\" data-end=\"3167\">\n<p data-start=\"3098\" data-end=\"3167\">\u00c1tl\u00e1that\u00f3 laborat\u00f3riumi tesztek a tisztas\u00e1g \u00e9s a biztons\u00e1g meger\u0151s\u00edt\u00e9s\u00e9re<\/p>\n<\/li>\n<li data-start=\"3168\" data-end=\"3209\">\n<p data-start=\"3170\" data-end=\"3209\">Biztons\u00e1gos \u00e9s diszkr\u00e9t fizet\u00e9si m\u00f3dok<\/p>\n<\/li>\n<li data-start=\"3210\" data-end=\"3272\">\n<p data-start=\"3212\" data-end=\"3272\">Pozit\u00edv v\u00e1s\u00e1rl\u00f3i v\u00e9lem\u00e9nyek \u00e9s megb\u00edzhat\u00f3 \u00fcgyf\u00e9lszolg\u00e1lat<\/p>\n<\/li>\n<li data-start=\"3273\" data-end=\"3326\">\n<p data-start=\"3275\" data-end=\"3326\">R\u00e9szletes term\u00e9k- \u00e9s adagol\u00e1si inform\u00e1ci\u00f3k<\/p>\n<\/li>\n<\/ul>\n<p data-start=\"3328\" data-end=\"3424\">Egy megb\u00edzhat\u00f3 szolg\u00e1ltat\u00f3 garant\u00e1lja a term\u00e9k eredetis\u00e9g\u00e9t, biztons\u00e1g\u00e1t \u00e9s el\u00e9gedetts\u00e9g\u00e9t.<\/p>\n<h3 data-start=\"3426\" data-end=\"3436\">K\u00f6vetkeztet\u00e9s<\/h3>\n<p data-start=\"3438\" data-end=\"3862\">V\u00e1s\u00e1rl\u00e1s Blue Tesla Pills Az MDMA els\u0151 oszt\u00e1ly\u00fa v\u00e1laszt\u00e1s mindazok sz\u00e1m\u00e1ra, akik jav\u00edtani szeretn\u00e9k kognit\u00edv \u00e9s \u00e9rzelmi k\u00e9pess\u00e9geiket. A kiegyens\u00falyozott hat\u00e1sok, a nagy tisztas\u00e1g \u00e9s a k\u00f6vetkezetes adagol\u00e1s r\u00e9v\u00e9n a term\u00e9k ide\u00e1lis a tapasztalt felhaszn\u00e1l\u00f3k sz\u00e1m\u00e1ra. Keresse meg a legjobb helyet, ahol Blue Tesla Pills MDMA-t v\u00e1s\u00e1rolhat online, \u00e9s kezdje el az utaz\u00e1s\u00e1t a jobb ment\u00e1lis tiszt\u00e1nl\u00e1t\u00e1s \u00e9s \u00e9rzelmi kapcsol\u00f3d\u00e1s fel\u00e9 m\u00e9g ma.<\/p>","protected":false},"excerpt":{"rendered":"<p><strong>K\u00e9k Tesla tablett\u00e1k MDMA<\/strong>\u00a0ide\u00e1lis d\u00f3zist k\u00edn\u00e1l a kiv\u00e1l\u00f3 min\u0151s\u00e9g\u0171 euf\u00f3ri\u00e1hoz \u00e9s hosszan tart\u00f3 energi\u00e1hoz. Minden egyes tabletta gondosan tesztelt, garant\u00e1lva a maxim\u00e1lis biztons\u00e1got \u00e9s tisztas\u00e1got. Ide\u00e1lis tapasztalt felhaszn\u00e1l\u00f3k sz\u00e1m\u00e1ra, akik er\u0151teljes hat\u00e1st keresnek fesztiv\u00e1lokra, bulikra vagy nyugodt est\u00e9kre. \u00c9ljen \u00e1t egy felejthetetlen \u00e9lm\u00e9nyt a Blue Tesla Pills seg\u00edts\u00e9g\u00e9vel.<\/p>","protected":false},"featured_media":8821,"comment_status":"open","ping_status":"closed","template":"","meta":{"_joinchat":[]},"product_brand":[],"product_cat":[2846],"product_tag":[2345,2348,2344,2346,2017,2164,2347,2018,2015,2148],"class_list":{"0":"post-8786","1":"product","2":"type-product","3":"status-publish","4":"has-post-thumbnail","6":"product_cat-ecstasy-pills","7":"product_tag-blue-tesla-mdma","8":"product_tag-blue-tesla-mdma-kaufen","9":"product_tag-blue-tesla-pills","10":"product_tag-mdma-blue-tesla","11":"product_tag-mdma-kristalle","12":"product_tag-mdma-online-kaufen","13":"product_tag-mdma-pillen-kaufen","14":"product_tag-mdma-zum-verkauf","15":"product_tag-synthetische-drogen","16":"product_tag-tesla-pills-mdma","18":"first","19":"instock","20":"shipping-taxable","21":"purchasable","22":"product-type-variable"},"yoast_head":"<!-- This site is optimized with the Yoast SEO plugin v27.5 - https:\/\/yoast.com\/product\/yoast-seo-wordpress\/ -->\n<title>Blue Tesla Pills MDMA online Kaufen | Chemgramx<\/title>\n<meta name=\"description\" content=\"In unserem Chemgramx-Shop k\u00f6nnen Sie Blue Tesla Pills MDMA zu g\u00fcnstigen Preisen kaufen. Wir handeln ausschlie\u00dflich mit Produkten der Klasse A. Kaufen Sie Blue Tesla Pills MDMA jetzt online in unserem Shop mit schnellem und sicherem Versandservice.\" \/>\n<meta name=\"robots\" content=\"index, follow, max-snippet:-1, max-image-preview:large, max-video-preview:-1\" \/>\n<link rel=\"canonical\" href=\"https:\/\/chemgramx.com\/hu\/termek-1\/vasarolni-kek-tesla-tablettak-mdma-online\/\" \/>\n<meta property=\"og:locale\" content=\"hu_HU\" \/>\n<meta property=\"og:type\" content=\"article\" \/>\n<meta property=\"og:title\" content=\"Blue Tesla Pills MDMA online Kaufen | Chemgramx\" \/>\n<meta property=\"og:description\" content=\"In unserem Chemgramx-Shop k\u00f6nnen Sie Blue Tesla Pills MDMA zu g\u00fcnstigen Preisen kaufen. Wir handeln ausschlie\u00dflich mit Produkten der Klasse A. Kaufen Sie Blue Tesla Pills MDMA jetzt online in unserem Shop mit schnellem und sicherem Versandservice.\" \/>\n<meta property=\"og:url\" content=\"https:\/\/chemgramx.com\/hu\/termek-1\/vasarolni-kek-tesla-tablettak-mdma-online\/\" \/>\n<meta property=\"og:site_name\" content=\"Chemgramx\" \/>\n<meta property=\"article:modified_time\" content=\"2025-12-11T01:06:01+00:00\" \/>\n<meta property=\"og:image\" content=\"https:\/\/chemgramx.com\/wp-content\/uploads\/2025\/12\/p-9.png\" \/>\n\t<meta property=\"og:image:width\" content=\"600\" \/>\n\t<meta property=\"og:image:height\" content=\"400\" \/>\n\t<meta property=\"og:image:type\" content=\"image\/png\" \/>\n<meta name=\"twitter:card\" content=\"summary_large_image\" \/>\n<meta name=\"twitter:label1\" content=\"Becs\u00fclt olvas\u00e1si id\u0151\" \/>\n\t<meta name=\"twitter:data1\" content=\"3 perc\" \/>\n<script type=\"application\/ld+json\" class=\"yoast-schema-graph\">{\"@context\":\"https:\\\/\\\/schema.org\",\"@graph\":[{\"@type\":\"WebPage\",\"@id\":\"https:\\\/\\\/chemgramx.com\\\/product\\\/blue-tesla-pills-mdma-online-kaufen\\\/\",\"url\":\"https:\\\/\\\/chemgramx.com\\\/product\\\/blue-tesla-pills-mdma-online-kaufen\\\/\",\"name\":\"Blue Tesla Pills MDMA online Kaufen | Chemgramx\",\"isPartOf\":{\"@id\":\"https:\\\/\\\/chemgramx.com\\\/#website\"},\"primaryImageOfPage\":{\"@id\":\"https:\\\/\\\/chemgramx.com\\\/product\\\/blue-tesla-pills-mdma-online-kaufen\\\/#primaryimage\"},\"image\":{\"@id\":\"https:\\\/\\\/chemgramx.com\\\/product\\\/blue-tesla-pills-mdma-online-kaufen\\\/#primaryimage\"},\"thumbnailUrl\":\"https:\\\/\\\/chemgramx.com\\\/wp-content\\\/uploads\\\/2025\\\/12\\\/p-9.png\",\"datePublished\":\"2025-12-11T01:04:48+00:00\",\"dateModified\":\"2025-12-11T01:06:01+00:00\",\"description\":\"In unserem Chemgramx-Shop k\u00f6nnen Sie Blue Tesla Pills MDMA zu g\u00fcnstigen Preisen kaufen. Wir handeln ausschlie\u00dflich mit Produkten der Klasse A. Kaufen Sie Blue Tesla Pills MDMA jetzt online in unserem Shop mit schnellem und sicherem Versandservice.\",\"breadcrumb\":{\"@id\":\"https:\\\/\\\/chemgramx.com\\\/product\\\/blue-tesla-pills-mdma-online-kaufen\\\/#breadcrumb\"},\"inLanguage\":\"hu\",\"potentialAction\":[{\"@type\":\"ReadAction\",\"target\":[\"https:\\\/\\\/chemgramx.com\\\/product\\\/blue-tesla-pills-mdma-online-kaufen\\\/\"]}]},{\"@type\":\"ImageObject\",\"inLanguage\":\"hu\",\"@id\":\"https:\\\/\\\/chemgramx.com\\\/product\\\/blue-tesla-pills-mdma-online-kaufen\\\/#primaryimage\",\"url\":\"https:\\\/\\\/chemgramx.com\\\/wp-content\\\/uploads\\\/2025\\\/12\\\/p-9.png\",\"contentUrl\":\"https:\\\/\\\/chemgramx.com\\\/wp-content\\\/uploads\\\/2025\\\/12\\\/p-9.png\",\"width\":600,\"height\":400},{\"@type\":\"BreadcrumbList\",\"@id\":\"https:\\\/\\\/chemgramx.com\\\/product\\\/blue-tesla-pills-mdma-online-kaufen\\\/#breadcrumb\",\"itemListElement\":[{\"@type\":\"ListItem\",\"position\":1,\"name\":\"Home\",\"item\":\"https:\\\/\\\/chemgramx.com\\\/\"},{\"@type\":\"ListItem\",\"position\":2,\"name\":\"Shop\",\"item\":\"https:\\\/\\\/chemgramx.com\\\/shop\\\/\"},{\"@type\":\"ListItem\",\"position\":3,\"name\":\"Blue Tesla Pills MDMA Online kaufen\"}]},{\"@type\":\"WebSite\",\"@id\":\"https:\\\/\\\/chemgramx.com\\\/#website\",\"url\":\"https:\\\/\\\/chemgramx.com\\\/\",\"name\":\"Chemgramx\",\"description\":\"\",\"publisher\":{\"@id\":\"https:\\\/\\\/chemgramx.com\\\/#organization\"},\"potentialAction\":[{\"@type\":\"SearchAction\",\"target\":{\"@type\":\"EntryPoint\",\"urlTemplate\":\"https:\\\/\\\/chemgramx.com\\\/?s={search_term_string}\"},\"query-input\":{\"@type\":\"PropertyValueSpecification\",\"valueRequired\":true,\"valueName\":\"search_term_string\"}}],\"inLanguage\":\"hu\"},{\"@type\":\"Organization\",\"@id\":\"https:\\\/\\\/chemgramx.com\\\/#organization\",\"name\":\"Chemgramx\",\"url\":\"https:\\\/\\\/chemgramx.com\\\/\",\"logo\":{\"@type\":\"ImageObject\",\"inLanguage\":\"hu\",\"@id\":\"https:\\\/\\\/chemgramx.com\\\/#\\\/schema\\\/logo\\\/image\\\/\",\"url\":\"https:\\\/\\\/chemgramx.com\\\/wp-content\\\/uploads\\\/2024\\\/10\\\/final-logo.png\",\"contentUrl\":\"https:\\\/\\\/chemgramx.com\\\/wp-content\\\/uploads\\\/2024\\\/10\\\/final-logo.png\",\"width\":250,\"height\":48,\"caption\":\"Chemgramx\"},\"image\":{\"@id\":\"https:\\\/\\\/chemgramx.com\\\/#\\\/schema\\\/logo\\\/image\\\/\"}}]}<\/script>\n<!-- \/ Yoast SEO plugin. -->","yoast_head_json":{"title":"V\u00e1s\u00e1roljon K\u00e9k Tesla tablett\u00e1kat MDMA-val online | Chemgramx","description":"Chemgramx \u00fczlet\u00fcnkben megfizethet\u0151 \u00e1ron v\u00e1s\u00e1rolhat Blue Tesla MDMA tablett\u00e1kat. Kiz\u00e1r\u00f3lag A oszt\u00e1ly\u00fa term\u00e9kekkel foglalkozunk. V\u00e1s\u00e1roljon Blue Tesla MDMA tablett\u00e1kat online most \u00fczlet\u00fcnkben, gyors \u00e9s biztons\u00e1gos sz\u00e1ll\u00edt\u00e1ssal.","robots":{"index":"index","follow":"follow","max-snippet":"max-snippet:-1","max-image-preview":"max-image-preview:large","max-video-preview":"max-video-preview:-1"},"canonical":"https:\/\/chemgramx.com\/hu\/termek-1\/vasarolni-kek-tesla-tablettak-mdma-online\/","og_locale":"hu_HU","og_type":"article","og_title":"Blue Tesla Pills MDMA online Kaufen | Chemgramx","og_description":"In unserem Chemgramx-Shop k\u00f6nnen Sie Blue Tesla Pills MDMA zu g\u00fcnstigen Preisen kaufen. Wir handeln ausschlie\u00dflich mit Produkten der Klasse A. Kaufen Sie Blue Tesla Pills MDMA jetzt online in unserem Shop mit schnellem und sicherem Versandservice.","og_url":"https:\/\/chemgramx.com\/hu\/termek-1\/vasarolni-kek-tesla-tablettak-mdma-online\/","og_site_name":"Chemgramx","article_modified_time":"2025-12-11T01:06:01+00:00","og_image":[{"width":600,"height":400,"url":"https:\/\/chemgramx.com\/wp-content\/uploads\/2025\/12\/p-9.png","type":"image\/png"}],"twitter_card":"summary_large_image","twitter_misc":{"Becs\u00fclt olvas\u00e1si id\u0151":"3 perc"},"schema":{"@context":"https:\/\/schema.org","@graph":[{"@type":"WebPage","@id":"https:\/\/chemgramx.com\/product\/blue-tesla-pills-mdma-online-kaufen\/","url":"https:\/\/chemgramx.com\/product\/blue-tesla-pills-mdma-online-kaufen\/","name":"V\u00e1s\u00e1roljon K\u00e9k Tesla tablett\u00e1kat MDMA-val online | Chemgramx","isPartOf":{"@id":"https:\/\/chemgramx.com\/#website"},"primaryImageOfPage":{"@id":"https:\/\/chemgramx.com\/product\/blue-tesla-pills-mdma-online-kaufen\/#primaryimage"},"image":{"@id":"https:\/\/chemgramx.com\/product\/blue-tesla-pills-mdma-online-kaufen\/#primaryimage"},"thumbnailUrl":"https:\/\/chemgramx.com\/wp-content\/uploads\/2025\/12\/p-9.png","datePublished":"2025-12-11T01:04:48+00:00","dateModified":"2025-12-11T01:06:01+00:00","description":"Chemgramx \u00fczlet\u00fcnkben megfizethet\u0151 \u00e1ron v\u00e1s\u00e1rolhat Blue Tesla MDMA tablett\u00e1kat. Kiz\u00e1r\u00f3lag A oszt\u00e1ly\u00fa term\u00e9kekkel foglalkozunk. V\u00e1s\u00e1roljon Blue Tesla MDMA tablett\u00e1kat online most \u00fczlet\u00fcnkben, gyors \u00e9s biztons\u00e1gos sz\u00e1ll\u00edt\u00e1ssal.","breadcrumb":{"@id":"https:\/\/chemgramx.com\/product\/blue-tesla-pills-mdma-online-kaufen\/#breadcrumb"},"inLanguage":"hu","potentialAction":[{"@type":"ReadAction","target":["https:\/\/chemgramx.com\/product\/blue-tesla-pills-mdma-online-kaufen\/"]}]},{"@type":"ImageObject","inLanguage":"hu","@id":"https:\/\/chemgramx.com\/product\/blue-tesla-pills-mdma-online-kaufen\/#primaryimage","url":"https:\/\/chemgramx.com\/wp-content\/uploads\/2025\/12\/p-9.png","contentUrl":"https:\/\/chemgramx.com\/wp-content\/uploads\/2025\/12\/p-9.png","width":600,"height":400},{"@type":"BreadcrumbList","@id":"https:\/\/chemgramx.com\/product\/blue-tesla-pills-mdma-online-kaufen\/#breadcrumb","itemListElement":[{"@type":"ListItem","position":1,"name":"Home","item":"https:\/\/chemgramx.com\/"},{"@type":"ListItem","position":2,"name":"Shop","item":"https:\/\/chemgramx.com\/shop\/"},{"@type":"ListItem","position":3,"name":"Blue Tesla Pills MDMA Online kaufen"}]},{"@type":"WebSite","@id":"https:\/\/chemgramx.com\/#website","url":"https:\/\/chemgramx.com\/","name":"Chemgramx","description":"","publisher":{"@id":"https:\/\/chemgramx.com\/#organization"},"potentialAction":[{"@type":"SearchAction","target":{"@type":"EntryPoint","urlTemplate":"https:\/\/chemgramx.com\/?s={search_term_string}"},"query-input":{"@type":"PropertyValueSpecification","valueRequired":true,"valueName":"search_term_string"}}],"inLanguage":"hu"},{"@type":"Organization","@id":"https:\/\/chemgramx.com\/#organization","name":"Chemgramx","url":"https:\/\/chemgramx.com\/","logo":{"@type":"ImageObject","inLanguage":"hu","@id":"https:\/\/chemgramx.com\/#\/schema\/logo\/image\/","url":"https:\/\/chemgramx.com\/wp-content\/uploads\/2024\/10\/final-logo.png","contentUrl":"https:\/\/chemgramx.com\/wp-content\/uploads\/2024\/10\/final-logo.png","width":250,"height":48,"caption":"Chemgramx"},"image":{"@id":"https:\/\/chemgramx.com\/#\/schema\/logo\/image\/"}}]}},"_links":{"self":[{"href":"https:\/\/chemgramx.com\/hu\/wp-json\/wp\/v2\/product\/8786","targetHints":{"allow":["GET"]}}],"collection":[{"href":"https:\/\/chemgramx.com\/hu\/wp-json\/wp\/v2\/product"}],"about":[{"href":"https:\/\/chemgramx.com\/hu\/wp-json\/wp\/v2\/types\/product"}],"replies":[{"embeddable":true,"href":"https:\/\/chemgramx.com\/hu\/wp-json\/wp\/v2\/comments?post=8786"}],"wp:featuredmedia":[{"embeddable":true,"href":"https:\/\/chemgramx.com\/hu\/wp-json\/wp\/v2\/media\/8821"}],"wp:attachment":[{"href":"https:\/\/chemgramx.com\/hu\/wp-json\/wp\/v2\/media?parent=8786"}],"wp:term":[{"taxonomy":"product_brand","embeddable":true,"href":"https:\/\/chemgramx.com\/hu\/wp-json\/wp\/v2\/product_brand?post=8786"},{"taxonomy":"product_cat","embeddable":true,"href":"https:\/\/chemgramx.com\/hu\/wp-json\/wp\/v2\/product_cat?post=8786"},{"taxonomy":"product_tag","embeddable":true,"href":"https:\/\/chemgramx.com\/hu\/wp-json\/wp\/v2\/product_tag?post=8786"}],"curies":[{"name":"wp","href":"https:\/\/api.w.org\/{rel}","templated":true}]}}