{"id":8788,"date":"2025-12-11T01:04:48","date_gmt":"2025-12-11T01:04:48","guid":{"rendered":"https:\/\/chemgramx.com\/?post_type=product&#038;p=8788"},"modified":"2025-12-11T01:06:19","modified_gmt":"2025-12-11T01:06:19","slug":"blue-vaders-220mg-mdma-online-vasarlas","status":"publish","type":"product","link":"https:\/\/chemgramx.com\/hu\/product\/blue-vaders-220mg-mdma-online-kaufen\/","title":{"rendered":"V\u00e1s\u00e1rl\u00e1s Blue Vaders 220mg MDMA online"},"content":{"rendered":"<h2 data-start=\"190\" data-end=\"282\">V\u00e1s\u00e1roljon Blue Vaders 220 mg MDMA-t online \u2013 Pr\u00e9mium a kognit\u00edv \u00e9s \u00e9rzelmi fejleszt\u00e9shez<\/h2>\n<h3 data-start=\"284\" data-end=\"299\">bevezet\u00e9s<\/h3>\n<p data-start=\"301\" data-end=\"670\"><a href=\"https:\/\/chemgramx.com\/product\/blue-vaders-220-mg-mdma\/\">V\u00e1s\u00e1rl\u00e1s Blue Vaders 220mg MDMA online<\/a> gyorsan n\u00e9pszer\u0171 term\u00e9kk\u00e9 v\u00e1lt azok sz\u00e1m\u00e1ra, akik hat\u00e9kony, megb\u00edzhat\u00f3 \u00e9s m\u00e9ly kognit\u00edv \u00e9s \u00e9rzelmi \u00e9lm\u00e9nyre v\u00e1gynak. \u00c1lland\u00f3 adagol\u00e1sa \u00e9s magas tisztas\u00e1ga miatt els\u0151 sz\u00e1m\u00fa v\u00e1laszt\u00e1s a tapasztalt felhaszn\u00e1l\u00f3k sz\u00e1m\u00e1ra, akik \u00e9rt\u00e9kelik a ment\u00e1lis tisztas\u00e1got, a fokozott emp\u00e1ti\u00e1t \u00e9s az euf\u00f3rikus energi\u00e1t.<\/p>\n<h3 data-start=\"672\" data-end=\"727\">Mi\u00e9rt olyan n\u00e9pszer\u0171 a Blue Vaders 220 mg-os MDMA online?<\/h3>\n<p data-start=\"729\" data-end=\"1123\">Az empatog\u00e9n anyagok ir\u00e1nti kereslet, mint p\u00e9ld\u00e1ul <a href=\"https:\/\/en.wikipedia.org\/wiki\/MDMA\">MDMA<\/a> folyamatosan n\u00f6vekszik. Az elad\u00f3 Blue Vaders 220mg MDMA kiemelkedik er\u0151s hat\u00e1sai \u00e9s bizony\u00edtott min\u0151s\u00e9ge miatt. A term\u00e9k kiegyens\u00falyozott, de intenz\u00edv hat\u00e1sair\u00f3l ismert, ez\u00e9rt sz\u00e1mos online piact\u00e9ren nagy keresletnek \u00f6rvend. Azok, akik azt fontolgatj\u00e1k, hogy hol v\u00e1s\u00e1roljanak Blue Vaders 220mg MDMA-t, a legbiztons\u00e1gosabb lehet\u0151s\u00e9geket online tal\u00e1lj\u00e1k.<\/p>\n<h3 data-start=\"1125\" data-end=\"1175\">Mi teszi egyediv\u00e9 a Blue Vader 220 mg-os MDMA-j\u00e1t?<\/h3>\n<h3 data-start=\"1177\" data-end=\"1208\">K\u00e9miai \u00f6sszet\u00e9tel<\/h3>\n<p data-start=\"1209\" data-end=\"1450\">A Blue Vaders 220mg MDMA online v\u00e1s\u00e1rl\u00e1s 220 mg tiszta 3,4-metil\u00e9ndioximetamfetamin pontos adagj\u00e1t k\u00edn\u00e1lja, amelyet szigor\u00fa min\u0151s\u00e9gellen\u0151rz\u00e9s mellett gy\u00e1rtanak. Ez\u00e1ltal a felhaszn\u00e1l\u00f3k tiszta, er\u0151s, szennyez\u0151d\u00e9sekt\u0151l mentes term\u00e9ket kapnak.<\/p>\n<h3 data-start=\"1452\" data-end=\"1490\">Hat\u00e1s \u00e9s aj\u00e1nlott adagol\u00e1s<\/h3>\n<p data-start=\"1491\" data-end=\"1798\">A term\u00e9k el\u0151seg\u00edti a jobb hangulatot, az \u00e9rzelmi nyitotts\u00e1got, a fokozott szoci\u00e1lis k\u00f6t\u0151d\u00e9st \u00e9s a jobb kognit\u00edv funkci\u00f3kat. A 220 mg-os adagja alkalmas olyan felhaszn\u00e1l\u00f3k sz\u00e1m\u00e1ra, akik er\u0151s \u00e9s hosszan tart\u00f3 hat\u00e1sokat szeretn\u00e9nek. Kezd\u0151knek \u00e9rdemes kisebb mennyis\u00e9get v\u00e1lasztaniuk, miel\u0151tt megrendelik a Blue Vaders 220mg MDMA-t.<\/p>\n<h3 data-start=\"1800\" data-end=\"1860\">Biztons\u00e1gos online megv\u00e1s\u00e1rolni a Blue Vader 220 mg-os MDMA-j\u00e1t?<\/h3>\n<p data-start=\"1862\" data-end=\"2116\">Ha Blue Vaders 220 mg MDMA-t v\u00e1s\u00e1rol, csak olyan besz\u00e1ll\u00edt\u00f3kat v\u00e1lasszon, akik tesztelt laborat\u00f3riumi elemz\u00e9seket biztos\u00edtanak. A hamis\u00edtott term\u00e9kek kock\u00e1zatot jelentenek, ez\u00e9rt \u00e9rdemes megn\u00e9zni a min\u0151s\u00edt\u00e9seket, a hiteless\u00e9gi jelent\u00e9seket \u00e9s az \u00e1tl\u00e1that\u00f3 sz\u00e1ll\u00edt\u00f3i inform\u00e1ci\u00f3kat.<\/p>\n<h3 data-start=\"2118\" data-end=\"2157\">Hogyan ismered fel a megb\u00edzhat\u00f3 elad\u00f3kat?<\/h3>\n<p data-start=\"2159\" data-end=\"2224\">A legjobb hely a Blue Vaders 220mg MDMA online v\u00e1s\u00e1rl\u00e1s\u00e1ra:<\/p>\n<ul data-start=\"2226\" data-end=\"2399\">\n<li data-start=\"2226\" data-end=\"2281\">\n<p data-start=\"2228\" data-end=\"2281\">Biztons\u00e1gos \u00e9s diszkr\u00e9t fizet\u00e9si m\u00f3dok \u00e9s sz\u00e1ll\u00edt\u00e1s<\/p>\n<\/li>\n<li data-start=\"2282\" data-end=\"2312\">\n<p data-start=\"2284\" data-end=\"2312\">\u00c1tl\u00e1that\u00f3 laborat\u00f3riumi jelent\u00e9sek<\/p>\n<\/li>\n<li data-start=\"2313\" data-end=\"2343\">\n<p data-start=\"2315\" data-end=\"2343\">Pozit\u00edv v\u00e1s\u00e1rl\u00f3i v\u00e9lem\u00e9nyek<\/p>\n<\/li>\n<li data-start=\"2344\" data-end=\"2371\">\n<p data-start=\"2346\" data-end=\"2371\">Egy\u00e9rtelm\u0171 adagol\u00e1si utas\u00edt\u00e1sok<\/p>\n<\/li>\n<li data-start=\"2372\" data-end=\"2399\">\n<p data-start=\"2374\" data-end=\"2399\">Gyors \u00fcgyf\u00e9lszolg\u00e1lat<\/p>\n<\/li>\n<\/ul>\n<h3 data-start=\"2401\" data-end=\"2435\">A jogi helyzet \u00e1ttekint\u00e9se<\/h3>\n<p data-start=\"2437\" data-end=\"2725\">Az MDMA, bele\u00e9rtve a Blue Vader 220 mg-os MDMA-j\u00e1t is, sz\u00e1mos orsz\u00e1gban ellen\u0151rz\u00f6tt anyag. Egyes r\u00e9gi\u00f3kban azonban kutat\u00e1si vagy orvosi c\u00e9lokra mentess\u00e9get biztos\u00edtanak. Mindig ellen\u0151rizze az orsz\u00e1ga t\u00f6rv\u00e9nyeit, miel\u0151tt Blue Vaders 220 mg MDMA-t v\u00e1s\u00e1rolna online.<\/p>\n<h3 data-start=\"2727\" data-end=\"2746\">\u00c1r \u00e1ttekint\u00e9s<\/h3>\n<p data-start=\"2748\" data-end=\"2945\">A Blue Vaders 220 mg MDMA \u00e1ra a sz\u00e1ll\u00edt\u00f3t\u00f3l, a mennyis\u00e9gt\u0151l \u00e9s a tisztas\u00e1gt\u00f3l f\u00fcgg. A j\u00f3 h\u00edr\u0171 \u00fczletek tisztess\u00e9ges \u00e1rakat k\u00edn\u00e1lnak garant\u00e1lt min\u0151s\u00e9ggel. A bizony\u00edt\u00e9k n\u00e9lk\u00fcli olcs\u00f3 aj\u00e1nlatokat ker\u00fclni kell.<\/p>\n<h3 data-start=\"3254\" data-end=\"3288\">Felel\u0151s haszn\u00e1lat<\/h3>\n<ul data-start=\"3290\" data-end=\"3491\">\n<li data-start=\"3290\" data-end=\"3333\">\n<p data-start=\"3292\" data-end=\"3333\">Szigor\u00faan tartsa be az adagol\u00e1si aj\u00e1nl\u00e1sokat<\/p>\n<\/li>\n<li data-start=\"3334\" data-end=\"3386\">\n<p data-start=\"3336\" data-end=\"3386\">Igy\u00e1l eleget, de ne t\u00fal sokat folyad\u00e9kot<\/p>\n<\/li>\n<li data-start=\"3387\" data-end=\"3418\">\n<p data-start=\"3389\" data-end=\"3418\">Fogyaszt\u00e1s biztons\u00e1gos k\u00f6rnyezetben<\/p>\n<\/li>\n<li data-start=\"3419\" data-end=\"3463\">\n<p data-start=\"3421\" data-end=\"3463\">Nem kombin\u00e1lhat\u00f3 m\u00e1s anyagokkal<\/p>\n<\/li>\n<li data-start=\"3464\" data-end=\"3491\">\n<p data-start=\"3466\" data-end=\"3491\">Tervezze meg a helyre\u00e1ll\u00edt\u00e1si id\u0151t<\/p>\n<\/li>\n<\/ul>\n<p data-start=\"3493\" data-end=\"3579\">\u00cdgy a Blue Vaders 220mg MDMA online v\u00e1s\u00e1rl\u00e1sban rejl\u0151 lehet\u0151s\u00e9gek biztons\u00e1gosan kihaszn\u00e1lhat\u00f3k.<\/p>\n<h3 data-start=\"3581\" data-end=\"3591\">K\u00f6vetkeztet\u00e9s<\/h3>\n<p data-start=\"3593\" data-end=\"4007\">A Blue Vaders 220 mg MDMA online v\u00e1s\u00e1rl\u00e1sa megb\u00edzhat\u00f3 kutat\u00e1si forr\u00e1sb\u00f3l a legjobb v\u00e1laszt\u00e1s a tisztas\u00e1got, er\u0151t \u00e9s biztons\u00e1got keres\u0151 felhaszn\u00e1l\u00f3k sz\u00e1m\u00e1ra. Ha tudni szeretn\u00e9, hogy hol v\u00e1s\u00e1rolhat Blue Vaders 220 mg MDMA-t, csak ellen\u0151rz\u00f6tt besz\u00e1ll\u00edt\u00f3kat haszn\u00e1ljon. A tisztess\u00e9ges Blue Vaders 220 mg MDMA \u00e1rk\u00e9pz\u00e9ssel, diszkr\u00e9t sz\u00e1ll\u00edt\u00e1ssal \u00e9s szigor\u00fa min\u0151s\u00e9gellen\u0151rz\u00e9ssel az online v\u00e1s\u00e1rl\u00e1s biztons\u00e1gos \u00e9s megb\u00edzhat\u00f3 megold\u00e1st k\u00edn\u00e1l.<\/p>","protected":false},"excerpt":{"rendered":"<p><strong>Blue Vaders 220mg MDMA<\/strong> nab\u00edz\u00ed silnou d\u00e1vku \u010dist\u00e9ho MDMA pro nezapomenuteln\u00fd z\u00e1\u017eitek. Tato tableta je ide\u00e1ln\u00ed pro zku\u0161en\u00e9 u\u017eivatele, kte\u0159\u00ed hledaj\u00ed intenzivn\u00ed euforii, energii a smyslov\u00e9 vjemy. Ka\u017ed\u00e1 tableta je p\u0159\u00edsn\u011b testov\u00e1na na kvalitu a bezpe\u010dnost, co\u017e zaru\u010duje maxim\u00e1ln\u00ed spolehlivost pro va\u0161e akce a festivaly.<\/p>","protected":false},"featured_media":8823,"comment_status":"open","ping_status":"closed","template":"","meta":{"_joinchat":[]},"product_brand":[],"product_cat":[2846],"product_tag":[2187,2190,2191,2189,2186,2188,2017,2164,2018,2015],"class_list":{"0":"post-8788","1":"product","2":"type-product","3":"status-publish","4":"has-post-thumbnail","6":"product_cat-ecstasy-pills","7":"product_tag-220mg-mdma","8":"product_tag-220mg-mdma-kaufen","9":"product_tag-blue-vaders-220mg","10":"product_tag-blue-vaders-kaufen","11":"product_tag-blue-vaders-mdma","12":"product_tag-mdma-220mg-kaufen","13":"product_tag-mdma-kristalle","14":"product_tag-mdma-online-kaufen","15":"product_tag-mdma-zum-verkauf","16":"product_tag-synthetische-drogen","18":"first","19":"instock","20":"shipping-taxable","21":"purchasable","22":"product-type-variable"},"yoast_head":"<!-- This site is optimized with the Yoast SEO plugin v27.5 - https:\/\/yoast.com\/product\/yoast-seo-wordpress\/ -->\n<title>Blue Vaders 220 mg MDMA online Kaufen | Chemgramx<\/title>\n<meta name=\"description\" content=\"In unserem Chemgramx-Shop k\u00f6nnen Sie Blue Vaders 220 mg MDMA zu g\u00fcnstigen Preisen kaufen. Wir handeln ausschlie\u00dflich mit Produkten der Spitzenklasse. Kaufen Sie Blue Vaders 220 mg MDMA jetzt online in unserem Shop. Bestellen Sie gleich!\" \/>\n<meta name=\"robots\" content=\"index, follow, max-snippet:-1, max-image-preview:large, max-video-preview:-1\" \/>\n<link rel=\"canonical\" href=\"https:\/\/chemgramx.com\/hu\/termek-1\/blue-vaders-220mg-mdma-online-vasarlas\/\" \/>\n<meta property=\"og:locale\" content=\"hu_HU\" \/>\n<meta property=\"og:type\" content=\"article\" \/>\n<meta property=\"og:title\" content=\"Blue Vaders 220 mg MDMA online Kaufen | Chemgramx\" \/>\n<meta property=\"og:description\" content=\"In unserem Chemgramx-Shop k\u00f6nnen Sie Blue Vaders 220 mg MDMA zu g\u00fcnstigen Preisen kaufen. Wir handeln ausschlie\u00dflich mit Produkten der Spitzenklasse. Kaufen Sie Blue Vaders 220 mg MDMA jetzt online in unserem Shop. Bestellen Sie gleich!\" \/>\n<meta property=\"og:url\" content=\"https:\/\/chemgramx.com\/hu\/termek-1\/blue-vaders-220mg-mdma-online-vasarlas\/\" \/>\n<meta property=\"og:site_name\" content=\"Chemgramx\" \/>\n<meta property=\"article:modified_time\" content=\"2025-12-11T01:06:19+00:00\" \/>\n<meta property=\"og:image\" content=\"https:\/\/chemgramx.com\/wp-content\/uploads\/2025\/12\/p-11.png\" \/>\n\t<meta property=\"og:image:width\" content=\"600\" \/>\n\t<meta property=\"og:image:height\" content=\"400\" \/>\n\t<meta property=\"og:image:type\" content=\"image\/png\" \/>\n<meta name=\"twitter:card\" content=\"summary_large_image\" \/>\n<meta name=\"twitter:label1\" content=\"Becs\u00fclt olvas\u00e1si id\u0151\" \/>\n\t<meta name=\"twitter:data1\" content=\"3 perc\" \/>\n<script type=\"application\/ld+json\" class=\"yoast-schema-graph\">{\"@context\":\"https:\\\/\\\/schema.org\",\"@graph\":[{\"@type\":\"WebPage\",\"@id\":\"https:\\\/\\\/chemgramx.com\\\/product\\\/blue-vaders-220mg-mdma-online-kaufen\\\/\",\"url\":\"https:\\\/\\\/chemgramx.com\\\/product\\\/blue-vaders-220mg-mdma-online-kaufen\\\/\",\"name\":\"Blue Vaders 220 mg MDMA online Kaufen | Chemgramx\",\"isPartOf\":{\"@id\":\"https:\\\/\\\/chemgramx.com\\\/#website\"},\"primaryImageOfPage\":{\"@id\":\"https:\\\/\\\/chemgramx.com\\\/product\\\/blue-vaders-220mg-mdma-online-kaufen\\\/#primaryimage\"},\"image\":{\"@id\":\"https:\\\/\\\/chemgramx.com\\\/product\\\/blue-vaders-220mg-mdma-online-kaufen\\\/#primaryimage\"},\"thumbnailUrl\":\"https:\\\/\\\/chemgramx.com\\\/wp-content\\\/uploads\\\/2025\\\/12\\\/p-11.png\",\"datePublished\":\"2025-12-11T01:04:48+00:00\",\"dateModified\":\"2025-12-11T01:06:19+00:00\",\"description\":\"In unserem Chemgramx-Shop k\u00f6nnen Sie Blue Vaders 220 mg MDMA zu g\u00fcnstigen Preisen kaufen. Wir handeln ausschlie\u00dflich mit Produkten der Spitzenklasse. Kaufen Sie Blue Vaders 220 mg MDMA jetzt online in unserem Shop. Bestellen Sie gleich!\",\"breadcrumb\":{\"@id\":\"https:\\\/\\\/chemgramx.com\\\/product\\\/blue-vaders-220mg-mdma-online-kaufen\\\/#breadcrumb\"},\"inLanguage\":\"hu\",\"potentialAction\":[{\"@type\":\"ReadAction\",\"target\":[\"https:\\\/\\\/chemgramx.com\\\/product\\\/blue-vaders-220mg-mdma-online-kaufen\\\/\"]}]},{\"@type\":\"ImageObject\",\"inLanguage\":\"hu\",\"@id\":\"https:\\\/\\\/chemgramx.com\\\/product\\\/blue-vaders-220mg-mdma-online-kaufen\\\/#primaryimage\",\"url\":\"https:\\\/\\\/chemgramx.com\\\/wp-content\\\/uploads\\\/2025\\\/12\\\/p-11.png\",\"contentUrl\":\"https:\\\/\\\/chemgramx.com\\\/wp-content\\\/uploads\\\/2025\\\/12\\\/p-11.png\",\"width\":600,\"height\":400},{\"@type\":\"BreadcrumbList\",\"@id\":\"https:\\\/\\\/chemgramx.com\\\/product\\\/blue-vaders-220mg-mdma-online-kaufen\\\/#breadcrumb\",\"itemListElement\":[{\"@type\":\"ListItem\",\"position\":1,\"name\":\"Home\",\"item\":\"https:\\\/\\\/chemgramx.com\\\/\"},{\"@type\":\"ListItem\",\"position\":2,\"name\":\"Shop\",\"item\":\"https:\\\/\\\/chemgramx.com\\\/shop\\\/\"},{\"@type\":\"ListItem\",\"position\":3,\"name\":\"Blue Vaders 220mg MDMA Online kaufen\"}]},{\"@type\":\"WebSite\",\"@id\":\"https:\\\/\\\/chemgramx.com\\\/#website\",\"url\":\"https:\\\/\\\/chemgramx.com\\\/\",\"name\":\"Chemgramx\",\"description\":\"\",\"publisher\":{\"@id\":\"https:\\\/\\\/chemgramx.com\\\/#organization\"},\"potentialAction\":[{\"@type\":\"SearchAction\",\"target\":{\"@type\":\"EntryPoint\",\"urlTemplate\":\"https:\\\/\\\/chemgramx.com\\\/?s={search_term_string}\"},\"query-input\":{\"@type\":\"PropertyValueSpecification\",\"valueRequired\":true,\"valueName\":\"search_term_string\"}}],\"inLanguage\":\"hu\"},{\"@type\":\"Organization\",\"@id\":\"https:\\\/\\\/chemgramx.com\\\/#organization\",\"name\":\"Chemgramx\",\"url\":\"https:\\\/\\\/chemgramx.com\\\/\",\"logo\":{\"@type\":\"ImageObject\",\"inLanguage\":\"hu\",\"@id\":\"https:\\\/\\\/chemgramx.com\\\/#\\\/schema\\\/logo\\\/image\\\/\",\"url\":\"https:\\\/\\\/chemgramx.com\\\/wp-content\\\/uploads\\\/2024\\\/10\\\/final-logo.png\",\"contentUrl\":\"https:\\\/\\\/chemgramx.com\\\/wp-content\\\/uploads\\\/2024\\\/10\\\/final-logo.png\",\"width\":250,\"height\":48,\"caption\":\"Chemgramx\"},\"image\":{\"@id\":\"https:\\\/\\\/chemgramx.com\\\/#\\\/schema\\\/logo\\\/image\\\/\"}}]}<\/script>\n<!-- \/ Yoast SEO plugin. -->","yoast_head_json":{"title":"V\u00e1s\u00e1roljon Blue Vaders 220 mg MDMA-t online | Chemgramx","description":"Chemgramx \u00fczlet\u00fcnkben megfizethet\u0151 \u00e1ron v\u00e1s\u00e1rolhat Blue Vaders 220 mg MDMA-t. Kiz\u00e1r\u00f3lag kiv\u00e1l\u00f3 min\u0151s\u00e9g\u0171 term\u00e9kekkel keresked\u00fcnk. V\u00e1s\u00e1roljon Blue Vaders 220 mg MDMA-t online \u00fczlet\u00fcnkben most. Rendelje meg most!","robots":{"index":"index","follow":"follow","max-snippet":"max-snippet:-1","max-image-preview":"max-image-preview:large","max-video-preview":"max-video-preview:-1"},"canonical":"https:\/\/chemgramx.com\/hu\/termek-1\/blue-vaders-220mg-mdma-online-vasarlas\/","og_locale":"hu_HU","og_type":"article","og_title":"Blue Vaders 220 mg MDMA online Kaufen | Chemgramx","og_description":"In unserem Chemgramx-Shop k\u00f6nnen Sie Blue Vaders 220 mg MDMA zu g\u00fcnstigen Preisen kaufen. Wir handeln ausschlie\u00dflich mit Produkten der Spitzenklasse. Kaufen Sie Blue Vaders 220 mg MDMA jetzt online in unserem Shop. Bestellen Sie gleich!","og_url":"https:\/\/chemgramx.com\/hu\/termek-1\/blue-vaders-220mg-mdma-online-vasarlas\/","og_site_name":"Chemgramx","article_modified_time":"2025-12-11T01:06:19+00:00","og_image":[{"width":600,"height":400,"url":"https:\/\/chemgramx.com\/wp-content\/uploads\/2025\/12\/p-11.png","type":"image\/png"}],"twitter_card":"summary_large_image","twitter_misc":{"Becs\u00fclt olvas\u00e1si id\u0151":"3 perc"},"schema":{"@context":"https:\/\/schema.org","@graph":[{"@type":"WebPage","@id":"https:\/\/chemgramx.com\/product\/blue-vaders-220mg-mdma-online-kaufen\/","url":"https:\/\/chemgramx.com\/product\/blue-vaders-220mg-mdma-online-kaufen\/","name":"V\u00e1s\u00e1roljon Blue Vaders 220 mg MDMA-t online | Chemgramx","isPartOf":{"@id":"https:\/\/chemgramx.com\/#website"},"primaryImageOfPage":{"@id":"https:\/\/chemgramx.com\/product\/blue-vaders-220mg-mdma-online-kaufen\/#primaryimage"},"image":{"@id":"https:\/\/chemgramx.com\/product\/blue-vaders-220mg-mdma-online-kaufen\/#primaryimage"},"thumbnailUrl":"https:\/\/chemgramx.com\/wp-content\/uploads\/2025\/12\/p-11.png","datePublished":"2025-12-11T01:04:48+00:00","dateModified":"2025-12-11T01:06:19+00:00","description":"Chemgramx \u00fczlet\u00fcnkben megfizethet\u0151 \u00e1ron v\u00e1s\u00e1rolhat Blue Vaders 220 mg MDMA-t. Kiz\u00e1r\u00f3lag kiv\u00e1l\u00f3 min\u0151s\u00e9g\u0171 term\u00e9kekkel keresked\u00fcnk. V\u00e1s\u00e1roljon Blue Vaders 220 mg MDMA-t online \u00fczlet\u00fcnkben most. Rendelje meg most!","breadcrumb":{"@id":"https:\/\/chemgramx.com\/product\/blue-vaders-220mg-mdma-online-kaufen\/#breadcrumb"},"inLanguage":"hu","potentialAction":[{"@type":"ReadAction","target":["https:\/\/chemgramx.com\/product\/blue-vaders-220mg-mdma-online-kaufen\/"]}]},{"@type":"ImageObject","inLanguage":"hu","@id":"https:\/\/chemgramx.com\/product\/blue-vaders-220mg-mdma-online-kaufen\/#primaryimage","url":"https:\/\/chemgramx.com\/wp-content\/uploads\/2025\/12\/p-11.png","contentUrl":"https:\/\/chemgramx.com\/wp-content\/uploads\/2025\/12\/p-11.png","width":600,"height":400},{"@type":"BreadcrumbList","@id":"https:\/\/chemgramx.com\/product\/blue-vaders-220mg-mdma-online-kaufen\/#breadcrumb","itemListElement":[{"@type":"ListItem","position":1,"name":"Home","item":"https:\/\/chemgramx.com\/"},{"@type":"ListItem","position":2,"name":"Shop","item":"https:\/\/chemgramx.com\/shop\/"},{"@type":"ListItem","position":3,"name":"Blue Vaders 220mg MDMA Online kaufen"}]},{"@type":"WebSite","@id":"https:\/\/chemgramx.com\/#website","url":"https:\/\/chemgramx.com\/","name":"Chemgramx","description":"","publisher":{"@id":"https:\/\/chemgramx.com\/#organization"},"potentialAction":[{"@type":"SearchAction","target":{"@type":"EntryPoint","urlTemplate":"https:\/\/chemgramx.com\/?s={search_term_string}"},"query-input":{"@type":"PropertyValueSpecification","valueRequired":true,"valueName":"search_term_string"}}],"inLanguage":"hu"},{"@type":"Organization","@id":"https:\/\/chemgramx.com\/#organization","name":"Chemgramx","url":"https:\/\/chemgramx.com\/","logo":{"@type":"ImageObject","inLanguage":"hu","@id":"https:\/\/chemgramx.com\/#\/schema\/logo\/image\/","url":"https:\/\/chemgramx.com\/wp-content\/uploads\/2024\/10\/final-logo.png","contentUrl":"https:\/\/chemgramx.com\/wp-content\/uploads\/2024\/10\/final-logo.png","width":250,"height":48,"caption":"Chemgramx"},"image":{"@id":"https:\/\/chemgramx.com\/#\/schema\/logo\/image\/"}}]}},"_links":{"self":[{"href":"https:\/\/chemgramx.com\/hu\/wp-json\/wp\/v2\/product\/8788","targetHints":{"allow":["GET"]}}],"collection":[{"href":"https:\/\/chemgramx.com\/hu\/wp-json\/wp\/v2\/product"}],"about":[{"href":"https:\/\/chemgramx.com\/hu\/wp-json\/wp\/v2\/types\/product"}],"replies":[{"embeddable":true,"href":"https:\/\/chemgramx.com\/hu\/wp-json\/wp\/v2\/comments?post=8788"}],"wp:featuredmedia":[{"embeddable":true,"href":"https:\/\/chemgramx.com\/hu\/wp-json\/wp\/v2\/media\/8823"}],"wp:attachment":[{"href":"https:\/\/chemgramx.com\/hu\/wp-json\/wp\/v2\/media?parent=8788"}],"wp:term":[{"taxonomy":"product_brand","embeddable":true,"href":"https:\/\/chemgramx.com\/hu\/wp-json\/wp\/v2\/product_brand?post=8788"},{"taxonomy":"product_cat","embeddable":true,"href":"https:\/\/chemgramx.com\/hu\/wp-json\/wp\/v2\/product_cat?post=8788"},{"taxonomy":"product_tag","embeddable":true,"href":"https:\/\/chemgramx.com\/hu\/wp-json\/wp\/v2\/product_tag?post=8788"}],"curies":[{"name":"wp","href":"https:\/\/api.w.org\/{rel}","templated":true}]}}