{"id":8895,"date":"2025-12-11T10:56:39","date_gmt":"2025-12-11T10:56:39","guid":{"rendered":"https:\/\/chemgramx.com\/?post_type=product&#038;p=8895"},"modified":"2025-12-11T11:05:27","modified_gmt":"2025-12-11T11:05:27","slug":"oxycontin-oc-40-mg","status":"publish","type":"product","link":"https:\/\/chemgramx.com\/hu\/product\/oxycontin-oc-40mg\/","title":{"rendered":"V\u00e1s\u00e1roljon Oxycontin OC-t online"},"content":{"rendered":"<p><b>Oxycodone<\/b><span style=\"font-weight: 400;\"> egy rendk\u00edv\u00fcl hat\u00e9kony, f\u00e9lszintetikus opioid, amely k\u00f6zponti szerepet j\u00e1tszik a modern f\u00e1jdalomcsillap\u00edt\u00e1sban. Els\u0151sorban a k\u00f6vetkez\u0151k kezel\u00e9s\u00e9re haszn\u00e1lj\u00e1k <\/span><b>S\u00falyos \u00e9s kr\u00f3nikus f\u00e1jdalom<\/b><span style=\"font-weight: 400;\"> amelyet csak opioid analgetikumokkal lehet megfelel\u0151en kontroll\u00e1lni. Az anyag hat\u00e9kony megold\u00e1st k\u00edn\u00e1l azon betegek sz\u00e1m\u00e1ra, akikn\u00e9l a nem opioid vagy kev\u00e9sb\u00e9 hat\u00e9kony gy\u00f3gyszerek nem v\u00e1ltak be. Mindenekel\u0151tt a k\u00e9sz\u00edtm\u00e9ny a <\/span><b>szab\u00e1lyozott kibocs\u00e1t\u00e1s<\/b><span style=\"font-weight: 400;\"> {40 mg} tabletta) \u00fagy lett kialak\u00edtva, hogy hossz\u00fa ideig tart\u00f3 f\u00e1jdalomcsillap\u00edt\u00e1st biztos\u00edtson. Ez d\u00f6nt\u0151 fontoss\u00e1g\u00fa a kr\u00f3nikus f\u00e1jdalommal k\u00fczd\u0151 betegek \u00e9letmin\u0151s\u00e9g\u00e9nek jelent\u0151s jav\u00edt\u00e1sa szempontj\u00e1b\u00f3l.<\/span><\/p>\n<p><span style=\"font-weight: 400;\">Ez a cikk r\u00e9szletesen elemzi az oxikodon hat\u00f3anyagot, annak farmakol\u00f3giai tulajdons\u00e1gait \u00e9s azt a szigor\u00fa jogi keretet, amely alapj\u00e1n N\u00e9metorsz\u00e1gban felhaszn\u00e1lhat\u00f3.<\/span><\/p>\n<h2><b>Gy\u00f3gyszerprofil \u00e9s farmakol\u00f3gia: A f\u00e1jdalomcsillap\u00edt\u00e1s mechanizmusa<\/b><\/h2>\n<p><span style=\"font-weight: 400;\">Az oxikodon a k\u00f6vetkez\u0151 csoportba tartozik <\/span><b>tiszta opioid receptor agonist\u00e1k<\/b><span style=\"font-weight: 400;\">. Ez azt jelenti, hogy a teljes f\u00e1jdalomcsillap\u00edt\u00f3 hat\u00e1s\u00e1t k\u00f6zvetlen\u00fcl az opioid receptorokhoz k\u00f6t\u0151dve fejti ki.<\/span><\/p>\n<h3><b>Hat\u00e1smechanizmus a k\u00f6zponti idegrendszerben<\/b><\/h3>\n<p><span style=\"font-weight: 400;\">A hat\u00f3anyag a f\u00e1jdalomcsillap\u00edt\u00f3 hat\u00e1s\u00e1t a <\/span><b>Speci\u00e1lis opioid receptorokhoz val\u00f3 k\u00f6t\u0151d\u00e9s<\/b><span style=\"font-weight: 400;\">\u00a0 \u00a0a k\u00f6zponti idegrendszerben (CNS) \u00e9s a gerincvel\u0151ben. E k\u00f6t\u0151d\u00e9s r\u00e9v\u00e9n a <\/span><b>A f\u00e1jdalom \u00e1tvitele g\u00e1tolt<\/b><span style=\"font-weight: 400;\"> \u00e9s ezzel egyidej\u0171leg megv\u00e1ltoztatja a f\u00e1jdalom\u00e9rzetet az agyban. Ez a f\u00e1jdalom\u00e9rzet jelent\u0151s cs\u00f6kken\u00e9s\u00e9hez \u00e9s a f\u00e1jdalomt\u00f3l val\u00f3 \u00e9rzelmi elt\u00e1volod\u00e1shoz vezet.<\/span><\/p>\n<ul>\n<li style=\"font-weight: 400;\" aria-level=\"1\"><b>Nagy hat\u00e9konys\u00e1g:<\/b><span style=\"font-weight: 400;\"> Az oxikodonnak van egy <\/span><b>Nagy f\u00e1jdalomcsillap\u00edt\u00f3 hat\u00e1s<\/b><span style=\"font-weight: 400;\"> on. Ez nagyj\u00e1b\u00f3l hasonl\u00f3 a morfium\u00e9hoz, de gyakran mutat egy <\/span><b><a href=\"\/product\/black-gold-hash-kaufen\/\">jobb<\/a> or\u00e1lis biol\u00f3giai hozz\u00e1f\u00e9rhet\u0151s\u00e9g<\/b><span style=\"font-weight: 400;\">, ami a hossz\u00fa t\u00e1v\u00fa or\u00e1lis ter\u00e1pia kedvelt szer\u00e9v\u00e9 teszi.<\/span><\/li>\n<li style=\"font-weight: 400;\" aria-level=\"1\"><b>Szab\u00e1lyozott hat\u00f3anyag-felszabadul\u00e1s (tart\u00f3s hat\u00f3anyag-felszabadul\u00e1s\u00fa k\u00e9sz\u00edtm\u00e9ny):<\/b><span style=\"font-weight: 400;\"> Az elny\u00fajtott hat\u00f3anyag-lead\u00e1s\u00fa tablett\u00e1kat (pl. az $mathbf{OC}$ formul\u00e1kat) \u00fagy tervezt\u00e9k, hogy a hat\u00f3anyag t\u00f6bb \u00f3r\u00e1n kereszt\u00fcl akt\u00edv maradjon. <\/span><b>Lassan megjelent<\/b><span style=\"font-weight: 400;\"> haszn\u00e1lj\u00e1k. Ez biztos\u00edtja a folyamatos f\u00e1jdalomcsillap\u00edt\u00e1st, elker\u00fcli a plazma cs\u00facskoncentr\u00e1ci\u00f3it, \u00e9s elengedhetetlen a kr\u00f3nikus f\u00e1jdalom hat\u00e9kony kezel\u00e9s\u00e9hez, mivel 12 \u00f3r\u00e1n kereszt\u00fcl folyamatos f\u00e1jdalomcsillap\u00edt\u00e1st tesz lehet\u0151v\u00e9.<\/span><\/li>\n<\/ul>\n<h2><b>Javallatok \u00e9s adagol\u00e1si gyakorlat (40 mg)<\/b><\/h2>\n<p><span style=\"font-weight: 400;\">A {40 mg} adagol\u00e1s egy <\/span><b>Szok\u00e1sos er\u0151ss\u00e9g<\/b><span style=\"font-weight: 400;\"> a s\u00falyos, kr\u00f3nikus f\u00e1jdalom kezel\u00e9s\u00e9re olyan betegekn\u00e9l, akikn\u00e9l <\/span><b>m\u00e1r van opioid-toleranci\u00e1juk<\/b><span style=\"font-weight: 400;\"> \u00e9s magasabb alapadagot ig\u00e9nyelnek a f\u00e1jdalomcsillap\u00edt\u00e1s fenntart\u00e1s\u00e1hoz. \u00c1ltal\u00e1ban nem az opioid-naiv betegek sz\u00e1m\u00e1ra k\u00e9sz\u00fclt.<\/span><\/p>\n<h3><b>Alkalmaz\u00e1s \u00e9s ter\u00e1pi\u00e1s c\u00e9lok<\/b><\/h3>\n<p><span style=\"font-weight: 400;\">Az oxikodon haszn\u00e1lata <\/span><b>csak szigor\u00fa orvosi tan\u00e1csra<\/b><span style=\"font-weight: 400;\"> \u00e9s nagyfok\u00fa <\/span><b>Egy\u00e9ni d\u00f3zistitr\u00e1l\u00e1s<\/b><span style=\"font-weight: 400;\">.<\/span><\/p>\n<ul>\n<li style=\"font-weight: 400;\" aria-level=\"1\"><b>A ter\u00e1pia c\u00e9lja:<\/b><span style=\"font-weight: 400;\"> A kezel\u00e9s els\u0151dleges c\u00e9lja <\/span><b>A betegek \u00e9letmin\u0151s\u00e9ge<\/b><span style=\"font-weight: 400;\"> folyamatos f\u00e1jdalomcsillap\u00edt\u00e1ssal. Ez cs\u00f6kkenti a kr\u00f3nikus f\u00e1jdalommal j\u00e1r\u00f3 fizikai \u00e9s ment\u00e1lis stresszt.<\/span><\/li>\n<li style=\"font-weight: 400;\" aria-level=\"1\"><b>Kiegyens\u00falyozotts\u00e1g:<\/b><span style=\"font-weight: 400;\"> A gy\u00f3gyszeres kezel\u00e9s abbahagy\u00e1s\u00e1nak mindig <\/span><b>lass\u00fa \u00e9s ellen\u0151rz\u00f6tt kiegyenl\u00edt\u00e9s<\/b><span style=\"font-weight: 400;\"> a s\u00falyos elvon\u00e1si t\u00fcnetek elker\u00fcl\u00e9se \u00e9rdek\u00e9ben.<\/span><\/li>\n<li style=\"font-weight: 400;\" aria-level=\"1\"><b>Monitoring:<\/b><span style=\"font-weight: 400;\"> A lehets\u00e9ges kock\u00e1zatok miatt a <\/span><b>\u00c1lland\u00f3 orvosi fel\u00fcgyelet<\/b><span style=\"font-weight: 400;\"> A gy\u00f3gyszer haszn\u00e1lata elengedhetetlen a hat\u00e9konys\u00e1g \u00e9rt\u00e9kel\u00e9s\u00e9hez \u00e9s a mell\u00e9khat\u00e1sok vagy a vissza\u00e9l\u00e9sek korai felismer\u00e9s\u00e9hez.<\/span><\/li>\n<\/ul>\n<h2><b>Biztons\u00e1gi inform\u00e1ci\u00f3k \u00e9s az opioidter\u00e1pia jelent\u0151s kock\u00e1zatai<\/b><\/h2>\n<p><span style=\"font-weight: 400;\">Az oxikodon egy <\/span><b>K\u00e1b\u00edt\u00f3szer<\/b><span style=\"font-weight: 400;\"> \u00e9s jelent\u0151s kock\u00e1zatokat rejt mag\u00e1ban, amelyek szigor\u00fa orvosi fel\u00fcgyeletet \u00e9s a betegek t\u00e1j\u00e9kozott t\u00e1j\u00e9koztat\u00e1s\u00e1t ig\u00e9nylik. A kock\u00e1zatokat gondosan m\u00e9rlegelni kell a ter\u00e1pi\u00e1s el\u0151ny\u00f6kkel szemben.<\/span><\/p>\n<h3><b>F\u0151bb kock\u00e1zatok \u00e9s lehets\u00e9ges v\u00e9szhelyzetek<\/b><\/h3>\n<ol>\n<li style=\"font-weight: 400;\" aria-level=\"1\"><b>F\u00fcgg\u0151s\u00e9g \u00e9s vissza\u00e9l\u00e9s:<\/b><span style=\"font-weight: 400;\"> Az oxikodonnak van egy <\/span><b>Magas els\u0151dleges f\u00fcgg\u0151s\u00e9gi potenci\u00e1l<\/b><span style=\"font-weight: 400;\">. Ez\u00e9rt a bevitel <\/span><b>szigor\u00faan az orvosi el\u0151\u00edr\u00e1snak megfelel\u0151en<\/b><span style=\"font-weight: 400;\"> a f\u00fcgg\u0151s\u00e9g \u00e9s a vissza\u00e9l\u00e9sek kialakul\u00e1s\u00e1nak megel\u0151z\u00e9se. A vissza\u00e9l\u00e9sszer\u0171 haszn\u00e1lat r\u00f6vid t\u00e1v\u00fa euf\u00f3ri\u00e1ja a vissza\u00e9l\u00e9s kock\u00e1zat\u00e1nak hajt\u00f3ereje.<\/span><\/li>\n<li style=\"font-weight: 400;\" aria-level=\"1\"><b>L\u00e9gz\u00e9si depresszi\u00f3 (t\u00faladagol\u00e1s vesz\u00e9lye):<\/b><span style=\"font-weight: 400;\"> A t\u00faladagol\u00e1s, ak\u00e1r nem sz\u00e1nd\u00e9kos, ak\u00e1r vissza\u00e9l\u00e9sszer\u0171, vezethet egy <\/span><b>\u00e9letvesz\u00e9lyes l\u00e9gz\u00e9sdepresszi\u00f3<\/b><span style=\"font-weight: 400;\"> (a l\u00e9gz\u00e9s s\u00falyos lelapul\u00e1sa \u00e9s lelassul\u00e1sa, eg\u00e9szen a l\u00e9gz\u00e9sle\u00e1ll\u00e1sig). Ez az opioidokkal kapcsolatos legkritikusabb v\u00e9szhelyzet.<\/span><\/li>\n<li style=\"font-weight: 400;\" aria-level=\"1\"><b>K\u00f6lcs\u00f6nhat\u00e1sok:<\/b><span style=\"font-weight: 400;\"> A <\/span><b>Alkohol, benzodiazepinek, egy\u00e9b opioidok vagy nyugtat\u00f3k kombin\u00e1ci\u00f3ja<\/b><span style=\"font-weight: 400;\"> rendk\u00edv\u00fcl vesz\u00e9lyes, mivel fokozza a k\u00f6zponti depressz\u00edv hat\u00e1st, k\u00fcl\u00f6n\u00f6sen a l\u00e9gz\u00e9sdepresszi\u00f3t. Ez a kombin\u00e1ci\u00f3 gyakran hal\u00e1los t\u00faladagol\u00e1sok oka.<\/span><\/li>\n<li style=\"font-weight: 400;\" aria-level=\"1\"><b>Toleranciafejleszt\u00e9s:<\/b><span style=\"font-weight: 400;\"> A gy\u00f3gyszer hat\u00e9konys\u00e1ga a tolerancia kialakul\u00e1sa miatt hossz\u00fa t\u00e1v\u00fa alkalmaz\u00e1s eset\u00e9n cs\u00f6kkenhet. Ez a kezel\u0151orvos r\u00e9sz\u00e9r\u0151l az adag gondos \u00fajb\u00f3li be\u00e1ll\u00edt\u00e1s\u00e1t ig\u00e9nyli.<\/span><\/li>\n<\/ol>\n<h2><b>Jogi helyzet N\u00e9metorsz\u00e1gban: A k\u00e1b\u00edt\u00f3szert\u00f6rv\u00e9ny (BtMG)<\/b><\/h2>\n<p><span style=\"font-weight: 400;\">N\u00e9metorsz\u00e1gban az oxikodonra a <\/span><b>K\u00e1b\u00edt\u00f3szert\u00f6rv\u00e9ny (BtMG)<\/b><span style=\"font-weight: 400;\">. Ez a jogi besorol\u00e1s meghat\u00e1roz\u00f3 az anyag kezel\u00e9se, adagol\u00e1sa \u00e9s t\u00e1rol\u00e1sa szempontj\u00e1b\u00f3l.<\/span><\/p>\n<h3><b>Szigor\u00fa szab\u00e1lyoz\u00e1si k\u00f6vetelm\u00e9nyek<\/b><\/h3>\n<ul>\n<li style=\"font-weight: 400;\" aria-level=\"1\"><b>Csak v\u00e9nyk\u00f6teles:<\/b><span style=\"font-weight: 400;\"> Az oxikodon minden egyes kiad\u00e1sa, birtokl\u00e1sa \u00e9s felhaszn\u00e1l\u00e1sa a k\u00f6vetkez\u0151kh\u00f6z k\u00f6t\u00f6tt <\/span><b>Speci\u00e1lis, h\u00e1rom r\u00e9szb\u0151l \u00e1ll\u00f3 \u00e9rz\u00e9stelen\u00edt\u0151 v\u00e9ny<\/b><span style=\"font-weight: 400;\">. Ez a v\u00e9ny szigor\u00faan szab\u00e1lyozott, \u00e9s azt orvosnak kell ki\u00e1ll\u00edtania a k\u00fcl\u00f6nleges formai k\u00f6vetelm\u00e9nyeknek megfelel\u0151en.<\/span><\/li>\n<li style=\"font-weight: 400;\" aria-level=\"1\"><b>Gy\u00f3gyszert\u00e1ri k\u00f6telezetts\u00e9g \u00e9s ellen\u0151rz\u00e9s:<\/b><span style=\"font-weight: 400;\"> A beszerz\u00e9s <\/span><b>kiz\u00e1r\u00f3lag enged\u00e9llyel rendelkez\u0151 gy\u00f3gyszert\u00e1rakban<\/b><span style=\"font-weight: 400;\"> A BtM-receptek haszn\u00e1lat\u00e1t a hat\u00f3s\u00e1gok enged\u00e9lyezik, akik k\u00f6telesek azokat gondosan ellen\u0151rizni \u00e9s hosszabb id\u0151re archiv\u00e1lni.<\/span><\/li>\n<li style=\"font-weight: 400;\" aria-level=\"1\"><b>Az online v\u00e1s\u00e1rl\u00e1sok jogelleness\u00e9ge:<\/b><span style=\"font-weight: 400;\"> A <\/span><b>El\u0151\u00edr\u00e1son k\u00edv\u00fcli beszerz\u00e9s \u00e9s kereskedelem<\/b><span style=\"font-weight: 400;\"> (k\u00fcl\u00f6n\u00f6sen az enged\u00e9ly n\u00e9lk\u00fcli forr\u00e1sok online v\u00e1s\u00e1rl\u00e1sa) N\u00e9metorsz\u00e1gban tilos. <\/span><b>illeg\u00e1lis<\/b><span style=\"font-weight: 400;\"> \u00e9s szigor\u00faan b\u00fcntet\u0151jogi \u00e9s hat\u00f3s\u00e1gi felel\u0151ss\u00e9gre von\u00e1s al\u00e1 esik. Az illeg\u00e1lis forr\u00e1sok a hamis\u00edtott k\u00e9sz\u00edtm\u00e9nyek kock\u00e1zat\u00e1t is magukban hordozz\u00e1k, amelyek nem megfelel\u0151 mennyis\u00e9g\u0171 hat\u00f3anyagot vagy er\u0151sen m\u00e9rgez\u0151 szennyez\u0151d\u00e9seket tartalmazhatnak.<\/span><\/li>\n<\/ul>\n<p><span style=\"font-weight: 400;\">A BtMG szigor\u00fa betart\u00e1sa a k\u00f6zeg\u00e9szs\u00e9g\u00fcgy v\u00e9delm\u00e9t \u00e9s a vissza\u00e9l\u00e9sek megel\u0151z\u00e9s\u00e9t szolg\u00e1lja. Biztos\u00edtja, hogy az oxikodont csak akkor haszn\u00e1lj\u00e1k, ha az orvosilag indokolt \u00e9s biztons\u00e1gosan ellen\u0151rz\u00f6tt.<\/span><\/p>","protected":false},"excerpt":{"rendered":"<p data-start=\"2017\" data-end=\"2166\">Oxycontin OC 40mg - er\u0151s oxikodon alap\u00fa f\u00e1jdalomcsillap\u00edt\u00f3. Hosszan tart\u00f3 hat\u00e1s, bevizsg\u00e1lt min\u0151s\u00e9g \u00e9s diszkr\u00e9t sz\u00e1ll\u00edt\u00e1s N\u00e9metorsz\u00e1gban \u00e9s az EU-ban.<\/p>","protected":false},"featured_media":8771,"comment_status":"open","ping_status":"closed","template":"","meta":{"_joinchat":[]},"product_brand":[],"product_cat":[62],"product_tag":[],"class_list":{"0":"post-8895","1":"product","2":"type-product","3":"status-publish","4":"has-post-thumbnail","6":"product_cat-marijuana","8":"first","9":"instock","10":"shipping-taxable","11":"purchasable","12":"product-type-variable"},"yoast_head":"<!-- This site is optimized with the Yoast SEO plugin v27.5 - https:\/\/yoast.com\/product\/yoast-seo-wordpress\/ -->\n<title>Oxycontin OC 40mg online kaufen | Schmerzmittel<\/title>\n<meta name=\"description\" content=\"Oxycontin OC 40mg kaufen \u2013 starkes Schmerzmittel f\u00fcr chronische Schmerzen. Diskreter Versand in Deutschland &amp; EU f\u00fcr sichere und zuverl\u00e4ssige Wirkung.\" \/>\n<meta name=\"robots\" content=\"index, follow, max-snippet:-1, max-image-preview:large, max-video-preview:-1\" \/>\n<link rel=\"canonical\" href=\"https:\/\/chemgramx.com\/hu\/termek-1\/oxycontin-oc-40-mg\/\" \/>\n<meta property=\"og:locale\" content=\"hu_HU\" \/>\n<meta property=\"og:type\" content=\"article\" \/>\n<meta property=\"og:title\" content=\"Oxycontin OC 40mg online kaufen | Schmerzmittel\" \/>\n<meta property=\"og:description\" content=\"Oxycontin OC 40mg kaufen \u2013 starkes Schmerzmittel f\u00fcr chronische Schmerzen. Diskreter Versand in Deutschland &amp; EU f\u00fcr sichere und zuverl\u00e4ssige Wirkung.\" \/>\n<meta property=\"og:url\" content=\"https:\/\/chemgramx.com\/hu\/termek-1\/oxycontin-oc-40-mg\/\" \/>\n<meta property=\"og:site_name\" content=\"Chemgramx\" \/>\n<meta property=\"article:modified_time\" content=\"2025-12-11T11:05:27+00:00\" \/>\n<meta property=\"og:image\" content=\"https:\/\/chemgramx.com\/wp-content\/uploads\/2025\/12\/oxycontin-oc-40mg.jpeg\" \/>\n\t<meta property=\"og:image:width\" content=\"1600\" \/>\n\t<meta property=\"og:image:height\" content=\"1199\" \/>\n\t<meta property=\"og:image:type\" content=\"image\/jpeg\" \/>\n<meta name=\"twitter:card\" content=\"summary_large_image\" \/>\n<meta name=\"twitter:label1\" content=\"Becs\u00fclt olvas\u00e1si id\u0151\" \/>\n\t<meta name=\"twitter:data1\" content=\"4 perc\" \/>\n<script type=\"application\/ld+json\" class=\"yoast-schema-graph\">{\"@context\":\"https:\\\/\\\/schema.org\",\"@graph\":[{\"@type\":\"WebPage\",\"@id\":\"https:\\\/\\\/chemgramx.com\\\/product\\\/oxycontin-oc-40mg\\\/\",\"url\":\"https:\\\/\\\/chemgramx.com\\\/product\\\/oxycontin-oc-40mg\\\/\",\"name\":\"Oxycontin OC 40mg online kaufen | Schmerzmittel\",\"isPartOf\":{\"@id\":\"https:\\\/\\\/chemgramx.com\\\/#website\"},\"primaryImageOfPage\":{\"@id\":\"https:\\\/\\\/chemgramx.com\\\/product\\\/oxycontin-oc-40mg\\\/#primaryimage\"},\"image\":{\"@id\":\"https:\\\/\\\/chemgramx.com\\\/product\\\/oxycontin-oc-40mg\\\/#primaryimage\"},\"thumbnailUrl\":\"https:\\\/\\\/chemgramx.com\\\/wp-content\\\/uploads\\\/2025\\\/12\\\/oxycontin-oc-40mg.jpeg\",\"datePublished\":\"2025-12-11T10:56:39+00:00\",\"dateModified\":\"2025-12-11T11:05:27+00:00\",\"description\":\"Oxycontin OC 40mg kaufen \u2013 starkes Schmerzmittel f\u00fcr chronische Schmerzen. Diskreter Versand in Deutschland & EU f\u00fcr sichere und zuverl\u00e4ssige Wirkung.\",\"breadcrumb\":{\"@id\":\"https:\\\/\\\/chemgramx.com\\\/product\\\/oxycontin-oc-40mg\\\/#breadcrumb\"},\"inLanguage\":\"hu\",\"potentialAction\":[{\"@type\":\"ReadAction\",\"target\":[\"https:\\\/\\\/chemgramx.com\\\/product\\\/oxycontin-oc-40mg\\\/\"]}]},{\"@type\":\"ImageObject\",\"inLanguage\":\"hu\",\"@id\":\"https:\\\/\\\/chemgramx.com\\\/product\\\/oxycontin-oc-40mg\\\/#primaryimage\",\"url\":\"https:\\\/\\\/chemgramx.com\\\/wp-content\\\/uploads\\\/2025\\\/12\\\/oxycontin-oc-40mg.jpeg\",\"contentUrl\":\"https:\\\/\\\/chemgramx.com\\\/wp-content\\\/uploads\\\/2025\\\/12\\\/oxycontin-oc-40mg.jpeg\",\"width\":1600,\"height\":1199},{\"@type\":\"BreadcrumbList\",\"@id\":\"https:\\\/\\\/chemgramx.com\\\/product\\\/oxycontin-oc-40mg\\\/#breadcrumb\",\"itemListElement\":[{\"@type\":\"ListItem\",\"position\":1,\"name\":\"Home\",\"item\":\"https:\\\/\\\/chemgramx.com\\\/\"},{\"@type\":\"ListItem\",\"position\":2,\"name\":\"Shop\",\"item\":\"https:\\\/\\\/chemgramx.com\\\/shop\\\/\"},{\"@type\":\"ListItem\",\"position\":3,\"name\":\"Kaufen Oxycontin OC online\"}]},{\"@type\":\"WebSite\",\"@id\":\"https:\\\/\\\/chemgramx.com\\\/#website\",\"url\":\"https:\\\/\\\/chemgramx.com\\\/\",\"name\":\"Chemgramx\",\"description\":\"\",\"publisher\":{\"@id\":\"https:\\\/\\\/chemgramx.com\\\/#organization\"},\"potentialAction\":[{\"@type\":\"SearchAction\",\"target\":{\"@type\":\"EntryPoint\",\"urlTemplate\":\"https:\\\/\\\/chemgramx.com\\\/?s={search_term_string}\"},\"query-input\":{\"@type\":\"PropertyValueSpecification\",\"valueRequired\":true,\"valueName\":\"search_term_string\"}}],\"inLanguage\":\"hu\"},{\"@type\":\"Organization\",\"@id\":\"https:\\\/\\\/chemgramx.com\\\/#organization\",\"name\":\"Chemgramx\",\"url\":\"https:\\\/\\\/chemgramx.com\\\/\",\"logo\":{\"@type\":\"ImageObject\",\"inLanguage\":\"hu\",\"@id\":\"https:\\\/\\\/chemgramx.com\\\/#\\\/schema\\\/logo\\\/image\\\/\",\"url\":\"https:\\\/\\\/chemgramx.com\\\/wp-content\\\/uploads\\\/2024\\\/10\\\/final-logo.png\",\"contentUrl\":\"https:\\\/\\\/chemgramx.com\\\/wp-content\\\/uploads\\\/2024\\\/10\\\/final-logo.png\",\"width\":250,\"height\":48,\"caption\":\"Chemgramx\"},\"image\":{\"@id\":\"https:\\\/\\\/chemgramx.com\\\/#\\\/schema\\\/logo\\\/image\\\/\"}}]}<\/script>\n<!-- \/ Yoast SEO plugin. -->","yoast_head_json":{"title":"Oxycontin OC 40mg online v\u00e1s\u00e1rl\u00e1s | F\u00e1jdalomcsillap\u00edt\u00f3k","description":"V\u00e1s\u00e1roljon Oxycontin OC 40mg - er\u0151s f\u00e1jdalomcsillap\u00edt\u00f3 kr\u00f3nikus f\u00e1jdalomra. Diszkr\u00e9t sz\u00e1ll\u00edt\u00e1s N\u00e9metorsz\u00e1gban \u00e9s az EU-ban a biztons\u00e1gos \u00e9s megb\u00edzhat\u00f3 hat\u00e1sok\u00e9rt.","robots":{"index":"index","follow":"follow","max-snippet":"max-snippet:-1","max-image-preview":"max-image-preview:large","max-video-preview":"max-video-preview:-1"},"canonical":"https:\/\/chemgramx.com\/hu\/termek-1\/oxycontin-oc-40-mg\/","og_locale":"hu_HU","og_type":"article","og_title":"Oxycontin OC 40mg online kaufen | Schmerzmittel","og_description":"Oxycontin OC 40mg kaufen \u2013 starkes Schmerzmittel f\u00fcr chronische Schmerzen. Diskreter Versand in Deutschland & EU f\u00fcr sichere und zuverl\u00e4ssige Wirkung.","og_url":"https:\/\/chemgramx.com\/hu\/termek-1\/oxycontin-oc-40-mg\/","og_site_name":"Chemgramx","article_modified_time":"2025-12-11T11:05:27+00:00","og_image":[{"width":1600,"height":1199,"url":"https:\/\/chemgramx.com\/wp-content\/uploads\/2025\/12\/oxycontin-oc-40mg.jpeg","type":"image\/jpeg"}],"twitter_card":"summary_large_image","twitter_misc":{"Becs\u00fclt olvas\u00e1si id\u0151":"4 perc"},"schema":{"@context":"https:\/\/schema.org","@graph":[{"@type":"WebPage","@id":"https:\/\/chemgramx.com\/product\/oxycontin-oc-40mg\/","url":"https:\/\/chemgramx.com\/product\/oxycontin-oc-40mg\/","name":"Oxycontin OC 40mg online v\u00e1s\u00e1rl\u00e1s | F\u00e1jdalomcsillap\u00edt\u00f3k","isPartOf":{"@id":"https:\/\/chemgramx.com\/#website"},"primaryImageOfPage":{"@id":"https:\/\/chemgramx.com\/product\/oxycontin-oc-40mg\/#primaryimage"},"image":{"@id":"https:\/\/chemgramx.com\/product\/oxycontin-oc-40mg\/#primaryimage"},"thumbnailUrl":"https:\/\/chemgramx.com\/wp-content\/uploads\/2025\/12\/oxycontin-oc-40mg.jpeg","datePublished":"2025-12-11T10:56:39+00:00","dateModified":"2025-12-11T11:05:27+00:00","description":"V\u00e1s\u00e1roljon Oxycontin OC 40mg - er\u0151s f\u00e1jdalomcsillap\u00edt\u00f3 kr\u00f3nikus f\u00e1jdalomra. Diszkr\u00e9t sz\u00e1ll\u00edt\u00e1s N\u00e9metorsz\u00e1gban \u00e9s az EU-ban a biztons\u00e1gos \u00e9s megb\u00edzhat\u00f3 hat\u00e1sok\u00e9rt.","breadcrumb":{"@id":"https:\/\/chemgramx.com\/product\/oxycontin-oc-40mg\/#breadcrumb"},"inLanguage":"hu","potentialAction":[{"@type":"ReadAction","target":["https:\/\/chemgramx.com\/product\/oxycontin-oc-40mg\/"]}]},{"@type":"ImageObject","inLanguage":"hu","@id":"https:\/\/chemgramx.com\/product\/oxycontin-oc-40mg\/#primaryimage","url":"https:\/\/chemgramx.com\/wp-content\/uploads\/2025\/12\/oxycontin-oc-40mg.jpeg","contentUrl":"https:\/\/chemgramx.com\/wp-content\/uploads\/2025\/12\/oxycontin-oc-40mg.jpeg","width":1600,"height":1199},{"@type":"BreadcrumbList","@id":"https:\/\/chemgramx.com\/product\/oxycontin-oc-40mg\/#breadcrumb","itemListElement":[{"@type":"ListItem","position":1,"name":"Home","item":"https:\/\/chemgramx.com\/"},{"@type":"ListItem","position":2,"name":"Shop","item":"https:\/\/chemgramx.com\/shop\/"},{"@type":"ListItem","position":3,"name":"Kaufen Oxycontin OC online"}]},{"@type":"WebSite","@id":"https:\/\/chemgramx.com\/#website","url":"https:\/\/chemgramx.com\/","name":"Chemgramx","description":"","publisher":{"@id":"https:\/\/chemgramx.com\/#organization"},"potentialAction":[{"@type":"SearchAction","target":{"@type":"EntryPoint","urlTemplate":"https:\/\/chemgramx.com\/?s={search_term_string}"},"query-input":{"@type":"PropertyValueSpecification","valueRequired":true,"valueName":"search_term_string"}}],"inLanguage":"hu"},{"@type":"Organization","@id":"https:\/\/chemgramx.com\/#organization","name":"Chemgramx","url":"https:\/\/chemgramx.com\/","logo":{"@type":"ImageObject","inLanguage":"hu","@id":"https:\/\/chemgramx.com\/#\/schema\/logo\/image\/","url":"https:\/\/chemgramx.com\/wp-content\/uploads\/2024\/10\/final-logo.png","contentUrl":"https:\/\/chemgramx.com\/wp-content\/uploads\/2024\/10\/final-logo.png","width":250,"height":48,"caption":"Chemgramx"},"image":{"@id":"https:\/\/chemgramx.com\/#\/schema\/logo\/image\/"}}]}},"_links":{"self":[{"href":"https:\/\/chemgramx.com\/hu\/wp-json\/wp\/v2\/product\/8895","targetHints":{"allow":["GET"]}}],"collection":[{"href":"https:\/\/chemgramx.com\/hu\/wp-json\/wp\/v2\/product"}],"about":[{"href":"https:\/\/chemgramx.com\/hu\/wp-json\/wp\/v2\/types\/product"}],"replies":[{"embeddable":true,"href":"https:\/\/chemgramx.com\/hu\/wp-json\/wp\/v2\/comments?post=8895"}],"wp:featuredmedia":[{"embeddable":true,"href":"https:\/\/chemgramx.com\/hu\/wp-json\/wp\/v2\/media\/8771"}],"wp:attachment":[{"href":"https:\/\/chemgramx.com\/hu\/wp-json\/wp\/v2\/media?parent=8895"}],"wp:term":[{"taxonomy":"product_brand","embeddable":true,"href":"https:\/\/chemgramx.com\/hu\/wp-json\/wp\/v2\/product_brand?post=8895"},{"taxonomy":"product_cat","embeddable":true,"href":"https:\/\/chemgramx.com\/hu\/wp-json\/wp\/v2\/product_cat?post=8895"},{"taxonomy":"product_tag","embeddable":true,"href":"https:\/\/chemgramx.com\/hu\/wp-json\/wp\/v2\/product_tag?post=8895"}],"curies":[{"name":"wp","href":"https:\/\/api.w.org\/{rel}","templated":true}]}}