{"id":2875,"date":"2025-10-18T14:31:04","date_gmt":"2025-10-18T14:31:04","guid":{"rendered":"https:\/\/chemgramx.com\/?post_type=product&#038;p=2875"},"modified":"2026-05-06T06:04:31","modified_gmt":"2026-05-06T06:04:31","slug":"gewaschenes-kokain","status":"publish","type":"product","link":"https:\/\/chemgramx.com\/it\/product\/gewaschenes-kokain\/","title":{"rendered":"Gewaschenes Kokain zu verkaufen"},"content":{"rendered":"<h1><strong>Lavada-Kokain zu verkaufen<\/strong><\/h1>\n<p class=\"_1qeIAgB0cPwnLhDF9XSiJM\">Ich dachte mir, ich frage euch mal nach euren Erfahrungen mit Lavada. Welchen Geschmack hattet ihr? Wie hat es euch geschmeckt? F\u00fcr alle, die\u00a0Lavada\u00a0nicht kennen: Lavada bedeutet auf Spanisch: gereinigt\/gewaschen. Mexikaner nennen es\u00a0Lavada\u00a0, weil es richtig gutes Kokain ist oder mit Aceton gewaschenes Kokain, gestreckt mit Aroma. Es ist immer in Pulverform, ich habe es noch nie in Pulverform gesehen. Erdbeere ist wahrscheinlich die h\u00e4ufigste Sorte. Wir haben Lavada-Kokain im Angebot. Wenn Sie also online nach gewaschenem Lavada-Kokain suchen, sind Sie hier richtig. Wir sind die beste Adresse, um Lavada-Kokain online zu bestellen.<\/p>\n<h2><strong>Kaufen Sie Lavada-Kokain online<\/strong><\/h2>\n<p>Wir sind auf bestimmten M\u00e4rkten im Darknet vertreten. Dennoch verkaufen wir ausschlie\u00dflich hier. Der Verkauf erfolgt ausschlie\u00dflich online, au\u00dfer bei Gro\u00dfbestellungen. <a href=\"https:\/\/chemgramx.com\/it\/product-category\/cocaine\/\">Konzentrierte<\/a> Gesch\u00e4ftsbereiche werden gelegentlich beschlagnahmt, gehackt oder ihre Leiter f\u00fchren illegale Aktionen durch. In beiden F\u00e4llen k\u00f6nnen weder H\u00e4ndler noch Kunden ihre Verm\u00f6genswerte zur\u00fcckerhalten. Lavada-Kokain mit Erdbeergeschmack.<\/p>\n<h2>Kokain online kaufen | Kokain online bestellen | Kokain zu verkaufen<\/h2>\n<p><b>Kokain (Benzoylmethylecgonin)<\/b>\u00a0(INN) ist ein kristallines Tropanalkaloid, das aus den Bl\u00e4ttern der\u00a0<span class=\"new\" title=\"Coca (Seite existiert nicht)\" data-uncrawlable-url=\"L3dpa2kvQ29jYT9hY3Rpb249ZWRpdCZyZWRsaW5rPTE=\">Kokapflanze gewonnen wird. Der Name leitet sich von \u201eCoca\u201c und der Alkaloid-Endung\u00a0<\/span><i>-in<\/i>\u00a0ab\u00a0und bildet\u00a0<i>Kokain<\/i>\u00a0. Es wirkt stimulierend auf das zentrale Nervensystem, unterdr\u00fcckt den Appetit und wirkt lokal an\u00e4sthetisch.<\/p>\n<h2>Bestellen Sie Lavada-Kokain online<\/h2>\n<div class=\"woocommerce-product-details__short-description\">\n<p><strong>Wie man Kokain verwendet<\/strong><\/p>\n<\/div>\n<p>Kokain ist ein starkes Stimulans, das haupts\u00e4chlich als Freizeitdroge konsumiert wird und auch als White Girl, White, White Powder, Coca oder Coke bekannt ist. Es wird h\u00e4ufig geschnupft. Psychische Auswirkungen k\u00f6nnen Realit\u00e4tsverlust, intensive Gl\u00fccksgef\u00fchle oder Unruhe sein. K\u00f6rperliche Symptome k\u00f6nnen Herzrasen, Schwitzen und erweiterte Pupillen sein. Die Wirkung setzt innerhalb von Sekunden bis Minuten nach dem Konsum ein und h\u00e4lt zwischen f\u00fcnf und neunzig Minuten an. Kokain hat eine kleine Anzahl anerkannter medizinischer Anwendungen, beispielsweise zur Bet\u00e4ubung und zur Linderung von Blutungen bei Nasenoperationen.<\/p>\n<p>Es handelt sich um einen Extrakt aus Kokabl\u00e4ttern. Kokain wurde urspr\u00fcnglich als Schmerzmittel entwickelt. Es stimuliert das zentrale Nervensystem stark und erh\u00f6ht den Dopaminspiegel im Gehirn, der Lust und Bewegung reguliert. Wir verkaufen hochwertiges Kokainpulver mit einer durchschnittlichen Reinheit von 97\u201399 %. Kaufen Sie unser\u00a0Kokain online\u00a0und erleben Sie seine nat\u00fcrliche Qualit\u00e4t.<\/p>","protected":false},"excerpt":{"rendered":"<p>Kokain (Benzoylmethylecgonin) (INN) ist ein kristallines Tropanalkaloid, das aus den Bl\u00e4ttern der Kokapflanze gewonnen wird.<\/p>","protected":false},"featured_media":0,"comment_status":"closed","ping_status":"closed","template":"","meta":{"_joinchat":[]},"product_brand":[],"product_cat":[43],"product_tag":[3034,3033],"class_list":{"0":"post-2875","1":"product","2":"type-product","3":"status-publish","5":"product_cat-chemgramx","6":"product_tag-kaufen-sie-lavada-kokain","7":"product_tag-kokain","9":"first","10":"instock","11":"shipping-taxable","12":"purchasable","13":"product-type-simple"},"yoast_head":"<!-- This site is optimized with the Yoast SEO plugin v26.1.1 - https:\/\/yoast.com\/wordpress\/plugins\/seo\/ -->\n<title>Gewaschenes Kokain zu verkaufen - Chemgramx<\/title>\n<meta name=\"description\" content=\"Kokain (Benzoylmethylecgonin) (INN) ist ein kristallines Tropanalkaloid, das aus den Bl\u00e4ttern der Kokapflanze gewonnen wird.\" \/>\n<meta name=\"robots\" content=\"index, follow, max-snippet:-1, max-image-preview:large, max-video-preview:-1\" \/>\n<link rel=\"canonical\" href=\"https:\/\/chemgramx.com\/it\/product\/gewaschenes-kokain\/\" \/>\n<meta property=\"og:locale\" content=\"it_IT\" \/>\n<meta property=\"og:type\" content=\"article\" \/>\n<meta property=\"og:title\" content=\"Gewaschenes Kokain zu verkaufen - Chemgramx\" \/>\n<meta property=\"og:description\" content=\"Kokain (Benzoylmethylecgonin) (INN) ist ein kristallines Tropanalkaloid, das aus den Bl\u00e4ttern der Kokapflanze gewonnen wird.\" \/>\n<meta property=\"og:url\" content=\"https:\/\/chemgramx.com\/it\/product\/gewaschenes-kokain\/\" \/>\n<meta property=\"og:site_name\" content=\"Chemgramx\" \/>\n<meta property=\"article:modified_time\" content=\"2026-05-06T06:04:31+00:00\" \/>\n<meta name=\"twitter:card\" content=\"summary_large_image\" \/>\n<meta name=\"twitter:label1\" content=\"Tempo di lettura stimato\" \/>\n\t<meta name=\"twitter:data1\" content=\"2 minuti\" \/>\n<script type=\"application\/ld+json\" class=\"yoast-schema-graph\">{\"@context\":\"https:\/\/schema.org\",\"@graph\":[{\"@type\":\"WebPage\",\"@id\":\"https:\/\/chemgramx.com\/product\/gewaschenes-kokain\/\",\"url\":\"https:\/\/chemgramx.com\/product\/gewaschenes-kokain\/\",\"name\":\"Gewaschenes Kokain zu verkaufen - Chemgramx\",\"isPartOf\":{\"@id\":\"https:\/\/chemgramx.com\/#website\"},\"datePublished\":\"2025-10-18T14:31:04+00:00\",\"dateModified\":\"2026-05-06T06:04:31+00:00\",\"description\":\"Kokain (Benzoylmethylecgonin) (INN) ist ein kristallines Tropanalkaloid, das aus den Bl\u00e4ttern der Kokapflanze gewonnen wird.\",\"breadcrumb\":{\"@id\":\"https:\/\/chemgramx.com\/product\/gewaschenes-kokain\/#breadcrumb\"},\"inLanguage\":\"it-IT\",\"potentialAction\":[{\"@type\":\"ReadAction\",\"target\":[\"https:\/\/chemgramx.com\/product\/gewaschenes-kokain\/\"]}]},{\"@type\":\"BreadcrumbList\",\"@id\":\"https:\/\/chemgramx.com\/product\/gewaschenes-kokain\/#breadcrumb\",\"itemListElement\":[{\"@type\":\"ListItem\",\"position\":1,\"name\":\"Home\",\"item\":\"https:\/\/chemgramx.com\/\"},{\"@type\":\"ListItem\",\"position\":2,\"name\":\"Shop\",\"item\":\"https:\/\/chemgramx.com\/shop\/\"},{\"@type\":\"ListItem\",\"position\":3,\"name\":\"Gewaschenes Kokain zu verkaufen\"}]},{\"@type\":\"WebSite\",\"@id\":\"https:\/\/chemgramx.com\/#website\",\"url\":\"https:\/\/chemgramx.com\/\",\"name\":\"Chemgramx\",\"description\":\"\",\"publisher\":{\"@id\":\"https:\/\/chemgramx.com\/#organization\"},\"potentialAction\":[{\"@type\":\"SearchAction\",\"target\":{\"@type\":\"EntryPoint\",\"urlTemplate\":\"https:\/\/chemgramx.com\/?s={search_term_string}\"},\"query-input\":{\"@type\":\"PropertyValueSpecification\",\"valueRequired\":true,\"valueName\":\"search_term_string\"}}],\"inLanguage\":\"it-IT\"},{\"@type\":\"Organization\",\"@id\":\"https:\/\/chemgramx.com\/#organization\",\"name\":\"Chemgramx\",\"url\":\"https:\/\/chemgramx.com\/\",\"logo\":{\"@type\":\"ImageObject\",\"inLanguage\":\"it-IT\",\"@id\":\"https:\/\/chemgramx.com\/#\/schema\/logo\/image\/\",\"url\":\"https:\/\/chemgramx.com\/wp-content\/uploads\/2024\/10\/final-logo.png\",\"contentUrl\":\"https:\/\/chemgramx.com\/wp-content\/uploads\/2024\/10\/final-logo.png\",\"width\":250,\"height\":48,\"caption\":\"Chemgramx\"},\"image\":{\"@id\":\"https:\/\/chemgramx.com\/#\/schema\/logo\/image\/\"}}]}<\/script>\n<!-- \/ Yoast SEO plugin. -->","yoast_head_json":{"title":"Gewaschenes Kokain zu verkaufen - Chemgramx","description":"Kokain (Benzoylmethylecgonin) (INN) ist ein kristallines Tropanalkaloid, das aus den Bl\u00e4ttern der Kokapflanze gewonnen wird.","robots":{"index":"index","follow":"follow","max-snippet":"max-snippet:-1","max-image-preview":"max-image-preview:large","max-video-preview":"max-video-preview:-1"},"canonical":"https:\/\/chemgramx.com\/it\/product\/gewaschenes-kokain\/","og_locale":"it_IT","og_type":"article","og_title":"Gewaschenes Kokain zu verkaufen - Chemgramx","og_description":"Kokain (Benzoylmethylecgonin) (INN) ist ein kristallines Tropanalkaloid, das aus den Bl\u00e4ttern der Kokapflanze gewonnen wird.","og_url":"https:\/\/chemgramx.com\/it\/product\/gewaschenes-kokain\/","og_site_name":"Chemgramx","article_modified_time":"2026-05-06T06:04:31+00:00","twitter_card":"summary_large_image","twitter_misc":{"Tempo di lettura stimato":"2 minuti"},"schema":{"@context":"https:\/\/schema.org","@graph":[{"@type":"WebPage","@id":"https:\/\/chemgramx.com\/product\/gewaschenes-kokain\/","url":"https:\/\/chemgramx.com\/product\/gewaschenes-kokain\/","name":"Gewaschenes Kokain zu verkaufen - Chemgramx","isPartOf":{"@id":"https:\/\/chemgramx.com\/#website"},"datePublished":"2025-10-18T14:31:04+00:00","dateModified":"2026-05-06T06:04:31+00:00","description":"Kokain (Benzoylmethylecgonin) (INN) ist ein kristallines Tropanalkaloid, das aus den Bl\u00e4ttern der Kokapflanze gewonnen wird.","breadcrumb":{"@id":"https:\/\/chemgramx.com\/product\/gewaschenes-kokain\/#breadcrumb"},"inLanguage":"it-IT","potentialAction":[{"@type":"ReadAction","target":["https:\/\/chemgramx.com\/product\/gewaschenes-kokain\/"]}]},{"@type":"BreadcrumbList","@id":"https:\/\/chemgramx.com\/product\/gewaschenes-kokain\/#breadcrumb","itemListElement":[{"@type":"ListItem","position":1,"name":"Home","item":"https:\/\/chemgramx.com\/"},{"@type":"ListItem","position":2,"name":"Shop","item":"https:\/\/chemgramx.com\/shop\/"},{"@type":"ListItem","position":3,"name":"Gewaschenes Kokain zu verkaufen"}]},{"@type":"WebSite","@id":"https:\/\/chemgramx.com\/#website","url":"https:\/\/chemgramx.com\/","name":"Chemgramx","description":"","publisher":{"@id":"https:\/\/chemgramx.com\/#organization"},"potentialAction":[{"@type":"SearchAction","target":{"@type":"EntryPoint","urlTemplate":"https:\/\/chemgramx.com\/?s={search_term_string}"},"query-input":{"@type":"PropertyValueSpecification","valueRequired":true,"valueName":"search_term_string"}}],"inLanguage":"it-IT"},{"@type":"Organization","@id":"https:\/\/chemgramx.com\/#organization","name":"Chemgramx","url":"https:\/\/chemgramx.com\/","logo":{"@type":"ImageObject","inLanguage":"it-IT","@id":"https:\/\/chemgramx.com\/#\/schema\/logo\/image\/","url":"https:\/\/chemgramx.com\/wp-content\/uploads\/2024\/10\/final-logo.png","contentUrl":"https:\/\/chemgramx.com\/wp-content\/uploads\/2024\/10\/final-logo.png","width":250,"height":48,"caption":"Chemgramx"},"image":{"@id":"https:\/\/chemgramx.com\/#\/schema\/logo\/image\/"}}]}},"_links":{"self":[{"href":"https:\/\/chemgramx.com\/it\/wp-json\/wp\/v2\/product\/2875","targetHints":{"allow":["GET"]}}],"collection":[{"href":"https:\/\/chemgramx.com\/it\/wp-json\/wp\/v2\/product"}],"about":[{"href":"https:\/\/chemgramx.com\/it\/wp-json\/wp\/v2\/types\/product"}],"replies":[{"embeddable":true,"href":"https:\/\/chemgramx.com\/it\/wp-json\/wp\/v2\/comments?post=2875"}],"wp:attachment":[{"href":"https:\/\/chemgramx.com\/it\/wp-json\/wp\/v2\/media?parent=2875"}],"wp:term":[{"taxonomy":"product_brand","embeddable":true,"href":"https:\/\/chemgramx.com\/it\/wp-json\/wp\/v2\/product_brand?post=2875"},{"taxonomy":"product_cat","embeddable":true,"href":"https:\/\/chemgramx.com\/it\/wp-json\/wp\/v2\/product_cat?post=2875"},{"taxonomy":"product_tag","embeddable":true,"href":"https:\/\/chemgramx.com\/it\/wp-json\/wp\/v2\/product_tag?post=2875"}],"curies":[{"name":"wp","href":"https:\/\/api.w.org\/{rel}","templated":true}]}}