{"id":6426,"date":"2025-11-21T11:05:20","date_gmt":"2025-11-21T11:05:20","guid":{"rendered":"https:\/\/chemgramx.com\/?post_type=product&#038;p=6426"},"modified":"2025-11-21T11:06:22","modified_gmt":"2025-11-21T11:06:22","slug":"comprare-5-meo-mipt-10mg-pellet","status":"publish","type":"product","link":"https:\/\/chemgramx.com\/it\/product\/5-meo-mipt-10mg-pellets-kaufen\/","title":{"rendered":"Comprare 5-MeO-MiPT 10mg pellet"},"content":{"rendered":"<p><b>Pellet di 5-MeO-MiPT<\/b> rappresentano una forma microtabletata e dosata con precisione del derivato della triptamina <b>5-metossi-N-metil-N-isopropiltriptammina<\/b> rappresentare. Questo materiale di ricerca specializzato \u00e8 <b>esclusivamente<\/b> progettato per analisi scientifiche qualificate in ambienti di laboratorio rigorosamente controllati. Il dosaggio standardizzato di <b>10 mg per pellet<\/b> \u00e8 un vantaggio decisivo per la riproducibilit\u00e0 degli esperimenti. Infatti, l'elevata purezza e la costanza dei lotti rendono questi pellet uno standard di ricerca estremamente affidabile per i progetti analitici pi\u00f9 impegnativi. Di conseguenza, la manipolazione del 5-MeO-MiPT \u00e8 soggetta ai pi\u00f9 severi protocolli di sicurezza e legali, la cui osservanza \u00e8 obbligatoria per qualsiasi organizzazione di ricerca.<\/p>\n<h2>Classificazione chimica e propriet\u00e0 strutturali<\/h2>\n<p>La struttura chimica del 5-MeO-MiPT fornisce importanti indizi sul suo potenziale ruolo nella ricerca biologica. <b>5-MeO-MiPT<\/b> appartiene alla famiglia di <b>triptamine sostituite<\/b>. La sua struttura chimica \u00e8 strettamente correlata al neurotrasmettitore endogeno serotonina, il che costituisce la base della sua importanza per la ricerca neurofarmacologica. Lo studio di questi analoghi permette agli scienziati di decifrare con precisione le complesse interazioni tra struttura chimica e attivit\u00e0 biologica.<\/p>\n<h3>La struttura della triptamina e le sue modifiche<\/h3>\n<p>Il <b>Dorsale indolo-alchilammina<\/b> \u00e8 caratteristica delle triptamine. Questa classe di sostanze chimiche \u00e8 generalmente nota per la sua forte interazione con le <b>Recettori della serotonina (5-HT)<\/b> conosciuto. Il <b>Gruppo 5-metossi<\/b> in posizione C5 dell'anello indolico \u00e8 una modifica fondamentale; spesso influenza l'affinit\u00e0 per alcuni sottotipi di recettori e pu\u00f2 cambiare la lipofilia del composto. Inoltre, la <b>Sostituzioni N-metil-N-isopropiliche (MiPT)<\/b> al gruppo amminico influenzano in modo significativo il profilo metabolico del composto. Di conseguenza, queste modifiche determinano la velocit\u00e0 con cui la sostanza viene scomposta e le propriet\u00e0 farmacologiche che presenta nei sistemi in vitro.<\/p>\n<h2>Purezza e stabilit\u00e0 analitica per la ricerca<\/h2>\n<p>L'affidabilit\u00e0 dei dati analitici dipende dalla qualit\u00e0 dei materiali di partenza. Pertanto, un controllo rigoroso della purezza e della stabilit\u00e0 del 5-MeO-MiPT \u00e8 di estrema importanza.<\/p>\n<h3>Qualit\u00e0 e integrit\u00e0 comprovate<\/h3>\n<p>La documentazione analitica, che \u00e8 <b>HPLC (cromatografia liquida ad alte prestazioni)<\/b> viene creato, garantisce un <b>Alta purezza<\/b> del materiale. Questa qualit\u00e0 \u00e8 essenziale per la ricerca scientifica, poich\u00e9 anche piccole impurit\u00e0 possono falsare i risultati di studi di legame o di analisi cromatografiche. Inoltre, la dichiarazione <b>Stabilit\u00e0 a lungo termine<\/b> se conservato correttamente (al fresco, all'asciutto, al riparo dalla luce) \u00e8 supportato da dati di stabilit\u00e0 documentati. Ci\u00f2 \u00e8 di grande importanza per <a href=\"\/product\/legal-psychedelics-kaufen\/\">chimico<\/a> integrit\u00e0 della connessione per tutta la durata del progetto di ricerca.<\/p>\n<h3>La forma di dosaggio: vantaggi dei pellet da 10 mg<\/h3>\n<p>La presentazione come <b>pellet micro-tablet<\/b> offre notevoli vantaggi rispetto alla forma in polvere per il lavoro di laboratorio e per garantire la riproducibilit\u00e0.<\/p>\n<ul>\n<li><b>Dosaggio preciso e riproducibilit\u00e0:<\/b> Il dosaggio di <b>10 mg per pellet<\/b> \u00e8 realizzata a macchina ed \u00e8 molto accurata. Ci\u00f2 elimina le significative fonti di errore che possono verificarsi quando si pesano manualmente le polveri, soprattutto in piccole quantit\u00e0 di milligrammi. Di conseguenza, il <b>Riproducibilit\u00e0<\/b> di studi di dosaggio e analisi comparative, che \u00e8 un prerequisito fondamentale per la pubblicazione dei risultati della ricerca.<\/li>\n<li><b>Manipolazione sicura:<\/b> I pellet sono pi\u00f9 facili e sicuri da maneggiare rispetto alle polveri fini e volatili. Questo riduce al minimo il rischio di <b>esposizione per inalazione<\/b> del personale di laboratorio e semplifica l'osservanza delle norme di sicurezza. <b>Norme GLP (Buone pratiche di laboratorio)<\/b>.<\/li>\n<li><b>Ricerca sulla stabilit\u00e0:<\/b> Infine, i pellet stessi fungono da sistema modello per indagare la <b>Stabilit\u00e0 e durata<\/b> dell'ingrediente attivo in una forma di dosaggio solida, che \u00e8 rilevante per la ricerca sui materiali farmaceutici.<\/li>\n<\/ul>\n<h2>Applicazioni di ricerca e aree di utilizzo<\/h2>\n<p>Grazie alla sua somiglianza strutturale con le triptamine endogene e altre sostanze psicoattive, la 5-MeO-MiPT \u00e8 uno strumento importante per lo studio dei processi neurochimici.<\/p>\n<h3>Possibili aree di applicazione<\/h3>\n<p>I pellet sono adatti a una serie di studi analitici e preclinici in cui \u00e8 richiesta una dose precisa e predefinita:<\/p>\n<ul>\n<li><b>Studi sul legame con i recettori:<\/b> Il materiale viene utilizzato come ligando per determinare l'affinit\u00e0 e l'attivit\u00e0 funzionale dei sottotipi di recettori della serotonina.<\/li>\n<li><b>Test farmacologici e di meccanismo d'azione:<\/b> Gli studi stanno analizzando i meccanismi cellulari e molecolari innescati dal composto, che possono contribuire alla ricerca di nuove vie di segnalazione.<\/li>\n<li><b>Ricerca sul metabolismo:<\/b> I pellet possono servire come substrato per studi di metabolismo in vitro per identificare le vie di degradazione e i metaboliti prodotti. Questi dati sono utili per la <b>Tossicologia forense e analitica<\/b> indispensabile.<\/li>\n<li><b>Analisi comparative:<\/b> I pellet standardizzati servono come materiale di riferimento nell'analisi cromatografica per lo sviluppo e la validazione di nuovi metodi di rilevamento.<\/li>\n<\/ul>\n<h2>Nota legale - Rigorosa osservanza<\/h2>\n<p>Questo prodotto \u00e8\u00a0<b>esclusivamente per scopi di ricerca<\/b>\u00a0in istituzioni scientifiche. L'acquirente conferma irrevocabilmente l'acquisto:<\/p>\n<ul>\n<li>Viene utilizzato solo in\u00a0<b>ambienti di ricerca legali e autorizzati<\/b>.<\/li>\n<li>Il\u00a0<b>Conformit\u00e0 con tutte le leggi e i regolamenti locali<\/b>\u00a0nella rispettiva giurisdizione.<\/li>\n<li>Il\u00a0<b>Implementazione di misure di sicurezza adeguate<\/b>\u00a0per la protezione del personale.<\/li>\n<li>Il\u00a0<b>Divieto di utilizzo non autorizzato<\/b>\u00a0e consumo.<\/li>\n<\/ul>","protected":false},"excerpt":{"rendered":"<p>Acquistare pellet di 5-MeO-MiPT 10 mg: Prodotto chimico per la ricerca in pellet a dosaggio uniforme per un lavoro scientifico preciso. Esclusivamente per scopi di ricerca in ambienti di laboratorio.<\/p>","protected":false},"featured_media":6456,"comment_status":"open","ping_status":"closed","template":"","meta":{"_joinchat":[]},"product_brand":[],"product_cat":[54],"product_tag":[],"class_list":{"0":"post-6426","1":"product","2":"type-product","3":"status-publish","4":"has-post-thumbnail","6":"product_cat-tryptamines","8":"first","9":"instock","10":"shipping-taxable","11":"purchasable","12":"product-type-variable"},"yoast_head":"<!-- This site is optimized with the Yoast SEO plugin v27.5 - https:\/\/yoast.com\/product\/yoast-seo-wordpress\/ -->\n<title>5-MeO-MiPT Pellets Kaufen | 10mg | Research Chemical Chemgramx<\/title>\n<meta name=\"description\" content=\"5-MeO-MiPT 10mg Pellets kaufen - Forschungschemikalie in pelletierter Form. F\u00fcr wissenschaftliche Analysen. Laborgepr\u00fcft &amp; diskret.\" \/>\n<meta name=\"robots\" content=\"index, follow, max-snippet:-1, max-image-preview:large, max-video-preview:-1\" \/>\n<link rel=\"canonical\" href=\"https:\/\/chemgramx.com\/it\/prodotto-1\/comprare-5-meo-mipt-10mg-pellet\/\" \/>\n<meta property=\"og:locale\" content=\"it_IT\" \/>\n<meta property=\"og:type\" content=\"article\" \/>\n<meta property=\"og:title\" content=\"5-MeO-MiPT Pellets Kaufen | 10mg | Research Chemical Chemgramx\" \/>\n<meta property=\"og:description\" content=\"5-MeO-MiPT 10mg Pellets kaufen - Forschungschemikalie in pelletierter Form. F\u00fcr wissenschaftliche Analysen. Laborgepr\u00fcft &amp; diskret.\" \/>\n<meta property=\"og:url\" content=\"https:\/\/chemgramx.com\/it\/prodotto-1\/comprare-5-meo-mipt-10mg-pellet\/\" \/>\n<meta property=\"og:site_name\" content=\"Chemgramx\" \/>\n<meta property=\"article:modified_time\" content=\"2025-11-21T11:06:22+00:00\" \/>\n<meta property=\"og:image\" content=\"https:\/\/chemgramx.com\/wp-content\/uploads\/2025\/11\/buy-5-meo-mipt-10mg-pellets-chem-store-online.png\" \/>\n\t<meta property=\"og:image:width\" content=\"623\" \/>\n\t<meta property=\"og:image:height\" content=\"535\" \/>\n\t<meta property=\"og:image:type\" content=\"image\/png\" \/>\n<meta name=\"twitter:card\" content=\"summary_large_image\" \/>\n<meta name=\"twitter:label1\" content=\"Tempo di lettura stimato\" \/>\n\t<meta name=\"twitter:data1\" content=\"4 minuti\" \/>\n<script type=\"application\/ld+json\" class=\"yoast-schema-graph\">{\"@context\":\"https:\\\/\\\/schema.org\",\"@graph\":[{\"@type\":\"WebPage\",\"@id\":\"https:\\\/\\\/chemgramx.com\\\/product\\\/5-meo-mipt-10mg-pellets-kaufen\\\/\",\"url\":\"https:\\\/\\\/chemgramx.com\\\/product\\\/5-meo-mipt-10mg-pellets-kaufen\\\/\",\"name\":\"5-MeO-MiPT Pellets Kaufen | 10mg | Research Chemical Chemgramx\",\"isPartOf\":{\"@id\":\"https:\\\/\\\/chemgramx.com\\\/#website\"},\"primaryImageOfPage\":{\"@id\":\"https:\\\/\\\/chemgramx.com\\\/product\\\/5-meo-mipt-10mg-pellets-kaufen\\\/#primaryimage\"},\"image\":{\"@id\":\"https:\\\/\\\/chemgramx.com\\\/product\\\/5-meo-mipt-10mg-pellets-kaufen\\\/#primaryimage\"},\"thumbnailUrl\":\"https:\\\/\\\/chemgramx.com\\\/wp-content\\\/uploads\\\/2025\\\/11\\\/buy-5-meo-mipt-10mg-pellets-chem-store-online.png\",\"datePublished\":\"2025-11-21T11:05:20+00:00\",\"dateModified\":\"2025-11-21T11:06:22+00:00\",\"description\":\"5-MeO-MiPT 10mg Pellets kaufen - Forschungschemikalie in pelletierter Form. F\u00fcr wissenschaftliche Analysen. Laborgepr\u00fcft &amp; diskret.\",\"breadcrumb\":{\"@id\":\"https:\\\/\\\/chemgramx.com\\\/product\\\/5-meo-mipt-10mg-pellets-kaufen\\\/#breadcrumb\"},\"inLanguage\":\"it-IT\",\"potentialAction\":[{\"@type\":\"ReadAction\",\"target\":[\"https:\\\/\\\/chemgramx.com\\\/product\\\/5-meo-mipt-10mg-pellets-kaufen\\\/\"]}]},{\"@type\":\"ImageObject\",\"inLanguage\":\"it-IT\",\"@id\":\"https:\\\/\\\/chemgramx.com\\\/product\\\/5-meo-mipt-10mg-pellets-kaufen\\\/#primaryimage\",\"url\":\"https:\\\/\\\/chemgramx.com\\\/wp-content\\\/uploads\\\/2025\\\/11\\\/buy-5-meo-mipt-10mg-pellets-chem-store-online.png\",\"contentUrl\":\"https:\\\/\\\/chemgramx.com\\\/wp-content\\\/uploads\\\/2025\\\/11\\\/buy-5-meo-mipt-10mg-pellets-chem-store-online.png\",\"width\":623,\"height\":535},{\"@type\":\"BreadcrumbList\",\"@id\":\"https:\\\/\\\/chemgramx.com\\\/product\\\/5-meo-mipt-10mg-pellets-kaufen\\\/#breadcrumb\",\"itemListElement\":[{\"@type\":\"ListItem\",\"position\":1,\"name\":\"Home\",\"item\":\"https:\\\/\\\/chemgramx.com\\\/\"},{\"@type\":\"ListItem\",\"position\":2,\"name\":\"Shop\",\"item\":\"https:\\\/\\\/chemgramx.com\\\/shop\\\/\"},{\"@type\":\"ListItem\",\"position\":3,\"name\":\"5-MeO-MiPT 10mg Pellets kaufen\"}]},{\"@type\":\"WebSite\",\"@id\":\"https:\\\/\\\/chemgramx.com\\\/#website\",\"url\":\"https:\\\/\\\/chemgramx.com\\\/\",\"name\":\"Chemgramx\",\"description\":\"\",\"publisher\":{\"@id\":\"https:\\\/\\\/chemgramx.com\\\/#organization\"},\"potentialAction\":[{\"@type\":\"SearchAction\",\"target\":{\"@type\":\"EntryPoint\",\"urlTemplate\":\"https:\\\/\\\/chemgramx.com\\\/?s={search_term_string}\"},\"query-input\":{\"@type\":\"PropertyValueSpecification\",\"valueRequired\":true,\"valueName\":\"search_term_string\"}}],\"inLanguage\":\"it-IT\"},{\"@type\":\"Organization\",\"@id\":\"https:\\\/\\\/chemgramx.com\\\/#organization\",\"name\":\"Chemgramx\",\"url\":\"https:\\\/\\\/chemgramx.com\\\/\",\"logo\":{\"@type\":\"ImageObject\",\"inLanguage\":\"it-IT\",\"@id\":\"https:\\\/\\\/chemgramx.com\\\/#\\\/schema\\\/logo\\\/image\\\/\",\"url\":\"https:\\\/\\\/chemgramx.com\\\/wp-content\\\/uploads\\\/2024\\\/10\\\/final-logo.png\",\"contentUrl\":\"https:\\\/\\\/chemgramx.com\\\/wp-content\\\/uploads\\\/2024\\\/10\\\/final-logo.png\",\"width\":250,\"height\":48,\"caption\":\"Chemgramx\"},\"image\":{\"@id\":\"https:\\\/\\\/chemgramx.com\\\/#\\\/schema\\\/logo\\\/image\\\/\"}}]}<\/script>\n<!-- \/ Yoast SEO plugin. -->","yoast_head_json":{"title":"Comprare 5-MeO-MiPT Pellets | 10mg | Research Chemical Chemgramx","description":"Acquistare 5-MeO-MiPT 10mg Pellet - Prodotto chimico di ricerca in forma di pellet. Per analisi scientifiche. Testato in laboratorio e discreto.","robots":{"index":"index","follow":"follow","max-snippet":"max-snippet:-1","max-image-preview":"max-image-preview:large","max-video-preview":"max-video-preview:-1"},"canonical":"https:\/\/chemgramx.com\/it\/prodotto-1\/comprare-5-meo-mipt-10mg-pellet\/","og_locale":"it_IT","og_type":"article","og_title":"5-MeO-MiPT Pellets Kaufen | 10mg | Research Chemical Chemgramx","og_description":"5-MeO-MiPT 10mg Pellets kaufen - Forschungschemikalie in pelletierter Form. F\u00fcr wissenschaftliche Analysen. Laborgepr\u00fcft &amp; diskret.","og_url":"https:\/\/chemgramx.com\/it\/prodotto-1\/comprare-5-meo-mipt-10mg-pellet\/","og_site_name":"Chemgramx","article_modified_time":"2025-11-21T11:06:22+00:00","og_image":[{"width":623,"height":535,"url":"https:\/\/chemgramx.com\/wp-content\/uploads\/2025\/11\/buy-5-meo-mipt-10mg-pellets-chem-store-online.png","type":"image\/png"}],"twitter_card":"summary_large_image","twitter_misc":{"Tempo di lettura stimato":"4 minuti"},"schema":{"@context":"https:\/\/schema.org","@graph":[{"@type":"WebPage","@id":"https:\/\/chemgramx.com\/product\/5-meo-mipt-10mg-pellets-kaufen\/","url":"https:\/\/chemgramx.com\/product\/5-meo-mipt-10mg-pellets-kaufen\/","name":"Comprare 5-MeO-MiPT Pellets | 10mg | Research Chemical Chemgramx","isPartOf":{"@id":"https:\/\/chemgramx.com\/#website"},"primaryImageOfPage":{"@id":"https:\/\/chemgramx.com\/product\/5-meo-mipt-10mg-pellets-kaufen\/#primaryimage"},"image":{"@id":"https:\/\/chemgramx.com\/product\/5-meo-mipt-10mg-pellets-kaufen\/#primaryimage"},"thumbnailUrl":"https:\/\/chemgramx.com\/wp-content\/uploads\/2025\/11\/buy-5-meo-mipt-10mg-pellets-chem-store-online.png","datePublished":"2025-11-21T11:05:20+00:00","dateModified":"2025-11-21T11:06:22+00:00","description":"Acquistare 5-MeO-MiPT 10mg Pellet - Prodotto chimico di ricerca in forma di pellet. Per analisi scientifiche. Testato in laboratorio e discreto.","breadcrumb":{"@id":"https:\/\/chemgramx.com\/product\/5-meo-mipt-10mg-pellets-kaufen\/#breadcrumb"},"inLanguage":"it-IT","potentialAction":[{"@type":"ReadAction","target":["https:\/\/chemgramx.com\/product\/5-meo-mipt-10mg-pellets-kaufen\/"]}]},{"@type":"ImageObject","inLanguage":"it-IT","@id":"https:\/\/chemgramx.com\/product\/5-meo-mipt-10mg-pellets-kaufen\/#primaryimage","url":"https:\/\/chemgramx.com\/wp-content\/uploads\/2025\/11\/buy-5-meo-mipt-10mg-pellets-chem-store-online.png","contentUrl":"https:\/\/chemgramx.com\/wp-content\/uploads\/2025\/11\/buy-5-meo-mipt-10mg-pellets-chem-store-online.png","width":623,"height":535},{"@type":"BreadcrumbList","@id":"https:\/\/chemgramx.com\/product\/5-meo-mipt-10mg-pellets-kaufen\/#breadcrumb","itemListElement":[{"@type":"ListItem","position":1,"name":"Home","item":"https:\/\/chemgramx.com\/"},{"@type":"ListItem","position":2,"name":"Shop","item":"https:\/\/chemgramx.com\/shop\/"},{"@type":"ListItem","position":3,"name":"5-MeO-MiPT 10mg Pellets kaufen"}]},{"@type":"WebSite","@id":"https:\/\/chemgramx.com\/#website","url":"https:\/\/chemgramx.com\/","name":"Chemgramx","description":"","publisher":{"@id":"https:\/\/chemgramx.com\/#organization"},"potentialAction":[{"@type":"SearchAction","target":{"@type":"EntryPoint","urlTemplate":"https:\/\/chemgramx.com\/?s={search_term_string}"},"query-input":{"@type":"PropertyValueSpecification","valueRequired":true,"valueName":"search_term_string"}}],"inLanguage":"it-IT"},{"@type":"Organization","@id":"https:\/\/chemgramx.com\/#organization","name":"Chemgramx","url":"https:\/\/chemgramx.com\/","logo":{"@type":"ImageObject","inLanguage":"it-IT","@id":"https:\/\/chemgramx.com\/#\/schema\/logo\/image\/","url":"https:\/\/chemgramx.com\/wp-content\/uploads\/2024\/10\/final-logo.png","contentUrl":"https:\/\/chemgramx.com\/wp-content\/uploads\/2024\/10\/final-logo.png","width":250,"height":48,"caption":"Chemgramx"},"image":{"@id":"https:\/\/chemgramx.com\/#\/schema\/logo\/image\/"}}]}},"_links":{"self":[{"href":"https:\/\/chemgramx.com\/it\/wp-json\/wp\/v2\/product\/6426","targetHints":{"allow":["GET"]}}],"collection":[{"href":"https:\/\/chemgramx.com\/it\/wp-json\/wp\/v2\/product"}],"about":[{"href":"https:\/\/chemgramx.com\/it\/wp-json\/wp\/v2\/types\/product"}],"replies":[{"embeddable":true,"href":"https:\/\/chemgramx.com\/it\/wp-json\/wp\/v2\/comments?post=6426"}],"wp:featuredmedia":[{"embeddable":true,"href":"https:\/\/chemgramx.com\/it\/wp-json\/wp\/v2\/media\/6456"}],"wp:attachment":[{"href":"https:\/\/chemgramx.com\/it\/wp-json\/wp\/v2\/media?parent=6426"}],"wp:term":[{"taxonomy":"product_brand","embeddable":true,"href":"https:\/\/chemgramx.com\/it\/wp-json\/wp\/v2\/product_brand?post=6426"},{"taxonomy":"product_cat","embeddable":true,"href":"https:\/\/chemgramx.com\/it\/wp-json\/wp\/v2\/product_cat?post=6426"},{"taxonomy":"product_tag","embeddable":true,"href":"https:\/\/chemgramx.com\/it\/wp-json\/wp\/v2\/product_tag?post=6426"}],"curies":[{"name":"wp","href":"https:\/\/api.w.org\/{rel}","templated":true}]}}