{"id":6428,"date":"2025-11-21T11:05:20","date_gmt":"2025-11-21T11:05:20","guid":{"rendered":"https:\/\/chemgramx.com\/?post_type=product&#038;p=6428"},"modified":"2025-11-21T11:06:23","modified_gmt":"2025-11-21T11:06:23","slug":"acquistare-alfa-metiltriptamina-amt","status":"publish","type":"product","link":"https:\/\/chemgramx.com\/it\/product\/alpha-methyltryptamine-amt-kaufen\/","title":{"rendered":"Comprare l'alfa-metiltriptamina (aMT)"},"content":{"rendered":"<p><b>Alfa-metiltriptamina (<span class=\"math-inline\" data-math=\"alpha\">$alpha<\/span>)<\/b> \u00e8 una sostanza chimica specializzata nella ricerca che appartiene alla classe fondamentale delle triptamine. Questa sostanza \u00e8 <b>esclusivamente<\/b> destinati a indagini scientifiche in ambienti di laboratorio strettamente controllati. La specialit\u00e0 chimica del <b>alfa-metilazione<\/b> fa <span class=\"math-inline\" data-math=\"alpha\">$alpha$<\/span>La MT \u00e8 diventata uno strumento di ricerca essenziale per l'indagine sulla <b>Monoamino ossidasi (MAO)<\/b> e i recettori dei neurotrasmettitori. Infatti, l'elevata purezza (<span class=\"math-inline\" data-math=\"ge 98%\">$ge 98%$<\/span>) e la documentazione analitica dettagliata (HPLC, GC\/MS) garantiscono l'affidabilit\u00e0 dei risultati della ricerca. Di conseguenza, l'acquisizione e la gestione di <span class=\"math-inline\" data-math=\"alpha\">$alpha$<\/span>I protocolli di sicurezza, etici e legali pi\u00f9 severi di MT, la cui osservanza \u00e8 obbligatoria per ogni organizzazione di ricerca.<\/p>\n<h2>Propriet\u00e0 chimiche: Il ruolo di un<span class=\"math-inline\" data-math=\"alpha\">lpha<\/span>Metilazione<\/h2>\n<p>La struttura chimica di <span class=\"math-inline\" data-math=\"alpha\">$alpha$<\/span>La MT \u00e8 la chiave del suo ruolo unico in neurofarmacologia. Il nome chimico <b>alfa-metiltriptamina<\/b> descrive la struttura: si tratta di una molecola di triptamina che presenta un gruppo metilico sull'atomo di carbonio alfa della catena laterale.<\/p>\n<h3>Struttura e stabilit\u00e0 della triptamina<\/h3>\n<p><span class=\"math-inline\" data-math=\"alpha\">alfa<\/span>MT \u00e8 un <b>Indolo alchilammina<\/b>, che \u00e8 chimicamente strettamente correlata al neurotrasmettitore endogeno serotonina (5-idrossitriptamina). Questa somiglianza strutturale spiega la sua primaria importanza nella ricerca nel campo dei sistemi monoaminici.<\/p>\n<p>Il<span class=\"math-inline\" data-math=\"mathbf{alpha}\">alfa}<\/span>-La sostituzione del gruppo metile all'atomo C2 della catena laterale dell'etilammina ha un'importanza chimica cruciale. Non \u00e8 solo un piccolo dettaglio strutturale, ma ha conseguenze biologiche di vasta portata. Principalmente <b>bloccato<\/b> il gruppo metile il <b>Centro di deaminazione del <a href=\"\/product\/ketamine-hcl-kaufen\/\">Monoammino ossidasi<\/a> (MAO)<\/b>, l'enzima principale che scompone le triptamine nell'organismo. Ne consegue che la MT, nel contesto della ricerca, ha un chiaro valore di <b>Emivita pi\u00f9 lunga<\/b> e un <b>Maggiore stabilit\u00e0 biologica<\/b> rispetto alle triptamine non sostituite.<\/p>\n<h3>Forma fisica e requisiti di stoccaggio<\/h3>\n<p>MT \u00e8 disponibile come <b>polvere cristallina<\/b> prima. \u00c8 altamente solubile nei solventi organici, il che facilita notevolmente la preparazione di soluzioni di ricerca per saggi chimico-analitici o cellulari. Queste propriet\u00e0 di solubilit\u00e0 sono importanti per l'estrazione e la separazione cromatografica.<\/p>\n<p>Anche se il <span class=\"math-inline\" data-math=\"alpha\">alfa<\/span>-La metilazione aumenta la stabilit\u00e0 metabolica, il composto stesso viene <b>Sensibile alla luce e all'ossigeno<\/b>. Pertanto, le rigorose condizioni di conservazione nel <b>Congelatore <span class=\"math-inline\" data-math=\"mathbf{-20^circ C}\">-20 C<\/span><\/b>, sotto <b>Atmosfera di gas inerte<\/b> (come argon\/azoto) \u00e8 assolutamente indispensabile. In questo modo si evita l'ossidazione del sensibile anello indolico, che porterebbe a una rapida decomposizione e alla falsificazione della purezza.<\/p>\n<h2>Applicazioni di ricerca e neurofarmacologia<\/h2>\n<p>La MT \u00e8 uno strumento classico e fondamentale in neurofarmacologia, in quanto pu\u00f2 essere utilizzata come un <b>Modello multitarget<\/b> per i complessi sistemi di neurotrasmettitori.<\/p>\n<h3>Aree di ricerca rilevanti<\/h3>\n<ul>\n<li><b>Ricerca sui recettori delle monoammine:<\/b> <span class=\"math-inline\" data-math=\"alpha\">$alpha$<\/span>La MT non agisce solo come agonista dei recettori della serotonina (come ad esempio <span class=\"math-inline\" data-math=\"5-HT_{2A}\">$5-HT_{2A}$<\/span>), ma influenza anche il rilascio e la ricaptazione di serotonina, dopamina e noradrenalina. Questi <b>\u201eAttivit\u00e0 \u201cmulti-target<\/b> La sua natura di farmaco \u00e8 un modello ideale per studiare le complesse interazioni tra i vari sistemi monoamminici, un aspetto importante per lo sviluppo di nuovi agenti neuroattivi.<\/li>\n<li><b>Ricerca sul metabolismo (studi sulle MAO):<\/b> La sostanza serve come importante standard negli studi sull'inibizione o sulla specificit\u00e0 di substrato della <b>Monoammino ossidasi<\/b>. L'efficacia del <span class=\"math-inline\" data-math=\"alpha\">$alpha$<\/span>-metilazione durante il prolungamento dell'attivit\u00e0 biologica. Questa ricerca \u00e8 fondamentale per la comprensione della farmacocinetica di <span class=\"math-inline\" data-math=\"alpha\">$alpha$<\/span>-sostanze metilate.<\/li>\n<li><b>Relazioni struttura-attivit\u00e0 (SAR):<\/b> <span class=\"math-inline\" data-math=\"alpha\">$alpha$<\/span>MT \u00e8 riconosciuto come <b>Punto di riferimento<\/b> utilizzati in studi comparativi per mappare gli effetti di ulteriori sostituzioni (ad esempio sull'anello indolico) sull'affinit\u00e0 recettoriale e sulla resistenza alle MAO. Questo aiuta a isolare i determinanti molecolari dell'effetto biologico.<\/li>\n<li><b>Tossicologia analitica:<\/b> Una sostanza ben caratterizzata \u00e8 <span class=\"math-inline\" data-math=\"alpha\">$alpha$<\/span>MT come importante standard di riferimento per lo sviluppo e la convalida di metodi di rilevazione forense che utilizzano HPLC o GC\/MS.<\/li>\n<\/ul>\n<h2>Protocolli di sicurezza e conformit\u00e0 legale<\/h2>\n<p>A causa del suo uso storico e della sua nota potenza farmacologica, deve essere maneggiato solo in conformit\u00e0 con i pi\u00f9 alti standard di sicurezza di laboratorio e nel rigoroso rispetto della legge.<\/p>\n<h3>Sicurezza di laboratorio e standard GLP<\/h3>\n<p>La manipolazione della polvere cristallina richiede obbligatoriamente <b>Dispositivi di protezione individuale (DPI)<\/b>. Questo include camici da laboratorio, guanti monouso e protezioni per gli occhi. Inoltre, lavorare sotto un <b>Cappa chimica<\/b> \u00e8 obbligatorio evitare qualsiasi esposizione per inalazione, poich\u00e9 la polvere \u00e8 altamente attiva.<\/p>\n<p>Il <b>Documentazione analitica<\/b> (certificati di analisi, dati HPLC, GC\/MS) non \u00e8 solo una prova di qualit\u00e0, ma \u00e8 anche obbligatorio per l'obbligo di documentazione nell'ambito della <b>Ricerca conforme alla GLP<\/b> richiesto. Inoltre, la disponibilit\u00e0 di <b>Misure di emergenza<\/b> (lavaggio degli occhi e doccia d'emergenza) sono obbligatori in laboratorio, cos\u00ec come <span class=\"math-inline\" data-math=\"alpha\">$alpha$<\/span>La MT pu\u00f2 essere potenzialmente tossica in uno stato incontrollato.<\/p>\n<h3>Obblighi legali ed etici<\/h3>\n<p>L'acquisto di questo materiale \u00e8 strettamente legato ai pi\u00f9 alti standard etici e legali. L'acquirente deve fornire un <b>Prova dell'organizzazione della ricerca<\/b> e il <b>scopo scientifico<\/b> descrivere chiaramente.<\/p>\n<h2>Note importanti e conservazione<\/h2>\n<p>Il mantenimento di condizioni di conservazione ottimali \u00e8 fondamentale a causa dell'instabilit\u00e0 del composto.<\/p>\n<p><b>Condizioni ottimali di conservazione:<\/b><\/p>\n<ul>\n<li><b>Temperatura:<\/b> <span class=\"math-inline\" data-math=\"mathbf{-20^circ C}\">-20 C<\/span>\u00a0(congelatore)<\/li>\n<li><b>Atmosfera:<\/b> Sotto <b>Gas inerte<\/b> (argon\/azoto)<\/li>\n<li><b>Protezione dalla luce:<\/b> In contenitori scuri e opachi<\/li>\n<li><b>Contenitore:<\/b> Sigillati ermeticamente e chiaramente etichettati<\/li>\n<\/ul>\n<p><b>Quantit\u00e0 disponibili per gli istituti di ricerca:<\/b><\/p>\n<ul>\n<li>Campione di ricerca: 100 mg<\/li>\n<li>Piccola quantit\u00e0: 250 mg<\/li>\n<li>Quantit\u00e0 standard: 500 mg<\/li>\n<li>Quantit\u00e0 sfusa: 1 g<\/li>\n<\/ul>\n<p><b>Nota legale - Rispetto rigoroso delle norme:<\/b><\/p>\n<p>Questo prodotto \u00e8 <b>esclusivamente per scopi di ricerca<\/b> in istituzioni scientifiche. L'acquirente conferma irrevocabilmente l'acquisto:<\/p>\n<ul>\n<li>Viene utilizzato solo in <b>ambienti di ricerca legali e autorizzati<\/b>.<\/li>\n<li>Il <b>Conformit\u00e0 con tutte le leggi e i regolamenti locali<\/b> nella rispettiva giurisdizione.<\/li>\n<li>Il <b>Implementazione di misure di sicurezza adeguate<\/b> per la protezione del personale.<\/li>\n<li>Il <b>Divieto di utilizzo non autorizzato<\/b> e consumo.<\/li>\n<\/ul>","protected":false},"excerpt":{"rendered":"<p>Acquistare l'alfa-metiltriptamina (aMT): Prodotto chimico di ricerca di elevata purezza per scopi di ricerca scientifica. Qualit\u00e0 testata in laboratorio con certificato di analisi. Esclusivamente per scopi di ricerca in ambienti di laboratorio.<\/p>","protected":false},"featured_media":6467,"comment_status":"open","ping_status":"closed","template":"","meta":{"_joinchat":[]},"product_brand":[],"product_cat":[54],"product_tag":[],"class_list":{"0":"post-6428","1":"product","2":"type-product","3":"status-publish","4":"has-post-thumbnail","6":"product_cat-tryptamines","8":"first","9":"instock","10":"shipping-taxable","11":"purchasable","12":"product-type-variable"},"yoast_head":"<!-- This site is optimized with the Yoast SEO plugin v27.5 - https:\/\/yoast.com\/product\/yoast-seo-wordpress\/ -->\n<title>Alpha-Methyltryptamine Kaufen | aMT | Research Chemical Chemgramx<\/title>\n<meta name=\"description\" content=\"Alpha-Methyltryptamine (aMT) kaufen - Hochreine Forschungschemikalie f\u00fcr wissenschaftliche Zwecke. Laborgepr\u00fcfte Qualit\u00e4t, diskret &amp; sicher. Nur f\u00fcr Forschungszwecke.\" \/>\n<meta name=\"robots\" content=\"index, follow, max-snippet:-1, max-image-preview:large, max-video-preview:-1\" \/>\n<link rel=\"canonical\" href=\"https:\/\/chemgramx.com\/it\/prodotto-1\/acquistare-alfa-metiltriptamina-amt\/\" \/>\n<meta property=\"og:locale\" content=\"it_IT\" \/>\n<meta property=\"og:type\" content=\"article\" \/>\n<meta property=\"og:title\" content=\"Alpha-Methyltryptamine Kaufen | aMT | Research Chemical Chemgramx\" \/>\n<meta property=\"og:description\" content=\"Alpha-Methyltryptamine (aMT) kaufen - Hochreine Forschungschemikalie f\u00fcr wissenschaftliche Zwecke. Laborgepr\u00fcfte Qualit\u00e4t, diskret &amp; sicher. Nur f\u00fcr Forschungszwecke.\" \/>\n<meta property=\"og:url\" content=\"https:\/\/chemgramx.com\/it\/prodotto-1\/acquistare-alfa-metiltriptamina-amt\/\" \/>\n<meta property=\"og:site_name\" content=\"Chemgramx\" \/>\n<meta property=\"article:modified_time\" content=\"2025-11-21T11:06:23+00:00\" \/>\n<meta property=\"og:image\" content=\"https:\/\/chemgramx.com\/wp-content\/uploads\/2025\/11\/buy-amt-alpha-methyltryptamine-chem-store-online.png\" \/>\n\t<meta property=\"og:image:width\" content=\"600\" \/>\n\t<meta property=\"og:image:height\" content=\"497\" \/>\n\t<meta property=\"og:image:type\" content=\"image\/png\" \/>\n<meta name=\"twitter:card\" content=\"summary_large_image\" \/>\n<meta name=\"twitter:label1\" content=\"Tempo di lettura stimato\" \/>\n\t<meta name=\"twitter:data1\" content=\"4 minuti\" \/>\n<script type=\"application\/ld+json\" class=\"yoast-schema-graph\">{\"@context\":\"https:\\\/\\\/schema.org\",\"@graph\":[{\"@type\":\"WebPage\",\"@id\":\"https:\\\/\\\/chemgramx.com\\\/product\\\/alpha-methyltryptamine-amt-kaufen\\\/\",\"url\":\"https:\\\/\\\/chemgramx.com\\\/product\\\/alpha-methyltryptamine-amt-kaufen\\\/\",\"name\":\"Alpha-Methyltryptamine Kaufen | aMT | Research Chemical Chemgramx\",\"isPartOf\":{\"@id\":\"https:\\\/\\\/chemgramx.com\\\/#website\"},\"primaryImageOfPage\":{\"@id\":\"https:\\\/\\\/chemgramx.com\\\/product\\\/alpha-methyltryptamine-amt-kaufen\\\/#primaryimage\"},\"image\":{\"@id\":\"https:\\\/\\\/chemgramx.com\\\/product\\\/alpha-methyltryptamine-amt-kaufen\\\/#primaryimage\"},\"thumbnailUrl\":\"https:\\\/\\\/chemgramx.com\\\/wp-content\\\/uploads\\\/2025\\\/11\\\/buy-amt-alpha-methyltryptamine-chem-store-online.png\",\"datePublished\":\"2025-11-21T11:05:20+00:00\",\"dateModified\":\"2025-11-21T11:06:23+00:00\",\"description\":\"Alpha-Methyltryptamine (aMT) kaufen - Hochreine Forschungschemikalie f\u00fcr wissenschaftliche Zwecke. Laborgepr\u00fcfte Qualit\u00e4t, diskret &amp; sicher. Nur f\u00fcr Forschungszwecke.\",\"breadcrumb\":{\"@id\":\"https:\\\/\\\/chemgramx.com\\\/product\\\/alpha-methyltryptamine-amt-kaufen\\\/#breadcrumb\"},\"inLanguage\":\"it-IT\",\"potentialAction\":[{\"@type\":\"ReadAction\",\"target\":[\"https:\\\/\\\/chemgramx.com\\\/product\\\/alpha-methyltryptamine-amt-kaufen\\\/\"]}]},{\"@type\":\"ImageObject\",\"inLanguage\":\"it-IT\",\"@id\":\"https:\\\/\\\/chemgramx.com\\\/product\\\/alpha-methyltryptamine-amt-kaufen\\\/#primaryimage\",\"url\":\"https:\\\/\\\/chemgramx.com\\\/wp-content\\\/uploads\\\/2025\\\/11\\\/buy-amt-alpha-methyltryptamine-chem-store-online.png\",\"contentUrl\":\"https:\\\/\\\/chemgramx.com\\\/wp-content\\\/uploads\\\/2025\\\/11\\\/buy-amt-alpha-methyltryptamine-chem-store-online.png\",\"width\":600,\"height\":497},{\"@type\":\"BreadcrumbList\",\"@id\":\"https:\\\/\\\/chemgramx.com\\\/product\\\/alpha-methyltryptamine-amt-kaufen\\\/#breadcrumb\",\"itemListElement\":[{\"@type\":\"ListItem\",\"position\":1,\"name\":\"Home\",\"item\":\"https:\\\/\\\/chemgramx.com\\\/\"},{\"@type\":\"ListItem\",\"position\":2,\"name\":\"Shop\",\"item\":\"https:\\\/\\\/chemgramx.com\\\/shop\\\/\"},{\"@type\":\"ListItem\",\"position\":3,\"name\":\"Alpha-Methyltryptamine (aMT) kaufen\"}]},{\"@type\":\"WebSite\",\"@id\":\"https:\\\/\\\/chemgramx.com\\\/#website\",\"url\":\"https:\\\/\\\/chemgramx.com\\\/\",\"name\":\"Chemgramx\",\"description\":\"\",\"publisher\":{\"@id\":\"https:\\\/\\\/chemgramx.com\\\/#organization\"},\"potentialAction\":[{\"@type\":\"SearchAction\",\"target\":{\"@type\":\"EntryPoint\",\"urlTemplate\":\"https:\\\/\\\/chemgramx.com\\\/?s={search_term_string}\"},\"query-input\":{\"@type\":\"PropertyValueSpecification\",\"valueRequired\":true,\"valueName\":\"search_term_string\"}}],\"inLanguage\":\"it-IT\"},{\"@type\":\"Organization\",\"@id\":\"https:\\\/\\\/chemgramx.com\\\/#organization\",\"name\":\"Chemgramx\",\"url\":\"https:\\\/\\\/chemgramx.com\\\/\",\"logo\":{\"@type\":\"ImageObject\",\"inLanguage\":\"it-IT\",\"@id\":\"https:\\\/\\\/chemgramx.com\\\/#\\\/schema\\\/logo\\\/image\\\/\",\"url\":\"https:\\\/\\\/chemgramx.com\\\/wp-content\\\/uploads\\\/2024\\\/10\\\/final-logo.png\",\"contentUrl\":\"https:\\\/\\\/chemgramx.com\\\/wp-content\\\/uploads\\\/2024\\\/10\\\/final-logo.png\",\"width\":250,\"height\":48,\"caption\":\"Chemgramx\"},\"image\":{\"@id\":\"https:\\\/\\\/chemgramx.com\\\/#\\\/schema\\\/logo\\\/image\\\/\"}}]}<\/script>\n<!-- \/ Yoast SEO plugin. -->","yoast_head_json":{"title":"Comprare Alpha-Methyltryptamine | aMT | Research Chemical Chemgramx","description":"Acquistare Alfa-metiltriptamina (aMT) - Prodotto chimico di ricerca ad alta purezza per scopi scientifici. Qualit\u00e0 testata in laboratorio, discreta e sicura. Solo per uso di ricerca.","robots":{"index":"index","follow":"follow","max-snippet":"max-snippet:-1","max-image-preview":"max-image-preview:large","max-video-preview":"max-video-preview:-1"},"canonical":"https:\/\/chemgramx.com\/it\/prodotto-1\/acquistare-alfa-metiltriptamina-amt\/","og_locale":"it_IT","og_type":"article","og_title":"Alpha-Methyltryptamine Kaufen | aMT | Research Chemical Chemgramx","og_description":"Alpha-Methyltryptamine (aMT) kaufen - Hochreine Forschungschemikalie f\u00fcr wissenschaftliche Zwecke. Laborgepr\u00fcfte Qualit\u00e4t, diskret &amp; sicher. Nur f\u00fcr Forschungszwecke.","og_url":"https:\/\/chemgramx.com\/it\/prodotto-1\/acquistare-alfa-metiltriptamina-amt\/","og_site_name":"Chemgramx","article_modified_time":"2025-11-21T11:06:23+00:00","og_image":[{"width":600,"height":497,"url":"https:\/\/chemgramx.com\/wp-content\/uploads\/2025\/11\/buy-amt-alpha-methyltryptamine-chem-store-online.png","type":"image\/png"}],"twitter_card":"summary_large_image","twitter_misc":{"Tempo di lettura stimato":"4 minuti"},"schema":{"@context":"https:\/\/schema.org","@graph":[{"@type":"WebPage","@id":"https:\/\/chemgramx.com\/product\/alpha-methyltryptamine-amt-kaufen\/","url":"https:\/\/chemgramx.com\/product\/alpha-methyltryptamine-amt-kaufen\/","name":"Comprare Alpha-Methyltryptamine | aMT | Research Chemical Chemgramx","isPartOf":{"@id":"https:\/\/chemgramx.com\/#website"},"primaryImageOfPage":{"@id":"https:\/\/chemgramx.com\/product\/alpha-methyltryptamine-amt-kaufen\/#primaryimage"},"image":{"@id":"https:\/\/chemgramx.com\/product\/alpha-methyltryptamine-amt-kaufen\/#primaryimage"},"thumbnailUrl":"https:\/\/chemgramx.com\/wp-content\/uploads\/2025\/11\/buy-amt-alpha-methyltryptamine-chem-store-online.png","datePublished":"2025-11-21T11:05:20+00:00","dateModified":"2025-11-21T11:06:23+00:00","description":"Acquistare Alfa-metiltriptamina (aMT) - Prodotto chimico di ricerca ad alta purezza per scopi scientifici. Qualit\u00e0 testata in laboratorio, discreta e sicura. Solo per uso di ricerca.","breadcrumb":{"@id":"https:\/\/chemgramx.com\/product\/alpha-methyltryptamine-amt-kaufen\/#breadcrumb"},"inLanguage":"it-IT","potentialAction":[{"@type":"ReadAction","target":["https:\/\/chemgramx.com\/product\/alpha-methyltryptamine-amt-kaufen\/"]}]},{"@type":"ImageObject","inLanguage":"it-IT","@id":"https:\/\/chemgramx.com\/product\/alpha-methyltryptamine-amt-kaufen\/#primaryimage","url":"https:\/\/chemgramx.com\/wp-content\/uploads\/2025\/11\/buy-amt-alpha-methyltryptamine-chem-store-online.png","contentUrl":"https:\/\/chemgramx.com\/wp-content\/uploads\/2025\/11\/buy-amt-alpha-methyltryptamine-chem-store-online.png","width":600,"height":497},{"@type":"BreadcrumbList","@id":"https:\/\/chemgramx.com\/product\/alpha-methyltryptamine-amt-kaufen\/#breadcrumb","itemListElement":[{"@type":"ListItem","position":1,"name":"Home","item":"https:\/\/chemgramx.com\/"},{"@type":"ListItem","position":2,"name":"Shop","item":"https:\/\/chemgramx.com\/shop\/"},{"@type":"ListItem","position":3,"name":"Alpha-Methyltryptamine (aMT) kaufen"}]},{"@type":"WebSite","@id":"https:\/\/chemgramx.com\/#website","url":"https:\/\/chemgramx.com\/","name":"Chemgramx","description":"","publisher":{"@id":"https:\/\/chemgramx.com\/#organization"},"potentialAction":[{"@type":"SearchAction","target":{"@type":"EntryPoint","urlTemplate":"https:\/\/chemgramx.com\/?s={search_term_string}"},"query-input":{"@type":"PropertyValueSpecification","valueRequired":true,"valueName":"search_term_string"}}],"inLanguage":"it-IT"},{"@type":"Organization","@id":"https:\/\/chemgramx.com\/#organization","name":"Chemgramx","url":"https:\/\/chemgramx.com\/","logo":{"@type":"ImageObject","inLanguage":"it-IT","@id":"https:\/\/chemgramx.com\/#\/schema\/logo\/image\/","url":"https:\/\/chemgramx.com\/wp-content\/uploads\/2024\/10\/final-logo.png","contentUrl":"https:\/\/chemgramx.com\/wp-content\/uploads\/2024\/10\/final-logo.png","width":250,"height":48,"caption":"Chemgramx"},"image":{"@id":"https:\/\/chemgramx.com\/#\/schema\/logo\/image\/"}}]}},"_links":{"self":[{"href":"https:\/\/chemgramx.com\/it\/wp-json\/wp\/v2\/product\/6428","targetHints":{"allow":["GET"]}}],"collection":[{"href":"https:\/\/chemgramx.com\/it\/wp-json\/wp\/v2\/product"}],"about":[{"href":"https:\/\/chemgramx.com\/it\/wp-json\/wp\/v2\/types\/product"}],"replies":[{"embeddable":true,"href":"https:\/\/chemgramx.com\/it\/wp-json\/wp\/v2\/comments?post=6428"}],"wp:featuredmedia":[{"embeddable":true,"href":"https:\/\/chemgramx.com\/it\/wp-json\/wp\/v2\/media\/6467"}],"wp:attachment":[{"href":"https:\/\/chemgramx.com\/it\/wp-json\/wp\/v2\/media?parent=6428"}],"wp:term":[{"taxonomy":"product_brand","embeddable":true,"href":"https:\/\/chemgramx.com\/it\/wp-json\/wp\/v2\/product_brand?post=6428"},{"taxonomy":"product_cat","embeddable":true,"href":"https:\/\/chemgramx.com\/it\/wp-json\/wp\/v2\/product_cat?post=6428"},{"taxonomy":"product_tag","embeddable":true,"href":"https:\/\/chemgramx.com\/it\/wp-json\/wp\/v2\/product_tag?post=6428"}],"curies":[{"name":"wp","href":"https:\/\/api.w.org\/{rel}","templated":true}]}}