{"id":6557,"date":"2025-11-21T11:06:35","date_gmt":"2025-11-21T11:06:35","guid":{"rendered":"https:\/\/chemgramx.com\/?post_type=product&#038;p=6557"},"modified":"2025-11-21T11:07:57","modified_gmt":"2025-11-21T11:07:57","slug":"4f-pentedrone-ordine-online","status":"publish","type":"product","link":"https:\/\/chemgramx.com\/it\/product\/4f-pentedrone-online-bestellung\/","title":{"rendered":"Ordine online di 4F-Pentedrone"},"content":{"rendered":"<p><span class=\"\">Il panorama chimico delle sostanze di ricerca \u00e8 in continua evoluzione,<\/span><span class=\"\"> e <\/span><a href=\"\/product\/4f-pentedrone-online-kaufen\/\"><b class=\"\">F-Pentedron<\/b><\/a><span class=\"\"> (4-fluoropentedrone) \u00e8 emerso come oggetto di studio centrale nelle neuroscienze e nella neurobiologia.<\/span><b class=\"\">4<\/b><span class=\"\">\u00a0Psicofarmacologia stabilita.<\/span><span class=\"\"> Viene utilizzato dagli scienziati come derivato fluorurato del pentedrone,<\/span><span class=\"\"> per ottenere dati precisi sulla <\/span><b class=\"\">propriet\u00e0 neurochimiche<\/b><span class=\"\"> e le interazioni con il sistema nervoso centrale.<\/span><span class=\"\"> La rilevanza di questa sostanza in ambito analitico e tossicologico sta alimentando la domanda,<\/span><span class=\"\"> per questo motivo le query di ricerca come <\/span><b class=\"\">Acquistare 4F-Pentedron online<\/b><span class=\"\"> e la ricerca di un sistema trasparente <\/span><b class=\"\">4F-Pentedrone Prezzo<\/b><span class=\"\"> sono sempre pi\u00f9 frequenti.<\/span><span class=\"\"> Per i laboratori e gli istituti di ricerca, la scelta del <\/span><b class=\"\">Il miglior posto dove comprare 4F-Pentedron<\/b><span class=\"\"> decisivo,<\/span><span class=\"\"> per garantire l'integrit\u00e0 del loro lavoro scientifico.<\/span><\/p>\n<h2 class=\"\"><b>Che cos'\u00e8 il 4F-pentadrone? Struttura chimica e rilevanza<\/b><\/h2>\n<p><b class=\"\">4F-Pentedron<\/b><span class=\"\"> \u00e8 un catinone sintetico,<\/span><span class=\"\"> che appartiene al gruppo degli stimolanti.<\/span><span class=\"\"> La sua struttura molecolare \u00e8 strettamente modellata sul Pentedron,<\/span><span class=\"\"> ma con una modifica decisiva:<\/span><span class=\"\"> l'introduzione di un <\/span><b class=\"\">Atomo di fluoro<\/b><span class=\"\"> nella quarta posizione dell'anello fenilico.<\/span><\/p>\n<h3 class=\"\"><b>Classificazione chimica e modalit\u00e0 di funzionamento<\/b><\/h3>\n<ul>\n<li><b class=\"\">Classe chimica:<\/b><span class=\"\"> Catinone sintetico,<\/span><span class=\"\"> a<\/span><span class=\"math-inline\" data-math=\"beta\">beta-<\/span><span class=\"\">Cheto-derivati delle fenetilammine.<\/span><span class=\"\"> Il nome IUPAC \u00e8 1-(4-fluorofenil)-2-(metilammino)pentan-1-one.<\/span><\/li>\n<li><b class=\"\">Meccanismo d'azione:<\/b><span class=\"\"> Come i suoi parenti non fluorurati, il 4F-pentadrone agisce principalmente come un <\/span><b class=\"\">Inibitori della ricaptazione delle monoammine (RM)<\/b><span class=\"\">.<\/span><span class=\"\"> Inibisce la ricaptazione di neurotrasmettitori quali <\/span><b class=\"\">Dopamina<\/b><span class=\"\"> e <\/span><b class=\"\">Noradrenalina<\/b><span class=\"\"> e, in misura minore, la serotonina.<\/span><span class=\"\"> Nel contesto preclinico, questa inibizione porta a un aumento della concentrazione di queste sostanze messaggere nella fessura sinaptica,<\/span><span class=\"\"> che scatena gli effetti stimolanti.<\/span><\/li>\n<li><b class=\"\">Ruolo della fluorurazione:<\/b><span class=\"\"> L'introduzione del piccolo,<\/span><span class=\"\"> L'integrazione di atomi di fluoro fortemente elettronegativi in molecole organiche \u00e8 una strategia comune nella chimica medica.<\/span><span class=\"\"> Nel caso del pentadrone 4F, la fluorurazione pu\u00f2 <\/span><b class=\"\">Solubilit\u00e0 nei grassi (lipofilia)<\/b><span class=\"\"> della molecola e la sua <\/span><b class=\"\">Stabilit\u00e0 metabolica<\/b><span class=\"\"> cambiamento.<\/span><span class=\"\"> Questo pu\u00f2 <\/span><b class=\"\">Biodisponibilit\u00e0<\/b><span class=\"\"> e rallentano la metabolizzazione (metabolismo) nel fegato,<\/span><span class=\"\"> che pu\u00f2 influenzare la durata dell'azione.<\/span><span class=\"\"> I ricercatori stanno studiando queste differenze specifiche rispetto al Pentedron,<\/span><span class=\"\"> per determinare con maggiore precisione il profilo farmacologico.<\/span><\/li>\n<\/ul>\n<h3 class=\"\"><b>Rilevanza della ricerca in neuroscienze e tossicologia<\/b><\/h3>\n<p><span class=\"\">Il pentadrone 4F viene utilizzato intensamente nella ricerca,<\/span><span class=\"\"> per approfondire le interazioni neuronali.<\/span><\/p>\n<ul>\n<li><b class=\"\">Studi comportamentali:<\/b><span class=\"\"> La sostanza consente ai ricercatori di studiare gli effetti della fluorurazione sul comportamento e sugli stati mentali in modelli animali,<\/span><span class=\"\"> che contribuisce all'espansione delle conoscenze nel settore della <\/span><b class=\"\">Psicofarmacologia<\/b><span class=\"\"> contribuisce.<\/span><\/li>\n<li><b class=\"\">Ricerca analitica e forense:<\/b><span class=\"\"> Il 4F-Pentedron funge da importante <\/span><b class=\"\">Standard di riferimento<\/b><span class=\"\"> per i laboratori forensi e tossicologici.<\/span><span class=\"\"> La sostanza deve essere chiaramente identificabile,<\/span><span class=\"\"> in caso di intossicazioni miste (come nel caso dei catinoni come il pentedrone e il <\/span><span class=\"\">-PVP) o per consentire un'analisi rapida e affidabile durante la caratterizzazione dei campioni.<\/span><\/li>\n<li><b class=\"\">Studi sul metabolismo:<\/b><span class=\"\"> Utilizzo di laboratori di ricerca <\/span><b class=\"\">4F-Pentedron<\/b><span class=\"\"> per il suo <\/span><b class=\"\">Metaboliti<\/b><span class=\"\"> identificare.<\/span><span class=\"\"> \u00c8 un aspetto cruciale,<\/span><span class=\"\"> poich\u00e9 alcuni prodotti di degradazione (metaboliti) possono essere essi stessi psicoattivi o potenzialmente tossici.<\/span><\/li>\n<\/ul>\n<h2 class=\"\"><b>Il mercato e la garanzia di qualit\u00e0 per gli acquisti online<\/b><\/h2>\n<p><span class=\"\">La disponibilit\u00e0 del 4F-Pentedron attraverso piattaforme online specializzate ha facilitato l'approvvigionamento dei laboratori di ricerca.<\/span><span class=\"\"> Tuttavia, il mercato \u00e8,<\/span><span class=\"\"> come per tutte le Nuove Sostanze Psicoattive (NPS),<\/span><span class=\"\"> suscettibili di contraffazione e contaminazione.<\/span><\/p>\n<h3 class=\"\"><b>Offerte e caratteristiche principali<\/b><\/h3>\n<ul>\n<li><b class=\"\">Analisi chimica:<\/b><span class=\"\"> I laboratori possono utilizzare il 4F-Pentedron per la convalida e lo sviluppo di metodi analitici (ad es.<\/span><span class=\"\">B.<\/span><span class=\"\"> HPLC-QTOF-MS).<\/span><\/li>\n<li><b class=\"\">Disponibilit\u00e0 e costi:<\/b><span class=\"\"> Diversi rivenditori <\/span><b class=\"\">ascoltare 4F-Pentedrone in vendita<\/b><span class=\"\">,<\/span><span class=\"\"> in cui i laboratori teoricamente <\/span><b class=\"\">Acquistare 4F-Pentedron a buon mercato online<\/b><span class=\"\"> pu\u00f2.<\/span><\/li>\n<li><b class=\"\">Seriet\u00e0:<\/b><span class=\"\"> Chi <\/span><b class=\"\">Comprare pentadrone 4F autentico o contraffatto<\/b><span class=\"\"> vorrebbe,<\/span><span class=\"\"> devono prestare attenzione ai fornitori,<\/span><span class=\"\"> che hanno strutture trasparenti di garanzia della qualit\u00e0 e dei prezzi.<\/span><span class=\"\"> Il <\/span><b class=\"\">4F-Pentedrone Prezzo<\/b><span class=\"\"> deve essere sempre in relazione al <\/span><b class=\"\">purezza garantita<\/b><span class=\"\"> essere visti.<\/span><\/li>\n<\/ul>\n<h3 class=\"\"><b>Scegliere il luogo migliore per l'acquisto<\/b><\/h3>\n<p><span class=\"\">La distinzione critica tra <\/span><b class=\"\">autentico o contraffatto 4F-Pentedron<\/b><span class=\"\"> \u00e8 fondamentale.<\/span><span class=\"\"> Un processo di acquisto serio richiede:<\/span><\/p>\n<ul>\n<li><b>Certificati di purezza (COA):<\/b> Acquistate solo prodotti che sono <b>laboratori indipendenti<\/b> NMR, GC-MS o HPLC per determinarne la <b>identit\u00e0 chimica<\/b> e <b>La purezza<\/b> sono stati testati.<\/li>\n<li><b>Rivenditori trasparenti:<\/b> Il <b>Il miglior posto dove comprare 4F-Pentedron<\/b> \u00e8 un distributore che rende noti i propri standard di qualit\u00e0 ed \u00e8 specializzato in prodotti chimici per la ricerca.<\/li>\n<li><b>Ordinare pentadrone 4F autentico o contraffatto:<\/b> In questo caso, \u201egenuino\u201c si riferisce alla <b><a href=\"\/product\/ebk-online-kaufen\/\">certificato<\/a> La purezza<\/b> e \u201econtraffatto\u201c ai campioni spesso non puliti o falsamente dichiarati su mercati di dubbia provenienza.<\/li>\n<\/ul>\n<h2><b>Utilizzo, sicurezza e situazione legale<\/b><\/h2>\n<p>I pericoli dei catinoni sintetici sono dimostrati da casi tossicologici. <b>Il 4F-Pentedrone non \u00e8 autorizzato per il consumo umano e deve essere utilizzato solo in ambito scientifico.<\/b><\/p>\n<h3><b>Rigide precauzioni di sicurezza negli istituti di ricerca<\/b><\/h3>\n<p>Istituti di ricerca che <b>Acquistare 4F-Pentedron online<\/b>, devono essere conformi ai pi\u00f9 elevati standard di qualit\u00e0 e sicurezza:<\/p>\n<ul>\n<li><b>Uso previsto:<\/b> L'uso \u00e8 strettamente limitato a scopi di ricerca, insegnamento e analisi.<\/li>\n<li><b>Manipolazione:<\/b> Sono essenziali adeguati dispositivi di protezione individuale (DPI) e protocolli sicuri in laboratorio.<\/li>\n<li><b>Smaltimento:<\/b> Lo smaltimento dei materiali residui deve essere effettuato in conformit\u00e0 alle norme vigenti in materia di sostanze pericolose.<\/li>\n<\/ul>\n<h3><b>La situazione giuridica in Germania e nell'UE<\/b><\/h3>\n<p>La situazione giuridica del <b>Acquistare 4F-Pentedron online<\/b> \u00e8 complesso, soprattutto in Germania:<\/p>\n<ul>\n<li><b>Legge sulle nuove sostanze psicoattive (NpSG):<\/b> Essendo un derivato del catinone, il 4F-pentadrone rientra molto probabilmente nella categoria dei <b>Regolazione del gruppo di sostanze del NpSG<\/b>. Questa legge vieta il traffico, l'immissione sul mercato, la produzione, l'importazione, l'esportazione e il transito, l'acquisizione e la detenzione di NPS a scopo di consumo.<\/li>\n<li><b>Sostanza controllata:<\/b> Questo rende 4F-Pentedron in Germania <b>controllato<\/b> e per uso privato o non autorizzato <b>illegale<\/b>. L'approvvigionamento legale \u00e8 possibile solo per <b>Scopi scientifici, industriali o commerciali autorizzati<\/b> autorizzato.<\/li>\n<\/ul>\n<h2><b>Conclusione: attenzione e responsabilit\u00e0 nell'acquisto di 4F-Pentedron<\/b><\/h2>\n<p><b>4F-Pentedron<\/b> svolge un ruolo importante nella ricerca sulla neurochimica degli stimolanti. Chi <b>Comprare pentadrone 4F autentico o contraffatto<\/b> o <b>Acquistare 4F-Pentedron online<\/b> vorrebbe utilizzare il <b>Regolamentazione rigorosa (NpSG)<\/b> e la necessit\u00e0 <b>Qualit\u00e0 testata<\/b> essere chiari. Il <b>Il miglior posto dove comprare 4F-Pentedron<\/b> \u00e8 sempre un distributore che garantisce trasparenza, analisi di laboratorio aggiornate e conformit\u00e0 al rigoroso quadro normativo. L'integrit\u00e0 della ricerca dipende direttamente dalla purezza delle sostanze utilizzate.<\/p>","protected":false},"excerpt":{"rendered":"<p><strong>4F-Pentedrone<\/strong> \u00e8 un composto chimico sintetico utilizzato per scopi di ricerca scientifica. Appartiene alla famiglia dei catinoni e viene studiato in laboratori controllati per comprenderne gli effetti sul sistema nervoso centrale. <strong>4F-Pentedrone<\/strong> \u00e8 destinato esclusivamente alla ricerca e non \u00e8 adatto al consumo umano.<\/p>","protected":false},"featured_media":6594,"comment_status":"open","ping_status":"closed","template":"","meta":{"_joinchat":[]},"product_brand":[],"product_cat":[1806],"product_tag":[1967,1973,1968,1971,1972,1970,1969,188,1814,248],"class_list":{"0":"post-6557","1":"product","2":"type-product","3":"status-publish","4":"has-post-thumbnail","6":"product_cat-pyrrolidin-und-pyrrolidinophena","7":"product_tag-4f-pentedrone","8":"product_tag-4f-pentedrone-chemikalien","9":"product_tag-4f-pentedrone-kaufen","10":"product_tag-4f-pentedrone-kristalle","11":"product_tag-4f-pentedrone-online","12":"product_tag-4f-pentedrone-pulver","13":"product_tag-4f-pentedrone-zum-verkauf","14":"product_tag-forschungschemikalien","15":"product_tag-forschungsstoffe-kaufen","16":"product_tag-synthetische-stimulanzien","18":"first","19":"instock","20":"shipping-taxable","21":"purchasable","22":"product-type-variable"},"yoast_head":"<!-- This site is optimized with the Yoast SEO plugin v27.5 - https:\/\/yoast.com\/product\/yoast-seo-wordpress\/ -->\n<title>4F-PHP (4-Fluorphenylpyrrolidin) online kaufen | Chemgramx<\/title>\n<meta name=\"description\" content=\"Suchen Sie 4f-php (4-Fluorphenylpyrrolidin) zum Online-Verkauf? Chemgramx ist ein f\u00fchrender Shop, in dem Sie 4f-php online kaufen k\u00f6nnen. Kaufen Sie Mephtetramin online zum besten Preis. Jetzt mit diskretem Versand bestellen!\" \/>\n<meta name=\"robots\" content=\"index, follow, max-snippet:-1, max-image-preview:large, max-video-preview:-1\" \/>\n<link rel=\"canonical\" href=\"https:\/\/chemgramx.com\/it\/prodotto-1\/4f-pentedrone-ordine-online\/\" \/>\n<meta property=\"og:locale\" content=\"it_IT\" \/>\n<meta property=\"og:type\" content=\"article\" \/>\n<meta property=\"og:title\" content=\"4F-PHP (4-Fluorphenylpyrrolidin) online kaufen | Chemgramx\" \/>\n<meta property=\"og:description\" content=\"Suchen Sie 4f-php (4-Fluorphenylpyrrolidin) zum Online-Verkauf? Chemgramx ist ein f\u00fchrender Shop, in dem Sie 4f-php online kaufen k\u00f6nnen. Kaufen Sie Mephtetramin online zum besten Preis. Jetzt mit diskretem Versand bestellen!\" \/>\n<meta property=\"og:url\" content=\"https:\/\/chemgramx.com\/it\/prodotto-1\/4f-pentedrone-ordine-online\/\" \/>\n<meta property=\"og:site_name\" content=\"Chemgramx\" \/>\n<meta property=\"article:modified_time\" content=\"2025-11-21T11:07:57+00:00\" \/>\n<meta property=\"og:image\" content=\"https:\/\/chemgramx.com\/wp-content\/uploads\/2025\/11\/4penti.png\" \/>\n\t<meta property=\"og:image:width\" content=\"600\" \/>\n\t<meta property=\"og:image:height\" content=\"400\" \/>\n\t<meta property=\"og:image:type\" content=\"image\/png\" \/>\n<meta name=\"twitter:card\" content=\"summary_large_image\" \/>\n<meta name=\"twitter:label1\" content=\"Tempo di lettura stimato\" \/>\n\t<meta name=\"twitter:data1\" content=\"4 minuti\" \/>\n<script type=\"application\/ld+json\" class=\"yoast-schema-graph\">{\"@context\":\"https:\\\/\\\/schema.org\",\"@graph\":[{\"@type\":\"WebPage\",\"@id\":\"https:\\\/\\\/chemgramx.com\\\/product\\\/4f-pentedrone-online-bestellung\\\/\",\"url\":\"https:\\\/\\\/chemgramx.com\\\/product\\\/4f-pentedrone-online-bestellung\\\/\",\"name\":\"4F-PHP (4-Fluorphenylpyrrolidin) online kaufen | Chemgramx\",\"isPartOf\":{\"@id\":\"https:\\\/\\\/chemgramx.com\\\/#website\"},\"primaryImageOfPage\":{\"@id\":\"https:\\\/\\\/chemgramx.com\\\/product\\\/4f-pentedrone-online-bestellung\\\/#primaryimage\"},\"image\":{\"@id\":\"https:\\\/\\\/chemgramx.com\\\/product\\\/4f-pentedrone-online-bestellung\\\/#primaryimage\"},\"thumbnailUrl\":\"https:\\\/\\\/chemgramx.com\\\/wp-content\\\/uploads\\\/2025\\\/11\\\/4penti.png\",\"datePublished\":\"2025-11-21T11:06:35+00:00\",\"dateModified\":\"2025-11-21T11:07:57+00:00\",\"description\":\"Suchen Sie 4f-php (4-Fluorphenylpyrrolidin) zum Online-Verkauf? Chemgramx ist ein f\u00fchrender Shop, in dem Sie 4f-php online kaufen k\u00f6nnen. Kaufen Sie Mephtetramin online zum besten Preis. Jetzt mit diskretem Versand bestellen!\",\"breadcrumb\":{\"@id\":\"https:\\\/\\\/chemgramx.com\\\/product\\\/4f-pentedrone-online-bestellung\\\/#breadcrumb\"},\"inLanguage\":\"it-IT\",\"potentialAction\":[{\"@type\":\"ReadAction\",\"target\":[\"https:\\\/\\\/chemgramx.com\\\/product\\\/4f-pentedrone-online-bestellung\\\/\"]}]},{\"@type\":\"ImageObject\",\"inLanguage\":\"it-IT\",\"@id\":\"https:\\\/\\\/chemgramx.com\\\/product\\\/4f-pentedrone-online-bestellung\\\/#primaryimage\",\"url\":\"https:\\\/\\\/chemgramx.com\\\/wp-content\\\/uploads\\\/2025\\\/11\\\/4penti.png\",\"contentUrl\":\"https:\\\/\\\/chemgramx.com\\\/wp-content\\\/uploads\\\/2025\\\/11\\\/4penti.png\",\"width\":600,\"height\":400},{\"@type\":\"BreadcrumbList\",\"@id\":\"https:\\\/\\\/chemgramx.com\\\/product\\\/4f-pentedrone-online-bestellung\\\/#breadcrumb\",\"itemListElement\":[{\"@type\":\"ListItem\",\"position\":1,\"name\":\"Home\",\"item\":\"https:\\\/\\\/chemgramx.com\\\/\"},{\"@type\":\"ListItem\",\"position\":2,\"name\":\"Shop\",\"item\":\"https:\\\/\\\/chemgramx.com\\\/shop\\\/\"},{\"@type\":\"ListItem\",\"position\":3,\"name\":\"4F-Pentedrone Online Bestellung\"}]},{\"@type\":\"WebSite\",\"@id\":\"https:\\\/\\\/chemgramx.com\\\/#website\",\"url\":\"https:\\\/\\\/chemgramx.com\\\/\",\"name\":\"Chemgramx\",\"description\":\"\",\"publisher\":{\"@id\":\"https:\\\/\\\/chemgramx.com\\\/#organization\"},\"potentialAction\":[{\"@type\":\"SearchAction\",\"target\":{\"@type\":\"EntryPoint\",\"urlTemplate\":\"https:\\\/\\\/chemgramx.com\\\/?s={search_term_string}\"},\"query-input\":{\"@type\":\"PropertyValueSpecification\",\"valueRequired\":true,\"valueName\":\"search_term_string\"}}],\"inLanguage\":\"it-IT\"},{\"@type\":\"Organization\",\"@id\":\"https:\\\/\\\/chemgramx.com\\\/#organization\",\"name\":\"Chemgramx\",\"url\":\"https:\\\/\\\/chemgramx.com\\\/\",\"logo\":{\"@type\":\"ImageObject\",\"inLanguage\":\"it-IT\",\"@id\":\"https:\\\/\\\/chemgramx.com\\\/#\\\/schema\\\/logo\\\/image\\\/\",\"url\":\"https:\\\/\\\/chemgramx.com\\\/wp-content\\\/uploads\\\/2024\\\/10\\\/final-logo.png\",\"contentUrl\":\"https:\\\/\\\/chemgramx.com\\\/wp-content\\\/uploads\\\/2024\\\/10\\\/final-logo.png\",\"width\":250,\"height\":48,\"caption\":\"Chemgramx\"},\"image\":{\"@id\":\"https:\\\/\\\/chemgramx.com\\\/#\\\/schema\\\/logo\\\/image\\\/\"}}]}<\/script>\n<!-- \/ Yoast SEO plugin. -->","yoast_head_json":{"title":"Acquista 4F-PHP (4-fluorofenilpirrolidina) online | Chemgramx","description":"Cerchi 4f-php (4-fluorofenilpirrolidina) in vendita online? Chemgramx \u00e8 un negozio leader dove puoi acquistare 4f-php online. Acquista Meftetetramina online al miglior prezzo. Ordina ora con spedizione discreta!","robots":{"index":"index","follow":"follow","max-snippet":"max-snippet:-1","max-image-preview":"max-image-preview:large","max-video-preview":"max-video-preview:-1"},"canonical":"https:\/\/chemgramx.com\/it\/prodotto-1\/4f-pentedrone-ordine-online\/","og_locale":"it_IT","og_type":"article","og_title":"4F-PHP (4-Fluorphenylpyrrolidin) online kaufen | Chemgramx","og_description":"Suchen Sie 4f-php (4-Fluorphenylpyrrolidin) zum Online-Verkauf? Chemgramx ist ein f\u00fchrender Shop, in dem Sie 4f-php online kaufen k\u00f6nnen. Kaufen Sie Mephtetramin online zum besten Preis. Jetzt mit diskretem Versand bestellen!","og_url":"https:\/\/chemgramx.com\/it\/prodotto-1\/4f-pentedrone-ordine-online\/","og_site_name":"Chemgramx","article_modified_time":"2025-11-21T11:07:57+00:00","og_image":[{"width":600,"height":400,"url":"https:\/\/chemgramx.com\/wp-content\/uploads\/2025\/11\/4penti.png","type":"image\/png"}],"twitter_card":"summary_large_image","twitter_misc":{"Tempo di lettura stimato":"4 minuti"},"schema":{"@context":"https:\/\/schema.org","@graph":[{"@type":"WebPage","@id":"https:\/\/chemgramx.com\/product\/4f-pentedrone-online-bestellung\/","url":"https:\/\/chemgramx.com\/product\/4f-pentedrone-online-bestellung\/","name":"Acquista 4F-PHP (4-fluorofenilpirrolidina) online | Chemgramx","isPartOf":{"@id":"https:\/\/chemgramx.com\/#website"},"primaryImageOfPage":{"@id":"https:\/\/chemgramx.com\/product\/4f-pentedrone-online-bestellung\/#primaryimage"},"image":{"@id":"https:\/\/chemgramx.com\/product\/4f-pentedrone-online-bestellung\/#primaryimage"},"thumbnailUrl":"https:\/\/chemgramx.com\/wp-content\/uploads\/2025\/11\/4penti.png","datePublished":"2025-11-21T11:06:35+00:00","dateModified":"2025-11-21T11:07:57+00:00","description":"Cerchi 4f-php (4-fluorofenilpirrolidina) in vendita online? Chemgramx \u00e8 un negozio leader dove puoi acquistare 4f-php online. Acquista Meftetetramina online al miglior prezzo. Ordina ora con spedizione discreta!","breadcrumb":{"@id":"https:\/\/chemgramx.com\/product\/4f-pentedrone-online-bestellung\/#breadcrumb"},"inLanguage":"it-IT","potentialAction":[{"@type":"ReadAction","target":["https:\/\/chemgramx.com\/product\/4f-pentedrone-online-bestellung\/"]}]},{"@type":"ImageObject","inLanguage":"it-IT","@id":"https:\/\/chemgramx.com\/product\/4f-pentedrone-online-bestellung\/#primaryimage","url":"https:\/\/chemgramx.com\/wp-content\/uploads\/2025\/11\/4penti.png","contentUrl":"https:\/\/chemgramx.com\/wp-content\/uploads\/2025\/11\/4penti.png","width":600,"height":400},{"@type":"BreadcrumbList","@id":"https:\/\/chemgramx.com\/product\/4f-pentedrone-online-bestellung\/#breadcrumb","itemListElement":[{"@type":"ListItem","position":1,"name":"Home","item":"https:\/\/chemgramx.com\/"},{"@type":"ListItem","position":2,"name":"Shop","item":"https:\/\/chemgramx.com\/shop\/"},{"@type":"ListItem","position":3,"name":"4F-Pentedrone Online Bestellung"}]},{"@type":"WebSite","@id":"https:\/\/chemgramx.com\/#website","url":"https:\/\/chemgramx.com\/","name":"Chemgramx","description":"","publisher":{"@id":"https:\/\/chemgramx.com\/#organization"},"potentialAction":[{"@type":"SearchAction","target":{"@type":"EntryPoint","urlTemplate":"https:\/\/chemgramx.com\/?s={search_term_string}"},"query-input":{"@type":"PropertyValueSpecification","valueRequired":true,"valueName":"search_term_string"}}],"inLanguage":"it-IT"},{"@type":"Organization","@id":"https:\/\/chemgramx.com\/#organization","name":"Chemgramx","url":"https:\/\/chemgramx.com\/","logo":{"@type":"ImageObject","inLanguage":"it-IT","@id":"https:\/\/chemgramx.com\/#\/schema\/logo\/image\/","url":"https:\/\/chemgramx.com\/wp-content\/uploads\/2024\/10\/final-logo.png","contentUrl":"https:\/\/chemgramx.com\/wp-content\/uploads\/2024\/10\/final-logo.png","width":250,"height":48,"caption":"Chemgramx"},"image":{"@id":"https:\/\/chemgramx.com\/#\/schema\/logo\/image\/"}}]}},"_links":{"self":[{"href":"https:\/\/chemgramx.com\/it\/wp-json\/wp\/v2\/product\/6557","targetHints":{"allow":["GET"]}}],"collection":[{"href":"https:\/\/chemgramx.com\/it\/wp-json\/wp\/v2\/product"}],"about":[{"href":"https:\/\/chemgramx.com\/it\/wp-json\/wp\/v2\/types\/product"}],"replies":[{"embeddable":true,"href":"https:\/\/chemgramx.com\/it\/wp-json\/wp\/v2\/comments?post=6557"}],"wp:featuredmedia":[{"embeddable":true,"href":"https:\/\/chemgramx.com\/it\/wp-json\/wp\/v2\/media\/6594"}],"wp:attachment":[{"href":"https:\/\/chemgramx.com\/it\/wp-json\/wp\/v2\/media?parent=6557"}],"wp:term":[{"taxonomy":"product_brand","embeddable":true,"href":"https:\/\/chemgramx.com\/it\/wp-json\/wp\/v2\/product_brand?post=6557"},{"taxonomy":"product_cat","embeddable":true,"href":"https:\/\/chemgramx.com\/it\/wp-json\/wp\/v2\/product_cat?post=6557"},{"taxonomy":"product_tag","embeddable":true,"href":"https:\/\/chemgramx.com\/it\/wp-json\/wp\/v2\/product_tag?post=6557"}],"curies":[{"name":"wp","href":"https:\/\/api.w.org\/{rel}","templated":true}]}}