{"id":6660,"date":"2025-11-21T11:07:59","date_gmt":"2025-11-21T11:07:59","guid":{"rendered":"https:\/\/chemgramx.com\/?post_type=product&#038;p=6660"},"modified":"2025-11-21T11:08:48","modified_gmt":"2025-11-21T11:08:48","slug":"comprare-3me-fentanyl-online","status":"publish","type":"product","link":"https:\/\/chemgramx.com\/it\/product\/3me-fentanyl-online-kaufen\/","title":{"rendered":"Acquistare 3me-Fentanyl online"},"content":{"rendered":"<p data-start=\"211\" data-end=\"761\">Il 3me-fentanil \u00e8 un potente oppioide sintetico appartenente alla famiglia del fentanil, utilizzato nella ricerca scientifica e nell'analisi chimica. Chimicamente noto come 3-metilfentanil, appartiene al gruppo degli analoghi altamente potenti del fentanil. Grazie alla sua struttura unica, \u00e8 significativamente pi\u00f9 efficace del fentanil convenzionale. \u00c8 stato originariamente sviluppato nell'ambito della ricerca chimica e offre ai ricercatori preziose informazioni sullo studio dei recettori degli oppioidi e dei loro meccanismi d'azione.<\/p>\n<p data-start=\"763\" data-end=\"936\"><a href=\"https:\/\/chemgramx.com\/product\/3me-fentanyl\/\">Acquista 3me fentanyl vero o falso<\/a> vogliono utilizzarlo per comprendere il legame con i recettori \u03bc-oppioidi e per condurre nuovi studi farmacologici.<\/p>\n<h2 data-start=\"943\" data-end=\"1018\">Acquista 3me-Fentanyl online ora: 3me-Fentanyl disponibile per la vendita<\/h2>\n<p data-start=\"1020\" data-end=\"1269\">Se desideri acquistare 3me Fentanyl di alta qualit\u00e0 online, sei nel posto giusto. Offriamo 3me Fentanyl in vendita con elevata purezza e qualit\u00e0 garantite, perfetto per scopi di ricerca e analisi professionale.<\/p>\n<p data-start=\"1271\" data-end=\"1628\">Con noi puoi acquistare 3me-Fentanyl online in modo sicuro, discreto e affidabile. Scopri le nostre offerte, ordina direttamente da un fornitore professionale e approfitta delle migliori condizioni. Il posto migliore per acquistare 3me-Fentanyl online: direttamente dall'esperto. Acquista subito 3me-Fentanyl online a basso costo e approfitta di sconti esclusivi.<\/p>\n<h2 data-start=\"1635\" data-end=\"1681\">Perch\u00e9 acquistare 3me Fentanyl online da noi?<\/h2>\n<ul data-start=\"1683\" data-end=\"2037\">\n<li data-start=\"1683\" data-end=\"1749\">\n<p data-start=\"1685\" data-end=\"1749\">Testati in laboratorio per garantire la massima qualit\u00e0 della ricerca.<\/p>\n<\/li>\n<li data-start=\"1750\" data-end=\"1807\">\n<p data-start=\"1752\" data-end=\"1807\">Spedizione veloce e discreta in imballaggio neutro<\/p>\n<\/li>\n<li data-start=\"1808\" data-end=\"1852\">\n<p data-start=\"1810\" data-end=\"1852\">Metodi di pagamento flessibili e sicuri<\/p>\n<\/li>\n<li data-start=\"1853\" data-end=\"1923\">\n<p data-start=\"1855\" data-end=\"1923\">Prezzo interessante del 3me-Fentanyl per ordini singoli e all'ingrosso<\/p>\n<\/li>\n<li data-start=\"1924\" data-end=\"1969\">\n<p data-start=\"1926\" data-end=\"1969\">Servizio clienti competente per tutte le domande<\/p>\n<\/li>\n<li data-start=\"1970\" data-end=\"2037\">\n<p data-start=\"1972\" data-end=\"2037\">Possibilit\u00e0 di acquistare 3me-Fentanyl vero o falso in vendita<\/p>\n<\/li>\n<\/ul>\n<h2 data-start=\"2044\" data-end=\"2079\">Origine e profilo chimico<\/h2>\n<p data-start=\"2081\" data-end=\"2378\">Il 3me-fentanil \u00e8 stato sintetizzato per la prima volta negli anni '70 nell'ambito della ricerca medica e chimica. Strutturalmente, la sostanza appartiene alla famiglia dei derivati del fentanil e si differenzia per il suo gruppo 3-metile, che consente un legame pi\u00f9 forte con il recettore \u03bc-oppioide.<\/p>\n<p data-start=\"2380\" data-end=\"2538\">Questa struttura lo rende particolarmente prezioso per i ricercatori che studiano il legame dei recettori e sviluppano nuovi approcci nella ricerca sul dolore.<\/p>\n<h2 data-start=\"2545\" data-end=\"2577\">Uso del 3me-fentanil<\/h2>\n<p data-start=\"2579\" data-end=\"2777\">Il 3me-Fentanyl \u00e8 utilizzato esclusivamente per scopi di ricerca scientifica. Gli istituti di ricerca e i laboratori che desiderano acquistare il 3me-Fentanyl utilizzano i nostri servizi per:<\/p>\n<ul data-start=\"2779\" data-end=\"2944\">\n<li data-start=\"2779\" data-end=\"2814\">\n<p data-start=\"2781\" data-end=\"2814\">Ricerca neurofarmacologica<\/p>\n<\/li>\n<li data-start=\"2815\" data-end=\"2847\">\n<p data-start=\"2817\" data-end=\"2847\">studi chimici<\/p>\n<\/li>\n<li data-start=\"2848\" data-end=\"2892\">\n<p data-start=\"2850\" data-end=\"2892\">Ricerca di base sui recettori degli oppioidi<\/p>\n<\/li>\n<li data-start=\"2893\" data-end=\"2944\">\n<p data-start=\"2895\" data-end=\"2944\">Analisi tossicologiche in ambito forense<\/p>\n<\/li>\n<\/ul>\n<h2 data-start=\"2951\" data-end=\"3006\">Come e dove posso ordinare 3me-Fentanyl online?<\/h2>\n<p data-start=\"3008\" data-end=\"3218\">Puoi ordinare da noi 3me Fentanyl autentico o contraffatto in modo rapido, sicuro e discreto. Il nostro negozio online, facile da usare, offre opzioni di pagamento flessibili e spedizioni in tutto il mondo con imballaggio neutro.<\/p>\n<h2 data-start=\"3225\" data-end=\"3272\">Vantaggi dell'acquisto di 3me-Fentanyl online<\/h2>\n<ul data-start=\"3274\" data-end=\"3528\">\n<li data-start=\"3274\" data-end=\"3332\">\n<p data-start=\"3276\" data-end=\"3332\">Acquista direttamente senza intermediari a prezzi migliori<\/p>\n<\/li>\n<li data-start=\"3333\" data-end=\"3385\">\n<p data-start=\"3335\" data-end=\"3385\">Spedizione veloce e discreta in tutto il mondo<\/p>\n<\/li>\n<li data-start=\"3386\" data-end=\"3436\">\n<p data-start=\"3388\" data-end=\"3436\">Accesso a sconti esclusivi e offerte speciali<\/p>\n<\/li>\n<li data-start=\"3437\" data-end=\"3489\">\n<p data-start=\"3439\" data-end=\"3489\">Prezzo equo del 3me-Fentanyl per ogni ordine<\/p>\n<\/li>\n<li data-start=\"3490\" data-end=\"3528\">\n<p data-start=\"3492\" data-end=\"3528\">Consulenza competente da parte di esperti<\/p>\n<\/li>\n<\/ul>\n<h2 data-start=\"3535\" data-end=\"3576\">Come scegliere il fornitore giusto<\/h2>\n<p data-start=\"3578\" data-end=\"3715\">Soprattutto quando si tratta di sostanze chimiche di ricerca altamente potenti come il 3me-fentanil, \u00e8 fondamentale affidarsi a un partner affidabile.<\/p>\n<p data-start=\"3717\" data-end=\"3745\">Criteri di selezione importanti:<\/p>\n<ul data-start=\"3746\" data-end=\"3918\">\n<li data-start=\"3746\" data-end=\"3788\">\n<p data-start=\"3748\" data-end=\"3788\">Certificati di qualit\u00e0 e purezza testati<\/p>\n<\/li>\n<li data-start=\"3789\" data-end=\"3845\">\n<p data-start=\"3791\" data-end=\"3845\">Spedizione affidabile: veloce, discreta e assicurata<\/p>\n<\/li>\n<li data-start=\"3846\" data-end=\"3874\">\n<p data-start=\"3848\" data-end=\"3874\">Metodi di pagamento sicuri<\/p>\n<\/li>\n<li data-start=\"3875\" data-end=\"3918\">\n<p data-start=\"3877\" data-end=\"3918\">Supporto personale per la tua ricerca<\/p>\n<\/li>\n<\/ul>\n<h2 data-start=\"3925\" data-end=\"3935\">Conclusione<\/h2>\n<p data-start=\"3937\" data-end=\"4240\">Se desideri acquistare 3me Fentanyl online, il nostro negozio \u00e8 la tua prima scelta. Ti offriamo qualit\u00e0 testata, prezzi equi, spedizioni discrete e sicurezza assoluta. Con la nostra gamma di 3me Fentanyl originali o contraffatti in vendita, supportiamo la tua ricerca al massimo livello.<\/p>","protected":false},"excerpt":{"rendered":"<p><strong>3ME-Fentanil<\/strong> \u00e8 un composto chimico di elevata purezza utilizzato nella ricerca scientifica per studiare gli effetti e le propriet\u00e0 farmacologiche dei derivati del fentanil. Questa sostanza \u00e8 utilizzata esclusivamente in ambienti di laboratorio controllati e non \u00e8 destinata al consumo umano.<\/p>","protected":false},"featured_media":6690,"comment_status":"open","ping_status":"closed","template":"","meta":{"_joinchat":[]},"product_brand":[],"product_cat":[1803],"product_tag":[2079,2085,2080,2083,2084,2082,2081,2070,188,1814],"class_list":{"0":"post-6660","1":"product","2":"type-product","3":"status-publish","4":"has-post-thumbnail","6":"product_cat-andere","7":"product_tag-3me-fentanyl","8":"product_tag-3me-fentanyl-chemikalien","9":"product_tag-3me-fentanyl-kaufen","10":"product_tag-3me-fentanyl-kristalle","11":"product_tag-3me-fentanyl-online","12":"product_tag-3me-fentanyl-pulver","13":"product_tag-3me-fentanyl-zum-verkauf","14":"product_tag-fentanyl-derivate","15":"product_tag-forschungschemikalien","16":"product_tag-forschungsstoffe-kaufen","18":"first","19":"instock","20":"shipping-taxable","21":"purchasable","22":"product-type-variable"},"yoast_head":"<!-- This site is optimized with the Yoast SEO plugin v27.5 - https:\/\/yoast.com\/product\/yoast-seo-wordpress\/ -->\n<title>3ME-Fentanyl online kaufen \u2013 3ME-Fentanyl zu verkaufen<\/title>\n<meta name=\"description\" content=\"Wenn Sie 3me-Fentanyl online ohne Rezept kaufen m\u00f6chten, ist chemgramx.com der beste Ort, um 3me-Fentanyl online zu kaufen, 3me-Fentanyl zu verkaufen, 3me-Fentanyl online zum besten Preis. Jetzt bestellen!\" \/>\n<meta name=\"robots\" content=\"index, follow, max-snippet:-1, max-image-preview:large, max-video-preview:-1\" \/>\n<link rel=\"canonical\" href=\"https:\/\/chemgramx.com\/it\/prodotto-1\/comprare-3me-fentanyl-online\/\" \/>\n<meta property=\"og:locale\" content=\"it_IT\" \/>\n<meta property=\"og:type\" content=\"article\" \/>\n<meta property=\"og:title\" content=\"3ME-Fentanyl online kaufen \u2013 3ME-Fentanyl zu verkaufen\" \/>\n<meta property=\"og:description\" content=\"Wenn Sie 3me-Fentanyl online ohne Rezept kaufen m\u00f6chten, ist chemgramx.com der beste Ort, um 3me-Fentanyl online zu kaufen, 3me-Fentanyl zu verkaufen, 3me-Fentanyl online zum besten Preis. Jetzt bestellen!\" \/>\n<meta property=\"og:url\" content=\"https:\/\/chemgramx.com\/it\/prodotto-1\/comprare-3me-fentanyl-online\/\" \/>\n<meta property=\"og:site_name\" content=\"Chemgramx\" \/>\n<meta property=\"article:modified_time\" content=\"2025-11-21T11:08:48+00:00\" \/>\n<meta property=\"og:image\" content=\"https:\/\/chemgramx.com\/wp-content\/uploads\/2025\/11\/3me.png\" \/>\n\t<meta property=\"og:image:width\" content=\"600\" \/>\n\t<meta property=\"og:image:height\" content=\"400\" \/>\n\t<meta property=\"og:image:type\" content=\"image\/png\" \/>\n<meta name=\"twitter:card\" content=\"summary_large_image\" \/>\n<meta name=\"twitter:label1\" content=\"Tempo di lettura stimato\" \/>\n\t<meta name=\"twitter:data1\" content=\"3 minuti\" \/>\n<script type=\"application\/ld+json\" class=\"yoast-schema-graph\">{\"@context\":\"https:\\\/\\\/schema.org\",\"@graph\":[{\"@type\":\"WebPage\",\"@id\":\"https:\\\/\\\/chemgramx.com\\\/product\\\/3me-fentanyl-online-kaufen\\\/\",\"url\":\"https:\\\/\\\/chemgramx.com\\\/product\\\/3me-fentanyl-online-kaufen\\\/\",\"name\":\"3ME-Fentanyl online kaufen \u2013 3ME-Fentanyl zu verkaufen\",\"isPartOf\":{\"@id\":\"https:\\\/\\\/chemgramx.com\\\/#website\"},\"primaryImageOfPage\":{\"@id\":\"https:\\\/\\\/chemgramx.com\\\/product\\\/3me-fentanyl-online-kaufen\\\/#primaryimage\"},\"image\":{\"@id\":\"https:\\\/\\\/chemgramx.com\\\/product\\\/3me-fentanyl-online-kaufen\\\/#primaryimage\"},\"thumbnailUrl\":\"https:\\\/\\\/chemgramx.com\\\/wp-content\\\/uploads\\\/2025\\\/11\\\/3me.png\",\"datePublished\":\"2025-11-21T11:07:59+00:00\",\"dateModified\":\"2025-11-21T11:08:48+00:00\",\"description\":\"Wenn Sie 3me-Fentanyl online ohne Rezept kaufen m\u00f6chten, ist chemgramx.com der beste Ort, um 3me-Fentanyl online zu kaufen, 3me-Fentanyl zu verkaufen, 3me-Fentanyl online zum besten Preis. Jetzt bestellen!\",\"breadcrumb\":{\"@id\":\"https:\\\/\\\/chemgramx.com\\\/product\\\/3me-fentanyl-online-kaufen\\\/#breadcrumb\"},\"inLanguage\":\"it-IT\",\"potentialAction\":[{\"@type\":\"ReadAction\",\"target\":[\"https:\\\/\\\/chemgramx.com\\\/product\\\/3me-fentanyl-online-kaufen\\\/\"]}]},{\"@type\":\"ImageObject\",\"inLanguage\":\"it-IT\",\"@id\":\"https:\\\/\\\/chemgramx.com\\\/product\\\/3me-fentanyl-online-kaufen\\\/#primaryimage\",\"url\":\"https:\\\/\\\/chemgramx.com\\\/wp-content\\\/uploads\\\/2025\\\/11\\\/3me.png\",\"contentUrl\":\"https:\\\/\\\/chemgramx.com\\\/wp-content\\\/uploads\\\/2025\\\/11\\\/3me.png\",\"width\":600,\"height\":400},{\"@type\":\"BreadcrumbList\",\"@id\":\"https:\\\/\\\/chemgramx.com\\\/product\\\/3me-fentanyl-online-kaufen\\\/#breadcrumb\",\"itemListElement\":[{\"@type\":\"ListItem\",\"position\":1,\"name\":\"Home\",\"item\":\"https:\\\/\\\/chemgramx.com\\\/\"},{\"@type\":\"ListItem\",\"position\":2,\"name\":\"Shop\",\"item\":\"https:\\\/\\\/chemgramx.com\\\/shop\\\/\"},{\"@type\":\"ListItem\",\"position\":3,\"name\":\"3me-Fentanyl online kaufen\"}]},{\"@type\":\"WebSite\",\"@id\":\"https:\\\/\\\/chemgramx.com\\\/#website\",\"url\":\"https:\\\/\\\/chemgramx.com\\\/\",\"name\":\"Chemgramx\",\"description\":\"\",\"publisher\":{\"@id\":\"https:\\\/\\\/chemgramx.com\\\/#organization\"},\"potentialAction\":[{\"@type\":\"SearchAction\",\"target\":{\"@type\":\"EntryPoint\",\"urlTemplate\":\"https:\\\/\\\/chemgramx.com\\\/?s={search_term_string}\"},\"query-input\":{\"@type\":\"PropertyValueSpecification\",\"valueRequired\":true,\"valueName\":\"search_term_string\"}}],\"inLanguage\":\"it-IT\"},{\"@type\":\"Organization\",\"@id\":\"https:\\\/\\\/chemgramx.com\\\/#organization\",\"name\":\"Chemgramx\",\"url\":\"https:\\\/\\\/chemgramx.com\\\/\",\"logo\":{\"@type\":\"ImageObject\",\"inLanguage\":\"it-IT\",\"@id\":\"https:\\\/\\\/chemgramx.com\\\/#\\\/schema\\\/logo\\\/image\\\/\",\"url\":\"https:\\\/\\\/chemgramx.com\\\/wp-content\\\/uploads\\\/2024\\\/10\\\/final-logo.png\",\"contentUrl\":\"https:\\\/\\\/chemgramx.com\\\/wp-content\\\/uploads\\\/2024\\\/10\\\/final-logo.png\",\"width\":250,\"height\":48,\"caption\":\"Chemgramx\"},\"image\":{\"@id\":\"https:\\\/\\\/chemgramx.com\\\/#\\\/schema\\\/logo\\\/image\\\/\"}}]}<\/script>\n<!-- \/ Yoast SEO plugin. -->","yoast_head_json":{"title":"Acquista 3ME Fentanyl online \u2013 3ME Fentanyl in vendita","description":"Se vuoi acquistare 3me-Fentanyl online senza prescrizione medica, chemgramx.com \u00e8 il posto migliore per acquistare 3me-Fentanyl online, vendere 3me-Fentanyl e acquistare 3me-Fentanyl online al miglior prezzo. Ordina ora!","robots":{"index":"index","follow":"follow","max-snippet":"max-snippet:-1","max-image-preview":"max-image-preview:large","max-video-preview":"max-video-preview:-1"},"canonical":"https:\/\/chemgramx.com\/it\/prodotto-1\/comprare-3me-fentanyl-online\/","og_locale":"it_IT","og_type":"article","og_title":"3ME-Fentanyl online kaufen \u2013 3ME-Fentanyl zu verkaufen","og_description":"Wenn Sie 3me-Fentanyl online ohne Rezept kaufen m\u00f6chten, ist chemgramx.com der beste Ort, um 3me-Fentanyl online zu kaufen, 3me-Fentanyl zu verkaufen, 3me-Fentanyl online zum besten Preis. Jetzt bestellen!","og_url":"https:\/\/chemgramx.com\/it\/prodotto-1\/comprare-3me-fentanyl-online\/","og_site_name":"Chemgramx","article_modified_time":"2025-11-21T11:08:48+00:00","og_image":[{"width":600,"height":400,"url":"https:\/\/chemgramx.com\/wp-content\/uploads\/2025\/11\/3me.png","type":"image\/png"}],"twitter_card":"summary_large_image","twitter_misc":{"Tempo di lettura stimato":"3 minuti"},"schema":{"@context":"https:\/\/schema.org","@graph":[{"@type":"WebPage","@id":"https:\/\/chemgramx.com\/product\/3me-fentanyl-online-kaufen\/","url":"https:\/\/chemgramx.com\/product\/3me-fentanyl-online-kaufen\/","name":"Acquista 3ME Fentanyl online \u2013 3ME Fentanyl in vendita","isPartOf":{"@id":"https:\/\/chemgramx.com\/#website"},"primaryImageOfPage":{"@id":"https:\/\/chemgramx.com\/product\/3me-fentanyl-online-kaufen\/#primaryimage"},"image":{"@id":"https:\/\/chemgramx.com\/product\/3me-fentanyl-online-kaufen\/#primaryimage"},"thumbnailUrl":"https:\/\/chemgramx.com\/wp-content\/uploads\/2025\/11\/3me.png","datePublished":"2025-11-21T11:07:59+00:00","dateModified":"2025-11-21T11:08:48+00:00","description":"Se vuoi acquistare 3me-Fentanyl online senza prescrizione medica, chemgramx.com \u00e8 il posto migliore per acquistare 3me-Fentanyl online, vendere 3me-Fentanyl e acquistare 3me-Fentanyl online al miglior prezzo. Ordina ora!","breadcrumb":{"@id":"https:\/\/chemgramx.com\/product\/3me-fentanyl-online-kaufen\/#breadcrumb"},"inLanguage":"it-IT","potentialAction":[{"@type":"ReadAction","target":["https:\/\/chemgramx.com\/product\/3me-fentanyl-online-kaufen\/"]}]},{"@type":"ImageObject","inLanguage":"it-IT","@id":"https:\/\/chemgramx.com\/product\/3me-fentanyl-online-kaufen\/#primaryimage","url":"https:\/\/chemgramx.com\/wp-content\/uploads\/2025\/11\/3me.png","contentUrl":"https:\/\/chemgramx.com\/wp-content\/uploads\/2025\/11\/3me.png","width":600,"height":400},{"@type":"BreadcrumbList","@id":"https:\/\/chemgramx.com\/product\/3me-fentanyl-online-kaufen\/#breadcrumb","itemListElement":[{"@type":"ListItem","position":1,"name":"Home","item":"https:\/\/chemgramx.com\/"},{"@type":"ListItem","position":2,"name":"Shop","item":"https:\/\/chemgramx.com\/shop\/"},{"@type":"ListItem","position":3,"name":"3me-Fentanyl online kaufen"}]},{"@type":"WebSite","@id":"https:\/\/chemgramx.com\/#website","url":"https:\/\/chemgramx.com\/","name":"Chemgramx","description":"","publisher":{"@id":"https:\/\/chemgramx.com\/#organization"},"potentialAction":[{"@type":"SearchAction","target":{"@type":"EntryPoint","urlTemplate":"https:\/\/chemgramx.com\/?s={search_term_string}"},"query-input":{"@type":"PropertyValueSpecification","valueRequired":true,"valueName":"search_term_string"}}],"inLanguage":"it-IT"},{"@type":"Organization","@id":"https:\/\/chemgramx.com\/#organization","name":"Chemgramx","url":"https:\/\/chemgramx.com\/","logo":{"@type":"ImageObject","inLanguage":"it-IT","@id":"https:\/\/chemgramx.com\/#\/schema\/logo\/image\/","url":"https:\/\/chemgramx.com\/wp-content\/uploads\/2024\/10\/final-logo.png","contentUrl":"https:\/\/chemgramx.com\/wp-content\/uploads\/2024\/10\/final-logo.png","width":250,"height":48,"caption":"Chemgramx"},"image":{"@id":"https:\/\/chemgramx.com\/#\/schema\/logo\/image\/"}}]}},"_links":{"self":[{"href":"https:\/\/chemgramx.com\/it\/wp-json\/wp\/v2\/product\/6660","targetHints":{"allow":["GET"]}}],"collection":[{"href":"https:\/\/chemgramx.com\/it\/wp-json\/wp\/v2\/product"}],"about":[{"href":"https:\/\/chemgramx.com\/it\/wp-json\/wp\/v2\/types\/product"}],"replies":[{"embeddable":true,"href":"https:\/\/chemgramx.com\/it\/wp-json\/wp\/v2\/comments?post=6660"}],"wp:featuredmedia":[{"embeddable":true,"href":"https:\/\/chemgramx.com\/it\/wp-json\/wp\/v2\/media\/6690"}],"wp:attachment":[{"href":"https:\/\/chemgramx.com\/it\/wp-json\/wp\/v2\/media?parent=6660"}],"wp:term":[{"taxonomy":"product_brand","embeddable":true,"href":"https:\/\/chemgramx.com\/it\/wp-json\/wp\/v2\/product_brand?post=6660"},{"taxonomy":"product_cat","embeddable":true,"href":"https:\/\/chemgramx.com\/it\/wp-json\/wp\/v2\/product_cat?post=6660"},{"taxonomy":"product_tag","embeddable":true,"href":"https:\/\/chemgramx.com\/it\/wp-json\/wp\/v2\/product_tag?post=6660"}],"curies":[{"name":"wp","href":"https:\/\/api.w.org\/{rel}","templated":true}]}}