{"id":6735,"date":"2025-11-21T11:08:50","date_gmt":"2025-11-21T11:08:50","guid":{"rendered":"https:\/\/chemgramx.com\/?post_type=product&#038;p=6735"},"modified":"2025-11-21T11:09:14","modified_gmt":"2025-11-21T11:09:14","slug":"25i-nbmd-ordinare-online","status":"publish","type":"product","link":"https:\/\/chemgramx.com\/it\/product\/25i-nbmd-online-bestellen\/","title":{"rendered":"Ordinare 25I-NBMD online"},"content":{"rendered":"<p>La classe di <span class=\"math-inline\" data-math=\"mathbf{N}\">N<\/span>&#8211;<b>Derivati della benzilfenetilammina<\/b> \u00e8 di grande importanza per lo studio della farmacologia molecolare. <b>25I-NBMD<\/b> \u00e8 un prodotto chimico di ricerca sintetico della <b>Famiglia NBOMe<\/b>che <b>esclusivamente<\/b> \u00e8 progettato per ricerche scientifiche e analisi farmacologiche in ambienti di laboratorio rigorosamente controllati. Grazie al suo <b>ad alta affinit\u00e0<\/b> Grazie al suo legame con i recettori dei neurotrasmettitori centrali, il 25I-NBMD funge da sistema modello essenziale nella <b>Ricerca sui recettori<\/b>.<\/p>\n<p>La sostanza \u00e8 <b>esclusivamente per studi analitici e scientifici<\/b> offerti. Sottolineiamo che il 25I-NBMD, data la sua estrema potenza e attivit\u00e0 farmacologica, <b>protocolli di sicurezza e legali pi\u00f9 rigorosi<\/b> \u00e8 soggetto a e <b>non destinato al consumo umano<\/b> \u00e8.<\/p>\n<h2>Struttura chimica, farmacologia e propriet\u00e0<\/h2>\n<p>La configurazione molecolare del 25I-NBMD e la conseguente elevata affinit\u00e0 recettoriale sono la chiave della sua rilevanza scientifica.<\/p>\n<h3>Che cos'\u00e8 25I-NBMD?<\/h3>\n<p>Chimicamente \u00e8 <b>25I-NBMD<\/b> noto come <b>2-(4-iodo-2,5-dimetossifenil)-N-(2-metossibenzil)etanamina<\/b>.<\/p>\n<ul>\n<li><b>Struttura di classe:<\/b> \u00c8 una delle <span class=\"math-inline\" data-math=\"mathbf{N}\">N<\/span>&#8211;<b>Derivati della benzilfenetilamina<\/b>.<\/li>\n<li><b>Sostituzione dello iodio:<\/b> Il <span class=\"math-inline\" data-math=\"mathbf{4}\">4<\/span>&#8211;<b>Gruppo Iodo<\/b> e il <span class=\"math-inline\" data-math=\"mathbf{2,5}\">{2,5}<\/span>&#8211;<b>Gruppi dimetossi<\/b> sul ciclo fenilico sono caratteristici di questa potente classe.<\/li>\n<li><b>Modifica N-benzilica:<\/b> Il <b><span class=\"math-inline\" data-math=\"mathbf{N}\">N<\/span>Gruppo (2-metossibenzilico)<\/b> \u00e8 la modifica centrale che la <b>Affinit\u00e0 di attacco<\/b> al <span class=\"math-inline\" data-math=\"mathbf{5-HT_{2A}}\">5-HT-2A <\/span><b>recettore<\/b> aumentato drasticamente.<\/li>\n<\/ul>\n<p>Il 25I-NBMD \u00e8 un <b>agonista altamente selettivo<\/b> del <span class=\"math-inline\" data-math=\"mathbf{5-HT_{2A}}\">5-HT_2A<\/span><b>-recettore<\/b>. La ricerca sfrutta questa propriet\u00e0 di legame estremamente forte per mappare con precisione la densit\u00e0, la distribuzione e l'attivit\u00e0 funzionale di questi recettori in modelli di laboratorio. I rapporti dei progetti di ricerca indicano una <b>Effetto intensivo<\/b> ai sistemi sensoriali, sottolineando l'importanza di tale connessione per gli studi sui fenomeni della coscienza.<\/p>\n<h3>Applicazioni nella ricerca scientifica<\/h3>\n<p>In quanto ligando altamente specifico per i recettori serotoninergici, il 25I-NBMD \u00e8 uno strumento prezioso nella neurofarmacologia:<\/p>\n<ul>\n<li><b>Ricerca sui recettori serotoninergici:<\/b> L'ambito di applicazione principale \u00e8 l'esame preciso della <b>Funzione e distribuzione<\/b> del<span class=\"math-inline\" data-math=\"mathbf{5-HT_{2A}}\">5-HT_2A<\/span>-in colture cellulari o modelli preclinici.<\/li>\n<li><b>Standardizzazione analitica:<\/b> Il 25I-NBMD serve come <b>standard analitico di riferimento<\/b> per <b>LC-MS\/MS<\/b> e <b>GC-MS<\/b> per lo sviluppo e la convalida <b>metodi di rilevamento forense<\/b> per le nuove sostanze psicoattive.<\/li>\n<li><b>Studi sugli stati alterati di coscienza:<\/b> Le analisi sperimentali nel campo della psicofarmacologia studiano i meccanismi molecolari alla base del <b>Modalit\u00e0 d'azione delle sostanze psichedeliche<\/b> sono la base.<\/li>\n<li><b>Farmacologia molecolare:<\/b> Determinazione del<span class=\"math-inline\" data-math=\"mathbf{K_i}\">K_i<\/span>-(costanti di inibizione del legame) e i valori di <span class=\"math-inline\" data-math=\"mathbf{EC_{50}}\">EC_50<\/span>-(potenza funzionale) a diversi sottotipi recettoriali.<\/li>\n<\/ul>\n<h2>Garanzia di qualit\u00e0 analitica e requisiti di laboratorio<\/h2>\n<p>L'integrit\u00e0 della ricerca richiede la massima purezza e una documentazione completa del materiale utilizzato, la cui qualit\u00e0 \u00e8 garantita da moderni metodi analitici.<\/p>\n<h3>Standard di qualit\u00e0 e documentazione<\/h3>\n<p>Il materiale di ricerca deve avere una purezza chimica di<span class=\"math-inline\" data-math=\"mathbf{ge 98%}\"> 98%$<\/span> . Ci\u00f2 \u00e8 dimostrato da <b>Analisi HPLC<\/b> confermato.<\/p>\n<ul>\n<li><b>Documentazione analitica:<\/b> Ogni lotto deve essere etichettato con <b>certificati di analisi (CoA) completi<\/b> che ne attestino la purezza e l'identit\u00e0 (HPLC, GC\/MS).<\/li>\n<li><b>Coerenza:<\/b> <b>Coerenza dei lotti<\/b> \u00e8 essenziale per garantire la riproducibilit\u00e0 delle serie di test.<\/li>\n<\/ul>\n<h3>Protocolli di stoccaggio e sicurezza<\/h3>\n<p>A causa della sensibilit\u00e0 molecolare e dell'elevata attivit\u00e0 biologica, \u00e8 necessario rispettare rigorosi protocolli di sicurezza:<\/p>\n<ul>\n<li><b>Stoccaggio:<\/b> Il materiale richiede <b>conservazione sicura<\/b> in un'area ad accesso controllato. Dovrebbe <b>Protetto dalla luce<\/b>, <b>fresco<\/b> (idealmente nel congelatore, <span class=\"math-inline\" data-math=\"mathbf{-20^circ C}\">-20 C<\/span>\u00a0e <b>asciutto<\/b> essere memorizzati.<\/li>\n<li><b>Dispositivi di protezione personale:<\/b> Il lavoro deve essere eseguito in un <b>Conforme alla GLP<\/b> stabilimento. <b>Camici da laboratorio, guanti e occhiali protettivi<\/b> sono obbligatori.<\/li>\n<li><b>Ventilazione:<\/b> La manipolazione della polvere deve avvenire in condizioni di <b>Cappa chimica<\/b> si svolga.<\/li>\n<\/ul>\n<h2>Quadro normativo e responsabilit\u00e0 etica<\/h2>\n<p>La legalit\u00e0 e i requisiti normativi relativi al 25I-NBMD sono estremamente complessi e richiedono una rigorosa osservanza da parte degli istituti di ricerca.<\/p>\n<h3>Stato giuridico (a seconda della giurisdizione)<\/h3>\n<p>Lo status giuridico del 25I-NBMD varia notevolmente a livello internazionale:<\/p>\n<ul>\n<li>In molte regioni rientra nella categoria <b>Leggi sulle sostanze psicotrope<\/b> o <b>Regolazioni analogiche<\/b> (ad es. NpSG).<\/li>\n<li><b>Obbligo obbligatorio:<\/b> Gli istituti di ricerca devono <b>prima dell'acquisto, le disposizioni locali<\/b> verificare. L'acquirente \u00e8 l'unico responsabile del rispetto delle leggi.<\/li>\n<\/ul>\n<h3>Controllo dell'acquisizione e requisiti di ordinazione<\/h3>\n<p>L'acquisto di 25I-NBMD \u00e8 strettamente limitato alla ricerca scientifica documentata.<\/p>\n<ul>\n<li><b>Certificato dell'Istituto:<\/b> La documentazione dell'istituto o del laboratorio di ricerca \u00e8 obbligatoria.<\/li>\n<li><b>Uso previsto:<\/b> \u00c8 necessario presentare una descrizione scientifica del progetto di ricerca.<\/li>\n<\/ul>\n<h2>Conclusione<\/h2>\n<p>Il 25I-NBMD funge da sistema modello essenziale nella neurofarmacologia per decifrare i meccanismi d'azione del <span class=\"math-inline\" data-math=\"mathbf{5-HT_{2A}}\">5-HT_2A<\/span>-recettore. Laboratori e istituti scientifici beneficiano di una qualit\u00e0 certificata e di un'ampia scelta di prodotti. L'acquisto deve essere effettuato in modo professionale e sicuro, tenendo conto della <b>Priorit\u00e0 massima<\/b> sempre sul <b>Rispetto di tutte le leggi e dei protocolli di sicurezza<\/b> bugie.<\/p>","protected":false},"excerpt":{"rendered":"<p style=\"text-align: center;\">25I-NBMD<\/p>\n<p>25I-NBMD \u00e8 una sostanza chimica di sintesi per la ricerca scientifica. Questo prodotto \u00e8 caratterizzato da elevata purezza e stabilit\u00e0, che lo rendono ideale per studi farmacologici e analisi dei recettori. Ogni lotto viene accuratamente testato per garantire risultati coerenti e affidabili. Destinato esclusivamente all'uso in laboratorio e a progetti di ricerca.<\/p>","protected":false},"featured_media":6763,"comment_status":"open","ping_status":"closed","template":"","meta":{"_joinchat":[]},"product_brand":[],"product_cat":[1795],"product_tag":[1889,1896,1890,1893,1895,1892,1891,188,1814,1894],"class_list":{"0":"post-6735","1":"product","2":"type-product","3":"status-publish","4":"has-post-thumbnail","6":"product_cat-2c-serie","7":"product_tag-25i-nbmd","8":"product_tag-25i-nbmd-chemikalien","9":"product_tag-25i-nbmd-kaufen","10":"product_tag-25i-nbmd-kristalle","11":"product_tag-25i-nbmd-online","12":"product_tag-25i-nbmd-pulver","13":"product_tag-25i-nbmd-zum-verkauf","14":"product_tag-forschungschemikalien","15":"product_tag-forschungsstoffe-kaufen","16":"product_tag-synthetische-halluzinogene","18":"first","19":"instock","20":"shipping-taxable","21":"purchasable","22":"product-type-variable"},"yoast_head":"<!-- This site is optimized with the Yoast SEO plugin v27.5 - https:\/\/yoast.com\/product\/yoast-seo-wordpress\/ -->\n<title>25I-NBMD online kaufen \u2013 25I-NBMD zu verkaufen<\/title>\n<meta name=\"description\" content=\"In unserem Chemgramx-Onlineshop haben wir 25i-nbmd zu verkaufen. Sie k\u00f6nnen 25i-nbmd in Top-Qualit\u00e4t ganz einfach online bei uns zu den besten Preisen kaufen. Jetzt bestellen!\" \/>\n<meta name=\"robots\" content=\"index, follow, max-snippet:-1, max-image-preview:large, max-video-preview:-1\" \/>\n<link rel=\"canonical\" href=\"https:\/\/chemgramx.com\/it\/prodotto-1\/25i-nbmd-ordinare-online\/\" \/>\n<meta property=\"og:locale\" content=\"it_IT\" \/>\n<meta property=\"og:type\" content=\"article\" \/>\n<meta property=\"og:title\" content=\"25I-NBMD online kaufen \u2013 25I-NBMD zu verkaufen\" \/>\n<meta property=\"og:description\" content=\"In unserem Chemgramx-Onlineshop haben wir 25i-nbmd zu verkaufen. Sie k\u00f6nnen 25i-nbmd in Top-Qualit\u00e4t ganz einfach online bei uns zu den besten Preisen kaufen. Jetzt bestellen!\" \/>\n<meta property=\"og:url\" content=\"https:\/\/chemgramx.com\/it\/prodotto-1\/25i-nbmd-ordinare-online\/\" \/>\n<meta property=\"og:site_name\" content=\"Chemgramx\" \/>\n<meta property=\"article:modified_time\" content=\"2025-11-21T11:09:14+00:00\" \/>\n<meta property=\"og:image\" content=\"https:\/\/chemgramx.com\/wp-content\/uploads\/2025\/11\/25inbmd.jpg\" \/>\n\t<meta property=\"og:image:width\" content=\"600\" \/>\n\t<meta property=\"og:image:height\" content=\"400\" \/>\n\t<meta property=\"og:image:type\" content=\"image\/jpeg\" \/>\n<meta name=\"twitter:card\" content=\"summary_large_image\" \/>\n<meta name=\"twitter:label1\" content=\"Tempo di lettura stimato\" \/>\n\t<meta name=\"twitter:data1\" content=\"3 minuti\" \/>\n<script type=\"application\/ld+json\" class=\"yoast-schema-graph\">{\"@context\":\"https:\\\/\\\/schema.org\",\"@graph\":[{\"@type\":\"WebPage\",\"@id\":\"https:\\\/\\\/chemgramx.com\\\/product\\\/25i-nbmd-online-bestellen\\\/\",\"url\":\"https:\\\/\\\/chemgramx.com\\\/product\\\/25i-nbmd-online-bestellen\\\/\",\"name\":\"25I-NBMD online kaufen \u2013 25I-NBMD zu verkaufen\",\"isPartOf\":{\"@id\":\"https:\\\/\\\/chemgramx.com\\\/#website\"},\"primaryImageOfPage\":{\"@id\":\"https:\\\/\\\/chemgramx.com\\\/product\\\/25i-nbmd-online-bestellen\\\/#primaryimage\"},\"image\":{\"@id\":\"https:\\\/\\\/chemgramx.com\\\/product\\\/25i-nbmd-online-bestellen\\\/#primaryimage\"},\"thumbnailUrl\":\"https:\\\/\\\/chemgramx.com\\\/wp-content\\\/uploads\\\/2025\\\/11\\\/25inbmd.jpg\",\"datePublished\":\"2025-11-21T11:08:50+00:00\",\"dateModified\":\"2025-11-21T11:09:14+00:00\",\"description\":\"In unserem Chemgramx-Onlineshop haben wir 25i-nbmd zu verkaufen. Sie k\u00f6nnen 25i-nbmd in Top-Qualit\u00e4t ganz einfach online bei uns zu den besten Preisen kaufen. Jetzt bestellen!\",\"breadcrumb\":{\"@id\":\"https:\\\/\\\/chemgramx.com\\\/product\\\/25i-nbmd-online-bestellen\\\/#breadcrumb\"},\"inLanguage\":\"it-IT\",\"potentialAction\":[{\"@type\":\"ReadAction\",\"target\":[\"https:\\\/\\\/chemgramx.com\\\/product\\\/25i-nbmd-online-bestellen\\\/\"]}]},{\"@type\":\"ImageObject\",\"inLanguage\":\"it-IT\",\"@id\":\"https:\\\/\\\/chemgramx.com\\\/product\\\/25i-nbmd-online-bestellen\\\/#primaryimage\",\"url\":\"https:\\\/\\\/chemgramx.com\\\/wp-content\\\/uploads\\\/2025\\\/11\\\/25inbmd.jpg\",\"contentUrl\":\"https:\\\/\\\/chemgramx.com\\\/wp-content\\\/uploads\\\/2025\\\/11\\\/25inbmd.jpg\",\"width\":600,\"height\":400},{\"@type\":\"BreadcrumbList\",\"@id\":\"https:\\\/\\\/chemgramx.com\\\/product\\\/25i-nbmd-online-bestellen\\\/#breadcrumb\",\"itemListElement\":[{\"@type\":\"ListItem\",\"position\":1,\"name\":\"Home\",\"item\":\"https:\\\/\\\/chemgramx.com\\\/\"},{\"@type\":\"ListItem\",\"position\":2,\"name\":\"Shop\",\"item\":\"https:\\\/\\\/chemgramx.com\\\/shop\\\/\"},{\"@type\":\"ListItem\",\"position\":3,\"name\":\"25I-NBMD online bestellen\"}]},{\"@type\":\"WebSite\",\"@id\":\"https:\\\/\\\/chemgramx.com\\\/#website\",\"url\":\"https:\\\/\\\/chemgramx.com\\\/\",\"name\":\"Chemgramx\",\"description\":\"\",\"publisher\":{\"@id\":\"https:\\\/\\\/chemgramx.com\\\/#organization\"},\"potentialAction\":[{\"@type\":\"SearchAction\",\"target\":{\"@type\":\"EntryPoint\",\"urlTemplate\":\"https:\\\/\\\/chemgramx.com\\\/?s={search_term_string}\"},\"query-input\":{\"@type\":\"PropertyValueSpecification\",\"valueRequired\":true,\"valueName\":\"search_term_string\"}}],\"inLanguage\":\"it-IT\"},{\"@type\":\"Organization\",\"@id\":\"https:\\\/\\\/chemgramx.com\\\/#organization\",\"name\":\"Chemgramx\",\"url\":\"https:\\\/\\\/chemgramx.com\\\/\",\"logo\":{\"@type\":\"ImageObject\",\"inLanguage\":\"it-IT\",\"@id\":\"https:\\\/\\\/chemgramx.com\\\/#\\\/schema\\\/logo\\\/image\\\/\",\"url\":\"https:\\\/\\\/chemgramx.com\\\/wp-content\\\/uploads\\\/2024\\\/10\\\/final-logo.png\",\"contentUrl\":\"https:\\\/\\\/chemgramx.com\\\/wp-content\\\/uploads\\\/2024\\\/10\\\/final-logo.png\",\"width\":250,\"height\":48,\"caption\":\"Chemgramx\"},\"image\":{\"@id\":\"https:\\\/\\\/chemgramx.com\\\/#\\\/schema\\\/logo\\\/image\\\/\"}}]}<\/script>\n<!-- \/ Yoast SEO plugin. -->","yoast_head_json":{"title":"Acquista 25I-NBMD online \u2013 25I-NBMD in vendita","description":"Tenemos 25i-nbmd a la venta en nuestra tienda online de Chemgramx. Puedes comprar f\u00e1cilmente 25i-nbmd de alta calidad online a los mejores precios. \u00a1P\u00eddelo ya!","robots":{"index":"index","follow":"follow","max-snippet":"max-snippet:-1","max-image-preview":"max-image-preview:large","max-video-preview":"max-video-preview:-1"},"canonical":"https:\/\/chemgramx.com\/it\/prodotto-1\/25i-nbmd-ordinare-online\/","og_locale":"it_IT","og_type":"article","og_title":"25I-NBMD online kaufen \u2013 25I-NBMD zu verkaufen","og_description":"In unserem Chemgramx-Onlineshop haben wir 25i-nbmd zu verkaufen. Sie k\u00f6nnen 25i-nbmd in Top-Qualit\u00e4t ganz einfach online bei uns zu den besten Preisen kaufen. Jetzt bestellen!","og_url":"https:\/\/chemgramx.com\/it\/prodotto-1\/25i-nbmd-ordinare-online\/","og_site_name":"Chemgramx","article_modified_time":"2025-11-21T11:09:14+00:00","og_image":[{"width":600,"height":400,"url":"https:\/\/chemgramx.com\/wp-content\/uploads\/2025\/11\/25inbmd.jpg","type":"image\/jpeg"}],"twitter_card":"summary_large_image","twitter_misc":{"Tempo di lettura stimato":"3 minuti"},"schema":{"@context":"https:\/\/schema.org","@graph":[{"@type":"WebPage","@id":"https:\/\/chemgramx.com\/product\/25i-nbmd-online-bestellen\/","url":"https:\/\/chemgramx.com\/product\/25i-nbmd-online-bestellen\/","name":"Acquista 25I-NBMD online \u2013 25I-NBMD in vendita","isPartOf":{"@id":"https:\/\/chemgramx.com\/#website"},"primaryImageOfPage":{"@id":"https:\/\/chemgramx.com\/product\/25i-nbmd-online-bestellen\/#primaryimage"},"image":{"@id":"https:\/\/chemgramx.com\/product\/25i-nbmd-online-bestellen\/#primaryimage"},"thumbnailUrl":"https:\/\/chemgramx.com\/wp-content\/uploads\/2025\/11\/25inbmd.jpg","datePublished":"2025-11-21T11:08:50+00:00","dateModified":"2025-11-21T11:09:14+00:00","description":"Tenemos 25i-nbmd a la venta en nuestra tienda online de Chemgramx. Puedes comprar f\u00e1cilmente 25i-nbmd de alta calidad online a los mejores precios. \u00a1P\u00eddelo ya!","breadcrumb":{"@id":"https:\/\/chemgramx.com\/product\/25i-nbmd-online-bestellen\/#breadcrumb"},"inLanguage":"it-IT","potentialAction":[{"@type":"ReadAction","target":["https:\/\/chemgramx.com\/product\/25i-nbmd-online-bestellen\/"]}]},{"@type":"ImageObject","inLanguage":"it-IT","@id":"https:\/\/chemgramx.com\/product\/25i-nbmd-online-bestellen\/#primaryimage","url":"https:\/\/chemgramx.com\/wp-content\/uploads\/2025\/11\/25inbmd.jpg","contentUrl":"https:\/\/chemgramx.com\/wp-content\/uploads\/2025\/11\/25inbmd.jpg","width":600,"height":400},{"@type":"BreadcrumbList","@id":"https:\/\/chemgramx.com\/product\/25i-nbmd-online-bestellen\/#breadcrumb","itemListElement":[{"@type":"ListItem","position":1,"name":"Home","item":"https:\/\/chemgramx.com\/"},{"@type":"ListItem","position":2,"name":"Shop","item":"https:\/\/chemgramx.com\/shop\/"},{"@type":"ListItem","position":3,"name":"25I-NBMD online bestellen"}]},{"@type":"WebSite","@id":"https:\/\/chemgramx.com\/#website","url":"https:\/\/chemgramx.com\/","name":"Chemgramx","description":"","publisher":{"@id":"https:\/\/chemgramx.com\/#organization"},"potentialAction":[{"@type":"SearchAction","target":{"@type":"EntryPoint","urlTemplate":"https:\/\/chemgramx.com\/?s={search_term_string}"},"query-input":{"@type":"PropertyValueSpecification","valueRequired":true,"valueName":"search_term_string"}}],"inLanguage":"it-IT"},{"@type":"Organization","@id":"https:\/\/chemgramx.com\/#organization","name":"Chemgramx","url":"https:\/\/chemgramx.com\/","logo":{"@type":"ImageObject","inLanguage":"it-IT","@id":"https:\/\/chemgramx.com\/#\/schema\/logo\/image\/","url":"https:\/\/chemgramx.com\/wp-content\/uploads\/2024\/10\/final-logo.png","contentUrl":"https:\/\/chemgramx.com\/wp-content\/uploads\/2024\/10\/final-logo.png","width":250,"height":48,"caption":"Chemgramx"},"image":{"@id":"https:\/\/chemgramx.com\/#\/schema\/logo\/image\/"}}]}},"_links":{"self":[{"href":"https:\/\/chemgramx.com\/it\/wp-json\/wp\/v2\/product\/6735","targetHints":{"allow":["GET"]}}],"collection":[{"href":"https:\/\/chemgramx.com\/it\/wp-json\/wp\/v2\/product"}],"about":[{"href":"https:\/\/chemgramx.com\/it\/wp-json\/wp\/v2\/types\/product"}],"replies":[{"embeddable":true,"href":"https:\/\/chemgramx.com\/it\/wp-json\/wp\/v2\/comments?post=6735"}],"wp:featuredmedia":[{"embeddable":true,"href":"https:\/\/chemgramx.com\/it\/wp-json\/wp\/v2\/media\/6763"}],"wp:attachment":[{"href":"https:\/\/chemgramx.com\/it\/wp-json\/wp\/v2\/media?parent=6735"}],"wp:term":[{"taxonomy":"product_brand","embeddable":true,"href":"https:\/\/chemgramx.com\/it\/wp-json\/wp\/v2\/product_brand?post=6735"},{"taxonomy":"product_cat","embeddable":true,"href":"https:\/\/chemgramx.com\/it\/wp-json\/wp\/v2\/product_cat?post=6735"},{"taxonomy":"product_tag","embeddable":true,"href":"https:\/\/chemgramx.com\/it\/wp-json\/wp\/v2\/product_tag?post=6735"}],"curies":[{"name":"wp","href":"https:\/\/api.w.org\/{rel}","templated":true}]}}