{"id":6736,"date":"2025-11-21T11:08:50","date_gmt":"2025-11-21T11:08:50","guid":{"rendered":"https:\/\/chemgramx.com\/?post_type=product&#038;p=6736"},"modified":"2025-11-21T11:09:14","modified_gmt":"2025-11-21T11:09:14","slug":"acquista-2c-b-online","status":"publish","type":"product","link":"https:\/\/chemgramx.com\/it\/product\/2c-b-online-kaufen\/","title":{"rendered":"Acquista 2C-B online"},"content":{"rendered":"<p>La classe di <b>2C-Fenetilammina<\/b>, sviluppato dal chimico Alexander Shulgin, rappresenta un campo fondamentale nella <b>Neurofarmacologia<\/b>. <b>2C-B<\/b> \u00e8 una sostanza chimica di ricerca sintetica che <b>esclusivamente<\/b> \u00e8 stato progettato per ricerche scientifiche e analisi farmacologiche in ambienti di laboratorio rigorosamente controllati. Grazie alla sua struttura molecolare equilibrata e alla sua affinit\u00e0 specifica con i recettori centrali, il 2C-B funge da sistema modello essenziale nella <b>ricerca serotoninergica<\/b> e lo studio dei fenomeni della coscienza.<\/p>\n<p>La sostanza \u00e8 <b>esclusivamente per studi analitici e scientifici<\/b> offerti. Sottolineiamo che il 2C-B, a causa della sua attivit\u00e0 farmacologica, <b>protocolli di sicurezza e legali pi\u00f9 rigorosi<\/b> \u00e8 soggetto a e <b>non destinato al consumo umano<\/b> \u00e8.<\/p>\n<h2>Struttura chimica, farmacologia e propriet\u00e0<\/h2>\n<p>La chiarezza strutturale del 2C-B \u00e8 fondamentale per la sua rilevanza nella ricerca analitica e farmacologica. La configurazione esatta consente studi precisi sulla correlazione tra struttura chimica ed effetto biologico.<\/p>\n<h3>Che cos'\u00e8 2C-B?<\/h3>\n<p><b>2C-B<\/b> (Nome chimico completo: <b>4-bromo-2,5-dimetossifenetilamina<\/b>) appartiene alla classe di <b>Fenetilammine<\/b>. La struttura molecolare \u00e8 definita da:<\/p>\n<ul>\n<li><b>Dorso di fenetilammina:<\/b> La spina dorsale di molti neurotrasmettitori monoaminici.<\/li>\n<li><b>Sostituzione dimetossica:<\/b> Il <span class=\"math-inline\" data-math=\"mathbf{2,5}\">{2,5}<\/span>&#8211;<b>Gruppi dimetossi<\/b> sul ciclo fenilico sono caratteristici della famiglia 2C e influenzano l'affinit\u00e0 del recettore.<\/li>\n<li><b>Sostituzione del bromo:<\/b> Il <span class=\"math-inline\" data-math=\"mathbf{4}\">{4}<\/span>&#8211;<b>Gruppo del bromo<\/b> sul ciclo fenilico \u00e8 determinante per la nomenclatura e la selettivit\u00e0 farmacologica. Influisce sulla lipofilia e quindi sulla stabilit\u00e0 metabolica.<\/li>\n<\/ul>\n<p>Questa configurazione chimica fa s\u00ec che il 2C-B sia spesso citato nei rapporti di ricerca come un composto con un <b>un mix equilibrato di effetti visivi e intensit\u00e0 emotiva<\/b> descrive ci\u00f2 che lo rende un materiale molto richiesto per la <b>Ricerca di base<\/b> nel campo della psicofarmacologia.<\/p>\n<p>&nbsp;<\/p>\n<h3>Modalit\u00e0 d'azione molecolare e rilevanza per la ricerca<\/h3>\n<p>La rilevanza primaria della ricerca sul 2C-B risiede nella sua elevata affinit\u00e0 con il <b><span class=\"math-inline\" data-math=\"mathbf{5-HT_{2A}}\">$mathbf{5-HT_{2A}}$<\/span>-recettore<\/b>, un obiettivo centrale nella neurochimica.<\/p>\n<ol start=\"1\">\n<li><b>Ricerca analitica in psicofarmacologia:<\/b> Il materiale viene utilizzato come <b>Standard di riferimento<\/b> utilizzato per <span class=\"math-inline\" data-math=\"mathbf{K_i}\">f{K_i}$<\/span>(costanti di inibizione del legame) e <span class=\"math-inline\" data-math=\"mathbf{EC_{50}}\">50<\/span>-valori (potenza funzionale) su diversi recettori serotoninergici.<\/li>\n<li><b>Studi sull'interazione con i recettori serotoninergici:<\/b> Studio dei meccanismi molecolari attraverso i quali il 2C-B influenza la trasduzione del segnale del <span class=\"math-inline\" data-math=\"mathbf{5-HT_{2A}}\">{5-HT_{2A}}$<\/span>-recettore.<\/li>\n<li><b>Ricerca metabolica:<\/b> Analisi delle vie di degradazione biochimica e del ruolo degli enzimi di detossificazione (ad es. CYP450) per identificare l'emivita e i metaboliti potenzialmente attivi.<\/li>\n<\/ol>\n<h2>Garanzia di qualit\u00e0 analitica e requisiti di laboratorio<\/h2>\n<p>L'integrit\u00e0 della ricerca richiede la massima purezza e una documentazione completa del materiale utilizzato, la cui qualit\u00e0 \u00e8 garantita da moderni metodi analitici.<\/p>\n<h3>Garanzia di qualit\u00e0 e uniformit\u00e0 dei lotti<\/h3>\n<p>Il materiale di ricerca deve avere una purezza chimica di <span class=\"math-inline\" data-math=\"mathbf{ge 98%}\">$mathbf{ge 98%}$<\/span> . La garanzia di qualit\u00e0 comprende:<\/p>\n<ul>\n<li><b>Documentazione analitica:<\/b> Consegna con <b>certificati di analisi (CoA) completi<\/b>, che ne attestano la purezza e l'identit\u00e0 (HPLC, GC\/MS).<\/li>\n<li><b>Consistenza del lotto:<\/b> Garantire una <b>qualit\u00e0 costante<\/b> su diversi lotti di produzione, il che \u00e8 fondamentale per la riproducibilit\u00e0 degli studi a lungo termine.<\/li>\n<\/ul>\n<h3>Requisiti di stoccaggio e sicurezza<\/h3>\n<p>A causa dell'instabilit\u00e0 chimica delle fenetilamine alla luce e all'ossigeno, \u00e8 necessario prestare particolare attenzione alle modalit\u00e0 di conservazione:<\/p>\n<ul>\n<li><b>Stoccaggio:<\/b> Il materiale deve <b>Protetto dalla luce<\/b>, <b>fresco<\/b> (idealmente <span class=\"math-inline\" data-math=\"mathbf{-20^circ C}\">$mathbf{-20^circ C}$<\/span>) e <b>asciutto<\/b> essere memorizzati.<\/li>\n<li><b>Protocolli di sicurezza:<\/b> Il lavoro deve essere eseguito in un <b>Conforme alla GLP<\/b> stabilimento. <b>Dispositivi di protezione individuale<\/b> (camice, guanti, occhiali di sicurezza) \u00e8 obbligatorio. La manipolazione della polvere richiede di lavorare sotto <b>Cappa chimica<\/b>.<\/li>\n<\/ul>\n<h2>Quadro normativo e responsabilit\u00e0 etica<\/h2>\n<p>La legalit\u00e0 e i requisiti normativi relativi al 2C-B sono estremamente complessi e richiedono una rigorosa osservanza da parte degli istituti di ricerca.<\/p>\n<h3>Stato giuridico (a seconda della giurisdizione)<\/h3>\n<p>Lo status giuridico del 2C-B varia notevolmente a livello internazionale:<\/p>\n<ul>\n<li>In molti paesi rientra nella categoria <b>sostanze controllate<\/b> (ad esempio, le leggi sugli stupefacenti).<\/li>\n<li>In altre regioni \u00e8 <b>legalmente disponibile come sostanza chimica per la ricerca<\/b>, purch\u00e9 l'uso previsto sia strettamente limitato al laboratorio.<\/li>\n<\/ul>\n<p><b>Obbligo obbligatorio:<\/b> Gli istituti di ricerca devono <b>rispettare sempre le normative locali<\/b> e verificare le leggi vigenti prima di acquistare il materiale. L'acquirente \u00e8 l'unico responsabile del rispetto delle leggi nella propria giurisdizione.<\/p>\n<h3>Controllo degli acquisti e informazioni sugli ordini<\/h3>\n<p>L'acquisto di 2C-B \u00e8 limitato alla ricerca scientifica documentata.<\/p>\n<ul>\n<li><b>Certificato dell'Istituto:<\/b> La documentazione dell'istituto o del laboratorio di ricerca \u00e8 obbligatoria.<\/li>\n<li><b>Uso previsto:<\/b> \u00c8 necessario presentare una descrizione scientifica del progetto di ricerca.<\/li>\n<\/ul>\n<h3 data-start=\"3313\" data-end=\"3323\">Conclusione<\/h3>\n<p data-start=\"3325\" data-end=\"3627\">Chi desidera acquistare 2C-B pu\u00f2 beneficiare di prezzi vantaggiosi, un'ampia selezione e una spedizione sicura e discreta. Con un fornitore affidabile, l'intero processo di ordinazione \u00e8 professionale e sicuro. Ordinate 2C-B solo da fonti verificate per garantire la migliore qualit\u00e0 e purezza.<\/p>","protected":false},"excerpt":{"rendered":"<p style=\"text-align: left;\">2C-B \u00e8 un prodotto chimico di sintesi destinato alla ricerca di laboratorio. Questo prodotto \u00e8 noto per la sua eccellente purezza e stabilit\u00e0 ed \u00e8 ideale per studi farmacologici e analisi chimiche. Ogni lotto viene accuratamente testato per garantire risultati affidabili e coerenti. Destinato esclusivamente ad uso scientifico e di laboratorio.<\/p>","protected":false},"featured_media":6764,"comment_status":"open","ping_status":"closed","template":"","meta":{"_joinchat":[]},"product_brand":[],"product_cat":[1795],"product_tag":[1884,1888,1218,1887,1237,1886,1885,188,1814,1841],"class_list":{"0":"post-6736","1":"product","2":"type-product","3":"status-publish","4":"has-post-thumbnail","6":"product_cat-2c-serie","7":"product_tag-2c-b","8":"product_tag-2c-b-chemikalien","9":"product_tag-2c-b-kaufen","10":"product_tag-2c-b-kristalle","11":"product_tag-2c-b-online","12":"product_tag-2c-b-pulver","13":"product_tag-2c-b-zum-verkauf","14":"product_tag-forschungschemikalien","15":"product_tag-forschungsstoffe-kaufen","16":"product_tag-synthetische-phenethylamine","18":"first","19":"instock","20":"shipping-taxable","21":"purchasable","22":"product-type-variable"},"yoast_head":"<!-- This site is optimized with the Yoast SEO plugin v27.5 - https:\/\/yoast.com\/product\/yoast-seo-wordpress\/ -->\n<title>2C-B online kaufen \u2013 2C-B zu verkaufen | chemgramx<\/title>\n<meta name=\"description\" content=\"Wenn Sie 2c-b online kaufen m\u00f6chten, besuchen Sie unseren Chemgramx-Onlineshop. Wir haben hochwertige Produkte wie 2c-b zu verkaufen. Bestellen Sie jetzt!\" \/>\n<meta name=\"robots\" content=\"index, follow, max-snippet:-1, max-image-preview:large, max-video-preview:-1\" \/>\n<link rel=\"canonical\" href=\"https:\/\/chemgramx.com\/it\/prodotto-1\/acquista-2c-b-online\/\" \/>\n<meta property=\"og:locale\" content=\"it_IT\" \/>\n<meta property=\"og:type\" content=\"article\" \/>\n<meta property=\"og:title\" content=\"2C-B online kaufen \u2013 2C-B zu verkaufen | chemgramx\" \/>\n<meta property=\"og:description\" content=\"Wenn Sie 2c-b online kaufen m\u00f6chten, besuchen Sie unseren Chemgramx-Onlineshop. Wir haben hochwertige Produkte wie 2c-b zu verkaufen. Bestellen Sie jetzt!\" \/>\n<meta property=\"og:url\" content=\"https:\/\/chemgramx.com\/it\/prodotto-1\/acquista-2c-b-online\/\" \/>\n<meta property=\"og:site_name\" content=\"Chemgramx\" \/>\n<meta property=\"article:modified_time\" content=\"2025-11-21T11:09:14+00:00\" \/>\n<meta property=\"og:image\" content=\"https:\/\/chemgramx.com\/wp-content\/uploads\/2025\/11\/2cb.jpg\" \/>\n\t<meta property=\"og:image:width\" content=\"600\" \/>\n\t<meta property=\"og:image:height\" content=\"400\" \/>\n\t<meta property=\"og:image:type\" content=\"image\/jpeg\" \/>\n<meta name=\"twitter:card\" content=\"summary_large_image\" \/>\n<meta name=\"twitter:label1\" content=\"Tempo di lettura stimato\" \/>\n\t<meta name=\"twitter:data1\" content=\"3 minuti\" \/>\n<script type=\"application\/ld+json\" class=\"yoast-schema-graph\">{\"@context\":\"https:\\\/\\\/schema.org\",\"@graph\":[{\"@type\":\"WebPage\",\"@id\":\"https:\\\/\\\/chemgramx.com\\\/product\\\/2c-b-online-kaufen\\\/\",\"url\":\"https:\\\/\\\/chemgramx.com\\\/product\\\/2c-b-online-kaufen\\\/\",\"name\":\"2C-B online kaufen \u2013 2C-B zu verkaufen | chemgramx\",\"isPartOf\":{\"@id\":\"https:\\\/\\\/chemgramx.com\\\/#website\"},\"primaryImageOfPage\":{\"@id\":\"https:\\\/\\\/chemgramx.com\\\/product\\\/2c-b-online-kaufen\\\/#primaryimage\"},\"image\":{\"@id\":\"https:\\\/\\\/chemgramx.com\\\/product\\\/2c-b-online-kaufen\\\/#primaryimage\"},\"thumbnailUrl\":\"https:\\\/\\\/chemgramx.com\\\/wp-content\\\/uploads\\\/2025\\\/11\\\/2cb.jpg\",\"datePublished\":\"2025-11-21T11:08:50+00:00\",\"dateModified\":\"2025-11-21T11:09:14+00:00\",\"description\":\"Wenn Sie 2c-b online kaufen m\u00f6chten, besuchen Sie unseren Chemgramx-Onlineshop. Wir haben hochwertige Produkte wie 2c-b zu verkaufen. Bestellen Sie jetzt!\",\"breadcrumb\":{\"@id\":\"https:\\\/\\\/chemgramx.com\\\/product\\\/2c-b-online-kaufen\\\/#breadcrumb\"},\"inLanguage\":\"it-IT\",\"potentialAction\":[{\"@type\":\"ReadAction\",\"target\":[\"https:\\\/\\\/chemgramx.com\\\/product\\\/2c-b-online-kaufen\\\/\"]}]},{\"@type\":\"ImageObject\",\"inLanguage\":\"it-IT\",\"@id\":\"https:\\\/\\\/chemgramx.com\\\/product\\\/2c-b-online-kaufen\\\/#primaryimage\",\"url\":\"https:\\\/\\\/chemgramx.com\\\/wp-content\\\/uploads\\\/2025\\\/11\\\/2cb.jpg\",\"contentUrl\":\"https:\\\/\\\/chemgramx.com\\\/wp-content\\\/uploads\\\/2025\\\/11\\\/2cb.jpg\",\"width\":600,\"height\":400},{\"@type\":\"BreadcrumbList\",\"@id\":\"https:\\\/\\\/chemgramx.com\\\/product\\\/2c-b-online-kaufen\\\/#breadcrumb\",\"itemListElement\":[{\"@type\":\"ListItem\",\"position\":1,\"name\":\"Home\",\"item\":\"https:\\\/\\\/chemgramx.com\\\/\"},{\"@type\":\"ListItem\",\"position\":2,\"name\":\"Shop\",\"item\":\"https:\\\/\\\/chemgramx.com\\\/shop\\\/\"},{\"@type\":\"ListItem\",\"position\":3,\"name\":\"2C-B online kaufen\"}]},{\"@type\":\"WebSite\",\"@id\":\"https:\\\/\\\/chemgramx.com\\\/#website\",\"url\":\"https:\\\/\\\/chemgramx.com\\\/\",\"name\":\"Chemgramx\",\"description\":\"\",\"publisher\":{\"@id\":\"https:\\\/\\\/chemgramx.com\\\/#organization\"},\"potentialAction\":[{\"@type\":\"SearchAction\",\"target\":{\"@type\":\"EntryPoint\",\"urlTemplate\":\"https:\\\/\\\/chemgramx.com\\\/?s={search_term_string}\"},\"query-input\":{\"@type\":\"PropertyValueSpecification\",\"valueRequired\":true,\"valueName\":\"search_term_string\"}}],\"inLanguage\":\"it-IT\"},{\"@type\":\"Organization\",\"@id\":\"https:\\\/\\\/chemgramx.com\\\/#organization\",\"name\":\"Chemgramx\",\"url\":\"https:\\\/\\\/chemgramx.com\\\/\",\"logo\":{\"@type\":\"ImageObject\",\"inLanguage\":\"it-IT\",\"@id\":\"https:\\\/\\\/chemgramx.com\\\/#\\\/schema\\\/logo\\\/image\\\/\",\"url\":\"https:\\\/\\\/chemgramx.com\\\/wp-content\\\/uploads\\\/2024\\\/10\\\/final-logo.png\",\"contentUrl\":\"https:\\\/\\\/chemgramx.com\\\/wp-content\\\/uploads\\\/2024\\\/10\\\/final-logo.png\",\"width\":250,\"height\":48,\"caption\":\"Chemgramx\"},\"image\":{\"@id\":\"https:\\\/\\\/chemgramx.com\\\/#\\\/schema\\\/logo\\\/image\\\/\"}}]}<\/script>\n<!-- \/ Yoast SEO plugin. -->","yoast_head_json":{"title":"Acquista 2C-B online \u2013 2C-B in vendita | chemgramx","description":"Se desideri acquistare 2c-b online, visita il nostro negozio online Chemgramx. Abbiamo prodotti di alta qualit\u00e0 come 2c-b in vendita. Ordina subito!","robots":{"index":"index","follow":"follow","max-snippet":"max-snippet:-1","max-image-preview":"max-image-preview:large","max-video-preview":"max-video-preview:-1"},"canonical":"https:\/\/chemgramx.com\/it\/prodotto-1\/acquista-2c-b-online\/","og_locale":"it_IT","og_type":"article","og_title":"2C-B online kaufen \u2013 2C-B zu verkaufen | chemgramx","og_description":"Wenn Sie 2c-b online kaufen m\u00f6chten, besuchen Sie unseren Chemgramx-Onlineshop. Wir haben hochwertige Produkte wie 2c-b zu verkaufen. Bestellen Sie jetzt!","og_url":"https:\/\/chemgramx.com\/it\/prodotto-1\/acquista-2c-b-online\/","og_site_name":"Chemgramx","article_modified_time":"2025-11-21T11:09:14+00:00","og_image":[{"width":600,"height":400,"url":"https:\/\/chemgramx.com\/wp-content\/uploads\/2025\/11\/2cb.jpg","type":"image\/jpeg"}],"twitter_card":"summary_large_image","twitter_misc":{"Tempo di lettura stimato":"3 minuti"},"schema":{"@context":"https:\/\/schema.org","@graph":[{"@type":"WebPage","@id":"https:\/\/chemgramx.com\/product\/2c-b-online-kaufen\/","url":"https:\/\/chemgramx.com\/product\/2c-b-online-kaufen\/","name":"Acquista 2C-B online \u2013 2C-B in vendita | chemgramx","isPartOf":{"@id":"https:\/\/chemgramx.com\/#website"},"primaryImageOfPage":{"@id":"https:\/\/chemgramx.com\/product\/2c-b-online-kaufen\/#primaryimage"},"image":{"@id":"https:\/\/chemgramx.com\/product\/2c-b-online-kaufen\/#primaryimage"},"thumbnailUrl":"https:\/\/chemgramx.com\/wp-content\/uploads\/2025\/11\/2cb.jpg","datePublished":"2025-11-21T11:08:50+00:00","dateModified":"2025-11-21T11:09:14+00:00","description":"Se desideri acquistare 2c-b online, visita il nostro negozio online Chemgramx. Abbiamo prodotti di alta qualit\u00e0 come 2c-b in vendita. Ordina subito!","breadcrumb":{"@id":"https:\/\/chemgramx.com\/product\/2c-b-online-kaufen\/#breadcrumb"},"inLanguage":"it-IT","potentialAction":[{"@type":"ReadAction","target":["https:\/\/chemgramx.com\/product\/2c-b-online-kaufen\/"]}]},{"@type":"ImageObject","inLanguage":"it-IT","@id":"https:\/\/chemgramx.com\/product\/2c-b-online-kaufen\/#primaryimage","url":"https:\/\/chemgramx.com\/wp-content\/uploads\/2025\/11\/2cb.jpg","contentUrl":"https:\/\/chemgramx.com\/wp-content\/uploads\/2025\/11\/2cb.jpg","width":600,"height":400},{"@type":"BreadcrumbList","@id":"https:\/\/chemgramx.com\/product\/2c-b-online-kaufen\/#breadcrumb","itemListElement":[{"@type":"ListItem","position":1,"name":"Home","item":"https:\/\/chemgramx.com\/"},{"@type":"ListItem","position":2,"name":"Shop","item":"https:\/\/chemgramx.com\/shop\/"},{"@type":"ListItem","position":3,"name":"2C-B online kaufen"}]},{"@type":"WebSite","@id":"https:\/\/chemgramx.com\/#website","url":"https:\/\/chemgramx.com\/","name":"Chemgramx","description":"","publisher":{"@id":"https:\/\/chemgramx.com\/#organization"},"potentialAction":[{"@type":"SearchAction","target":{"@type":"EntryPoint","urlTemplate":"https:\/\/chemgramx.com\/?s={search_term_string}"},"query-input":{"@type":"PropertyValueSpecification","valueRequired":true,"valueName":"search_term_string"}}],"inLanguage":"it-IT"},{"@type":"Organization","@id":"https:\/\/chemgramx.com\/#organization","name":"Chemgramx","url":"https:\/\/chemgramx.com\/","logo":{"@type":"ImageObject","inLanguage":"it-IT","@id":"https:\/\/chemgramx.com\/#\/schema\/logo\/image\/","url":"https:\/\/chemgramx.com\/wp-content\/uploads\/2024\/10\/final-logo.png","contentUrl":"https:\/\/chemgramx.com\/wp-content\/uploads\/2024\/10\/final-logo.png","width":250,"height":48,"caption":"Chemgramx"},"image":{"@id":"https:\/\/chemgramx.com\/#\/schema\/logo\/image\/"}}]}},"_links":{"self":[{"href":"https:\/\/chemgramx.com\/it\/wp-json\/wp\/v2\/product\/6736","targetHints":{"allow":["GET"]}}],"collection":[{"href":"https:\/\/chemgramx.com\/it\/wp-json\/wp\/v2\/product"}],"about":[{"href":"https:\/\/chemgramx.com\/it\/wp-json\/wp\/v2\/types\/product"}],"replies":[{"embeddable":true,"href":"https:\/\/chemgramx.com\/it\/wp-json\/wp\/v2\/comments?post=6736"}],"wp:featuredmedia":[{"embeddable":true,"href":"https:\/\/chemgramx.com\/it\/wp-json\/wp\/v2\/media\/6764"}],"wp:attachment":[{"href":"https:\/\/chemgramx.com\/it\/wp-json\/wp\/v2\/media?parent=6736"}],"wp:term":[{"taxonomy":"product_brand","embeddable":true,"href":"https:\/\/chemgramx.com\/it\/wp-json\/wp\/v2\/product_brand?post=6736"},{"taxonomy":"product_cat","embeddable":true,"href":"https:\/\/chemgramx.com\/it\/wp-json\/wp\/v2\/product_cat?post=6736"},{"taxonomy":"product_tag","embeddable":true,"href":"https:\/\/chemgramx.com\/it\/wp-json\/wp\/v2\/product_tag?post=6736"}],"curies":[{"name":"wp","href":"https:\/\/api.w.org\/{rel}","templated":true}]}}