{"id":6739,"date":"2025-11-21T11:08:51","date_gmt":"2025-11-21T11:08:51","guid":{"rendered":"https:\/\/chemgramx.com\/?post_type=product&#038;p=6739"},"modified":"2025-11-21T11:09:26","modified_gmt":"2025-11-21T11:09:26","slug":"comprare-2c-h-online","status":"publish","type":"product","link":"https:\/\/chemgramx.com\/it\/product\/2c-h-online-kaufen\/","title":{"rendered":"Acquistare 2C-H online"},"content":{"rendered":"<p data-path-to-node=\"1\"><b>2C-H<\/b> - chimicamente noto come <b>2,5-Dimetossifenetilammina (2,5-DMPEA)<\/b> - \u00e8 un derivato essenziale, strutturalmente puro e ricercato a livello internazionale del <b>Famiglia delle fenetilamine<\/b>. Come centrale <b>Molecola base<\/b> il famoso <b>Serie chimica 2C<\/b> Il 2C-H occupa una posizione chiave nella ricerca scientifica. A differenza dei suoi parenti sostituiti, il 2C-H viene studiato principalmente non per il suo effetto diretto minore, ma per il suo <b>ruolo indispensabile come versatile materiale di partenza chimico e molecola precursore altamente affidabile<\/b> nei laboratori scientifici e chimici pi\u00f9 esigenti di tutto il mondo.<\/p>\n<p data-path-to-node=\"2\">Se il vostro laboratorio <b>Acquistare online 2C-H di alta qualit\u00e0<\/b> vorrebbe <b>studi analitici, analisi comparative forensi o sintesi organiche complesse<\/b> della classe delle fenetilamine, vi offriamo una fonte verificata e di elevata purezza. Questo prodotto \u00e8 ottimizzato nella qualit\u00e0 e specificamente progettato per l'uso da parte di professionisti qualificati in ambienti di ricerca rigorosamente controllati.<\/p>\n<h4>Che cos'\u00e8 la 2C-H? La definizione molecolare (2,5-dimetossifenetilammina)<\/h4>\n<p data-path-to-node=\"6\">La 2C-H (nome chimico completo: 2,5-dimetossifenetilammina) \u00e8 la <b>Collegamento con la madre<\/b> (l'analogo non sostituito) di un'intera classe di fenetilammine ampiamente documentate nella letteratura scientifica. La struttura di 2C-H fornisce una base chimica perfetta (la spina dorsale) per il <b>Sintesi dell'intera famiglia 2C<\/b>, comprese molecole note come:<\/p>\n<ul data-path-to-node=\"7\">\n<li>\n<p data-path-to-node=\"7,0,0\"><a href=\"\/product\/2c-b-online-kaufen\/\"><b>2C-B<\/b><\/a> (4-bromo-2,5-dimetossifenetilammina)<\/p>\n<\/li>\n<li>\n<p data-path-to-node=\"7,1,0\"><a href=\"\/product\/2c-h-online-kaufen\/\"><b>2C-I<\/b><\/a> (4-Iodo-2,5-dimetossifenetilammina)<\/p>\n<\/li>\n<li>\n<p data-path-to-node=\"7,2,0\"><b>2C-E<\/b> (4-etil-2,5-dimetossifenetilammina)<\/p>\n<\/li>\n<\/ul>\n<p data-path-to-node=\"8\">Attraverso modifiche chimiche mirate, in particolare nella posizione 4 dell'anello benzenico, i chimici possono produrre i prodotti finali desiderati della serie 2C a partire dal 2C-H. Ci\u00f2 lo rende un <b>strumento indispensabile<\/b> per la ricerca di <b>Relazioni struttura-attivit\u00e0 (SAR)<\/b> in chimica e farmacologia.<\/p>\n<div data-path-to-node=\"9\">\n<div class=\"math-block\" data-math=\"text{2C-H: } text{2,5-Dimethoxyphenethylamin} quad text{(Das zentrale Grundger\u00fcst)}\">{2C-H) 2,5-dimetossifenetilammina} {(La spina dorsale centrale)}<\/div>\n<\/div>\n<p data-path-to-node=\"10\"><b>Nota sull'effetto:<\/b> Sebbene il 2C-H sia strutturalmente correlato, esso stesso mostra solo una <b>Effetto psicoattivo da molto basso a nullo<\/b>. \u00c8 di interesse per i ricercatori perch\u00e9 funge da blocco stabile e definito - \u00e8 <b>espressamente non destinati al consumo umano.<\/b><\/p>\n<h3>Principali aree di applicazione nella ricerca e nell'analisi<\/h3>\n<p data-path-to-node=\"13\">L'elevata domanda di <b>2C-H in vendita<\/b> deriva direttamente dalla sua importanza negli ambienti di laboratorio specializzati:<\/p>\n<ol start=\"1\" data-path-to-node=\"14\">\n<li>\n<p data-path-to-node=\"14,0,0\"><b>Sintesi chimica e derivatizzazione:<\/b> Questa \u00e8 l'applicazione pi\u00f9 importante. I laboratori <b>ordine 2C-H<\/b> in quantit\u00e0 maggiori per poterlo utilizzare come <b>Molecola precursore<\/b> da utilizzare. La produzione di derivati della fenetilammina nuovi o rari per la ricerca inizia spesso con una 2C-H di elevata purezza come punto di partenza. La qualit\u00e0 della 2C-H determina in larga misura la purezza e il successo delle successive fasi di sintesi, spesso complesse.<\/p>\n<\/li>\n<li>\n<p data-path-to-node=\"14,1,0\"><b>Ricerca forense e tossicologica:<\/b> I laboratori di analisi richiedono <b>2C-H<\/b> come <b>Standard di riferimento<\/b>. Poich\u00e9 i suoi derivati sono spesso oggetto di indagini forensi, la molecola di base viene utilizzata per <b>Calibrazione e validazione<\/b> di metodi di analisi come il <b>Gascromatografia-spettrometria di massa (GC-MS)<\/b> o il <b>Cromatografia liquida (HPLC)<\/b>. Aiuta a identificare chiaramente altri composti 2C sostituiti.<\/p>\n<\/li>\n<li>\n<p data-path-to-node=\"14,2,0\"><b>Studi metabolici:<\/b> I ricercatori utilizzano il 2C-H per analizzare il potenziale <b>Vie di metabolizzazione<\/b> delle sostanze chimiche 2C in generale. La conoscenza di come la struttura di base della molecola viene elaborata nell'organismo \u00e8 fondamentale per comprendere la tossicologia e la farmacocinetica dell'intera classe.<\/p>\n<\/li>\n<\/ol>\n<h3>Acquistare 2C-H online: Vantaggi per i laboratori<\/h3>\n<p data-path-to-node=\"17\">Per i laboratori che danno importanza all'efficienza e all'affidabilit\u00e0, l'acquisto di <b>2C-H online<\/b> di fornitori specializzati di prodotti chimici per la ricerca:<\/p>\n<ol start=\"1\" data-path-to-node=\"18\">\n<li>\n<p data-path-to-node=\"18,0,0\"><b>Purezza del prodotto garantita:<\/b> La priorit\u00e0 assoluta \u00e8 la qualit\u00e0. Fonti online affidabili assicurano che la 2C-H offerta ha <b>Purezza certificata<\/b> (spesso <span class=\"math-inline\" data-math=\"geq 98%\">$geq 98%$<\/span> o superiore), confermata da metodi analitici come NMR e LC-MS. Questo \u00e8 fondamentale per evitare contaminazioni che potrebbero falsare i risultati della ricerca.<\/p>\n<\/li>\n<li>\n<p data-path-to-node=\"18,1,0\"><b>Prezzo e flessibilit\u00e0 interessanti per il 2C-H:<\/b> Grazie all'accesso diretto e alla logistica globale, i fornitori online possono spesso offrire un prezzo significativamente inferiore. <b>prezzo equo 2C-H<\/b> offerta. Inoltre, potete beneficiare di quantit\u00e0 d'ordine flessibili, da piccole quantit\u00e0 per studi pilota a grandi quantit\u00e0 per progetti di sintesi estesi. Questo ci rende il <b>il miglior posto per comprare 2C-H online<\/b>.<\/p>\n<\/li>\n<li>\n<p data-path-to-node=\"18,2,0\"><b>Consegna discreta e veloce in tutto il mondo:<\/b> Comprendiamo la necessit\u00e0 di consegne discrete e sicure di prodotti chimici per la ricerca. A <b>Acquistare 2C-H online<\/b> garantiamo:<\/p>\n<ul data-path-to-node=\"18,2,1\">\n<li>\n<p data-path-to-node=\"18,2,1,0,0\"><b>Imballaggio neutro:<\/b> Il pacco non \u00e8 riconoscibile esternamente come una spedizione di prodotti chimici.<\/p>\n<\/li>\n<li>\n<p data-path-to-node=\"18,2,1,1,0\"><b>Tracciabilit\u00e0:<\/b> Ogni ordine viene spedito con il tracking della spedizione, in modo che possiate tenere sempre sotto controllo lo stato della vostra consegna.<\/p>\n<\/li>\n<li>\n<p data-path-to-node=\"18,2,1,2,0\"><b>Logistica veloce:<\/b> Opzioni di spedizione efficienti assicurano che i vostri materiali di ricerca arrivino in laboratorio in tempo.<\/p>\n<\/li>\n<\/ul>\n<\/li>\n<\/ol>\n<h3>Conformit\u00e0 e istruzioni di sicurezza<\/h3>\n<p data-path-to-node=\"21\">Prima di <b>ordine 2C-H<\/b>, \u00e8 necessario prestare attenzione ai seguenti aspetti:<\/p>\n<ol start=\"1\" data-path-to-node=\"22\">\n<li>\n<p data-path-to-node=\"22,0,0\"><b>Verifica dello stato giuridico:<\/b> Il <b>Stato giuridico del 2C-H<\/b> non \u00e8 standardizzato a livello internazionale. Sebbene sia utilizzato come materia prima, in alcune regioni pu\u00f2 essere utilizzato in base a criteri locali. <b>Leggi analogiche<\/b> o le leggi sulle sostanze psicotrope. <b>Ogni acquirente \u00e8 tenuto a<\/b>, di verificare e rispettare le leggi e le norme di importazione vigenti nel proprio paese o regione prima di effettuare l'ordine. Vendiamo questo prodotto <b>esclusivamente per scopi di ricerca e analisi<\/b> alle istituzioni di ricerca legittimate.<\/p>\n<\/li>\n<li>\n<p data-path-to-node=\"22,1,0\"><b>Stoccaggio e manipolazione sicuri:<\/b> I seguenti punti sono essenziali per la sicurezza del laboratorio:<\/p>\n<ul data-path-to-node=\"22,1,1\">\n<li>\n<p data-path-to-node=\"22,1,1,0,0\"><b>Stoccaggio:<\/b> Conservare il 2C-H in un <b>luogo fresco, asciutto e buio<\/b> per garantire la stabilit\u00e0 chimica.<\/p>\n<\/li>\n<li>\n<p data-path-to-node=\"22,1,1,1,0\"><b>DPI:<\/b> Durante la manipolazione, indossare sempre un dispositivo di protezione personale adeguato (guanti, camice da laboratorio, occhiali di sicurezza).<\/p>\n<\/li>\n<li>\n<p data-path-to-node=\"22,1,1,2,0\"><b>Scopo:<\/b> Il prodotto pu\u00f2 <b>in nessun caso<\/b> sono utilizzati per il consumo umano o animale.<\/p>\n<\/li>\n<\/ul>\n<\/li>\n<\/ol>\n<h3 data-start=\"3492\" data-end=\"3502\">Conclusione<\/h3>\n<p data-start=\"3504\" data-end=\"3726\">Se desideri acquistare 2C-H online, potrai beneficiare di prodotti di alta qualit\u00e0, consegne discrete e un prezzo equo. Con un fornitore esperto, il processo di acquisto \u00e8 sicuro e affidabile.<\/p>\n<p data-start=\"3728\" data-end=\"3889\">Acquista subito 2C-H online da una fonte di ricerca affidabile e beneficia di qualit\u00e0 comprovata, servizio professionale e spedizione discreta in tutto il mondo.<\/p>","protected":false},"excerpt":{"rendered":"<p style=\"text-align: center;\"><strong>2C-H<\/strong><\/p>\n<hr \/>\n<p>2C-H \u00e8 un prodotto chimico di sintesi, ideale per la ricerca scientifica avanzata. Questo prodotto \u00e8 caratterizzato da elevata purezza e stabilit\u00e0, che lo rendono ideale per studi farmacologici e analisi chimiche. Ogni lotto viene accuratamente testato per garantire affidabilit\u00e0 e risultati costanti. Solo per uso di laboratorio.<\/p>","protected":false},"featured_media":6767,"comment_status":"open","ping_status":"closed","template":"","meta":{"_joinchat":[]},"product_brand":[],"product_cat":[1795],"product_tag":[1865,1871,1866,1869,1870,1868,1867,188,1814,1841],"class_list":{"0":"post-6739","1":"product","2":"type-product","3":"status-publish","4":"has-post-thumbnail","6":"product_cat-2c-serie","7":"product_tag-2c-h","8":"product_tag-2c-h-chemikalien","9":"product_tag-2c-h-kaufen","10":"product_tag-2c-h-kristalle","11":"product_tag-2c-h-online","12":"product_tag-2c-h-pulver","13":"product_tag-2c-h-zum-verkauf","14":"product_tag-forschungschemikalien","15":"product_tag-forschungsstoffe-kaufen","16":"product_tag-synthetische-phenethylamine","18":"first","19":"instock","20":"shipping-taxable","21":"purchasable","22":"product-type-variable"},"yoast_head":"<!-- This site is optimized with the Yoast SEO plugin v27.5 - https:\/\/yoast.com\/product\/yoast-seo-wordpress\/ -->\n<title>2C-H online kaufen \u2013 2C-H zu verkaufen | chemgramx<\/title>\n<meta name=\"description\" content=\"Ihre Anforderung, 2c-h online zu kaufen, kann in unserem Online-Shop erf\u00fcllt werden, da wir hier 2c-h zu verkaufen haben. Geben Sie Ihre Bestellung auf und erhalten Sie jeden Tag g\u00fcnstige Angebote. Jetzt bestellen!\" \/>\n<meta name=\"robots\" content=\"index, follow, max-snippet:-1, max-image-preview:large, max-video-preview:-1\" \/>\n<link rel=\"canonical\" href=\"https:\/\/chemgramx.com\/it\/prodotto-1\/comprare-2c-h-online\/\" \/>\n<meta property=\"og:locale\" content=\"it_IT\" \/>\n<meta property=\"og:type\" content=\"article\" \/>\n<meta property=\"og:title\" content=\"2C-H online kaufen \u2013 2C-H zu verkaufen | chemgramx\" \/>\n<meta property=\"og:description\" content=\"Ihre Anforderung, 2c-h online zu kaufen, kann in unserem Online-Shop erf\u00fcllt werden, da wir hier 2c-h zu verkaufen haben. Geben Sie Ihre Bestellung auf und erhalten Sie jeden Tag g\u00fcnstige Angebote. Jetzt bestellen!\" \/>\n<meta property=\"og:url\" content=\"https:\/\/chemgramx.com\/it\/prodotto-1\/comprare-2c-h-online\/\" \/>\n<meta property=\"og:site_name\" content=\"Chemgramx\" \/>\n<meta property=\"article:modified_time\" content=\"2025-11-21T11:09:26+00:00\" \/>\n<meta property=\"og:image\" content=\"https:\/\/chemgramx.com\/wp-content\/uploads\/2025\/11\/2ch.jpg\" \/>\n\t<meta property=\"og:image:width\" content=\"600\" \/>\n\t<meta property=\"og:image:height\" content=\"400\" \/>\n\t<meta property=\"og:image:type\" content=\"image\/jpeg\" \/>\n<meta name=\"twitter:card\" content=\"summary_large_image\" \/>\n<meta name=\"twitter:label1\" content=\"Tempo di lettura stimato\" \/>\n\t<meta name=\"twitter:data1\" content=\"4 minuti\" \/>\n<script type=\"application\/ld+json\" class=\"yoast-schema-graph\">{\"@context\":\"https:\\\/\\\/schema.org\",\"@graph\":[{\"@type\":\"WebPage\",\"@id\":\"https:\\\/\\\/chemgramx.com\\\/product\\\/2c-h-online-kaufen\\\/\",\"url\":\"https:\\\/\\\/chemgramx.com\\\/product\\\/2c-h-online-kaufen\\\/\",\"name\":\"2C-H online kaufen \u2013 2C-H zu verkaufen | chemgramx\",\"isPartOf\":{\"@id\":\"https:\\\/\\\/chemgramx.com\\\/#website\"},\"primaryImageOfPage\":{\"@id\":\"https:\\\/\\\/chemgramx.com\\\/product\\\/2c-h-online-kaufen\\\/#primaryimage\"},\"image\":{\"@id\":\"https:\\\/\\\/chemgramx.com\\\/product\\\/2c-h-online-kaufen\\\/#primaryimage\"},\"thumbnailUrl\":\"https:\\\/\\\/chemgramx.com\\\/wp-content\\\/uploads\\\/2025\\\/11\\\/2ch.jpg\",\"datePublished\":\"2025-11-21T11:08:51+00:00\",\"dateModified\":\"2025-11-21T11:09:26+00:00\",\"description\":\"Ihre Anforderung, 2c-h online zu kaufen, kann in unserem Online-Shop erf\u00fcllt werden, da wir hier 2c-h zu verkaufen haben. Geben Sie Ihre Bestellung auf und erhalten Sie jeden Tag g\u00fcnstige Angebote. Jetzt bestellen!\",\"breadcrumb\":{\"@id\":\"https:\\\/\\\/chemgramx.com\\\/product\\\/2c-h-online-kaufen\\\/#breadcrumb\"},\"inLanguage\":\"it-IT\",\"potentialAction\":[{\"@type\":\"ReadAction\",\"target\":[\"https:\\\/\\\/chemgramx.com\\\/product\\\/2c-h-online-kaufen\\\/\"]}]},{\"@type\":\"ImageObject\",\"inLanguage\":\"it-IT\",\"@id\":\"https:\\\/\\\/chemgramx.com\\\/product\\\/2c-h-online-kaufen\\\/#primaryimage\",\"url\":\"https:\\\/\\\/chemgramx.com\\\/wp-content\\\/uploads\\\/2025\\\/11\\\/2ch.jpg\",\"contentUrl\":\"https:\\\/\\\/chemgramx.com\\\/wp-content\\\/uploads\\\/2025\\\/11\\\/2ch.jpg\",\"width\":600,\"height\":400},{\"@type\":\"BreadcrumbList\",\"@id\":\"https:\\\/\\\/chemgramx.com\\\/product\\\/2c-h-online-kaufen\\\/#breadcrumb\",\"itemListElement\":[{\"@type\":\"ListItem\",\"position\":1,\"name\":\"Home\",\"item\":\"https:\\\/\\\/chemgramx.com\\\/\"},{\"@type\":\"ListItem\",\"position\":2,\"name\":\"Shop\",\"item\":\"https:\\\/\\\/chemgramx.com\\\/shop\\\/\"},{\"@type\":\"ListItem\",\"position\":3,\"name\":\"2C-H Online kaufen\"}]},{\"@type\":\"WebSite\",\"@id\":\"https:\\\/\\\/chemgramx.com\\\/#website\",\"url\":\"https:\\\/\\\/chemgramx.com\\\/\",\"name\":\"Chemgramx\",\"description\":\"\",\"publisher\":{\"@id\":\"https:\\\/\\\/chemgramx.com\\\/#organization\"},\"potentialAction\":[{\"@type\":\"SearchAction\",\"target\":{\"@type\":\"EntryPoint\",\"urlTemplate\":\"https:\\\/\\\/chemgramx.com\\\/?s={search_term_string}\"},\"query-input\":{\"@type\":\"PropertyValueSpecification\",\"valueRequired\":true,\"valueName\":\"search_term_string\"}}],\"inLanguage\":\"it-IT\"},{\"@type\":\"Organization\",\"@id\":\"https:\\\/\\\/chemgramx.com\\\/#organization\",\"name\":\"Chemgramx\",\"url\":\"https:\\\/\\\/chemgramx.com\\\/\",\"logo\":{\"@type\":\"ImageObject\",\"inLanguage\":\"it-IT\",\"@id\":\"https:\\\/\\\/chemgramx.com\\\/#\\\/schema\\\/logo\\\/image\\\/\",\"url\":\"https:\\\/\\\/chemgramx.com\\\/wp-content\\\/uploads\\\/2024\\\/10\\\/final-logo.png\",\"contentUrl\":\"https:\\\/\\\/chemgramx.com\\\/wp-content\\\/uploads\\\/2024\\\/10\\\/final-logo.png\",\"width\":250,\"height\":48,\"caption\":\"Chemgramx\"},\"image\":{\"@id\":\"https:\\\/\\\/chemgramx.com\\\/#\\\/schema\\\/logo\\\/image\\\/\"}}]}<\/script>\n<!-- \/ Yoast SEO plugin. -->","yoast_head_json":{"title":"Acquista 2C-H online \u2013 2C-H in vendita | chemgramx","description":"La tua esigenza di acquistare 2c-h online pu\u00f2 essere soddisfatta nel nostro negozio online, dove potrai trovare 2c-h in vendita. Effettua il tuo ordine e ricevi fantastiche offerte ogni giorno. Ordina ora!","robots":{"index":"index","follow":"follow","max-snippet":"max-snippet:-1","max-image-preview":"max-image-preview:large","max-video-preview":"max-video-preview:-1"},"canonical":"https:\/\/chemgramx.com\/it\/prodotto-1\/comprare-2c-h-online\/","og_locale":"it_IT","og_type":"article","og_title":"2C-H online kaufen \u2013 2C-H zu verkaufen | chemgramx","og_description":"Ihre Anforderung, 2c-h online zu kaufen, kann in unserem Online-Shop erf\u00fcllt werden, da wir hier 2c-h zu verkaufen haben. Geben Sie Ihre Bestellung auf und erhalten Sie jeden Tag g\u00fcnstige Angebote. Jetzt bestellen!","og_url":"https:\/\/chemgramx.com\/it\/prodotto-1\/comprare-2c-h-online\/","og_site_name":"Chemgramx","article_modified_time":"2025-11-21T11:09:26+00:00","og_image":[{"width":600,"height":400,"url":"https:\/\/chemgramx.com\/wp-content\/uploads\/2025\/11\/2ch.jpg","type":"image\/jpeg"}],"twitter_card":"summary_large_image","twitter_misc":{"Tempo di lettura stimato":"4 minuti"},"schema":{"@context":"https:\/\/schema.org","@graph":[{"@type":"WebPage","@id":"https:\/\/chemgramx.com\/product\/2c-h-online-kaufen\/","url":"https:\/\/chemgramx.com\/product\/2c-h-online-kaufen\/","name":"Acquista 2C-H online \u2013 2C-H in vendita | chemgramx","isPartOf":{"@id":"https:\/\/chemgramx.com\/#website"},"primaryImageOfPage":{"@id":"https:\/\/chemgramx.com\/product\/2c-h-online-kaufen\/#primaryimage"},"image":{"@id":"https:\/\/chemgramx.com\/product\/2c-h-online-kaufen\/#primaryimage"},"thumbnailUrl":"https:\/\/chemgramx.com\/wp-content\/uploads\/2025\/11\/2ch.jpg","datePublished":"2025-11-21T11:08:51+00:00","dateModified":"2025-11-21T11:09:26+00:00","description":"La tua esigenza di acquistare 2c-h online pu\u00f2 essere soddisfatta nel nostro negozio online, dove potrai trovare 2c-h in vendita. Effettua il tuo ordine e ricevi fantastiche offerte ogni giorno. Ordina ora!","breadcrumb":{"@id":"https:\/\/chemgramx.com\/product\/2c-h-online-kaufen\/#breadcrumb"},"inLanguage":"it-IT","potentialAction":[{"@type":"ReadAction","target":["https:\/\/chemgramx.com\/product\/2c-h-online-kaufen\/"]}]},{"@type":"ImageObject","inLanguage":"it-IT","@id":"https:\/\/chemgramx.com\/product\/2c-h-online-kaufen\/#primaryimage","url":"https:\/\/chemgramx.com\/wp-content\/uploads\/2025\/11\/2ch.jpg","contentUrl":"https:\/\/chemgramx.com\/wp-content\/uploads\/2025\/11\/2ch.jpg","width":600,"height":400},{"@type":"BreadcrumbList","@id":"https:\/\/chemgramx.com\/product\/2c-h-online-kaufen\/#breadcrumb","itemListElement":[{"@type":"ListItem","position":1,"name":"Home","item":"https:\/\/chemgramx.com\/"},{"@type":"ListItem","position":2,"name":"Shop","item":"https:\/\/chemgramx.com\/shop\/"},{"@type":"ListItem","position":3,"name":"2C-H Online kaufen"}]},{"@type":"WebSite","@id":"https:\/\/chemgramx.com\/#website","url":"https:\/\/chemgramx.com\/","name":"Chemgramx","description":"","publisher":{"@id":"https:\/\/chemgramx.com\/#organization"},"potentialAction":[{"@type":"SearchAction","target":{"@type":"EntryPoint","urlTemplate":"https:\/\/chemgramx.com\/?s={search_term_string}"},"query-input":{"@type":"PropertyValueSpecification","valueRequired":true,"valueName":"search_term_string"}}],"inLanguage":"it-IT"},{"@type":"Organization","@id":"https:\/\/chemgramx.com\/#organization","name":"Chemgramx","url":"https:\/\/chemgramx.com\/","logo":{"@type":"ImageObject","inLanguage":"it-IT","@id":"https:\/\/chemgramx.com\/#\/schema\/logo\/image\/","url":"https:\/\/chemgramx.com\/wp-content\/uploads\/2024\/10\/final-logo.png","contentUrl":"https:\/\/chemgramx.com\/wp-content\/uploads\/2024\/10\/final-logo.png","width":250,"height":48,"caption":"Chemgramx"},"image":{"@id":"https:\/\/chemgramx.com\/#\/schema\/logo\/image\/"}}]}},"_links":{"self":[{"href":"https:\/\/chemgramx.com\/it\/wp-json\/wp\/v2\/product\/6739","targetHints":{"allow":["GET"]}}],"collection":[{"href":"https:\/\/chemgramx.com\/it\/wp-json\/wp\/v2\/product"}],"about":[{"href":"https:\/\/chemgramx.com\/it\/wp-json\/wp\/v2\/types\/product"}],"replies":[{"embeddable":true,"href":"https:\/\/chemgramx.com\/it\/wp-json\/wp\/v2\/comments?post=6739"}],"wp:featuredmedia":[{"embeddable":true,"href":"https:\/\/chemgramx.com\/it\/wp-json\/wp\/v2\/media\/6767"}],"wp:attachment":[{"href":"https:\/\/chemgramx.com\/it\/wp-json\/wp\/v2\/media?parent=6739"}],"wp:term":[{"taxonomy":"product_brand","embeddable":true,"href":"https:\/\/chemgramx.com\/it\/wp-json\/wp\/v2\/product_brand?post=6739"},{"taxonomy":"product_cat","embeddable":true,"href":"https:\/\/chemgramx.com\/it\/wp-json\/wp\/v2\/product_cat?post=6739"},{"taxonomy":"product_tag","embeddable":true,"href":"https:\/\/chemgramx.com\/it\/wp-json\/wp\/v2\/product_tag?post=6739"}],"curies":[{"name":"wp","href":"https:\/\/api.w.org\/{rel}","templated":true}]}}