{"id":6814,"date":"2025-11-21T11:09:30","date_gmt":"2025-11-21T11:09:30","guid":{"rendered":"https:\/\/chemgramx.com\/?post_type=product&#038;p=6814"},"modified":"2025-11-21T11:09:51","modified_gmt":"2025-11-21T11:09:51","slug":"efedrina-cloridrato-in-polvere","status":"publish","type":"product","link":"https:\/\/chemgramx.com\/it\/product\/ephedrine-hydrochloride-powder\/","title":{"rendered":"Efedrina cloridrato in polvere"},"content":{"rendered":"<p><span dir=\"auto\">Acquista\u00a0<\/span><strong data-start=\"67\" data-end=\"101\"><span dir=\"auto\">Efedrina cloridrato in polvere<\/span><\/strong><span dir=\"auto\">\u00a0online su Hazy Puff Depot. Offriamo prodotti autentici e puri 100 % a prezzi competitivi. Vendiamo prodotti di qualit\u00e0 dal 2010 e garantiamo una consegna sicura e discreta con spedizione gratuita in tutto il mondo. Approfittate del pagamento sicuro in Bitcoin e della spedizione anonima e discreta per proteggere la vostra privacy. Affidatevi a Hazy Puff Depot per prodotti di alta qualit\u00e0 e un servizio affidabile.<\/span><\/p>\n<h2><span dir=\"auto\">Acquistate ora sul nostro sito e ordinate la vostra polvere di cloridrato di efedrina in modo sicuro, con una spedizione discreta garantita.<\/span><\/h2>\n<p class=\"\" data-start=\"240\" data-end=\"310\"><strong data-start=\"240\" data-end=\"310\"><span dir=\"auto\">Efedrina HCL in polvere: un'alternativa legale per una maggiore stimolazione<\/span><\/strong><\/p>\n<p class=\"\" data-start=\"312\" data-end=\"634\"><strong data-start=\"765\" data-end=\"803\"><span dir=\"auto\">L'efedrina cloridrato in polvere \u00e8 un'alternativa legale a molte sostanze proibite e viene spesso chiamata \u201e\u00a0<\/span><\/strong><strong data-start=\"424\" data-end=\"438\"><span dir=\"auto\">Legale Alto<\/span><\/strong><span dir=\"auto\">\u00a0\u201c . Questo potente stimolante del sistema nervoso centrale \u00e8 presente in natura in diverse erbe, tra cui\u00a0<\/span><strong data-start=\"533\" data-end=\"562\"><span dir=\"auto\">Ma Huang (Ephedra sinica)<\/span><\/strong><span dir=\"auto\">\u00a0,\u00a0<\/span><strong data-start=\"564\" data-end=\"597\"><span dir=\"auto\">Kava kava (Piper methysticum)<\/span><\/strong><span dir=\"auto\">\u00a0e\u00a0<\/span><strong data-start=\"603\" data-end=\"633\"><span dir=\"auto\">Guaran\u00e0 (Paullinia cupana)<\/span><\/strong><span dir=\"auto\">\u00a0.<\/span><\/p>\n<p class=\"\" data-start=\"636\" data-end=\"1119\"><span dir=\"auto\">Produttore di vini\u00a0<\/span><strong data-start=\"657\" data-end=\"684\"><span dir=\"auto\">Efedrina cloridrato - generale\u00a0<\/span><\/strong><strong data-start=\"701\" data-end=\"718\"><span dir=\"auto\">Efedrina HCL<\/span><\/strong><span dir=\"auto\">\u00a0,\u00a0<\/span><strong data-start=\"720\" data-end=\"727\"><span dir=\"auto\">EHP<\/span><\/strong><span dir=\"auto\">\u00a0o talvolta erroneamente indicato come\u00a0<\/span><strong data-start=\"769\" data-end=\"788\"><span dir=\"auto\">Metanfetamina<\/span><\/strong><span dir=\"auto\">\u00a0direttamente da queste piante. Nella sua forma pura\u00a0<\/span><strong data-start=\"835\" data-end=\"852\"><span dir=\"auto\">Efedrina HCL<\/span><\/strong><span dir=\"auto\">\u00a0come un solido cristallino bianco che si scioglie facilmente in acqua. Al giorno d'oggi, gli acquirenti possono trovare una variet\u00e0 di prodotti a base di efedrina online, soprattutto da fornitori affidabili come\u00a0<\/span><strong data-start=\"1028\" data-end=\"1047\"><span dir=\"auto\">Deposito di soffi nocciolosi<\/span><\/strong><span dir=\"auto\">\u00a0che\u00a0<\/span><strong data-start=\"1058\" data-end=\"1085\"><span dir=\"auto\">Consegna sicura e discreta<\/span><\/strong><span dir=\"auto\">\u00a0con\u00a0<\/span><strong data-start=\"1091\" data-end=\"1118\"><span dir=\"auto\">Pagamento sicuro con Bitcoin<\/span><\/strong><span dir=\"auto\">\u00a0offerta .<\/span><\/p>\n<h3><span dir=\"auto\">Dove trovare la polvere di efedrina HCL di alta qualit\u00e0 in vendita<\/span><\/h3>\n<p><span dir=\"auto\">Trova\u00a0<\/span><strong data-start=\"66\" data-end=\"90\"><span dir=\"auto\">Efedrina HCl in polvere<\/span><\/strong><span dir=\"auto\">\u00a0semplicemente in negozi online affidabili, come ad esempio\u00a0<\/span><strong data-start=\"128\" data-end=\"147\"><span dir=\"auto\">Deposito di soffi nocciolosi<\/span><\/strong><span dir=\"auto\">\u00a0. Acquista\u00a0<\/span><strong data-start=\"158\" data-end=\"182\"><span dir=\"auto\">Efedrina HCl in polvere<\/span><\/strong><span dir=\"auto\">\u00a0direttamente da vari siti web senza prescrizione medica. I pagamenti sicuri in Bitcoin e la spedizione discreta vi garantiscono privacy e attenzione per ogni ordine.<\/span><\/p>\n<h2 class=\"\" data-start=\"62\" data-end=\"89\"><span dir=\"auto\">Come funziona l'efedrina?<\/span><\/h2>\n<p class=\"\" data-start=\"91\" data-end=\"520\"><strong data-start=\"765\" data-end=\"803\"><span dir=\"auto\">Efedrina cloridrato in polvere<\/span><\/strong><span dir=\"auto\">\u00a0stimola alcune sostanze chimiche nel cervello che controllano funzioni vitali quali\u00a0<\/span><strong data-start=\"185\" data-end=\"203\"><span dir=\"auto\">Pressione sanguigna<\/span><\/strong><span dir=\"auto\">\u00a0,\u00a0<\/span><strong data-start=\"205\" data-end=\"219\"><span dir=\"auto\">Frequenza cardiaca<\/span><\/strong><span dir=\"auto\">\u00a0,\u00a0<\/span><strong data-start=\"221\" data-end=\"234\"><span dir=\"auto\">Respirazione<\/span><\/strong><span dir=\"auto\">\u00a0e\u00a0<\/span><strong data-start=\"240\" data-end=\"260\"><span dir=\"auto\">Temperatura corporea<\/span><\/strong><span dir=\"auto\">\u00a0controllo . L'assunzione orale\u00a0<\/span><strong data-start=\"276\" data-end=\"289\" data-is-only-node=\"\"><span dir=\"auto\">da Efedrina<\/span><\/strong><span dir=\"auto\">\u00a0attiva direttamente le ghiandole surrenali e le stimola a rilasciare\u00a0<\/span><strong data-start=\"366\" data-end=\"380\"><span dir=\"auto\">Adrenalina<\/span><\/strong><span dir=\"auto\">\u00a0. Questo ormone regola la pressione sanguigna e la frequenza cardiaca, aumenta l'energia, la vigilanza e migliora l'afflusso di aria ai polmoni.<\/span><\/p>\n<p class=\"\" data-start=\"154\" data-end=\"175\"><strong data-start=\"154\" data-end=\"175\"><span dir=\"auto\">Caratteristiche del prodotto:<\/span><\/strong><\/p>\n<ul data-start=\"176\" data-end=\"552\">\n<li class=\"\" data-start=\"176\" data-end=\"245\">\n<p class=\"\" data-start=\"178\" data-end=\"245\"><strong data-start=\"178\" data-end=\"222\"><span dir=\"auto\">100 % Efedrina cloridrato pura in polvere<\/span><\/strong><span dir=\"auto\">\u00a0, che garantisce la massima qualit\u00e0.<\/span><\/p>\n<\/li>\n<li class=\"\" data-start=\"246\" data-end=\"307\">\n<p class=\"\" data-start=\"248\" data-end=\"307\"><strong data-start=\"248\" data-end=\"278\"><span dir=\"auto\">Utilizzo sicuro ed efficace<\/span><\/strong><span dir=\"auto\">\u00a0, fornisce risultati affidabili.<\/span><\/p>\n<\/li>\n<li class=\"\" data-start=\"308\" data-end=\"395\">\n<p class=\"\" data-start=\"310\" data-end=\"395\"><strong data-start=\"310\" data-end=\"336\"><span dir=\"auto\">Pagamento sicuro con Bitcoin<\/span><\/strong><span dir=\"auto\">\u00a0e\u00a0<\/span><strong data-start=\"341\" data-end=\"362\"><span dir=\"auto\">Spedizione discreta<\/span><\/strong><span dir=\"auto\">\u00a0per un'esperienza senza soluzione di continuit\u00e0.<\/span><\/p>\n<\/li>\n<li class=\"\" data-start=\"396\" data-end=\"470\">\n<p class=\"\" data-start=\"398\" data-end=\"470\"><strong data-start=\"398\" data-end=\"425\"><span dir=\"auto\">Spedizione gratuita in tutto il mondo<\/span><\/strong><span dir=\"auto\">\u00a0con ogni ordine, in modo che possiate acquistare in tutta tranquillit\u00e0.<\/span><\/p>\n<\/li>\n<li class=\"\" data-start=\"471\" data-end=\"552\">\n<p class=\"\" data-start=\"53\" data-end=\"124\"><span dir=\"auto\">Confezioniamo sottovuoto e <a href=\"https:\/\/chemgramx.com\/product\/mushroom-tea-kaufen\/\">pacchetto<\/a> Ogni ordine viene gestito con discrezione per garantire l'assoluta riservatezza.<\/span><\/p>\n<p><span dir=\"auto\">Ulteriori informazioni sull'acquisto online, discreto\u00a0<a rel=\"noopener\" data-start=\"205\" data-end=\"282\">Spedizione\u00a0<\/a><\/span><strong data-start=\"122\" data-end=\"178\"><span dir=\"auto\">e le fonti di approvvigionamento globali<\/span><\/strong><span dir=\"auto\">\u00a0si possono trovare nel nostro blog. Rimanete informati su\u00a0<strong data-start=\"326\" data-end=\"340\">Tendenze attuali<\/strong>\u00a0nel settore e leggi il nostro articolo\u00a0<a rel=\"noopener\" data-start=\"368\" data-end=\"435\">\u201eNuove tendenze e futuro dell'efedrina\u201c.\u201c<\/a>\u00a0. Entrambe le fonti offrono informazioni preziose per orientarsi nel mercato in modo semplice e sicuro.<\/span><\/li>\n<\/ul>\n<h2 class=\"\" data-start=\"72\" data-end=\"120\"><span dir=\"auto\">Quali sono gli effetti collaterali dell'assunzione di efedrina?<\/span><\/h2>\n<p class=\"\" data-start=\"122\" data-end=\"446\"><span dir=\"auto\">L'assunzione\u00a0<\/span><strong data-start=\"128\" data-end=\"141\"><span dir=\"auto\">da Efedrina<\/span><\/strong><span dir=\"auto\">\u00a0pu\u00f2 causare effetti collaterali simili a quelli di altri stimolanti. Gli effetti collaterali pi\u00f9 comuni sono\u00a0<\/span><strong data-start=\"233\" data-end=\"255\"><span dir=\"auto\">Aumento dell'appetito<\/span><\/strong><span dir=\"auto\">\u00a0,\u00a0<\/span><strong data-start=\"257\" data-end=\"269\"><span dir=\"auto\">Insonnia<\/span><\/strong><span dir=\"auto\">\u00a0,\u00a0<\/span><strong data-start=\"271\" data-end=\"282\"><span dir=\"auto\">Ansia<\/span><\/strong><span dir=\"auto\">\u00a0,\u00a0<\/span><strong data-start=\"284\" data-end=\"300\"><span dir=\"auto\">Irritabilit\u00e0<\/span><\/strong><span dir=\"auto\">\u00a0,\u00a0<\/span><strong data-start=\"302\" data-end=\"318\"><span dir=\"auto\">Irrequietezza<\/span><\/strong><span dir=\"auto\">\u00a0e\u00a0<\/span><strong data-start=\"324\" data-end=\"343\"><span dir=\"auto\">Palpitazioni<\/span><\/strong><span dir=\"auto\">\u00a0. Prestare sempre attenzione alla reazione del corpo e interrompere l'assunzione del prodotto se si notano effetti collaterali.<\/span><\/p>\n<h2 class=\"\" data-start=\"448\" data-end=\"503\"><span dir=\"auto\">Perch\u00e9 dovrei usare l'efedrina invece delle droghe illegali?<\/span><\/h2>\n<p class=\"\" data-start=\"505\" data-end=\"857\"><span dir=\"auto\">L'assunzione\u00a0<\/span><strong data-start=\"511\" data-end=\"524\"><span dir=\"auto\">da Efedrina<\/span><\/strong><span dir=\"auto\">\u00a0invece di droghe illegali \u00e8 pi\u00f9 sicuro.\u00a0<\/span><strong data-start=\"573\" data-end=\"586\"><span dir=\"auto\">Efedrina<\/span><\/strong><span dir=\"auto\">\u00a0riduce il rischio di sovradosaggio di sostanze pericolose e non regolamentate. In caso di condizioni mediche preesistenti, consultare il proprio medico prima di assumere\u00a0<strong data-start=\"742\" data-end=\"755\">Efedrina\u00a0<\/strong><\/span><strong data-start=\"705\" data-end=\"728\"><span dir=\"auto\">Il vostro medico<\/span><\/strong><span dir=\"auto\">\u00a0. \u00c8 possibile\u00a0<strong data-start=\"765\" data-end=\"803\">Efedrina cloridrato in polvere<\/strong>\u00a0da fonti affidabili per garantire qualit\u00e0 e sicurezza ottimali.<\/span><\/p>\n<h2 class=\"\" data-start=\"51\" data-end=\"83\"><span dir=\"auto\">L'efedrina \u00e8 legale in Canada?<\/span><\/h2>\n<p class=\"\" data-start=\"85\" data-end=\"348\"><span dir=\"auto\">S\u00ec,\u00a0<\/span><strong data-start=\"90\" data-end=\"103\"><span dir=\"auto\">L'efedrina \u00e8 legale in Canada. Le persone affette da patologie come\u00a0<\/span><\/strong><strong data-start=\"161\" data-end=\"177\"><span dir=\"auto\">Pressione sanguigna elevata<\/span><\/strong><span dir=\"auto\">\u00a0,\u00a0<\/span><strong data-start=\"179\" data-end=\"196\"><span dir=\"auto\">Malattie cardiache<\/span><\/strong><span dir=\"auto\">\u00a0,\u00a0<\/span><strong data-start=\"198\" data-end=\"210\"><span dir=\"auto\">Diabete<\/span><\/strong><span dir=\"auto\">\u00a0,\u00a0<\/span><strong data-start=\"212\" data-end=\"226\"><span dir=\"auto\">Depressione<\/span><\/strong><span dir=\"auto\">\u00a0o altre malattie gravi, tuttavia, dovrebbero astenersi dall'assumerlo. Prima di assumerlo, consultare sempre un medico.<\/span><\/p>","protected":false},"excerpt":{"rendered":"<p><span dir=\"auto\">Scoprite la qualit\u00e0 premium di\u00a0<\/span><strong data-start=\"338\" data-end=\"372\"><span dir=\"auto\">Efedrina cloridrato in polvere<\/span><\/strong><span dir=\"auto\">\u00a0, comprovata per la ricerca, la sintesi chimica e i progetti speciali. Questa polvere ultrafine di grado farmaceutico offre una purezza di \u226599 % ed \u00e8 perfetta per l'uso professionale e di laboratorio.<\/span><br \/>\n<span dir=\"auto\">L'efedrina HCL \u00e8 una sostanza naturale della famiglia delle piante di efedra. L'efedrina \u00e8 ampiamente conosciuta per il suo utilizzo negli integratori per la perdita di peso e nelle pillole dimagranti. \u00c8 anche comunemente usata per trattare l'asma e la bronchite. \u00c8 uno stimolante del sistema nervoso centrale che aumenta la pressione sanguigna e la frequenza cardiaca, inducendo l'organismo a bruciare pi\u00f9 velocemente le calorie. L'efedrina \u00e8 spesso venduta con i nomi commerciali di Methedrine, Methandral, Methedrine-D e Methedrine-M.<\/span><\/p>","protected":false},"featured_media":6832,"comment_status":"open","ping_status":"closed","template":"","meta":{"_joinchat":[]},"product_brand":[],"product_cat":[3194],"product_tag":[],"class_list":{"0":"post-6814","1":"product","2":"type-product","3":"status-publish","4":"has-post-thumbnail","6":"product_cat-crystal-meth","8":"first","9":"instock","10":"shipping-taxable","11":"purchasable","12":"product-type-variable"},"yoast_head":"<!-- This site is optimized with the Yoast SEO plugin v27.5 - https:\/\/yoast.com\/product\/yoast-seo-wordpress\/ -->\n<title>Kaufen Sie Ephedrinhydrochlorid-Pulver online - Chemgramx<\/title>\n<meta name=\"description\" content=\"Erfahren Sie mehr \u00fcber Ephedrinhydrochlorid-Pulver, seine Anwendung, Wirkung und Nebenwirkungen. Kaufen Sie hochwertiges Ephedrin online mit sicheren, diskreten Zahlungsoptionen.\" \/>\n<meta name=\"robots\" content=\"index, follow, max-snippet:-1, max-image-preview:large, max-video-preview:-1\" \/>\n<link rel=\"canonical\" href=\"https:\/\/chemgramx.com\/it\/prodotto-1\/efedrina-cloridrato-in-polvere\/\" \/>\n<meta property=\"og:locale\" content=\"it_IT\" \/>\n<meta property=\"og:type\" content=\"article\" \/>\n<meta property=\"og:title\" content=\"Kaufen Sie Ephedrinhydrochlorid-Pulver online - Chemgramx\" \/>\n<meta property=\"og:description\" content=\"Erfahren Sie mehr \u00fcber Ephedrinhydrochlorid-Pulver, seine Anwendung, Wirkung und Nebenwirkungen. Kaufen Sie hochwertiges Ephedrin online mit sicheren, diskreten Zahlungsoptionen.\" \/>\n<meta property=\"og:url\" content=\"https:\/\/chemgramx.com\/it\/prodotto-1\/efedrina-cloridrato-in-polvere\/\" \/>\n<meta property=\"og:site_name\" content=\"Chemgramx\" \/>\n<meta property=\"article:modified_time\" content=\"2025-11-21T11:09:51+00:00\" \/>\n<meta property=\"og:image\" content=\"https:\/\/chemgramx.com\/wp-content\/uploads\/2025\/11\/buy-ephedrine-hydrochloride-powder-online-at-hazy-puff-depot.png\" \/>\n\t<meta property=\"og:image:width\" content=\"300\" \/>\n\t<meta property=\"og:image:height\" content=\"300\" \/>\n\t<meta property=\"og:image:type\" content=\"image\/png\" \/>\n<meta name=\"twitter:card\" content=\"summary_large_image\" \/>\n<meta name=\"twitter:label1\" content=\"Tempo di lettura stimato\" \/>\n\t<meta name=\"twitter:data1\" content=\"3 minuti\" \/>\n<script type=\"application\/ld+json\" class=\"yoast-schema-graph\">{\"@context\":\"https:\\\/\\\/schema.org\",\"@graph\":[{\"@type\":\"WebPage\",\"@id\":\"https:\\\/\\\/chemgramx.com\\\/product\\\/ephedrine-hydrochloride-powder\\\/\",\"url\":\"https:\\\/\\\/chemgramx.com\\\/product\\\/ephedrine-hydrochloride-powder\\\/\",\"name\":\"Kaufen Sie Ephedrinhydrochlorid-Pulver online - Chemgramx\",\"isPartOf\":{\"@id\":\"https:\\\/\\\/chemgramx.com\\\/#website\"},\"primaryImageOfPage\":{\"@id\":\"https:\\\/\\\/chemgramx.com\\\/product\\\/ephedrine-hydrochloride-powder\\\/#primaryimage\"},\"image\":{\"@id\":\"https:\\\/\\\/chemgramx.com\\\/product\\\/ephedrine-hydrochloride-powder\\\/#primaryimage\"},\"thumbnailUrl\":\"https:\\\/\\\/chemgramx.com\\\/wp-content\\\/uploads\\\/2025\\\/11\\\/buy-ephedrine-hydrochloride-powder-online-at-hazy-puff-depot.png\",\"datePublished\":\"2025-11-21T11:09:30+00:00\",\"dateModified\":\"2025-11-21T11:09:51+00:00\",\"description\":\"Erfahren Sie mehr \u00fcber Ephedrinhydrochlorid-Pulver, seine Anwendung, Wirkung und Nebenwirkungen. Kaufen Sie hochwertiges Ephedrin online mit sicheren, diskreten Zahlungsoptionen.\",\"breadcrumb\":{\"@id\":\"https:\\\/\\\/chemgramx.com\\\/product\\\/ephedrine-hydrochloride-powder\\\/#breadcrumb\"},\"inLanguage\":\"it-IT\",\"potentialAction\":[{\"@type\":\"ReadAction\",\"target\":[\"https:\\\/\\\/chemgramx.com\\\/product\\\/ephedrine-hydrochloride-powder\\\/\"]}]},{\"@type\":\"ImageObject\",\"inLanguage\":\"it-IT\",\"@id\":\"https:\\\/\\\/chemgramx.com\\\/product\\\/ephedrine-hydrochloride-powder\\\/#primaryimage\",\"url\":\"https:\\\/\\\/chemgramx.com\\\/wp-content\\\/uploads\\\/2025\\\/11\\\/buy-ephedrine-hydrochloride-powder-online-at-hazy-puff-depot.png\",\"contentUrl\":\"https:\\\/\\\/chemgramx.com\\\/wp-content\\\/uploads\\\/2025\\\/11\\\/buy-ephedrine-hydrochloride-powder-online-at-hazy-puff-depot.png\",\"width\":300,\"height\":300},{\"@type\":\"BreadcrumbList\",\"@id\":\"https:\\\/\\\/chemgramx.com\\\/product\\\/ephedrine-hydrochloride-powder\\\/#breadcrumb\",\"itemListElement\":[{\"@type\":\"ListItem\",\"position\":1,\"name\":\"Home\",\"item\":\"https:\\\/\\\/chemgramx.com\\\/\"},{\"@type\":\"ListItem\",\"position\":2,\"name\":\"Shop\",\"item\":\"https:\\\/\\\/chemgramx.com\\\/shop\\\/\"},{\"@type\":\"ListItem\",\"position\":3,\"name\":\"Ephedrine Hydrochloride Powder\"}]},{\"@type\":\"WebSite\",\"@id\":\"https:\\\/\\\/chemgramx.com\\\/#website\",\"url\":\"https:\\\/\\\/chemgramx.com\\\/\",\"name\":\"Chemgramx\",\"description\":\"\",\"publisher\":{\"@id\":\"https:\\\/\\\/chemgramx.com\\\/#organization\"},\"potentialAction\":[{\"@type\":\"SearchAction\",\"target\":{\"@type\":\"EntryPoint\",\"urlTemplate\":\"https:\\\/\\\/chemgramx.com\\\/?s={search_term_string}\"},\"query-input\":{\"@type\":\"PropertyValueSpecification\",\"valueRequired\":true,\"valueName\":\"search_term_string\"}}],\"inLanguage\":\"it-IT\"},{\"@type\":\"Organization\",\"@id\":\"https:\\\/\\\/chemgramx.com\\\/#organization\",\"name\":\"Chemgramx\",\"url\":\"https:\\\/\\\/chemgramx.com\\\/\",\"logo\":{\"@type\":\"ImageObject\",\"inLanguage\":\"it-IT\",\"@id\":\"https:\\\/\\\/chemgramx.com\\\/#\\\/schema\\\/logo\\\/image\\\/\",\"url\":\"https:\\\/\\\/chemgramx.com\\\/wp-content\\\/uploads\\\/2024\\\/10\\\/final-logo.png\",\"contentUrl\":\"https:\\\/\\\/chemgramx.com\\\/wp-content\\\/uploads\\\/2024\\\/10\\\/final-logo.png\",\"width\":250,\"height\":48,\"caption\":\"Chemgramx\"},\"image\":{\"@id\":\"https:\\\/\\\/chemgramx.com\\\/#\\\/schema\\\/logo\\\/image\\\/\"}}]}<\/script>\n<!-- \/ Yoast SEO plugin. -->","yoast_head_json":{"title":"Acquistare polvere di cloridrato di efedrina online - Chemgramx","description":"Scoprite di pi\u00f9 sull'efedrina cloridrato in polvere, i suoi usi, gli effetti e gli effetti collaterali. Acquistate efedrina di alta qualit\u00e0 online con opzioni di pagamento sicure e discrete.","robots":{"index":"index","follow":"follow","max-snippet":"max-snippet:-1","max-image-preview":"max-image-preview:large","max-video-preview":"max-video-preview:-1"},"canonical":"https:\/\/chemgramx.com\/it\/prodotto-1\/efedrina-cloridrato-in-polvere\/","og_locale":"it_IT","og_type":"article","og_title":"Kaufen Sie Ephedrinhydrochlorid-Pulver online - Chemgramx","og_description":"Erfahren Sie mehr \u00fcber Ephedrinhydrochlorid-Pulver, seine Anwendung, Wirkung und Nebenwirkungen. Kaufen Sie hochwertiges Ephedrin online mit sicheren, diskreten Zahlungsoptionen.","og_url":"https:\/\/chemgramx.com\/it\/prodotto-1\/efedrina-cloridrato-in-polvere\/","og_site_name":"Chemgramx","article_modified_time":"2025-11-21T11:09:51+00:00","og_image":[{"width":300,"height":300,"url":"https:\/\/chemgramx.com\/wp-content\/uploads\/2025\/11\/buy-ephedrine-hydrochloride-powder-online-at-hazy-puff-depot.png","type":"image\/png"}],"twitter_card":"summary_large_image","twitter_misc":{"Tempo di lettura stimato":"3 minuti"},"schema":{"@context":"https:\/\/schema.org","@graph":[{"@type":"WebPage","@id":"https:\/\/chemgramx.com\/product\/ephedrine-hydrochloride-powder\/","url":"https:\/\/chemgramx.com\/product\/ephedrine-hydrochloride-powder\/","name":"Acquistare polvere di cloridrato di efedrina online - Chemgramx","isPartOf":{"@id":"https:\/\/chemgramx.com\/#website"},"primaryImageOfPage":{"@id":"https:\/\/chemgramx.com\/product\/ephedrine-hydrochloride-powder\/#primaryimage"},"image":{"@id":"https:\/\/chemgramx.com\/product\/ephedrine-hydrochloride-powder\/#primaryimage"},"thumbnailUrl":"https:\/\/chemgramx.com\/wp-content\/uploads\/2025\/11\/buy-ephedrine-hydrochloride-powder-online-at-hazy-puff-depot.png","datePublished":"2025-11-21T11:09:30+00:00","dateModified":"2025-11-21T11:09:51+00:00","description":"Scoprite di pi\u00f9 sull'efedrina cloridrato in polvere, i suoi usi, gli effetti e gli effetti collaterali. Acquistate efedrina di alta qualit\u00e0 online con opzioni di pagamento sicure e discrete.","breadcrumb":{"@id":"https:\/\/chemgramx.com\/product\/ephedrine-hydrochloride-powder\/#breadcrumb"},"inLanguage":"it-IT","potentialAction":[{"@type":"ReadAction","target":["https:\/\/chemgramx.com\/product\/ephedrine-hydrochloride-powder\/"]}]},{"@type":"ImageObject","inLanguage":"it-IT","@id":"https:\/\/chemgramx.com\/product\/ephedrine-hydrochloride-powder\/#primaryimage","url":"https:\/\/chemgramx.com\/wp-content\/uploads\/2025\/11\/buy-ephedrine-hydrochloride-powder-online-at-hazy-puff-depot.png","contentUrl":"https:\/\/chemgramx.com\/wp-content\/uploads\/2025\/11\/buy-ephedrine-hydrochloride-powder-online-at-hazy-puff-depot.png","width":300,"height":300},{"@type":"BreadcrumbList","@id":"https:\/\/chemgramx.com\/product\/ephedrine-hydrochloride-powder\/#breadcrumb","itemListElement":[{"@type":"ListItem","position":1,"name":"Home","item":"https:\/\/chemgramx.com\/"},{"@type":"ListItem","position":2,"name":"Shop","item":"https:\/\/chemgramx.com\/shop\/"},{"@type":"ListItem","position":3,"name":"Ephedrine Hydrochloride Powder"}]},{"@type":"WebSite","@id":"https:\/\/chemgramx.com\/#website","url":"https:\/\/chemgramx.com\/","name":"Chemgramx","description":"","publisher":{"@id":"https:\/\/chemgramx.com\/#organization"},"potentialAction":[{"@type":"SearchAction","target":{"@type":"EntryPoint","urlTemplate":"https:\/\/chemgramx.com\/?s={search_term_string}"},"query-input":{"@type":"PropertyValueSpecification","valueRequired":true,"valueName":"search_term_string"}}],"inLanguage":"it-IT"},{"@type":"Organization","@id":"https:\/\/chemgramx.com\/#organization","name":"Chemgramx","url":"https:\/\/chemgramx.com\/","logo":{"@type":"ImageObject","inLanguage":"it-IT","@id":"https:\/\/chemgramx.com\/#\/schema\/logo\/image\/","url":"https:\/\/chemgramx.com\/wp-content\/uploads\/2024\/10\/final-logo.png","contentUrl":"https:\/\/chemgramx.com\/wp-content\/uploads\/2024\/10\/final-logo.png","width":250,"height":48,"caption":"Chemgramx"},"image":{"@id":"https:\/\/chemgramx.com\/#\/schema\/logo\/image\/"}}]}},"_links":{"self":[{"href":"https:\/\/chemgramx.com\/it\/wp-json\/wp\/v2\/product\/6814","targetHints":{"allow":["GET"]}}],"collection":[{"href":"https:\/\/chemgramx.com\/it\/wp-json\/wp\/v2\/product"}],"about":[{"href":"https:\/\/chemgramx.com\/it\/wp-json\/wp\/v2\/types\/product"}],"replies":[{"embeddable":true,"href":"https:\/\/chemgramx.com\/it\/wp-json\/wp\/v2\/comments?post=6814"}],"wp:featuredmedia":[{"embeddable":true,"href":"https:\/\/chemgramx.com\/it\/wp-json\/wp\/v2\/media\/6832"}],"wp:attachment":[{"href":"https:\/\/chemgramx.com\/it\/wp-json\/wp\/v2\/media?parent=6814"}],"wp:term":[{"taxonomy":"product_brand","embeddable":true,"href":"https:\/\/chemgramx.com\/it\/wp-json\/wp\/v2\/product_brand?post=6814"},{"taxonomy":"product_cat","embeddable":true,"href":"https:\/\/chemgramx.com\/it\/wp-json\/wp\/v2\/product_cat?post=6814"},{"taxonomy":"product_tag","embeddable":true,"href":"https:\/\/chemgramx.com\/it\/wp-json\/wp\/v2\/product_tag?post=6814"}],"curies":[{"name":"wp","href":"https:\/\/api.w.org\/{rel}","templated":true}]}}