{"id":6815,"date":"2025-11-21T11:09:30","date_gmt":"2025-11-21T11:09:30","guid":{"rendered":"https:\/\/chemgramx.com\/?post_type=product&#038;p=6815"},"modified":"2025-11-21T11:09:51","modified_gmt":"2025-11-21T11:09:51","slug":"comprare-metanfetamina","status":"publish","type":"product","link":"https:\/\/chemgramx.com\/it\/product\/crystal-meth-kaufen\/","title":{"rendered":"Comprare cristalli di metanfetamina"},"content":{"rendered":"<p data-start=\"0\" data-end=\"341\"><span dir=\"auto\">Quando viene consumata, la metanfetamina pu\u00f2 provocare un'intensa euforia, un aumento dell'energia, della vigilanza e una sensazione di invincibilit\u00e0. Tuttavia, questi effetti sono di breve durata e comportano gravi rischi. L'uso ripetuto pu\u00f2 portare, nel tempo, a gravi problemi di salute fisica e mentale, tra cui Acquistare cristalli di metanfetamina a buon mercato online<\/span><\/p>\n<p><span dir=\"auto\">Dipendenza: la metanfetamina crea una forte dipendenza e fa s\u00ec che i consumatori sviluppino una tolleranza e una dipendenza dalla droga.<\/span><\/p>\n<p><span dir=\"auto\">Problemi di salute mentale: Ansia, paranoia, allucinazioni, comportamenti violenti e psicosi sono comuni tra i consumatori.<\/span><\/p>\n<p><span dir=\"auto\">Problemi di salute fisica: Questi includono gravi problemi dentali (spesso definiti \u201ebocca da metanfetamina\u201c), perdita di peso, ulcere cutanee, problemi cardiaci e persino danni cerebrali.<\/span><\/p>\n<p><span dir=\"auto\">Rischio di overdose: le overdose sono comuni e possono portare alla morte per infarto, ictus o insufficienza respiratoria. Acquistare cristalli di metanfetamina online<\/span><\/p>\n<p><span dir=\"auto\">L'uso prolungato pu\u00f2 anche portare al declino cognitivo, rendendo difficile per le persone colpite pensare chiaramente o prendere decisioni razionali.<\/span><\/p>\n<p>&nbsp;<\/p>\n<p><span dir=\"auto\">Se voi o qualcuno che conoscete sta lottando con una dipendenza da metanfetamina o da un'altra sostanza, \u00e8 importante cercare un aiuto professionale per il recupero e le opzioni di trattamento. Acquistare crystal meth online in Australia<\/span><\/p>\n<h2 data-start=\"1273\" data-end=\"1446\"><strong><span dir=\"auto\">Effetti collaterali della metanfetamina<\/span><\/strong><\/h2>\n<h2><strong><span dir=\"auto\">Fisico<\/span><\/strong><\/h2>\n<h2><strong><span dir=\"auto\">Sistema cardiovascolare<\/span><\/strong><\/h2>\n<p><span dir=\"auto\">La metanfetamina \u00e8 un simpaticomimetico che provoca vasocostrizione e tachicardia. La metanfetamina favorisce anche battiti cardiaci anomali e aritmie cardiache, alcune delle quali possono essere pericolose per la vita. Acquistate la metanfetamina in confezione discreta.<\/span><\/p>\n<h2><strong><span dir=\"auto\">Altri effetti fisici del\u00a0<\/span><\/strong><strong><span dir=\"auto\">Acquisto online di cristalli di metanfetamina<\/span><\/strong><\/h2>\n<p>&nbsp;<\/p>\n<p><span dir=\"auto\">La metanfetamina pu\u00f2 causare gravi effetti collaterali, tra cui perdita di appetito, iperattivit\u00e0, pupille dilatate, pelle arrossata, sudorazione eccessiva, secchezza della bocca, digrignamento dei denti (bocca da metanfetamina), mal di testa, respirazione rapida e temperatura corporea elevata. L'uso prolungato pu\u00f2 causare irritazione della pelle, acne e pallore. L'uso di metanfetamina \u00e8 stato collegato a malattie legate all'et\u00e0, come l'arteriosclerosi coronarica e la fibrosi polmonare, spesso dovute all'aumento della formazione di ceramide. Visita\u00a0<\/span><span dir=\"auto\">Acquistare cristalli di metanfetamina online nel Regno Unito<\/span><span dir=\"auto\">\u00a0.<\/span><\/p>\n<h2 data-start=\"77\" data-end=\"118\"><strong data-start=\"77\" data-end=\"118\"><span dir=\"auto\">La metanfetamina e i suoi effetti sulla salute<\/span><\/strong><\/h2>\n<p class=\"\" data-start=\"120\" data-end=\"533\"><span dir=\"auto\">Ulteriori informazioni su\u00a0<\/span><span dir=\"auto\">Acquisti online, spedizioni discrete, fonti di approvvigionamento globali e nuove tendenze<\/span><span dir=\"auto\">\u00a0si possono trovare anche nei nostri blog\u00a0<\/span><strong data-start=\"118\" data-end=\"147\"><span dir=\"auto\">sui rischi per la salute della metanfetamina<\/span><\/strong><span dir=\"auto\">\u00a0e\u00a0<\/span><strong data-start=\"152\" data-end=\"181\"><span dir=\"auto\">Dipendenza da metamfetamina<\/span><\/strong><span dir=\"auto\">\u00a0. Per essere sempre aggiornati sulle nuove tendenze e opzioni di trattamento, leggete i nostri articoli.\u00a0<\/span><strong data-start=\"253\" data-end=\"283\"><span dir=\"auto\">per il recupero dalla metanfetamina<\/span><\/strong><span dir=\"auto\">\u00a0e\u00a0<\/span><strong data-start=\"288\" data-end=\"331\"><span dir=\"auto\">sul futuro del trattamento della metamfetamina<\/span><\/strong><span dir=\"auto\">\u00a0.<\/span><\/p>\n<h2><strong><span dir=\"auto\">Cristalli di metanfetamina, salute dentale e orale (\u201ebocca da metanfetamina\u201c)<\/span><\/strong><\/h2>\n<p><span dir=\"auto\">Articolo principale: Bocca di metanfetamina<\/span><\/p>\n<p><span dir=\"auto\">L'uso massiccio di cristalli di metanfetamina pu\u00f2 portare a\u00a0<\/span><strong data-start=\"33\" data-end=\"47\"><span dir=\"auto\">Bocca di metanfetamina<\/span><\/strong><span dir=\"auto\">\u00a0una malattia che porta a un rapido decadimento dei denti, in particolare nei consumatori di droghe per via endovenosa. Il\u00a0<\/span><strong data-start=\"139\" data-end=\"170\"><span dir=\"auto\">Associazione dentale americana<\/span><\/strong><span dir=\"auto\">\u00a0attribuisce questo fenomeno a secchezza delle fauci, scarsa igiene orale, digrignamento dei denti e consumo di bevande zuccherate. Sebbene la secchezza della bocca sia comune anche con altri stimolanti, i ricercatori ritengono che\u00a0<\/span><strong data-start=\"333\" data-end=\"347\"><span dir=\"auto\">Bocca di metanfetamina<\/span><\/strong><span dir=\"auto\">\u00a0\u00e8 dovuto allo stile di vita piuttosto che al farmaco stesso.\u00a0<\/span><span dir=\"auto\">Comprare metanfetamina negli Stati Uniti.<\/span><\/p>\n<h2><strong><span dir=\"auto\">Dove si pu\u00f2 acquistare la metanfetamina online?<\/span><\/strong><\/h2>\n<p><span dir=\"auto\">Comprare cristalli di metanfetamina\u00a0<\/span><strong><span dir=\"auto\">online\u00a0<\/span><\/strong><span dir=\"auto\">. A dosi medio-basse, la metanfetamina pu\u00f2 elevare l'umore, aumentare la vigilanza, la concentrazione e l'energia nelle persone stanche, ridurre l'appetito e favorire la perdita di peso. In dosi molto elevate, pu\u00f2 causare psicosi, deperimento muscolare, convulsioni ed emorragie cerebrali. Metanfetamina in polvere in vendita in Australia<\/span><\/p>\n<p><span dir=\"auto\">In secondo luogo, l'uso cronico di dosi elevate pu\u00f2 portare a imprevedibili e rapidi sbalzi d'umore, psicosi da stimolanti (ad esempio paranoia, allucinazioni, delirio e manie) e comportamenti violenti.<\/span><\/p>\n<p><span dir=\"auto\">Durante il tempo libero, \u00e8 stato riportato che <a href=\"https:\/\/chemgramx.com\/product\/diplomat-hash-online-kaufen\/\">Metanfetamina<\/a> aumenta l'energia, eleva l'umore e aumenta il desiderio sessuale a tal punto che gli utenti possono essere sessualmente attivi per diversi giorni senza interruzioni mentre sono fatti. Dove si pu\u00f2\u00a0<\/span><span dir=\"auto\">Comprare metanfetamina online?<\/span><\/p>\n<p class=\"\" data-start=\"134\" data-end=\"233\"><span dir=\"auto\">In terzo luogo, la metanfetamina ha un elevato potenziale di dipendenza, che pu\u00f2 avere diverse conseguenze:<\/span><\/p>\n<ul data-start=\"235\" data-end=\"383\">\n<li class=\"\" data-start=\"235\" data-end=\"301\">\n<p class=\"\" data-start=\"237\" data-end=\"301\"><span dir=\"auto\">Il consumo a lungo termine o ad alte dosi porta spesso a un uso compulsivo della droga.<\/span><\/p>\n<\/li>\n<li class=\"\" data-start=\"302\" data-end=\"383\">\n<p class=\"\" data-start=\"304\" data-end=\"383\"><span dir=\"auto\">Esiste un elevato potenziale di dipendenza e si verificano sintomi di astinenza quando si interrompe l'assunzione.<\/span><\/p>\n<\/li>\n<\/ul>\n<p class=\"\" data-start=\"385\" data-end=\"461\"><span dir=\"auto\">Di conseguenza, le persone colpite possono andare incontro a gravi conseguenze fisiche e psicologiche.\u00a0<\/span><span dir=\"auto\">Acquistare metanfetamine in Europa<\/span><\/p>\n<p><span dir=\"auto\">L'astinenza da metanfetamina dopo un uso massiccio pu\u00f2 portare a una sindrome da astinenza post-acuta che pu\u00f2 durare per mesi oltre il tipico periodo di astinenza. \u00c8 correlata alle altre dimetilfenetilamine come isomero posizionale di questi composti.<\/span><\/p>","protected":false},"excerpt":{"rendered":"<div class=\"elementor-element elementor-element-1b3031f3 elementor-widget elementor-widget-woocommerce-product-etheme_title elementor-page-title elementor-widget-heading\" data-id=\"1b3031f3\" data-element_type=\"widget\" data-widget_type=\"woocommerce-product-etheme_title.default\">\n<div class=\"elementor-widget-container\">\n<h1 class=\"product_title entry-title elementor-heading-title elementor-size-default\"><span dir=\"auto\">Acquistare cristalli di metanfetamina online<\/span><\/h1>\n<\/div>\n<\/div>\n<div class=\"elementor-element elementor-element-58724f21 elementor-widget elementor-widget-woocommerce-product-etheme_short_description\" data-id=\"58724f21\" data-element_type=\"widget\" data-widget_type=\"woocommerce-product-etheme_short_description.default\">\n<div class=\"elementor-widget-container\">\n<div class=\"woocommerce-product-details__short-description\">\n<p><span dir=\"auto\">La metanfetamina, abbreviazione di crystal methamphetamine, \u00e8 uno stimolante potente e altamente coinvolgente. Si presenta sotto forma di cristalli trasparenti o pietre bianco-bluastre e viene solitamente fumata, sniffata, iniettata o ingerita. Agisce sul cervello e sul corpo aumentando i livelli di dopamina, un neurotrasmettitore responsabile del piacere e della ricompensa. Acquistare cristalli di metanfetamina online<\/span><\/p>\n<\/div>\n<\/div>\n<\/div>","protected":false},"featured_media":6833,"comment_status":"open","ping_status":"closed","template":"","meta":{"_joinchat":[]},"product_brand":[],"product_cat":[3194],"product_tag":[],"class_list":{"0":"post-6815","1":"product","2":"type-product","3":"status-publish","4":"has-post-thumbnail","6":"product_cat-crystal-meth","8":"first","9":"instock","10":"shipping-taxable","11":"purchasable","12":"product-type-variable"},"yoast_head":"<!-- This site is optimized with the Yoast SEO plugin v27.5 - https:\/\/yoast.com\/product\/yoast-seo-wordpress\/ -->\n<title>Kaufen Sie Crystal Meth online. Beste Qualit\u00e4t zum besten Preis<\/title>\n<meta name=\"description\" content=\"Kaufen Sie Crystal Meth online bei Hazy Puff Depot. Genie\u00dfen Sie sichere Bitcoin-Zahlung und anonymen, diskreten Versand zum Schutz Ihrer Vertraulichkeit.\" \/>\n<meta name=\"robots\" content=\"index, follow, max-snippet:-1, max-image-preview:large, max-video-preview:-1\" \/>\n<link rel=\"canonical\" href=\"https:\/\/chemgramx.com\/it\/prodotto-1\/comprare-metanfetamina\/\" \/>\n<meta property=\"og:locale\" content=\"it_IT\" \/>\n<meta property=\"og:type\" content=\"article\" \/>\n<meta property=\"og:title\" content=\"Kaufen Sie Crystal Meth online. Beste Qualit\u00e4t zum besten Preis\" \/>\n<meta property=\"og:description\" content=\"Kaufen Sie Crystal Meth online bei Hazy Puff Depot. Genie\u00dfen Sie sichere Bitcoin-Zahlung und anonymen, diskreten Versand zum Schutz Ihrer Vertraulichkeit.\" \/>\n<meta property=\"og:url\" content=\"https:\/\/chemgramx.com\/it\/prodotto-1\/comprare-metanfetamina\/\" \/>\n<meta property=\"og:site_name\" content=\"Chemgramx\" \/>\n<meta property=\"article:modified_time\" content=\"2025-11-21T11:09:51+00:00\" \/>\n<meta property=\"og:image\" content=\"https:\/\/chemgramx.com\/wp-content\/uploads\/2025\/11\/buy-crystal-meth-online-best-quality-at-the-best-price.jpg\" \/>\n\t<meta property=\"og:image:width\" content=\"300\" \/>\n\t<meta property=\"og:image:height\" content=\"300\" \/>\n\t<meta property=\"og:image:type\" content=\"image\/jpeg\" \/>\n<meta name=\"twitter:card\" content=\"summary_large_image\" \/>\n<meta name=\"twitter:label1\" content=\"Tempo di lettura stimato\" \/>\n\t<meta name=\"twitter:data1\" content=\"3 minuti\" \/>\n<script type=\"application\/ld+json\" class=\"yoast-schema-graph\">{\"@context\":\"https:\\\/\\\/schema.org\",\"@graph\":[{\"@type\":\"WebPage\",\"@id\":\"https:\\\/\\\/chemgramx.com\\\/product\\\/crystal-meth-kaufen\\\/\",\"url\":\"https:\\\/\\\/chemgramx.com\\\/product\\\/crystal-meth-kaufen\\\/\",\"name\":\"Kaufen Sie Crystal Meth online. Beste Qualit\u00e4t zum besten Preis\",\"isPartOf\":{\"@id\":\"https:\\\/\\\/chemgramx.com\\\/#website\"},\"primaryImageOfPage\":{\"@id\":\"https:\\\/\\\/chemgramx.com\\\/product\\\/crystal-meth-kaufen\\\/#primaryimage\"},\"image\":{\"@id\":\"https:\\\/\\\/chemgramx.com\\\/product\\\/crystal-meth-kaufen\\\/#primaryimage\"},\"thumbnailUrl\":\"https:\\\/\\\/chemgramx.com\\\/wp-content\\\/uploads\\\/2025\\\/11\\\/buy-crystal-meth-online-best-quality-at-the-best-price.jpg\",\"datePublished\":\"2025-11-21T11:09:30+00:00\",\"dateModified\":\"2025-11-21T11:09:51+00:00\",\"description\":\"Kaufen Sie Crystal Meth online bei Hazy Puff Depot. Genie\u00dfen Sie sichere Bitcoin-Zahlung und anonymen, diskreten Versand zum Schutz Ihrer Vertraulichkeit.\",\"breadcrumb\":{\"@id\":\"https:\\\/\\\/chemgramx.com\\\/product\\\/crystal-meth-kaufen\\\/#breadcrumb\"},\"inLanguage\":\"it-IT\",\"potentialAction\":[{\"@type\":\"ReadAction\",\"target\":[\"https:\\\/\\\/chemgramx.com\\\/product\\\/crystal-meth-kaufen\\\/\"]}]},{\"@type\":\"ImageObject\",\"inLanguage\":\"it-IT\",\"@id\":\"https:\\\/\\\/chemgramx.com\\\/product\\\/crystal-meth-kaufen\\\/#primaryimage\",\"url\":\"https:\\\/\\\/chemgramx.com\\\/wp-content\\\/uploads\\\/2025\\\/11\\\/buy-crystal-meth-online-best-quality-at-the-best-price.jpg\",\"contentUrl\":\"https:\\\/\\\/chemgramx.com\\\/wp-content\\\/uploads\\\/2025\\\/11\\\/buy-crystal-meth-online-best-quality-at-the-best-price.jpg\",\"width\":300,\"height\":300},{\"@type\":\"BreadcrumbList\",\"@id\":\"https:\\\/\\\/chemgramx.com\\\/product\\\/crystal-meth-kaufen\\\/#breadcrumb\",\"itemListElement\":[{\"@type\":\"ListItem\",\"position\":1,\"name\":\"Home\",\"item\":\"https:\\\/\\\/chemgramx.com\\\/\"},{\"@type\":\"ListItem\",\"position\":2,\"name\":\"Shop\",\"item\":\"https:\\\/\\\/chemgramx.com\\\/shop\\\/\"},{\"@type\":\"ListItem\",\"position\":3,\"name\":\"Crystal Meth kaufen\"}]},{\"@type\":\"WebSite\",\"@id\":\"https:\\\/\\\/chemgramx.com\\\/#website\",\"url\":\"https:\\\/\\\/chemgramx.com\\\/\",\"name\":\"Chemgramx\",\"description\":\"\",\"publisher\":{\"@id\":\"https:\\\/\\\/chemgramx.com\\\/#organization\"},\"potentialAction\":[{\"@type\":\"SearchAction\",\"target\":{\"@type\":\"EntryPoint\",\"urlTemplate\":\"https:\\\/\\\/chemgramx.com\\\/?s={search_term_string}\"},\"query-input\":{\"@type\":\"PropertyValueSpecification\",\"valueRequired\":true,\"valueName\":\"search_term_string\"}}],\"inLanguage\":\"it-IT\"},{\"@type\":\"Organization\",\"@id\":\"https:\\\/\\\/chemgramx.com\\\/#organization\",\"name\":\"Chemgramx\",\"url\":\"https:\\\/\\\/chemgramx.com\\\/\",\"logo\":{\"@type\":\"ImageObject\",\"inLanguage\":\"it-IT\",\"@id\":\"https:\\\/\\\/chemgramx.com\\\/#\\\/schema\\\/logo\\\/image\\\/\",\"url\":\"https:\\\/\\\/chemgramx.com\\\/wp-content\\\/uploads\\\/2024\\\/10\\\/final-logo.png\",\"contentUrl\":\"https:\\\/\\\/chemgramx.com\\\/wp-content\\\/uploads\\\/2024\\\/10\\\/final-logo.png\",\"width\":250,\"height\":48,\"caption\":\"Chemgramx\"},\"image\":{\"@id\":\"https:\\\/\\\/chemgramx.com\\\/#\\\/schema\\\/logo\\\/image\\\/\"}}]}<\/script>\n<!-- \/ Yoast SEO plugin. -->","yoast_head_json":{"title":"Acquistare metanfetamina online. La migliore qualit\u00e0 al miglior prezzo","description":"Acquista metanfetamina online su Hazy Puff Depot. Godetevi il pagamento sicuro in Bitcoin e la spedizione anonima e discreta per proteggere la vostra riservatezza.","robots":{"index":"index","follow":"follow","max-snippet":"max-snippet:-1","max-image-preview":"max-image-preview:large","max-video-preview":"max-video-preview:-1"},"canonical":"https:\/\/chemgramx.com\/it\/prodotto-1\/comprare-metanfetamina\/","og_locale":"it_IT","og_type":"article","og_title":"Kaufen Sie Crystal Meth online. Beste Qualit\u00e4t zum besten Preis","og_description":"Kaufen Sie Crystal Meth online bei Hazy Puff Depot. Genie\u00dfen Sie sichere Bitcoin-Zahlung und anonymen, diskreten Versand zum Schutz Ihrer Vertraulichkeit.","og_url":"https:\/\/chemgramx.com\/it\/prodotto-1\/comprare-metanfetamina\/","og_site_name":"Chemgramx","article_modified_time":"2025-11-21T11:09:51+00:00","og_image":[{"width":300,"height":300,"url":"https:\/\/chemgramx.com\/wp-content\/uploads\/2025\/11\/buy-crystal-meth-online-best-quality-at-the-best-price.jpg","type":"image\/jpeg"}],"twitter_card":"summary_large_image","twitter_misc":{"Tempo di lettura stimato":"3 minuti"},"schema":{"@context":"https:\/\/schema.org","@graph":[{"@type":"WebPage","@id":"https:\/\/chemgramx.com\/product\/crystal-meth-kaufen\/","url":"https:\/\/chemgramx.com\/product\/crystal-meth-kaufen\/","name":"Acquistare metanfetamina online. La migliore qualit\u00e0 al miglior prezzo","isPartOf":{"@id":"https:\/\/chemgramx.com\/#website"},"primaryImageOfPage":{"@id":"https:\/\/chemgramx.com\/product\/crystal-meth-kaufen\/#primaryimage"},"image":{"@id":"https:\/\/chemgramx.com\/product\/crystal-meth-kaufen\/#primaryimage"},"thumbnailUrl":"https:\/\/chemgramx.com\/wp-content\/uploads\/2025\/11\/buy-crystal-meth-online-best-quality-at-the-best-price.jpg","datePublished":"2025-11-21T11:09:30+00:00","dateModified":"2025-11-21T11:09:51+00:00","description":"Acquista metanfetamina online su Hazy Puff Depot. Godetevi il pagamento sicuro in Bitcoin e la spedizione anonima e discreta per proteggere la vostra riservatezza.","breadcrumb":{"@id":"https:\/\/chemgramx.com\/product\/crystal-meth-kaufen\/#breadcrumb"},"inLanguage":"it-IT","potentialAction":[{"@type":"ReadAction","target":["https:\/\/chemgramx.com\/product\/crystal-meth-kaufen\/"]}]},{"@type":"ImageObject","inLanguage":"it-IT","@id":"https:\/\/chemgramx.com\/product\/crystal-meth-kaufen\/#primaryimage","url":"https:\/\/chemgramx.com\/wp-content\/uploads\/2025\/11\/buy-crystal-meth-online-best-quality-at-the-best-price.jpg","contentUrl":"https:\/\/chemgramx.com\/wp-content\/uploads\/2025\/11\/buy-crystal-meth-online-best-quality-at-the-best-price.jpg","width":300,"height":300},{"@type":"BreadcrumbList","@id":"https:\/\/chemgramx.com\/product\/crystal-meth-kaufen\/#breadcrumb","itemListElement":[{"@type":"ListItem","position":1,"name":"Home","item":"https:\/\/chemgramx.com\/"},{"@type":"ListItem","position":2,"name":"Shop","item":"https:\/\/chemgramx.com\/shop\/"},{"@type":"ListItem","position":3,"name":"Crystal Meth kaufen"}]},{"@type":"WebSite","@id":"https:\/\/chemgramx.com\/#website","url":"https:\/\/chemgramx.com\/","name":"Chemgramx","description":"","publisher":{"@id":"https:\/\/chemgramx.com\/#organization"},"potentialAction":[{"@type":"SearchAction","target":{"@type":"EntryPoint","urlTemplate":"https:\/\/chemgramx.com\/?s={search_term_string}"},"query-input":{"@type":"PropertyValueSpecification","valueRequired":true,"valueName":"search_term_string"}}],"inLanguage":"it-IT"},{"@type":"Organization","@id":"https:\/\/chemgramx.com\/#organization","name":"Chemgramx","url":"https:\/\/chemgramx.com\/","logo":{"@type":"ImageObject","inLanguage":"it-IT","@id":"https:\/\/chemgramx.com\/#\/schema\/logo\/image\/","url":"https:\/\/chemgramx.com\/wp-content\/uploads\/2024\/10\/final-logo.png","contentUrl":"https:\/\/chemgramx.com\/wp-content\/uploads\/2024\/10\/final-logo.png","width":250,"height":48,"caption":"Chemgramx"},"image":{"@id":"https:\/\/chemgramx.com\/#\/schema\/logo\/image\/"}}]}},"_links":{"self":[{"href":"https:\/\/chemgramx.com\/it\/wp-json\/wp\/v2\/product\/6815","targetHints":{"allow":["GET"]}}],"collection":[{"href":"https:\/\/chemgramx.com\/it\/wp-json\/wp\/v2\/product"}],"about":[{"href":"https:\/\/chemgramx.com\/it\/wp-json\/wp\/v2\/types\/product"}],"replies":[{"embeddable":true,"href":"https:\/\/chemgramx.com\/it\/wp-json\/wp\/v2\/comments?post=6815"}],"wp:featuredmedia":[{"embeddable":true,"href":"https:\/\/chemgramx.com\/it\/wp-json\/wp\/v2\/media\/6833"}],"wp:attachment":[{"href":"https:\/\/chemgramx.com\/it\/wp-json\/wp\/v2\/media?parent=6815"}],"wp:term":[{"taxonomy":"product_brand","embeddable":true,"href":"https:\/\/chemgramx.com\/it\/wp-json\/wp\/v2\/product_brand?post=6815"},{"taxonomy":"product_cat","embeddable":true,"href":"https:\/\/chemgramx.com\/it\/wp-json\/wp\/v2\/product_cat?post=6815"},{"taxonomy":"product_tag","embeddable":true,"href":"https:\/\/chemgramx.com\/it\/wp-json\/wp\/v2\/product_tag?post=6815"}],"curies":[{"name":"wp","href":"https:\/\/api.w.org\/{rel}","templated":true}]}}