{"id":6816,"date":"2025-11-21T11:09:30","date_gmt":"2025-11-21T11:09:30","guid":{"rendered":"https:\/\/chemgramx.com\/?post_type=product&#038;p=6816"},"modified":"2025-11-21T11:09:51","modified_gmt":"2025-11-21T11:09:51","slug":"acquistare-cristalli-di-metanfetamina-olandesi","status":"publish","type":"product","link":"https:\/\/chemgramx.com\/it\/product\/kaufen-sie-niederlaendisches-crystal-meth\/","title":{"rendered":"Comprare metanfetamine olandesi"},"content":{"rendered":"<p><strong data-start=\"66\" data-end=\"85\"><span dir=\"auto\">Metanfetamina<\/span><\/strong><span dir=\"auto\">\u00a0\u00e8 un farmaco sintetico derivato dall'anfetamina, una sostanza chimica presente in natura. Le anfetamine sono state sintetizzate per la prima volta in Germania nel 1912 e utilizzate per il trattamento dell'ADHD. A met\u00e0 degli anni '90\u00a0<\/span><strong data-start=\"258\" data-end=\"277\"><span dir=\"auto\">Metanfetamina<\/span><\/strong><span dir=\"auto\">\u00a0negli Stati Uniti attraverso i cartelli messicani. Oggi viene venduta con vari nomi di strada, tra cui\u00a0<\/span><strong data-start=\"378\" data-end=\"394\" data-is-only-node=\"\"><span dir=\"auto\">Metanfetamina<\/span><\/strong><span dir=\"auto\">\u00a0, Ice, Glass, Bomb, Crank, White Powder, Speed e Red Devils.\u00a0<\/span><strong data-start=\"458\" data-end=\"491\"><span dir=\"auto\">Acquistare metanfetamine olandesi online<\/span><\/strong><span dir=\"auto\">\u00a0.<\/span><\/p>\n<h3><strong><span dir=\"auto\">I migliori fornitori di cristalli di metanfetamina nei Paesi Bassi, negli USA e nell'UE, spedizione discreta<\/span><\/strong><\/h3>\n<p data-pm-slice=\"1 1 []\"><span dir=\"auto\">La metanfetamina olandese \u00e8 una potente forma di metanfetamina di cui si abusa per i suoi effetti stimolanti. \u00c8 disponibile in polvere, in pillole o in cristalli e viene venduta online o dagli spacciatori. Il suo uso pu\u00f2 portare a dipendenza, paranoia e palpitazioni cardiache. Con il supporto, ad esempio attraverso programmi di riabilitazione e gruppi di auto-aiuto, la guarigione \u00e8 possibile.<\/span><\/p>\n<p><span dir=\"auto\">La metanfetamina \u00e8 una polvere bianca e cristallina che viene solitamente sniffata, iniettata o fumata. Nella sua forma pi\u00f9 pura, contiene metanfetamina e pu\u00f2 contenere anche anfetamina. Molte persone ordinano\u00a0<\/span><strong data-start=\"358\" data-end=\"380\"><span dir=\"auto\">Metanfetamina<\/span><\/strong><span dir=\"auto\">\u00a0o acquistarla online. Tuttavia, \u00e8 importante essere consapevoli dei rischi associati, tra cui la dipendenza, gli effetti psicologici e i danni a lungo termine.<\/span><\/p>\n<h3><strong><span dir=\"auto\">Il posto migliore per ordinare cristalli di metamfetamina olandesi online con spedizione veloce<\/span><\/strong><\/h3>\n<p><span dir=\"auto\">Probabilmente siete qui per ricevere consigli sull'acquisto di metanfetamina. Se lo fate bene, otterrete cristalli di metanfetamina forti e di qualit\u00e0 da strada. La metanfetamina \u00e8 uno stimolante potente e illegale. Tuttavia, \u00e8 possibile acquistare la metanfetamina in modo legale. Questa pagina vi spiega come fare.<\/span><\/p>\n<p><span dir=\"auto\">Volete acquistare metanfetamina in modo legale? Ecco una rapida guida su dove e come si pu\u00f2 ordinare in modo sicuro la metanfetamina. Con il crescente interesse dei media, molte persone si chiedono come poterla acquistare legalmente. Offriamo metanfetamina di alta qualit\u00e0 a <a href=\"\/product\/4-mec-online-bestellung\/\">competitivo<\/a> e un servizio discreto e affidabile. Sia che siate nuovi o esperti, vi consentiamo di acquistare in tutta tranquillit\u00e0.<\/span><\/p>\n<h3><strong><span dir=\"auto\">Dove si pu\u00f2 acquistare la metanfetamina online?<\/span><\/strong><\/h3>\n<p><span dir=\"auto\">La metanfetamina, nota anche come crank, metanfetamina olandese, glass, ice, Tina, Christine o Yaba, ha effetti diversi sugli individui. I consumatori possono sentirsi euforici, eccitati, vigili, paranoici, confusi, aggressivi o disinibiti. Aumenta la frequenza cardiaca e la pressione sanguigna e gli effetti durano dalle 4 alle 12 ore. Per prepararsi, la metanfetamina pu\u00f2 essere acquistata online. I rischi pi\u00f9 comuni sono la dipendenza e i problemi di salute a lungo termine.<\/span><\/p>\n<p><span dir=\"auto\">\u00c8 facile desiderarne di pi\u00f9 e assumere dosi maggiori per molte ore o addirittura per giorni. Pu\u00f2 aumentare l'assunzione di rischi, ad esempio comportamenti sessuali a rischio. Pu\u00f2 portare a psicosi gravi e aumenta il rischio di infarto o ictus.\u00a0<\/span><a href=\"http:\/\/dutchanonstore.to\/2021\/02\/16\/crystal-meth-for-sale-dutchanonstore\/\" target=\"_blank\" rel=\"noopener\"><span dir=\"auto\">.<\/span><\/a><\/p>\n<p><span dir=\"auto\">Miscelazione di farmaci<\/span><br \/>\n<span dir=\"auto\">Mescolare le droghe \u00e8 sempre rischioso, ma alcune miscele sono pi\u00f9 pericolose di altre.<\/span><br \/>\n<span dir=\"auto\">Aspetto, sapore e odore<\/span><\/p>\n<h3><strong><span dir=\"auto\">Che aspetto ha la metanfetamina?<\/span><\/strong><\/h3>\n<p><span dir=\"auto\">La metanfetamina si presenta in varie forme, tra cui compresse, polvere e cristalli. Le pasticche sono spesso chiamate \u201eyaba\u201c, i cristalli fumabili <a href=\"https:\/\/chemgramx.com\/product\/death-star-hash-online\/\">d'altra parte<\/a> \u201eDutch Crystal Meth\u201c o \u201eIce\u201c.<\/span><\/p>\n<h3><strong><span dir=\"auto\">Come lo prendono le persone<\/span><\/strong><\/h3>\n<p><span dir=\"auto\">La metamfetamina viene ingerita, sniffata o iniettata, a seconda della forma di dosaggio.<\/span><\/p>\n<p><span dir=\"auto\">Fumare la forma pi\u00f9 pura e cristallina della metanfetamina, nota come metanfetamina olandese, produce uno sballo molto intenso, simile a quello della cocaina crack, ma che dura molto pi\u00f9 a lungo.<\/span><\/p>\n<p><span dir=\"auto\">Quando si condividono aghi, siringhe o altri strumenti per l'iniezione, c'\u00e8 il rischio che l'iniettore si infetti con virus come l'HIV o l'epatite C o li diffonda. Fornitori di metanfetamina<\/span><\/p>\n<h3><strong><span dir=\"auto\">Durata<\/span><\/strong><\/h3>\n<p><span dir=\"auto\">La durata dell'effetto e la permanenza del farmaco nell'organismo dipendono dalla quantit\u00e0 assunta, dalla taglia e dagli altri farmaci eventualmente assunti.<\/span><\/p>\n<h3><strong><em><span dir=\"auto\">Quanto dura? - Posso acquistare online la metanfetamina olandese? - Posso acquistare online i cristalli di metanfetamina olandesi?<\/span><\/em><\/strong><\/h3>\n<p><span dir=\"auto\">Gli effetti della metanfetamina possono durare molto a lungo.<\/span><\/p>\n<p><span dir=\"auto\">Fumare la forma pi\u00f9 pura e cristallina della metanfetamina, la crystal meth, produce uno sballo molto intenso, simile a quello della cocaina crack, ma che dura molto pi\u00f9 a lungo. Gli effetti possono durare dalle 4 alle 12 ore.<\/span><\/p>\n<h3><strong><span dir=\"auto\">Effetti collaterali<\/span><\/strong><\/h3>\n<p><span dir=\"auto\">L'astinenza da metanfetamina \u00e8 intensa. La metanfetamina \u00e8 solitamente rilevabile nelle urine da 1 a 4 giorni dopo il consumo. Il tempo di rilevamento dipende dalla dose e dal tipo di test utilizzato. Questo lasso di tempo \u00e8 solo una linea guida generale e pu\u00f2 variare da persona a persona.<\/span><\/p>","protected":false},"excerpt":{"rendered":"<div class=\"elementor-element elementor-element-1b3031f3 elementor-widget elementor-widget-woocommerce-product-etheme_title elementor-page-title elementor-widget-heading\" data-id=\"1b3031f3\" data-element_type=\"widget\" data-widget_type=\"woocommerce-product-etheme_title.default\">\n<div class=\"elementor-widget-container\">\n<h1 class=\"product_title entry-title elementor-heading-title elementor-size-default\"><span dir=\"auto\">Cristalli di metanfetamina olandesi<\/span><\/h1>\n<\/div>\n<\/div>\n<div class=\"elementor-element elementor-element-58724f21 elementor-widget elementor-widget-woocommerce-product-etheme_short_description\" data-id=\"58724f21\" data-element_type=\"widget\" data-widget_type=\"woocommerce-product-etheme_short_description.default\">\n<div class=\"elementor-widget-container\">\n<div class=\"woocommerce-product-details__short-description\">\n<p data-pm-slice=\"1 1 []\"><span dir=\"auto\">Acquistare metanfetamine olandesi online. Rendiamo gli acquisti pi\u00f9 facili per i nostri clienti offrendo un modo affidabile e sicuro per scambiare denaro in modo discreto. Accettiamo criptovalute come il Bitcoin, una delle valute digitali pi\u00f9 utilizzate sia nel mainstream che nella darknet. I pagamenti in criptovaluta rendono le transazioni pi\u00f9 veloci, sicure e private.<\/span><\/p>\n<\/div>\n<\/div>\n<\/div>","protected":false},"featured_media":6834,"comment_status":"open","ping_status":"closed","template":"","meta":{"_joinchat":[]},"product_brand":[],"product_cat":[3194],"product_tag":[],"class_list":{"0":"post-6816","1":"product","2":"type-product","3":"status-publish","4":"has-post-thumbnail","6":"product_cat-crystal-meth","8":"first","9":"instock","10":"shipping-taxable","11":"purchasable","12":"product-type-variable"},"yoast_head":"<!-- This site is optimized with the Yoast SEO plugin v27.5 - https:\/\/yoast.com\/product\/yoast-seo-wordpress\/ -->\n<title>Kaufen Sie niederl\u00e4ndisches Crystal Meth Chemgramx<\/title>\n<meta name=\"description\" content=\"Methamphetamin ist eine synthetische Droge, die aus Amphetamin gewonnen wird, einer nat\u00fcrlich vorkommenden Chemikalie.\" \/>\n<meta name=\"robots\" content=\"index, follow, max-snippet:-1, max-image-preview:large, max-video-preview:-1\" \/>\n<link rel=\"canonical\" href=\"https:\/\/chemgramx.com\/it\/prodotto-1\/acquistare-cristalli-di-metanfetamina-olandesi\/\" \/>\n<meta property=\"og:locale\" content=\"it_IT\" \/>\n<meta property=\"og:type\" content=\"article\" \/>\n<meta property=\"og:title\" content=\"Kaufen Sie niederl\u00e4ndisches Crystal Meth Chemgramx\" \/>\n<meta property=\"og:description\" content=\"Methamphetamin ist eine synthetische Droge, die aus Amphetamin gewonnen wird, einer nat\u00fcrlich vorkommenden Chemikalie.\" \/>\n<meta property=\"og:url\" content=\"https:\/\/chemgramx.com\/it\/prodotto-1\/acquistare-cristalli-di-metanfetamina-olandesi\/\" \/>\n<meta property=\"og:site_name\" content=\"Chemgramx\" \/>\n<meta property=\"article:modified_time\" content=\"2025-11-21T11:09:51+00:00\" \/>\n<meta property=\"og:image\" content=\"https:\/\/chemgramx.com\/wp-content\/uploads\/2025\/11\/die-synthetische-droge-crystal.webp\" \/>\n\t<meta property=\"og:image:width\" content=\"1240\" \/>\n\t<meta property=\"og:image:height\" content=\"698\" \/>\n\t<meta property=\"og:image:type\" content=\"image\/webp\" \/>\n<meta name=\"twitter:card\" content=\"summary_large_image\" \/>\n<meta name=\"twitter:label1\" content=\"Tempo di lettura stimato\" \/>\n\t<meta name=\"twitter:data1\" content=\"4 minuti\" \/>\n<script type=\"application\/ld+json\" class=\"yoast-schema-graph\">{\"@context\":\"https:\\\/\\\/schema.org\",\"@graph\":[{\"@type\":\"WebPage\",\"@id\":\"https:\\\/\\\/chemgramx.com\\\/product\\\/kaufen-sie-niederlaendisches-crystal-meth\\\/\",\"url\":\"https:\\\/\\\/chemgramx.com\\\/product\\\/kaufen-sie-niederlaendisches-crystal-meth\\\/\",\"name\":\"Kaufen Sie niederl\u00e4ndisches Crystal Meth Chemgramx\",\"isPartOf\":{\"@id\":\"https:\\\/\\\/chemgramx.com\\\/#website\"},\"primaryImageOfPage\":{\"@id\":\"https:\\\/\\\/chemgramx.com\\\/product\\\/kaufen-sie-niederlaendisches-crystal-meth\\\/#primaryimage\"},\"image\":{\"@id\":\"https:\\\/\\\/chemgramx.com\\\/product\\\/kaufen-sie-niederlaendisches-crystal-meth\\\/#primaryimage\"},\"thumbnailUrl\":\"https:\\\/\\\/chemgramx.com\\\/wp-content\\\/uploads\\\/2025\\\/11\\\/die-synthetische-droge-crystal.webp\",\"datePublished\":\"2025-11-21T11:09:30+00:00\",\"dateModified\":\"2025-11-21T11:09:51+00:00\",\"description\":\"Methamphetamin ist eine synthetische Droge, die aus Amphetamin gewonnen wird, einer nat\u00fcrlich vorkommenden Chemikalie.\",\"breadcrumb\":{\"@id\":\"https:\\\/\\\/chemgramx.com\\\/product\\\/kaufen-sie-niederlaendisches-crystal-meth\\\/#breadcrumb\"},\"inLanguage\":\"it-IT\",\"potentialAction\":[{\"@type\":\"ReadAction\",\"target\":[\"https:\\\/\\\/chemgramx.com\\\/product\\\/kaufen-sie-niederlaendisches-crystal-meth\\\/\"]}]},{\"@type\":\"ImageObject\",\"inLanguage\":\"it-IT\",\"@id\":\"https:\\\/\\\/chemgramx.com\\\/product\\\/kaufen-sie-niederlaendisches-crystal-meth\\\/#primaryimage\",\"url\":\"https:\\\/\\\/chemgramx.com\\\/wp-content\\\/uploads\\\/2025\\\/11\\\/die-synthetische-droge-crystal.webp\",\"contentUrl\":\"https:\\\/\\\/chemgramx.com\\\/wp-content\\\/uploads\\\/2025\\\/11\\\/die-synthetische-droge-crystal.webp\",\"width\":1240,\"height\":698},{\"@type\":\"BreadcrumbList\",\"@id\":\"https:\\\/\\\/chemgramx.com\\\/product\\\/kaufen-sie-niederlaendisches-crystal-meth\\\/#breadcrumb\",\"itemListElement\":[{\"@type\":\"ListItem\",\"position\":1,\"name\":\"Home\",\"item\":\"https:\\\/\\\/chemgramx.com\\\/\"},{\"@type\":\"ListItem\",\"position\":2,\"name\":\"Shop\",\"item\":\"https:\\\/\\\/chemgramx.com\\\/shop\\\/\"},{\"@type\":\"ListItem\",\"position\":3,\"name\":\"Kaufen Sie niederl\u00e4ndisches Crystal Meth\"}]},{\"@type\":\"WebSite\",\"@id\":\"https:\\\/\\\/chemgramx.com\\\/#website\",\"url\":\"https:\\\/\\\/chemgramx.com\\\/\",\"name\":\"Chemgramx\",\"description\":\"\",\"publisher\":{\"@id\":\"https:\\\/\\\/chemgramx.com\\\/#organization\"},\"potentialAction\":[{\"@type\":\"SearchAction\",\"target\":{\"@type\":\"EntryPoint\",\"urlTemplate\":\"https:\\\/\\\/chemgramx.com\\\/?s={search_term_string}\"},\"query-input\":{\"@type\":\"PropertyValueSpecification\",\"valueRequired\":true,\"valueName\":\"search_term_string\"}}],\"inLanguage\":\"it-IT\"},{\"@type\":\"Organization\",\"@id\":\"https:\\\/\\\/chemgramx.com\\\/#organization\",\"name\":\"Chemgramx\",\"url\":\"https:\\\/\\\/chemgramx.com\\\/\",\"logo\":{\"@type\":\"ImageObject\",\"inLanguage\":\"it-IT\",\"@id\":\"https:\\\/\\\/chemgramx.com\\\/#\\\/schema\\\/logo\\\/image\\\/\",\"url\":\"https:\\\/\\\/chemgramx.com\\\/wp-content\\\/uploads\\\/2024\\\/10\\\/final-logo.png\",\"contentUrl\":\"https:\\\/\\\/chemgramx.com\\\/wp-content\\\/uploads\\\/2024\\\/10\\\/final-logo.png\",\"width\":250,\"height\":48,\"caption\":\"Chemgramx\"},\"image\":{\"@id\":\"https:\\\/\\\/chemgramx.com\\\/#\\\/schema\\\/logo\\\/image\\\/\"}}]}<\/script>\n<!-- \/ Yoast SEO plugin. -->","yoast_head_json":{"title":"Acquistare i cristalli di metanfetamina olandesi Chemgramx","description":"La metamfetamina \u00e8 una droga sintetica derivata dall'anfetamina, una sostanza chimica presente in natura.","robots":{"index":"index","follow":"follow","max-snippet":"max-snippet:-1","max-image-preview":"max-image-preview:large","max-video-preview":"max-video-preview:-1"},"canonical":"https:\/\/chemgramx.com\/it\/prodotto-1\/acquistare-cristalli-di-metanfetamina-olandesi\/","og_locale":"it_IT","og_type":"article","og_title":"Kaufen Sie niederl\u00e4ndisches Crystal Meth Chemgramx","og_description":"Methamphetamin ist eine synthetische Droge, die aus Amphetamin gewonnen wird, einer nat\u00fcrlich vorkommenden Chemikalie.","og_url":"https:\/\/chemgramx.com\/it\/prodotto-1\/acquistare-cristalli-di-metanfetamina-olandesi\/","og_site_name":"Chemgramx","article_modified_time":"2025-11-21T11:09:51+00:00","og_image":[{"width":1240,"height":698,"url":"https:\/\/chemgramx.com\/wp-content\/uploads\/2025\/11\/die-synthetische-droge-crystal.webp","type":"image\/webp"}],"twitter_card":"summary_large_image","twitter_misc":{"Tempo di lettura stimato":"4 minuti"},"schema":{"@context":"https:\/\/schema.org","@graph":[{"@type":"WebPage","@id":"https:\/\/chemgramx.com\/product\/kaufen-sie-niederlaendisches-crystal-meth\/","url":"https:\/\/chemgramx.com\/product\/kaufen-sie-niederlaendisches-crystal-meth\/","name":"Acquistare i cristalli di metanfetamina olandesi Chemgramx","isPartOf":{"@id":"https:\/\/chemgramx.com\/#website"},"primaryImageOfPage":{"@id":"https:\/\/chemgramx.com\/product\/kaufen-sie-niederlaendisches-crystal-meth\/#primaryimage"},"image":{"@id":"https:\/\/chemgramx.com\/product\/kaufen-sie-niederlaendisches-crystal-meth\/#primaryimage"},"thumbnailUrl":"https:\/\/chemgramx.com\/wp-content\/uploads\/2025\/11\/die-synthetische-droge-crystal.webp","datePublished":"2025-11-21T11:09:30+00:00","dateModified":"2025-11-21T11:09:51+00:00","description":"La metamfetamina \u00e8 una droga sintetica derivata dall'anfetamina, una sostanza chimica presente in natura.","breadcrumb":{"@id":"https:\/\/chemgramx.com\/product\/kaufen-sie-niederlaendisches-crystal-meth\/#breadcrumb"},"inLanguage":"it-IT","potentialAction":[{"@type":"ReadAction","target":["https:\/\/chemgramx.com\/product\/kaufen-sie-niederlaendisches-crystal-meth\/"]}]},{"@type":"ImageObject","inLanguage":"it-IT","@id":"https:\/\/chemgramx.com\/product\/kaufen-sie-niederlaendisches-crystal-meth\/#primaryimage","url":"https:\/\/chemgramx.com\/wp-content\/uploads\/2025\/11\/die-synthetische-droge-crystal.webp","contentUrl":"https:\/\/chemgramx.com\/wp-content\/uploads\/2025\/11\/die-synthetische-droge-crystal.webp","width":1240,"height":698},{"@type":"BreadcrumbList","@id":"https:\/\/chemgramx.com\/product\/kaufen-sie-niederlaendisches-crystal-meth\/#breadcrumb","itemListElement":[{"@type":"ListItem","position":1,"name":"Home","item":"https:\/\/chemgramx.com\/"},{"@type":"ListItem","position":2,"name":"Shop","item":"https:\/\/chemgramx.com\/shop\/"},{"@type":"ListItem","position":3,"name":"Kaufen Sie niederl\u00e4ndisches Crystal Meth"}]},{"@type":"WebSite","@id":"https:\/\/chemgramx.com\/#website","url":"https:\/\/chemgramx.com\/","name":"Chemgramx","description":"","publisher":{"@id":"https:\/\/chemgramx.com\/#organization"},"potentialAction":[{"@type":"SearchAction","target":{"@type":"EntryPoint","urlTemplate":"https:\/\/chemgramx.com\/?s={search_term_string}"},"query-input":{"@type":"PropertyValueSpecification","valueRequired":true,"valueName":"search_term_string"}}],"inLanguage":"it-IT"},{"@type":"Organization","@id":"https:\/\/chemgramx.com\/#organization","name":"Chemgramx","url":"https:\/\/chemgramx.com\/","logo":{"@type":"ImageObject","inLanguage":"it-IT","@id":"https:\/\/chemgramx.com\/#\/schema\/logo\/image\/","url":"https:\/\/chemgramx.com\/wp-content\/uploads\/2024\/10\/final-logo.png","contentUrl":"https:\/\/chemgramx.com\/wp-content\/uploads\/2024\/10\/final-logo.png","width":250,"height":48,"caption":"Chemgramx"},"image":{"@id":"https:\/\/chemgramx.com\/#\/schema\/logo\/image\/"}}]}},"_links":{"self":[{"href":"https:\/\/chemgramx.com\/it\/wp-json\/wp\/v2\/product\/6816","targetHints":{"allow":["GET"]}}],"collection":[{"href":"https:\/\/chemgramx.com\/it\/wp-json\/wp\/v2\/product"}],"about":[{"href":"https:\/\/chemgramx.com\/it\/wp-json\/wp\/v2\/types\/product"}],"replies":[{"embeddable":true,"href":"https:\/\/chemgramx.com\/it\/wp-json\/wp\/v2\/comments?post=6816"}],"wp:featuredmedia":[{"embeddable":true,"href":"https:\/\/chemgramx.com\/it\/wp-json\/wp\/v2\/media\/6834"}],"wp:attachment":[{"href":"https:\/\/chemgramx.com\/it\/wp-json\/wp\/v2\/media?parent=6816"}],"wp:term":[{"taxonomy":"product_brand","embeddable":true,"href":"https:\/\/chemgramx.com\/it\/wp-json\/wp\/v2\/product_brand?post=6816"},{"taxonomy":"product_cat","embeddable":true,"href":"https:\/\/chemgramx.com\/it\/wp-json\/wp\/v2\/product_cat?post=6816"},{"taxonomy":"product_tag","embeddable":true,"href":"https:\/\/chemgramx.com\/it\/wp-json\/wp\/v2\/product_tag?post=6816"}],"curies":[{"name":"wp","href":"https:\/\/api.w.org\/{rel}","templated":true}]}}