{"id":6817,"date":"2025-11-21T11:09:30","date_gmt":"2025-11-21T11:09:30","guid":{"rendered":"https:\/\/chemgramx.com\/?post_type=product&#038;p=6817"},"modified":"2025-11-21T11:10:13","modified_gmt":"2025-11-21T11:10:13","slug":"5-acquistare-meo-bf-online","status":"publish","type":"product","link":"https:\/\/chemgramx.com\/it\/product\/5-meo-bf-online-kaufen\/","title":{"rendered":"Acquistare 5-MeO-BF online"},"content":{"rendered":"<p><b>Acquistare 5-MeO-BF online<\/b> significa accesso a un <b>ricerca chimica di alta qualit\u00e0<\/b> che sono stati progettati appositamente per le esigenze di <b>scopi di ricerca scientifica<\/b> \u00e8 stato sviluppato. Questo materiale, formalmente noto come <b>5-metossibenzofurano<\/b>, si trova principalmente in <b>studi neurochimici e farmacologici<\/b> ampio utilizzo. Molti scienziati sono alla ricerca di opportunit\u00e0 specifiche, <b>Comprare 5-MeO-BF<\/b> o <b>Acquistare 5-MeO-BF online<\/b>, per realizzare progetti nel <b>Legami con i recettori<\/b> e <b>Interazioni con i neurotrasmettitori<\/b> per eseguire. Grazie alla sua struttura molecolare unica, il composto \u00e8 un <b>Strumento prezioso<\/b> per i laboratori. <b>In particolare<\/b> beneficiano di laboratori che analizzano le relazioni struttura-attivit\u00e0 all'interno della <b>Classe dei benzofurani<\/b> immensamente da questo. I ricercatori che <b>Ordinare 5-MeO-BF online<\/b> beneficiare di una sostanza che sta suscitando grande interesse nella ricerca chimica e biologica di tutto il mondo. <b>Per questo motivo<\/b> \u00e8 essenziale che l'acquisizione di un <b>fonte di ricerca affidabile<\/b> che garantisce i pi\u00f9 elevati standard di purezza e documentazione. Sottolineiamo espressamente che questo collegamento \u00e8 <b>esclusivamente per scopi scientifici<\/b> determinato e <b>non destinato al consumo umano<\/b> adatto.<\/p>\n<h2>La rilevanza scientifica del 5-MeO-BF: struttura e aree di applicazione<\/h2>\n<p>La struttura chimica del 5-MeO-BF lo rende un ligando e un intermedio ideale. Le sue propriet\u00e0 specifiche consentono esperimenti precisi e servono come base per lo sviluppo di nuove molecole bioattive.<\/p>\n<ul>\n<li><b>Nucleo di benzofurano:<\/b> Questo nucleo \u00e8 biologicamente rilevante. <b>Inoltre<\/b> \u00e8 un elemento costruttivo molto diffuso nella <b>sintesi farmaceutica<\/b>.<\/li>\n<li><b>Sostituzione metossilica :<\/b> Questo gruppo \u00e8 spesso decisivo. <b>Perch\u00e9<\/b> influenza il <b>propriet\u00e0 lipofile<\/b> della molecola e la sua interazione con specifici <b>Recettori dei neurotrasmettitori<\/b>.<\/li>\n<li><b>Intermedio di sintesi:<\/b> <b>Inoltre<\/b> La stessa 5-MeO-BF \u00e8 spesso indicata come <b>Intermedio di sintesi<\/b> utilizzato. <b>Qui<\/b> viene utilizzato per introdurre la spina dorsale metossibenzofuranica in composti pi\u00f9 complessi.<\/li>\n<\/ul>\n<h3>Studi neurochimici e farmacologici<\/h3>\n<p>L'applicazione principale del 5-MeO-BF \u00e8 la <b>Ricerca di base<\/b>. Ci\u00f2 include in particolare lo studio della serotonina e di altri sistemi neurotrasmettitoriali. I ricercatori utilizzano il composto per esperimenti precisi. <b>Per esempio<\/b> esaminare il <b>Affinit\u00e0 di legame con il recettore<\/b> e il <b>meccanismi molecolari<\/b> di questa classe di connessione. <b>In questo modo<\/b> possono acquisire una comprensione pi\u00f9 approfondita del <b>Relazioni struttura-attivit\u00e0<\/b> di questi composti eterociclici. <b>Nel processo<\/b> \u00e8 l'elevata purezza della sostanza (purezza garantita di<b><span class=\"math-inline\" data-math=\"mathbf{ge 98%}\">\u00a098%<\/span><\/b>) \u00e8 indispensabile. Garantisce <b>Risultati affidabili<\/b> e la riproducibilit\u00e0 dei dati scientifici.<\/p>\n<h2>Garanzia di qualit\u00e0 e logistica: il processo di acquisto da una fonte affidabile<\/h2>\n<p>La scelta del fornitore \u00e8 <b>Acquistare 5-MeO-BF online<\/b> un fattore decisivo. I ricercatori devono poter contare sulla qualit\u00e0 e sul rispetto degli standard legali.<\/p>\n<h3>Specifiche di prodotto per i pi\u00f9 alti requisiti di ricerca<\/h3>\n<p>Garantiamo che tutte le specifiche soddisfino i requisiti della comunit\u00e0 scientifica.<\/p>\n<ul>\n<li><b>Forma e consistenza:<\/b> Il materiale \u00e8 disponibile come <b>In polvere o in forma di cristallo<\/b>. <b>Questo offre<\/b> Flessibilit\u00e0 per varie applicazioni di laboratorio, come la produzione di solventi o la sintesi in fase solida.<\/li>\n<li><b>Opzioni di quantit\u00e0:<\/b> Offriamo <b>Dimensioni dell'imballaggio flessibile<\/b>. Si va da piccole quantit\u00e0 per progetti pilota a unit\u00e0 pi\u00f9 grandi per progetti di ricerca estesi e a lungo termine.<\/li>\n<li><b>Documentazione:<\/b> Ogni consegna contiene una dotazione completa di <b><a href=\"\/product\/5-methoxymethylone-online-kaufen\/\">Certificati di analisi<\/a> (COA)<\/b>. <b>In tal modo<\/b> conferma l'identit\u00e0 e la purezza del lotto.<\/li>\n<\/ul>\n<h3>Perch\u00e9 acquistare 5-MeO-BF da noi? Concentrarsi sull'integrit\u00e0 e sul servizio<\/h3>\n<p>Se vi state chiedendo, <b>dove acquistare 5-MeO-BF<\/b>, allora il nostro negozio \u00e8 il <b>il miglior posto per comprare 5-MeO-BF online<\/b>. <b>Perch\u00e9<\/b> Offriamo sicurezza, professionalit\u00e0 e affidabilit\u00e0.<\/p>\n<ul>\n<li><b>Qualit\u00e0 testata in laboratorio in modo indipendente:<\/b> Ogni lotto viene testato in modo completo. <b>Cos\u00ec<\/b> garantiamo la massima qualit\u00e0 richiesta per <b>Ricerca pionieristica<\/b> \u00e8 necessario.<\/li>\n<li><b>Spedizione rapida e discreta:<\/b> Garantiamo un <b>Consegna sicura e affidabile<\/b>. <b>Inoltre<\/b> la spedizione \u00e8 sempre <b>Discreto<\/b> in confezione neutra.<\/li>\n<li><b>Supporto alla ricerca competente:<\/b> Il nostro <b>Assistenza clienti<\/b> \u00e8 specializzato in <b>Ricerca di sostanze chimiche<\/b>. <b>Pertanto<\/b> offriamo un supporto competente per le domande relative alla manipolazione, allo stoccaggio e alla documentazione analitica.<\/li>\n<\/ul>\n<h2>\u00a0Conformit\u00e0 legale e sicurezza di laboratorio al 5-MeO-BF<\/h2>\n<p>La responsabilit\u00e0 della conformit\u00e0 a tutti i requisiti legali spetta sempre all'acquirente. La manipolazione di sostanze chimiche per la ricerca richiede protocolli di sicurezza rigorosi.<\/p>\n<h3>Importante nota legale e conformit\u00e0 alle leggi<\/h3>\n<p>La vendita di <b>5-MeO-BF in vendita<\/b> ha luogo <b>esclusivamente per scopi di ricerca<\/b>. <b>Si applica la regola del rigore:<\/b> La sostanza non \u00e8 destinata al consumo umano o alla rivendita. Gli acquirenti devono <b>tutte le leggi e i regolamenti applicabili<\/b> rispettare. <b>Questo include<\/b> la legislazione locale e nazionale in materia di prodotti chimici, soprattutto per quanto riguarda le normative sulle importazioni. Il <b>Conformit\u00e0 agli standard GLP (Good Laboratory Practice)<\/b> \u00e8 obbligatorio quando si maneggia questo prodotto chimico.<\/p>\n<h3>Protocolli per la manipolazione sicura in laboratorio<\/h3>\n<p>La manipolazione di 5-MeO-BF richiede il rispetto di protocolli di sicurezza specifici per la protezione del personale.<\/p>\n<ol start=\"1\">\n<li><b>I DPI sono obbligatori:<\/b> Utilizzare sempre <b>Dispositivi di protezione individuale<\/b> (camice da laboratorio, guanti protettivi e protezione per gli occhi).<\/li>\n<li><b>Ventilazione:<\/b> La pesatura e la manipolazione devono essere effettuate in condizioni di sicurezza. <b>Cappa chimica<\/b> si svolga. <b>In questo modo<\/b> evitare l'inalazione di polveri o vapori.<\/li>\n<li><b>Stoccaggio:<\/b> Il materiale deve <b>fresco, asciutto e protetto dalla luce<\/b> essere memorizzati. <b>In tal modo<\/b> garantisce l'integrit\u00e0 chimica e la stabilit\u00e0 del materiale.<\/li>\n<\/ol>\n<h3>Ordina subito 5-MeO-BF online e inizia la tua ricerca<\/h3>\n<p>Non scendete a compromessi sulla qualit\u00e0 quando si tratta dell'affidabilit\u00e0 dei risultati della vostra ricerca. <b>Pertanto<\/b> \u00e8 necessario scegliere il fornitore migliore per <b>Acquistare 5-MeO-BF online<\/b> per essere in grado di. Vi offriamo un servizio trasparente <b>Prezzo 5-MeO-BF<\/b>, consegna discreta e qualit\u00e0 comprovata, riconosciuta dai principali laboratori di tutto il mondo. <b>Acquistare 5-MeO-BF online da una fonte di ricerca affidabile<\/b> - sicuro, veloce e affidabile.<\/p>","protected":false},"excerpt":{"rendered":"<p>5-MeO-BF online kaufen bedeutet, Zugang zu einer hochwertigen Forschungschemikalie zu erhalten, die speziell f\u00fcr anspruchsvolle wissenschaftliche Forschungszwecke entwickelt&hellip;<\/p>","protected":false},"featured_media":6835,"comment_status":"open","ping_status":"closed","template":"","meta":{"_joinchat":[]},"product_brand":[],"product_cat":[52],"product_tag":[2626,2620,2627,2623,2621,2622,2625,2624,2533,2015],"class_list":{"0":"post-6817","1":"product","2":"type-product","3":"status-publish","4":"has-post-thumbnail","6":"product_cat-benzofurans","7":"product_tag-5-meo-bf-chemikalien","8":"product_tag-5-meo-bf-kaufen","9":"product_tag-5-meo-bf-kaufen-deutschland","10":"product_tag-5-meo-bf-kaufen-online","11":"product_tag-5-meo-bf-kristalle","12":"product_tag-5-meo-bf-online-kaufen","13":"product_tag-5-meo-bf-preis","14":"product_tag-5-meo-bf-prodej","15":"product_tag-chemikalien-kaufen","16":"product_tag-synthetische-drogen","18":"first","19":"instock","20":"shipping-taxable","21":"purchasable","22":"product-type-variable"},"yoast_head":"<!-- This site is optimized with the Yoast SEO plugin v27.5 - https:\/\/yoast.com\/product\/yoast-seo-wordpress\/ -->\n<title>5-MeO-BF online kaufen \u2013 5-MeO-BF zum Verkauf | chemgramx<\/title>\n<meta name=\"description\" content=\"Sie m\u00f6chten 5-meo-bf online kaufen? Entdecken Sie eine nahtlose Plattform in unserem Online-Shop, auf der Sie 5-meo-bf online kaufen k\u00f6nnen und so erstklassige Qualit\u00e4t f\u00fcr Ihre Forschungsanforderungen sicherstellen.\" \/>\n<meta name=\"robots\" content=\"index, follow, max-snippet:-1, max-image-preview:large, max-video-preview:-1\" \/>\n<link rel=\"canonical\" href=\"https:\/\/chemgramx.com\/it\/prodotto-1\/5-acquistare-meo-bf-online\/\" \/>\n<meta property=\"og:locale\" content=\"it_IT\" \/>\n<meta property=\"og:type\" content=\"article\" \/>\n<meta property=\"og:title\" content=\"5-MeO-BF online kaufen \u2013 5-MeO-BF zum Verkauf | chemgramx\" \/>\n<meta property=\"og:description\" content=\"Sie m\u00f6chten 5-meo-bf online kaufen? Entdecken Sie eine nahtlose Plattform in unserem Online-Shop, auf der Sie 5-meo-bf online kaufen k\u00f6nnen und so erstklassige Qualit\u00e4t f\u00fcr Ihre Forschungsanforderungen sicherstellen.\" \/>\n<meta property=\"og:url\" content=\"https:\/\/chemgramx.com\/it\/prodotto-1\/5-acquistare-meo-bf-online\/\" \/>\n<meta property=\"og:site_name\" content=\"Chemgramx\" \/>\n<meta property=\"article:modified_time\" content=\"2025-11-21T11:10:13+00:00\" \/>\n<meta property=\"og:image\" content=\"https:\/\/chemgramx.com\/wp-content\/uploads\/2025\/11\/5-MeO-BF-kaufen.jpg\" \/>\n\t<meta property=\"og:image:width\" content=\"225\" \/>\n\t<meta property=\"og:image:height\" content=\"225\" \/>\n\t<meta property=\"og:image:type\" content=\"image\/jpeg\" \/>\n<meta name=\"twitter:card\" content=\"summary_large_image\" \/>\n<meta name=\"twitter:label1\" content=\"Tempo di lettura stimato\" \/>\n\t<meta name=\"twitter:data1\" content=\"4 minuti\" \/>\n<script type=\"application\/ld+json\" class=\"yoast-schema-graph\">{\"@context\":\"https:\\\/\\\/schema.org\",\"@graph\":[{\"@type\":\"WebPage\",\"@id\":\"https:\\\/\\\/chemgramx.com\\\/product\\\/5-meo-bf-online-kaufen\\\/\",\"url\":\"https:\\\/\\\/chemgramx.com\\\/product\\\/5-meo-bf-online-kaufen\\\/\",\"name\":\"5-MeO-BF online kaufen \u2013 5-MeO-BF zum Verkauf | chemgramx\",\"isPartOf\":{\"@id\":\"https:\\\/\\\/chemgramx.com\\\/#website\"},\"primaryImageOfPage\":{\"@id\":\"https:\\\/\\\/chemgramx.com\\\/product\\\/5-meo-bf-online-kaufen\\\/#primaryimage\"},\"image\":{\"@id\":\"https:\\\/\\\/chemgramx.com\\\/product\\\/5-meo-bf-online-kaufen\\\/#primaryimage\"},\"thumbnailUrl\":\"https:\\\/\\\/chemgramx.com\\\/wp-content\\\/uploads\\\/2025\\\/11\\\/5-MeO-BF-kaufen.jpg\",\"datePublished\":\"2025-11-21T11:09:30+00:00\",\"dateModified\":\"2025-11-21T11:10:13+00:00\",\"description\":\"Sie m\u00f6chten 5-meo-bf online kaufen? Entdecken Sie eine nahtlose Plattform in unserem Online-Shop, auf der Sie 5-meo-bf online kaufen k\u00f6nnen und so erstklassige Qualit\u00e4t f\u00fcr Ihre Forschungsanforderungen sicherstellen.\",\"breadcrumb\":{\"@id\":\"https:\\\/\\\/chemgramx.com\\\/product\\\/5-meo-bf-online-kaufen\\\/#breadcrumb\"},\"inLanguage\":\"it-IT\",\"potentialAction\":[{\"@type\":\"ReadAction\",\"target\":[\"https:\\\/\\\/chemgramx.com\\\/product\\\/5-meo-bf-online-kaufen\\\/\"]}]},{\"@type\":\"ImageObject\",\"inLanguage\":\"it-IT\",\"@id\":\"https:\\\/\\\/chemgramx.com\\\/product\\\/5-meo-bf-online-kaufen\\\/#primaryimage\",\"url\":\"https:\\\/\\\/chemgramx.com\\\/wp-content\\\/uploads\\\/2025\\\/11\\\/5-MeO-BF-kaufen.jpg\",\"contentUrl\":\"https:\\\/\\\/chemgramx.com\\\/wp-content\\\/uploads\\\/2025\\\/11\\\/5-MeO-BF-kaufen.jpg\",\"width\":225,\"height\":225},{\"@type\":\"BreadcrumbList\",\"@id\":\"https:\\\/\\\/chemgramx.com\\\/product\\\/5-meo-bf-online-kaufen\\\/#breadcrumb\",\"itemListElement\":[{\"@type\":\"ListItem\",\"position\":1,\"name\":\"Home\",\"item\":\"https:\\\/\\\/chemgramx.com\\\/\"},{\"@type\":\"ListItem\",\"position\":2,\"name\":\"Shop\",\"item\":\"https:\\\/\\\/chemgramx.com\\\/shop\\\/\"},{\"@type\":\"ListItem\",\"position\":3,\"name\":\"5-MeO-BF online kaufen\"}]},{\"@type\":\"WebSite\",\"@id\":\"https:\\\/\\\/chemgramx.com\\\/#website\",\"url\":\"https:\\\/\\\/chemgramx.com\\\/\",\"name\":\"Chemgramx\",\"description\":\"\",\"publisher\":{\"@id\":\"https:\\\/\\\/chemgramx.com\\\/#organization\"},\"potentialAction\":[{\"@type\":\"SearchAction\",\"target\":{\"@type\":\"EntryPoint\",\"urlTemplate\":\"https:\\\/\\\/chemgramx.com\\\/?s={search_term_string}\"},\"query-input\":{\"@type\":\"PropertyValueSpecification\",\"valueRequired\":true,\"valueName\":\"search_term_string\"}}],\"inLanguage\":\"it-IT\"},{\"@type\":\"Organization\",\"@id\":\"https:\\\/\\\/chemgramx.com\\\/#organization\",\"name\":\"Chemgramx\",\"url\":\"https:\\\/\\\/chemgramx.com\\\/\",\"logo\":{\"@type\":\"ImageObject\",\"inLanguage\":\"it-IT\",\"@id\":\"https:\\\/\\\/chemgramx.com\\\/#\\\/schema\\\/logo\\\/image\\\/\",\"url\":\"https:\\\/\\\/chemgramx.com\\\/wp-content\\\/uploads\\\/2024\\\/10\\\/final-logo.png\",\"contentUrl\":\"https:\\\/\\\/chemgramx.com\\\/wp-content\\\/uploads\\\/2024\\\/10\\\/final-logo.png\",\"width\":250,\"height\":48,\"caption\":\"Chemgramx\"},\"image\":{\"@id\":\"https:\\\/\\\/chemgramx.com\\\/#\\\/schema\\\/logo\\\/image\\\/\"}}]}<\/script>\n<!-- \/ Yoast SEO plugin. -->","yoast_head_json":{"title":"Acquista 5-MeO-BF online \u2013 5-MeO-BF in vendita | chemgramx","description":"Vuoi acquistare 5-meo-bf online? Scopri la piattaforma integrata nel nostro negozio online, dove puoi acquistare 5-meo-bf online, garantendoti la massima qualit\u00e0 per le tue esigenze di ricerca.","robots":{"index":"index","follow":"follow","max-snippet":"max-snippet:-1","max-image-preview":"max-image-preview:large","max-video-preview":"max-video-preview:-1"},"canonical":"https:\/\/chemgramx.com\/it\/prodotto-1\/5-acquistare-meo-bf-online\/","og_locale":"it_IT","og_type":"article","og_title":"5-MeO-BF online kaufen \u2013 5-MeO-BF zum Verkauf | chemgramx","og_description":"Sie m\u00f6chten 5-meo-bf online kaufen? Entdecken Sie eine nahtlose Plattform in unserem Online-Shop, auf der Sie 5-meo-bf online kaufen k\u00f6nnen und so erstklassige Qualit\u00e4t f\u00fcr Ihre Forschungsanforderungen sicherstellen.","og_url":"https:\/\/chemgramx.com\/it\/prodotto-1\/5-acquistare-meo-bf-online\/","og_site_name":"Chemgramx","article_modified_time":"2025-11-21T11:10:13+00:00","og_image":[{"width":225,"height":225,"url":"https:\/\/chemgramx.com\/wp-content\/uploads\/2025\/11\/5-MeO-BF-kaufen.jpg","type":"image\/jpeg"}],"twitter_card":"summary_large_image","twitter_misc":{"Tempo di lettura stimato":"4 minuti"},"schema":{"@context":"https:\/\/schema.org","@graph":[{"@type":"WebPage","@id":"https:\/\/chemgramx.com\/product\/5-meo-bf-online-kaufen\/","url":"https:\/\/chemgramx.com\/product\/5-meo-bf-online-kaufen\/","name":"Acquista 5-MeO-BF online \u2013 5-MeO-BF in vendita | chemgramx","isPartOf":{"@id":"https:\/\/chemgramx.com\/#website"},"primaryImageOfPage":{"@id":"https:\/\/chemgramx.com\/product\/5-meo-bf-online-kaufen\/#primaryimage"},"image":{"@id":"https:\/\/chemgramx.com\/product\/5-meo-bf-online-kaufen\/#primaryimage"},"thumbnailUrl":"https:\/\/chemgramx.com\/wp-content\/uploads\/2025\/11\/5-MeO-BF-kaufen.jpg","datePublished":"2025-11-21T11:09:30+00:00","dateModified":"2025-11-21T11:10:13+00:00","description":"Vuoi acquistare 5-meo-bf online? Scopri la piattaforma integrata nel nostro negozio online, dove puoi acquistare 5-meo-bf online, garantendoti la massima qualit\u00e0 per le tue esigenze di ricerca.","breadcrumb":{"@id":"https:\/\/chemgramx.com\/product\/5-meo-bf-online-kaufen\/#breadcrumb"},"inLanguage":"it-IT","potentialAction":[{"@type":"ReadAction","target":["https:\/\/chemgramx.com\/product\/5-meo-bf-online-kaufen\/"]}]},{"@type":"ImageObject","inLanguage":"it-IT","@id":"https:\/\/chemgramx.com\/product\/5-meo-bf-online-kaufen\/#primaryimage","url":"https:\/\/chemgramx.com\/wp-content\/uploads\/2025\/11\/5-MeO-BF-kaufen.jpg","contentUrl":"https:\/\/chemgramx.com\/wp-content\/uploads\/2025\/11\/5-MeO-BF-kaufen.jpg","width":225,"height":225},{"@type":"BreadcrumbList","@id":"https:\/\/chemgramx.com\/product\/5-meo-bf-online-kaufen\/#breadcrumb","itemListElement":[{"@type":"ListItem","position":1,"name":"Home","item":"https:\/\/chemgramx.com\/"},{"@type":"ListItem","position":2,"name":"Shop","item":"https:\/\/chemgramx.com\/shop\/"},{"@type":"ListItem","position":3,"name":"5-MeO-BF online kaufen"}]},{"@type":"WebSite","@id":"https:\/\/chemgramx.com\/#website","url":"https:\/\/chemgramx.com\/","name":"Chemgramx","description":"","publisher":{"@id":"https:\/\/chemgramx.com\/#organization"},"potentialAction":[{"@type":"SearchAction","target":{"@type":"EntryPoint","urlTemplate":"https:\/\/chemgramx.com\/?s={search_term_string}"},"query-input":{"@type":"PropertyValueSpecification","valueRequired":true,"valueName":"search_term_string"}}],"inLanguage":"it-IT"},{"@type":"Organization","@id":"https:\/\/chemgramx.com\/#organization","name":"Chemgramx","url":"https:\/\/chemgramx.com\/","logo":{"@type":"ImageObject","inLanguage":"it-IT","@id":"https:\/\/chemgramx.com\/#\/schema\/logo\/image\/","url":"https:\/\/chemgramx.com\/wp-content\/uploads\/2024\/10\/final-logo.png","contentUrl":"https:\/\/chemgramx.com\/wp-content\/uploads\/2024\/10\/final-logo.png","width":250,"height":48,"caption":"Chemgramx"},"image":{"@id":"https:\/\/chemgramx.com\/#\/schema\/logo\/image\/"}}]}},"_links":{"self":[{"href":"https:\/\/chemgramx.com\/it\/wp-json\/wp\/v2\/product\/6817","targetHints":{"allow":["GET"]}}],"collection":[{"href":"https:\/\/chemgramx.com\/it\/wp-json\/wp\/v2\/product"}],"about":[{"href":"https:\/\/chemgramx.com\/it\/wp-json\/wp\/v2\/types\/product"}],"replies":[{"embeddable":true,"href":"https:\/\/chemgramx.com\/it\/wp-json\/wp\/v2\/comments?post=6817"}],"wp:featuredmedia":[{"embeddable":true,"href":"https:\/\/chemgramx.com\/it\/wp-json\/wp\/v2\/media\/6835"}],"wp:attachment":[{"href":"https:\/\/chemgramx.com\/it\/wp-json\/wp\/v2\/media?parent=6817"}],"wp:term":[{"taxonomy":"product_brand","embeddable":true,"href":"https:\/\/chemgramx.com\/it\/wp-json\/wp\/v2\/product_brand?post=6817"},{"taxonomy":"product_cat","embeddable":true,"href":"https:\/\/chemgramx.com\/it\/wp-json\/wp\/v2\/product_cat?post=6817"},{"taxonomy":"product_tag","embeddable":true,"href":"https:\/\/chemgramx.com\/it\/wp-json\/wp\/v2\/product_tag?post=6817"}],"curies":[{"name":"wp","href":"https:\/\/api.w.org\/{rel}","templated":true}]}}