{"id":6863,"date":"2025-11-21T11:09:56","date_gmt":"2025-11-21T11:09:56","guid":{"rendered":"https:\/\/chemgramx.com\/?post_type=product&#038;p=6863"},"modified":"2025-11-21T11:10:52","modified_gmt":"2025-11-21T11:10:52","slug":"5f-adb-5f-mdmb-pinaca-acquistare-online","status":"publish","type":"product","link":"https:\/\/chemgramx.com\/it\/product\/5f-adb-5f-mdmb-pinaca-online-kaufen\/","title":{"rendered":"5F-ADB (5F-MDMB-PINACA) acquistare online"},"content":{"rendered":"<p data-start=\"558\" data-end=\"961\">I cannabinoidi sintetici svolgono oggi un ruolo centrale nella medicina moderna. <strong data-start=\"634\" data-end=\"698\">ricerca farmaceutica, tossicologica e forense<\/strong>. Tra queste sostanze <strong data-start=\"730\" data-end=\"757\">5F-ADB (5F-MDMB-PINACA)<\/strong> occupa un posto speciale. Grazie alla sua elevata potenza e alla precisa modalit\u00e0 d'azione, viene utilizzato in tutto il mondo dai laboratori specializzati nei recettori dei cannabinoidi e nella loro attivit\u00e0 biologica.<\/p>\n<p data-start=\"963\" data-end=\"1350\">Ricercatori che <strong data-start=\"977\" data-end=\"1001\">Acquistare 5F-ADB online<\/strong>, Il nuovo farmaco \u00e8 uno strumento prezioso per studiare le complesse interazioni tra il legame con i recettori, la segnalazione neuronale e l'attivit\u00e0 metabolica. Questa guida illustra le propriet\u00e0 della sostanza, le sue applicazioni nella ricerca e le caratteristiche da tenere d'occhio per <strong data-start=\"1292\" data-end=\"1347\">5F-ADB (5F-MDMB-PINACA) sicuro e affidabile da acquistare<\/strong>.<\/p>\n<h2 data-start=\"1357\" data-end=\"1422\">L'ascesa dei cannabinoidi sintetici nella ricerca<\/h2>\n<p data-start=\"1424\" data-end=\"1822\">Con il crescente interesse per gli analoghi dei cannabinoidi, aumenta anche la richiesta di sostanze chimiche di ricerca standardizzate e di elevata purezza. Sostanze come <strong data-start=\"1574\" data-end=\"1592\">4F-MDMB-BINACA<\/strong>, <strong data-start=\"1594\" data-end=\"1607\">5CL-ADB-A<\/strong> o semplicemente <strong data-start=\"1618\" data-end=\"1645\">5F-ADB (5F-MDMB-PINACA)<\/strong> sono diventati parte integrante dei laboratori moderni. Servono come <a href=\"\/product\/mexikanisches-kokain\/\"><strong data-start=\"1710\" data-end=\"1733\">Materiali di riferimento<\/strong><\/a>, per sviluppare nuovi metodi di rilevamento o confrontare gli effetti farmacologici.<\/p>\n<p data-start=\"1824\" data-end=\"2020\">I ricercatori utilizzano il 5F-ADB per comprendere meglio i meccanismi dei cannabinoidi sintetici, creare profili di tossicit\u00e0 e identificare possibili interazioni con altri principi attivi.<\/p>\n<h2 data-start=\"2027\" data-end=\"2068\">Che cos'\u00e8 il 5F-ADB (5F-MDMB-PINACA)?<\/h2>\n<p data-start=\"2070\" data-end=\"2401\"><strong data-start=\"2070\" data-end=\"2080\">5F-ADB<\/strong>conosciuto anche come <strong data-start=\"2099\" data-end=\"2117\">5F-MDMB-PINACA<\/strong>, \u00e8 un cannabinoide sintetico a base di indazolo che viene utilizzato come <strong data-start=\"2180\" data-end=\"2218\"><a href=\"\/product\/egg-rolls-tomorrow-land-286-mg-mdma-online-kaufen\/\">pi\u00f9 completo<\/a> Agonista del recettore CB1<\/strong> funziona. \u00c8 una delle potenti sostanze che succedono alla FUB-AMB e alla MDMB-CHMICA ed \u00e8 caratterizzata da un'affinit\u00e0 di legame estremamente forte con i recettori CB1 del cervello.<\/p>\n<p data-start=\"2403\" data-end=\"2710\">Questa propriet\u00e0 porta a effetti pronunciati anche con quantit\u00e0 minime: uno dei motivi per cui il 5F-ADB viene utilizzato quasi esclusivamente in ambienti di laboratorio. \u00c8 <strong data-start=\"2572\" data-end=\"2618\">non destinato al consumo umano<\/strong>, ma esclusivamente per scopi di ricerca analitica e farmacologica.<\/p>\n<p data-start=\"2712\" data-end=\"2863\">Il composto viene spesso utilizzato in studi tossicologici comparativi per valutare la reattivit\u00e0 e la stabilit\u00e0 dei cannabinoidi sintetici.<\/p>\n<h2 data-start=\"2870\" data-end=\"2932\">Vantaggi del 5F-ADB (5F-MDMB-PINACA) nella ricerca<\/h2>\n<p data-start=\"2934\" data-end=\"3072\">I ricercatori decidono a favore di <strong data-start=\"2964\" data-end=\"2974\">5F-ADB<\/strong>, perch\u00e9 la sostanza \u00e8 uno strumento di analisi affidabile e preciso sotto molti aspetti.<\/p>\n<p data-start=\"3074\" data-end=\"3094\"><strong data-start=\"3074\" data-end=\"3092\">Vantaggi principali:<\/strong><\/p>\n<ul data-start=\"3095\" data-end=\"3448\">\n<li data-start=\"3095\" data-end=\"3203\">\n<p data-start=\"3097\" data-end=\"3203\"><strong data-start=\"3097\" data-end=\"3125\">Potenza eccezionale:<\/strong> Anche a concentrazioni molto basse, il 5F-ADB mostra una chiara attivazione del CB1.<\/p>\n<\/li>\n<li data-start=\"3204\" data-end=\"3331\">\n<p data-start=\"3206\" data-end=\"3331\"><strong data-start=\"3206\" data-end=\"3237\">Risultati riproducibili:<\/strong> La struttura chimica stabile consente di ottenere risultati coerenti tra i singoli studi.<\/p>\n<\/li>\n<li data-start=\"3332\" data-end=\"3448\">\n<p data-start=\"3334\" data-end=\"3448\"><strong data-start=\"3334\" data-end=\"3369\">Ampia gamma di applicazioni:<\/strong> Ideale per la ricerca farmacologica, forense e tossicologica.<\/p>\n<\/li>\n<\/ul>\n<p data-start=\"3450\" data-end=\"3611\">Inoltre, i laboratori utilizzano la sostanza per convalidare nuovi metodi analitici, ad esempio metodi LC-MS\/MS per identificare metaboliti e prodotti di degradazione.<\/p>\n<h2 data-start=\"3618\" data-end=\"3654\">Aree di applicazione tipiche<\/h2>\n<p data-start=\"3656\" data-end=\"3749\">Nelle moderne strutture di ricerca <strong data-start=\"3697\" data-end=\"3724\">5F-ADB (5F-MDMB-PINACA)<\/strong> utilizzati in molti modi diversi:<\/p>\n<ul data-start=\"3751\" data-end=\"4057\">\n<li data-start=\"3751\" data-end=\"3821\">\n<p data-start=\"3753\" data-end=\"3821\"><strong data-start=\"3753\" data-end=\"3781\">Studi sui recettori CB1\/CB2<\/strong> per analizzare le curve di affinit\u00e0<\/p>\n<\/li>\n<li data-start=\"3822\" data-end=\"3874\">\n<p data-start=\"3824\" data-end=\"3874\"><strong data-start=\"3824\" data-end=\"3846\">Behavioral analysis<\/strong> in modelli preclinici<\/p>\n<\/li>\n<li data-start=\"3875\" data-end=\"3925\">\n<p data-start=\"3877\" data-end=\"3925\"><strong data-start=\"3877\" data-end=\"3923\">Sviluppo di metodi di rilevamento forensi<\/strong><\/p>\n<\/li>\n<li data-start=\"3926\" data-end=\"3983\">\n<p data-start=\"3928\" data-end=\"3983\"><strong data-start=\"3928\" data-end=\"3981\">Screening tossicologici e analisi dei metaboliti<\/strong><\/p>\n<\/li>\n<li data-start=\"3984\" data-end=\"4057\">\n<p data-start=\"3986\" data-end=\"4057\"><strong data-start=\"3986\" data-end=\"4007\">Studi comparativi<\/strong> con cannabinoidi correlati come il 4F-MDMB-BINACA<\/p>\n<\/li>\n<\/ul>\n<p data-start=\"4059\" data-end=\"4171\">Questa ampiezza di applicazione spiega perch\u00e9 l'acquisto di 5F-ADB online \u00e8 diventato una pratica standard per molti ricercatori.<\/p>\n<h2 data-start=\"4178\" data-end=\"4218\">Criteri di purezza e qualit\u00e0<\/h2>\n<p data-start=\"4220\" data-end=\"4496\">Dato che anche minime impurit\u00e0 possono influenzare i risultati dei test scientifici, \u00e8 <strong data-start=\"4322\" data-end=\"4349\">La purezza \u00e8 la priorit\u00e0 assoluta<\/strong>. I fornitori affidabili garantiscono un <strong data-start=\"4385\" data-end=\"4418\">Purezza chimica di \u2265 98 %<\/strong>, confermata da un ente indipendente <strong data-start=\"4448\" data-end=\"4493\">Certificati COA (Certificato di analisi)<\/strong>.<\/p>\n<p data-start=\"4498\" data-end=\"4559\">Altre caratteristiche di qualit\u00e0 che i ricercatori dovrebbero ricercare:<\/p>\n<ul data-start=\"4560\" data-end=\"4769\">\n<li data-start=\"4560\" data-end=\"4615\">\n<p data-start=\"4562\" data-end=\"4615\">Produzione in laboratori certificati ISO o GMP<\/p>\n<\/li>\n<li data-start=\"4616\" data-end=\"4652\">\n<p data-start=\"4618\" data-end=\"4652\">Documenti di test specifici per lotto<\/p>\n<\/li>\n<li data-start=\"4653\" data-end=\"4714\">\n<p data-start=\"4655\" data-end=\"4714\">Informazioni trasparenti sulla struttura chimica e sullo stoccaggio<\/p>\n<\/li>\n<li data-start=\"4715\" data-end=\"4769\">\n<p data-start=\"4717\" data-end=\"4769\">Imballaggio sicuro e consegna a temperatura stabile<\/p>\n<\/li>\n<\/ul>\n<p data-start=\"4771\" data-end=\"4882\">Un fornitore che soddisfa questi standard garantisce risultati di ricerca affidabili e comparabili.<\/p>\n<h2 data-start=\"4889\" data-end=\"4917\">Avviso legale<\/h2>\n<p data-start=\"4919\" data-end=\"5007\">Lo stato giuridico di <strong data-start=\"4945\" data-end=\"4972\">5F-ADB (5F-MDMB-PINACA)<\/strong> varia a seconda del Paese.<\/p>\n<ul data-start=\"5009\" data-end=\"5251\">\n<li data-start=\"5009\" data-end=\"5073\">\n<p data-start=\"5011\" data-end=\"5073\"><strong data-start=\"5011\" data-end=\"5027\">Germania:<\/strong> Elencato nell'NpSG e quindi vietato.<\/p>\n<\/li>\n<li data-start=\"5074\" data-end=\"5134\">\n<p data-start=\"5076\" data-end=\"5134\"><strong data-start=\"5076\" data-end=\"5091\">Austria:<\/strong> Rientra nella legge sulle sostanze stupefacenti (SMG).<\/p>\n<\/li>\n<li data-start=\"5135\" data-end=\"5184\">\n<p data-start=\"5137\" data-end=\"5184\"><strong data-start=\"5137\" data-end=\"5145\">USA:<\/strong> Soggetto alla legge federale sugli analoghi.<\/p>\n<\/li>\n<li data-start=\"5185\" data-end=\"5251\">\n<p data-start=\"5187\" data-end=\"5251\"><strong data-start=\"5187\" data-end=\"5194\">UE:<\/strong> Rigorosamente regolamentati o vietati nella maggior parte dei Paesi.<\/p>\n<\/li>\n<\/ul>\n<p data-start=\"5253\" data-end=\"5454\">I ricercatori devono pertanto verificare le normative vigenti nel proprio Paese prima di effettuare un ordine. Gli acquisti per scopi puramente scientifici sono consentiti solo in determinati contesti legali.<\/p>\n<h2 data-start=\"5461\" data-end=\"5520\">Dove acquistare 5F-ADB (5F-MDMB-PINACA) online?<\/h2>\n<p data-start=\"5522\" data-end=\"5731\">Quando si cerca un fornitore affidabile, \u00e8 consigliabile prestare attenzione ad alcuni criteri. Ricercatori che <strong data-start=\"5633\" data-end=\"5654\">acquistare 5F-ADB online<\/strong>, dovrebbero scegliere fornitori che garantiscano trasparenza e qualit\u00e0 del laboratorio.<\/p>\n<p data-start=\"5733\" data-end=\"5771\"><strong data-start=\"5733\" data-end=\"5769\">Lista di controllo per fornitori affidabili:<\/strong><\/p>\n<ul data-start=\"5772\" data-end=\"6048\">\n<li data-start=\"5772\" data-end=\"5824\">\n<p data-start=\"5774\" data-end=\"5824\"><strong data-start=\"5774\" data-end=\"5793\">\u2265 98 % Purezza<\/strong> e certificato COA in corso di validit\u00e0<\/p>\n<\/li>\n<li data-start=\"5825\" data-end=\"5879\">\n<p data-start=\"5827\" data-end=\"5879\"><strong data-start=\"5827\" data-end=\"5850\">Indicazione chiara<\/strong> \u201eSolo per scopi di ricerca\u201c<\/p>\n<\/li>\n<li data-start=\"5880\" data-end=\"5940\">\n<p data-start=\"5882\" data-end=\"5940\"><strong data-start=\"5882\" data-end=\"5906\">Recensioni positive<\/strong> e riferimenti tracciabili<\/p>\n<\/li>\n<li data-start=\"5941\" data-end=\"5990\">\n<p data-start=\"5943\" data-end=\"5990\"><strong data-start=\"5943\" data-end=\"5965\">Consegna discreta<\/strong> con tracciabilit\u00e0 della spedizione<\/p>\n<\/li>\n<li data-start=\"5991\" data-end=\"6048\">\n<p data-start=\"5993\" data-end=\"6048\"><strong data-start=\"5993\" data-end=\"6009\">Prezzi equi<\/strong> in relazione alla qualit\u00e0 e alla purezza<\/p>\n<\/li>\n<\/ul>\n<p data-start=\"6050\" data-end=\"6199\">I prodotti privi di certificati o con prezzi irrealisticamente bassi dovrebbero essere evitati, in quanto rappresentano un rischio per la validit\u00e0 scientifica.<\/p>\n<h2 data-start=\"6206\" data-end=\"6248\">Cosa fare per l'acquisto<\/h2>\n<p data-start=\"6250\" data-end=\"6497\">Anche se un'attraente <strong data-start=\"6276\" data-end=\"6292\">Prezzo 5F-ADB<\/strong> Anche se un prodotto pu\u00f2 sembrare allettante, la decisione deve sempre basarsi sulla qualit\u00e0 e sulla sicurezza. Le offerte a buon mercato senza analisi di laboratorio comprovate comportano il rischio di impurit\u00e0 o false dichiarazioni.<\/p>\n<p data-start=\"6499\" data-end=\"6520\">Si prega quindi di notare che:<\/p>\n<ul data-start=\"6521\" data-end=\"6669\">\n<li data-start=\"6521\" data-end=\"6564\">\n<p data-start=\"6523\" data-end=\"6564\">Non \u00e8 possibile ordinare da fornitori senza un COA<\/p>\n<\/li>\n<li data-start=\"6565\" data-end=\"6619\">\n<p data-start=\"6567\" data-end=\"6619\">Nessun prodotto senza una chiara indicazione dello scopo della ricerca<\/p>\n<\/li>\n<li data-start=\"6620\" data-end=\"6669\">\n<p data-start=\"6622\" data-end=\"6669\">Attenzione all'origine non rintracciabile<\/p>\n<\/li>\n<\/ul>\n<p data-start=\"6671\" data-end=\"6824\">Un negozio affidabile combinato <strong data-start=\"6710\" data-end=\"6778\">Prezzi equi, trasparenza analitica e conformit\u00e0 legale<\/strong> - le tre chiavi per una ricerca seria.<\/p>\n<h2 data-start=\"6831\" data-end=\"6845\">Conclusione<\/h2>\n<p data-start=\"6847\" data-end=\"7089\"><strong data-start=\"6847\" data-end=\"6874\">5F-ADB (5F-MDMB-PINACA)<\/strong> \u00e8 uno dei cannabinoidi sintetici pi\u00f9 importanti nella storia recente della ricerca. Grazie alla sua eccezionale potenza e affinit\u00e0 recettoriale, fornisce dati preziosi per la farmacologia e la tossicologia.<\/p>\n<p data-start=\"7091\" data-end=\"7326\">Ricercatori che <strong data-start=\"7105\" data-end=\"7129\">Acquistare 5F-ADB online<\/strong>, dovrebbero affidarsi a fonti certificate che offrono purezza, verifica COA e trasparenza legale. Solo in questo modo i risultati scientifici possono essere precisi, riproducibili e affidabili.<\/p>\n<p data-start=\"7328\" data-end=\"7536\">Il <strong data-start=\"7332\" data-end=\"7390\">il miglior posto per acquistare 5F-ADB (5F-MDMB-PINACA) online<\/strong>, \u00e8 un fornitore che agisce come <strong data-start=\"7418\" data-end=\"7451\">Fonte di ricerca affidabile<\/strong> \u00e8 riconosciuto - con una qualit\u00e0 di laboratorio testata, una spedizione discreta e prezzi equi.<\/p>\n<p data-start=\"7538\" data-end=\"7745\"><strong data-start=\"7538\" data-end=\"7620\">Acquistare 5F-ADB (5F-MDMB-PINACA) online da una fonte di ricerca affidabile<\/strong> significa concentrarsi sulla sicurezza, sulla qualit\u00e0 e sull'integrit\u00e0 scientifica, i capisaldi di ogni ricerca seria.<\/p>","protected":false},"excerpt":{"rendered":"<div class=\"flex-shrink-0 flex flex-col relative items-end\">\n<div>\n<div class=\"pt-0\">\n<div class=\"gizmo-bot-avatar flex h-8 w-8 items-center justify-center overflow-hidden rounded-full\">\n<div class=\"relative p-1 rounded-sm flex items-center justify-center bg-token-main-surface-primary text-token-text-primary h-8 w-8\"><strong>\u00a05F-ADB (5F-MDMB-PINACA)<\/strong><\/div>\n<\/div>\n<\/div>\n<\/div>\n<\/div>\n<div class=\"group\/conversation-turn relative flex w-full min-w-0 flex-col agent-turn\">\n<div class=\"flex-col gap-1 md:gap-3\">\n<div class=\"flex max-w-full flex-col flex-grow\">\n<div class=\"min-h-8 text-message flex w-full flex-col items-end gap-2 whitespace-normal break-words [.text-message+&amp;]:mt-5\" dir=\"auto\" data-message-author-role=\"assistant\" data-message-id=\"71549824-3bc5-4516-9660-f56191797b70\" data-message-model-slug=\"gpt-4o-mini\">\n<div class=\"flex w-full flex-col gap-1 empty:hidden first:pt-[3px]\">\n<div class=\"markdown prose w-full break-words dark:prose-invert light\">\n<p>5F-ADB, auch bekannt als 5F-MDMB-PINACA, ist ein synthetisches Cannabinoid, das auf dem Markt f\u00fcr Designer-Drogen an Beliebtheit gewonnen hat. Es ahmt die Wirkungen von THC, dem aktiven Bestandteil von Cannabis, nach, kann jedoch intensivere und unberechenbare Ergebnisse liefern.<\/p>\n<\/div>\n<\/div>\n<\/div>\n<\/div>\n<\/div>\n<\/div>\n","protected":false},"featured_media":6870,"comment_status":"open","ping_status":"closed","template":"","meta":{"_joinchat":[]},"product_brand":[],"product_cat":[47],"product_tag":[79,74,68,78,80,82,77,81],"class_list":{"0":"post-6863","1":"product","2":"type-product","3":"status-publish","4":"has-post-thumbnail","6":"product_cat-cannabinoids","7":"product_tag-5f-mdmb-pinaca-bestellen","8":"product_tag-research-chemical-kaufen","9":"product_tag-synthetisches-cannabinoid-kaufen","10":"product_tag-5f-adb-kaufen","11":"product_tag-die-nach-5f-adb-suchen","12":"product_tag-er-richtet-sich-an-kunden","13":"product_tag-risiken-und-die-vorteile-des-kaufs-bei-chemgramx","14":"product_tag-und-informiert-uber-die-effekte","16":"first","17":"instock","18":"shipping-taxable","19":"purchasable","20":"product-type-variable"},"yoast_head":"<!-- This site is optimized with the Yoast SEO plugin v27.5 - https:\/\/yoast.com\/product\/yoast-seo-wordpress\/ -->\n<title>5F-ADB (5F-MDMB-PINACA) online kaufen \u2013 5F-ADB zu verkaufen<\/title>\n<meta name=\"description\" content=\"Wenn Sie 5f-adb (5f-mdmb-pinaca) noch nicht in unserem Shop ausprobiert haben, dann verpassen Sie eine Menge. Wir helfen Ihnen, 5f-adb (5f-mdmb-pinaca) g\u00fcnstig online zu kaufen. Kaufen Sie 5f-adb (5f-mdmb-pinaca) noch heute!\" \/>\n<meta name=\"robots\" content=\"index, follow, max-snippet:-1, max-image-preview:large, max-video-preview:-1\" \/>\n<link rel=\"canonical\" href=\"https:\/\/chemgramx.com\/it\/prodotto-1\/5f-adb-5f-mdmb-pinaca-acquistare-online\/\" \/>\n<meta property=\"og:locale\" content=\"it_IT\" \/>\n<meta property=\"og:type\" content=\"article\" \/>\n<meta property=\"og:title\" content=\"5F-ADB (5F-MDMB-PINACA) online kaufen \u2013 5F-ADB zu verkaufen\" \/>\n<meta property=\"og:description\" content=\"Wenn Sie 5f-adb (5f-mdmb-pinaca) noch nicht in unserem Shop ausprobiert haben, dann verpassen Sie eine Menge. Wir helfen Ihnen, 5f-adb (5f-mdmb-pinaca) g\u00fcnstig online zu kaufen. Kaufen Sie 5f-adb (5f-mdmb-pinaca) noch heute!\" \/>\n<meta property=\"og:url\" content=\"https:\/\/chemgramx.com\/it\/prodotto-1\/5f-adb-5f-mdmb-pinaca-acquistare-online\/\" \/>\n<meta property=\"og:site_name\" content=\"Chemgramx\" \/>\n<meta property=\"article:modified_time\" content=\"2025-11-21T11:10:52+00:00\" \/>\n<meta property=\"og:image\" content=\"https:\/\/chemgramx.com\/wp-content\/uploads\/2025\/11\/5F-ADB-5F-MDMB-PINACA-kaufen.jpg\" \/>\n\t<meta property=\"og:image:width\" content=\"500\" \/>\n\t<meta property=\"og:image:height\" content=\"500\" \/>\n\t<meta property=\"og:image:type\" content=\"image\/jpeg\" \/>\n<meta name=\"twitter:card\" content=\"summary_large_image\" \/>\n<meta name=\"twitter:label1\" content=\"Tempo di lettura stimato\" \/>\n\t<meta name=\"twitter:data1\" content=\"4 minuti\" \/>\n<script type=\"application\/ld+json\" class=\"yoast-schema-graph\">{\"@context\":\"https:\\\/\\\/schema.org\",\"@graph\":[{\"@type\":\"WebPage\",\"@id\":\"https:\\\/\\\/chemgramx.com\\\/product\\\/5f-adb-5f-mdmb-pinaca-online-kaufen\\\/\",\"url\":\"https:\\\/\\\/chemgramx.com\\\/product\\\/5f-adb-5f-mdmb-pinaca-online-kaufen\\\/\",\"name\":\"5F-ADB (5F-MDMB-PINACA) online kaufen \u2013 5F-ADB zu verkaufen\",\"isPartOf\":{\"@id\":\"https:\\\/\\\/chemgramx.com\\\/#website\"},\"primaryImageOfPage\":{\"@id\":\"https:\\\/\\\/chemgramx.com\\\/product\\\/5f-adb-5f-mdmb-pinaca-online-kaufen\\\/#primaryimage\"},\"image\":{\"@id\":\"https:\\\/\\\/chemgramx.com\\\/product\\\/5f-adb-5f-mdmb-pinaca-online-kaufen\\\/#primaryimage\"},\"thumbnailUrl\":\"https:\\\/\\\/chemgramx.com\\\/wp-content\\\/uploads\\\/2025\\\/11\\\/5F-ADB-5F-MDMB-PINACA-kaufen.jpg\",\"datePublished\":\"2025-11-21T11:09:56+00:00\",\"dateModified\":\"2025-11-21T11:10:52+00:00\",\"description\":\"Wenn Sie 5f-adb (5f-mdmb-pinaca) noch nicht in unserem Shop ausprobiert haben, dann verpassen Sie eine Menge. Wir helfen Ihnen, 5f-adb (5f-mdmb-pinaca) g\u00fcnstig online zu kaufen. Kaufen Sie 5f-adb (5f-mdmb-pinaca) noch heute!\",\"breadcrumb\":{\"@id\":\"https:\\\/\\\/chemgramx.com\\\/product\\\/5f-adb-5f-mdmb-pinaca-online-kaufen\\\/#breadcrumb\"},\"inLanguage\":\"it-IT\",\"potentialAction\":[{\"@type\":\"ReadAction\",\"target\":[\"https:\\\/\\\/chemgramx.com\\\/product\\\/5f-adb-5f-mdmb-pinaca-online-kaufen\\\/\"]}]},{\"@type\":\"ImageObject\",\"inLanguage\":\"it-IT\",\"@id\":\"https:\\\/\\\/chemgramx.com\\\/product\\\/5f-adb-5f-mdmb-pinaca-online-kaufen\\\/#primaryimage\",\"url\":\"https:\\\/\\\/chemgramx.com\\\/wp-content\\\/uploads\\\/2025\\\/11\\\/5F-ADB-5F-MDMB-PINACA-kaufen.jpg\",\"contentUrl\":\"https:\\\/\\\/chemgramx.com\\\/wp-content\\\/uploads\\\/2025\\\/11\\\/5F-ADB-5F-MDMB-PINACA-kaufen.jpg\",\"width\":500,\"height\":500},{\"@type\":\"BreadcrumbList\",\"@id\":\"https:\\\/\\\/chemgramx.com\\\/product\\\/5f-adb-5f-mdmb-pinaca-online-kaufen\\\/#breadcrumb\",\"itemListElement\":[{\"@type\":\"ListItem\",\"position\":1,\"name\":\"Home\",\"item\":\"https:\\\/\\\/chemgramx.com\\\/\"},{\"@type\":\"ListItem\",\"position\":2,\"name\":\"Shop\",\"item\":\"https:\\\/\\\/chemgramx.com\\\/shop\\\/\"},{\"@type\":\"ListItem\",\"position\":3,\"name\":\"5F-ADB (5F-MDMB-PINACA) online kaufen\"}]},{\"@type\":\"WebSite\",\"@id\":\"https:\\\/\\\/chemgramx.com\\\/#website\",\"url\":\"https:\\\/\\\/chemgramx.com\\\/\",\"name\":\"Chemgramx\",\"description\":\"\",\"publisher\":{\"@id\":\"https:\\\/\\\/chemgramx.com\\\/#organization\"},\"potentialAction\":[{\"@type\":\"SearchAction\",\"target\":{\"@type\":\"EntryPoint\",\"urlTemplate\":\"https:\\\/\\\/chemgramx.com\\\/?s={search_term_string}\"},\"query-input\":{\"@type\":\"PropertyValueSpecification\",\"valueRequired\":true,\"valueName\":\"search_term_string\"}}],\"inLanguage\":\"it-IT\"},{\"@type\":\"Organization\",\"@id\":\"https:\\\/\\\/chemgramx.com\\\/#organization\",\"name\":\"Chemgramx\",\"url\":\"https:\\\/\\\/chemgramx.com\\\/\",\"logo\":{\"@type\":\"ImageObject\",\"inLanguage\":\"it-IT\",\"@id\":\"https:\\\/\\\/chemgramx.com\\\/#\\\/schema\\\/logo\\\/image\\\/\",\"url\":\"https:\\\/\\\/chemgramx.com\\\/wp-content\\\/uploads\\\/2024\\\/10\\\/final-logo.png\",\"contentUrl\":\"https:\\\/\\\/chemgramx.com\\\/wp-content\\\/uploads\\\/2024\\\/10\\\/final-logo.png\",\"width\":250,\"height\":48,\"caption\":\"Chemgramx\"},\"image\":{\"@id\":\"https:\\\/\\\/chemgramx.com\\\/#\\\/schema\\\/logo\\\/image\\\/\"}}]}<\/script>\n<!-- \/ Yoast SEO plugin. -->","yoast_head_json":{"title":"Acquista 5F-ADB (5F-MDMB-PINACA) online \u2013 5F-ADB in vendita","description":"Se non hai ancora provato 5f-adb (5f-mdmb-pinaca) nel nostro negozio, ti stai perdendo un'occasione. Ti aiuteremo ad acquistare 5f-adb (5f-mdmb-pinaca) online a un ottimo prezzo. Acquista 5f-adb (5f-mdmb-pinaca) oggi stesso!","robots":{"index":"index","follow":"follow","max-snippet":"max-snippet:-1","max-image-preview":"max-image-preview:large","max-video-preview":"max-video-preview:-1"},"canonical":"https:\/\/chemgramx.com\/it\/prodotto-1\/5f-adb-5f-mdmb-pinaca-acquistare-online\/","og_locale":"it_IT","og_type":"article","og_title":"5F-ADB (5F-MDMB-PINACA) online kaufen \u2013 5F-ADB zu verkaufen","og_description":"Wenn Sie 5f-adb (5f-mdmb-pinaca) noch nicht in unserem Shop ausprobiert haben, dann verpassen Sie eine Menge. Wir helfen Ihnen, 5f-adb (5f-mdmb-pinaca) g\u00fcnstig online zu kaufen. Kaufen Sie 5f-adb (5f-mdmb-pinaca) noch heute!","og_url":"https:\/\/chemgramx.com\/it\/prodotto-1\/5f-adb-5f-mdmb-pinaca-acquistare-online\/","og_site_name":"Chemgramx","article_modified_time":"2025-11-21T11:10:52+00:00","og_image":[{"width":500,"height":500,"url":"https:\/\/chemgramx.com\/wp-content\/uploads\/2025\/11\/5F-ADB-5F-MDMB-PINACA-kaufen.jpg","type":"image\/jpeg"}],"twitter_card":"summary_large_image","twitter_misc":{"Tempo di lettura stimato":"4 minuti"},"schema":{"@context":"https:\/\/schema.org","@graph":[{"@type":"WebPage","@id":"https:\/\/chemgramx.com\/product\/5f-adb-5f-mdmb-pinaca-online-kaufen\/","url":"https:\/\/chemgramx.com\/product\/5f-adb-5f-mdmb-pinaca-online-kaufen\/","name":"Acquista 5F-ADB (5F-MDMB-PINACA) online \u2013 5F-ADB in vendita","isPartOf":{"@id":"https:\/\/chemgramx.com\/#website"},"primaryImageOfPage":{"@id":"https:\/\/chemgramx.com\/product\/5f-adb-5f-mdmb-pinaca-online-kaufen\/#primaryimage"},"image":{"@id":"https:\/\/chemgramx.com\/product\/5f-adb-5f-mdmb-pinaca-online-kaufen\/#primaryimage"},"thumbnailUrl":"https:\/\/chemgramx.com\/wp-content\/uploads\/2025\/11\/5F-ADB-5F-MDMB-PINACA-kaufen.jpg","datePublished":"2025-11-21T11:09:56+00:00","dateModified":"2025-11-21T11:10:52+00:00","description":"Se non hai ancora provato 5f-adb (5f-mdmb-pinaca) nel nostro negozio, ti stai perdendo un'occasione. Ti aiuteremo ad acquistare 5f-adb (5f-mdmb-pinaca) online a un ottimo prezzo. Acquista 5f-adb (5f-mdmb-pinaca) oggi stesso!","breadcrumb":{"@id":"https:\/\/chemgramx.com\/product\/5f-adb-5f-mdmb-pinaca-online-kaufen\/#breadcrumb"},"inLanguage":"it-IT","potentialAction":[{"@type":"ReadAction","target":["https:\/\/chemgramx.com\/product\/5f-adb-5f-mdmb-pinaca-online-kaufen\/"]}]},{"@type":"ImageObject","inLanguage":"it-IT","@id":"https:\/\/chemgramx.com\/product\/5f-adb-5f-mdmb-pinaca-online-kaufen\/#primaryimage","url":"https:\/\/chemgramx.com\/wp-content\/uploads\/2025\/11\/5F-ADB-5F-MDMB-PINACA-kaufen.jpg","contentUrl":"https:\/\/chemgramx.com\/wp-content\/uploads\/2025\/11\/5F-ADB-5F-MDMB-PINACA-kaufen.jpg","width":500,"height":500},{"@type":"BreadcrumbList","@id":"https:\/\/chemgramx.com\/product\/5f-adb-5f-mdmb-pinaca-online-kaufen\/#breadcrumb","itemListElement":[{"@type":"ListItem","position":1,"name":"Home","item":"https:\/\/chemgramx.com\/"},{"@type":"ListItem","position":2,"name":"Shop","item":"https:\/\/chemgramx.com\/shop\/"},{"@type":"ListItem","position":3,"name":"5F-ADB (5F-MDMB-PINACA) online kaufen"}]},{"@type":"WebSite","@id":"https:\/\/chemgramx.com\/#website","url":"https:\/\/chemgramx.com\/","name":"Chemgramx","description":"","publisher":{"@id":"https:\/\/chemgramx.com\/#organization"},"potentialAction":[{"@type":"SearchAction","target":{"@type":"EntryPoint","urlTemplate":"https:\/\/chemgramx.com\/?s={search_term_string}"},"query-input":{"@type":"PropertyValueSpecification","valueRequired":true,"valueName":"search_term_string"}}],"inLanguage":"it-IT"},{"@type":"Organization","@id":"https:\/\/chemgramx.com\/#organization","name":"Chemgramx","url":"https:\/\/chemgramx.com\/","logo":{"@type":"ImageObject","inLanguage":"it-IT","@id":"https:\/\/chemgramx.com\/#\/schema\/logo\/image\/","url":"https:\/\/chemgramx.com\/wp-content\/uploads\/2024\/10\/final-logo.png","contentUrl":"https:\/\/chemgramx.com\/wp-content\/uploads\/2024\/10\/final-logo.png","width":250,"height":48,"caption":"Chemgramx"},"image":{"@id":"https:\/\/chemgramx.com\/#\/schema\/logo\/image\/"}}]}},"_links":{"self":[{"href":"https:\/\/chemgramx.com\/it\/wp-json\/wp\/v2\/product\/6863","targetHints":{"allow":["GET"]}}],"collection":[{"href":"https:\/\/chemgramx.com\/it\/wp-json\/wp\/v2\/product"}],"about":[{"href":"https:\/\/chemgramx.com\/it\/wp-json\/wp\/v2\/types\/product"}],"replies":[{"embeddable":true,"href":"https:\/\/chemgramx.com\/it\/wp-json\/wp\/v2\/comments?post=6863"}],"wp:featuredmedia":[{"embeddable":true,"href":"https:\/\/chemgramx.com\/it\/wp-json\/wp\/v2\/media\/6870"}],"wp:attachment":[{"href":"https:\/\/chemgramx.com\/it\/wp-json\/wp\/v2\/media?parent=6863"}],"wp:term":[{"taxonomy":"product_brand","embeddable":true,"href":"https:\/\/chemgramx.com\/it\/wp-json\/wp\/v2\/product_brand?post=6863"},{"taxonomy":"product_cat","embeddable":true,"href":"https:\/\/chemgramx.com\/it\/wp-json\/wp\/v2\/product_cat?post=6863"},{"taxonomy":"product_tag","embeddable":true,"href":"https:\/\/chemgramx.com\/it\/wp-json\/wp\/v2\/product_tag?post=6863"}],"curies":[{"name":"wp","href":"https:\/\/api.w.org\/{rel}","templated":true}]}}