{"id":6979,"date":"2025-11-21T11:11:08","date_gmt":"2025-11-21T11:11:08","guid":{"rendered":"https:\/\/chemgramx.com\/?post_type=product&#038;p=6979"},"modified":"2025-11-21T11:12:44","modified_gmt":"2025-11-21T11:12:44","slug":"kaufen-sie-kokain-online","status":"publish","type":"product","link":"https:\/\/chemgramx.com\/it\/product\/kaufen-sie-kokain-online\/","title":{"rendered":"Acquistare cocaina online"},"content":{"rendered":"<p data-start=\"360\" data-end=\"712\">Acquistare cocaina online \u00e8 oggi pi\u00f9 facile, sicuro e discreto che mai. Se apprezzate la massima qualit\u00e0, l'assoluta discrezione e un servizio professionale, siete nel posto giusto. La nostra offerta \u00e8 rivolta ai clienti che cercano cocaina di prima qualit\u00e0 da fonti verificate e che apprezzano un'elaborazione degli ordini anonima e senza problemi.<\/p>\n<p data-start=\"714\" data-end=\"770\"><strong data-start=\"714\" data-end=\"768\">I vostri vantaggi nell'acquistare cocaina online da noi:<\/strong><\/p>\n<ul data-start=\"771\" data-end=\"1335\">\n<li data-start=\"771\" data-end=\"885\">\n<p data-start=\"773\" data-end=\"885\"><strong data-start=\"773\" data-end=\"798\">100% Prodotto originale:<\/strong> Ogni lotto \u00e8 testato per la purezza e la composizione da laboratori indipendenti.<\/p>\n<\/li>\n<li data-start=\"886\" data-end=\"1001\">\n<p data-start=\"888\" data-end=\"1001\"><strong data-start=\"888\" data-end=\"910\">Spedizione discreta:<\/strong> Inviamo l'ordine con una confezione neutra, senza riferimenti al contenuto o al nome del negozio.<\/p>\n<\/li>\n<li data-start=\"1002\" data-end=\"1122\">\n<p data-start=\"1004\" data-end=\"1122\"><strong data-start=\"1004\" data-end=\"1026\">Consegna rapida:<\/strong> Consegna rapida e affidabile in Germania, Austria e Svizzera.<\/p>\n<\/li>\n<li data-start=\"1123\" data-end=\"1240\">\n<p data-start=\"1125\" data-end=\"1240\"><strong data-start=\"1125\" data-end=\"1160\">Opzioni di pagamento flessibili:<\/strong> \u00c8 possibile pagare in modo comodo e anonimo con Bitcoin, USDT o bonifico bancario.<\/p>\n<\/li>\n<li data-start=\"1241\" data-end=\"1335\">\n<p data-start=\"1243\" data-end=\"1335\"><strong data-start=\"1243\" data-end=\"1261\">Servizio clienti:<\/strong> Assistenza personale 24 ore su 24 - amichevole, competente e discreta.<\/p>\n<\/li>\n<\/ul>\n<p data-start=\"1337\" data-end=\"1577\">Che si tratti di piccoli campioni o di grandi quantit\u00e0: Offriamo diverse opzioni per principianti, collezionisti e utenti professionali. Tutti gli ordini vengono elaborati immediatamente e confezionati in modo da proteggere la vostra privacy in ogni momento.<\/p>\n<p data-start=\"1579\" data-end=\"1870\"><strong data-start=\"1579\" data-end=\"1614\">Ecco come funziona l'ordine:<\/strong><br data-start=\"1614\" data-end=\"1617\" \/>Selezionate il prodotto e la quantit\u00e0 desiderata, inserite tutto nel carrello e completate l'acquisto. Il nostro trattamento \u00e8 anonimo, semplice e garantito in modo discreto, affinch\u00e9 possiate ricevere la vostra cocaina senza rischi, senza deviazioni e senza preoccupazioni.<\/p>\n<p data-start=\"1872\" data-end=\"2089\"><strong data-start=\"1872\" data-end=\"1894\">Nota importante:<\/strong><br data-start=\"1894\" data-end=\"1897\" \/>I nostri prodotti sono destinati esclusivamente alla ricerca, all'analisi e ai collezionisti. Vi preghiamo di osservare le leggi vigenti nel vostro Paese e di utilizzare i nostri prodotti in modo responsabile.<\/p>\n<p data-start=\"2091\" data-end=\"2328\"><strong data-start=\"2091\" data-end=\"2111\">In sintesi:<\/strong><br data-start=\"2111\" data-end=\"2114\" \/>Se<a href=\"https:\/\/chemgramx.com\/product\/kokain-volkswagen-90-rein\/\"> Cocaina<\/a> online, potete contare su una qualit\u00e0 testata, una spedizione discreta e un partner esperto. Affidatevi alla nostra esperienza: ordinate ora e provate la differenza!<\/p>\n<h2 data-start=\"2335\" data-end=\"2375\"><strong data-start=\"2341\" data-end=\"2375\">Acquistare cocaina online - FAQ<\/strong><\/h2>\n<p data-start=\"2377\" data-end=\"2584\"><strong data-start=\"2377\" data-end=\"2387\">Domanda:<\/strong><br data-start=\"2387\" data-end=\"2390\" \/><strong data-start=\"2390\" data-end=\"2461\">Quanto \u00e8 sicura e discreta la spedizione quando si acquista cocaina online?<\/strong><br data-start=\"2461\" data-end=\"2464\" \/><strong data-start=\"2464\" data-end=\"2476\">Risposta:<\/strong><br data-start=\"2476\" data-end=\"2479\" \/>Imballiamo tutti gli ordini in modo neutrale e anonimo, senza alcuna indicazione del contenuto o del mittente.<\/p>\n<p data-start=\"2591\" data-end=\"2776\"><strong data-start=\"2591\" data-end=\"2601\">Domanda:<\/strong><br data-start=\"2601\" data-end=\"2604\" \/><strong data-start=\"2604\" data-end=\"2644\">Come viene garantita la qualit\u00e0?<\/strong><br data-start=\"2644\" data-end=\"2647\" \/><strong data-start=\"2647\" data-end=\"2659\">Risposta:<\/strong><br data-start=\"2659\" data-end=\"2662\" \/>Tutti i prodotti sono testati da laboratori indipendenti prima della spedizione e soddisfano i pi\u00f9 elevati standard di purezza.<\/p>\n<p data-start=\"2783\" data-end=\"2956\"><strong data-start=\"2783\" data-end=\"2793\">Domanda:<\/strong><br data-start=\"2793\" data-end=\"2796\" \/><strong data-start=\"2796\" data-end=\"2842\">Quali sono i metodi di pagamento accettati?<\/strong><br data-start=\"2842\" data-end=\"2845\" \/><strong data-start=\"2845\" data-end=\"2857\">Risposta:<\/strong><br data-start=\"2857\" data-end=\"2860\" \/>Potete pagare in modo anonimo con Bitcoin, USDT o bonifico bancario - in modo rapido, sicuro e discreto.<\/p>\n<p data-start=\"2963\" data-end=\"3230\"><strong data-start=\"2963\" data-end=\"2973\">Domanda:<\/strong><br data-start=\"2973\" data-end=\"2976\" \/><strong data-start=\"2976\" data-end=\"3038\">A chi \u00e8 destinato l'acquisto online di cocaina da voi?<\/strong><br data-start=\"3038\" data-end=\"3041\" \/><strong data-start=\"3041\" data-end=\"3053\">Risposta:<\/strong><br data-start=\"3053\" data-end=\"3056\" \/>Le nostre offerte sono rivolte esclusivamente a collezionisti, ricercatori e persone con un interesse scientifico. Osservate sempre le norme di legge del vostro Paese.<\/p>\n<p data-start=\"3237\" data-end=\"3391\"><strong data-start=\"3237\" data-end=\"3247\">Domanda:<\/strong><br data-start=\"3247\" data-end=\"3250\" \/><strong data-start=\"3250\" data-end=\"3285\">Quanto tempo ci vuole per la consegna?<\/strong><br data-start=\"3285\" data-end=\"3288\" \/><strong data-start=\"3288\" data-end=\"3300\">Risposta:<\/strong><br data-start=\"3300\" data-end=\"3303\" \/>Di norma, riceverete il vostro ordine entro pochi giorni lavorativi con consegna espressa.<\/p>","protected":false},"excerpt":{"rendered":"<div class=\"woocommerce-product-details__short-description\">\n<p><strong><span dir=\"auto\">Comprare cocaina<\/span><\/strong><span dir=\"auto\">\u00a0online. La cocaina \u00e8 un potente stimolante utilizzato principalmente come droga ricreativa. Di solito viene sniffata, inalata come fumo o sciolta e iniettata in vena.<\/span><\/p>\n<p><span dir=\"auto\">Spedizione: spedizione in 24 ore - in tutto il mondo.<\/span><br \/>\n<span dir=\"auto\">Consegna garantita: spedizione di ritorno o garanzia di rimborso.<\/span><br \/>\n<span dir=\"auto\">Sconto Bitcoin: 10 sconti % utilizzando Bitcoin.<\/span><\/p>\n<p><span dir=\"auto\">Per quantit\u00e0 superiori a 1 kg, contattateci per negoziare il prezzo.<\/span><\/p>\n<\/div>","protected":false},"featured_media":6994,"comment_status":"closed","ping_status":"closed","template":"","meta":{"_joinchat":[]},"product_brand":[],"product_cat":[57],"product_tag":[3033,3177],"class_list":{"0":"post-6979","1":"product","2":"type-product","3":"status-publish","4":"has-post-thumbnail","6":"product_cat-cocaine","7":"product_tag-kokain","8":"product_tag-reines-kokain","10":"first","11":"instock","12":"shipping-taxable","13":"purchasable","14":"product-type-variable"},"yoast_head":"<!-- This site is optimized with the Yoast SEO plugin v27.5 - https:\/\/yoast.com\/product\/yoast-seo-wordpress\/ -->\n<title>Kaufen Sie Kokain online \u2013 Forschungschemikalien zum Verkauf<\/title>\n<meta name=\"description\" content=\"Kaufen Sie Kokain online, europ\u00e4ischer Online-Lieferant f\u00fcr Kokain. Kokain ist ein starkes Stimulans, das haupts\u00e4chlich als Freizeitdroge verwendet wird.\" \/>\n<meta name=\"robots\" content=\"index, follow, max-snippet:-1, max-image-preview:large, max-video-preview:-1\" \/>\n<link rel=\"canonical\" href=\"https:\/\/chemgramx.com\/it\/prodotto-1\/kaufen-sie-kokain-online\/\" \/>\n<meta property=\"og:locale\" content=\"it_IT\" \/>\n<meta property=\"og:type\" content=\"article\" \/>\n<meta property=\"og:title\" content=\"Kaufen Sie Kokain online \u2013 Forschungschemikalien zum Verkauf\" \/>\n<meta property=\"og:description\" content=\"Kaufen Sie Kokain online, europ\u00e4ischer Online-Lieferant f\u00fcr Kokain. Kokain ist ein starkes Stimulans, das haupts\u00e4chlich als Freizeitdroge verwendet wird.\" \/>\n<meta property=\"og:url\" content=\"https:\/\/chemgramx.com\/it\/prodotto-1\/kaufen-sie-kokain-online\/\" \/>\n<meta property=\"og:site_name\" content=\"Chemgramx\" \/>\n<meta property=\"article:modified_time\" content=\"2025-11-21T11:12:44+00:00\" \/>\n<meta property=\"og:image\" content=\"https:\/\/chemgramx.com\/wp-content\/uploads\/2025\/11\/Buy-Cocaine-Online.jpg\" \/>\n\t<meta property=\"og:image:width\" content=\"600\" \/>\n\t<meta property=\"og:image:height\" content=\"450\" \/>\n\t<meta property=\"og:image:type\" content=\"image\/jpeg\" \/>\n<meta name=\"twitter:card\" content=\"summary_large_image\" \/>\n<meta name=\"twitter:label1\" content=\"Tempo di lettura stimato\" \/>\n\t<meta name=\"twitter:data1\" content=\"2 minuti\" \/>\n<script type=\"application\/ld+json\" class=\"yoast-schema-graph\">{\"@context\":\"https:\\\/\\\/schema.org\",\"@graph\":[{\"@type\":\"WebPage\",\"@id\":\"https:\\\/\\\/chemgramx.com\\\/product\\\/kaufen-sie-kokain-online\\\/\",\"url\":\"https:\\\/\\\/chemgramx.com\\\/product\\\/kaufen-sie-kokain-online\\\/\",\"name\":\"Kaufen Sie Kokain online \u2013 Forschungschemikalien zum Verkauf\",\"isPartOf\":{\"@id\":\"https:\\\/\\\/chemgramx.com\\\/#website\"},\"primaryImageOfPage\":{\"@id\":\"https:\\\/\\\/chemgramx.com\\\/product\\\/kaufen-sie-kokain-online\\\/#primaryimage\"},\"image\":{\"@id\":\"https:\\\/\\\/chemgramx.com\\\/product\\\/kaufen-sie-kokain-online\\\/#primaryimage\"},\"thumbnailUrl\":\"https:\\\/\\\/chemgramx.com\\\/wp-content\\\/uploads\\\/2025\\\/11\\\/Buy-Cocaine-Online.jpg\",\"datePublished\":\"2025-11-21T11:11:08+00:00\",\"dateModified\":\"2025-11-21T11:12:44+00:00\",\"description\":\"Kaufen Sie Kokain online, europ\u00e4ischer Online-Lieferant f\u00fcr Kokain. Kokain ist ein starkes Stimulans, das haupts\u00e4chlich als Freizeitdroge verwendet wird.\",\"breadcrumb\":{\"@id\":\"https:\\\/\\\/chemgramx.com\\\/product\\\/kaufen-sie-kokain-online\\\/#breadcrumb\"},\"inLanguage\":\"it-IT\",\"potentialAction\":[{\"@type\":\"ReadAction\",\"target\":[\"https:\\\/\\\/chemgramx.com\\\/product\\\/kaufen-sie-kokain-online\\\/\"]}]},{\"@type\":\"ImageObject\",\"inLanguage\":\"it-IT\",\"@id\":\"https:\\\/\\\/chemgramx.com\\\/product\\\/kaufen-sie-kokain-online\\\/#primaryimage\",\"url\":\"https:\\\/\\\/chemgramx.com\\\/wp-content\\\/uploads\\\/2025\\\/11\\\/Buy-Cocaine-Online.jpg\",\"contentUrl\":\"https:\\\/\\\/chemgramx.com\\\/wp-content\\\/uploads\\\/2025\\\/11\\\/Buy-Cocaine-Online.jpg\",\"width\":600,\"height\":450},{\"@type\":\"BreadcrumbList\",\"@id\":\"https:\\\/\\\/chemgramx.com\\\/product\\\/kaufen-sie-kokain-online\\\/#breadcrumb\",\"itemListElement\":[{\"@type\":\"ListItem\",\"position\":1,\"name\":\"Home\",\"item\":\"https:\\\/\\\/chemgramx.com\\\/\"},{\"@type\":\"ListItem\",\"position\":2,\"name\":\"Shop\",\"item\":\"https:\\\/\\\/chemgramx.com\\\/shop\\\/\"},{\"@type\":\"ListItem\",\"position\":3,\"name\":\"Kaufen Sie Kokain online\"}]},{\"@type\":\"WebSite\",\"@id\":\"https:\\\/\\\/chemgramx.com\\\/#website\",\"url\":\"https:\\\/\\\/chemgramx.com\\\/\",\"name\":\"Chemgramx\",\"description\":\"\",\"publisher\":{\"@id\":\"https:\\\/\\\/chemgramx.com\\\/#organization\"},\"potentialAction\":[{\"@type\":\"SearchAction\",\"target\":{\"@type\":\"EntryPoint\",\"urlTemplate\":\"https:\\\/\\\/chemgramx.com\\\/?s={search_term_string}\"},\"query-input\":{\"@type\":\"PropertyValueSpecification\",\"valueRequired\":true,\"valueName\":\"search_term_string\"}}],\"inLanguage\":\"it-IT\"},{\"@type\":\"Organization\",\"@id\":\"https:\\\/\\\/chemgramx.com\\\/#organization\",\"name\":\"Chemgramx\",\"url\":\"https:\\\/\\\/chemgramx.com\\\/\",\"logo\":{\"@type\":\"ImageObject\",\"inLanguage\":\"it-IT\",\"@id\":\"https:\\\/\\\/chemgramx.com\\\/#\\\/schema\\\/logo\\\/image\\\/\",\"url\":\"https:\\\/\\\/chemgramx.com\\\/wp-content\\\/uploads\\\/2024\\\/10\\\/final-logo.png\",\"contentUrl\":\"https:\\\/\\\/chemgramx.com\\\/wp-content\\\/uploads\\\/2024\\\/10\\\/final-logo.png\",\"width\":250,\"height\":48,\"caption\":\"Chemgramx\"},\"image\":{\"@id\":\"https:\\\/\\\/chemgramx.com\\\/#\\\/schema\\\/logo\\\/image\\\/\"}}]}<\/script>\n<!-- \/ Yoast SEO plugin. -->","yoast_head_json":{"title":"Comprare cocaina online - vendita di prodotti chimici per la ricerca","description":"Acquistare cocaina online, fornitore europeo di cocaina online. La cocaina \u00e8 un potente stimolante utilizzato principalmente come droga ricreativa.","robots":{"index":"index","follow":"follow","max-snippet":"max-snippet:-1","max-image-preview":"max-image-preview:large","max-video-preview":"max-video-preview:-1"},"canonical":"https:\/\/chemgramx.com\/it\/prodotto-1\/kaufen-sie-kokain-online\/","og_locale":"it_IT","og_type":"article","og_title":"Kaufen Sie Kokain online \u2013 Forschungschemikalien zum Verkauf","og_description":"Kaufen Sie Kokain online, europ\u00e4ischer Online-Lieferant f\u00fcr Kokain. Kokain ist ein starkes Stimulans, das haupts\u00e4chlich als Freizeitdroge verwendet wird.","og_url":"https:\/\/chemgramx.com\/it\/prodotto-1\/kaufen-sie-kokain-online\/","og_site_name":"Chemgramx","article_modified_time":"2025-11-21T11:12:44+00:00","og_image":[{"width":600,"height":450,"url":"https:\/\/chemgramx.com\/wp-content\/uploads\/2025\/11\/Buy-Cocaine-Online.jpg","type":"image\/jpeg"}],"twitter_card":"summary_large_image","twitter_misc":{"Tempo di lettura stimato":"2 minuti"},"schema":{"@context":"https:\/\/schema.org","@graph":[{"@type":"WebPage","@id":"https:\/\/chemgramx.com\/product\/kaufen-sie-kokain-online\/","url":"https:\/\/chemgramx.com\/product\/kaufen-sie-kokain-online\/","name":"Comprare cocaina online - vendita di prodotti chimici per la ricerca","isPartOf":{"@id":"https:\/\/chemgramx.com\/#website"},"primaryImageOfPage":{"@id":"https:\/\/chemgramx.com\/product\/kaufen-sie-kokain-online\/#primaryimage"},"image":{"@id":"https:\/\/chemgramx.com\/product\/kaufen-sie-kokain-online\/#primaryimage"},"thumbnailUrl":"https:\/\/chemgramx.com\/wp-content\/uploads\/2025\/11\/Buy-Cocaine-Online.jpg","datePublished":"2025-11-21T11:11:08+00:00","dateModified":"2025-11-21T11:12:44+00:00","description":"Acquistare cocaina online, fornitore europeo di cocaina online. La cocaina \u00e8 un potente stimolante utilizzato principalmente come droga ricreativa.","breadcrumb":{"@id":"https:\/\/chemgramx.com\/product\/kaufen-sie-kokain-online\/#breadcrumb"},"inLanguage":"it-IT","potentialAction":[{"@type":"ReadAction","target":["https:\/\/chemgramx.com\/product\/kaufen-sie-kokain-online\/"]}]},{"@type":"ImageObject","inLanguage":"it-IT","@id":"https:\/\/chemgramx.com\/product\/kaufen-sie-kokain-online\/#primaryimage","url":"https:\/\/chemgramx.com\/wp-content\/uploads\/2025\/11\/Buy-Cocaine-Online.jpg","contentUrl":"https:\/\/chemgramx.com\/wp-content\/uploads\/2025\/11\/Buy-Cocaine-Online.jpg","width":600,"height":450},{"@type":"BreadcrumbList","@id":"https:\/\/chemgramx.com\/product\/kaufen-sie-kokain-online\/#breadcrumb","itemListElement":[{"@type":"ListItem","position":1,"name":"Home","item":"https:\/\/chemgramx.com\/"},{"@type":"ListItem","position":2,"name":"Shop","item":"https:\/\/chemgramx.com\/shop\/"},{"@type":"ListItem","position":3,"name":"Kaufen Sie Kokain online"}]},{"@type":"WebSite","@id":"https:\/\/chemgramx.com\/#website","url":"https:\/\/chemgramx.com\/","name":"Chemgramx","description":"","publisher":{"@id":"https:\/\/chemgramx.com\/#organization"},"potentialAction":[{"@type":"SearchAction","target":{"@type":"EntryPoint","urlTemplate":"https:\/\/chemgramx.com\/?s={search_term_string}"},"query-input":{"@type":"PropertyValueSpecification","valueRequired":true,"valueName":"search_term_string"}}],"inLanguage":"it-IT"},{"@type":"Organization","@id":"https:\/\/chemgramx.com\/#organization","name":"Chemgramx","url":"https:\/\/chemgramx.com\/","logo":{"@type":"ImageObject","inLanguage":"it-IT","@id":"https:\/\/chemgramx.com\/#\/schema\/logo\/image\/","url":"https:\/\/chemgramx.com\/wp-content\/uploads\/2024\/10\/final-logo.png","contentUrl":"https:\/\/chemgramx.com\/wp-content\/uploads\/2024\/10\/final-logo.png","width":250,"height":48,"caption":"Chemgramx"},"image":{"@id":"https:\/\/chemgramx.com\/#\/schema\/logo\/image\/"}}]}},"_links":{"self":[{"href":"https:\/\/chemgramx.com\/it\/wp-json\/wp\/v2\/product\/6979","targetHints":{"allow":["GET"]}}],"collection":[{"href":"https:\/\/chemgramx.com\/it\/wp-json\/wp\/v2\/product"}],"about":[{"href":"https:\/\/chemgramx.com\/it\/wp-json\/wp\/v2\/types\/product"}],"replies":[{"embeddable":true,"href":"https:\/\/chemgramx.com\/it\/wp-json\/wp\/v2\/comments?post=6979"}],"wp:featuredmedia":[{"embeddable":true,"href":"https:\/\/chemgramx.com\/it\/wp-json\/wp\/v2\/media\/6994"}],"wp:attachment":[{"href":"https:\/\/chemgramx.com\/it\/wp-json\/wp\/v2\/media?parent=6979"}],"wp:term":[{"taxonomy":"product_brand","embeddable":true,"href":"https:\/\/chemgramx.com\/it\/wp-json\/wp\/v2\/product_brand?post=6979"},{"taxonomy":"product_cat","embeddable":true,"href":"https:\/\/chemgramx.com\/it\/wp-json\/wp\/v2\/product_cat?post=6979"},{"taxonomy":"product_tag","embeddable":true,"href":"https:\/\/chemgramx.com\/it\/wp-json\/wp\/v2\/product_tag?post=6979"}],"curies":[{"name":"wp","href":"https:\/\/api.w.org\/{rel}","templated":true}]}}