{"id":6999,"date":"2025-11-21T11:11:32","date_gmt":"2025-11-21T11:11:32","guid":{"rendered":"https:\/\/chemgramx.com\/?post_type=product&#038;p=6999"},"modified":"2025-11-21T11:13:07","modified_gmt":"2025-11-21T11:13:07","slug":"2-acquistare-a1mp-online","status":"publish","type":"product","link":"https:\/\/chemgramx.com\/it\/product\/2-a1mp-online-kaufen\/","title":{"rendered":"Acquista 2-A1MP online"},"content":{"rendered":"<p><b>2-A1MP cloridrato<\/b> (2-aminometil-1-metilpiperidina) \u00e8 un prodotto di elevata purezza, <b>standard analitico di riferimento<\/b> e un affascinante membro della classe chimica dei <a href=\"\/product\/2-a1mp-online-kaufen\/\"><b>Analoghi della piperidina<\/b><\/a>. Grazie alla sua particolare struttura eterociclica, che contiene sia un atomo di azoto secondario che uno terziario, il 2-A1MP \u00e8 un reagente chiave nella <b>ricerca chimica<\/b>il <b>Tossicologia<\/b> e il <b>farmacologia molecolare<\/b>. Questo standard \u00e8 essenziale per i laboratori che utilizzano il <b>Attivit\u00e0 dei recettori<\/b> e <b>Relazioni struttura-attivit\u00e0 (SAR)<\/b> di composti eterociclici contenenti azoto ed espandere i loro metodi analitici per le nuove molecole.<\/p>\n<p>L'acquisizione di questo <b>Standard 2-A1MP<\/b> ha luogo <b>solo per scopi strettamente scientifici<\/b> su <b>Esperti qualificati<\/b> e <b>Istituti di ricerca accreditati<\/b>. Garantiamo un <b>purezza analiticamente confermata di <span class=\"math-inline\" data-math=\"ge98,%\">98%<\/span><\/b>\u00a0del sale di cloridrato, che \u00e8 la base assoluta per <b>preciso, tracciabile e riproducibile<\/b> Risultati nel <b>Cromatografia<\/b> e <b>Spettroscopia<\/b> si forma. Garantire questa purezza \u00e8 fondamentale per evitare risultati falsi positivi o falsi negativi nelle analisi forensi. Per i laboratori che utilizzano un <b>2-A1MP Standard di riferimento<\/b>, <b>Materiale di controllo della piperidina<\/b> o <b>reagenti analitici<\/b> per ampliare la loro libreria chimica, offriamo la massima qualit\u00e0 e sicurezza di conformit\u00e0 globale.<\/p>\n<h2>Eccellenza chimica e analitica: specifiche dettagliate e certificazione<\/h2>\n<p>La caratterizzazione chimica precisa e la metrologia sono le pietre miliari per l'affidabilit\u00e0 dei metodi forensi e analitici. 2-A1MP deve essere abbinato con precisione a standard certificati per la convalida.<\/p>\n<h3>Identit\u00e0 chimica e struttura dettagliate<\/h3>\n<p>Il 2-A1MP \u00e8 caratterizzato da <b>anello piperidinico saturo<\/b> da. I gruppi funzionali - i <b>Gruppo aminometilico<\/b> e il <b>Sostituzione N-metilica<\/b> - sono di grande interesse per le potenziali interazioni con i bersagli biologici nella <b>modellazione molecolare<\/b> e <b>Studi sui recettori<\/b>.<\/p>\n<ul>\n<li><b>Classe chimica:<\/b> Analoghi della piperidina (ammine eterocicliche).<\/li>\n<li><b>Nomenclatura:<\/b> 2-Aminometil-1-metilpiperidina (spesso come sale di cloridrato).<\/li>\n<li><b>Peso molecolare:<\/b> Cruciale per la preparazione degli standard gravimetrici e la calibrazione degli spettrometri di massa a quadrupolo.<\/li>\n<li><b>Formulazione:<\/b> \u00c8 disponibile in forma stabile <b>Sale cloridrico<\/b> che cosa <b>Durata<\/b> e <b>Solubilit\u00e0<\/b> ottimizzato in solventi acquosi e polari (metanolo, acetonitrile) per i saggi analitici.<\/li>\n<li><b>Stato aggregato:<\/b> Alta purezza <b>polvere cristallina<\/b>, ottimizzato per una pesatura gravimetrica precisa secondo <b>Regolamenti ISO 17025<\/b>.<\/li>\n<\/ul>\n<h3>Purezza e tracciabilit\u00e0 garantite per GLP\/ISO<\/h3>\n<p>Garantiamo una purezza di <b><span class=\"math-inline\" data-math=\"ge98,%\">98% <\/span><\/b>che viene confermata da una rigorosa procedura di test multianalitica per garantire la conformit\u00e0 ai pi\u00f9 elevati standard analitici.<\/p>\n<ol start=\"1\">\n<li><b>Conferma della purezza:<\/b> La quantificazione viene effettuata principalmente utilizzando <b>HPLC (Cromatografia liquida ad alte prestazioni)<\/b>. L'identit\u00e0 molecolare viene inoltre determinata mediante <b>GC\/MS<\/b> e\/o <b>LC-MS\/MS<\/b> confermato.<\/li>\n<li><b>Certificato di analisi (CoA):<\/b> Un dettagliato <b>CoA<\/b> Il documento \u00e8 allegato ad ogni consegna e contiene i dati spettrali, il grado di purezza e il <b>Tracciabilit\u00e0<\/b> del lotto \u00e8 documentato. Questo documento \u00e8 necessario per il <b>Documentazione conforme alla GLP<\/b> e l'utilizzabilit\u00e0 legale dei dati.<\/li>\n<li><b>Consistenza del lotto:<\/b> Il minimo <b>Variabilit\u00e0 del lotto<\/b> \u00e8 assicurata da controlli rigorosi, il che \u00e8 importante per la <b>Convalida a lungo termine<\/b> dei metodi \u00e8 fondamentale.<\/li>\n<\/ol>\n<h2>\u00a0Campi di applicazione centrali nella ricerca e nell'analisi<\/h2>\n<p>Il cloridrato di 2-A1MP \u00e8 un reagente fondamentale per i laboratori specializzati nell'analisi del <b>Sviluppo di metodi analitici<\/b> e il <b>farmacologia molecolare<\/b> sostanze nuove.<\/p>\n<h3>Studi farmacologici e recettoriali (modellazione molecolare)<\/h3>\n<ul>\n<li><b>Affinit\u00e0 recettoriale:<\/b> Indagine sulla <b>Affinit\u00e0 di attacco<\/b> su vari sottotipi di neurorecettori per determinare il profilo di effetto molecolare e prevedere la tossicit\u00e0.<\/li>\n<li><b>Relazioni struttura-attivit\u00e0 (SAR):<\/b> Il 2-A1MP serve come struttura di base per lo studio sistematico di come le sostituzioni sull'anello piperidinico influenzino l'attivit\u00e0 biologica.<\/li>\n<li><b>Modellazione molecolare:<\/b> La connessione viene utilizzata per <i>in silico<\/i>-studi per modellare l'adattamento geometrico di ipotetici siti di legame dei recettori e ricavare potenziali candidati farmaci.<\/li>\n<\/ul>\n<h3>Sviluppo di metodi analitici e tossicologia<\/h3>\n<p>Lo standard \u00e8 essenziale per i laboratori forensi per aggiornare i loro database e ampliare i loro metodi.<\/p>\n<ul>\n<li><b>Convalida del metodo:<\/b> Lo standard \u00e8 utilizzato per <b>Convalida<\/b> da <span class=\"math-inline\" data-math=\"LC-MS\/MS\">LC-MS\/MS<\/span> e <span class=\"math-inline\" data-math=\"GC-MS\">GC-MS<\/span>\u00a0Metodi per <b>Identificazione<\/b> e <b>Quantificazione<\/b> nuovi analoghi della piperidina. Questo include la determinazione della <b>Sensibilit\u00e0 (LOD\/LOQ)<\/b> e il <b>Effetti della matrice<\/b>.<\/li>\n<li><b>Riferimento al database:<\/b> 2-A1MP serve come <b>punto di riferimento analitico<\/b> per la creazione e la manutenzione di librerie spettrali analitiche, che consentono la rapida identificazione di campioni sconosciuti nei casi forensi.<\/li>\n<li><b>Ricerca sul metabolismo:<\/b> Studi iniziali su <b>Identificazione dei metaboliti<\/b> sono necessari per comprendere il profilo di degradazione della sostanza e per estendere la finestra di rilevamento in tossicologia.<\/li>\n<\/ul>\n<h2>\u00a0Quadro giuridico e sicurezza dei laboratori (conformit\u00e0 globale)<\/h2>\n<p>L'acquisizione e la gestione di questo <b>sostanze chimiche controllate per la ricerca<\/b> sono soggetti alle norme pi\u00f9 severe e sono riservati esclusivamente alla ricerca scientifica.<\/p>\n<h3>Conformit\u00e0 normativa<\/h3>\n<p>Poich\u00e9 il 2-A1MP \u00e8 un composto nuovo, la conformit\u00e0 alla legislazione nazionale (ad es. <b>NpSG<\/b> in Germania) e i meccanismi di controllo internazionali (ad esempio, gli analoghi della <span class=\"math-inline\" data-math=\"CSA\">CSA<\/span>\u00a0negli Stati Uniti) <b>dall'acquirente<\/b> essere garantiti.<\/p>\n<ul>\n<li><b>Esclusivamente ricerca:<\/b> Le vendite sono strettamente limitate al <b>Analisi e ricerca<\/b> in <b>istituzioni scientifiche autorizzate<\/b> limitato.<\/li>\n<li><b>Obbligo dell'acquirente:<\/b> L'acquirente si assume la piena responsabilit\u00e0 per il rispetto di tutti i <b>leggi locali e internazionali<\/b> in merito all'importazione, al possesso e all'uso di sostanze chimiche controllate. Il <b>Obbligo di fornire prove<\/b> La responsabilit\u00e0 della conformit\u00e0 al quadro normativo spetta al laboratorio acquirente.<\/li>\n<\/ul>\n<h3>Protocolli di sicurezza e stoccaggio<\/h3>\n<p>Il rispetto rigoroso della <b>Scheda di sicurezza (MSDS)<\/b> \u00e8 obbligatorio.<\/p>\n<ul>\n<li><b>PSA:<\/b> <b>Camice da laboratorio, occhiali di sicurezza<\/b> e resistente alle sostanze chimiche <b>Guanti<\/b> sono obbligatori.<\/li>\n<li><b>Ambiente di lavoro:<\/b> La manipolazione della polvere deve essere effettuata in condizioni di <b>Sistemi di cappe certificate<\/b> si svolga.<\/li>\n<li><b>Stoccaggio:<\/b> <b>Fresco, asciutto e protetto dalla luce<\/b> per memorizzare il <b>Stabilit\u00e0 analitica<\/b> per garantire che il Il <b>Documentazione d'inventario<\/b> devono essere eseguiti completamente secondo il protocollo di laboratorio (ad es. SOP).<\/li>\n<\/ul>\n<h2>Acquisizione dello standard di riferimento 2-A1MP - il vostro partner per l'eccellenza analitica<\/h2>\n<p>Offriamo il cloridrato di 2-A1MP in quantit\u00e0 analiticamente rilevanti: <b>100 mg (campione di riferimento)<\/b>, <b>500 mg<\/b> e <b>1 g<\/b>.<\/p>\n<p><b>Requisiti obbligatori dell'ordine:<\/b><\/p>\n<ol start=\"1\">\n<li>Prova della <b>Autorizzazione<\/b> dell'organizzazione di ricerca.<\/li>\n<li>Conferma scritta che la sostanza <b>esclusivamente per scopi di riferimento analitico<\/b> viene utilizzato.<\/li>\n<li>Riconoscimento del <b>Limitazioni di responsabilit\u00e0<\/b> e il <b>SCHEDA DI SICUREZZA<\/b>.<\/li>\n<\/ol>\n<p>Per ordinare in modo sicuro, conforme alla legge e veloce il vostro <b>2-A1MP Standard di riferimento<\/b> per garantire la <b>Validit\u00e0 dei metodi analitici<\/b>, contattateci direttamente.<\/p>","protected":false},"excerpt":{"rendered":"<p><strong>2-A1MP<\/strong> \u00e8 un composto sintetico altamente puro, sviluppato appositamente per le indagini scientifiche pi\u00f9 impegnative. Grazie alla sua struttura chimica stabile, \u00e8 ideale per la ricerca nell'industria farmaceutica e biochimica. <strong>2-A1MP<\/strong> \u00e8 adatto solo per uso di laboratorio e non per il consumo umano.<\/p>","protected":false},"featured_media":7029,"comment_status":"open","ping_status":"closed","template":"","meta":{"_joinchat":[]},"product_brand":[],"product_cat":[49],"product_tag":[2192,2200,2198,2199,2193,2197,2195,2196,2194,2182],"class_list":{"0":"post-6999","1":"product","2":"type-product","3":"status-publish","4":"has-post-thumbnail","6":"product_cat-cathinones","7":"product_tag-2-a1mp","8":"product_tag-2-a1mp-chemikalien","9":"product_tag-2-a1mp-forschung","10":"product_tag-2-a1mp-fur-forschung","11":"product_tag-2-a1mp-kaufen","12":"product_tag-2-a1mp-kristalle","13":"product_tag-2-a1mp-online","14":"product_tag-2-a1mp-pulver","15":"product_tag-2-a1mp-zum-verkauf","16":"product_tag-synthetische-chemikalien","18":"first","19":"instock","20":"shipping-taxable","21":"purchasable","22":"product-type-variable"},"yoast_head":"<!-- This site is optimized with the Yoast SEO plugin v27.5 - https:\/\/yoast.com\/product\/yoast-seo-wordpress\/ -->\n<title>Bestes 2-A1MP zu verkaufen \u2013 2-A1MP online Kaufen<\/title>\n<meta name=\"description\" content=\"Suchen Sie nach einer zuverl\u00e4ssigen Quelle, um 2-A1MP online zu kaufen? Ihre Suche endet hier. Bestellen Sie 2-A1MP online in unserem vertrauensw\u00fcrdigen Shop und genie\u00dfen Sie einen nahtlosen Kaufprozess, der auf Ihre Forschungsanforderungen zugeschnitten ist.\" \/>\n<meta name=\"robots\" content=\"index, follow, max-snippet:-1, max-image-preview:large, max-video-preview:-1\" \/>\n<link rel=\"canonical\" href=\"https:\/\/chemgramx.com\/it\/prodotto-1\/2-acquistare-a1mp-online\/\" \/>\n<meta property=\"og:locale\" content=\"it_IT\" \/>\n<meta property=\"og:type\" content=\"article\" \/>\n<meta property=\"og:title\" content=\"Bestes 2-A1MP zu verkaufen \u2013 2-A1MP online Kaufen\" \/>\n<meta property=\"og:description\" content=\"Suchen Sie nach einer zuverl\u00e4ssigen Quelle, um 2-A1MP online zu kaufen? Ihre Suche endet hier. Bestellen Sie 2-A1MP online in unserem vertrauensw\u00fcrdigen Shop und genie\u00dfen Sie einen nahtlosen Kaufprozess, der auf Ihre Forschungsanforderungen zugeschnitten ist.\" \/>\n<meta property=\"og:url\" content=\"https:\/\/chemgramx.com\/it\/prodotto-1\/2-acquistare-a1mp-online\/\" \/>\n<meta property=\"og:site_name\" content=\"Chemgramx\" \/>\n<meta property=\"article:modified_time\" content=\"2025-11-21T11:13:07+00:00\" \/>\n<meta property=\"og:image\" content=\"https:\/\/chemgramx.com\/wp-content\/uploads\/2025\/11\/2a1mp.png\" \/>\n\t<meta property=\"og:image:width\" content=\"600\" \/>\n\t<meta property=\"og:image:height\" content=\"400\" \/>\n\t<meta property=\"og:image:type\" content=\"image\/png\" \/>\n<meta name=\"twitter:card\" content=\"summary_large_image\" \/>\n<meta name=\"twitter:label1\" content=\"Tempo di lettura stimato\" \/>\n\t<meta name=\"twitter:data1\" content=\"4 minuti\" \/>\n<script type=\"application\/ld+json\" class=\"yoast-schema-graph\">{\"@context\":\"https:\\\/\\\/schema.org\",\"@graph\":[{\"@type\":\"WebPage\",\"@id\":\"https:\\\/\\\/chemgramx.com\\\/product\\\/2-a1mp-online-kaufen\\\/\",\"url\":\"https:\\\/\\\/chemgramx.com\\\/product\\\/2-a1mp-online-kaufen\\\/\",\"name\":\"Bestes 2-A1MP zu verkaufen \u2013 2-A1MP online Kaufen\",\"isPartOf\":{\"@id\":\"https:\\\/\\\/chemgramx.com\\\/#website\"},\"primaryImageOfPage\":{\"@id\":\"https:\\\/\\\/chemgramx.com\\\/product\\\/2-a1mp-online-kaufen\\\/#primaryimage\"},\"image\":{\"@id\":\"https:\\\/\\\/chemgramx.com\\\/product\\\/2-a1mp-online-kaufen\\\/#primaryimage\"},\"thumbnailUrl\":\"https:\\\/\\\/chemgramx.com\\\/wp-content\\\/uploads\\\/2025\\\/11\\\/2a1mp.png\",\"datePublished\":\"2025-11-21T11:11:32+00:00\",\"dateModified\":\"2025-11-21T11:13:07+00:00\",\"description\":\"Suchen Sie nach einer zuverl\u00e4ssigen Quelle, um 2-A1MP online zu kaufen? Ihre Suche endet hier. Bestellen Sie 2-A1MP online in unserem vertrauensw\u00fcrdigen Shop und genie\u00dfen Sie einen nahtlosen Kaufprozess, der auf Ihre Forschungsanforderungen zugeschnitten ist.\",\"breadcrumb\":{\"@id\":\"https:\\\/\\\/chemgramx.com\\\/product\\\/2-a1mp-online-kaufen\\\/#breadcrumb\"},\"inLanguage\":\"it-IT\",\"potentialAction\":[{\"@type\":\"ReadAction\",\"target\":[\"https:\\\/\\\/chemgramx.com\\\/product\\\/2-a1mp-online-kaufen\\\/\"]}]},{\"@type\":\"ImageObject\",\"inLanguage\":\"it-IT\",\"@id\":\"https:\\\/\\\/chemgramx.com\\\/product\\\/2-a1mp-online-kaufen\\\/#primaryimage\",\"url\":\"https:\\\/\\\/chemgramx.com\\\/wp-content\\\/uploads\\\/2025\\\/11\\\/2a1mp.png\",\"contentUrl\":\"https:\\\/\\\/chemgramx.com\\\/wp-content\\\/uploads\\\/2025\\\/11\\\/2a1mp.png\",\"width\":600,\"height\":400},{\"@type\":\"BreadcrumbList\",\"@id\":\"https:\\\/\\\/chemgramx.com\\\/product\\\/2-a1mp-online-kaufen\\\/#breadcrumb\",\"itemListElement\":[{\"@type\":\"ListItem\",\"position\":1,\"name\":\"Home\",\"item\":\"https:\\\/\\\/chemgramx.com\\\/\"},{\"@type\":\"ListItem\",\"position\":2,\"name\":\"Shop\",\"item\":\"https:\\\/\\\/chemgramx.com\\\/shop\\\/\"},{\"@type\":\"ListItem\",\"position\":3,\"name\":\"2-A1MP Online Kaufen\"}]},{\"@type\":\"WebSite\",\"@id\":\"https:\\\/\\\/chemgramx.com\\\/#website\",\"url\":\"https:\\\/\\\/chemgramx.com\\\/\",\"name\":\"Chemgramx\",\"description\":\"\",\"publisher\":{\"@id\":\"https:\\\/\\\/chemgramx.com\\\/#organization\"},\"potentialAction\":[{\"@type\":\"SearchAction\",\"target\":{\"@type\":\"EntryPoint\",\"urlTemplate\":\"https:\\\/\\\/chemgramx.com\\\/?s={search_term_string}\"},\"query-input\":{\"@type\":\"PropertyValueSpecification\",\"valueRequired\":true,\"valueName\":\"search_term_string\"}}],\"inLanguage\":\"it-IT\"},{\"@type\":\"Organization\",\"@id\":\"https:\\\/\\\/chemgramx.com\\\/#organization\",\"name\":\"Chemgramx\",\"url\":\"https:\\\/\\\/chemgramx.com\\\/\",\"logo\":{\"@type\":\"ImageObject\",\"inLanguage\":\"it-IT\",\"@id\":\"https:\\\/\\\/chemgramx.com\\\/#\\\/schema\\\/logo\\\/image\\\/\",\"url\":\"https:\\\/\\\/chemgramx.com\\\/wp-content\\\/uploads\\\/2024\\\/10\\\/final-logo.png\",\"contentUrl\":\"https:\\\/\\\/chemgramx.com\\\/wp-content\\\/uploads\\\/2024\\\/10\\\/final-logo.png\",\"width\":250,\"height\":48,\"caption\":\"Chemgramx\"},\"image\":{\"@id\":\"https:\\\/\\\/chemgramx.com\\\/#\\\/schema\\\/logo\\\/image\\\/\"}}]}<\/script>\n<!-- \/ Yoast SEO plugin. -->","yoast_head_json":{"title":"I migliori 2-A1MP in vendita \u2013 Acquista 2-A1MP online","description":"Cerchi un fornitore affidabile per acquistare 2-A1MP online? La tua ricerca finisce qui. Ordina 2-A1MP online dal nostro negozio di fiducia e usufruisci di un processo di acquisto semplice e personalizzato in base alle tue esigenze di ricerca.","robots":{"index":"index","follow":"follow","max-snippet":"max-snippet:-1","max-image-preview":"max-image-preview:large","max-video-preview":"max-video-preview:-1"},"canonical":"https:\/\/chemgramx.com\/it\/prodotto-1\/2-acquistare-a1mp-online\/","og_locale":"it_IT","og_type":"article","og_title":"Bestes 2-A1MP zu verkaufen \u2013 2-A1MP online Kaufen","og_description":"Suchen Sie nach einer zuverl\u00e4ssigen Quelle, um 2-A1MP online zu kaufen? Ihre Suche endet hier. Bestellen Sie 2-A1MP online in unserem vertrauensw\u00fcrdigen Shop und genie\u00dfen Sie einen nahtlosen Kaufprozess, der auf Ihre Forschungsanforderungen zugeschnitten ist.","og_url":"https:\/\/chemgramx.com\/it\/prodotto-1\/2-acquistare-a1mp-online\/","og_site_name":"Chemgramx","article_modified_time":"2025-11-21T11:13:07+00:00","og_image":[{"width":600,"height":400,"url":"https:\/\/chemgramx.com\/wp-content\/uploads\/2025\/11\/2a1mp.png","type":"image\/png"}],"twitter_card":"summary_large_image","twitter_misc":{"Tempo di lettura stimato":"4 minuti"},"schema":{"@context":"https:\/\/schema.org","@graph":[{"@type":"WebPage","@id":"https:\/\/chemgramx.com\/product\/2-a1mp-online-kaufen\/","url":"https:\/\/chemgramx.com\/product\/2-a1mp-online-kaufen\/","name":"I migliori 2-A1MP in vendita \u2013 Acquista 2-A1MP online","isPartOf":{"@id":"https:\/\/chemgramx.com\/#website"},"primaryImageOfPage":{"@id":"https:\/\/chemgramx.com\/product\/2-a1mp-online-kaufen\/#primaryimage"},"image":{"@id":"https:\/\/chemgramx.com\/product\/2-a1mp-online-kaufen\/#primaryimage"},"thumbnailUrl":"https:\/\/chemgramx.com\/wp-content\/uploads\/2025\/11\/2a1mp.png","datePublished":"2025-11-21T11:11:32+00:00","dateModified":"2025-11-21T11:13:07+00:00","description":"Cerchi un fornitore affidabile per acquistare 2-A1MP online? La tua ricerca finisce qui. Ordina 2-A1MP online dal nostro negozio di fiducia e usufruisci di un processo di acquisto semplice e personalizzato in base alle tue esigenze di ricerca.","breadcrumb":{"@id":"https:\/\/chemgramx.com\/product\/2-a1mp-online-kaufen\/#breadcrumb"},"inLanguage":"it-IT","potentialAction":[{"@type":"ReadAction","target":["https:\/\/chemgramx.com\/product\/2-a1mp-online-kaufen\/"]}]},{"@type":"ImageObject","inLanguage":"it-IT","@id":"https:\/\/chemgramx.com\/product\/2-a1mp-online-kaufen\/#primaryimage","url":"https:\/\/chemgramx.com\/wp-content\/uploads\/2025\/11\/2a1mp.png","contentUrl":"https:\/\/chemgramx.com\/wp-content\/uploads\/2025\/11\/2a1mp.png","width":600,"height":400},{"@type":"BreadcrumbList","@id":"https:\/\/chemgramx.com\/product\/2-a1mp-online-kaufen\/#breadcrumb","itemListElement":[{"@type":"ListItem","position":1,"name":"Home","item":"https:\/\/chemgramx.com\/"},{"@type":"ListItem","position":2,"name":"Shop","item":"https:\/\/chemgramx.com\/shop\/"},{"@type":"ListItem","position":3,"name":"2-A1MP Online Kaufen"}]},{"@type":"WebSite","@id":"https:\/\/chemgramx.com\/#website","url":"https:\/\/chemgramx.com\/","name":"Chemgramx","description":"","publisher":{"@id":"https:\/\/chemgramx.com\/#organization"},"potentialAction":[{"@type":"SearchAction","target":{"@type":"EntryPoint","urlTemplate":"https:\/\/chemgramx.com\/?s={search_term_string}"},"query-input":{"@type":"PropertyValueSpecification","valueRequired":true,"valueName":"search_term_string"}}],"inLanguage":"it-IT"},{"@type":"Organization","@id":"https:\/\/chemgramx.com\/#organization","name":"Chemgramx","url":"https:\/\/chemgramx.com\/","logo":{"@type":"ImageObject","inLanguage":"it-IT","@id":"https:\/\/chemgramx.com\/#\/schema\/logo\/image\/","url":"https:\/\/chemgramx.com\/wp-content\/uploads\/2024\/10\/final-logo.png","contentUrl":"https:\/\/chemgramx.com\/wp-content\/uploads\/2024\/10\/final-logo.png","width":250,"height":48,"caption":"Chemgramx"},"image":{"@id":"https:\/\/chemgramx.com\/#\/schema\/logo\/image\/"}}]}},"_links":{"self":[{"href":"https:\/\/chemgramx.com\/it\/wp-json\/wp\/v2\/product\/6999","targetHints":{"allow":["GET"]}}],"collection":[{"href":"https:\/\/chemgramx.com\/it\/wp-json\/wp\/v2\/product"}],"about":[{"href":"https:\/\/chemgramx.com\/it\/wp-json\/wp\/v2\/types\/product"}],"replies":[{"embeddable":true,"href":"https:\/\/chemgramx.com\/it\/wp-json\/wp\/v2\/comments?post=6999"}],"wp:featuredmedia":[{"embeddable":true,"href":"https:\/\/chemgramx.com\/it\/wp-json\/wp\/v2\/media\/7029"}],"wp:attachment":[{"href":"https:\/\/chemgramx.com\/it\/wp-json\/wp\/v2\/media?parent=6999"}],"wp:term":[{"taxonomy":"product_brand","embeddable":true,"href":"https:\/\/chemgramx.com\/it\/wp-json\/wp\/v2\/product_brand?post=6999"},{"taxonomy":"product_cat","embeddable":true,"href":"https:\/\/chemgramx.com\/it\/wp-json\/wp\/v2\/product_cat?post=6999"},{"taxonomy":"product_tag","embeddable":true,"href":"https:\/\/chemgramx.com\/it\/wp-json\/wp\/v2\/product_tag?post=6999"}],"curies":[{"name":"wp","href":"https:\/\/api.w.org\/{rel}","templated":true}]}}