{"id":7000,"date":"2025-11-21T11:11:32","date_gmt":"2025-11-21T11:11:32","guid":{"rendered":"https:\/\/chemgramx.com\/?post_type=product&#038;p=7000"},"modified":"2025-11-21T11:13:07","modified_gmt":"2025-11-21T11:13:07","slug":"2-acquistare-ptc-online","status":"publish","type":"product","link":"https:\/\/chemgramx.com\/it\/product\/2-ptc-online-kaufen\/","title":{"rendered":"Acquista 2-PTC online"},"content":{"rendered":"<p><b>2-PTC<\/b> (2<a href=\"\/product\/2-ptc-online-kaufen\/\">-feniltiocicloesanone)<\/a> etabliert sich als unverzichtbarer, hochreiner chemischer Synthese-Baustein und analytischer Referenzstandard f\u00fcr anspruchsvolle Projekte in der Organischen Chemie. Die einzigartige Molek\u00fclstruktur, die eine reaktive Cyclohexanon-Funktionalit\u00e4t mit einem stabilisierenden Phenylthio-Substituenten kombiniert, macht 2-PTC zu einem Schl\u00fcsselreagenz f\u00fcr die selektive Einf\u00fchrung komplexer Kohlenstoffger\u00fcste. Unser laborgepr\u00fcftes 2-PTC wird von f\u00fchrenden Forschungslaboren und akademischen Institutionen weltweit wegen seiner au\u00dfergew\u00f6hnlichen Reinheit <span class=\"math-inline\" data-math=\"ge98,%\">98%<\/span>, Chargenkonsistenz und der vollst\u00e4ndigen Verifizierung der chemischen Zusammensetzung gesch\u00e4tzt.<\/p>\n<p>L'acquisizione di questo <b>intermedio chimico<\/b> \u00e8 <b>esclusivamente per scopi scientifici, non umani e non veterinari<\/b> inteso. Vi offriamo una fonte di approvvigionamento che soddisfa i pi\u00f9 elevati standard di qualit\u00e0. <b>Garanzia di qualit\u00e0<\/b> e <b>Tracciabilit\u00e0<\/b> garantito per il <b>Pubblicazione<\/b> e <b>Brevettazione<\/b> i nuovi risultati della ricerca sono indispensabili. Il prodotto \u00e8 ideale per <b>sintesi stereoselettive<\/b>, <b>Convalida del metodo analitico<\/b> e il <b>Ricerca di nuove vie di reazione rispettose dell'ambiente<\/b> nella chimica organica moderna.<\/p>\n<h2>\u00a0Eccellenza analitica: specifiche chimiche e garanzia di qualit\u00e0 al massimo livello<\/h2>\n<p>La specifica chimica del 2-PTC \u00e8 essenziale per il controllo preciso di <b>Cinetica di reazione<\/b> e la calibrazione precisa degli strumenti analitici. La vicinanza del gruppo feniltio alla funzione carbonilica influisce sull'acidit\u00e0 del <span class=\"math-inline\" data-math=\"alpha\">alfa<\/span>-e quindi la reattivit\u00e0 dell'enolato, come nel caso del <b>Pianificazione della risposta<\/b> e il <b>Separazione dei prodotti<\/b> devono essere presi in considerazione.<\/p>\n<h3>Caratterizzazione chimica dettagliata e struttura<\/h3>\n<p>Il 2-PTC \u00e8 un derivato del cicloesanone. La presenza dell'atomo di zolfo sotto forma di tioetere consente di ottenere una specifica <b>Reazioni di ossidazione e riduzione<\/b>, che possono essere utilizzati per la funzionalizzazione nella sintesi.<\/p>\n<ul>\n<li><b>Classe chimica:<\/b> Chetoni ciclici, tioeteri.<\/li>\n<li><b>Nomenclatura IUPAC:<\/b> 2-feniltiocicloesanone.<\/li>\n<li><b>Formula chimica:<\/b> <span class=\"math-inline\" data-math=\"text{C}_{12}text{H}_{14}text{OS}\">{C}_{12}{H}{14}{OS}<\/span>.<\/li>\n<li><b>Peso molecolare:<\/b> <span class=\"math-inline\" data-math=\"approx 206,30 , text{g\/mol}\">pprox 206,30 g\/mog<\/span>. Questa massa esatta \u00e8 fondamentale per la <b>Analisi in spettrometria di massa (HRMS)<\/b> e la determinazione dell'esatto <i>m\/z<\/i>-relazione.<\/li>\n<li><b>Aspetto:<\/b> In genere un <b>polvere cristallina di colore da bianco a crema<\/b>.<\/li>\n<li><b>Solubilit\u00e0:<\/b> Eccellente solubilit\u00e0 nei comuni solventi organici (toluene, diclorometano, THF), che lo rende adatto all'uso in <b>reazioni sensibili all'acqua<\/b> della chimica organometallica.<\/li>\n<\/ul>\n<h3>Purezza garantita e certificazione dei metodi di analisi<\/h3>\n<p>La purezza di <b><span class=\"math-inline\" data-math=\"ge98,%\">98% <\/span><\/b>\u00e8 di estrema importanza per la selettivit\u00e0 dei catalizzatori e l'integrit\u00e0 dei prodotti finali.<\/p>\n<ol start=\"1\">\n<li><b>Conferma della purezza primaria:<\/b> Quantificazione mediante <b>HPLC (Cromatografia liquida ad alte prestazioni)<\/b> e <b>Gascromatografia (GC)<\/b>, per rilevare impurit\u00e0 non volatili e volatili. <b>I dispositivi HPLC sono sempre calibrati rispetto a standard di riferimento esterni e certificati.<\/b> utilizzando solventi di elevata purezza per evitare disturbi della linea di base.<\/li>\n<li><b>Prove strutturali (NMR):<\/b> L'identit\u00e0 molecolare \u00e8 determinata mediante <b>Spettroscopia di risonanza magnetica nucleare (<span class=\"math-inline\" data-math=\"^1text{H}\">H<\/span>NMR e <span class=\"math-inline\" data-math=\"^{13}text{C}\">13C<\/span> NMR<\/b>\u00a0confermato. Uno spettro NMR completo viene fornito su richiesta o nella CoA dettagliata, che \u00e8 disponibile per la <b>Verifica strutturale<\/b> \u00e8 essenziale per la preparazione delle pubblicazioni.<\/li>\n<li><b>Certificato di analisi (CoA):<\/b> Ogni lotto contiene una scheda dettagliata <b>CoA<\/b>, i dati spettrali, la valutazione della purezza e la <b>Tracciabilit\u00e0 metrologica<\/b> dei metodi analitici utilizzati.<\/li>\n<li><b>CQ esteso:<\/b> Eseguiamo analisi specifiche su <b>Tracce di metalli pesanti<\/b> (utilizzando ICP-MS) e <b>Solventi alogenati<\/b> attraverso, che per il <b>Sintesi farmaceutica<\/b> e il lavoro sotto <b>GMP<\/b>-(Good Manufacturing Practice) per garantire la conformit\u00e0 dei prodotti finali.<\/li>\n<\/ol>\n<h2>\u00a0Campi di applicazione centrali nella sintesi organica e nella ricerca<\/h2>\n<p>2PTC funge da <b>intermedio reattivo<\/b> in percorsi di sintesi complessi e rappresenta un'importante pietra di paragone nello sviluppo dei metodi.<\/p>\n<h3>1. sintesi organica (reazioni chiave e stereochimica)<\/h3>\n<ul>\n<li><b>Sintesi asimmetrica:<\/b> La molecola \u00e8 un importante materiale di partenza per la produzione di <b>sintesi enantioselettive<\/b>, come il <span class=\"math-inline\" data-math=\"alpha\">alfa<\/span>-al gruppo carbonilico <b>centro prochirale<\/b> la cui stereochimica deve essere controllata (ad esempio con catalizzatori chirali).<\/li>\n<li><b><span class=\"math-inline\" data-math=\"alpha\">alfa<\/span>-Funzionalizzazione:<\/b> Consente di <b>selettivo <span class=\"math-inline\" data-math=\"alpha\">alfa<\/span>-alchilazione<\/b> attraverso stadi intermedi di enolato o il <b>riduzione chemioelettrica<\/b> il gruppo chetonico. Il <b>Separazione degli enantiomeri<\/b> possono essere testati su derivati del 2-PTC.<\/li>\n<li><b>Precursore per analoghi di prodotti naturali:<\/b> Il 2-PTC \u00e8 spesso utilizzato come intermedio chiave nel processo di <b>Sintesi di derivati del cicloesanone<\/b> che costituiscono la struttura di base di molte sostanze naturali e ingredienti farmaceutici attivi (API).<\/li>\n<\/ul>\n<p>&nbsp;<\/p>\n<h3>2. sviluppo di metodi analitici e analisi ambientale<\/h3>\n<p>&nbsp;<\/p>\n<ul>\n<li><b>Cinetica di reazione:<\/b> Utilizzo in <b>progetti di ricerca accademici<\/b> per una misurazione precisa della <b>Velocit\u00e0 di reazione<\/b> e il <b>Energia di attivazione<\/b> delle reazioni organiche (mediante <i>In-situ<\/i>-spettroscopia).<\/li>\n<li><b>Sviluppo di nuovi processi di separazione:<\/b> Serve come <b>Standard di riferimento<\/b> per la validazione di nuovi <b>processi di separazione cromatografica<\/b> (ad esempio, colonne HPLC chirali) e per ottimizzare le fasi stazionarie.<\/li>\n<li><b>Analisi ambientale:<\/b> Serve come <b>Standard di riferimento<\/b> per la validazione di metodi che si basano sulla rilevazione e sulla quantificazione di <b>composti organici dello zolfo<\/b> nei campioni ambientali. La conoscenza dell'esatto tempo di ritenzione e dei modelli di frammentazione \u00e8 essenziale in questo caso.<\/li>\n<\/ul>\n<h2>Quadro giuridico e sicurezza dei laboratori (conformit\u00e0 globale)<\/h2>\n<p>La manipolazione di 2-PTC richiede la stretta osservanza di tutti gli standard di sicurezza e di laboratorio.<\/p>\n<h3>Misure di sicurezza specifiche per il laboratorio e le attrezzature<\/h3>\n<p>La manipolazione richiede misure pi\u00f9 severe rispetto ai sali innocui, poich\u00e9 si tratta di un componente organico reattivo.<\/p>\n<ul>\n<li><b>PSA:<\/b> <b>Camice da laboratorio, occhiali di sicurezza<\/b> e resistente alle sostanze chimiche <b>Guanti<\/b> sono obbligatori. In caso di esposizione prolungata, si raccomanda l'uso di doppi guanti di nitrile o di gomma butilica.<\/li>\n<li><b>Ambiente di lavoro:<\/b> La manipolazione deve essere effettuata sotto <b>Sistemi di cappe certificate<\/b> (con monitoraggio continuo dell'aria di scarico) per evitare l'esposizione a vapori o polveri potenzialmente irritanti.<\/li>\n<li><b>Protocolli di emergenza:<\/b> Disponibilit\u00e0 di <b>Docce oculari<\/b>, <b>Docce di emergenza<\/b> e leganti neutralizzanti in caso di fuoriuscita. Il <b>SCHEDA DI SICUREZZA<\/b> devono essere noti a tutti i dipendenti del laboratorio e al <b>Formazione annuale sulla sicurezza<\/b> deve essere dimostrato.<\/li>\n<\/ul>\n<h2>Acquisizione del modulo di sintesi 2-PTC - il vostro partner per la chimica pura<\/h2>\n<p>Offriamo 2-PTC in <b>analitico<\/b> e <b>quantit\u00e0 sintetiche<\/b> a: <b>10 g (campione di ricerca)<\/b>, <b>50 g<\/b> e <b>100 g (quantit\u00e0 standard)<\/b>.<\/p>\n<p><b>Requisiti obbligatori dell'ordine:<\/b><\/p>\n<ol start=\"1\">\n<li>Prova della <b>Autorizzazione<\/b> dell'organizzazione di ricerca (prova della societ\u00e0 o dell'istituzione).<\/li>\n<li>Conferma scritta che la sostanza <b>esclusivamente per la sintesi chimica e per scopi analitici<\/b> viene utilizzato.<\/li>\n<li>Riconoscimento del <b>Limitazioni di responsabilit\u00e0<\/b> e il <b>SCHEDA DI SICUREZZA<\/b>.<\/li>\n<\/ol>\n<p>Garantiamo <b>Spedizione discreta, veloce e tracciabile<\/b> con il necessario <b>documenti doganali<\/b> per un'elaborazione internazionale senza problemi. Il nostro team di assistenza \u00e8 a disposizione per rispondere a tutte le vostre domande. <b>La purezza<\/b> e <b>Manipolazione<\/b> disponibile.<\/p>","protected":false},"excerpt":{"rendered":"<p><strong>2-PTC<\/strong> \u00e8 un prodotto chimico di sintesi di alta qualit\u00e0, sviluppato appositamente per applicazioni scientifiche. La sua eccezionale purezza lo rende ideale per lo studio delle interazioni molecolari e la ricerca farmacologica. Questo prodotto \u00e8 destinato esclusivamente all'uso in laboratorio e non \u00e8 adatto al consumo umano.<\/p>","protected":false},"featured_media":7030,"comment_status":"open","ping_status":"closed","template":"","meta":{"_joinchat":[]},"product_brand":[],"product_cat":[49],"product_tag":[2176,2185,2183,2184,2177,2181,2179,2180,2178,2182],"class_list":{"0":"post-7000","1":"product","2":"type-product","3":"status-publish","4":"has-post-thumbnail","6":"product_cat-cathinones","7":"product_tag-2-ptc","8":"product_tag-2-ptc-chemikalien","9":"product_tag-2-ptc-forschung","10":"product_tag-2-ptc-fur-forschung","11":"product_tag-2-ptc-kaufen","12":"product_tag-2-ptc-kristalle","13":"product_tag-2-ptc-online","14":"product_tag-2-ptc-pulver","15":"product_tag-2-ptc-zum-verkauf","16":"product_tag-synthetische-chemikalien","18":"first","19":"instock","20":"shipping-taxable","21":"purchasable","22":"product-type-variable"},"yoast_head":"<!-- This site is optimized with the Yoast SEO plugin v27.5 - https:\/\/yoast.com\/product\/yoast-seo-wordpress\/ -->\n<title>2-PTC online kaufen \u2013 2-PTC zu verkaufen | chemgramx<\/title>\n<meta name=\"description\" content=\"Wenn Sie 2-PTC zum Verkauf kaufen m\u00f6chten, sind wir die richtige Wahl f\u00fcr Sie. Unsere Mitarbeiter helfen Ihnen, 2-PTC online zu g\u00fcnstigen Preisen zu kaufen. Bestellen Sie bei uns!\" \/>\n<meta name=\"robots\" content=\"index, follow, max-snippet:-1, max-image-preview:large, max-video-preview:-1\" \/>\n<link rel=\"canonical\" href=\"https:\/\/chemgramx.com\/it\/prodotto-1\/2-acquistare-ptc-online\/\" \/>\n<meta property=\"og:locale\" content=\"it_IT\" \/>\n<meta property=\"og:type\" content=\"article\" \/>\n<meta property=\"og:title\" content=\"2-PTC online kaufen \u2013 2-PTC zu verkaufen | chemgramx\" \/>\n<meta property=\"og:description\" content=\"Wenn Sie 2-PTC zum Verkauf kaufen m\u00f6chten, sind wir die richtige Wahl f\u00fcr Sie. Unsere Mitarbeiter helfen Ihnen, 2-PTC online zu g\u00fcnstigen Preisen zu kaufen. Bestellen Sie bei uns!\" \/>\n<meta property=\"og:url\" content=\"https:\/\/chemgramx.com\/it\/prodotto-1\/2-acquistare-ptc-online\/\" \/>\n<meta property=\"og:site_name\" content=\"Chemgramx\" \/>\n<meta property=\"article:modified_time\" content=\"2025-11-21T11:13:07+00:00\" \/>\n<meta property=\"og:image\" content=\"https:\/\/chemgramx.com\/wp-content\/uploads\/2025\/11\/2ptc.png\" \/>\n\t<meta property=\"og:image:width\" content=\"600\" \/>\n\t<meta property=\"og:image:height\" content=\"400\" \/>\n\t<meta property=\"og:image:type\" content=\"image\/png\" \/>\n<meta name=\"twitter:card\" content=\"summary_large_image\" \/>\n<meta name=\"twitter:label1\" content=\"Tempo di lettura stimato\" \/>\n\t<meta name=\"twitter:data1\" content=\"4 minuti\" \/>\n<script type=\"application\/ld+json\" class=\"yoast-schema-graph\">{\"@context\":\"https:\\\/\\\/schema.org\",\"@graph\":[{\"@type\":\"WebPage\",\"@id\":\"https:\\\/\\\/chemgramx.com\\\/product\\\/2-ptc-online-kaufen\\\/\",\"url\":\"https:\\\/\\\/chemgramx.com\\\/product\\\/2-ptc-online-kaufen\\\/\",\"name\":\"2-PTC online kaufen \u2013 2-PTC zu verkaufen | chemgramx\",\"isPartOf\":{\"@id\":\"https:\\\/\\\/chemgramx.com\\\/#website\"},\"primaryImageOfPage\":{\"@id\":\"https:\\\/\\\/chemgramx.com\\\/product\\\/2-ptc-online-kaufen\\\/#primaryimage\"},\"image\":{\"@id\":\"https:\\\/\\\/chemgramx.com\\\/product\\\/2-ptc-online-kaufen\\\/#primaryimage\"},\"thumbnailUrl\":\"https:\\\/\\\/chemgramx.com\\\/wp-content\\\/uploads\\\/2025\\\/11\\\/2ptc.png\",\"datePublished\":\"2025-11-21T11:11:32+00:00\",\"dateModified\":\"2025-11-21T11:13:07+00:00\",\"description\":\"Wenn Sie 2-PTC zum Verkauf kaufen m\u00f6chten, sind wir die richtige Wahl f\u00fcr Sie. Unsere Mitarbeiter helfen Ihnen, 2-PTC online zu g\u00fcnstigen Preisen zu kaufen. Bestellen Sie bei uns!\",\"breadcrumb\":{\"@id\":\"https:\\\/\\\/chemgramx.com\\\/product\\\/2-ptc-online-kaufen\\\/#breadcrumb\"},\"inLanguage\":\"it-IT\",\"potentialAction\":[{\"@type\":\"ReadAction\",\"target\":[\"https:\\\/\\\/chemgramx.com\\\/product\\\/2-ptc-online-kaufen\\\/\"]}]},{\"@type\":\"ImageObject\",\"inLanguage\":\"it-IT\",\"@id\":\"https:\\\/\\\/chemgramx.com\\\/product\\\/2-ptc-online-kaufen\\\/#primaryimage\",\"url\":\"https:\\\/\\\/chemgramx.com\\\/wp-content\\\/uploads\\\/2025\\\/11\\\/2ptc.png\",\"contentUrl\":\"https:\\\/\\\/chemgramx.com\\\/wp-content\\\/uploads\\\/2025\\\/11\\\/2ptc.png\",\"width\":600,\"height\":400},{\"@type\":\"BreadcrumbList\",\"@id\":\"https:\\\/\\\/chemgramx.com\\\/product\\\/2-ptc-online-kaufen\\\/#breadcrumb\",\"itemListElement\":[{\"@type\":\"ListItem\",\"position\":1,\"name\":\"Home\",\"item\":\"https:\\\/\\\/chemgramx.com\\\/\"},{\"@type\":\"ListItem\",\"position\":2,\"name\":\"Shop\",\"item\":\"https:\\\/\\\/chemgramx.com\\\/shop\\\/\"},{\"@type\":\"ListItem\",\"position\":3,\"name\":\"2-PTC Online Kaufen\"}]},{\"@type\":\"WebSite\",\"@id\":\"https:\\\/\\\/chemgramx.com\\\/#website\",\"url\":\"https:\\\/\\\/chemgramx.com\\\/\",\"name\":\"Chemgramx\",\"description\":\"\",\"publisher\":{\"@id\":\"https:\\\/\\\/chemgramx.com\\\/#organization\"},\"potentialAction\":[{\"@type\":\"SearchAction\",\"target\":{\"@type\":\"EntryPoint\",\"urlTemplate\":\"https:\\\/\\\/chemgramx.com\\\/?s={search_term_string}\"},\"query-input\":{\"@type\":\"PropertyValueSpecification\",\"valueRequired\":true,\"valueName\":\"search_term_string\"}}],\"inLanguage\":\"it-IT\"},{\"@type\":\"Organization\",\"@id\":\"https:\\\/\\\/chemgramx.com\\\/#organization\",\"name\":\"Chemgramx\",\"url\":\"https:\\\/\\\/chemgramx.com\\\/\",\"logo\":{\"@type\":\"ImageObject\",\"inLanguage\":\"it-IT\",\"@id\":\"https:\\\/\\\/chemgramx.com\\\/#\\\/schema\\\/logo\\\/image\\\/\",\"url\":\"https:\\\/\\\/chemgramx.com\\\/wp-content\\\/uploads\\\/2024\\\/10\\\/final-logo.png\",\"contentUrl\":\"https:\\\/\\\/chemgramx.com\\\/wp-content\\\/uploads\\\/2024\\\/10\\\/final-logo.png\",\"width\":250,\"height\":48,\"caption\":\"Chemgramx\"},\"image\":{\"@id\":\"https:\\\/\\\/chemgramx.com\\\/#\\\/schema\\\/logo\\\/image\\\/\"}}]}<\/script>\n<!-- \/ Yoast SEO plugin. -->","yoast_head_json":{"title":"Acquista 2-PTC online \u2013 2-PTC in vendita | chemgramx","description":"Se stai cercando di acquistare 2-PTC in vendita, siamo la scelta giusta per te. Il nostro staff ti aiuter\u00e0 ad acquistare 2-PTC online a prezzi convenienti. Ordina da noi!","robots":{"index":"index","follow":"follow","max-snippet":"max-snippet:-1","max-image-preview":"max-image-preview:large","max-video-preview":"max-video-preview:-1"},"canonical":"https:\/\/chemgramx.com\/it\/prodotto-1\/2-acquistare-ptc-online\/","og_locale":"it_IT","og_type":"article","og_title":"2-PTC online kaufen \u2013 2-PTC zu verkaufen | chemgramx","og_description":"Wenn Sie 2-PTC zum Verkauf kaufen m\u00f6chten, sind wir die richtige Wahl f\u00fcr Sie. Unsere Mitarbeiter helfen Ihnen, 2-PTC online zu g\u00fcnstigen Preisen zu kaufen. Bestellen Sie bei uns!","og_url":"https:\/\/chemgramx.com\/it\/prodotto-1\/2-acquistare-ptc-online\/","og_site_name":"Chemgramx","article_modified_time":"2025-11-21T11:13:07+00:00","og_image":[{"width":600,"height":400,"url":"https:\/\/chemgramx.com\/wp-content\/uploads\/2025\/11\/2ptc.png","type":"image\/png"}],"twitter_card":"summary_large_image","twitter_misc":{"Tempo di lettura stimato":"4 minuti"},"schema":{"@context":"https:\/\/schema.org","@graph":[{"@type":"WebPage","@id":"https:\/\/chemgramx.com\/product\/2-ptc-online-kaufen\/","url":"https:\/\/chemgramx.com\/product\/2-ptc-online-kaufen\/","name":"Acquista 2-PTC online \u2013 2-PTC in vendita | chemgramx","isPartOf":{"@id":"https:\/\/chemgramx.com\/#website"},"primaryImageOfPage":{"@id":"https:\/\/chemgramx.com\/product\/2-ptc-online-kaufen\/#primaryimage"},"image":{"@id":"https:\/\/chemgramx.com\/product\/2-ptc-online-kaufen\/#primaryimage"},"thumbnailUrl":"https:\/\/chemgramx.com\/wp-content\/uploads\/2025\/11\/2ptc.png","datePublished":"2025-11-21T11:11:32+00:00","dateModified":"2025-11-21T11:13:07+00:00","description":"Se stai cercando di acquistare 2-PTC in vendita, siamo la scelta giusta per te. Il nostro staff ti aiuter\u00e0 ad acquistare 2-PTC online a prezzi convenienti. Ordina da noi!","breadcrumb":{"@id":"https:\/\/chemgramx.com\/product\/2-ptc-online-kaufen\/#breadcrumb"},"inLanguage":"it-IT","potentialAction":[{"@type":"ReadAction","target":["https:\/\/chemgramx.com\/product\/2-ptc-online-kaufen\/"]}]},{"@type":"ImageObject","inLanguage":"it-IT","@id":"https:\/\/chemgramx.com\/product\/2-ptc-online-kaufen\/#primaryimage","url":"https:\/\/chemgramx.com\/wp-content\/uploads\/2025\/11\/2ptc.png","contentUrl":"https:\/\/chemgramx.com\/wp-content\/uploads\/2025\/11\/2ptc.png","width":600,"height":400},{"@type":"BreadcrumbList","@id":"https:\/\/chemgramx.com\/product\/2-ptc-online-kaufen\/#breadcrumb","itemListElement":[{"@type":"ListItem","position":1,"name":"Home","item":"https:\/\/chemgramx.com\/"},{"@type":"ListItem","position":2,"name":"Shop","item":"https:\/\/chemgramx.com\/shop\/"},{"@type":"ListItem","position":3,"name":"2-PTC Online Kaufen"}]},{"@type":"WebSite","@id":"https:\/\/chemgramx.com\/#website","url":"https:\/\/chemgramx.com\/","name":"Chemgramx","description":"","publisher":{"@id":"https:\/\/chemgramx.com\/#organization"},"potentialAction":[{"@type":"SearchAction","target":{"@type":"EntryPoint","urlTemplate":"https:\/\/chemgramx.com\/?s={search_term_string}"},"query-input":{"@type":"PropertyValueSpecification","valueRequired":true,"valueName":"search_term_string"}}],"inLanguage":"it-IT"},{"@type":"Organization","@id":"https:\/\/chemgramx.com\/#organization","name":"Chemgramx","url":"https:\/\/chemgramx.com\/","logo":{"@type":"ImageObject","inLanguage":"it-IT","@id":"https:\/\/chemgramx.com\/#\/schema\/logo\/image\/","url":"https:\/\/chemgramx.com\/wp-content\/uploads\/2024\/10\/final-logo.png","contentUrl":"https:\/\/chemgramx.com\/wp-content\/uploads\/2024\/10\/final-logo.png","width":250,"height":48,"caption":"Chemgramx"},"image":{"@id":"https:\/\/chemgramx.com\/#\/schema\/logo\/image\/"}}]}},"_links":{"self":[{"href":"https:\/\/chemgramx.com\/it\/wp-json\/wp\/v2\/product\/7000","targetHints":{"allow":["GET"]}}],"collection":[{"href":"https:\/\/chemgramx.com\/it\/wp-json\/wp\/v2\/product"}],"about":[{"href":"https:\/\/chemgramx.com\/it\/wp-json\/wp\/v2\/types\/product"}],"replies":[{"embeddable":true,"href":"https:\/\/chemgramx.com\/it\/wp-json\/wp\/v2\/comments?post=7000"}],"wp:featuredmedia":[{"embeddable":true,"href":"https:\/\/chemgramx.com\/it\/wp-json\/wp\/v2\/media\/7030"}],"wp:attachment":[{"href":"https:\/\/chemgramx.com\/it\/wp-json\/wp\/v2\/media?parent=7000"}],"wp:term":[{"taxonomy":"product_brand","embeddable":true,"href":"https:\/\/chemgramx.com\/it\/wp-json\/wp\/v2\/product_brand?post=7000"},{"taxonomy":"product_cat","embeddable":true,"href":"https:\/\/chemgramx.com\/it\/wp-json\/wp\/v2\/product_cat?post=7000"},{"taxonomy":"product_tag","embeddable":true,"href":"https:\/\/chemgramx.com\/it\/wp-json\/wp\/v2\/product_tag?post=7000"}],"curies":[{"name":"wp","href":"https:\/\/api.w.org\/{rel}","templated":true}]}}