{"id":7006,"date":"2025-11-21T11:11:33","date_gmt":"2025-11-21T11:11:33","guid":{"rendered":"https:\/\/chemgramx.com\/?post_type=product&#038;p=7006"},"modified":"2025-11-21T11:13:20","modified_gmt":"2025-11-21T11:13:20","slug":"acquistare-alpha-pvt-online","status":"publish","type":"product","link":"https:\/\/chemgramx.com\/it\/product\/alpha-pvt-online-kaufen\/","title":{"rendered":"Acquistare Alpha-PVT online"},"content":{"rendered":"<p><b>Cloridrato di alfa-PVT<\/b> (A<span class=\"math-inline\" data-math=\"alpha\">lpha<\/span>-pirrolidinopentiofenone) non \u00e8 solo un altro standard; \u00e8 un <b>Standard di riferimento analitico premium<\/b> L'ultima generazione del metodo, appositamente sviluppata per migliorare la validit\u00e0 e l'affidabilit\u00e0 dei metodi nelle aree critiche di <b><a href=\"\/product\/alpha-php-online-kaufen\/\">forense<\/a> Tossicologia<\/b> e il <b>analisi chimica<\/b> da <b>nuove sostanze psicoattive (NPS)<\/b> per massimizzare i benefici. L'unico <b>Struttura a base di tiofene<\/b>, in cui l'anello fenilico \u00e8 sostituito da un'unit\u00e0 di tiofene, rende l'alfa-PVT un'indispensabile <b>Molecola di controllo<\/b> per il <b>Ricerca sulla relazione struttura-attivit\u00e0 (SAR)<\/b> all'interno della famiglia Cathinon.<\/p>\n<p>La distribuzione di questo <b>Standard Alpha-PVT<\/b> ha luogo <b>solo per scopi strettamente scientifici<\/b> su <b>Esperti qualificati<\/b> e <b>Istituti di ricerca accreditati<\/b>. Garantiamo un <b>purezza analiticamente confermata di <span class=\"math-inline\" data-math=\"ge98,%\">\u00a098%<\/span><\/b>\u00a0del sale cloridrato, una purezza che supera i requisiti standard e <b>preciso, tracciabile e riproducibile<\/b> I risultati della misurazione nel <b>Spettrometria di massa<\/b> e <b>Cromatografia<\/b> assicura. Se il vostro laboratorio ha un <b>Standard di riferimento tiofene-catinone<\/b>, <b>Materiale di controllo Alpha-PVT<\/b> o <b>Reagenti analitici per l'analisi dei farmaci<\/b> questo prodotto \u00e8 la base per analisi legalmente utilizzabili e per l'eccellenza scientifica.<\/p>\n<h2>\u00a0Eccellenza analitica: specifiche chimiche e garanzia di qualit\u00e0 al massimo livello<\/h2>\n<p>L'integrit\u00e0 del materiale di riferimento \u00e8 la pietra miliare di qualsiasi metodo analitico. L'alfa-PVT richiede la massima attenzione durante la caratterizzazione e la conservazione a causa della sua complessa architettura molecolare e della sua suscettibilit\u00e0 alla degradazione ossidativa.<\/p>\n<h3>Caratterizzazione chimica dettagliata di <span class=\"math-inline\" data-math=\"alpha\">alfa<\/span>-Pirrolidinopentiotiofenone<\/h3>\n<p>L'alfa-PVT appartiene al gruppo strutturale di <b>catinoni sostituiti<\/b> ed \u00e8 caratterizzato dalla <span class=\"math-inline\" data-math=\"beta\">beta<\/span>-struttura chetoidea e la <b>Gruppo pirrolidinico<\/b> caratterizzato. La sostituzione dell'anello fenilico con l'anello <b>Unit\u00e0 tiofene<\/b> provoca uno spostamento significativo del comportamento cromatografico (tempo di ritenzione) e delle propriet\u00e0 spettroscopiche, che \u00e8 essenziale per il <b>Differenziazione degli isomeri<\/b> \u00e8.<\/p>\n<ul>\n<li><b>Classe chimica:<\/b> A base di tiofene <span class=\"math-inline\" data-math=\"alpha\">alfa<\/span>-Pirrolidinofenone (catinone).<\/li>\n<li><b>Designazioni alternative:<\/b> <span class=\"math-inline\" data-math=\"alpha\">alfa<\/span>-pirrolidinopentiofenone.<\/li>\n<li><b>Profilo strutturale:<\/b> Contiene un <b>Unit\u00e0 tiofene<\/b> sugli aromatici e un <b>Gruppo pirrolidinico<\/b> al <span class=\"math-inline\" data-math=\"alpha\">alfa<\/span>-della catena etilamminica.<\/li>\n<li><b>Formulazione:<\/b> Come un'unit\u00e0 stabile <b>Sale cloridrico<\/b> che garantisce una maggiore durata e <b>buona solubilit\u00e0<\/b> in solventi polari (metanolo, acetonitrile) e in soluzioni tampone acquose per <span class=\"math-inline\" data-math=\"LC-MS\/MS\">LC-MS\/MS<\/span>-assaggi.<\/li>\n<li><b>Stato aggregato:<\/b> Elevata purezza, <b>polvere cristallina<\/b>, ottimizzato per una precisa preparazione gravimetrica degli standard in conformit\u00e0 alle norme ISO.<\/li>\n<\/ul>\n<h3>Purezza garantita grazie alla verifica multianalitica<\/h3>\n<p>Il nostro impegno per la purezza di <b><span class=\"math-inline\" data-math=\"ge98,%\">98%<\/span><\/b>\u00a0\u00e8 assicurata da metodi analitici ridondanti che soddisfano i requisiti di <b>BPL<\/b> e <b>ISO 17025<\/b> non solo li soddisfa, ma li supera.<\/p>\n<ol start=\"1\">\n<li><b>Conferma della purezza primaria:<\/b> La purezza \u00e8 determinata principalmente da <b>HPLC (Cromatografia liquida ad alte prestazioni)<\/b> quantificati con rilevamento fotometrico (UV\/DAD). In questo modo \u00e8 possibile rilevare con precisione tutte le impurit\u00e0 volatili e non volatili.<\/li>\n<li><b>Identificazione molecolare secondaria:<\/b> L'identit\u00e0 molecolare \u00e8 confermata da almeno due metodi ortogonali: <b>Gascromatografia-spettrometria di massa (GC\/MS)<\/b> e\/o <b>Cromatografia liquida-spettrometria di massa in tandem (LC-MS\/MS)<\/b>. Questi dati spettrali sono essenziali per la creazione di database forensi.<\/li>\n<li><b>Certificato di analisi (CoA) completo:<\/b> Ogni lotto contiene una scheda dettagliata <b>CoA<\/b>, dati spettrali (compresi gli ioni caratteristici dei frammenti), la valutazione della purezza e il <b>Tracciabilit\u00e0<\/b> della carica di sintesi.<\/li>\n<li><b>Garanzia di stabilit\u00e0:<\/b> Il <b>Stabilit\u00e0 analitica<\/b> \u00e8 massimizzata da specifiche linee guida per la conservazione e dalla formulazione come sale cloridrico per garantire l'integrit\u00e0 dello standard per tutta la sua durata di conservazione.<\/li>\n<\/ol>\n<h2>Aree di applicazione estese in medicina legale e farmacologia<\/h2>\n<p>L'alfa-PVT \u00e8 una molecola di controllo fondamentale per la comprensione della tossicologia degli stimolanti sintetici, in particolare di quelli che presentano deviazioni strutturali rispetto alla classica struttura della fenetilammina.<\/p>\n<h3>Tossicologia forense, calibrazione e controllo di qualit\u00e0<\/h3>\n<p>Lo standard Alpha-PVT \u00e8 fondamentale per il <b>analisi forense<\/b> di campioni in casi critici (ad es. traffico stradale, overdose, analisi post-mortem).<\/p>\n<ul>\n<li><b>Convalida del metodo:<\/b> Lo standard \u00e8 indispensabile per lo sviluppo e la <b>Convalida<\/b> da <b>Saggi di screening multi-target<\/b> per il rilevamento affidabile di <span class=\"math-inline\" data-math=\"alpha\">alfa<\/span>-derivati del pirrolidofenone. Questo include la determinazione del <b>Selettivit\u00e0<\/b> (verso le matrici e gli isomeri) e il <b>Effetti della matrice<\/b>.<\/li>\n<li><b>Calibrazione e quantificazione:<\/b> Il materiale di elevata purezza viene utilizzato per creare un'immagine precisa e lineare. <b>Curve di calibrazione<\/b> viene utilizzato. Questa \u00e8 la base per la determinazione precisa di concentrazioni nell'intervallo dei nanogrammi nei campioni biologici, un requisito per le prove forensi.<\/li>\n<li><b>Messa a punto del dispositivo:<\/b> Alpha-PVT funge da <b>Punto di riferimento<\/b> per la messa a punto quotidiana e la verifica delle prestazioni dei sensibili spettrometri di massa.<\/li>\n<\/ul>\n<h3>Ricerca in farmacologia e metabolismo<\/h3>\n<p>La ricerca si sta concentrando sul modo in cui la sostituzione del tiofene influisce sulla <b>Farmacodinamica<\/b> e il <b>Metabolismo<\/b> rispetto agli analoghi del benzene.<\/p>\n<ul>\n<li><b>Studi sui neurotrasmettitori:<\/b> La ricerca molecolare studia la <b>Affinit\u00e0<\/b> e <b>Potenza<\/b> della molecola sui trasportatori di dopamina, noradrenalina e serotonina. Questi dati sono essenziali per prevedere il rischio tossicologico.<\/li>\n<li><b>Identificazione del metabolismo:<\/b> Attraverso un'ampia <b><span class=\"math-inline\" data-math=\"In\">In<\/span> <span class=\"math-inline\" data-math=\"vitro\">vitro<\/span>-Studi<\/b> (ad esempio utilizzando enzimi P450 ricombinanti), tutti gli enzimi primari e secondari vengono <b>Metaboliti<\/b> di alfa-PVT sono stati identificati e la loro struttura \u00e8 stata confermata. La disponibilit\u00e0 di questi profili di metaboliti \u00e8 la chiave per la rilevabilit\u00e0 forense della sostanza, anche molto tempo dopo l'esposizione.<\/li>\n<\/ul>\n<h2>\u00a0Quadro giuridico, sicurezza di laboratorio e informazioni di riferimento<\/h2>\n<p>L'acquisizione e la gestione di questo <b>sostanze chimiche controllate per la ricerca<\/b> sono soggetti alle norme pi\u00f9 severe.<\/p>\n<h3>Conformit\u00e0 e responsabilit\u00e0 normativa<\/h3>\n<p>Dal momento che Alpha-PVT \u00e8 riconosciuto in molte giurisdizioni come un <b>sostanza controllata<\/b> (ad esempio, sotto il <b>NpSG<\/b>), la distribuzione \u00e8 altamente regolamentata.<\/p>\n<ul>\n<li><b>Esclusivamente ricerca:<\/b> Le vendite sono strettamente limitate al <b>Analisi e ricerca<\/b> in <b>istituzioni scientifiche autorizzate<\/b> limitato. Qualsiasi altro utilizzo non \u00e8 autorizzato e vietato.<\/li>\n<li><b>Obbligo dell'acquirente:<\/b> L'acquirente \u00e8 tenuto a <b>piena conformit\u00e0<\/b> tutti <b>leggi locali, nazionali e internazionali<\/b> per quanto riguarda l'importazione, il possesso e l'uso di sostanze chimiche controllate.<\/li>\n<\/ul>\n<h3>Protocolli di sicurezza e stoccaggio richiesti<\/h3>\n<p>Il rispetto rigoroso della <b>Scheda di sicurezza (MSDS)<\/b> \u00e8 essenziale per proteggere il personale di laboratorio e garantire la stabilit\u00e0 dello standard.<\/p>\n<ul>\n<li><b>PSA:<\/b> <b>Camice da laboratorio, occhiali di sicurezza<\/b> e resistente alle sostanze chimiche <b>Guanti<\/b> sono obbligatori.<\/li>\n<li><b>Ambiente di lavoro:<\/b> La manipolazione della polvere deve essere effettuata in condizioni di <b>Sistemi di cappe certificate<\/b> si svolga.<\/li>\n<li><b>Stoccaggio:<\/b> <b>Forte (<span class=\"math-inline\" data-math=\"text{2\u20138 \u00b0C}\">2-8 \u00b0C<\/span>), asciutto e protetto dalla luce<\/b>al fine di <b>Stabilit\u00e0 analitica<\/b> dello standard.<\/li>\n<\/ul>\n<h3>\u00a0Requisiti di acquisto e ordinazione<\/h3>\n<p>Offriamo il cloridrato di alfa-PVT nelle seguenti quantit\u00e0 <b>100 mg (campione di riferimento)<\/b>, <b>500 mg<\/b> e <b>1 g<\/b> a.<\/p>\n<p><b>Requisiti obbligatori dell'ordine:<\/b><\/p>\n<ol start=\"1\">\n<li>Prova della <b>Autorizzazione<\/b> dell'organizzazione di ricerca.<\/li>\n<li>Conferma scritta che la sostanza <b>esclusivamente per scopi di riferimento analitico<\/b> viene utilizzato.<\/li>\n<li>Riconoscimento del <b>Limitazioni di responsabilit\u00e0<\/b> e il <b>SCHEDA DI SICUREZZA<\/b>.<\/li>\n<\/ol>\n<p>Per ordinare in modo sicuro, conforme alla legge e veloce il vostro <b>Standard di riferimento Alpha-PVT<\/b> per garantire la <b>Validit\u00e0 dei metodi analitici<\/b>, contattateci direttamente.<\/p>","protected":false},"excerpt":{"rendered":"<p><strong>Alfa-PVT<\/strong> \u00e8 un composto pirrolidofenonico di prima classe, sviluppato appositamente per gli studi scientifici. \u00c8 ideale per la ricerca sui processi neurochimici e sulle propriet\u00e0 farmacologiche. Autorizzato solo per uso di laboratorio, non destinato al consumo umano.<\/p>","protected":false},"featured_media":7045,"comment_status":"open","ping_status":"closed","template":"","meta":{"_joinchat":[]},"product_brand":[],"product_cat":[49],"product_tag":[1953,1959,1954,1957,1958,1956,1955,188,1814,248],"class_list":{"0":"post-7006","1":"product","2":"type-product","3":"status-publish","4":"has-post-thumbnail","6":"product_cat-cathinones","7":"product_tag-alpha-pvt","8":"product_tag-alpha-pvt-chemikalien","9":"product_tag-alpha-pvt-kaufen","10":"product_tag-alpha-pvt-kristalle","11":"product_tag-alpha-pvt-online","12":"product_tag-alpha-pvt-pulver","13":"product_tag-alpha-pvt-zum-verkauf","14":"product_tag-forschungschemikalien","15":"product_tag-forschungsstoffe-kaufen","16":"product_tag-synthetische-stimulanzien","18":"first","19":"instock","20":"shipping-taxable","21":"purchasable","22":"product-type-variable"},"yoast_head":"<!-- This site is optimized with the Yoast SEO plugin v27.5 - https:\/\/yoast.com\/product\/yoast-seo-wordpress\/ -->\n<title>Alpha-PVT online kaufen \u2013 Alpha-PVT zu verkaufen | chemgramx<\/title>\n<meta name=\"description\" content=\"Unser Gesch\u00e4ft bietet Alpha-Pvt in Topqualit\u00e4t zum Verkauf an. Die Qualit\u00e4t unserer Produkte ist einfach unschlagbar. Wenn Sie es brauchen, k\u00f6nnen Sie Alpha-Pvt sofort online kaufen. Jetzt bestellen!\" \/>\n<meta name=\"robots\" content=\"index, follow, max-snippet:-1, max-image-preview:large, max-video-preview:-1\" \/>\n<link rel=\"canonical\" href=\"https:\/\/chemgramx.com\/it\/prodotto-1\/acquistare-alpha-pvt-online\/\" \/>\n<meta property=\"og:locale\" content=\"it_IT\" \/>\n<meta property=\"og:type\" content=\"article\" \/>\n<meta property=\"og:title\" content=\"Alpha-PVT online kaufen \u2013 Alpha-PVT zu verkaufen | chemgramx\" \/>\n<meta property=\"og:description\" content=\"Unser Gesch\u00e4ft bietet Alpha-Pvt in Topqualit\u00e4t zum Verkauf an. Die Qualit\u00e4t unserer Produkte ist einfach unschlagbar. Wenn Sie es brauchen, k\u00f6nnen Sie Alpha-Pvt sofort online kaufen. Jetzt bestellen!\" \/>\n<meta property=\"og:url\" content=\"https:\/\/chemgramx.com\/it\/prodotto-1\/acquistare-alpha-pvt-online\/\" \/>\n<meta property=\"og:site_name\" content=\"Chemgramx\" \/>\n<meta property=\"article:modified_time\" content=\"2025-11-21T11:13:20+00:00\" \/>\n<meta property=\"og:image\" content=\"https:\/\/chemgramx.com\/wp-content\/uploads\/2025\/11\/alphapvt.png\" \/>\n\t<meta property=\"og:image:width\" content=\"600\" \/>\n\t<meta property=\"og:image:height\" content=\"400\" \/>\n\t<meta property=\"og:image:type\" content=\"image\/png\" \/>\n<meta name=\"twitter:card\" content=\"summary_large_image\" \/>\n<meta name=\"twitter:label1\" content=\"Tempo di lettura stimato\" \/>\n\t<meta name=\"twitter:data1\" content=\"4 minuti\" \/>\n<script type=\"application\/ld+json\" class=\"yoast-schema-graph\">{\"@context\":\"https:\\\/\\\/schema.org\",\"@graph\":[{\"@type\":\"WebPage\",\"@id\":\"https:\\\/\\\/chemgramx.com\\\/product\\\/alpha-pvt-online-kaufen\\\/\",\"url\":\"https:\\\/\\\/chemgramx.com\\\/product\\\/alpha-pvt-online-kaufen\\\/\",\"name\":\"Alpha-PVT online kaufen \u2013 Alpha-PVT zu verkaufen | chemgramx\",\"isPartOf\":{\"@id\":\"https:\\\/\\\/chemgramx.com\\\/#website\"},\"primaryImageOfPage\":{\"@id\":\"https:\\\/\\\/chemgramx.com\\\/product\\\/alpha-pvt-online-kaufen\\\/#primaryimage\"},\"image\":{\"@id\":\"https:\\\/\\\/chemgramx.com\\\/product\\\/alpha-pvt-online-kaufen\\\/#primaryimage\"},\"thumbnailUrl\":\"https:\\\/\\\/chemgramx.com\\\/wp-content\\\/uploads\\\/2025\\\/11\\\/alphapvt.png\",\"datePublished\":\"2025-11-21T11:11:33+00:00\",\"dateModified\":\"2025-11-21T11:13:20+00:00\",\"description\":\"Unser Gesch\u00e4ft bietet Alpha-Pvt in Topqualit\u00e4t zum Verkauf an. Die Qualit\u00e4t unserer Produkte ist einfach unschlagbar. Wenn Sie es brauchen, k\u00f6nnen Sie Alpha-Pvt sofort online kaufen. Jetzt bestellen!\",\"breadcrumb\":{\"@id\":\"https:\\\/\\\/chemgramx.com\\\/product\\\/alpha-pvt-online-kaufen\\\/#breadcrumb\"},\"inLanguage\":\"it-IT\",\"potentialAction\":[{\"@type\":\"ReadAction\",\"target\":[\"https:\\\/\\\/chemgramx.com\\\/product\\\/alpha-pvt-online-kaufen\\\/\"]}]},{\"@type\":\"ImageObject\",\"inLanguage\":\"it-IT\",\"@id\":\"https:\\\/\\\/chemgramx.com\\\/product\\\/alpha-pvt-online-kaufen\\\/#primaryimage\",\"url\":\"https:\\\/\\\/chemgramx.com\\\/wp-content\\\/uploads\\\/2025\\\/11\\\/alphapvt.png\",\"contentUrl\":\"https:\\\/\\\/chemgramx.com\\\/wp-content\\\/uploads\\\/2025\\\/11\\\/alphapvt.png\",\"width\":600,\"height\":400},{\"@type\":\"BreadcrumbList\",\"@id\":\"https:\\\/\\\/chemgramx.com\\\/product\\\/alpha-pvt-online-kaufen\\\/#breadcrumb\",\"itemListElement\":[{\"@type\":\"ListItem\",\"position\":1,\"name\":\"Home\",\"item\":\"https:\\\/\\\/chemgramx.com\\\/\"},{\"@type\":\"ListItem\",\"position\":2,\"name\":\"Shop\",\"item\":\"https:\\\/\\\/chemgramx.com\\\/shop\\\/\"},{\"@type\":\"ListItem\",\"position\":3,\"name\":\"Alpha-PVT Online Kaufen\"}]},{\"@type\":\"WebSite\",\"@id\":\"https:\\\/\\\/chemgramx.com\\\/#website\",\"url\":\"https:\\\/\\\/chemgramx.com\\\/\",\"name\":\"Chemgramx\",\"description\":\"\",\"publisher\":{\"@id\":\"https:\\\/\\\/chemgramx.com\\\/#organization\"},\"potentialAction\":[{\"@type\":\"SearchAction\",\"target\":{\"@type\":\"EntryPoint\",\"urlTemplate\":\"https:\\\/\\\/chemgramx.com\\\/?s={search_term_string}\"},\"query-input\":{\"@type\":\"PropertyValueSpecification\",\"valueRequired\":true,\"valueName\":\"search_term_string\"}}],\"inLanguage\":\"it-IT\"},{\"@type\":\"Organization\",\"@id\":\"https:\\\/\\\/chemgramx.com\\\/#organization\",\"name\":\"Chemgramx\",\"url\":\"https:\\\/\\\/chemgramx.com\\\/\",\"logo\":{\"@type\":\"ImageObject\",\"inLanguage\":\"it-IT\",\"@id\":\"https:\\\/\\\/chemgramx.com\\\/#\\\/schema\\\/logo\\\/image\\\/\",\"url\":\"https:\\\/\\\/chemgramx.com\\\/wp-content\\\/uploads\\\/2024\\\/10\\\/final-logo.png\",\"contentUrl\":\"https:\\\/\\\/chemgramx.com\\\/wp-content\\\/uploads\\\/2024\\\/10\\\/final-logo.png\",\"width\":250,\"height\":48,\"caption\":\"Chemgramx\"},\"image\":{\"@id\":\"https:\\\/\\\/chemgramx.com\\\/#\\\/schema\\\/logo\\\/image\\\/\"}}]}<\/script>\n<!-- \/ Yoast SEO plugin. -->","yoast_head_json":{"title":"Acquista Alpha-PVT online \u2013 Alpha-PVT in vendita | chemgramx","description":"Il nostro negozio offre prodotti Alpha Pvt di altissima qualit\u00e0 in vendita. La qualit\u00e0 dei nostri prodotti \u00e8 semplicemente imbattibile. Se ne hai bisogno, puoi acquistare Alpha Pvt online immediatamente. Ordina ora!","robots":{"index":"index","follow":"follow","max-snippet":"max-snippet:-1","max-image-preview":"max-image-preview:large","max-video-preview":"max-video-preview:-1"},"canonical":"https:\/\/chemgramx.com\/it\/prodotto-1\/acquistare-alpha-pvt-online\/","og_locale":"it_IT","og_type":"article","og_title":"Alpha-PVT online kaufen \u2013 Alpha-PVT zu verkaufen | chemgramx","og_description":"Unser Gesch\u00e4ft bietet Alpha-Pvt in Topqualit\u00e4t zum Verkauf an. Die Qualit\u00e4t unserer Produkte ist einfach unschlagbar. Wenn Sie es brauchen, k\u00f6nnen Sie Alpha-Pvt sofort online kaufen. Jetzt bestellen!","og_url":"https:\/\/chemgramx.com\/it\/prodotto-1\/acquistare-alpha-pvt-online\/","og_site_name":"Chemgramx","article_modified_time":"2025-11-21T11:13:20+00:00","og_image":[{"width":600,"height":400,"url":"https:\/\/chemgramx.com\/wp-content\/uploads\/2025\/11\/alphapvt.png","type":"image\/png"}],"twitter_card":"summary_large_image","twitter_misc":{"Tempo di lettura stimato":"4 minuti"},"schema":{"@context":"https:\/\/schema.org","@graph":[{"@type":"WebPage","@id":"https:\/\/chemgramx.com\/product\/alpha-pvt-online-kaufen\/","url":"https:\/\/chemgramx.com\/product\/alpha-pvt-online-kaufen\/","name":"Acquista Alpha-PVT online \u2013 Alpha-PVT in vendita | chemgramx","isPartOf":{"@id":"https:\/\/chemgramx.com\/#website"},"primaryImageOfPage":{"@id":"https:\/\/chemgramx.com\/product\/alpha-pvt-online-kaufen\/#primaryimage"},"image":{"@id":"https:\/\/chemgramx.com\/product\/alpha-pvt-online-kaufen\/#primaryimage"},"thumbnailUrl":"https:\/\/chemgramx.com\/wp-content\/uploads\/2025\/11\/alphapvt.png","datePublished":"2025-11-21T11:11:33+00:00","dateModified":"2025-11-21T11:13:20+00:00","description":"Il nostro negozio offre prodotti Alpha Pvt di altissima qualit\u00e0 in vendita. La qualit\u00e0 dei nostri prodotti \u00e8 semplicemente imbattibile. Se ne hai bisogno, puoi acquistare Alpha Pvt online immediatamente. Ordina ora!","breadcrumb":{"@id":"https:\/\/chemgramx.com\/product\/alpha-pvt-online-kaufen\/#breadcrumb"},"inLanguage":"it-IT","potentialAction":[{"@type":"ReadAction","target":["https:\/\/chemgramx.com\/product\/alpha-pvt-online-kaufen\/"]}]},{"@type":"ImageObject","inLanguage":"it-IT","@id":"https:\/\/chemgramx.com\/product\/alpha-pvt-online-kaufen\/#primaryimage","url":"https:\/\/chemgramx.com\/wp-content\/uploads\/2025\/11\/alphapvt.png","contentUrl":"https:\/\/chemgramx.com\/wp-content\/uploads\/2025\/11\/alphapvt.png","width":600,"height":400},{"@type":"BreadcrumbList","@id":"https:\/\/chemgramx.com\/product\/alpha-pvt-online-kaufen\/#breadcrumb","itemListElement":[{"@type":"ListItem","position":1,"name":"Home","item":"https:\/\/chemgramx.com\/"},{"@type":"ListItem","position":2,"name":"Shop","item":"https:\/\/chemgramx.com\/shop\/"},{"@type":"ListItem","position":3,"name":"Alpha-PVT Online Kaufen"}]},{"@type":"WebSite","@id":"https:\/\/chemgramx.com\/#website","url":"https:\/\/chemgramx.com\/","name":"Chemgramx","description":"","publisher":{"@id":"https:\/\/chemgramx.com\/#organization"},"potentialAction":[{"@type":"SearchAction","target":{"@type":"EntryPoint","urlTemplate":"https:\/\/chemgramx.com\/?s={search_term_string}"},"query-input":{"@type":"PropertyValueSpecification","valueRequired":true,"valueName":"search_term_string"}}],"inLanguage":"it-IT"},{"@type":"Organization","@id":"https:\/\/chemgramx.com\/#organization","name":"Chemgramx","url":"https:\/\/chemgramx.com\/","logo":{"@type":"ImageObject","inLanguage":"it-IT","@id":"https:\/\/chemgramx.com\/#\/schema\/logo\/image\/","url":"https:\/\/chemgramx.com\/wp-content\/uploads\/2024\/10\/final-logo.png","contentUrl":"https:\/\/chemgramx.com\/wp-content\/uploads\/2024\/10\/final-logo.png","width":250,"height":48,"caption":"Chemgramx"},"image":{"@id":"https:\/\/chemgramx.com\/#\/schema\/logo\/image\/"}}]}},"_links":{"self":[{"href":"https:\/\/chemgramx.com\/it\/wp-json\/wp\/v2\/product\/7006","targetHints":{"allow":["GET"]}}],"collection":[{"href":"https:\/\/chemgramx.com\/it\/wp-json\/wp\/v2\/product"}],"about":[{"href":"https:\/\/chemgramx.com\/it\/wp-json\/wp\/v2\/types\/product"}],"replies":[{"embeddable":true,"href":"https:\/\/chemgramx.com\/it\/wp-json\/wp\/v2\/comments?post=7006"}],"wp:featuredmedia":[{"embeddable":true,"href":"https:\/\/chemgramx.com\/it\/wp-json\/wp\/v2\/media\/7045"}],"wp:attachment":[{"href":"https:\/\/chemgramx.com\/it\/wp-json\/wp\/v2\/media?parent=7006"}],"wp:term":[{"taxonomy":"product_brand","embeddable":true,"href":"https:\/\/chemgramx.com\/it\/wp-json\/wp\/v2\/product_brand?post=7006"},{"taxonomy":"product_cat","embeddable":true,"href":"https:\/\/chemgramx.com\/it\/wp-json\/wp\/v2\/product_cat?post=7006"},{"taxonomy":"product_tag","embeddable":true,"href":"https:\/\/chemgramx.com\/it\/wp-json\/wp\/v2\/product_tag?post=7006"}],"curies":[{"name":"wp","href":"https:\/\/api.w.org\/{rel}","templated":true}]}}