{"id":721,"date":"2024-10-22T09:15:38","date_gmt":"2024-10-22T09:15:38","guid":{"rendered":"https:\/\/chemgramx.com\/?post_type=product&#038;p=721"},"modified":"2025-10-16T05:19:50","modified_gmt":"2025-10-16T05:19:50","slug":"benzolam","status":"publish","type":"product","link":"https:\/\/chemgramx.com\/it\/product\/benzolam\/","title":{"rendered":"Acquistare Benzolam online"},"content":{"rendered":"<h2 data-start=\"109\" data-end=\"164\">Benzolam online kaufen von einer zuverl\u00e4ssigen Forschungsquelle<\/h2>\n<h3 data-start=\"166\" data-end=\"219\">Benzolam Online kaufen \u2013 Qualit\u00e4t und Sicherheit<\/h3>\n<p data-start=\"221\" data-end=\"497\">Wenn Benzolam online kaufen, profitieren Sie von gepr\u00fcften Substanzen f\u00fcr Forschung und medizinische Studien. <a href=\"https:\/\/chemgramx.com\/it\/product\/benzolam\/\">Benzolam online kaufen<\/a> sta riscuotendo sempre maggiore attenzione tra utenti e ricercatori grazie alla sua efficacia, rapidit\u00e0 d'azione e facilit\u00e0 d'uso.<\/p>\n<h3 data-start=\"499\" data-end=\"540\">Perch\u00e9 Benzolam Online \u00e8 cos\u00ec popolare<\/h3>\n<p data-start=\"542\" data-end=\"803\">Il benzolam in vendita \u00e8 molto richiesto da molti consumatori perch\u00e9 allevia efficacemente l'ansia, favorisce il rilassamento e pu\u00f2 ridurre i disturbi del sonno. La combinazione di potenza, azione rapida e prestazioni affidabili lo rende una scelta preferenziale.<\/p>\n<h3 data-start=\"805\" data-end=\"841\">Cosa rende unico il Benzolam?<\/h3>\n<p data-start=\"843\" data-end=\"1164\"><a href=\"https:\/\/en.wikipedia.org\/wiki\/Benzodiazepine\">Benzenam<\/a> Appartiene al gruppo delle benzodiazepine e agisce potenziando l'attivit\u00e0 del GABA. Chi ordina il benzolam riceve una sostanza che induce rapidamente rilassamento, calma e serenit\u00e0. La sua struttura chimica garantisce che gli effetti sedativi siano minimi rispetto ad altre benzodiazepine.<\/p>\n<h3 data-start=\"1166\" data-end=\"1206\">Effetti e dosaggio raccomandato<\/h3>\n<ul data-start=\"1208\" data-end=\"1439\">\n<li data-start=\"1208\" data-end=\"1295\">\n<p data-start=\"1210\" data-end=\"1295\">Dosaggio tipico: da 0,5 mg a 2 mg, a seconda della tolleranza individuale<\/p>\n<\/li>\n<li data-start=\"1296\" data-end=\"1364\">\n<p data-start=\"1298\" data-end=\"1364\">Inizio dell'azione: entro 30-60 minuti dalla somministrazione orale<\/p>\n<\/li>\n<li data-start=\"1365\" data-end=\"1439\">\n<p data-start=\"1367\" data-end=\"1439\">Utilizzo: Solo per scopi di ricerca e con la dovuta attenzione alla sicurezza<\/p>\n<\/li>\n<\/ul>\n<h3 data-start=\"1441\" data-end=\"1487\">\u00c8 sicuro acquistare Benzolam online?<\/h3>\n<p data-start=\"1489\" data-end=\"1673\">Wenn Benzolam online kaufen, ist es wichtig, bei seri\u00f6sen und vertrauensw\u00fcrdigen Anbietern zu bestellen. Achten Sie auf Labortests, COA-Zertifikate und sichere Zahlungsmethoden.<\/p>\n<h3 data-start=\"1675\" data-end=\"1716\">Consigli di sicurezza per l'acquisto del benzolam<\/h3>\n<ul data-start=\"1718\" data-end=\"1931\">\n<li data-start=\"1718\" data-end=\"1804\">\n<p data-start=\"1720\" data-end=\"1804\">Bewertungen pr\u00fcfen: Der beste Ort, um Benzolam online zu kaufen sorgf\u00e4ltig recherchieren<\/p>\n<\/li>\n<li data-start=\"1805\" data-end=\"1879\">\n<p data-start=\"1807\" data-end=\"1879\">Test di laboratorio: fornitori affidabili garantiscono purezza e autenticit\u00e0<\/p>\n<\/li>\n<li data-start=\"1880\" data-end=\"1931\">\n<p data-start=\"1882\" data-end=\"1931\">Spedizione sicura: Consegna discreta garantita<\/p>\n<\/li>\n<\/ul>\n<h3 data-start=\"1933\" data-end=\"1967\">Evita i prodotti contraffatti<\/h3>\n<p data-start=\"1969\" data-end=\"2136\">Evitate fornitori senza certificazione o con prezzi del benzolam irrealisticamente bassi. Le contraffazioni possono comportare rischi per la salute e dosaggi inefficaci.<\/p>\n<h3 data-start=\"2138\" data-end=\"2187\">Come faccio a identificare i venditori legittimi di benzolam?<\/h3>\n<ul data-start=\"2189\" data-end=\"2289\">\n<li data-start=\"2189\" data-end=\"2226\">\n<p data-start=\"2191\" data-end=\"2226\">Informazioni trasparenti sui prodotti<\/p>\n<\/li>\n<li data-start=\"2227\" data-end=\"2255\">\n<p data-start=\"2229\" data-end=\"2255\">Test di laboratorio di terze parti<\/p>\n<\/li>\n<li data-start=\"2256\" data-end=\"2289\">\n<p data-start=\"2258\" data-end=\"2289\">Assistenza clienti professionale<\/p>\n<\/li>\n<\/ul>\n<p data-start=\"2291\" data-end=\"2415\">Acquistando da fornitori affermati, avrai la certezza di ricevere in vendita Benzolam della massima qualit\u00e0.<\/p>\n<h3 data-start=\"2417\" data-end=\"2443\">Panoramica legale<\/h3>\n<p data-start=\"2445\" data-end=\"2492\">La legalit\u00e0 del benzolam dipende dal Paese:<\/p>\n<ul data-start=\"2494\" data-end=\"2681\">\n<li data-start=\"2494\" data-end=\"2561\">\n<p data-start=\"2496\" data-end=\"2561\">Stati Uniti: sostanza controllata, illegale senza prescrizione medica<\/p>\n<\/li>\n<li data-start=\"2562\" data-end=\"2630\">\n<p data-start=\"2564\" data-end=\"2630\">European Union: Prescription required, purchase without prescription often illegal<\/p>\n<\/li>\n<li data-start=\"2631\" data-end=\"2681\">\n<p data-start=\"2633\" data-end=\"2681\">Canada e Australia: disponibili solo con prescrizione medica<\/p>\n<\/li>\n<\/ul>\n<p data-start=\"2683\" data-end=\"2797\">Prima di effettuare un ordine, verifica le norme su dove acquistare Benzolam nel tuo Paese.<\/p>\n<h3 data-start=\"3068\" data-end=\"3085\">Listino prezzi<\/h3>\n<p data-start=\"3087\" data-end=\"3292\">I prezzi del benzolam variano a seconda del fornitore, del metodo di spedizione e del tipo di prodotto. Gli ordini all'ingrosso potrebbero offrire sconti. Confronta i prezzi di diversi fornitori affidabili per ottenere il miglior rapporto qualit\u00e0-prezzo.<\/p>\n<h3 data-start=\"3294\" data-end=\"3326\">Uso responsable<\/h3>\n<ul data-start=\"3328\" data-end=\"3489\">\n<li data-start=\"3328\" data-end=\"3378\">\n<p data-start=\"3330\" data-end=\"3378\">Iniziare con una dose bassa (ad esempio 0,5 mg)<\/p>\n<\/li>\n<li data-start=\"3379\" data-end=\"3418\">\n<p data-start=\"3381\" data-end=\"3418\">Nessun aggiustamento della dose senza periodo di attesa<\/p>\n<\/li>\n<li data-start=\"3419\" data-end=\"3452\">\n<p data-start=\"3421\" data-end=\"3452\">Nicht mit Alkohol kombinieren<\/p>\n<\/li>\n<li data-start=\"3453\" data-end=\"3489\">\n<p data-start=\"3455\" data-end=\"3489\">Utilizzare solo in un ambiente sicuro<\/p>\n<\/li>\n<\/ul>\n<h3 data-start=\"3491\" data-end=\"3530\">D\u00f3nde comprar Benzolam en l\u00ednea<\/h3>\n<p data-start=\"3532\" data-end=\"3724\">Wenn Benzolam online kaufen, w\u00e4hlen Sie vertrauensw\u00fcrdige Online-Apotheken oder spezialisierte Marktpl\u00e4tze. Achten Sie auf positive Bewertungen, Labortests und sichere Zahlungsmethoden.<\/p>\n<h3 data-start=\"3726\" data-end=\"3736\">Conclusione<\/h3>\n<p data-start=\"3738\" data-end=\"3907\">Wer Benzolam online kaufen m\u00f6chte, sollte auf Sicherheit, Legalit\u00e4t und Qualit\u00e4t achten. So genie\u00dfen Sie die Vorteile der Substanz und vermeiden unerw\u00fcnschte Risiken.<\/p>","protected":false},"excerpt":{"rendered":"<h2>Una panoramica della struttura, degli effetti e dello status giuridico<\/h2>\n<p><strong>Benzenam<\/strong> \u00e8 una sostanza sintetica appartenente alla classe delle benzodiazepine. Viene spesso definita una \"designer drug\" e negli ultimi anni ha guadagnato attenzione in diversi Paesi. Questa guida fornisce una panoramica completa del benzolam, compresa la sua struttura chimica, gli effetti, i rischi e la classificazione legale.<\/p>\n<h3>Struttura e formula chimica<\/h3>\n<ul>\n<li><strong>Formula chimica:<\/strong> C\u2081\u2086H\u2081\u2087ClN\u2082O<\/li>\n<li><strong>Nome IUPAC:<\/strong> 7-Chloro-5-(2-chlorophenyl)-1,3-dihydro-2H-1,4-benzodiazepin-2-on<\/li>\n<li><strong>Numero CAS:<\/strong> 123456-78-9 <em>(Nota: questo numero CAS \u00e8 esemplare. Controllare il numero esatto per il benzenam).<\/em><\/li>\n<\/ul>","protected":false},"featured_media":722,"comment_status":"open","ping_status":"closed","template":"","meta":{"_joinchat":[]},"product_brand":[],"product_cat":[50],"product_tag":[152,151,142,153,146,141,150,148,157,147,140,145,139,154,144,149,143,155,158,156],"class_list":{"0":"post-721","1":"product","2":"type-product","3":"status-publish","4":"has-post-thumbnail","6":"product_cat-benzodiazepines","7":"product_tag-benzolam-beschaffungsrichtlinien","8":"product_tag-benzolam-forschung-und-entwicklung","9":"product_tag-benzolam-fur-forschung","10":"product_tag-benzolam-fur-industrielle-anwendungen","11":"product_tag-benzolam-fur-laboranwendungen","12":"product_tag-benzolam-fur-medizinische-anwendungen","13":"product_tag-benzolam-gesetzliche-vorschriften","14":"product_tag-benzolam-groshandelslieferung","15":"product_tag-benzolam-im-medizinischen-bereich","16":"product_tag-benzolam-in-der-pharmaproduktion","17":"product_tag-benzolam-kaufen","18":"product_tag-benzolam-lagerung-und-handhabung","19":"product_tag-benzolam-lieferant","20":"product_tag-benzolam-marktanalyse","21":"product_tag-benzolam-preis-und-verfugbarkeit","22":"product_tag-benzolam-risiken-und-gefahren","23":"product_tag-benzolam-sicherheitsrichtlinien","24":"product_tag-benzolam-verfugbarkeit","25":"product_tag-benzolam-vertrieb","26":"product_tag-wo-benzolam-kaufen","28":"first","29":"instock","30":"shipping-taxable","31":"purchasable","32":"product-type-variable"},"yoast_head":"<!-- This site is optimized with the Yoast SEO plugin v26.1.1 - https:\/\/yoast.com\/wordpress\/plugins\/seo\/ -->\n<title>Benzolam online kaufen \u2013 Benzolam online zu verkaufen<\/title>\n<meta name=\"description\" content=\"Wenn Sie Benzolam online kaufen m\u00f6chten, haben wir hochwertiges Benzolam zum Verkauf. Wir helfen Ihnen, Benzolam online zu g\u00fcnstigen Preisen zu kaufen. Bestellen Sie noch heute!\" \/>\n<meta name=\"robots\" content=\"index, follow, max-snippet:-1, max-image-preview:large, max-video-preview:-1\" \/>\n<link rel=\"canonical\" href=\"https:\/\/chemgramx.com\/it\/product\/benzolam\/\" \/>\n<meta property=\"og:locale\" content=\"it_IT\" \/>\n<meta property=\"og:type\" content=\"article\" \/>\n<meta property=\"og:title\" content=\"Benzolam online kaufen \u2013 Benzolam online zu verkaufen\" \/>\n<meta property=\"og:description\" content=\"Wenn Sie Benzolam online kaufen m\u00f6chten, haben wir hochwertiges Benzolam zum Verkauf. Wir helfen Ihnen, Benzolam online zu g\u00fcnstigen Preisen zu kaufen. Bestellen Sie noch heute!\" \/>\n<meta property=\"og:url\" content=\"https:\/\/chemgramx.com\/it\/product\/benzolam\/\" \/>\n<meta property=\"og:site_name\" content=\"Chemgramx\" \/>\n<meta property=\"article:modified_time\" content=\"2025-10-16T05:19:50+00:00\" \/>\n<meta property=\"og:image\" content=\"https:\/\/chemgramx.com\/wp-content\/uploads\/2024\/10\/Benzolam-kaufen.webp\" \/>\n\t<meta property=\"og:image:width\" content=\"477\" \/>\n\t<meta property=\"og:image:height\" content=\"500\" \/>\n\t<meta property=\"og:image:type\" content=\"image\/webp\" \/>\n<meta name=\"twitter:card\" content=\"summary_large_image\" \/>\n<meta name=\"twitter:label1\" content=\"Tempo di lettura stimato\" \/>\n\t<meta name=\"twitter:data1\" content=\"3 minuti\" \/>\n<script type=\"application\/ld+json\" class=\"yoast-schema-graph\">{\"@context\":\"https:\/\/schema.org\",\"@graph\":[{\"@type\":\"WebPage\",\"@id\":\"https:\/\/chemgramx.com\/product\/benzolam\/\",\"url\":\"https:\/\/chemgramx.com\/product\/benzolam\/\",\"name\":\"Benzolam online kaufen \u2013 Benzolam online zu verkaufen\",\"isPartOf\":{\"@id\":\"https:\/\/chemgramx.com\/#website\"},\"primaryImageOfPage\":{\"@id\":\"https:\/\/chemgramx.com\/product\/benzolam\/#primaryimage\"},\"image\":{\"@id\":\"https:\/\/chemgramx.com\/product\/benzolam\/#primaryimage\"},\"thumbnailUrl\":\"https:\/\/chemgramx.com\/wp-content\/uploads\/2024\/10\/Benzolam-kaufen.webp\",\"datePublished\":\"2024-10-22T09:15:38+00:00\",\"dateModified\":\"2025-10-16T05:19:50+00:00\",\"description\":\"Wenn Sie Benzolam online kaufen m\u00f6chten, haben wir hochwertiges Benzolam zum Verkauf. Wir helfen Ihnen, Benzolam online zu g\u00fcnstigen Preisen zu kaufen. Bestellen Sie noch heute!\",\"breadcrumb\":{\"@id\":\"https:\/\/chemgramx.com\/product\/benzolam\/#breadcrumb\"},\"inLanguage\":\"it-IT\",\"potentialAction\":[{\"@type\":\"ReadAction\",\"target\":[\"https:\/\/chemgramx.com\/product\/benzolam\/\"]}]},{\"@type\":\"ImageObject\",\"inLanguage\":\"it-IT\",\"@id\":\"https:\/\/chemgramx.com\/product\/benzolam\/#primaryimage\",\"url\":\"https:\/\/chemgramx.com\/wp-content\/uploads\/2024\/10\/Benzolam-kaufen.webp\",\"contentUrl\":\"https:\/\/chemgramx.com\/wp-content\/uploads\/2024\/10\/Benzolam-kaufen.webp\",\"width\":477,\"height\":500,\"caption\":\"Benzolam online kaufen\"},{\"@type\":\"BreadcrumbList\",\"@id\":\"https:\/\/chemgramx.com\/product\/benzolam\/#breadcrumb\",\"itemListElement\":[{\"@type\":\"ListItem\",\"position\":1,\"name\":\"Home\",\"item\":\"https:\/\/chemgramx.com\/\"},{\"@type\":\"ListItem\",\"position\":2,\"name\":\"Shop\",\"item\":\"https:\/\/chemgramx.com\/shop\/\"},{\"@type\":\"ListItem\",\"position\":3,\"name\":\"Benzolam Online kaufen\"}]},{\"@type\":\"WebSite\",\"@id\":\"https:\/\/chemgramx.com\/#website\",\"url\":\"https:\/\/chemgramx.com\/\",\"name\":\"Chemgramx\",\"description\":\"\",\"publisher\":{\"@id\":\"https:\/\/chemgramx.com\/#organization\"},\"potentialAction\":[{\"@type\":\"SearchAction\",\"target\":{\"@type\":\"EntryPoint\",\"urlTemplate\":\"https:\/\/chemgramx.com\/?s={search_term_string}\"},\"query-input\":{\"@type\":\"PropertyValueSpecification\",\"valueRequired\":true,\"valueName\":\"search_term_string\"}}],\"inLanguage\":\"it-IT\"},{\"@type\":\"Organization\",\"@id\":\"https:\/\/chemgramx.com\/#organization\",\"name\":\"Chemgramx\",\"url\":\"https:\/\/chemgramx.com\/\",\"logo\":{\"@type\":\"ImageObject\",\"inLanguage\":\"it-IT\",\"@id\":\"https:\/\/chemgramx.com\/#\/schema\/logo\/image\/\",\"url\":\"https:\/\/chemgramx.com\/wp-content\/uploads\/2024\/10\/final-logo.png\",\"contentUrl\":\"https:\/\/chemgramx.com\/wp-content\/uploads\/2024\/10\/final-logo.png\",\"width\":250,\"height\":48,\"caption\":\"Chemgramx\"},\"image\":{\"@id\":\"https:\/\/chemgramx.com\/#\/schema\/logo\/image\/\"}}]}<\/script>\n<!-- \/ Yoast SEO plugin. -->","yoast_head_json":{"title":"Benzolam online kaufen \u2013 Benzolam online zu verkaufen","description":"Wenn Sie Benzolam online kaufen m\u00f6chten, haben wir hochwertiges Benzolam zum Verkauf. Wir helfen Ihnen, Benzolam online zu g\u00fcnstigen Preisen zu kaufen. Bestellen Sie noch heute!","robots":{"index":"index","follow":"follow","max-snippet":"max-snippet:-1","max-image-preview":"max-image-preview:large","max-video-preview":"max-video-preview:-1"},"canonical":"https:\/\/chemgramx.com\/it\/product\/benzolam\/","og_locale":"it_IT","og_type":"article","og_title":"Benzolam online kaufen \u2013 Benzolam online zu verkaufen","og_description":"Wenn Sie Benzolam online kaufen m\u00f6chten, haben wir hochwertiges Benzolam zum Verkauf. Wir helfen Ihnen, Benzolam online zu g\u00fcnstigen Preisen zu kaufen. Bestellen Sie noch heute!","og_url":"https:\/\/chemgramx.com\/it\/product\/benzolam\/","og_site_name":"Chemgramx","article_modified_time":"2025-10-16T05:19:50+00:00","og_image":[{"width":477,"height":500,"url":"https:\/\/chemgramx.com\/wp-content\/uploads\/2024\/10\/Benzolam-kaufen.webp","type":"image\/webp"}],"twitter_card":"summary_large_image","twitter_misc":{"Tempo di lettura stimato":"3 minuti"},"schema":{"@context":"https:\/\/schema.org","@graph":[{"@type":"WebPage","@id":"https:\/\/chemgramx.com\/product\/benzolam\/","url":"https:\/\/chemgramx.com\/product\/benzolam\/","name":"Benzolam online kaufen \u2013 Benzolam online zu verkaufen","isPartOf":{"@id":"https:\/\/chemgramx.com\/#website"},"primaryImageOfPage":{"@id":"https:\/\/chemgramx.com\/product\/benzolam\/#primaryimage"},"image":{"@id":"https:\/\/chemgramx.com\/product\/benzolam\/#primaryimage"},"thumbnailUrl":"https:\/\/chemgramx.com\/wp-content\/uploads\/2024\/10\/Benzolam-kaufen.webp","datePublished":"2024-10-22T09:15:38+00:00","dateModified":"2025-10-16T05:19:50+00:00","description":"Wenn Sie Benzolam online kaufen m\u00f6chten, haben wir hochwertiges Benzolam zum Verkauf. Wir helfen Ihnen, Benzolam online zu g\u00fcnstigen Preisen zu kaufen. Bestellen Sie noch heute!","breadcrumb":{"@id":"https:\/\/chemgramx.com\/product\/benzolam\/#breadcrumb"},"inLanguage":"it-IT","potentialAction":[{"@type":"ReadAction","target":["https:\/\/chemgramx.com\/product\/benzolam\/"]}]},{"@type":"ImageObject","inLanguage":"it-IT","@id":"https:\/\/chemgramx.com\/product\/benzolam\/#primaryimage","url":"https:\/\/chemgramx.com\/wp-content\/uploads\/2024\/10\/Benzolam-kaufen.webp","contentUrl":"https:\/\/chemgramx.com\/wp-content\/uploads\/2024\/10\/Benzolam-kaufen.webp","width":477,"height":500,"caption":"Benzolam online kaufen"},{"@type":"BreadcrumbList","@id":"https:\/\/chemgramx.com\/product\/benzolam\/#breadcrumb","itemListElement":[{"@type":"ListItem","position":1,"name":"Home","item":"https:\/\/chemgramx.com\/"},{"@type":"ListItem","position":2,"name":"Shop","item":"https:\/\/chemgramx.com\/shop\/"},{"@type":"ListItem","position":3,"name":"Benzolam Online kaufen"}]},{"@type":"WebSite","@id":"https:\/\/chemgramx.com\/#website","url":"https:\/\/chemgramx.com\/","name":"Chemgramx","description":"","publisher":{"@id":"https:\/\/chemgramx.com\/#organization"},"potentialAction":[{"@type":"SearchAction","target":{"@type":"EntryPoint","urlTemplate":"https:\/\/chemgramx.com\/?s={search_term_string}"},"query-input":{"@type":"PropertyValueSpecification","valueRequired":true,"valueName":"search_term_string"}}],"inLanguage":"it-IT"},{"@type":"Organization","@id":"https:\/\/chemgramx.com\/#organization","name":"Chemgramx","url":"https:\/\/chemgramx.com\/","logo":{"@type":"ImageObject","inLanguage":"it-IT","@id":"https:\/\/chemgramx.com\/#\/schema\/logo\/image\/","url":"https:\/\/chemgramx.com\/wp-content\/uploads\/2024\/10\/final-logo.png","contentUrl":"https:\/\/chemgramx.com\/wp-content\/uploads\/2024\/10\/final-logo.png","width":250,"height":48,"caption":"Chemgramx"},"image":{"@id":"https:\/\/chemgramx.com\/#\/schema\/logo\/image\/"}}]}},"_links":{"self":[{"href":"https:\/\/chemgramx.com\/it\/wp-json\/wp\/v2\/product\/721","targetHints":{"allow":["GET"]}}],"collection":[{"href":"https:\/\/chemgramx.com\/it\/wp-json\/wp\/v2\/product"}],"about":[{"href":"https:\/\/chemgramx.com\/it\/wp-json\/wp\/v2\/types\/product"}],"replies":[{"embeddable":true,"href":"https:\/\/chemgramx.com\/it\/wp-json\/wp\/v2\/comments?post=721"}],"wp:featuredmedia":[{"embeddable":true,"href":"https:\/\/chemgramx.com\/it\/wp-json\/wp\/v2\/media\/722"}],"wp:attachment":[{"href":"https:\/\/chemgramx.com\/it\/wp-json\/wp\/v2\/media?parent=721"}],"wp:term":[{"taxonomy":"product_brand","embeddable":true,"href":"https:\/\/chemgramx.com\/it\/wp-json\/wp\/v2\/product_brand?post=721"},{"taxonomy":"product_cat","embeddable":true,"href":"https:\/\/chemgramx.com\/it\/wp-json\/wp\/v2\/product_cat?post=721"},{"taxonomy":"product_tag","embeddable":true,"href":"https:\/\/chemgramx.com\/it\/wp-json\/wp\/v2\/product_tag?post=721"}],"curies":[{"name":"wp","href":"https:\/\/api.w.org\/{rel}","templated":true}]}}