{"id":7219,"date":"2025-11-21T11:13:36","date_gmt":"2025-11-21T11:13:36","guid":{"rendered":"https:\/\/chemgramx.com\/?post_type=product&#038;p=7219"},"modified":"2025-12-09T07:29:03","modified_gmt":"2025-12-09T07:29:03","slug":"comprare-1d-lsd-150mcg-blotters","status":"publish","type":"product","link":"https:\/\/chemgramx.com\/it\/product\/1d-lsd-150mcg-blotters-kaufen\/","title":{"rendered":"Comprare blotter di 1D-LSD 150mcg"},"content":{"rendered":"<p>Il <b>Blotter di 1D-LSD 150mcg<\/b> rappresentano un reagente altamente puro e affidabile della <b>Dietilammidi dell'acido 1D-lisergico<\/b> \u00e8 la soluzione ideale. Questo prodotto \u00e8 stato progettato appositamente per soddisfare i requisiti pi\u00f9 esigenti della <b>chimica analitica, farmacologia e neurobiologia<\/b> progettato. La forma di dosaggio come <b>Blotter (carta assorbente)<\/b> permette un dosaggio e una manipolazione semplici ma estremamente precisi, ideali per <b>progetti di ricerca qualificati<\/b> \u00e8 indispensabile. Si sottolinea con forza che questo materiale <b>esclusivamente per analisi scientifiche<\/b> e il consumo da parte di esseri umani o animali \u00e8 severamente vietato.<\/p>\n<p>Istituti di ricerca, universit\u00e0 e laboratori privati che pongono le massime esigenze in materia di <b>Precisione, purezza e coerenza dei lotti<\/b> scegliere questi blotter. Con una dose garantita di <b>150 microgrammi <span class=\"math-inline\" data-math=\"text{mcg}\">mcg<\/span>\u00a0per carta assorbente<\/b> forniscono una base stabile e standardizzata per studi dettagliati. Acquistando questo materiale, i ricercatori si impegnano a rispettare rigorosamente tutte le norme di sicurezza e le leggi vigenti.<\/p>\n<h2>Informazioni dettagliate sul prodotto e specifiche analitiche<\/h2>\n<p>La base di una ricerca scientifica affidabile \u00e8 l'alta qualit\u00e0 del materiale utilizzato. Il nostro <b>Schede 1D-LSD<\/b> sono prodotti nelle pi\u00f9 severe condizioni di laboratorio per garantire la massima integrit\u00e0 analitica.<\/p>\n<h3>Specifiche analitiche e garanzia di purezza<\/h3>\n<ul>\n<li><b>Designazione della sostanza:<\/b> Dietilamide dell'acido lisergico 1D (1D-LSD). La corretta identit\u00e0 chimica e la struttura sono state confermate per la documentazione scientifica.<\/li>\n<li><b>Forma di dosaggio:<\/b> <b>Carta e penna<\/b>. Questa forma \u00e8 pratica per lo stoccaggio, il trasporto e il prelievo di quantit\u00e0 esatte in laboratorio.<\/li>\n<li><b>Dosaggio:<\/b> <b>150mcg <\/b>\u00a0per tampone. Questa elevata precisione di dosaggio garantisce una <b>Quantit\u00e0 uniforme di principio attivo<\/b>, che sono fondamentali per la riproducibilit\u00e0 <b>Studi di dosaggio<\/b> \u00e8.<\/li>\n<li><b>Grado di purezza:<\/b> Garantito <b>La purezza<\/b> del principio attivo. Il controllo viene effettuato da <b>Cromatografia liquida ad alte prestazioni (HPLC)<\/b>, per garantire l'assenza di impurit\u00e0 rilevanti e la massima qualit\u00e0.<\/li>\n<li><b>Stabilit\u00e0:<\/b> Se si rispettano le condizioni di conservazione raccomandate, il prodotto ha una <b>Stabilit\u00e0 ottimale<\/b> su.<\/li>\n<li><b>Documentazione:<\/b> Ogni consegna \u00e8 accompagnata da un <b>Certificato di analisi completo<\/b> che conferma la purezza, la concentrazione e la consistenza del lotto.<\/li>\n<\/ul>\n<h3>Caratteristiche di qualit\u00e0 per la massima affidabilit\u00e0 della ricerca<\/h3>\n<p>L'idoneit\u00e0 dei nostri blotter 1D-LSD per scopi di ricerca impegnativi \u00e8 sostenuta dai seguenti rigorosi criteri di qualit\u00e0:<\/p>\n<ol start=\"1\">\n<li><b>Controllo preciso del dosaggio:<\/b> Vengono utilizzate tecniche di applicazione specializzate per <b>Distribuzione uniforme dei principi attivi<\/b> sul materiale portante. Questo aspetto \u00e8 di fondamentale importanza per effettuare esperimenti quantitativi precisi.<\/li>\n<li><b>Documentazione analitica:<\/b> Forniamo tutti i dati rilevanti <b>Coerenza del lotto<\/b> e <b>purezza analitica<\/b> in modo che i ricercatori possano dimostrare la qualit\u00e0 del reagente nei loro studi e pubblicazioni.<\/li>\n<li><b>Qualit\u00e0 riproducibile:<\/b> I rigorosi protocolli di controllo durante la produzione garantiscono un elevato livello di qualit\u00e0. <b>Riproducibilit\u00e0 della qualit\u00e0 di ogni lotto<\/b>. Questa \u00e8 la base per studi affidabili a lungo termine.<\/li>\n<li><b>Dati completi sulla stabilit\u00e0:<\/b> Ci sono <b>Durata di conservazione documentata di 24 mesi<\/b> se conservato correttamente sotto <span class=\"math-inline\" data-math=\"8^circtext{C}\">$8^circtext{C}$<\/span> che consente una pianificazione affidabile di progetti di ricerca a lungo termine.<\/li>\n<\/ol>\n<h2>Applicazioni di ricerca e aree di utilizzo in laboratorio<\/h2>\n<p>Il <b>Blotter di 1D-LSD 150mcg<\/b> servire come materiale standard e di ricerca indispensabile per i laboratori che si occupano di lisergamidi.<\/p>\n<h3>Possibili aree di applicazione del materiale di ricerca<\/h3>\n<ul>\n<li><b>Studi di dosaggio:<\/b> Il dosaggio esatto consente ai ricercatori di <b>Applicazione dei principi attivi<\/b> nell'ambito di <i>In vitro<\/i>-modelli per lo studio del legame con i recettori e delle relazioni concentrazione-risposta.<\/li>\n<li><b>Ricerca sulla stabilit\u00e0:<\/b> Mirato <b>Test sulla durata di conservazione<\/b> in condizioni climatiche variabili (luce, temperatura, umidit\u00e0) per studiare la cinetica di degradazione della sostanza e ottimizzare le raccomandazioni di conservazione.<\/li>\n<li><b>Analisi comparative:<\/b> Utilizzare come standard di riferimento per <b>Confronto dei metodi<\/b> nella chimica analitica e per la calibrazione di strumenti di misura altamente sensibili. L'attenzione \u00e8 rivolta in particolare a <b>Confronto con altre lisergamidi<\/b> come l'1P-LSD o l'LSD stesso, al fine di abbinare i loro profili.<\/li>\n<li><b>Propriet\u00e0 del materiale:<\/b> Fisico <b>Caratterizzazione della forma del blotter<\/b>, compresi i tassi di solubilit\u00e0 e i profili di rilascio del principio attivo dalla matrice.<\/li>\n<li><b>Ricerca sul metabolismo e sui metaboliti:<\/b> Indagine sulla conversione chimica dell'1D-LSD nei suoi potenziali metaboliti in un ambiente idoneo <i>In vitro<\/i>-sistemi.<\/li>\n<\/ul>\n<h2>Sicurezza, conformit\u00e0 legale e conservazione ottimale<\/h2>\n<p>La gestione di <b>1D-LSD<\/b> in quanto prodotto chimico di ricerca di elevata purezza, richiede la massima attenzione e la stretta osservanza di tutte le norme di sicurezza nazionali e dell'istituto.<\/p>\n<h3>Precauzioni importanti e protezione del laboratorio<\/h3>\n<ul>\n<li><b>Solo a scopo di ricerca:<\/b> \u00c8 severamente vietato utilizzare i blotter per qualsiasi analisi scientifica diversa da quella specificata nel protocollo di ricerca. <b>Nessun altro utilizzo<\/b> \u00e8 consentito.<\/li>\n<li><b>Condizioni di laboratorio controllate:<\/b> La gestione del <b>Schede 1D-LSD<\/b> mosto <b>esclusivamente in strutture di laboratorio autorizzate e controllate<\/b> si svolga.<\/li>\n<li><b>Dispositivi di protezione obbligatori:<\/b> \u00c8 indispensabile che il personale scientifico <b>Guanti e occhiali di sicurezza<\/b> per evitare il contatto diretto e l'esposizione alla sostanza di elevata purezza.<\/li>\n<li><b>Conformit\u00e0 legale:<\/b> L'organizzazione di ricerca deve <b>Conformit\u00e0 con tutte le leggi e i regolamenti locali e nazionali.<\/b> per quanto riguarda i prodotti chimici di ricerca e le lisergamidi.<\/li>\n<\/ul>\n<h3>Condizioni di conservazione ottimali per la massima durata di conservazione<\/h3>\n<p>L'integrit\u00e0 chimica dei derivati dell'acido lisergico \u00e8 sensibile alla luce, al calore e all'umidit\u00e0. La corretta conservazione \u00e8 fondamentale per l'integrit\u00e0 del materiale di ricerca:<\/p>\n<ul>\n<li><b>Controllo della temperatura:<\/b> Idealmente refrigerato a <b>\u00a0(Frigo)<\/b> per rallentare la decomposizione chimica.<\/li>\n<li><b>Controllo dell'umidit\u00e0:<\/b> Stoccaggio in un <b>ambiente secco<\/b> (<span class=\"math-inline\" data-math=\"&lt;60%\">&lt;60<\/span>\u00a0umidit\u00e0 relativa) \u00e8 essenziale per proteggere il substrato e la sostanza.<\/li>\n<li><b>Protezione dalla luce:<\/b> I cartellini devono <b>in contenitori opachi<\/b> memorizzati e <b>dalla luce diretta del sole<\/b> essere protetti.<\/li>\n<li><b>Confezione originale:<\/b> Il materiale deve essere conservato fino al momento in cui viene utilizzato direttamente nella <b>Confezione originale<\/b> per evitare la contaminazione.<\/li>\n<\/ul>\n<h2>Informazioni sugli ordini e requisiti di acquisto rigorosi<\/h2>\n<p>L'acquisto di blotter 1D-LSD 150mcg \u00e8 strettamente limitato alle istituzioni scientifiche e richiede la prova della qualifica scientifica dell'acquirente per evitare abusi.<\/p>\n<h3>Quantit\u00e0 disponibili per la ricerca scientifica<\/h3>\n<p>Offriamo una quantit\u00e0 scaglionata di blotter per soddisfare le diverse esigenze di ricerca:<\/p>\n<ul>\n<li><b>Campione di ricerca:<\/b> 50 blotter - ideali per calibrazioni e test.<\/li>\n<li><b>Confezione piccola:<\/b> 100 blotter - Per studi individuali specifici.<\/li>\n<li><b>Imballaggio standard:<\/b> 200 blotter - Adatti a progetti di ricerca continui e di piccole dimensioni.<\/li>\n<li><b>Confezione sfusa:<\/b> 500 blotter - Per studi e confronti approfonditi.<\/li>\n<\/ul>\n<h3>Requisiti necessari per l'ordine<\/h3>\n<ol start=\"1\">\n<li><b>Prova dell'organizzazione della ricerca:<\/b> Solo accreditati <b>Istituti di ricerca, universit\u00e0 o centri di analisi certificati<\/b> sono autorizzati ad acquistare.<\/li>\n<li><b>Prova dell'uso previsto:<\/b> Ci deve essere una scritta, <b>scientifico <a href=\"\/product\/blackberry-kush-20-thc\/\">Descrizione del progetto di ricerca<\/a><\/b> La relazione deve essere presentata al Ministero Federale dell'Istruzione e della Ricerca, che giustifica in dettaglio l'uso previsto dei blotter 1D-LSD.<\/li>\n<li><b>Conferma delle conoscenze in materia di sicurezza:<\/b> Conferma formale della conoscenza e <b>Implementazione dei protocolli di sicurezza<\/b> e la qualificazione del personale scientifico \u00e8 obbligatoria.<\/li>\n<\/ol>\n<h2>Domande frequenti (FAQ) sull'uso nella ricerca<\/h2>\n<p>Per garantire la massima trasparenza, rispondiamo alle domande pi\u00f9 frequenti sulla gestione e sulla conformit\u00e0:<\/p>\n<ul>\n<li>D: I blotter sono adatti all'uso umano? R: No, questo prodotto \u00e8 destinato esclusivamente a scopi di ricerca in ambienti di laboratorio e non \u00e8 autorizzato al consumo.<\/li>\n<li>D: Quali dati analitici vengono forniti? R: Forniamo analisi HPLC complete e la documentazione del lotto per dimostrare la purezza e la concentrazione.<\/li>\n<li>D: Qual \u00e8 la durata di conservazione dei blotter? R: La durata di conservazione \u00e8 di almeno 24 mesi se conservati correttamente sotto $8^circtext{C}$ e al riparo dalla luce.<\/li>\n<li>D: Ho bisogno di licenze speciali? R: Le strutture di ricerca devono essere conformi alle normative locali. \u00c8 responsabilit\u00e0 dell'acquirente rispettare la legge.<\/li>\n<li>D: La spedizione \u00e8 discreta? R: S\u00ec, la spedizione viene effettuata in un imballaggio neutro da laboratorio senza alcuna indicazione del contenuto per garantire sicurezza e discrezione.<\/li>\n<\/ul>\n<h2>Avviso legale<\/h2>\n<p>Questo prodotto \u00e8 <b>esclusivamente per scopi di ricerca<\/b> determinato. Effettuando l'acquisto, l'acquirente conferma senza riserve:<\/p>\n<ul>\n<li>Il <b>Utilizzare solo in ambienti di ricerca legali e autorizzati<\/b>.<\/li>\n<li>Il <b>Conformit\u00e0 a tutte le leggi e i regolamenti applicabili<\/b> della rispettiva legislazione nazionale in materia di sostanze chimiche di ricerca e nuove sostanze.<\/li>\n<li>Il <b>Implementazione di misure di sicurezza adeguate<\/b> per proteggere il personale e ridurre al minimo i rischi.<\/li>\n<li>Il <b>Divieto di utilizzo non autorizzato<\/b>, compreso il consumo umano o animale, \u00e8 rigorosamente osservato.<\/li>\n<\/ul>","protected":false},"excerpt":{"rendered":"<p>Acquistare blotter per 1D-LSD 150mcg: Prodotto chimico per la ricerca in blotter dosati con precisione per il lavoro scientifico. Esclusivamente per scopi di ricerca in ambienti di laboratorio.<\/p>","protected":false},"featured_media":7245,"comment_status":"open","ping_status":"closed","template":"","meta":{"_joinchat":[]},"product_brand":[],"product_cat":[43,55],"product_tag":[],"class_list":{"0":"post-7219","1":"product","2":"type-product","3":"status-publish","4":"has-post-thumbnail","6":"product_cat-chemgramx","7":"product_cat-lysergamides","9":"first","10":"instock","11":"shipping-taxable","12":"purchasable","13":"product-type-variable"},"yoast_head":"<!-- This site is optimized with the Yoast SEO plugin v27.5 - https:\/\/yoast.com\/product\/yoast-seo-wordpress\/ -->\n<title>1D-LSD Blotters Kaufen | 150mcg | Research ChemicalChemgramx<\/title>\n<meta name=\"description\" content=\"1D-LSD 150mcg Blotters kaufen - Forschungschemikalie in Blotter-Form. F\u00fcr wissenschaftliche Analysen. Laborgepr\u00fcft &amp; diskret.\" \/>\n<meta name=\"robots\" content=\"index, follow, max-snippet:-1, max-image-preview:large, max-video-preview:-1\" \/>\n<link rel=\"canonical\" href=\"https:\/\/chemgramx.com\/it\/prodotto-1\/comprare-1d-lsd-150mcg-blotters\/\" \/>\n<meta property=\"og:locale\" content=\"it_IT\" \/>\n<meta property=\"og:type\" content=\"article\" \/>\n<meta property=\"og:title\" content=\"1D-LSD Blotters Kaufen | 150mcg | Research ChemicalChemgramx\" \/>\n<meta property=\"og:description\" content=\"1D-LSD 150mcg Blotters kaufen - Forschungschemikalie in Blotter-Form. F\u00fcr wissenschaftliche Analysen. Laborgepr\u00fcft &amp; diskret.\" \/>\n<meta property=\"og:url\" content=\"https:\/\/chemgramx.com\/it\/prodotto-1\/comprare-1d-lsd-150mcg-blotters\/\" \/>\n<meta property=\"og:site_name\" content=\"Chemgramx\" \/>\n<meta property=\"article:modified_time\" content=\"2025-12-09T07:29:03+00:00\" \/>\n<meta property=\"og:image\" content=\"https:\/\/chemgramx.com\/wp-content\/uploads\/2025\/11\/1d-lsd-150mcg-blotters-chem-store-online.png\" \/>\n\t<meta property=\"og:image:width\" content=\"659\" \/>\n\t<meta property=\"og:image:height\" content=\"561\" \/>\n\t<meta property=\"og:image:type\" content=\"image\/png\" \/>\n<meta name=\"twitter:card\" content=\"summary_large_image\" \/>\n<meta name=\"twitter:label1\" content=\"Tempo di lettura stimato\" \/>\n\t<meta name=\"twitter:data1\" content=\"5 minuti\" \/>\n<script type=\"application\/ld+json\" class=\"yoast-schema-graph\">{\"@context\":\"https:\\\/\\\/schema.org\",\"@graph\":[{\"@type\":\"WebPage\",\"@id\":\"https:\\\/\\\/chemgramx.com\\\/product\\\/1d-lsd-150mcg-blotters-kaufen\\\/\",\"url\":\"https:\\\/\\\/chemgramx.com\\\/product\\\/1d-lsd-150mcg-blotters-kaufen\\\/\",\"name\":\"1D-LSD Blotters Kaufen | 150mcg | Research ChemicalChemgramx\",\"isPartOf\":{\"@id\":\"https:\\\/\\\/chemgramx.com\\\/#website\"},\"primaryImageOfPage\":{\"@id\":\"https:\\\/\\\/chemgramx.com\\\/product\\\/1d-lsd-150mcg-blotters-kaufen\\\/#primaryimage\"},\"image\":{\"@id\":\"https:\\\/\\\/chemgramx.com\\\/product\\\/1d-lsd-150mcg-blotters-kaufen\\\/#primaryimage\"},\"thumbnailUrl\":\"https:\\\/\\\/chemgramx.com\\\/wp-content\\\/uploads\\\/2025\\\/11\\\/1d-lsd-150mcg-blotters-chem-store-online.png\",\"datePublished\":\"2025-11-21T11:13:36+00:00\",\"dateModified\":\"2025-12-09T07:29:03+00:00\",\"description\":\"1D-LSD 150mcg Blotters kaufen - Forschungschemikalie in Blotter-Form. F\u00fcr wissenschaftliche Analysen. Laborgepr\u00fcft & diskret.\",\"breadcrumb\":{\"@id\":\"https:\\\/\\\/chemgramx.com\\\/product\\\/1d-lsd-150mcg-blotters-kaufen\\\/#breadcrumb\"},\"inLanguage\":\"it-IT\",\"potentialAction\":[{\"@type\":\"ReadAction\",\"target\":[\"https:\\\/\\\/chemgramx.com\\\/product\\\/1d-lsd-150mcg-blotters-kaufen\\\/\"]}]},{\"@type\":\"ImageObject\",\"inLanguage\":\"it-IT\",\"@id\":\"https:\\\/\\\/chemgramx.com\\\/product\\\/1d-lsd-150mcg-blotters-kaufen\\\/#primaryimage\",\"url\":\"https:\\\/\\\/chemgramx.com\\\/wp-content\\\/uploads\\\/2025\\\/11\\\/1d-lsd-150mcg-blotters-chem-store-online.png\",\"contentUrl\":\"https:\\\/\\\/chemgramx.com\\\/wp-content\\\/uploads\\\/2025\\\/11\\\/1d-lsd-150mcg-blotters-chem-store-online.png\",\"width\":659,\"height\":561},{\"@type\":\"BreadcrumbList\",\"@id\":\"https:\\\/\\\/chemgramx.com\\\/product\\\/1d-lsd-150mcg-blotters-kaufen\\\/#breadcrumb\",\"itemListElement\":[{\"@type\":\"ListItem\",\"position\":1,\"name\":\"Home\",\"item\":\"https:\\\/\\\/chemgramx.com\\\/\"},{\"@type\":\"ListItem\",\"position\":2,\"name\":\"Shop\",\"item\":\"https:\\\/\\\/chemgramx.com\\\/shop\\\/\"},{\"@type\":\"ListItem\",\"position\":3,\"name\":\"1D-LSD 150mcg Blotters kaufen\"}]},{\"@type\":\"WebSite\",\"@id\":\"https:\\\/\\\/chemgramx.com\\\/#website\",\"url\":\"https:\\\/\\\/chemgramx.com\\\/\",\"name\":\"Chemgramx\",\"description\":\"\",\"publisher\":{\"@id\":\"https:\\\/\\\/chemgramx.com\\\/#organization\"},\"potentialAction\":[{\"@type\":\"SearchAction\",\"target\":{\"@type\":\"EntryPoint\",\"urlTemplate\":\"https:\\\/\\\/chemgramx.com\\\/?s={search_term_string}\"},\"query-input\":{\"@type\":\"PropertyValueSpecification\",\"valueRequired\":true,\"valueName\":\"search_term_string\"}}],\"inLanguage\":\"it-IT\"},{\"@type\":\"Organization\",\"@id\":\"https:\\\/\\\/chemgramx.com\\\/#organization\",\"name\":\"Chemgramx\",\"url\":\"https:\\\/\\\/chemgramx.com\\\/\",\"logo\":{\"@type\":\"ImageObject\",\"inLanguage\":\"it-IT\",\"@id\":\"https:\\\/\\\/chemgramx.com\\\/#\\\/schema\\\/logo\\\/image\\\/\",\"url\":\"https:\\\/\\\/chemgramx.com\\\/wp-content\\\/uploads\\\/2024\\\/10\\\/final-logo.png\",\"contentUrl\":\"https:\\\/\\\/chemgramx.com\\\/wp-content\\\/uploads\\\/2024\\\/10\\\/final-logo.png\",\"width\":250,\"height\":48,\"caption\":\"Chemgramx\"},\"image\":{\"@id\":\"https:\\\/\\\/chemgramx.com\\\/#\\\/schema\\\/logo\\\/image\\\/\"}}]}<\/script>\n<!-- \/ Yoast SEO plugin. -->","yoast_head_json":{"title":"Comprare blotter 1D-LSD | 150mcg | Ricerca chimicaChemgramx","description":"Compra Blotter 1D-LSD 150mcg - Prodotto chimico di ricerca in forma di blotter. Per analisi scientifiche. Testato in laboratorio e discreto.","robots":{"index":"index","follow":"follow","max-snippet":"max-snippet:-1","max-image-preview":"max-image-preview:large","max-video-preview":"max-video-preview:-1"},"canonical":"https:\/\/chemgramx.com\/it\/prodotto-1\/comprare-1d-lsd-150mcg-blotters\/","og_locale":"it_IT","og_type":"article","og_title":"1D-LSD Blotters Kaufen | 150mcg | Research ChemicalChemgramx","og_description":"1D-LSD 150mcg Blotters kaufen - Forschungschemikalie in Blotter-Form. F\u00fcr wissenschaftliche Analysen. Laborgepr\u00fcft & diskret.","og_url":"https:\/\/chemgramx.com\/it\/prodotto-1\/comprare-1d-lsd-150mcg-blotters\/","og_site_name":"Chemgramx","article_modified_time":"2025-12-09T07:29:03+00:00","og_image":[{"width":659,"height":561,"url":"https:\/\/chemgramx.com\/wp-content\/uploads\/2025\/11\/1d-lsd-150mcg-blotters-chem-store-online.png","type":"image\/png"}],"twitter_card":"summary_large_image","twitter_misc":{"Tempo di lettura stimato":"5 minuti"},"schema":{"@context":"https:\/\/schema.org","@graph":[{"@type":"WebPage","@id":"https:\/\/chemgramx.com\/product\/1d-lsd-150mcg-blotters-kaufen\/","url":"https:\/\/chemgramx.com\/product\/1d-lsd-150mcg-blotters-kaufen\/","name":"Comprare blotter 1D-LSD | 150mcg | Ricerca chimicaChemgramx","isPartOf":{"@id":"https:\/\/chemgramx.com\/#website"},"primaryImageOfPage":{"@id":"https:\/\/chemgramx.com\/product\/1d-lsd-150mcg-blotters-kaufen\/#primaryimage"},"image":{"@id":"https:\/\/chemgramx.com\/product\/1d-lsd-150mcg-blotters-kaufen\/#primaryimage"},"thumbnailUrl":"https:\/\/chemgramx.com\/wp-content\/uploads\/2025\/11\/1d-lsd-150mcg-blotters-chem-store-online.png","datePublished":"2025-11-21T11:13:36+00:00","dateModified":"2025-12-09T07:29:03+00:00","description":"Compra Blotter 1D-LSD 150mcg - Prodotto chimico di ricerca in forma di blotter. Per analisi scientifiche. Testato in laboratorio e discreto.","breadcrumb":{"@id":"https:\/\/chemgramx.com\/product\/1d-lsd-150mcg-blotters-kaufen\/#breadcrumb"},"inLanguage":"it-IT","potentialAction":[{"@type":"ReadAction","target":["https:\/\/chemgramx.com\/product\/1d-lsd-150mcg-blotters-kaufen\/"]}]},{"@type":"ImageObject","inLanguage":"it-IT","@id":"https:\/\/chemgramx.com\/product\/1d-lsd-150mcg-blotters-kaufen\/#primaryimage","url":"https:\/\/chemgramx.com\/wp-content\/uploads\/2025\/11\/1d-lsd-150mcg-blotters-chem-store-online.png","contentUrl":"https:\/\/chemgramx.com\/wp-content\/uploads\/2025\/11\/1d-lsd-150mcg-blotters-chem-store-online.png","width":659,"height":561},{"@type":"BreadcrumbList","@id":"https:\/\/chemgramx.com\/product\/1d-lsd-150mcg-blotters-kaufen\/#breadcrumb","itemListElement":[{"@type":"ListItem","position":1,"name":"Home","item":"https:\/\/chemgramx.com\/"},{"@type":"ListItem","position":2,"name":"Shop","item":"https:\/\/chemgramx.com\/shop\/"},{"@type":"ListItem","position":3,"name":"1D-LSD 150mcg Blotters kaufen"}]},{"@type":"WebSite","@id":"https:\/\/chemgramx.com\/#website","url":"https:\/\/chemgramx.com\/","name":"Chemgramx","description":"","publisher":{"@id":"https:\/\/chemgramx.com\/#organization"},"potentialAction":[{"@type":"SearchAction","target":{"@type":"EntryPoint","urlTemplate":"https:\/\/chemgramx.com\/?s={search_term_string}"},"query-input":{"@type":"PropertyValueSpecification","valueRequired":true,"valueName":"search_term_string"}}],"inLanguage":"it-IT"},{"@type":"Organization","@id":"https:\/\/chemgramx.com\/#organization","name":"Chemgramx","url":"https:\/\/chemgramx.com\/","logo":{"@type":"ImageObject","inLanguage":"it-IT","@id":"https:\/\/chemgramx.com\/#\/schema\/logo\/image\/","url":"https:\/\/chemgramx.com\/wp-content\/uploads\/2024\/10\/final-logo.png","contentUrl":"https:\/\/chemgramx.com\/wp-content\/uploads\/2024\/10\/final-logo.png","width":250,"height":48,"caption":"Chemgramx"},"image":{"@id":"https:\/\/chemgramx.com\/#\/schema\/logo\/image\/"}}]}},"_links":{"self":[{"href":"https:\/\/chemgramx.com\/it\/wp-json\/wp\/v2\/product\/7219","targetHints":{"allow":["GET"]}}],"collection":[{"href":"https:\/\/chemgramx.com\/it\/wp-json\/wp\/v2\/product"}],"about":[{"href":"https:\/\/chemgramx.com\/it\/wp-json\/wp\/v2\/types\/product"}],"replies":[{"embeddable":true,"href":"https:\/\/chemgramx.com\/it\/wp-json\/wp\/v2\/comments?post=7219"}],"wp:featuredmedia":[{"embeddable":true,"href":"https:\/\/chemgramx.com\/it\/wp-json\/wp\/v2\/media\/7245"}],"wp:attachment":[{"href":"https:\/\/chemgramx.com\/it\/wp-json\/wp\/v2\/media?parent=7219"}],"wp:term":[{"taxonomy":"product_brand","embeddable":true,"href":"https:\/\/chemgramx.com\/it\/wp-json\/wp\/v2\/product_brand?post=7219"},{"taxonomy":"product_cat","embeddable":true,"href":"https:\/\/chemgramx.com\/it\/wp-json\/wp\/v2\/product_cat?post=7219"},{"taxonomy":"product_tag","embeddable":true,"href":"https:\/\/chemgramx.com\/it\/wp-json\/wp\/v2\/product_tag?post=7219"}],"curies":[{"name":"wp","href":"https:\/\/api.w.org\/{rel}","templated":true}]}}