{"id":7220,"date":"2025-11-21T11:13:36","date_gmt":"2025-11-21T11:13:36","guid":{"rendered":"https:\/\/chemgramx.com\/?post_type=product&#038;p=7220"},"modified":"2025-11-21T11:14:56","modified_gmt":"2025-11-21T11:14:56","slug":"acquistare-hashish-premo-curato-bc","status":"publish","type":"product","link":"https:\/\/chemgramx.com\/it\/product\/bc-premo-cured-hash-kaufen\/","title":{"rendered":"Acquista BC Premo Cured Hash"},"content":{"rendered":"<p>Scoprire il <b>BC Premo Cured Hash<\/b>, a <b>Hashish di prima qualit\u00e0 maturato con cura<\/b>, che \u00e8 riconosciuto per la sua eccezionale qualit\u00e0 e <b>Profilo di efficacia bilanciato<\/b> \u00e8 ben noto. Questo squisito concentrato proviene da <b>Columbia Britannica, Canada<\/b>, una regione riconosciuta a livello mondiale per i suoi prodotti di cannabis di prima qualit\u00e0. La produzione avviene sotto <b>i pi\u00f9 severi standard di qualit\u00e0<\/b>, che garantisce la purezza e la consistenza di questo prodotto. Se apprezzate <b>Cultura tradizionale dell'hashish<\/b> e un <b>Gusto intenso e multistrato<\/b> il BC Premo Cured Hash \u00e8 la scelta ideale. Offre una combinazione unica di <b>Qualit\u00e0 artigianale<\/b> e uno <b>effetto delicato<\/b>, che <b>Versatile nell'uso<\/b> fa.<\/p>\n<p>La particolarit\u00e0 di questo hashish sta nella sua <b>maturazione accurata<\/b>. A differenza delle variet\u00e0 non stagionate, il BC Premo Cured Hash subisce una <b>Polimerizzazione lenta e controllata<\/b>, che il <b>Il sapore<\/b> e il <b>Effetto<\/b> ottimizzato. Questo processo di maturazione, noto anche come \u201eindurimento\u201c, \u00e8 segno del massimo livello di ottimizzazione. <b>Artigianato<\/b> e conduce alla <b>sapore pieno<\/b> e il complesso profilo gustativo tanto apprezzato dagli intenditori. Ordinate subito questo prodotto di qualit\u00e0 superiore per sperimentare in prima persona la massima qualit\u00e0 canadese.<\/p>\n<h2>Cosa rende il BC Premo Cured Hash cos\u00ec unico<\/h2>\n<p>Il BC Premo Cured Hash si distingue dalle altre variet\u00e0 di hashish per la sua costante aderenza ai metodi tradizionali e per la sua origine canadese. Ogni caratteristica contribuisce alla <b>Qualit\u00e0 premium<\/b> che \u00e8 stata fondata nella Columbia Britannica.<\/p>\n<h3>Maturazione accurata: la chiave della qualit\u00e0<\/h3>\n<p>Il termine \u201epolimerizzato\u201c descrive il cuore del processo di produzione. Descrive un <b>Polimerizzazione lenta e controllata<\/b> in un determinato periodo di tempo. Questo processo \u00e8 fondamentale perch\u00e9:<\/p>\n<ul>\n<li>L'umidit\u00e0 del prodotto finale si stabilizza.<\/li>\n<li>Il <b>Terpeni<\/b> ulteriormente sviluppato e perfezionato, dando vita a un <b>intensivo e complesso <a href=\"\/product\/blackberry-kush-bubble-hash-kaufen\/\">Profilo aromatico<\/a><\/b> conduce.<\/li>\n<li>Il <b>Potenza<\/b> stabilizzato e il <b>Profilo dell'effetto<\/b> armonizzato.<\/li>\n<\/ul>\n<p>Questa attenzione al <b>Maturazione accurata<\/b> assicura che l'hashish abbia il suo <b>Qualit\u00e0 ottimale<\/b> raggiunto e un <b>Gusto pieno<\/b> che \u00e8 superiore allo standard.<\/p>\n<h3>Perfezione artigianale<\/h3>\n<p>Il <b>Qualit\u00e0 artigianale<\/b> \u00e8 un'altra pietra miliare di questo prodotto. Esso <b>Processi di produzione tradizionali<\/b> La resina delle piante viene lavorata con cura. Questi metodi garantiscono la conservazione degli ingredienti sensibili e l'alta qualit\u00e0 del prodotto finale. <b>Struttura uniforme e omogenea<\/b> mostra. L'origine da <b>Columbia Britannica, Canada<\/b>, garantisce la conformit\u00e0 a standard rigorosi e riconosciuti a livello internazionale. <b>Standard di qualit\u00e0<\/b>.<\/p>\n<h3>Effetto e versatilit\u00e0<\/h3>\n<p>Il BC Premo Cured Hash \u00e8 particolarmente noto per la sua <b>Effetto delicato<\/b>. \u00c8 <b>Equilibrato e versatile<\/b>, che lo rende ideale per diverse occasioni. Offre un piacevole equilibrio tra rilassamento fisico e lucidit\u00e0 mentale, rendendolo adatto sia ai principianti che ai consumatori esperti che <b>Prediligere le variet\u00e0 delicate<\/b>, \u00e8 una scelta eccellente.<\/p>\n<h2>Dettagli del prodotto in sintesi<\/h2>\n<p>Le specifiche del BC Premo Cured Hash riflettono le sue caratteristiche di <b>Qualit\u00e0 premium<\/b> e vi aiuter\u00e0 a riconoscere le speciali <b>Propriet\u00e0<\/b> per capire.<\/p>\n<h3>Propriet\u00e0<\/h3>\n<ul>\n<li><b>Origine:<\/b> L'hashish proviene da <b>Columbia Britannica, Canada<\/b>, un punto di riferimento per l'innovazione e la qualit\u00e0 della cannabis.<\/li>\n<li><b>Coerenza:<\/b> Il <b>Coerenza<\/b> \u00e8 <b>Solido ma morbido<\/b>, che consente una facile manipolazione e porzionatura.<\/li>\n<li><b>Colore:<\/b> Si presenta in un <b>Colore marrone scuro con riflessi dorati<\/b>, un segno visivo del processo di maturazione e della concentrazione di resina.<\/li>\n<li><b>Struttura:<\/b> Il <b>Struttura<\/b> \u00e8 <b>Uniforme e omogeneo<\/b>, che si esprime a favore di una lavorazione pulita e tradizionale.<\/li>\n<\/ul>\n<h3>Profilo sensoriale<\/h3>\n<p>Il <b>Sapore intenso<\/b> e il <b>profilo aromatico complesso<\/b> sono il risultato della <b>Maturazione accurata<\/b>.<\/p>\n<ul>\n<li><b>Sapore:<\/b> Il <b>Il sapore<\/b> \u00e8 <b>Terroso-speziato con sfumature legnose<\/b>, un profilo di fragranza classico e profondo.<\/li>\n<li><b>Sapore:<\/b> Il <b>Il sapore<\/b> \u00e8 <b>Corposo<\/b> e complesso, completato da <b>Sottotono dolciastro<\/b>.<\/li>\n<li><b>Comportamento al fumo:<\/b> Il <b>Comportamento al fumo<\/b> \u00e8 <b>Delicato e piacevole<\/b> e il <b>Combustione<\/b> \u00e8 <b>Uniforme e pulito<\/b>, che depone a favore dell'elevata purezza e della bassa contaminazione del prodotto.<\/li>\n<\/ul>\n<h2>Profilo dell'effetto e applicazione<\/h2>\n<p>Il BC Premo Cured Hash fornisce una <b>equilibrato e versatile<\/b> profilo efficace che pu\u00f2 essere integrato in modo ideale nella vita quotidiana. Il <b>Effetto di lunga durata<\/b> garantisce un divertimento duraturo.<\/p>\n<h3>Propriet\u00e0 dell'effetto<\/h3>\n<p>L'hashish si caratterizza per il suo effetto armonioso, che lo distingue dalle variet\u00e0 altamente potenti e sedative.<\/p>\n<ul>\n<li><b>Inizio dell'azione:<\/b> Il <b>Inizio dell'azione<\/b> \u00e8 <b>Delicato e graduale<\/b>, che consente una buona controllabilit\u00e0.<\/li>\n<li><b>Effetto corpo:<\/b> Il <b>Effetto corpo<\/b> \u00e8 <b>Rilassante e accogliente<\/b>, ideale per alleviare le tensioni.<\/li>\n<li><b>Effetto mentale:<\/b> Il <b>Effetto mentale<\/b> \u00e8 <b>Chiaro ed equilibrato<\/b>, favorisce la tranquillit\u00e0 senza smorzare troppo.<\/li>\n<li><b>Durata d'azione:<\/b> Il <b>Durata dell'effetto<\/b> \u00e8 <b>Lunga durata<\/b> (2-4 ore), il che consente un godimento duraturo.<\/li>\n<\/ul>\n<h3>Aree di applicazione ideali<\/h3>\n<p>Grazie al suo profilo equilibrato, il BC Premo Cured Hash \u00e8 adatto a un'ampia gamma di situazioni:<\/p>\n<ul>\n<li><b>Rilassamento:<\/b> \u00c8 <b>Perfetto dopo il lavoro<\/b>, per concludere la giornata in modo rilassato.<\/li>\n<li><b>Socializzazione:<\/b> Ideale <b>Per incontri rilassati<\/b> con gli amici, perch\u00e9 l'effetto mentale <b>Chiaro ed equilibrato<\/b> rimane.<\/li>\n<li><b>Creativit\u00e0:<\/b> Pu\u00f2 essere utilizzato per <b>Promuovere il flusso di idee<\/b> e sciogliere lievi blocchi mentali.<\/li>\n<li><b>Supporto quotidiano:<\/b> Pu\u00f2 essere utilizzato per supportare <b>Per i disturbi lievi<\/b> o per un aumento generale del benessere.<\/li>\n<\/ul>\n<h3>Metodi di consumo<\/h3>\n<p>Il <b>Consistenza solida ma liscia<\/b> dell'hashish lo rende adatto a vari <b>Metodi di consumo<\/b> accessibile.<\/p>\n<h3>Vie tradizionali<\/h3>\n<ul>\n<li><b>In comune:<\/b> A causa della <b>Anche la combustione<\/b> \u00e8 ideale per la miscelazione con le erbe.<\/li>\n<li><b>Tubo:<\/b> Consente di attivare un <b>Sviluppo diretto dell'effetto<\/b> per un sapore pi\u00f9 intenso.<\/li>\n<li><b>Puro:<\/b> Il <b>Un'esperienza di puro gusto<\/b> del <b>Corposo<\/b> e <b>Terroso-speziato<\/b> sapori.<\/li>\n<\/ul>\n<h3>Applicazione moderna<\/h3>\n<ul>\n<li><b>Vaporizzatore:<\/b> Il <b>Vaporizzazione delicata<\/b> preserva in modo ottimale i terpeni sensibili e offre un sapore purissimo.<\/li>\n<li><b>Bong:<\/b> Abilita <b>Piacere fresco<\/b> e l'inalazione delicata.<\/li>\n<li><b>Cucina:<\/b> Pu\u00f2 anche <b>Per le creazioni culinarie<\/b> per ottenere un effetto di lunga durata.<\/li>\n<\/ul>\n<h2>Conservazione e freschezza<\/h2>\n<p>Il diritto <b>Immagazzinamento<\/b> \u00e8 fondamentale per <b>Durata minima di conservazione<\/b> e per garantire la <b>Mantenimento della qualit\u00e0<\/b> del <b>hashish premium maturato<\/b> per garantire la sicurezza.<\/p>\n<h3>Conservazione ottimale<\/h3>\n<p>Per ottimizzare il <b>Qualit\u00e0 ottimale<\/b> e il <b>Gusto pieno<\/b> \u00e8 necessario osservare le seguenti condizioni:<\/p>\n<ul>\n<li><b>Temperatura:<\/b> Conservazione al fresco tra <b>18-22\u00b0C<\/b> \u00e8 ideale per mantenere la consistenza e la freschezza.<\/li>\n<li><b>Umidit\u00e0:<\/b> A controllato <b>Umidit\u00e0 di 55-62%<\/b> impedisce l'essiccazione e la formazione di muffa.<\/li>\n<li><b>Contenitore:<\/b> Dovrebbe essere in un <b>Contenitore per la protezione del gusto<\/b> che trattiene gli aromi volatili e protegge il prodotto dagli influssi ambientali.<\/li>\n<li><b>Luce:<\/b> Il prodotto deve <b>Proteggere dalla luce solare diretta<\/b> conservati, poich\u00e9 la luce UV pu\u00f2 degradare i cannabinoidi.<\/li>\n<\/ul>\n<h3>Durata<\/h3>\n<p>Se si rispettano le condizioni raccomandate <b>Durata minima di conservazione di 6-12 mesi<\/b> garantito. Il <b>Mantenimento della qualit\u00e0<\/b> \u00e8 solo <b>Con una corretta conservazione<\/b> assicurati in questo lungo periodo.<\/p>\n<h2>Domande frequenti (FAQ)<\/h2>\n<p>Al fine di fornirvi tutte le informazioni importanti per il vostro acquisto, rispondiamo alle domande pi\u00f9 frequenti sul <b>BC Premo Cured Hash<\/b>.<\/p>\n<p><b>D: Cosa significa \u201ecurato\u201c per l'hashish?<\/b><br \/>\nR: Il termine \u201ecurata\u201c si riferisce alla specifica <b>Processo di maturazione<\/b>, che l'hashish attraversa. Questo processo, il <b>Polimerizzazione lenta e controllata<\/b>, \u00e8 progettato per <b>Sapore ed effetto<\/b> del prodotto finale, al fine di intensificare e migliorare la <b>Qualit\u00e0 ottimale<\/b> da raggiungere.<\/p>\n<p><b>D: Per chi \u00e8 ideale questo tipo di hashish?<br \/>\n<\/b> R: Questo hashish non \u00e8 adatto per <b>Effetto delicato<\/b> e il <b>profilo di efficacia bilanciato<\/b> <b>Ideale per i principianti<\/b> e per <b>chi preferisce le variet\u00e0 delicate<\/b> e sono alla ricerca di un prodotto versatile.<\/p>\n<p><b>D: Qual \u00e8 l'effetto di BC Premo Cured Hash?<\/b><br \/>\nR: L'effetto \u00e8 <b>Equilibrato e versatile<\/b>, con un <b>Inizio d'azione delicato e graduale<\/b>. \u00c8 caratterizzata da una <b>Effetto rilassante e accogliente per il corpo<\/b> con simultanea <b>Chiarezza ed equilibrio<\/b> nell'area mentale.<\/p>\n<p><b>D: Quale metodo di consumo \u00e8 particolarmente consigliato per questo hashish invecchiato?<\/b><br \/>\nR: Per un'esperienza ottimale con questo <b>sapore pieno<\/b> l'applicazione <b>Particolarmente buono in uno spinello o in un vaporizzatore<\/b> consigliato. Il vaporizzatore permette di <b>Vaporizzazione delicata<\/b>, al fine di <b>Profilo aromatico intenso e complesso<\/b> di svolgersi al meglio.<\/p>\n<p><b>D: Qual \u00e8 il modo migliore per dosare BC Premo Cured Hash?<\/b><br \/>\nR: In genere \u00e8 consigliato, <b>Iniziare con piccole quantit\u00e0 e aumentare con cautela<\/b>, per analizzare la reazione individuale al <b>Profilo di effetto bilanciato<\/b> per testare.<\/p>\n<h2>Servizio e ordini<\/h2>\n<p>Vi garantiamo un processo d'acquisto fluido e affidabile per darvi la <b>BC Premo Cured Hash<\/b> da <b>Columbia Britannica<\/b> in modo rapido e sicuro.<\/p>\n<h4>Servizio discreto<\/h4>\n<p>Il tuo <b>Discrezione<\/b> \u00e8 la nostra priorit\u00e0. Garantiamo un <b>Servizio discreto<\/b> attraverso l'uso di <b>Imballaggio neutro<\/b>, in modo che il contenuto non sia riconoscibile dall'esterno. Il <b>Elaborazione sicura<\/b> dell'intero processo di ordinazione protegge la vostra privacy.<\/p>\n<h4>Vantaggi dell'ordine<\/h4>\n<p>Offriamo <b>Spedizione veloce<\/b> e un <b>Supporto personale<\/b> dal nostro servizio clienti in caso di domande. Il <b>Ordinazione semplice<\/b> \u00e8 possibile in pochi passi.<\/p>\n<h4>Ordinazione semplice<\/h4>\n<ol start=\"1\">\n<li><b>Selezionare la quantit\u00e0:<\/b> \u00c8 possibile scegliere tra <b>10g, 25g, 50g o 100g<\/b> a seconda delle esigenze.<\/li>\n<li><b>Aggiungi al carrello:<\/b> Aggiungere il <b>Aggiungere il prodotto desiderato<\/b>.<\/li>\n<li><b>Pagamento:<\/b> Il <b>Pagamento<\/b> avviene tramite un <b>Transazione sicura<\/b>.<\/li>\n<li><b>Consegna:<\/b> Il <b>Consegna<\/b> ha luogo <b>Discretamente entro 1-3 giorni lavorativi<\/b>.<\/li>\n<\/ol>\n<h3>Sperimentate l'artigianato canadese<\/h3>\n<p>Il <b>BC Premo Cured Hash<\/b> \u00e8 un simbolo per <b>Qualit\u00e0 artigianale<\/b> e un <b>Profilo di efficacia bilanciato<\/b>, che in <b>Columbia Britannica, Canada<\/b>, \u00e8 stato perfezionato. \u00c8 <b>Perfetto per chi apprezza la cultura tradizionale dell'hashish<\/b> e allo stesso tempo <b>Privilegiare le variet\u00e0 dolci e versatili<\/b>. Si tratta di un prodotto di qualit\u00e0 superiore che si caratterizza per la sua <b>Maturazione accurata<\/b> fornisce un sapore indimenticabile e un effetto piacevole.<\/p>","protected":false},"excerpt":{"rendered":"<p><strong>Acquista online l'hashish BC Premo Cured: Hashish di prima qualit\u00e0 proveniente dalla British Columbia, accuratamente curato per ottenere un profilo d'effetto morbido e bilanciato e un sapore intenso. Perfetto per il relax e il divertimento. Discreto e sicuro.<\/strong><\/p>","protected":false},"featured_media":7246,"comment_status":"open","ping_status":"closed","template":"","meta":{"_joinchat":[]},"product_brand":[],"product_cat":[61],"product_tag":[2964,3153,3157,3047,2965,3155,3072,3154,3071,3156],"class_list":{"0":"post-7220","1":"product","2":"type-product","3":"status-publish","4":"has-post-thumbnail","6":"product_cat-hashish","7":"product_tag-ausgewogene-wirkung","8":"product_tag-bc-premo-cured-hash","9":"product_tag-british-columbia","10":"product_tag-cannabis","11":"product_tag-entspannend","12":"product_tag-gereift","13":"product_tag-handwerksqualitaet","14":"product_tag-kanadisches-haschisch","15":"product_tag-mild","16":"product_tag-premium-qualitaet","18":"first","19":"instock","20":"shipping-taxable","21":"purchasable","22":"product-type-variable"},"yoast_head":"<!-- This site is optimized with the Yoast SEO plugin v27.5 - https:\/\/yoast.com\/product\/yoast-seo-wordpress\/ -->\n<title>BC Premo Cured Hash Online Kaufen | Premium Qualit\u00e4t Chemgramx<\/title>\n<meta name=\"description\" content=\"BC Premo Cured Hash online kaufen - Hochwertiges, gereiftes Haschisch aus British Columbia. Sanfte Wirkung, intensives Aroma. Diskret &amp; frisch geliefert.\" \/>\n<meta name=\"robots\" content=\"index, follow, max-snippet:-1, max-image-preview:large, max-video-preview:-1\" \/>\n<link rel=\"canonical\" href=\"https:\/\/chemgramx.com\/it\/prodotto-1\/acquistare-hashish-premo-curato-bc\/\" \/>\n<meta property=\"og:locale\" content=\"it_IT\" \/>\n<meta property=\"og:type\" content=\"article\" \/>\n<meta property=\"og:title\" content=\"BC Premo Cured Hash Online Kaufen | Premium Qualit\u00e4t Chemgramx\" \/>\n<meta property=\"og:description\" content=\"BC Premo Cured Hash online kaufen - Hochwertiges, gereiftes Haschisch aus British Columbia. Sanfte Wirkung, intensives Aroma. Diskret &amp; frisch geliefert.\" \/>\n<meta property=\"og:url\" content=\"https:\/\/chemgramx.com\/it\/prodotto-1\/acquistare-hashish-premo-curato-bc\/\" \/>\n<meta property=\"og:site_name\" content=\"Chemgramx\" \/>\n<meta property=\"article:modified_time\" content=\"2025-11-21T11:14:56+00:00\" \/>\n<meta property=\"og:image\" content=\"https:\/\/chemgramx.com\/wp-content\/uploads\/2025\/11\/bc-premo-cured-hash-online.png\" \/>\n\t<meta property=\"og:image:width\" content=\"250\" \/>\n\t<meta property=\"og:image:height\" content=\"237\" \/>\n\t<meta property=\"og:image:type\" content=\"image\/png\" \/>\n<meta name=\"twitter:card\" content=\"summary_large_image\" \/>\n<meta name=\"twitter:label1\" content=\"Tempo di lettura stimato\" \/>\n\t<meta name=\"twitter:data1\" content=\"7 minuti\" \/>\n<script type=\"application\/ld+json\" class=\"yoast-schema-graph\">{\"@context\":\"https:\\\/\\\/schema.org\",\"@graph\":[{\"@type\":\"WebPage\",\"@id\":\"https:\\\/\\\/chemgramx.com\\\/product\\\/bc-premo-cured-hash-kaufen\\\/\",\"url\":\"https:\\\/\\\/chemgramx.com\\\/product\\\/bc-premo-cured-hash-kaufen\\\/\",\"name\":\"BC Premo Cured Hash Online Kaufen | Premium Qualit\u00e4t Chemgramx\",\"isPartOf\":{\"@id\":\"https:\\\/\\\/chemgramx.com\\\/#website\"},\"primaryImageOfPage\":{\"@id\":\"https:\\\/\\\/chemgramx.com\\\/product\\\/bc-premo-cured-hash-kaufen\\\/#primaryimage\"},\"image\":{\"@id\":\"https:\\\/\\\/chemgramx.com\\\/product\\\/bc-premo-cured-hash-kaufen\\\/#primaryimage\"},\"thumbnailUrl\":\"https:\\\/\\\/chemgramx.com\\\/wp-content\\\/uploads\\\/2025\\\/11\\\/bc-premo-cured-hash-online.png\",\"datePublished\":\"2025-11-21T11:13:36+00:00\",\"dateModified\":\"2025-11-21T11:14:56+00:00\",\"description\":\"BC Premo Cured Hash online kaufen - Hochwertiges, gereiftes Haschisch aus British Columbia. Sanfte Wirkung, intensives Aroma. Diskret &amp; frisch geliefert.\",\"breadcrumb\":{\"@id\":\"https:\\\/\\\/chemgramx.com\\\/product\\\/bc-premo-cured-hash-kaufen\\\/#breadcrumb\"},\"inLanguage\":\"it-IT\",\"potentialAction\":[{\"@type\":\"ReadAction\",\"target\":[\"https:\\\/\\\/chemgramx.com\\\/product\\\/bc-premo-cured-hash-kaufen\\\/\"]}]},{\"@type\":\"ImageObject\",\"inLanguage\":\"it-IT\",\"@id\":\"https:\\\/\\\/chemgramx.com\\\/product\\\/bc-premo-cured-hash-kaufen\\\/#primaryimage\",\"url\":\"https:\\\/\\\/chemgramx.com\\\/wp-content\\\/uploads\\\/2025\\\/11\\\/bc-premo-cured-hash-online.png\",\"contentUrl\":\"https:\\\/\\\/chemgramx.com\\\/wp-content\\\/uploads\\\/2025\\\/11\\\/bc-premo-cured-hash-online.png\",\"width\":250,\"height\":237},{\"@type\":\"BreadcrumbList\",\"@id\":\"https:\\\/\\\/chemgramx.com\\\/product\\\/bc-premo-cured-hash-kaufen\\\/#breadcrumb\",\"itemListElement\":[{\"@type\":\"ListItem\",\"position\":1,\"name\":\"Home\",\"item\":\"https:\\\/\\\/chemgramx.com\\\/\"},{\"@type\":\"ListItem\",\"position\":2,\"name\":\"Shop\",\"item\":\"https:\\\/\\\/chemgramx.com\\\/shop\\\/\"},{\"@type\":\"ListItem\",\"position\":3,\"name\":\"BC Premo Cured Hash kaufen\"}]},{\"@type\":\"WebSite\",\"@id\":\"https:\\\/\\\/chemgramx.com\\\/#website\",\"url\":\"https:\\\/\\\/chemgramx.com\\\/\",\"name\":\"Chemgramx\",\"description\":\"\",\"publisher\":{\"@id\":\"https:\\\/\\\/chemgramx.com\\\/#organization\"},\"potentialAction\":[{\"@type\":\"SearchAction\",\"target\":{\"@type\":\"EntryPoint\",\"urlTemplate\":\"https:\\\/\\\/chemgramx.com\\\/?s={search_term_string}\"},\"query-input\":{\"@type\":\"PropertyValueSpecification\",\"valueRequired\":true,\"valueName\":\"search_term_string\"}}],\"inLanguage\":\"it-IT\"},{\"@type\":\"Organization\",\"@id\":\"https:\\\/\\\/chemgramx.com\\\/#organization\",\"name\":\"Chemgramx\",\"url\":\"https:\\\/\\\/chemgramx.com\\\/\",\"logo\":{\"@type\":\"ImageObject\",\"inLanguage\":\"it-IT\",\"@id\":\"https:\\\/\\\/chemgramx.com\\\/#\\\/schema\\\/logo\\\/image\\\/\",\"url\":\"https:\\\/\\\/chemgramx.com\\\/wp-content\\\/uploads\\\/2024\\\/10\\\/final-logo.png\",\"contentUrl\":\"https:\\\/\\\/chemgramx.com\\\/wp-content\\\/uploads\\\/2024\\\/10\\\/final-logo.png\",\"width\":250,\"height\":48,\"caption\":\"Chemgramx\"},\"image\":{\"@id\":\"https:\\\/\\\/chemgramx.com\\\/#\\\/schema\\\/logo\\\/image\\\/\"}}]}<\/script>\n<!-- \/ Yoast SEO plugin. -->","yoast_head_json":{"title":"BC Premo Cured Hash Acquista online | Qualit\u00e0 Premium Chemgramx","description":"Acquista online BC Premo Cured Hash - hashish maturato di alta qualit\u00e0 proveniente dalla British Columbia. Effetto delicato, sapore intenso. Discreto e fresco di consegna.","robots":{"index":"index","follow":"follow","max-snippet":"max-snippet:-1","max-image-preview":"max-image-preview:large","max-video-preview":"max-video-preview:-1"},"canonical":"https:\/\/chemgramx.com\/it\/prodotto-1\/acquistare-hashish-premo-curato-bc\/","og_locale":"it_IT","og_type":"article","og_title":"BC Premo Cured Hash Online Kaufen | Premium Qualit\u00e4t Chemgramx","og_description":"BC Premo Cured Hash online kaufen - Hochwertiges, gereiftes Haschisch aus British Columbia. Sanfte Wirkung, intensives Aroma. Diskret &amp; frisch geliefert.","og_url":"https:\/\/chemgramx.com\/it\/prodotto-1\/acquistare-hashish-premo-curato-bc\/","og_site_name":"Chemgramx","article_modified_time":"2025-11-21T11:14:56+00:00","og_image":[{"width":250,"height":237,"url":"https:\/\/chemgramx.com\/wp-content\/uploads\/2025\/11\/bc-premo-cured-hash-online.png","type":"image\/png"}],"twitter_card":"summary_large_image","twitter_misc":{"Tempo di lettura stimato":"7 minuti"},"schema":{"@context":"https:\/\/schema.org","@graph":[{"@type":"WebPage","@id":"https:\/\/chemgramx.com\/product\/bc-premo-cured-hash-kaufen\/","url":"https:\/\/chemgramx.com\/product\/bc-premo-cured-hash-kaufen\/","name":"BC Premo Cured Hash Acquista online | Qualit\u00e0 Premium Chemgramx","isPartOf":{"@id":"https:\/\/chemgramx.com\/#website"},"primaryImageOfPage":{"@id":"https:\/\/chemgramx.com\/product\/bc-premo-cured-hash-kaufen\/#primaryimage"},"image":{"@id":"https:\/\/chemgramx.com\/product\/bc-premo-cured-hash-kaufen\/#primaryimage"},"thumbnailUrl":"https:\/\/chemgramx.com\/wp-content\/uploads\/2025\/11\/bc-premo-cured-hash-online.png","datePublished":"2025-11-21T11:13:36+00:00","dateModified":"2025-11-21T11:14:56+00:00","description":"Acquista online BC Premo Cured Hash - hashish maturato di alta qualit\u00e0 proveniente dalla British Columbia. Effetto delicato, sapore intenso. Discreto e fresco di consegna.","breadcrumb":{"@id":"https:\/\/chemgramx.com\/product\/bc-premo-cured-hash-kaufen\/#breadcrumb"},"inLanguage":"it-IT","potentialAction":[{"@type":"ReadAction","target":["https:\/\/chemgramx.com\/product\/bc-premo-cured-hash-kaufen\/"]}]},{"@type":"ImageObject","inLanguage":"it-IT","@id":"https:\/\/chemgramx.com\/product\/bc-premo-cured-hash-kaufen\/#primaryimage","url":"https:\/\/chemgramx.com\/wp-content\/uploads\/2025\/11\/bc-premo-cured-hash-online.png","contentUrl":"https:\/\/chemgramx.com\/wp-content\/uploads\/2025\/11\/bc-premo-cured-hash-online.png","width":250,"height":237},{"@type":"BreadcrumbList","@id":"https:\/\/chemgramx.com\/product\/bc-premo-cured-hash-kaufen\/#breadcrumb","itemListElement":[{"@type":"ListItem","position":1,"name":"Home","item":"https:\/\/chemgramx.com\/"},{"@type":"ListItem","position":2,"name":"Shop","item":"https:\/\/chemgramx.com\/shop\/"},{"@type":"ListItem","position":3,"name":"BC Premo Cured Hash kaufen"}]},{"@type":"WebSite","@id":"https:\/\/chemgramx.com\/#website","url":"https:\/\/chemgramx.com\/","name":"Chemgramx","description":"","publisher":{"@id":"https:\/\/chemgramx.com\/#organization"},"potentialAction":[{"@type":"SearchAction","target":{"@type":"EntryPoint","urlTemplate":"https:\/\/chemgramx.com\/?s={search_term_string}"},"query-input":{"@type":"PropertyValueSpecification","valueRequired":true,"valueName":"search_term_string"}}],"inLanguage":"it-IT"},{"@type":"Organization","@id":"https:\/\/chemgramx.com\/#organization","name":"Chemgramx","url":"https:\/\/chemgramx.com\/","logo":{"@type":"ImageObject","inLanguage":"it-IT","@id":"https:\/\/chemgramx.com\/#\/schema\/logo\/image\/","url":"https:\/\/chemgramx.com\/wp-content\/uploads\/2024\/10\/final-logo.png","contentUrl":"https:\/\/chemgramx.com\/wp-content\/uploads\/2024\/10\/final-logo.png","width":250,"height":48,"caption":"Chemgramx"},"image":{"@id":"https:\/\/chemgramx.com\/#\/schema\/logo\/image\/"}}]}},"_links":{"self":[{"href":"https:\/\/chemgramx.com\/it\/wp-json\/wp\/v2\/product\/7220","targetHints":{"allow":["GET"]}}],"collection":[{"href":"https:\/\/chemgramx.com\/it\/wp-json\/wp\/v2\/product"}],"about":[{"href":"https:\/\/chemgramx.com\/it\/wp-json\/wp\/v2\/types\/product"}],"replies":[{"embeddable":true,"href":"https:\/\/chemgramx.com\/it\/wp-json\/wp\/v2\/comments?post=7220"}],"wp:featuredmedia":[{"embeddable":true,"href":"https:\/\/chemgramx.com\/it\/wp-json\/wp\/v2\/media\/7246"}],"wp:attachment":[{"href":"https:\/\/chemgramx.com\/it\/wp-json\/wp\/v2\/media?parent=7220"}],"wp:term":[{"taxonomy":"product_brand","embeddable":true,"href":"https:\/\/chemgramx.com\/it\/wp-json\/wp\/v2\/product_brand?post=7220"},{"taxonomy":"product_cat","embeddable":true,"href":"https:\/\/chemgramx.com\/it\/wp-json\/wp\/v2\/product_cat?post=7220"},{"taxonomy":"product_tag","embeddable":true,"href":"https:\/\/chemgramx.com\/it\/wp-json\/wp\/v2\/product_tag?post=7220"}],"curies":[{"name":"wp","href":"https:\/\/api.w.org\/{rel}","templated":true}]}}