{"id":7221,"date":"2025-11-21T11:13:36","date_gmt":"2025-11-21T11:13:36","guid":{"rendered":"https:\/\/chemgramx.com\/?post_type=product&#038;p=7221"},"modified":"2025-11-21T11:14:57","modified_gmt":"2025-11-21T11:14:57","slug":"acquistare-hashish-alchemico-afghano","status":"publish","type":"product","link":"https:\/\/chemgramx.com\/it\/product\/alchemist-afghani-hash-kaufen\/","title":{"rendered":"Comprare Alchemist Afghani Hash"},"content":{"rendered":"<p>Immergetevi in una tradizione secolare con la <b>Alchemist Afghani Hash<\/b>, a <b>Hashish di qualit\u00e0 superiore<\/b>, che, secondo <b>metodi tradizionali afghani<\/b> viene prodotto. Questo prodotto \u00e8 molto pi\u00f9 di un semplice concentrato: \u00e8 un omaggio alla <b>Produzione tradizionale<\/b>, coltivata da generazioni nelle regioni montuose dell'Afghanistan. Questa variet\u00e0 \u00e8 caratterizzata da <b>Eccezionale purezza<\/b> e voi <b>Sapore autentico e intenso<\/b>, che gli intenditori di tutto il mondo apprezzano.<\/p>\n<p>Chi \u00e8 questo <b>Prodotto originale<\/b> \u00e8 una decisione a favore di un pezzo di storia e senza compromessi. <b>Qualit\u00e0 del marchio<\/b>. Per i consumatori pi\u00f9 esigenti che desiderano <b>Effetto delicato<\/b> e il profondo <b>Profilo sensoriale<\/b> l'Alchemist Afghani Hash \u00e8 la prima scelta. Scoprite il fascino di questa esperienza profondamente rilassante e assicuratevi questo <b>Prodotto originale disponibile solo qui!<\/b><\/p>\n<h2>Cosa rende unico l'Alchemist Afghani Hash<\/h2>\n<p>La particolarit\u00e0 dell'Alchemist Afghani Hash sta nella fusione di <b>Materie prime di alta qualit\u00e0<\/b> e un processo di produzione che non ammette compromessi.<\/p>\n<h3>Tradizione e purezza nella produzione<\/h3>\n<p>Il <b>Produzione tradizionale<\/b> \u00e8 il fulcro della qualit\u00e0. Dopo <b>metodi tradizionali afghani<\/b> la resina viene accuratamente lavorata a mano. Questo processo di concentrazione e raffinazione della resina d\u00e0 come risultato una <b>purezza eccezionale<\/b>, che si possono gustare e sentire. Solo <b>Materie prime di alta qualit\u00e0<\/b> da <b>ceppi di cannabis selezionati<\/b> che sono note per la loro robustezza e l'intenso profilo terpenico.<\/p>\n<p>Questa combinazione della migliore base genetica e <b>metodi tradizionali secolari<\/b> garantisce la <b>Qualit\u00e0 del marchio<\/b>, che caratterizza l'Afghani Hash di Alchemist. Ogni lotto \u00e8 anche <b>Testato in laboratorio<\/b>, per confermare la purezza e la consistenza. <b>Testato in laboratorio disponibile solo qui!<\/b><\/p>\n<h3>Profilo sensoriale unico<\/h3>\n<p>Il sapore di questo hashish \u00e8 un viaggio per i sensi. Offre un <b>Sapore intenso<\/b>che <b>Speziato con note terrose e dolciastre<\/b> \u00e8 un profilo complesso e profondo, tipico dell'hashish afghano tradizionale.<\/p>\n<p>Il <b>Profilo sensoriale<\/b> \u00e8 realizzato dal <b>Il sapore<\/b> che <b>Corposo e persistente<\/b> \u00e8. Quando viene consumato, il prodotto \u00e8 caratterizzato da una <b>Comportamento al fumo morbido e aromatico<\/b> da. Il <b>Combustione<\/b> \u00e8 <b>In modo uniforme e lento<\/b>, che garantisce un divertimento duraturo e sottolinea la qualit\u00e0 del materiale. Il <b>Coerenza<\/b> \u00e8 <b>Morbido ed elastico<\/b>, mentre il <b>Colore Da marrone scuro a nero<\/b> \u00e8 un indicatore visivo dell'accurata polimerizzazione e della ricchezza della resina.<\/p>\n<p>&nbsp;<\/p>\n<h2>Dettagli del prodotto in sintesi<\/h2>\n<p>L'Afghani Hash di Alchemist si presenta in <b>Propriet\u00e0<\/b>, che riflettono la sua origine e la sua accurata lavorazione.<\/p>\n<h3>Propriet\u00e0<\/h3>\n<ul>\n<li><b>Origine:<\/b> <b>Tradizionale afgano<\/b>, prodotti con metodi che sono stati perfezionati nel corso di molte generazioni.<\/li>\n<li><b>Coerenza:<\/b> <b>Morbido ed elastico<\/b>, che rende estremamente facile la lavorazione e la porzionatura.<\/li>\n<li><b>Colore:<\/b> Una colorazione ricca e scura, caratterizzata da <b>Da marrone scuro a nero<\/b> \u00e8 un segno di pressatura tradizionale.<\/li>\n<li><b>Struttura:<\/b> Il <b>Struttura<\/b> \u00e8 <b>Uniforme e modellabile<\/b>, un indicatore dell'alto livello di artigianalit\u00e0.<\/li>\n<\/ul>\n<h3>Profilo sensoriale<\/h3>\n<ul>\n<li><b>Sapore:<\/b> <b>Speziato e terroso con sfumature dolci<\/b>, un'esperienza di gusto classica e profonda.<\/li>\n<li><b>Sapore:<\/b> <b>Corposo e persistente<\/b>, rimane piacevole in bocca.<\/li>\n<li><b>Comportamento al fumo:<\/b> <b>Delicato e aromatico<\/b>, piacevole quando si inala.<\/li>\n<li><b>Combustione:<\/b> <b>In modo uniforme e lento<\/b>, massimizza la durata del godimento.<\/li>\n<\/ul>\n<p>&nbsp;<\/p>\n<h2>Profilo dell'effetto e applicazione<\/h2>\n<p>L'Alchemist Afghani Hash \u00e8 riconosciuto per il suo <b>Effetto delicato<\/b> che si concentra principalmente sul corpo e porta a un profondo rilassamento.<\/p>\n<h3>Propriet\u00e0 dell'effetto<\/h3>\n<p>L'effetto \u00e8 <b>Equilibrato e versatile<\/b>, perfetto per i consumatori che cercano un forte rilassamento fisico senza una forte sovrapposizione mentale.<\/p>\n<ul>\n<li><b>Inizio dell'azione:<\/b> <b>Delicato e graduale<\/b>, ideale per scivolare in uno stato di calma rilassante.<\/li>\n<li><b>Effetto corpo:<\/b> <b>Profondamente rilassante<\/b>, allevia le tensioni e favorisce una piacevole sensazione di pesantezza.<\/li>\n<li><b>Effetto mentale:<\/b> <b>Calmante e riequilibrante<\/b>, crea una sensazione di pace interiore e tranquillit\u00e0.<\/li>\n<li><b>Durata d'azione:<\/b> <b>Lunga durata (3-4 ore)<\/b>, che consente un rilassamento prolungato.<\/li>\n<\/ul>\n<p>&nbsp;<\/p>\n<h3>Aree di applicazione ideali<\/h3>\n<p>Il profilo di profondo rilassamento rende questo hashish particolarmente adatto a momenti tranquilli e contemplativi:<\/p>\n<ul>\n<li><b>Relax serale:<\/b> <b>Perfetto dopo una lunga giornata<\/b>, per far riposare il corpo.<\/li>\n<li><b>Meditazione:<\/b> Supportato <b>Per la contemplazione e la pace interiore<\/b> attraverso il <b>Lenitivo e riequilibrante<\/b> effetto mentale.<\/li>\n<li><b>Promozione del sonno:<\/b> Pu\u00f2 supportare <b>Per le difficolt\u00e0 di addormentamento<\/b> rilassando profondamente il corpo.<\/li>\n<li><b>Riduzione dello stress:<\/b> Ideale <b>Per staccare la spina e rilassarsi<\/b> dallo stress e dalle tensioni della vita quotidiana.<\/li>\n<\/ul>\n<p>&nbsp;<\/p>\n<h3>Metodi di consumo<\/h3>\n<p>Il <b>Consistenza morbida e omogenea<\/b> dell'Alchemist Afghani Hash permette a diversi <b>Metodi di consumo<\/b>.<\/p>\n<h4>Tradizionale<\/h4>\n<ul>\n<li><b>In comune:<\/b> Classico <b>Miscelato con tabacco<\/b>, al fine di <b>Sapore speziato e terroso<\/b> per divertirsi.<\/li>\n<li><b>Tubo:<\/b> Il <b>Diretto e intensivo<\/b> Metodo per ottenere l'intero <b>Effetto delicato<\/b> di svolgersi rapidamente.<\/li>\n<li><b>Puro:<\/b> Per <b>Un'esperienza di puro gusto<\/b> il sapore corposo, soprattutto per i consumatori esperti.<\/li>\n<\/ul>\n<h4>Moderno<\/h4>\n<ul>\n<li><b>Vaporizzatore:<\/b> <b>Temperatura controllata<\/b> per il rilascio delicato di terpeni e cannabinoidi.<\/li>\n<li><b>Dab Rig:<\/b> Per un <b>Altamente concentrato<\/b> e rapido effetto, sottolinea la purezza del prodotto.<\/li>\n<li><b>Commestibili:<\/b> Pu\u00f2 essere utilizzato per la produzione di <b>I prodotti commestibili<\/b> pu\u00f2 essere usato per creare un oggetto <b>Di lunga durata<\/b> effetto.<\/li>\n<\/ul>\n<p>&nbsp;<\/p>\n<h2>Conservazione e freschezza: preservare la tradizione<\/h2>\n<p>Per ottimizzare il <b>Eccezionale purezza<\/b> e preservare il sapore intenso dell'hashish afghano, l'uso corretto dell'hashish \u00e8 <b>Immagazzinamento<\/b> decisivo.<\/p>\n<h3>Condizioni ottimali<\/h3>\n<ul>\n<li><b>Temperatura:<\/b> Un ambiente fresco tra <b>16-20\u00b0C<\/b> \u00e8 ideale per <b>Consistenza morbida e omogenea<\/b> ricevere.<\/li>\n<li><b>Umidit\u00e0:<\/b> Un'umidit\u00e0 di <b>55-62%<\/b> impedisce sia l'essiccazione che l'assorbimento indesiderato di umidit\u00e0.<\/li>\n<li><b>Contenitore:<\/b> Dovrebbe <b>Aderente al gusto<\/b> essere chiuso per evitare che il <b>Sapore intenso<\/b> completamente.<\/li>\n<li><b>Luce:<\/b> Il prodotto deve <b>Completamente protetto<\/b> conservati al riparo dalla luce diretta.<\/li>\n<\/ul>\n<p>&nbsp;<\/p>\n<h3>Durata<\/h3>\n<p>La conformit\u00e0 a questo <b>Immagazzinamento ideale<\/b> a <b>Durata minima di conservazione di 6-12 mesi<\/b> raggiunto. Il <b>Mantenimento della qualit\u00e0<\/b> \u00e8 garantita solo se si rispettano attentamente le condizioni.<\/p>\n<p>&nbsp;<\/p>\n<h2>Domande frequenti (FAQ)<\/h2>\n<p><b>D: Cosa rende l'hashish afghano cos\u00ec speciale rispetto ad altre variet\u00e0?<\/b><br \/>\nR: La specialit\u00e0 risiede nella combinazione di <b>metodi di produzione tradizionali<\/b> - spesso impastando e arrotolando la resina a mano - e le specifiche variet\u00e0 di cannabis landrace, che danno come risultato la <b>Effetto profondamente rilassante<\/b> e il <b>sapore unico<\/b> conduce.<\/p>\n<p><b>D: Per chi \u00e8 pi\u00f9 indicata questa variet\u00e0 di Alchemist Afghani Hash?<br \/>\n<\/b> R: \u00c8 <b>Soprattutto per coloro che apprezzano un effetto delicato e stimolante per il corpo.<\/b> e sono alla ricerca di un prodotto che <b>Relax serale<\/b> e <b>contemplazione interiore<\/b> contribuisce.<\/p>\n<p><b>D: Qual \u00e8 l'effetto dell'Alchemist Afghani Hash nel dettaglio?<\/b><br \/>\nR: L'effetto \u00e8 descritto come <b>Rilassamento profondo con una sensazione di pace interiore<\/b> descritto. L'attenzione \u00e8 rivolta alla <b>Effetto corpo<\/b>, durante il <b>Effetto mentale<\/b> Primario <b>Calmante e riequilibrante<\/b> \u00e8.<\/p>\n<p><b>D: Qual \u00e8 il metodo di consumo ideale per assaporarne appieno il gusto?<\/b><br \/>\nR: Per l'esperienza pi\u00f9 pura, l'applicazione <b>Particolarmente consigliato in un vaporizzatore o in un apparecchio puro<\/b>, poich\u00e9 questi metodi riducono al minimo la <b>Sapore intenso<\/b> per trarne il massimo vantaggio.<\/p>\n<p><b>D: Come faccio a dosare correttamente se non ho esperienza con l'hashish afgano?<\/b><br \/>\nR: \u00c8 consigliabile, <b>molto economico per iniziare<\/b>che <b>Attendere l'effetto<\/b> e poi <b>aumentare lentamente<\/b>, per analizzare la reazione individuale al <b>Effetto di lunga durata<\/b> per testare.<\/p>\n<p>&nbsp;<\/p>\n<h2>Servizio e ordine: Il vostro viaggio sicuro verso la tradizione<\/h2>\n<p>Realizziamo il <b>Acquisto<\/b> dell'Alchemist Afghani Hash il pi\u00f9 sicuro e semplice possibile. \u00c8 possibile <b>acquista ora<\/b> e di concentrarsi su un <b>sicuro, discreto<\/b> elaborazione.<\/p>\n<h3>Servizio e consegna discreti<\/h3>\n<p>Garantiamo <b>Ordine 100% legalmente - anonimo<\/b> e <b>consegnato con discrezione<\/b>. Il <b>Imballaggio neutro<\/b> e il <b>Servizio discreto<\/b> garantire la piena protezione della vostra privacy. Grazie a <b>Spedizione espressa<\/b> e <b>Consegna veloce<\/b> il <b>Consegna: discretamente entro 1-3 giorni lavorativi<\/b>. Il <b>Spedizione in Germania senza problemi<\/b>, nella <b>Svizzera<\/b> e dopo <b>Austria<\/b> \u00e8 garantita.<\/p>\n<h3>Sicurezza e fiducia<\/h3>\n<p>\u00c8 possibile <b>ordine senza ricetta<\/b> e <b>senza prescrizione medica<\/b> questo <b>Prodotto originale<\/b> acquisire. Garantiamo <b>Pagamento sicuro<\/b> con opzioni quali il <b>Pagamento con Bitcoin<\/b>. Ogni prodotto reca il sigillo <b>Qualit\u00e0 del marchio<\/b> ed \u00e8 <b>Testato in laboratorio<\/b>, che cosa \u00e8 il nostro <b>100% Qualit\u00e0<\/b> lo dimostra. Utilizzate il <b>Consulenza personalizzata<\/b> per domande.<\/p>\n<h3>Ordinazione semplice<\/h3>\n<ol start=\"1\">\n<li><b>Selezionare la quantit\u00e0:<\/b> Selezionare la quantit\u00e0 desiderata (<b>1g, 2g, 5g o 10g<\/b>).<\/li>\n<li><b>Aggiungi al carrello:<\/b> <b>Aggiungere il prodotto desiderato<\/b>.<\/li>\n<li><b>Pagamento:<\/b> <b>Elaborazione sicura<\/b> per una transazione senza problemi.<\/li>\n<li><b>Consegna:<\/b> <b>Discretamente entro 1-3 giorni lavorativi<\/b>.<\/li>\n<\/ol>\n<p><b>Vivere la tradizione afghana<\/b> con l'Afghani Hash di Alchemist. Offre un <b>Esperienza sensoriale intensa<\/b> combinato con un <b>effetto profondo e calmante<\/b>. \u00c8 l'ideale <b>Scelta per chi apprezza l'artigianato tradizionale e la massima qualit\u00e0<\/b>. <b>Acquista ora<\/b> e il <b>miglior prezzo<\/b> sicuro.<\/p>","protected":false},"excerpt":{"rendered":"<p>Acquista Alchemist Afghani Hash: Hashish di alta qualit\u00e0 nello stile tradizionale afgano. Effetto delicato, sapore intenso. Ordinate in modo discreto e sicuro.<\/p>","protected":false},"featured_media":7247,"comment_status":"open","ping_status":"closed","template":"","meta":{"_joinchat":[]},"product_brand":[],"product_cat":[61],"product_tag":[3159,3158,3160,3047,2965,3058,3072,3059,3161,3043],"class_list":{"0":"post-7221","1":"product","2":"type-product","3":"status-publish","4":"has-post-thumbnail","6":"product_cat-hashish","7":"product_tag-afghanisches-haschisch","8":"product_tag-alchemist-afghani-hash","9":"product_tag-beruhigend","10":"product_tag-cannabis","11":"product_tag-entspannend","12":"product_tag-handgepresst","13":"product_tag-handwerksqualitaet","14":"product_tag-intensives-aroma","15":"product_tag-premium","16":"product_tag-traditionell","18":"first","19":"instock","20":"shipping-taxable","21":"purchasable","22":"product-type-variable"},"yoast_head":"<!-- This site is optimized with the Yoast SEO plugin v27.5 - https:\/\/yoast.com\/product\/yoast-seo-wordpress\/ -->\n<title>Alchemist Afghani Hash Kaufen | Traditionelle Qualit\u00e4t Chemgramx<\/title>\n<meta name=\"description\" content=\"Alchemist Afghani Hash kaufen - Hochwertiges Haschisch nach traditioneller afghanischer Art. Sanfte Wirkung, intensives Aroma. Diskret &amp; sicher bestellen.\" \/>\n<meta name=\"robots\" content=\"index, follow, max-snippet:-1, max-image-preview:large, max-video-preview:-1\" \/>\n<link rel=\"canonical\" href=\"https:\/\/chemgramx.com\/it\/prodotto-1\/acquistare-hashish-alchemico-afghano\/\" \/>\n<meta property=\"og:locale\" content=\"it_IT\" \/>\n<meta property=\"og:type\" content=\"article\" \/>\n<meta property=\"og:title\" content=\"Alchemist Afghani Hash Kaufen | Traditionelle Qualit\u00e4t Chemgramx\" \/>\n<meta property=\"og:description\" content=\"Alchemist Afghani Hash kaufen - Hochwertiges Haschisch nach traditioneller afghanischer Art. Sanfte Wirkung, intensives Aroma. Diskret &amp; sicher bestellen.\" \/>\n<meta property=\"og:url\" content=\"https:\/\/chemgramx.com\/it\/prodotto-1\/acquistare-hashish-alchemico-afghano\/\" \/>\n<meta property=\"og:site_name\" content=\"Chemgramx\" \/>\n<meta property=\"article:modified_time\" content=\"2025-11-21T11:14:57+00:00\" \/>\n<meta property=\"og:image\" content=\"https:\/\/chemgramx.com\/wp-content\/uploads\/2025\/11\/alchemist-afghani-hash.jpg\" \/>\n\t<meta property=\"og:image:width\" content=\"1000\" \/>\n\t<meta property=\"og:image:height\" content=\"1000\" \/>\n\t<meta property=\"og:image:type\" content=\"image\/jpeg\" \/>\n<meta name=\"twitter:card\" content=\"summary_large_image\" \/>\n<meta name=\"twitter:label1\" content=\"Tempo di lettura stimato\" \/>\n\t<meta name=\"twitter:data1\" content=\"6 minuti\" \/>\n<script type=\"application\/ld+json\" class=\"yoast-schema-graph\">{\"@context\":\"https:\\\/\\\/schema.org\",\"@graph\":[{\"@type\":\"WebPage\",\"@id\":\"https:\\\/\\\/chemgramx.com\\\/product\\\/alchemist-afghani-hash-kaufen\\\/\",\"url\":\"https:\\\/\\\/chemgramx.com\\\/product\\\/alchemist-afghani-hash-kaufen\\\/\",\"name\":\"Alchemist Afghani Hash Kaufen | Traditionelle Qualit\u00e4t Chemgramx\",\"isPartOf\":{\"@id\":\"https:\\\/\\\/chemgramx.com\\\/#website\"},\"primaryImageOfPage\":{\"@id\":\"https:\\\/\\\/chemgramx.com\\\/product\\\/alchemist-afghani-hash-kaufen\\\/#primaryimage\"},\"image\":{\"@id\":\"https:\\\/\\\/chemgramx.com\\\/product\\\/alchemist-afghani-hash-kaufen\\\/#primaryimage\"},\"thumbnailUrl\":\"https:\\\/\\\/chemgramx.com\\\/wp-content\\\/uploads\\\/2025\\\/11\\\/alchemist-afghani-hash.jpg\",\"datePublished\":\"2025-11-21T11:13:36+00:00\",\"dateModified\":\"2025-11-21T11:14:57+00:00\",\"description\":\"Alchemist Afghani Hash kaufen - Hochwertiges Haschisch nach traditioneller afghanischer Art. Sanfte Wirkung, intensives Aroma. Diskret &amp; sicher bestellen.\",\"breadcrumb\":{\"@id\":\"https:\\\/\\\/chemgramx.com\\\/product\\\/alchemist-afghani-hash-kaufen\\\/#breadcrumb\"},\"inLanguage\":\"it-IT\",\"potentialAction\":[{\"@type\":\"ReadAction\",\"target\":[\"https:\\\/\\\/chemgramx.com\\\/product\\\/alchemist-afghani-hash-kaufen\\\/\"]}]},{\"@type\":\"ImageObject\",\"inLanguage\":\"it-IT\",\"@id\":\"https:\\\/\\\/chemgramx.com\\\/product\\\/alchemist-afghani-hash-kaufen\\\/#primaryimage\",\"url\":\"https:\\\/\\\/chemgramx.com\\\/wp-content\\\/uploads\\\/2025\\\/11\\\/alchemist-afghani-hash.jpg\",\"contentUrl\":\"https:\\\/\\\/chemgramx.com\\\/wp-content\\\/uploads\\\/2025\\\/11\\\/alchemist-afghani-hash.jpg\",\"width\":1000,\"height\":1000},{\"@type\":\"BreadcrumbList\",\"@id\":\"https:\\\/\\\/chemgramx.com\\\/product\\\/alchemist-afghani-hash-kaufen\\\/#breadcrumb\",\"itemListElement\":[{\"@type\":\"ListItem\",\"position\":1,\"name\":\"Home\",\"item\":\"https:\\\/\\\/chemgramx.com\\\/\"},{\"@type\":\"ListItem\",\"position\":2,\"name\":\"Shop\",\"item\":\"https:\\\/\\\/chemgramx.com\\\/shop\\\/\"},{\"@type\":\"ListItem\",\"position\":3,\"name\":\"Alchemist Afghani Hash kaufen\"}]},{\"@type\":\"WebSite\",\"@id\":\"https:\\\/\\\/chemgramx.com\\\/#website\",\"url\":\"https:\\\/\\\/chemgramx.com\\\/\",\"name\":\"Chemgramx\",\"description\":\"\",\"publisher\":{\"@id\":\"https:\\\/\\\/chemgramx.com\\\/#organization\"},\"potentialAction\":[{\"@type\":\"SearchAction\",\"target\":{\"@type\":\"EntryPoint\",\"urlTemplate\":\"https:\\\/\\\/chemgramx.com\\\/?s={search_term_string}\"},\"query-input\":{\"@type\":\"PropertyValueSpecification\",\"valueRequired\":true,\"valueName\":\"search_term_string\"}}],\"inLanguage\":\"it-IT\"},{\"@type\":\"Organization\",\"@id\":\"https:\\\/\\\/chemgramx.com\\\/#organization\",\"name\":\"Chemgramx\",\"url\":\"https:\\\/\\\/chemgramx.com\\\/\",\"logo\":{\"@type\":\"ImageObject\",\"inLanguage\":\"it-IT\",\"@id\":\"https:\\\/\\\/chemgramx.com\\\/#\\\/schema\\\/logo\\\/image\\\/\",\"url\":\"https:\\\/\\\/chemgramx.com\\\/wp-content\\\/uploads\\\/2024\\\/10\\\/final-logo.png\",\"contentUrl\":\"https:\\\/\\\/chemgramx.com\\\/wp-content\\\/uploads\\\/2024\\\/10\\\/final-logo.png\",\"width\":250,\"height\":48,\"caption\":\"Chemgramx\"},\"image\":{\"@id\":\"https:\\\/\\\/chemgramx.com\\\/#\\\/schema\\\/logo\\\/image\\\/\"}}]}<\/script>\n<!-- \/ Yoast SEO plugin. -->","yoast_head_json":{"title":"Alchemist Afghani Hash Comprare | Qualit\u00e0 tradizionale Chemgramx","description":"Compra Alchemist Afghani Hash - Hashish di alta qualit\u00e0 nello stile tradizionale afghano. Effetto delicato, sapore intenso. Ordinate in modo discreto e sicuro.","robots":{"index":"index","follow":"follow","max-snippet":"max-snippet:-1","max-image-preview":"max-image-preview:large","max-video-preview":"max-video-preview:-1"},"canonical":"https:\/\/chemgramx.com\/it\/prodotto-1\/acquistare-hashish-alchemico-afghano\/","og_locale":"it_IT","og_type":"article","og_title":"Alchemist Afghani Hash Kaufen | Traditionelle Qualit\u00e4t Chemgramx","og_description":"Alchemist Afghani Hash kaufen - Hochwertiges Haschisch nach traditioneller afghanischer Art. Sanfte Wirkung, intensives Aroma. Diskret &amp; sicher bestellen.","og_url":"https:\/\/chemgramx.com\/it\/prodotto-1\/acquistare-hashish-alchemico-afghano\/","og_site_name":"Chemgramx","article_modified_time":"2025-11-21T11:14:57+00:00","og_image":[{"width":1000,"height":1000,"url":"https:\/\/chemgramx.com\/wp-content\/uploads\/2025\/11\/alchemist-afghani-hash.jpg","type":"image\/jpeg"}],"twitter_card":"summary_large_image","twitter_misc":{"Tempo di lettura stimato":"6 minuti"},"schema":{"@context":"https:\/\/schema.org","@graph":[{"@type":"WebPage","@id":"https:\/\/chemgramx.com\/product\/alchemist-afghani-hash-kaufen\/","url":"https:\/\/chemgramx.com\/product\/alchemist-afghani-hash-kaufen\/","name":"Alchemist Afghani Hash Comprare | Qualit\u00e0 tradizionale Chemgramx","isPartOf":{"@id":"https:\/\/chemgramx.com\/#website"},"primaryImageOfPage":{"@id":"https:\/\/chemgramx.com\/product\/alchemist-afghani-hash-kaufen\/#primaryimage"},"image":{"@id":"https:\/\/chemgramx.com\/product\/alchemist-afghani-hash-kaufen\/#primaryimage"},"thumbnailUrl":"https:\/\/chemgramx.com\/wp-content\/uploads\/2025\/11\/alchemist-afghani-hash.jpg","datePublished":"2025-11-21T11:13:36+00:00","dateModified":"2025-11-21T11:14:57+00:00","description":"Compra Alchemist Afghani Hash - Hashish di alta qualit\u00e0 nello stile tradizionale afghano. Effetto delicato, sapore intenso. Ordinate in modo discreto e sicuro.","breadcrumb":{"@id":"https:\/\/chemgramx.com\/product\/alchemist-afghani-hash-kaufen\/#breadcrumb"},"inLanguage":"it-IT","potentialAction":[{"@type":"ReadAction","target":["https:\/\/chemgramx.com\/product\/alchemist-afghani-hash-kaufen\/"]}]},{"@type":"ImageObject","inLanguage":"it-IT","@id":"https:\/\/chemgramx.com\/product\/alchemist-afghani-hash-kaufen\/#primaryimage","url":"https:\/\/chemgramx.com\/wp-content\/uploads\/2025\/11\/alchemist-afghani-hash.jpg","contentUrl":"https:\/\/chemgramx.com\/wp-content\/uploads\/2025\/11\/alchemist-afghani-hash.jpg","width":1000,"height":1000},{"@type":"BreadcrumbList","@id":"https:\/\/chemgramx.com\/product\/alchemist-afghani-hash-kaufen\/#breadcrumb","itemListElement":[{"@type":"ListItem","position":1,"name":"Home","item":"https:\/\/chemgramx.com\/"},{"@type":"ListItem","position":2,"name":"Shop","item":"https:\/\/chemgramx.com\/shop\/"},{"@type":"ListItem","position":3,"name":"Alchemist Afghani Hash kaufen"}]},{"@type":"WebSite","@id":"https:\/\/chemgramx.com\/#website","url":"https:\/\/chemgramx.com\/","name":"Chemgramx","description":"","publisher":{"@id":"https:\/\/chemgramx.com\/#organization"},"potentialAction":[{"@type":"SearchAction","target":{"@type":"EntryPoint","urlTemplate":"https:\/\/chemgramx.com\/?s={search_term_string}"},"query-input":{"@type":"PropertyValueSpecification","valueRequired":true,"valueName":"search_term_string"}}],"inLanguage":"it-IT"},{"@type":"Organization","@id":"https:\/\/chemgramx.com\/#organization","name":"Chemgramx","url":"https:\/\/chemgramx.com\/","logo":{"@type":"ImageObject","inLanguage":"it-IT","@id":"https:\/\/chemgramx.com\/#\/schema\/logo\/image\/","url":"https:\/\/chemgramx.com\/wp-content\/uploads\/2024\/10\/final-logo.png","contentUrl":"https:\/\/chemgramx.com\/wp-content\/uploads\/2024\/10\/final-logo.png","width":250,"height":48,"caption":"Chemgramx"},"image":{"@id":"https:\/\/chemgramx.com\/#\/schema\/logo\/image\/"}}]}},"_links":{"self":[{"href":"https:\/\/chemgramx.com\/it\/wp-json\/wp\/v2\/product\/7221","targetHints":{"allow":["GET"]}}],"collection":[{"href":"https:\/\/chemgramx.com\/it\/wp-json\/wp\/v2\/product"}],"about":[{"href":"https:\/\/chemgramx.com\/it\/wp-json\/wp\/v2\/types\/product"}],"replies":[{"embeddable":true,"href":"https:\/\/chemgramx.com\/it\/wp-json\/wp\/v2\/comments?post=7221"}],"wp:featuredmedia":[{"embeddable":true,"href":"https:\/\/chemgramx.com\/it\/wp-json\/wp\/v2\/media\/7247"}],"wp:attachment":[{"href":"https:\/\/chemgramx.com\/it\/wp-json\/wp\/v2\/media?parent=7221"}],"wp:term":[{"taxonomy":"product_brand","embeddable":true,"href":"https:\/\/chemgramx.com\/it\/wp-json\/wp\/v2\/product_brand?post=7221"},{"taxonomy":"product_cat","embeddable":true,"href":"https:\/\/chemgramx.com\/it\/wp-json\/wp\/v2\/product_cat?post=7221"},{"taxonomy":"product_tag","embeddable":true,"href":"https:\/\/chemgramx.com\/it\/wp-json\/wp\/v2\/product_tag?post=7221"}],"curies":[{"name":"wp","href":"https:\/\/api.w.org\/{rel}","templated":true}]}}