{"id":7225,"date":"2025-11-21T11:13:37","date_gmt":"2025-11-21T11:13:37","guid":{"rendered":"https:\/\/chemgramx.com\/?post_type=product&#038;p=7225"},"modified":"2025-11-21T11:15:08","modified_gmt":"2025-11-21T11:15:08","slug":"acquistare-lhashish-del-francobollo-di-cammello","status":"publish","type":"product","link":"https:\/\/chemgramx.com\/it\/product\/camel-stamp-hash-kaufen\/","title":{"rendered":"Comprare l'hashish del francobollo di cammello"},"content":{"rendered":"<p>Siete alla ricerca di <b>hashish tradizionale marocchino<\/b> da <b>migliore qualit\u00e0<\/b>? Allora questo \u00e8 <b>Timbro Camel Hash<\/b> la cosa giusta per voi. Scoprite un <b>Prodotto originale<\/b>, che ha radici profonde nell'artigianato del Nord Africa e si caratterizza per il suo <b>Autentica stampigliatura a cammello<\/b> affascina. Ordinate subito questo prodotto di qualit\u00e0 <b>legale<\/b> e <b>senza prescrizione medica<\/b> online. Vi garantiamo <b>Spedizione espressa<\/b> e un <b>100% discreto<\/b> Consegna a <b>Germania<\/b>, nella <b>Svizzera<\/b> e dopo <b>Austria<\/b>.<\/p>\n<p>Il Camel Stamp Hash non \u00e8 solo un prodotto, \u00e8 un pezzo di tradizione. \u00c8 sinonimo di <b>metodi di produzione originali<\/b> e l'attento <b>artigianato<\/b>, perfezionati da generazioni in Marocco. La caratteristica goffratura \u00e8 un segno di <b>Qualit\u00e0 del marchio<\/b> e <b>Autenticit\u00e0<\/b>. Chi \u00e8 questo hashish <b>Acquista<\/b> o <b>ordine online<\/b> sceglie una variet\u00e0 che si caratterizza per la sua <b>Consistenza morbida<\/b> e voi <b>Profilo di efficacia bilanciato<\/b> convinto. Qui potete scoprire tutto sull'origine, le caratteristiche speciali e i vantaggi del prodotto. <b>acquisto sicuro<\/b> con noi.<\/p>\n<h2>L'origine e la tradizione autentica del timbro del cammello Hash<\/h2>\n<p>Il valore del Camel Stamp Hash sta nel suo <b>di origine marocchina<\/b>. Sar\u00e0 <b>tecniche di produzione collaudate<\/b> prodotto, per cui <b>Metodi di pressatura tradizionali<\/b> sono utilizzati. Questi <b>Produzione artigianale<\/b> assicura un <b>Consistenza morbida<\/b> e una consistenza facile da lavorare, che \u00e8 un marchio di qualit\u00e0 per gli intenditori. Il <b>Caratteristica stampigliatura con motivo cammello<\/b> funge da certificato di autenticit\u00e0 e contraddistingue la <b>Prodotto originale<\/b> di imitazioni. Vi assicuriamo che: <b>Prodotto originale disponibile solo qui!<\/b><\/p>\n<p>L'origine nelle aree di coltivazione tradizionali del Marocco garantisce la <b>Autenticit\u00e0<\/b> e il <b>Autenticit\u00e0<\/b> qualit\u00e0. Nel processo di produzione <b>Selezione accurata dei materiali<\/b> rispettati al fine di <b>Standard di qualit\u00e0 coerenti<\/b> per garantire che il Prima che il prodotto sia <b>Spedizione espressa<\/b> sar\u00e0 <a href=\"\/product\/black-gold-hash-kaufen\/\"><b>Testato in laboratorio<\/b><\/a>al fine di <b>100% Qualit\u00e0<\/b> per confermare. \u00c8 possibile ordinare questo prodotto ora <b>Acquista direttamente<\/b> e aspettatevi un'esperienza unica caratterizzata da un profondo legame con la cultura marocchina dell'hashish.<\/p>\n<h2>Sensorialit\u00e0 e consistenza: un'esperienza per i sensi<\/h2>\n<p>Il Camel Stamp Hash non colpisce solo per la sua origine, ma anche per il suo <b>Propriet\u00e0 sensoriali<\/b>. Quando si apre la discreta confezione, si scopre un <b>Il sapore<\/b>che <b>Speziato con note terrose<\/b> \u00e8 un profilo classico che gli intenditori apprezzano immediatamente. Il <b>Il sapore<\/b> \u00e8 <b>Delicato ed equilibrato<\/b>, che rende l'esperienza di consumo particolarmente piacevole.<\/p>\n<p>Visivamente, l'hashish si presenta in una forma di <b>Colore<\/b> da <b>marrone chiaro o medio<\/b>. Il <b>Struttura<\/b> \u00e8 <b>Uniforme e modellabile<\/b>, che cosa <b>Porzioni semplici<\/b> e <b>Manipolazione<\/b> \u00e8 possibile. Il gi\u00e0 citato <b>Consistenza morbida<\/b> La sua elasticit\u00e0 e la sua facilit\u00e0 di lavorazione, a prescindere dalle <b>Metodi di consumo<\/b> Preferite. Sia che si tratti di metodi tradizionali come la canna o il tubo, sia di applicazioni moderne come il vaporizzatore, la qualit\u00e0 viene sempre mantenuta. Questo <b>Diversit\u00e0<\/b> nell'applicazione, in combinazione con l'opzione <b>Qualit\u00e0 del marchio<\/b>, rende il Camel Stamp Hash una scelta di prim'ordine. <b>Qualit\u00e0 di marca disponibile solo qui!<\/b><\/p>\n<h2>Il profilo di effetto bilanciato e l'applicazione<\/h2>\n<p>Il <b>Profilo dell'effetto<\/b> del Camel Stamp Hash \u00e8 uno dei suoi maggiori punti di forza. \u00c8 ideale per tutti coloro che desiderano una variet\u00e0 con una <b>profilo di effetto armonioso<\/b> ricerca. Il <b>Inizio dell'azione<\/b> \u00e8 <b>delicatamente e gradualmente<\/b>, che evita una sensazione opprimente. Il <b>Effetto corpo<\/b> si chiama <b>Rilassante e accogliente<\/b> perfetto per i momenti di tranquillit\u00e0. Allo stesso tempo, il <b>Effetto mentale<\/b> che il consumatore <b>Chiaro ed equilibrato<\/b> rimane ci\u00f2 che il <b>Versatilit\u00e0<\/b> della variet\u00e0. Il <b>Durata dell'effetto<\/b> \u00e8 <b>media lunghezza<\/b> (circa 2-3 ore), il che lo rende ideale per l'uso quotidiano.<\/p>\n<h3>Aree di applicazione ideali:<\/h3>\n<ul>\n<li><b>Rilassamento:<\/b> \u00c8 <b>Perfetto dopo il lavoro<\/b> per favorire la calma e la serenit\u00e0.<\/li>\n<li><b>Socializzazione:<\/b> Ideale <b>Per incontri rilassati<\/b> con gli amici.<\/li>\n<li><b>Creativit\u00e0:<\/b> Pu\u00f2 essere utilizzato per <b>Promuovere il flusso di idee<\/b> contribuire.<\/li>\n<li><b>Supporto quotidiano:<\/b> Pu\u00f2 essere utilizzato per alleviare <b>Per i disturbi lievi<\/b> hanno un effetto di sostegno.<\/li>\n<\/ul>\n<h3>Metodi di consumo:<\/h3>\n<p>Il prodotto offre <b>Diversit\u00e0<\/b> con il <b>Metodi di consumo<\/b>:<\/p>\n<ul>\n<li><b>In comune:<\/b> Per un <b>Anche la combustione<\/b>.<\/li>\n<li><b>Tubo:<\/b> Per un <b>Sviluppo diretto dell'effetto<\/b>.<\/li>\n<li><b>Puro:<\/b> Per un <b>Un'esperienza di puro gusto<\/b>.<\/li>\n<li><b>Vaporizzatore:<\/b> Per un <b>Vaporizzazione delicata<\/b>.<\/li>\n<li><b>Bong:<\/b> Per <b>Piacere fresco<\/b>.<\/li>\n<li><b>Cucina:<\/b> Adatto anche per <b>Per le creazioni culinarie<\/b>.<\/li>\n<\/ul>\n<h2>Acquistare in modo sicuro, legale e anonimo<\/h2>\n<p>Attribuiamo grande importanza alla vostra sicurezza e discrezione. Quando ordinate Camel Stamp Hash <b>Acquista<\/b> vi garantiamo che riceverete un <b>acquisto sicuro<\/b> e un <b>100% ordine discreto<\/b>. Il prodotto \u00e8 <b>legale<\/b> e <b>senza prescrizione medica<\/b> disponibile.<\/p>\n<h3>I vantaggi dell'ordinazione in un colpo d'occhio:<\/h3>\n<ul>\n<li><b>Senza ricetta e legale:<\/b> \u00c8 possibile utilizzare questo prodotto <b>senza prescrizione medica<\/b> e <b>legale<\/b> in tutta Europa. Vi offriamo l'opportunit\u00e0 di, <b>Ordinare 100% legalmente - senza prescrizione medica<\/b>.<\/li>\n<li><b>Discrezione:<\/b> Il vostro ordine sar\u00e0 <b>100% fornito in modo discreto<\/b> in <b>imballaggio neutro<\/b>. Garantiamo <b>consegna anonima<\/b> e <b>Elaborazione sicura<\/b>.<\/li>\n<li><b>Spedizione:<\/b> Offriamo <b>Spedizione espressa<\/b> e un <b>Consegna sicura<\/b> entro 1-3 giorni lavorativi. Il <b>Spedizione in Germania senza problemi<\/b>il <b>Spedizione in Svizzera senza problemi<\/b> e il <b>Spedizione in Austria senza problemi<\/b> sono standard per noi.<\/li>\n<li><b>Prezzo e disponibilit\u00e0:<\/b> \u00c8 possibile utilizzare il prodotto <b>acquistare a buon mercato<\/b> e beneficiare dei nostri <b>miglior prezzo<\/b>. Prestate attenzione al nostro <b>Offerte speciali<\/b>. Il prodotto \u00e8 <b>immediatamente disponibile<\/b>.<\/li>\n<li><b>Garanzia di qualit\u00e0:<\/b> Questo \u00e8 un <b>Prodotto originale<\/b>che <b>Testato in laboratorio<\/b> e il pi\u00f9 alto <b>Qualit\u00e0 del marchio<\/b> ha. <b>100% Qualit\u00e0<\/b> \u00e8 la nostra promessa per voi.<\/li>\n<\/ul>\n<p>\u00c8 possibile ordinare questo prodotto ora <b>Acquista ora<\/b> o <b>Ordine immediato<\/b>. Cogliere l'opportunit\u00e0 di <b>Prezzi pi\u00f9 alti<\/b> e il nostro <b>Offerte speciali<\/b> ricevere.<\/p>\n<h2>Conservazione e freschezza: come mantenere il prodotto al meglio<\/h2>\n<p>Per ottimizzare il <b>100% Qualit\u00e0<\/b> e il sapore pieno del Camel Stamp Hash, la giusta <b>Immagazzinamento<\/b> essenziale.<\/p>\n<h3>Condizioni ottimali per una lunga conservazione:<\/h3>\n<ul>\n<li><b>Temperatura:<\/b> La temperatura ideale \u00e8 compresa tra 18-22\u00b0C.<\/li>\n<li><b>Umidit\u00e0:<\/b> Un'umidit\u00e0 di 50-60% \u00e8 ottimale.<\/li>\n<li><b>Contenitore:<\/b> Utilizzare un <b>Protezione del gusto<\/b> per preservarne la freschezza.<\/li>\n<li><b>Luce:<\/b> Il prodotto deve <b>Proteggere dalla luce solare diretta<\/b> essere memorizzati.<\/li>\n<\/ul>\n<p>Con <b>Conservazione corretta<\/b> \u00e8 possibile creare un <b>Durata minima di conservazione<\/b> di 6-9 mesi, in cui il <b>Mantenimento della qualit\u00e0<\/b> \u00e8 assicurato.<\/p>\n<h2>Domande frequenti (FAQ) sul Timbro di Camel Hash<\/h2>\n<p>Vorremmo mostrarvi il <b>Acquisto<\/b> il pi\u00f9 semplice e trasparente possibile. Qui troverete le risposte alle domande pi\u00f9 importanti:<\/p>\n<p><b>D: Che cosa significa esattamente il timbro del cammello?<\/b><br \/>\nR: La timbratura caratterizza il <b>Origine marocchina tradizionale<\/b> e il <b>qualit\u00e0<\/b> di hashish. \u00c8 una garanzia che si tratta del <b>Prodotto originale<\/b> offerte.<\/p>\n<p><b>D: A chi \u00e8 adatto questo tipo di hashish?<\/b><br \/>\nR: Lei \u00e8 <b>Ideale per i principianti<\/b> e per tutti, <b>che preferiscono le variet\u00e0 delicate<\/b> e un <b>equilibrato<\/b> Stima del profilo degli effetti.<\/p>\n<p><b>D: Qual \u00e8 la natura dell'effetto e che tipo di effetto posso aspettarmi?<\/b><br \/>\nR: L'effetto \u00e8 <b>Equilibrato e versatile<\/b>, caratterizzato da un <b>Effetto rilassante per il corpo<\/b> e un <b>effetto mentale chiaro ed equilibrato<\/b>.<\/p>\n<p><b>D: Qual \u00e8 il metodo di consumo consigliato per il Camel Stamp Hash?<\/b><br \/>\nR: Grazie alla sua <b>Consistenza morbida<\/b> \u00e8 <b>Particolarmente buono in uno spinello o in un vaporizzatore<\/b> ma anche tutti gli altri metodi di consumo sono possibili senza problemi.<\/p>\n<p><b>D: Qual \u00e8 il modo migliore per dosare se sono un principiante?<\/b><br \/>\nR: \u00c8 consigliato, <b>iniziare con piccole quantit\u00e0 e aumentare con cautela<\/b>, per conoscere il profilo dell'effetto individuale.<\/p>\n<p><strong>D: Come funziona la spedizione, soprattutto in Svizzera e in Austria? <\/strong><br \/>\nR: Spediamo <b>100% discreto<\/b> con <b>Spedizione espressa<\/b> a tutti i Paesi citati. Il <b>Spedizione in Austria senza problemi<\/b> e il <b>Spedizione in Svizzera senza problemi<\/b> sono processi standard per noi, cos\u00ec come i <b>Consegna in Germania<\/b>.<\/p>\n<h2>Servizio e ordine semplice<\/h2>\n<p>Il tuo <b>Acquisto sicuro<\/b> e la vostra soddisfazione sono il nostro obiettivo. Vi offriamo <b>Supporto personale<\/b> e un <b>Ordinazione semplice<\/b> in pochi passi:<\/p>\n<ol start=\"1\">\n<li><b>Selezionare la quantit\u00e0:<\/b> Selezionare la quantit\u00e0 desiderata (ad es. 25G, 50G, 100G, 250G).<\/li>\n<li><b>Aggiungi al carrello:<\/b> Aggiungere il prodotto desiderato.<\/li>\n<li><b>Pagamento:<\/b> Utilizzate il nostro <b>Transazione sicura<\/b> per il <b>Pagamento<\/b>.<\/li>\n<li><b>Consegna:<\/b> Il vostro ordine sar\u00e0 <b>in modo discreto entro 1-3 giorni lavorativi<\/b> consegnato - grazie a <b>Spedizione espressa<\/b>.<\/li>\n<\/ol>\n<p>Sperimentate il <b>Tradizione marocchina<\/b> del francobollo Camel Hash. Sta per <b>Autentica qualit\u00e0 artigianale<\/b> e un <b>Profilo di efficacia bilanciato<\/b>. Perfetto per tutti coloro che <b>apprezzare la cultura tradizionale dell'hashish<\/b> e il valore su <b>Variet\u00e0 delicate e versatili<\/b> laico. <b>Acquista ora<\/b> e il <b>miglior prezzo<\/b> sicuro!<\/p>","protected":false},"excerpt":{"rendered":"<p>Acquista l'hashish con timbro di cammello: Tradizionale hashish marocchino con la caratteristica stampigliatura a cammello. Lastre morbide e aromatiche con un effetto equilibrato. Perfetto per gli intenditori della qualit\u00e0 tradizionale.<\/p>","protected":false},"featured_media":7263,"comment_status":"open","ping_status":"closed","template":"","meta":{"_joinchat":[]},"product_brand":[],"product_cat":[61],"product_tag":[2964,3067,3047,2975,3072,3069,3068,3071,3043,3070],"class_list":{"0":"post-7225","1":"product","2":"type-product","3":"status-publish","4":"has-post-thumbnail","6":"product_cat-hashish","7":"product_tag-ausgewogene-wirkung","8":"product_tag-camel-stamp-hash","9":"product_tag-cannabis","10":"product_tag-entspannung","11":"product_tag-handwerksqualitaet","12":"product_tag-kamel-stempel","13":"product_tag-marokkanisches-haschisch","14":"product_tag-mild","15":"product_tag-traditionell","16":"product_tag-weiche-konsistenz","18":"first","19":"instock","20":"shipping-taxable","21":"purchasable","22":"product-type-variable"},"yoast_head":"<!-- This site is optimized with the Yoast SEO plugin v27.5 - https:\/\/yoast.com\/product\/yoast-seo-wordpress\/ -->\n<title>Camel Stamp Hash Kaufen | Traditionelle Qualit\u00e4t | Marokkanisch Chemgramx<\/title>\n<meta name=\"description\" content=\"Camel Stamp Hash kaufen - Authentisches marokkanisches Haschisch mit traditioneller Kamel-Stempelung. Weiche Konsistenz, aromatisch. Diskret &amp; sicher.\" \/>\n<meta name=\"robots\" content=\"index, follow, max-snippet:-1, max-image-preview:large, max-video-preview:-1\" \/>\n<link rel=\"canonical\" href=\"https:\/\/chemgramx.com\/it\/prodotto-1\/acquistare-lhashish-del-francobollo-di-cammello\/\" \/>\n<meta property=\"og:locale\" content=\"it_IT\" \/>\n<meta property=\"og:type\" content=\"article\" \/>\n<meta property=\"og:title\" content=\"Camel Stamp Hash Kaufen | Traditionelle Qualit\u00e4t | Marokkanisch Chemgramx\" \/>\n<meta property=\"og:description\" content=\"Camel Stamp Hash kaufen - Authentisches marokkanisches Haschisch mit traditioneller Kamel-Stempelung. Weiche Konsistenz, aromatisch. Diskret &amp; sicher.\" \/>\n<meta property=\"og:url\" content=\"https:\/\/chemgramx.com\/it\/prodotto-1\/acquistare-lhashish-del-francobollo-di-cammello\/\" \/>\n<meta property=\"og:site_name\" content=\"Chemgramx\" \/>\n<meta property=\"article:modified_time\" content=\"2025-11-21T11:15:08+00:00\" \/>\n<meta property=\"og:image\" content=\"https:\/\/chemgramx.com\/wp-content\/uploads\/2025\/11\/camel-stamp-hash-online.jpg\" \/>\n\t<meta property=\"og:image:width\" content=\"1000\" \/>\n\t<meta property=\"og:image:height\" content=\"1000\" \/>\n\t<meta property=\"og:image:type\" content=\"image\/jpeg\" \/>\n<meta name=\"twitter:card\" content=\"summary_large_image\" \/>\n<meta name=\"twitter:label1\" content=\"Tempo di lettura stimato\" \/>\n\t<meta name=\"twitter:data1\" content=\"6 minuti\" \/>\n<script type=\"application\/ld+json\" class=\"yoast-schema-graph\">{\"@context\":\"https:\\\/\\\/schema.org\",\"@graph\":[{\"@type\":\"WebPage\",\"@id\":\"https:\\\/\\\/chemgramx.com\\\/product\\\/camel-stamp-hash-kaufen\\\/\",\"url\":\"https:\\\/\\\/chemgramx.com\\\/product\\\/camel-stamp-hash-kaufen\\\/\",\"name\":\"Camel Stamp Hash Kaufen | Traditionelle Qualit\u00e4t | Marokkanisch Chemgramx\",\"isPartOf\":{\"@id\":\"https:\\\/\\\/chemgramx.com\\\/#website\"},\"primaryImageOfPage\":{\"@id\":\"https:\\\/\\\/chemgramx.com\\\/product\\\/camel-stamp-hash-kaufen\\\/#primaryimage\"},\"image\":{\"@id\":\"https:\\\/\\\/chemgramx.com\\\/product\\\/camel-stamp-hash-kaufen\\\/#primaryimage\"},\"thumbnailUrl\":\"https:\\\/\\\/chemgramx.com\\\/wp-content\\\/uploads\\\/2025\\\/11\\\/camel-stamp-hash-online.jpg\",\"datePublished\":\"2025-11-21T11:13:37+00:00\",\"dateModified\":\"2025-11-21T11:15:08+00:00\",\"description\":\"Camel Stamp Hash kaufen - Authentisches marokkanisches Haschisch mit traditioneller Kamel-Stempelung. Weiche Konsistenz, aromatisch. Diskret &amp; sicher.\",\"breadcrumb\":{\"@id\":\"https:\\\/\\\/chemgramx.com\\\/product\\\/camel-stamp-hash-kaufen\\\/#breadcrumb\"},\"inLanguage\":\"it-IT\",\"potentialAction\":[{\"@type\":\"ReadAction\",\"target\":[\"https:\\\/\\\/chemgramx.com\\\/product\\\/camel-stamp-hash-kaufen\\\/\"]}]},{\"@type\":\"ImageObject\",\"inLanguage\":\"it-IT\",\"@id\":\"https:\\\/\\\/chemgramx.com\\\/product\\\/camel-stamp-hash-kaufen\\\/#primaryimage\",\"url\":\"https:\\\/\\\/chemgramx.com\\\/wp-content\\\/uploads\\\/2025\\\/11\\\/camel-stamp-hash-online.jpg\",\"contentUrl\":\"https:\\\/\\\/chemgramx.com\\\/wp-content\\\/uploads\\\/2025\\\/11\\\/camel-stamp-hash-online.jpg\",\"width\":1000,\"height\":1000},{\"@type\":\"BreadcrumbList\",\"@id\":\"https:\\\/\\\/chemgramx.com\\\/product\\\/camel-stamp-hash-kaufen\\\/#breadcrumb\",\"itemListElement\":[{\"@type\":\"ListItem\",\"position\":1,\"name\":\"Home\",\"item\":\"https:\\\/\\\/chemgramx.com\\\/\"},{\"@type\":\"ListItem\",\"position\":2,\"name\":\"Shop\",\"item\":\"https:\\\/\\\/chemgramx.com\\\/shop\\\/\"},{\"@type\":\"ListItem\",\"position\":3,\"name\":\"Camel Stamp Hash Kaufen\"}]},{\"@type\":\"WebSite\",\"@id\":\"https:\\\/\\\/chemgramx.com\\\/#website\",\"url\":\"https:\\\/\\\/chemgramx.com\\\/\",\"name\":\"Chemgramx\",\"description\":\"\",\"publisher\":{\"@id\":\"https:\\\/\\\/chemgramx.com\\\/#organization\"},\"potentialAction\":[{\"@type\":\"SearchAction\",\"target\":{\"@type\":\"EntryPoint\",\"urlTemplate\":\"https:\\\/\\\/chemgramx.com\\\/?s={search_term_string}\"},\"query-input\":{\"@type\":\"PropertyValueSpecification\",\"valueRequired\":true,\"valueName\":\"search_term_string\"}}],\"inLanguage\":\"it-IT\"},{\"@type\":\"Organization\",\"@id\":\"https:\\\/\\\/chemgramx.com\\\/#organization\",\"name\":\"Chemgramx\",\"url\":\"https:\\\/\\\/chemgramx.com\\\/\",\"logo\":{\"@type\":\"ImageObject\",\"inLanguage\":\"it-IT\",\"@id\":\"https:\\\/\\\/chemgramx.com\\\/#\\\/schema\\\/logo\\\/image\\\/\",\"url\":\"https:\\\/\\\/chemgramx.com\\\/wp-content\\\/uploads\\\/2024\\\/10\\\/final-logo.png\",\"contentUrl\":\"https:\\\/\\\/chemgramx.com\\\/wp-content\\\/uploads\\\/2024\\\/10\\\/final-logo.png\",\"width\":250,\"height\":48,\"caption\":\"Chemgramx\"},\"image\":{\"@id\":\"https:\\\/\\\/chemgramx.com\\\/#\\\/schema\\\/logo\\\/image\\\/\"}}]}<\/script>\n<!-- \/ Yoast SEO plugin. -->","yoast_head_json":{"title":"Acquista l'hashish di cammello di qualit\u00e0 tradizionale, il Chemgramx marocchino.","description":"Acquista Camel Stamp Hash - Autentico hashish marocchino con la tradizionale stampigliatura del cammello. Consistenza morbida, aromatica. Discreto e sicuro.","robots":{"index":"index","follow":"follow","max-snippet":"max-snippet:-1","max-image-preview":"max-image-preview:large","max-video-preview":"max-video-preview:-1"},"canonical":"https:\/\/chemgramx.com\/it\/prodotto-1\/acquistare-lhashish-del-francobollo-di-cammello\/","og_locale":"it_IT","og_type":"article","og_title":"Camel Stamp Hash Kaufen | Traditionelle Qualit\u00e4t | Marokkanisch Chemgramx","og_description":"Camel Stamp Hash kaufen - Authentisches marokkanisches Haschisch mit traditioneller Kamel-Stempelung. Weiche Konsistenz, aromatisch. Diskret &amp; sicher.","og_url":"https:\/\/chemgramx.com\/it\/prodotto-1\/acquistare-lhashish-del-francobollo-di-cammello\/","og_site_name":"Chemgramx","article_modified_time":"2025-11-21T11:15:08+00:00","og_image":[{"width":1000,"height":1000,"url":"https:\/\/chemgramx.com\/wp-content\/uploads\/2025\/11\/camel-stamp-hash-online.jpg","type":"image\/jpeg"}],"twitter_card":"summary_large_image","twitter_misc":{"Tempo di lettura stimato":"6 minuti"},"schema":{"@context":"https:\/\/schema.org","@graph":[{"@type":"WebPage","@id":"https:\/\/chemgramx.com\/product\/camel-stamp-hash-kaufen\/","url":"https:\/\/chemgramx.com\/product\/camel-stamp-hash-kaufen\/","name":"Acquista l'hashish di cammello di qualit\u00e0 tradizionale, il Chemgramx marocchino.","isPartOf":{"@id":"https:\/\/chemgramx.com\/#website"},"primaryImageOfPage":{"@id":"https:\/\/chemgramx.com\/product\/camel-stamp-hash-kaufen\/#primaryimage"},"image":{"@id":"https:\/\/chemgramx.com\/product\/camel-stamp-hash-kaufen\/#primaryimage"},"thumbnailUrl":"https:\/\/chemgramx.com\/wp-content\/uploads\/2025\/11\/camel-stamp-hash-online.jpg","datePublished":"2025-11-21T11:13:37+00:00","dateModified":"2025-11-21T11:15:08+00:00","description":"Acquista Camel Stamp Hash - Autentico hashish marocchino con la tradizionale stampigliatura del cammello. Consistenza morbida, aromatica. Discreto e sicuro.","breadcrumb":{"@id":"https:\/\/chemgramx.com\/product\/camel-stamp-hash-kaufen\/#breadcrumb"},"inLanguage":"it-IT","potentialAction":[{"@type":"ReadAction","target":["https:\/\/chemgramx.com\/product\/camel-stamp-hash-kaufen\/"]}]},{"@type":"ImageObject","inLanguage":"it-IT","@id":"https:\/\/chemgramx.com\/product\/camel-stamp-hash-kaufen\/#primaryimage","url":"https:\/\/chemgramx.com\/wp-content\/uploads\/2025\/11\/camel-stamp-hash-online.jpg","contentUrl":"https:\/\/chemgramx.com\/wp-content\/uploads\/2025\/11\/camel-stamp-hash-online.jpg","width":1000,"height":1000},{"@type":"BreadcrumbList","@id":"https:\/\/chemgramx.com\/product\/camel-stamp-hash-kaufen\/#breadcrumb","itemListElement":[{"@type":"ListItem","position":1,"name":"Home","item":"https:\/\/chemgramx.com\/"},{"@type":"ListItem","position":2,"name":"Shop","item":"https:\/\/chemgramx.com\/shop\/"},{"@type":"ListItem","position":3,"name":"Camel Stamp Hash Kaufen"}]},{"@type":"WebSite","@id":"https:\/\/chemgramx.com\/#website","url":"https:\/\/chemgramx.com\/","name":"Chemgramx","description":"","publisher":{"@id":"https:\/\/chemgramx.com\/#organization"},"potentialAction":[{"@type":"SearchAction","target":{"@type":"EntryPoint","urlTemplate":"https:\/\/chemgramx.com\/?s={search_term_string}"},"query-input":{"@type":"PropertyValueSpecification","valueRequired":true,"valueName":"search_term_string"}}],"inLanguage":"it-IT"},{"@type":"Organization","@id":"https:\/\/chemgramx.com\/#organization","name":"Chemgramx","url":"https:\/\/chemgramx.com\/","logo":{"@type":"ImageObject","inLanguage":"it-IT","@id":"https:\/\/chemgramx.com\/#\/schema\/logo\/image\/","url":"https:\/\/chemgramx.com\/wp-content\/uploads\/2024\/10\/final-logo.png","contentUrl":"https:\/\/chemgramx.com\/wp-content\/uploads\/2024\/10\/final-logo.png","width":250,"height":48,"caption":"Chemgramx"},"image":{"@id":"https:\/\/chemgramx.com\/#\/schema\/logo\/image\/"}}]}},"_links":{"self":[{"href":"https:\/\/chemgramx.com\/it\/wp-json\/wp\/v2\/product\/7225","targetHints":{"allow":["GET"]}}],"collection":[{"href":"https:\/\/chemgramx.com\/it\/wp-json\/wp\/v2\/product"}],"about":[{"href":"https:\/\/chemgramx.com\/it\/wp-json\/wp\/v2\/types\/product"}],"replies":[{"embeddable":true,"href":"https:\/\/chemgramx.com\/it\/wp-json\/wp\/v2\/comments?post=7225"}],"wp:featuredmedia":[{"embeddable":true,"href":"https:\/\/chemgramx.com\/it\/wp-json\/wp\/v2\/media\/7263"}],"wp:attachment":[{"href":"https:\/\/chemgramx.com\/it\/wp-json\/wp\/v2\/media?parent=7225"}],"wp:term":[{"taxonomy":"product_brand","embeddable":true,"href":"https:\/\/chemgramx.com\/it\/wp-json\/wp\/v2\/product_brand?post=7225"},{"taxonomy":"product_cat","embeddable":true,"href":"https:\/\/chemgramx.com\/it\/wp-json\/wp\/v2\/product_cat?post=7225"},{"taxonomy":"product_tag","embeddable":true,"href":"https:\/\/chemgramx.com\/it\/wp-json\/wp\/v2\/product_tag?post=7225"}],"curies":[{"name":"wp","href":"https:\/\/api.w.org\/{rel}","templated":true}]}}