{"id":7333,"date":"2025-11-21T11:15:13","date_gmt":"2025-11-21T11:15:13","guid":{"rendered":"https:\/\/chemgramx.com\/?post_type=product&#038;p=7333"},"modified":"2025-11-21T14:28:13","modified_gmt":"2025-11-21T14:28:13","slug":"olio-di-cbd-nero","status":"publish","type":"product","link":"https:\/\/chemgramx.com\/it\/product\/black-cbd-oil\/","title":{"rendered":"Olio di CBD nero"},"content":{"rendered":"<p><b>Olio di CBD nero 5000mg<\/b> rappresenta un <b>Forma altamente concentrata<\/b> di estratto di cannabidiolo (CBD). <b>Questi<\/b> La concentrazione \u00e8 sul mercato come <b>particolarmente potente<\/b> posizionato. <b>Il termine \u201eolio di CBD nero\u201c<\/b> di solito si riferisce al <b>Estratto grezzo non filtrato o solo minimamente purificato<\/b>. <b>Questo<\/b> conserva il colore scuro del materiale vegetale originale. <b>Di conseguenza<\/b> contiene un gran numero di sostanze vegetali secondarie oltre al CBD. <b>Inoltre<\/b> includono clorofille, cere e lipidi. <b>Tale prodotto<\/b> \u00e8 un importante oggetto di studio. <b>Esso<\/b> consente di esaminare il <b>Effetto Entourage<\/b> con concentrazioni di CBD estremamente elevate (5000 mg per flacone). <b>Pertanto<\/b> \u00e8 essenziale una considerazione dettagliata della chimica dell'estrazione, dello spettro farmacologico e della conformit\u00e0 legale.<\/p>\n<h2><b>La chimica dietro l'estratto \u201eBlack<\/b><\/h2>\n<p>La colorazione scura del <b>\u201eOlio di CBD nero\u201c<\/b> \u00e8 il risultato diretto del processo di estrazione e del grado di purezza selezionato.<\/p>\n<h4><b>Estratto grezzo e diversit\u00e0 fitochimica<\/b><\/h4>\n<ul>\n<li><b>Metodi di estrazione:<\/b> <b>Prima di tutto<\/b> Il materiale di canapa viene tipicamente lavorato utilizzando <b>Etanolo.<\/b> o <b>Estrazione di CO2<\/b> trattati. <b>Estrazione di CO2<\/b>, soprattutto ad alta pressione, dissolve l'intero spettro lipofilo della pianta.<\/li>\n<li><b>Il colore \u201enero\u201c:<\/b> <b>Il<\/b> Il colore scuro, quasi nero, \u00e8 dovuto principalmente alla <b>clorofille co-estratte<\/b> attribuibile. <b>Questi<\/b> conferiscono all'olio un sapore intenso, spesso amaro o erbaceo. <b>Al contrario<\/b> Inoltre, gli oli dorati o trasparenti vengono utilizzati in un'ulteriore fase - la <b>Svernamento<\/b> e <b>Filtrazione<\/b> - clorofilla e le cere sono state rimosse.<\/li>\n<li><b>Spettro completo vs. spettro ampio:<\/b> <b>\u201eOlio di CBD nero\u201c<\/b> \u00e8 di solito un <b>Estratto a spettro completo<\/b>. <b>Il<\/b> significa che contiene l'intero spettro di cannabinoidi (CBN, CBG, THCV oltre al CBD) e una ricca miscela di <b>Terpeni e flavonoidi<\/b>. <b>Oli ad ampio spettro<\/b> (ad ampio spettro) sono <b>anche estratti a spettro completo<\/b>. <b>Tuttavia<\/b> Questi sono stati completamente liberati dal THC rilevabile mediante un'ulteriore fase di purificazione (cromatografia), mentre i cannabinoidi secondari e i terpeni sono stati conservati.<\/li>\n<\/ul>\n<h2><b>Potenza e farmacologia: concentrazione di 5000 mg<\/b><\/h2>\n<p>La concentrazione di <b>5000 mg di CBD per flacone<\/b> (in genere 10 ml) rappresenta un <b>Potenza molto elevata<\/b> rappresentare. <b>Questi<\/b> La concentrazione ha un impatto significativo sul dosaggio e sull'effetto.<\/p>\n<h4><b>Relazione dose-risposta<\/b><\/h4>\n<ul>\n<li><b>Calcolo:<\/b> <b>In un flacone da 10 ml<\/b> con 5000 mg di CBD, ogni millilitro corrisponde a una concentrazione di 500 mg di CBD. <b>Accettato<\/b>, una goccia corrisponde a circa 0,05 ml. <b>Da ci\u00f2 consegue<\/b>, che <b>una goccia<\/b> di questo olio circa <b>25 mg di CBD<\/b> contiene.<\/li>\n<li><b>Effetto intensivo:<\/b> <b>Questi<\/b> alta concentrazione consente agli utenti di ottenere un <b>Dose giornaliera elevata<\/b> con poche gocce. <b>Nella ricerca<\/b> tale potenza viene utilizzata per determinare la <b>Soglia<\/b> per potenziali effetti terapeutici in condizioni pi\u00f9 complesse.<\/li>\n<li><b>Spettro d'azione:<\/b> <b>CBD<\/b> supporta attraverso il sistema endocannabinoide <b>(ECS)<\/b> il <b>benessere generale<\/b>. <b>Esso<\/b> agisce indirettamente su vari recettori dell'organismo. <b>Il<\/b> Gli effetti segnalati includono <b><a href=\"\/product\/boh-2c-b-hcl-kaufen\/\">Supporto per<\/a> per la riduzione dello stress<\/b>che <b>Promozione della pace interiore<\/b> e un ruolo potenziale nella <b>Sollievo dal disagio<\/b> (disturbi muscolari e articolari).<\/li>\n<\/ul>\n<h2><b>Sfide normative e standard di qualit\u00e0 in Germania<\/b><\/h2>\n<p>La commerciabilit\u00e0 degli oli di CBD, in particolare dei prodotti altamente concentrati a spettro completo, \u00e8 limitata nell'UE e in Germania. <b>Rigorosamente regolamentato e complesso<\/b>.<\/p>\n<h4><b>Conformit\u00e0 ai limiti di THC<\/b><\/h4>\n<ul>\n<li><b>Conformit\u00e0:<\/b> <b>Oli a spettro completo altamente concentrati<\/b> deve soddisfare il <b>limite legale di THC<\/b> rispettare scrupolosamente. <b>Questo<\/b> \u00e8 molto basso in Germania (attualmente spesso interpretato come 0,2 % nel prodotto finito o tecnicamente non rilevabile, a seconda della situazione giuridica e del contesto). <b>Il<\/b> Le autorit\u00e0 regolatorie si assicurano scrupolosamente che l'uso di questi prodotti <b>Nessun effetto psicoattivo<\/b> si verifica.<\/li>\n<li><b>Rilevamento da parte delle CoA:<\/b> <b>Il<\/b> pubblicizzato <b>\u201epurezza testata\u201c<\/b> deve passare attraverso <b>Analisi di laboratorio indipendenti<\/b> (certificati CoA). <b>Questi<\/b> documentare non solo il <b>contenuto esatto di CBD (5000 mg)<\/b>, ma anche il <b>Conformit\u00e0 del contenuto di THC<\/b> e il <b>Assenza di sostanze nocive<\/b> (pesticidi, metalli pesanti, solventi).<\/li>\n<\/ul>\n<h4><b>Normativa sui nuovi prodotti alimentari<\/b><\/h4>\n<p><b>Inoltre<\/b> sono soggetti agli oli di CBD, che <b>consumo orale<\/b> sono destinati, il <b>Regolamento sui nuovi alimenti dell'UE<\/b>. <b>Questo<\/b> significa che un prodotto pu\u00f2 essere distribuito legalmente solo se contiene una <b>Status di Novel Food autorizzato<\/b> propri. <b>Pertanto<\/b> L'etichettatura come integratore alimentare senza l'autorizzazione appropriata non \u00e8 conforme in molti casi. <b>Il<\/b> I produttori di oli altamente concentrati devono rispettare questo complesso quadro normativo.<\/p>\n<h2><b>Aspetti applicativi e di sicurezza<\/b><\/h2>\n<p>L'olio viene tipicamente applicato <b>sublinguale<\/b> (sotto la lingua). <b>Questo<\/b> consente un assorbimento relativamente rapido attraverso la mucosa orale.<\/p>\n<ul>\n<li><b>Precisione di dosaggio:<\/b> <b>A causa di<\/b> la concentrazione estremamente elevata \u00e8 <b>Dosaggio preciso<\/b> essenziale. <b>Il<\/b> raccomandato <b>aumento lento<\/b> della dose \u00e8 un'indicazione importante. <b>Tu<\/b> serve a evitare effetti collaterali indesiderati.<\/li>\n<li><b>Olio vettore:<\/b> <b>Il<\/b> Utilizzo di <b>Olio di semi di canapa o olio MCT<\/b> (trigliceridi a media catena) come olio vettore migliora la <b>Biodisponibilit\u00e0<\/b> del CBD liposolubile nell'organismo.<\/li>\n<\/ul>","protected":false},"excerpt":{"rendered":"<p data-start=\"2518\" data-end=\"2657\">Olio di CBD nero 5000mg - CBD altamente concentrato per il massimo relax, sollievo dallo stress e benessere. Testato in laboratorio e consegnato in modo discreto.<\/p>","protected":false},"featured_media":7358,"comment_status":"open","ping_status":"closed","template":"","meta":{"_joinchat":[]},"product_brand":[],"product_cat":[53,62],"product_tag":[],"class_list":{"0":"post-7333","1":"product","2":"type-product","3":"status-publish","4":"has-post-thumbnail","6":"product_cat-dissociatives","7":"product_cat-marijuana","9":"first","10":"instock","11":"shipping-taxable","12":"purchasable","13":"product-type-variable"},"yoast_head":"<!-- This site is optimized with the Yoast SEO plugin v27.5 - https:\/\/yoast.com\/product\/yoast-seo-wordpress\/ -->\n<title>Black CBD Oil 5000mg kaufen | Hochkonzentriert &amp; Laborgepr\u00fcft<\/title>\n<meta name=\"description\" content=\"Black CBD Oil 5000mg online kaufen. Starkes CBD, laborgepr\u00fcft, f\u00fcr Entspannung, Stressabbau und Wohlbefinden. Diskreter Versand in Deutschland &amp; EU.\" \/>\n<meta name=\"robots\" content=\"index, follow, max-snippet:-1, max-image-preview:large, max-video-preview:-1\" \/>\n<link rel=\"canonical\" href=\"https:\/\/chemgramx.com\/it\/prodotto-1\/olio-di-cbd-nero\/\" \/>\n<meta property=\"og:locale\" content=\"it_IT\" \/>\n<meta property=\"og:type\" content=\"article\" \/>\n<meta property=\"og:title\" content=\"Black CBD Oil 5000mg kaufen | Hochkonzentriert &amp; Laborgepr\u00fcft\" \/>\n<meta property=\"og:description\" content=\"Black CBD Oil 5000mg online kaufen. Starkes CBD, laborgepr\u00fcft, f\u00fcr Entspannung, Stressabbau und Wohlbefinden. Diskreter Versand in Deutschland &amp; EU.\" \/>\n<meta property=\"og:url\" content=\"https:\/\/chemgramx.com\/it\/prodotto-1\/olio-di-cbd-nero\/\" \/>\n<meta property=\"og:site_name\" content=\"Chemgramx\" \/>\n<meta property=\"article:modified_time\" content=\"2025-11-21T14:28:13+00:00\" \/>\n<meta property=\"og:image\" content=\"https:\/\/chemgramx.com\/wp-content\/uploads\/2025\/11\/black-cbd-oil-5000mg.webp\" \/>\n\t<meta property=\"og:image:width\" content=\"2560\" \/>\n\t<meta property=\"og:image:height\" content=\"2560\" \/>\n\t<meta property=\"og:image:type\" content=\"image\/webp\" \/>\n<meta name=\"twitter:card\" content=\"summary_large_image\" \/>\n<meta name=\"twitter:label1\" content=\"Tempo di lettura stimato\" \/>\n\t<meta name=\"twitter:data1\" content=\"4 minuti\" \/>\n<script type=\"application\/ld+json\" class=\"yoast-schema-graph\">{\"@context\":\"https:\\\/\\\/schema.org\",\"@graph\":[{\"@type\":\"WebPage\",\"@id\":\"https:\\\/\\\/chemgramx.com\\\/product\\\/black-cbd-oil\\\/\",\"url\":\"https:\\\/\\\/chemgramx.com\\\/product\\\/black-cbd-oil\\\/\",\"name\":\"Black CBD Oil 5000mg kaufen | Hochkonzentriert &amp; Laborgepr\u00fcft\",\"isPartOf\":{\"@id\":\"https:\\\/\\\/chemgramx.com\\\/#website\"},\"primaryImageOfPage\":{\"@id\":\"https:\\\/\\\/chemgramx.com\\\/product\\\/black-cbd-oil\\\/#primaryimage\"},\"image\":{\"@id\":\"https:\\\/\\\/chemgramx.com\\\/product\\\/black-cbd-oil\\\/#primaryimage\"},\"thumbnailUrl\":\"https:\\\/\\\/chemgramx.com\\\/wp-content\\\/uploads\\\/2025\\\/11\\\/black-cbd-oil-5000mg.webp\",\"datePublished\":\"2025-11-21T11:15:13+00:00\",\"dateModified\":\"2025-11-21T14:28:13+00:00\",\"description\":\"Black CBD Oil 5000mg online kaufen. Starkes CBD, laborgepr\u00fcft, f\u00fcr Entspannung, Stressabbau und Wohlbefinden. Diskreter Versand in Deutschland &amp; EU.\",\"breadcrumb\":{\"@id\":\"https:\\\/\\\/chemgramx.com\\\/product\\\/black-cbd-oil\\\/#breadcrumb\"},\"inLanguage\":\"it-IT\",\"potentialAction\":[{\"@type\":\"ReadAction\",\"target\":[\"https:\\\/\\\/chemgramx.com\\\/product\\\/black-cbd-oil\\\/\"]}]},{\"@type\":\"ImageObject\",\"inLanguage\":\"it-IT\",\"@id\":\"https:\\\/\\\/chemgramx.com\\\/product\\\/black-cbd-oil\\\/#primaryimage\",\"url\":\"https:\\\/\\\/chemgramx.com\\\/wp-content\\\/uploads\\\/2025\\\/11\\\/black-cbd-oil-5000mg.webp\",\"contentUrl\":\"https:\\\/\\\/chemgramx.com\\\/wp-content\\\/uploads\\\/2025\\\/11\\\/black-cbd-oil-5000mg.webp\",\"width\":2560,\"height\":2560},{\"@type\":\"BreadcrumbList\",\"@id\":\"https:\\\/\\\/chemgramx.com\\\/product\\\/black-cbd-oil\\\/#breadcrumb\",\"itemListElement\":[{\"@type\":\"ListItem\",\"position\":1,\"name\":\"Home\",\"item\":\"https:\\\/\\\/chemgramx.com\\\/\"},{\"@type\":\"ListItem\",\"position\":2,\"name\":\"Shop\",\"item\":\"https:\\\/\\\/chemgramx.com\\\/shop\\\/\"},{\"@type\":\"ListItem\",\"position\":3,\"name\":\"Black CBD Oil\"}]},{\"@type\":\"WebSite\",\"@id\":\"https:\\\/\\\/chemgramx.com\\\/#website\",\"url\":\"https:\\\/\\\/chemgramx.com\\\/\",\"name\":\"Chemgramx\",\"description\":\"\",\"publisher\":{\"@id\":\"https:\\\/\\\/chemgramx.com\\\/#organization\"},\"potentialAction\":[{\"@type\":\"SearchAction\",\"target\":{\"@type\":\"EntryPoint\",\"urlTemplate\":\"https:\\\/\\\/chemgramx.com\\\/?s={search_term_string}\"},\"query-input\":{\"@type\":\"PropertyValueSpecification\",\"valueRequired\":true,\"valueName\":\"search_term_string\"}}],\"inLanguage\":\"it-IT\"},{\"@type\":\"Organization\",\"@id\":\"https:\\\/\\\/chemgramx.com\\\/#organization\",\"name\":\"Chemgramx\",\"url\":\"https:\\\/\\\/chemgramx.com\\\/\",\"logo\":{\"@type\":\"ImageObject\",\"inLanguage\":\"it-IT\",\"@id\":\"https:\\\/\\\/chemgramx.com\\\/#\\\/schema\\\/logo\\\/image\\\/\",\"url\":\"https:\\\/\\\/chemgramx.com\\\/wp-content\\\/uploads\\\/2024\\\/10\\\/final-logo.png\",\"contentUrl\":\"https:\\\/\\\/chemgramx.com\\\/wp-content\\\/uploads\\\/2024\\\/10\\\/final-logo.png\",\"width\":250,\"height\":48,\"caption\":\"Chemgramx\"},\"image\":{\"@id\":\"https:\\\/\\\/chemgramx.com\\\/#\\\/schema\\\/logo\\\/image\\\/\"}}]}<\/script>\n<!-- \/ Yoast SEO plugin. -->","yoast_head_json":{"title":"Acquista l'olio di CBD nero 5000mg | Altamente concentrato e testato in laboratorio","description":"Acquistare l'olio di CBD nero 5000mg online. CBD forte, testato in laboratorio, per il rilassamento, la riduzione dello stress e il benessere. Spedizione discreta in Germania e nell'UE.","robots":{"index":"index","follow":"follow","max-snippet":"max-snippet:-1","max-image-preview":"max-image-preview:large","max-video-preview":"max-video-preview:-1"},"canonical":"https:\/\/chemgramx.com\/it\/prodotto-1\/olio-di-cbd-nero\/","og_locale":"it_IT","og_type":"article","og_title":"Black CBD Oil 5000mg kaufen | Hochkonzentriert &amp; Laborgepr\u00fcft","og_description":"Black CBD Oil 5000mg online kaufen. Starkes CBD, laborgepr\u00fcft, f\u00fcr Entspannung, Stressabbau und Wohlbefinden. Diskreter Versand in Deutschland &amp; EU.","og_url":"https:\/\/chemgramx.com\/it\/prodotto-1\/olio-di-cbd-nero\/","og_site_name":"Chemgramx","article_modified_time":"2025-11-21T14:28:13+00:00","og_image":[{"width":2560,"height":2560,"url":"https:\/\/chemgramx.com\/wp-content\/uploads\/2025\/11\/black-cbd-oil-5000mg.webp","type":"image\/webp"}],"twitter_card":"summary_large_image","twitter_misc":{"Tempo di lettura stimato":"4 minuti"},"schema":{"@context":"https:\/\/schema.org","@graph":[{"@type":"WebPage","@id":"https:\/\/chemgramx.com\/product\/black-cbd-oil\/","url":"https:\/\/chemgramx.com\/product\/black-cbd-oil\/","name":"Acquista l'olio di CBD nero 5000mg | Altamente concentrato e testato in laboratorio","isPartOf":{"@id":"https:\/\/chemgramx.com\/#website"},"primaryImageOfPage":{"@id":"https:\/\/chemgramx.com\/product\/black-cbd-oil\/#primaryimage"},"image":{"@id":"https:\/\/chemgramx.com\/product\/black-cbd-oil\/#primaryimage"},"thumbnailUrl":"https:\/\/chemgramx.com\/wp-content\/uploads\/2025\/11\/black-cbd-oil-5000mg.webp","datePublished":"2025-11-21T11:15:13+00:00","dateModified":"2025-11-21T14:28:13+00:00","description":"Acquistare l'olio di CBD nero 5000mg online. CBD forte, testato in laboratorio, per il rilassamento, la riduzione dello stress e il benessere. Spedizione discreta in Germania e nell'UE.","breadcrumb":{"@id":"https:\/\/chemgramx.com\/product\/black-cbd-oil\/#breadcrumb"},"inLanguage":"it-IT","potentialAction":[{"@type":"ReadAction","target":["https:\/\/chemgramx.com\/product\/black-cbd-oil\/"]}]},{"@type":"ImageObject","inLanguage":"it-IT","@id":"https:\/\/chemgramx.com\/product\/black-cbd-oil\/#primaryimage","url":"https:\/\/chemgramx.com\/wp-content\/uploads\/2025\/11\/black-cbd-oil-5000mg.webp","contentUrl":"https:\/\/chemgramx.com\/wp-content\/uploads\/2025\/11\/black-cbd-oil-5000mg.webp","width":2560,"height":2560},{"@type":"BreadcrumbList","@id":"https:\/\/chemgramx.com\/product\/black-cbd-oil\/#breadcrumb","itemListElement":[{"@type":"ListItem","position":1,"name":"Home","item":"https:\/\/chemgramx.com\/"},{"@type":"ListItem","position":2,"name":"Shop","item":"https:\/\/chemgramx.com\/shop\/"},{"@type":"ListItem","position":3,"name":"Black CBD Oil"}]},{"@type":"WebSite","@id":"https:\/\/chemgramx.com\/#website","url":"https:\/\/chemgramx.com\/","name":"Chemgramx","description":"","publisher":{"@id":"https:\/\/chemgramx.com\/#organization"},"potentialAction":[{"@type":"SearchAction","target":{"@type":"EntryPoint","urlTemplate":"https:\/\/chemgramx.com\/?s={search_term_string}"},"query-input":{"@type":"PropertyValueSpecification","valueRequired":true,"valueName":"search_term_string"}}],"inLanguage":"it-IT"},{"@type":"Organization","@id":"https:\/\/chemgramx.com\/#organization","name":"Chemgramx","url":"https:\/\/chemgramx.com\/","logo":{"@type":"ImageObject","inLanguage":"it-IT","@id":"https:\/\/chemgramx.com\/#\/schema\/logo\/image\/","url":"https:\/\/chemgramx.com\/wp-content\/uploads\/2024\/10\/final-logo.png","contentUrl":"https:\/\/chemgramx.com\/wp-content\/uploads\/2024\/10\/final-logo.png","width":250,"height":48,"caption":"Chemgramx"},"image":{"@id":"https:\/\/chemgramx.com\/#\/schema\/logo\/image\/"}}]}},"_links":{"self":[{"href":"https:\/\/chemgramx.com\/it\/wp-json\/wp\/v2\/product\/7333","targetHints":{"allow":["GET"]}}],"collection":[{"href":"https:\/\/chemgramx.com\/it\/wp-json\/wp\/v2\/product"}],"about":[{"href":"https:\/\/chemgramx.com\/it\/wp-json\/wp\/v2\/types\/product"}],"replies":[{"embeddable":true,"href":"https:\/\/chemgramx.com\/it\/wp-json\/wp\/v2\/comments?post=7333"}],"wp:featuredmedia":[{"embeddable":true,"href":"https:\/\/chemgramx.com\/it\/wp-json\/wp\/v2\/media\/7358"}],"wp:attachment":[{"href":"https:\/\/chemgramx.com\/it\/wp-json\/wp\/v2\/media?parent=7333"}],"wp:term":[{"taxonomy":"product_brand","embeddable":true,"href":"https:\/\/chemgramx.com\/it\/wp-json\/wp\/v2\/product_brand?post=7333"},{"taxonomy":"product_cat","embeddable":true,"href":"https:\/\/chemgramx.com\/it\/wp-json\/wp\/v2\/product_cat?post=7333"},{"taxonomy":"product_tag","embeddable":true,"href":"https:\/\/chemgramx.com\/it\/wp-json\/wp\/v2\/product_tag?post=7333"}],"curies":[{"name":"wp","href":"https:\/\/api.w.org\/{rel}","templated":true}]}}