{"id":7334,"date":"2025-11-21T11:15:13","date_gmt":"2025-11-21T11:15:13","guid":{"rendered":"https:\/\/chemgramx.com\/?post_type=product&#038;p=7334"},"modified":"2025-11-21T11:17:03","modified_gmt":"2025-11-21T11:17:03","slug":"afghani-kush-17-25-thc","status":"publish","type":"product","link":"https:\/\/chemgramx.com\/it\/prodotto-2\/afghani-kush-17-25-thc\/","title":{"rendered":"Afghani kush 17 - 25% THC"},"content":{"rendered":"<p><b>Afghani Kush<\/b> \u00e8 molto pi\u00f9 di una semplice variet\u00e0 di cannabis; <b>loro<\/b> \u00e8 un <b>Testimonianza vivente della storia della cannabis<\/b>. <b>Tu<\/b> \u00e8 uno dei <b>Le pi\u00f9 antiche e conosciute variet\u00e0 pure di Indica<\/b> in tutto il mondo. <b>Il tuo<\/b> Le sue origini si trovano nelle inospitali regioni montuose d'alta quota dell'Afghanistan, pi\u00f9 precisamente nella zona di <b>Monti Hindu Kush<\/b>. <b>Questi<\/b> La variet\u00e0 iconica \u00e8 famosa per la sua <b>fiori resinosi e densi<\/b>, il loro sapore profondo e terroso e il loro <b>Impareggiabile, forte effetto sedativo<\/b>. <b>Di conseguenza<\/b> L'Afghani Kush funge da base genetica per innumerevoli variet\u00e0 ibride moderne a predominanza indica ed \u00e8 quindi un importante oggetto di ricerca. <b>Infatti<\/b> offre un potente contenuto di THC tra <b>17 % e 25 %<\/b> un profondo rilassamento fisico che cattura l'essenza della cultura tradizionale Indica.<\/p>\n<h2><b>La genetica della resilienza: l'evoluzione nell'Hindu Kush<\/b><\/h2>\n<p>L'Afghani Kush \u00e8 una pianta quasi <b>100 % pura Indica landrace<\/b>. <b>Tu<\/b> \u00e8 stato coltivato nella sua forma incontaminata nella sua regione omonima per secoli. <b>Il tuo<\/b> La genetica \u00e8 il risultato diretto della <b>condizioni ambientali estreme<\/b> in alta montagna.<\/p>\n<h4><b>Adattamento al clima di alta montagna<\/b><\/h4>\n<ul>\n<li><b>Robustezza robusta:<\/b> Il clima rigido della regione di alta montagna, caratterizzato da <b>Estati brevi e notti fredde<\/b>, ha costretto le piante a sviluppare una robustezza unica. <b>Pertanto<\/b> le piante sono per natura <b>corto, cespuglioso<\/b> e resistente a parassiti e muffe.<\/li>\n<li><b>Elevata produzione di resina (tricomi):<\/b> Come meccanismo di difesa biologica contro le radiazioni UV estreme e la siccit\u00e0 degli altipiani, l'Afghani Kush ha sviluppato un <b>eccezionalmente denso e appiccicoso <a href=\"\/it\/prodotto-2\/acquistare-il-fungo-definitivo\/\">Strato di resina<\/a><\/b>. <b>Questi<\/b> I tricomi sono i siti di produzione dei cannabinoidi e dei terpeni. <b>Pertanto<\/b> questa genetica forma storicamente il <b>Base<\/b> per la produzione di hashish tradizionale (come <b>Caras<\/b>) nella regione.<\/li>\n<li><b>Le basi della genetica moderna:<\/b> La purezza genetica e la stabilit\u00e0 dell'Afghani Kush sono inestimabili. <b>Tu<\/b> forma il <b>basi evolutive e di allevamento<\/b> per innumerevoli variet\u00e0 ibride moderne a predominanza Indica in tutto il mondo. <b>Chi<\/b> Se volete capire le radici della cultura Indica, dovete studiare questa variet\u00e0 di terra.<\/li>\n<\/ul>\n<h2><b>Sapore, terpeni e l'autentico profumo di Kush<\/b><\/h2>\n<p>Il sapore dell'Afghani Kush \u00e8 una delle sue <b>caratteristiche di definizione<\/b> - autentico, genuino e profondo. <b>Esso<\/b> \u00e8 una fragranza che parla della terra ruvida e delle foreste resinose della sua terra d'origine. <b>Questo<\/b> Il sapore intenso e caldo \u00e8 determinato principalmente da tre terpeni dominanti, che contribuiscono in modo significativo all'effetto:<\/p>\n<ul>\n<li><b>Mircene (terroso, sedativo):<\/b> <b>Come<\/b> Il mircene, il terpene pi\u00f9 abbondante nella cannabis, svolge un ruolo centrale. <b>Esso<\/b> \u00e8 per il <b>classica nota di fondo terrosa e leggermente dolce<\/b> ed \u00e8 farmacologicamente fortemente associato alla <b>effetto calmante e sedativo<\/b> associato ad esso.<\/li>\n<li><b>Beta-cariofillene (piccante, antinfiammatorio):<\/b> <b>Questo<\/b> Il terpene conferisce alla variet\u00e0 il suo <b>sfumature speziate e legnose<\/b>. <b>Esso<\/b> \u00e8 l'unico terpene che si lega direttamente ai recettori dei cannabinoidi (CB2), ed \u00e8 per questo che \u00e8 cos\u00ec importante per i suoi <b>Potenziali propriet\u00e0 antinfiammatorie<\/b> viene analizzato.<\/li>\n<li><b>Limonene \/ Pinene (resinoso, fresco):<\/b> <b>Spartito<\/b> di pino e di erbe fresche completano il profilo. <b>Questi<\/b> punto al <b>Alta concentrazione di resina<\/b> dei fiori.<\/li>\n<\/ul>\n<p><b>Consumo<\/b> si sviluppa un sapore profondo e naturale che ricorda quello della <b>terra fresca e resina di hashish dolce<\/b> ricorda. <b>Di conseguenza<\/b> questo autentico profilo terpenico assicura un'esperienza sensoriale di lunga durata.<\/p>\n<h2><b>Effetto, potenza del THC e \u201esballo\u201c del corpo\u201c<\/b><\/h2>\n<p>Con un contenuto di THC compreso tra <b>17 % e 25 %<\/b> bugie, l'Afghani Kush \u00e8 un <b>variet\u00e0 potente<\/b>. <b>Il tuo<\/b> Set di effetti <b>Forte, veloce e di lunga durata<\/b> in. <b>Tu<\/b> \u00e8 l'epitome di un'indica ed \u00e8 sinonimo di completo rilassamento fisico, il cosiddetto <b>\u201eCorpo-alto\u201c<\/b>.<\/p>\n<ul>\n<li><b>Rilassamento profondo:<\/b> <b>Gi\u00e0<\/b> Dopo poco tempo un <b>Effetto sedativo profondo<\/b> che molti utenti descrivono come un'intensa calma fisica.<\/li>\n<li><b>Riduzione dello stress e della tensione:<\/b> <b>Il<\/b> La variet\u00e0 \u00e8 ideale per <b>Stress, tensione interiore e nervosismo<\/b> in modo evidente e incoraggiano lo spegnimento.<\/li>\n<li><b>Promozione del sonno:<\/b> <b>A causa di<\/b> Le sue forti propriet\u00e0 sedative sono spesso utilizzate esplicitamente per le sue propriet\u00e0 di <b>effetto stimolante per il sonno<\/b> apprezzati, il che li rende <b>variet\u00e0 ideale per la sera<\/b> fa.<\/li>\n<li><b>Stimolazione dell'appetito:<\/b> <b>Inoltre<\/b> pu\u00f2 contribuire all'aumento dell'appetito (effetto munnizza).<\/li>\n<\/ul>\n<p><b>L'alta potenza<\/b> non deve essere sottovalutato. <b>Tu<\/b> garantisce un <b>Consistenza e profondit\u00e0 dell'effetto<\/b>, che le variet\u00e0 ibride moderne, spesso annacquate, raramente raggiungono.<\/p>\n<h2><b>Standard di qualit\u00e0 e conformit\u00e0 legale<\/b><\/h2>\n<p><b>Per la ricerca<\/b> e per rispettare le norme di legge, sono indispensabili rigorosi standard di qualit\u00e0. <b>Pertanto<\/b> deve essere il <b>Purezza genetica<\/b> e il <b>Conformit\u00e0 al contenuto di THC<\/b> pu\u00f2 essere dimostrata.<\/p>\n<ul>\n<li><b>Trasparenza analitica:<\/b> <b>Reale<\/b> Sono richiesti i certificati di analisi (CoA). <b>Questi<\/b> garantire il contenuto di THC dichiarato e il <b>Assenza di sostanze nocive<\/b> (pesticidi, metalli pesanti).<\/li>\n<li><b>Situazione giuridica in Germania:<\/b> Va sottolineato in modo inequivocabile che <b>Afghani Kush<\/b> a causa del loro contenuto di THC in Germania, ai sensi del <b>Legge sugli stupefacenti (BtMG)<\/b> o il <b>Legge sulla cannabis per i consumatori (KCanG)<\/b> cade. <b>Da ci\u00f2 consegue<\/b>, che il <b>Acquisizione, possesso o commercio illegali<\/b> a meno che non vi sia una prescrizione medica o un'autorizzazione ufficiale. <b>Pertanto<\/b> queste informazioni dettagliate <b>scopi puramente scientifici, botanici e informativi<\/b>. <b>Tu<\/b> applicare <b>n\u00e9 il consumo n\u00e9 l'acquisizione illegale<\/b>.<\/li>\n<\/ul>","protected":false},"excerpt":{"rendered":"<p data-start=\"3534\" data-end=\"3671\">Afghani Kush - Indica pura con 17-25 % THC. Sapore terroso, rilassamento profondo e qualit\u00e0 tradizionale delle montagne Hindu Kush.<\/p>","protected":false},"featured_media":7359,"comment_status":"open","ping_status":"closed","template":"","meta":{"_joinchat":[]},"product_brand":[],"product_cat":[62],"product_tag":[],"class_list":{"0":"post-7334","1":"product","2":"type-product","3":"status-publish","4":"has-post-thumbnail","6":"product_cat-marijuana","8":"first","9":"instock","10":"shipping-taxable","11":"purchasable","12":"product-type-variable"},"yoast_head":"<!-- This site is optimized with the Yoast SEO plugin v26.3 - https:\/\/yoast.com\/wordpress\/plugins\/seo\/ -->\n<title>Afghani Kush kaufen | 17\u201325% THC reine Indica<\/title>\n<meta name=\"description\" content=\"Afghani Kush kaufen \u2013 17\u201325% THC, erdig-w\u00fcrziges Aroma und tiefe Entspannung. Reine Indica mit traditioneller Qualit\u00e4t, diskret geliefert.\" \/>\n<meta name=\"robots\" content=\"noindex, follow, max-snippet:-1, max-image-preview:large, max-video-preview:-1\" \/>\n<meta property=\"og:locale\" content=\"it_IT\" \/>\n<meta property=\"og:type\" content=\"article\" \/>\n<meta property=\"og:title\" content=\"Afghani Kush kaufen | 17\u201325% THC reine Indica\" \/>\n<meta property=\"og:description\" content=\"Afghani Kush kaufen \u2013 17\u201325% THC, erdig-w\u00fcrziges Aroma und tiefe Entspannung. Reine Indica mit traditioneller Qualit\u00e4t, diskret geliefert.\" \/>\n<meta property=\"og:url\" content=\"https:\/\/chemgramx.com\/it\/prodotto-2\/afghani-kush-17-25-thc\/\" \/>\n<meta property=\"og:site_name\" content=\"Chemgramx\" \/>\n<meta property=\"article:modified_time\" content=\"2025-11-21T11:17:03+00:00\" \/>\n<meta property=\"og:image\" content=\"https:\/\/chemgramx.com\/wp-content\/uploads\/2025\/11\/afghani-kush-17-25-thc.jpg\" \/>\n\t<meta property=\"og:image:width\" content=\"800\" \/>\n\t<meta property=\"og:image:height\" content=\"800\" \/>\n\t<meta property=\"og:image:type\" content=\"image\/jpeg\" \/>\n<meta name=\"twitter:card\" content=\"summary_large_image\" \/>\n<meta name=\"twitter:label1\" content=\"Tempo di lettura stimato\" \/>\n\t<meta name=\"twitter:data1\" content=\"4 minuti\" \/>\n<script type=\"application\/ld+json\" class=\"yoast-schema-graph\">{\"@context\":\"https:\/\/schema.org\",\"@graph\":[{\"@type\":\"WebPage\",\"@id\":\"https:\/\/chemgramx.com\/product\/afghani-kush-17-25-thc\/\",\"url\":\"https:\/\/chemgramx.com\/product\/afghani-kush-17-25-thc\/\",\"name\":\"Afghani Kush kaufen | 17\u201325% THC reine Indica\",\"isPartOf\":{\"@id\":\"https:\/\/chemgramx.com\/#website\"},\"primaryImageOfPage\":{\"@id\":\"https:\/\/chemgramx.com\/product\/afghani-kush-17-25-thc\/#primaryimage\"},\"image\":{\"@id\":\"https:\/\/chemgramx.com\/product\/afghani-kush-17-25-thc\/#primaryimage\"},\"thumbnailUrl\":\"https:\/\/chemgramx.com\/wp-content\/uploads\/2025\/11\/afghani-kush-17-25-thc.jpg\",\"datePublished\":\"2025-11-21T11:15:13+00:00\",\"dateModified\":\"2025-11-21T11:17:03+00:00\",\"description\":\"Afghani Kush kaufen \u2013 17\u201325% THC, erdig-w\u00fcrziges Aroma und tiefe Entspannung. Reine Indica mit traditioneller Qualit\u00e4t, diskret geliefert.\",\"breadcrumb\":{\"@id\":\"https:\/\/chemgramx.com\/product\/afghani-kush-17-25-thc\/#breadcrumb\"},\"inLanguage\":\"it-IT\",\"potentialAction\":[{\"@type\":\"ReadAction\",\"target\":[\"https:\/\/chemgramx.com\/product\/afghani-kush-17-25-thc\/\"]}]},{\"@type\":\"ImageObject\",\"inLanguage\":\"it-IT\",\"@id\":\"https:\/\/chemgramx.com\/product\/afghani-kush-17-25-thc\/#primaryimage\",\"url\":\"https:\/\/chemgramx.com\/wp-content\/uploads\/2025\/11\/afghani-kush-17-25-thc.jpg\",\"contentUrl\":\"https:\/\/chemgramx.com\/wp-content\/uploads\/2025\/11\/afghani-kush-17-25-thc.jpg\",\"width\":800,\"height\":800},{\"@type\":\"BreadcrumbList\",\"@id\":\"https:\/\/chemgramx.com\/product\/afghani-kush-17-25-thc\/#breadcrumb\",\"itemListElement\":[{\"@type\":\"ListItem\",\"position\":1,\"name\":\"Home\",\"item\":\"https:\/\/chemgramx.com\/\"},{\"@type\":\"ListItem\",\"position\":2,\"name\":\"Shop\",\"item\":\"https:\/\/chemgramx.com\/shop\/\"},{\"@type\":\"ListItem\",\"position\":3,\"name\":\"Afghani kush 17 \u2013 25% THC\"}]},{\"@type\":\"WebSite\",\"@id\":\"https:\/\/chemgramx.com\/#website\",\"url\":\"https:\/\/chemgramx.com\/\",\"name\":\"Chemgramx\",\"description\":\"\",\"publisher\":{\"@id\":\"https:\/\/chemgramx.com\/#organization\"},\"potentialAction\":[{\"@type\":\"SearchAction\",\"target\":{\"@type\":\"EntryPoint\",\"urlTemplate\":\"https:\/\/chemgramx.com\/?s={search_term_string}\"},\"query-input\":{\"@type\":\"PropertyValueSpecification\",\"valueRequired\":true,\"valueName\":\"search_term_string\"}}],\"inLanguage\":\"it-IT\"},{\"@type\":\"Organization\",\"@id\":\"https:\/\/chemgramx.com\/#organization\",\"name\":\"Chemgramx\",\"url\":\"https:\/\/chemgramx.com\/\",\"logo\":{\"@type\":\"ImageObject\",\"inLanguage\":\"it-IT\",\"@id\":\"https:\/\/chemgramx.com\/#\/schema\/logo\/image\/\",\"url\":\"https:\/\/chemgramx.com\/wp-content\/uploads\/2024\/10\/final-logo.png\",\"contentUrl\":\"https:\/\/chemgramx.com\/wp-content\/uploads\/2024\/10\/final-logo.png\",\"width\":250,\"height\":48,\"caption\":\"Chemgramx\"},\"image\":{\"@id\":\"https:\/\/chemgramx.com\/#\/schema\/logo\/image\/\"}}]}<\/script>\n<!-- \/ Yoast SEO plugin. -->","yoast_head_json":{"title":"Comprare Afghani Kush | 17-25% THC pura Indica","description":"Acquista Afghani Kush - 17-25% THC, sapore terroso e speziato e profondo relax. Indica pura con qualit\u00e0 tradizionale, consegnata con discrezione.","robots":{"index":"noindex","follow":"follow","max-snippet":"max-snippet:-1","max-image-preview":"max-image-preview:large","max-video-preview":"max-video-preview:-1"},"og_locale":"it_IT","og_type":"article","og_title":"Afghani Kush kaufen | 17\u201325% THC reine Indica","og_description":"Afghani Kush kaufen \u2013 17\u201325% THC, erdig-w\u00fcrziges Aroma und tiefe Entspannung. Reine Indica mit traditioneller Qualit\u00e4t, diskret geliefert.","og_url":"https:\/\/chemgramx.com\/it\/prodotto-2\/afghani-kush-17-25-thc\/","og_site_name":"Chemgramx","article_modified_time":"2025-11-21T11:17:03+00:00","og_image":[{"width":800,"height":800,"url":"https:\/\/chemgramx.com\/wp-content\/uploads\/2025\/11\/afghani-kush-17-25-thc.jpg","type":"image\/jpeg"}],"twitter_card":"summary_large_image","twitter_misc":{"Tempo di lettura stimato":"4 minuti"},"schema":{"@context":"https:\/\/schema.org","@graph":[{"@type":"WebPage","@id":"https:\/\/chemgramx.com\/product\/afghani-kush-17-25-thc\/","url":"https:\/\/chemgramx.com\/product\/afghani-kush-17-25-thc\/","name":"Comprare Afghani Kush | 17-25% THC pura Indica","isPartOf":{"@id":"https:\/\/chemgramx.com\/#website"},"primaryImageOfPage":{"@id":"https:\/\/chemgramx.com\/product\/afghani-kush-17-25-thc\/#primaryimage"},"image":{"@id":"https:\/\/chemgramx.com\/product\/afghani-kush-17-25-thc\/#primaryimage"},"thumbnailUrl":"https:\/\/chemgramx.com\/wp-content\/uploads\/2025\/11\/afghani-kush-17-25-thc.jpg","datePublished":"2025-11-21T11:15:13+00:00","dateModified":"2025-11-21T11:17:03+00:00","description":"Acquista Afghani Kush - 17-25% THC, sapore terroso e speziato e profondo relax. Indica pura con qualit\u00e0 tradizionale, consegnata con discrezione.","breadcrumb":{"@id":"https:\/\/chemgramx.com\/product\/afghani-kush-17-25-thc\/#breadcrumb"},"inLanguage":"it-IT","potentialAction":[{"@type":"ReadAction","target":["https:\/\/chemgramx.com\/product\/afghani-kush-17-25-thc\/"]}]},{"@type":"ImageObject","inLanguage":"it-IT","@id":"https:\/\/chemgramx.com\/product\/afghani-kush-17-25-thc\/#primaryimage","url":"https:\/\/chemgramx.com\/wp-content\/uploads\/2025\/11\/afghani-kush-17-25-thc.jpg","contentUrl":"https:\/\/chemgramx.com\/wp-content\/uploads\/2025\/11\/afghani-kush-17-25-thc.jpg","width":800,"height":800},{"@type":"BreadcrumbList","@id":"https:\/\/chemgramx.com\/product\/afghani-kush-17-25-thc\/#breadcrumb","itemListElement":[{"@type":"ListItem","position":1,"name":"Home","item":"https:\/\/chemgramx.com\/"},{"@type":"ListItem","position":2,"name":"Shop","item":"https:\/\/chemgramx.com\/shop\/"},{"@type":"ListItem","position":3,"name":"Afghani kush 17 \u2013 25% THC"}]},{"@type":"WebSite","@id":"https:\/\/chemgramx.com\/#website","url":"https:\/\/chemgramx.com\/","name":"Chemgramx","description":"","publisher":{"@id":"https:\/\/chemgramx.com\/#organization"},"potentialAction":[{"@type":"SearchAction","target":{"@type":"EntryPoint","urlTemplate":"https:\/\/chemgramx.com\/?s={search_term_string}"},"query-input":{"@type":"PropertyValueSpecification","valueRequired":true,"valueName":"search_term_string"}}],"inLanguage":"it-IT"},{"@type":"Organization","@id":"https:\/\/chemgramx.com\/#organization","name":"Chemgramx","url":"https:\/\/chemgramx.com\/","logo":{"@type":"ImageObject","inLanguage":"it-IT","@id":"https:\/\/chemgramx.com\/#\/schema\/logo\/image\/","url":"https:\/\/chemgramx.com\/wp-content\/uploads\/2024\/10\/final-logo.png","contentUrl":"https:\/\/chemgramx.com\/wp-content\/uploads\/2024\/10\/final-logo.png","width":250,"height":48,"caption":"Chemgramx"},"image":{"@id":"https:\/\/chemgramx.com\/#\/schema\/logo\/image\/"}}]}},"_links":{"self":[{"href":"https:\/\/chemgramx.com\/it\/wp-json\/wp\/v2\/product\/7334","targetHints":{"allow":["GET"]}}],"collection":[{"href":"https:\/\/chemgramx.com\/it\/wp-json\/wp\/v2\/product"}],"about":[{"href":"https:\/\/chemgramx.com\/it\/wp-json\/wp\/v2\/types\/product"}],"replies":[{"embeddable":true,"href":"https:\/\/chemgramx.com\/it\/wp-json\/wp\/v2\/comments?post=7334"}],"wp:featuredmedia":[{"embeddable":true,"href":"https:\/\/chemgramx.com\/it\/wp-json\/wp\/v2\/media\/7359"}],"wp:attachment":[{"href":"https:\/\/chemgramx.com\/it\/wp-json\/wp\/v2\/media?parent=7334"}],"wp:term":[{"taxonomy":"product_brand","embeddable":true,"href":"https:\/\/chemgramx.com\/it\/wp-json\/wp\/v2\/product_brand?post=7334"},{"taxonomy":"product_cat","embeddable":true,"href":"https:\/\/chemgramx.com\/it\/wp-json\/wp\/v2\/product_cat?post=7334"},{"taxonomy":"product_tag","embeddable":true,"href":"https:\/\/chemgramx.com\/it\/wp-json\/wp\/v2\/product_tag?post=7334"}],"curies":[{"name":"wp","href":"https:\/\/api.w.org\/{rel}","templated":true}]}}